{"id":108182,"date":"2026-03-02T18:49:39","date_gmt":"2026-03-02T18:49:39","guid":{"rendered":"https:\/\/aaknives.eu\/?post_type=product&#038;p=108182"},"modified":"2026-03-02T18:53:52","modified_gmt":"2026-03-02T18:53:52","slug":"pieni-ulkokirves-teras-9hs-taontajaljilla","status":"publish","type":"product","link":"https:\/\/aaknives.eu\/fi\/product\/pieni-ulkokirves-teras-9hs-taontajaljilla\/","title":{"rendered":"Pieni ulkokirves &#8211; ter\u00e4s 9HS taontaj\u00e4ljill\u00e4"},"content":{"rendered":"<p>Kirveen tekniset tiedot: Pieni ulkokirves<br \/>\nTer\u00e4s: 9HS (9XC)<br \/>\nKovuus: 59-60 HRC<br \/>\nTer\u00e4n pituus (mm): 120 \/ 4,72 tuumaa<br \/>\nTer\u00e4n paksuus (mm): 10 &#8211; 3 \/ 0,39 &#8211; 0,09 tuumaa<br \/>\nTer\u00e4n leveys (mm): 90 \/ 3,54 tuumaa<br \/>\nKahva: Saarnipuu<br \/>\nKokonaispituus (mm): 230 \/ 9,05 tuumaa<br \/>\nVeitsen tyyppi: mets\u00e4stys, ulkoilu<br \/>\nPakkaus: kirves, nahkatuppi<\/p>\n","protected":false},"excerpt":{"rendered":"<p>Kirveen tekniset tiedot: Pieni ulkokirves Ter\u00e4s: 9HS (9XC) Kovuus: 59-60 HRC Ter\u00e4n pituus (mm): 120 \/ 4,72 tuumaa Ter\u00e4n paksuus (mm): 10 &#8211; 3 \/ 0,39 &#8211; 0,09 tuumaa Ter\u00e4n leveys (mm): 90 \/ 3,54 tuumaa Kahva: Saarnipuu Kokonaispituus (mm): 230 \/ 9,05 tuumaa Veitsen tyyppi: mets\u00e4stys, ulkoilu Pakkaus: kirves, nahkatuppi<\/p>\n","protected":false},"featured_media":108185,"template":"","meta":{"_themeisle_gutenberg_block_has_review":false},"product_brand":[],"product_cat":[454],"product_tag":[],"class_list":{"0":"post-108182","1":"product","2":"type-product","3":"status-publish","4":"has-post-thumbnail","6":"product_cat-akselit","8":"first","9":"instock","10":"shipping-taxable","11":"purchasable","12":"product-type-simple"},"yoast_head":"<!-- This site is optimized with the Yoast SEO plugin v27.3 - https:\/\/yoast.com\/product\/yoast-seo-wordpress\/ -->\n<title>Pieni ulkokirves - ter\u00e4s 9HS taontaj\u00e4ljill\u00e4 - AAKnives<\/title>\n<meta name=\"description\" content=\"AXE - ter\u00e4s 9HS, jossa on taontaj\u00e4lki\u00e4\" \/>\n<meta name=\"robots\" content=\"index, follow, max-snippet:-1, max-image-preview:large, max-video-preview:-1\" \/>\n<link rel=\"canonical\" href=\"https:\/\/aaknives.eu\/fi\/product\/pieni-ulkokirves-teras-9hs-taontajaljilla\/\" \/>\n<meta property=\"og:locale\" content=\"fi_FI\" \/>\n<meta property=\"og:type\" content=\"article\" \/>\n<meta property=\"og:title\" content=\"Pieni ulkokirves - ter\u00e4s 9HS taontaj\u00e4ljill\u00e4 - AAKnives\" \/>\n<meta property=\"og:description\" content=\"AXE - ter\u00e4s 9HS, jossa on taontaj\u00e4lki\u00e4\" \/>\n<meta property=\"og:url\" content=\"https:\/\/aaknives.eu\/fi\/product\/pieni-ulkokirves-teras-9hs-taontajaljilla\/\" \/>\n<meta property=\"og:site_name\" content=\"AAKnives\" \/>\n<meta property=\"article:publisher\" content=\"https:\/\/www.facebook.com\/aaknives.eu\/\" \/>\n<meta property=\"article:modified_time\" content=\"2026-03-02T18:53:52+00:00\" \/>\n<meta property=\"og:image\" content=\"https:\/\/aaknives.eu\/wp-content\/uploads\/2026\/03\/aaknives-hand-forged-damascus-steel-blade-knife-handmade-custom-made-knife-handcrafted-knives-autinetools-northmen-6-1.jpg\" \/>\n\t<meta property=\"og:image:width\" content=\"1020\" \/>\n\t<meta property=\"og:image:height\" content=\"880\" \/>\n\t<meta property=\"og:image:type\" content=\"image\/jpeg\" \/>\n<meta name=\"twitter:card\" content=\"summary_large_image\" \/>\n<script type=\"application\/ld+json\" class=\"yoast-schema-graph\">{\"@context\":\"https:\\\/\\\/schema.org\",\"@graph\":[{\"@type\":\"WebPage\",\"@id\":\"https:\\\/\\\/aaknives.eu\\\/fi\\\/product\\\/pieni-ulkokirves-teras-9hs-taontajaljilla\\\/\",\"url\":\"https:\\\/\\\/aaknives.eu\\\/fi\\\/product\\\/pieni-ulkokirves-teras-9hs-taontajaljilla\\\/\",\"name\":\"Pieni ulkokirves - ter\u00e4s 9HS taontaj\u00e4ljill\u00e4 - AAKnives\",\"isPartOf\":{\"@id\":\"https:\\\/\\\/aaknives.eu\\\/fi\\\/#website\"},\"primaryImageOfPage\":{\"@id\":\"https:\\\/\\\/aaknives.eu\\\/fi\\\/product\\\/pieni-ulkokirves-teras-9hs-taontajaljilla\\\/#primaryimage\"},\"image\":{\"@id\":\"https:\\\/\\\/aaknives.eu\\\/fi\\\/product\\\/pieni-ulkokirves-teras-9hs-taontajaljilla\\\/#primaryimage\"},\"thumbnailUrl\":\"https:\\\/\\\/aaknives.eu\\\/wp-content\\\/uploads\\\/2026\\\/03\\\/aaknives-hand-forged-damascus-steel-blade-knife-handmade-custom-made-knife-handcrafted-knives-autinetools-northmen-6-1.jpg\",\"datePublished\":\"2026-03-02T18:49:39+00:00\",\"dateModified\":\"2026-03-02T18:53:52+00:00\",\"description\":\"AXE - ter\u00e4s 9HS, jossa on taontaj\u00e4lki\u00e4\",\"breadcrumb\":{\"@id\":\"https:\\\/\\\/aaknives.eu\\\/fi\\\/product\\\/pieni-ulkokirves-teras-9hs-taontajaljilla\\\/#breadcrumb\"},\"inLanguage\":\"fi\",\"potentialAction\":[{\"@type\":\"ReadAction\",\"target\":[\"https:\\\/\\\/aaknives.eu\\\/fi\\\/product\\\/pieni-ulkokirves-teras-9hs-taontajaljilla\\\/\"]}]},{\"@type\":\"ImageObject\",\"inLanguage\":\"fi\",\"@id\":\"https:\\\/\\\/aaknives.eu\\\/fi\\\/product\\\/pieni-ulkokirves-teras-9hs-taontajaljilla\\\/#primaryimage\",\"url\":\"https:\\\/\\\/aaknives.eu\\\/wp-content\\\/uploads\\\/2026\\\/03\\\/aaknives-hand-forged-damascus-steel-blade-knife-handmade-custom-made-knife-handcrafted-knives-autinetools-northmen-6-1.jpg\",\"contentUrl\":\"https:\\\/\\\/aaknives.eu\\\/wp-content\\\/uploads\\\/2026\\\/03\\\/aaknives-hand-forged-damascus-steel-blade-knife-handmade-custom-made-knife-handcrafted-knives-autinetools-northmen-6-1.jpg\",\"width\":1020,\"height\":880},{\"@type\":\"BreadcrumbList\",\"@id\":\"https:\\\/\\\/aaknives.eu\\\/fi\\\/product\\\/pieni-ulkokirves-teras-9hs-taontajaljilla\\\/#breadcrumb\",\"itemListElement\":[{\"@type\":\"ListItem\",\"position\":1,\"name\":\"Home\",\"item\":\"https:\\\/\\\/aaknives.eu\\\/fi\\\/\"},{\"@type\":\"ListItem\",\"position\":2,\"name\":\"Kauppa\",\"item\":\"https:\\\/\\\/aaknives.eu\\\/kauppa\\\/\"},{\"@type\":\"ListItem\",\"position\":3,\"name\":\"Pieni ulkokirves &#8211; ter\u00e4s 9HS taontaj\u00e4ljill\u00e4\"}]},{\"@type\":\"WebSite\",\"@id\":\"https:\\\/\\\/aaknives.eu\\\/fi\\\/#website\",\"url\":\"https:\\\/\\\/aaknives.eu\\\/fi\\\/\",\"name\":\"AAKnives\",\"description\":\"Handmade knives\",\"publisher\":{\"@id\":\"https:\\\/\\\/aaknives.eu\\\/fi\\\/#organization\"},\"potentialAction\":[{\"@type\":\"SearchAction\",\"target\":{\"@type\":\"EntryPoint\",\"urlTemplate\":\"https:\\\/\\\/aaknives.eu\\\/fi\\\/?s={search_term_string}\"},\"query-input\":{\"@type\":\"PropertyValueSpecification\",\"valueRequired\":true,\"valueName\":\"search_term_string\"}}],\"inLanguage\":\"fi\"},{\"@type\":\"Organization\",\"@id\":\"https:\\\/\\\/aaknives.eu\\\/fi\\\/#organization\",\"name\":\"AAKnives\",\"url\":\"https:\\\/\\\/aaknives.eu\\\/fi\\\/\",\"logo\":{\"@type\":\"ImageObject\",\"inLanguage\":\"fi\",\"@id\":\"https:\\\/\\\/aaknives.eu\\\/fi\\\/#\\\/schema\\\/logo\\\/image\\\/\",\"url\":\"https:\\\/\\\/aaknives.eu\\\/wp-content\\\/uploads\\\/2021\\\/10\\\/AAknives_Logo_Green.png\",\"contentUrl\":\"https:\\\/\\\/aaknives.eu\\\/wp-content\\\/uploads\\\/2021\\\/10\\\/AAknives_Logo_Green.png\",\"width\":1768,\"height\":1768,\"caption\":\"AAKnives\"},\"image\":{\"@id\":\"https:\\\/\\\/aaknives.eu\\\/fi\\\/#\\\/schema\\\/logo\\\/image\\\/\"},\"sameAs\":[\"https:\\\/\\\/www.facebook.com\\\/aaknives.eu\\\/\",\"https:\\\/\\\/www.instagram.com\\\/aaknives\\\/\",\"https:\\\/\\\/www.pinterest.com\\\/aa_knives\\\/\",\"https:\\\/\\\/www.youtube.com\\\/channel\\\/UCHOQFjrOkgT6s4FIw9LDKyw\\\/featured\"]}]}<\/script>\n<!-- \/ Yoast SEO plugin. -->","yoast_head_json":{"title":"Pieni ulkokirves - ter\u00e4s 9HS taontaj\u00e4ljill\u00e4 - AAKnives","description":"AXE - ter\u00e4s 9HS, jossa on taontaj\u00e4lki\u00e4","robots":{"index":"index","follow":"follow","max-snippet":"max-snippet:-1","max-image-preview":"max-image-preview:large","max-video-preview":"max-video-preview:-1"},"canonical":"https:\/\/aaknives.eu\/fi\/product\/pieni-ulkokirves-teras-9hs-taontajaljilla\/","og_locale":"fi_FI","og_type":"article","og_title":"Pieni ulkokirves - ter\u00e4s 9HS taontaj\u00e4ljill\u00e4 - AAKnives","og_description":"AXE - ter\u00e4s 9HS, jossa on taontaj\u00e4lki\u00e4","og_url":"https:\/\/aaknives.eu\/fi\/product\/pieni-ulkokirves-teras-9hs-taontajaljilla\/","og_site_name":"AAKnives","article_publisher":"https:\/\/www.facebook.com\/aaknives.eu\/","article_modified_time":"2026-03-02T18:53:52+00:00","og_image":[{"width":1020,"height":880,"url":"https:\/\/aaknives.eu\/wp-content\/uploads\/2026\/03\/aaknives-hand-forged-damascus-steel-blade-knife-handmade-custom-made-knife-handcrafted-knives-autinetools-northmen-6-1.jpg","type":"image\/jpeg"}],"twitter_card":"summary_large_image","schema":{"@context":"https:\/\/schema.org","@graph":[{"@type":"WebPage","@id":"https:\/\/aaknives.eu\/fi\/product\/pieni-ulkokirves-teras-9hs-taontajaljilla\/","url":"https:\/\/aaknives.eu\/fi\/product\/pieni-ulkokirves-teras-9hs-taontajaljilla\/","name":"Pieni ulkokirves - ter\u00e4s 9HS taontaj\u00e4ljill\u00e4 - AAKnives","isPartOf":{"@id":"https:\/\/aaknives.eu\/fi\/#website"},"primaryImageOfPage":{"@id":"https:\/\/aaknives.eu\/fi\/product\/pieni-ulkokirves-teras-9hs-taontajaljilla\/#primaryimage"},"image":{"@id":"https:\/\/aaknives.eu\/fi\/product\/pieni-ulkokirves-teras-9hs-taontajaljilla\/#primaryimage"},"thumbnailUrl":"https:\/\/aaknives.eu\/wp-content\/uploads\/2026\/03\/aaknives-hand-forged-damascus-steel-blade-knife-handmade-custom-made-knife-handcrafted-knives-autinetools-northmen-6-1.jpg","datePublished":"2026-03-02T18:49:39+00:00","dateModified":"2026-03-02T18:53:52+00:00","description":"AXE - ter\u00e4s 9HS, jossa on taontaj\u00e4lki\u00e4","breadcrumb":{"@id":"https:\/\/aaknives.eu\/fi\/product\/pieni-ulkokirves-teras-9hs-taontajaljilla\/#breadcrumb"},"inLanguage":"fi","potentialAction":[{"@type":"ReadAction","target":["https:\/\/aaknives.eu\/fi\/product\/pieni-ulkokirves-teras-9hs-taontajaljilla\/"]}]},{"@type":"ImageObject","inLanguage":"fi","@id":"https:\/\/aaknives.eu\/fi\/product\/pieni-ulkokirves-teras-9hs-taontajaljilla\/#primaryimage","url":"https:\/\/aaknives.eu\/wp-content\/uploads\/2026\/03\/aaknives-hand-forged-damascus-steel-blade-knife-handmade-custom-made-knife-handcrafted-knives-autinetools-northmen-6-1.jpg","contentUrl":"https:\/\/aaknives.eu\/wp-content\/uploads\/2026\/03\/aaknives-hand-forged-damascus-steel-blade-knife-handmade-custom-made-knife-handcrafted-knives-autinetools-northmen-6-1.jpg","width":1020,"height":880},{"@type":"BreadcrumbList","@id":"https:\/\/aaknives.eu\/fi\/product\/pieni-ulkokirves-teras-9hs-taontajaljilla\/#breadcrumb","itemListElement":[{"@type":"ListItem","position":1,"name":"Home","item":"https:\/\/aaknives.eu\/fi\/"},{"@type":"ListItem","position":2,"name":"Kauppa","item":"https:\/\/aaknives.eu\/kauppa\/"},{"@type":"ListItem","position":3,"name":"Pieni ulkokirves &#8211; ter\u00e4s 9HS taontaj\u00e4ljill\u00e4"}]},{"@type":"WebSite","@id":"https:\/\/aaknives.eu\/fi\/#website","url":"https:\/\/aaknives.eu\/fi\/","name":"AAKnives","description":"Handmade knives","publisher":{"@id":"https:\/\/aaknives.eu\/fi\/#organization"},"potentialAction":[{"@type":"SearchAction","target":{"@type":"EntryPoint","urlTemplate":"https:\/\/aaknives.eu\/fi\/?s={search_term_string}"},"query-input":{"@type":"PropertyValueSpecification","valueRequired":true,"valueName":"search_term_string"}}],"inLanguage":"fi"},{"@type":"Organization","@id":"https:\/\/aaknives.eu\/fi\/#organization","name":"AAKnives","url":"https:\/\/aaknives.eu\/fi\/","logo":{"@type":"ImageObject","inLanguage":"fi","@id":"https:\/\/aaknives.eu\/fi\/#\/schema\/logo\/image\/","url":"https:\/\/aaknives.eu\/wp-content\/uploads\/2021\/10\/AAknives_Logo_Green.png","contentUrl":"https:\/\/aaknives.eu\/wp-content\/uploads\/2021\/10\/AAknives_Logo_Green.png","width":1768,"height":1768,"caption":"AAKnives"},"image":{"@id":"https:\/\/aaknives.eu\/fi\/#\/schema\/logo\/image\/"},"sameAs":["https:\/\/www.facebook.com\/aaknives.eu\/","https:\/\/www.instagram.com\/aaknives\/","https:\/\/www.pinterest.com\/aa_knives\/","https:\/\/www.youtube.com\/channel\/UCHOQFjrOkgT6s4FIw9LDKyw\/featured"]}]}},"_links":{"self":[{"href":"https:\/\/aaknives.eu\/fi\/wp-json\/wp\/v2\/product\/108182","targetHints":{"allow":["GET"]}}],"collection":[{"href":"https:\/\/aaknives.eu\/fi\/wp-json\/wp\/v2\/product"}],"about":[{"href":"https:\/\/aaknives.eu\/fi\/wp-json\/wp\/v2\/types\/product"}],"wp:featuredmedia":[{"embeddable":true,"href":"https:\/\/aaknives.eu\/fi\/wp-json\/wp\/v2\/media\/108185"}],"wp:attachment":[{"href":"https:\/\/aaknives.eu\/fi\/wp-json\/wp\/v2\/media?parent=108182"}],"wp:term":[{"taxonomy":"product_brand","embeddable":true,"href":"https:\/\/aaknives.eu\/fi\/wp-json\/wp\/v2\/product_brand?post=108182"},{"taxonomy":"product_cat","embeddable":true,"href":"https:\/\/aaknives.eu\/fi\/wp-json\/wp\/v2\/product_cat?post=108182"},{"taxonomy":"product_tag","embeddable":true,"href":"https:\/\/aaknives.eu\/fi\/wp-json\/wp\/v2\/product_tag?post=108182"}],"curies":[{"name":"wp","href":"https:\/\/api.w.org\/{rel}","templated":true}]}}