{"id":58067,"date":"2024-04-16T17:28:50","date_gmt":"2024-04-16T17:28:50","guid":{"rendered":"https:\/\/aaknives.eu\/product\/sharpeasy-veitsen-teroitin\/"},"modified":"2025-12-15T19:16:38","modified_gmt":"2025-12-15T19:16:38","slug":"sharpeasy-veitsen-teroitin","status":"publish","type":"product","link":"https:\/\/aaknives.eu\/fi\/product\/sharpeasy-veitsen-teroitin\/","title":{"rendered":"SHARP&#8217;EASY veitsen teroitin"},"content":{"rendered":"<p>Helpoin tapa teroittaa veitset nopeasti.<br \/>\nSit\u00e4 k\u00e4ytet\u00e4\u00e4n t\u00e4sm\u00e4lleen samalla tavalla kuin perinteist\u00e4 ter\u00e4st\u00e4, ilman tarvittavaa koulutusta.<br \/>\nSe mahdollistaa veitsen leikkuureunan suoristamisen ja hiomisen yhdess\u00e4 vaiheessa.<br \/>\nHUOM: Veitsen leikkuureuna on hauras ja muovautuva. K\u00e4yt\u00f6n aikana se kuluu tai jopa vaurioituu.<br \/>\nkosketuksen vuoksi luuhun, ketjuk\u00e4sineisiin, liukuhihnaan, lohkoon&#8230;<br \/>\nHionta on toiminto, jolla varmistetaan, ett\u00e4 ter\u00e4n reuna s\u00e4ilyy elinkelpoisena mahdollisimman pitk\u00e4\u00e4n, ja se tehd\u00e4\u00e4n itse asiassa seuraavien vaiheiden aikana<br \/>\nty\u00f6p\u00e4iv\u00e4n aikana.<br \/>\nSHARP&#8217;EASY toimitetaan ruostumattomasta ter\u00e4ksest\u00e4 valmistetun kiinnikkeen (tuen) ja k\u00e4ytt\u00f6ohjeen kanssa.<br \/>\nSHARP&#8217;EASY k\u00e4ytt\u00f6:<br \/>\n1\u00b0) Leikkuureunan p\u00e4ivitt\u00e4inen kunnossapito ja purseiden poisto:<br \/>\nTy\u00f6nn\u00e4 ter\u00e4 ohjaimeen kahvaan asti. Kun ter\u00e4t tulevat kosketuksiin esij\u00e4nnitettyjen ohjaustankojen kanssa, liu&#8217;uta<br \/>\nveitsi kahvasta aina k\u00e4rkeen asti varovasti ja tasaisesti vet\u00e4en, menem\u00e4ll\u00e4 alas ohjaimen sis\u00e4puolelle ulottumatta V:n kohdalle<br \/>\npohjassa sijaitsevat muodokkaat kielet.<br \/>\nT\u00e4m\u00e4 liike on toistettava useita kertoja per\u00e4kk\u00e4in.<br \/>\n2\u00b0) Kuluneen tai vaurioituneen leikkuureunan oikaiseminen:<br \/>\nTy\u00f6nn\u00e4 veitsen ter\u00e4 aivan ohjaimen pohjaan, alasp\u00e4in kahvaan asti ja liu&#8217;uta sitten veitsi taaksep\u00e4in yl\u00f6s asti.<br \/>\nveitsen k\u00e4rki tasaisella liikkeell\u00e4 ja kevyell\u00e4 painalluksella, jolloin V-kirjaimen muotoiset kielekkeet suoristavat leikkuureunan.<br \/>\nT\u00e4m\u00e4 voidaan toistaa useita kertoja.<\/p>\n","protected":false},"excerpt":{"rendered":"<p>Bobet &#8211; SHARP&#8217;EASY veitsen teroitin<\/p>\n","protected":false},"featured_media":58068,"template":"","meta":{"_themeisle_gutenberg_block_has_review":false},"product_brand":[],"product_cat":[467],"product_tag":[],"class_list":{"0":"post-58067","1":"product","2":"type-product","3":"status-publish","4":"has-post-thumbnail","6":"product_cat-veitsen-teroitus-veitsen-teroittimet","8":"first","9":"instock","10":"shipping-taxable","11":"purchasable","12":"product-type-simple"},"yoast_head":"<!-- This site is optimized with the Yoast SEO plugin v27.5 - https:\/\/yoast.com\/product\/yoast-seo-wordpress\/ -->\n<title>SHARP&#039;EASY veitsen teroitin - AAKnives<\/title>\n<meta name=\"description\" content=\"SHARP&#039;EASY veitsen teroitin\" \/>\n<meta name=\"robots\" content=\"index, follow, max-snippet:-1, max-image-preview:large, max-video-preview:-1\" \/>\n<link rel=\"canonical\" href=\"https:\/\/aaknives.eu\/fi\/product\/sharpeasy-veitsen-teroitin\/\" \/>\n<meta property=\"og:locale\" content=\"fi_FI\" \/>\n<meta property=\"og:type\" content=\"article\" \/>\n<meta property=\"og:title\" content=\"SHARP&#039;EASY veitsen teroitin - AAKnives\" \/>\n<meta property=\"og:description\" content=\"SHARP&#039;EASY veitsen teroitin\" \/>\n<meta property=\"og:url\" content=\"https:\/\/aaknives.eu\/fi\/product\/sharpeasy-veitsen-teroitin\/\" \/>\n<meta property=\"og:site_name\" content=\"AAKnives\" \/>\n<meta property=\"article:publisher\" content=\"https:\/\/www.facebook.com\/aaknives.eu\/\" \/>\n<meta property=\"article:modified_time\" content=\"2025-12-15T19:16:38+00:00\" \/>\n<meta property=\"og:image\" content=\"https:\/\/aaknives.eu\/wp-content\/uploads\/2024\/04\/aaknives-hand-forged-dabascus-steel-blade-knife-handmade-custom-made-knife-handcrafted-knives-autinetools-northmen-4.2-scaled.jpg\" \/>\n\t<meta property=\"og:image:width\" content=\"2560\" \/>\n\t<meta property=\"og:image:height\" content=\"2560\" \/>\n\t<meta property=\"og:image:type\" content=\"image\/jpeg\" \/>\n<meta name=\"twitter:card\" content=\"summary_large_image\" \/>\n<meta name=\"twitter:label1\" content=\"Arvioitu lukuaika\" \/>\n\t<meta name=\"twitter:data1\" content=\"1 minuutti\" \/>\n<script type=\"application\/ld+json\" class=\"yoast-schema-graph\">{\"@context\":\"https:\\\/\\\/schema.org\",\"@graph\":[{\"@type\":\"WebPage\",\"@id\":\"https:\\\/\\\/aaknives.eu\\\/fi\\\/product\\\/sharpeasy-veitsen-teroitin\\\/\",\"url\":\"https:\\\/\\\/aaknives.eu\\\/fi\\\/product\\\/sharpeasy-veitsen-teroitin\\\/\",\"name\":\"SHARP'EASY veitsen teroitin - AAKnives\",\"isPartOf\":{\"@id\":\"https:\\\/\\\/aaknives.eu\\\/fi\\\/#website\"},\"primaryImageOfPage\":{\"@id\":\"https:\\\/\\\/aaknives.eu\\\/fi\\\/product\\\/sharpeasy-veitsen-teroitin\\\/#primaryimage\"},\"image\":{\"@id\":\"https:\\\/\\\/aaknives.eu\\\/fi\\\/product\\\/sharpeasy-veitsen-teroitin\\\/#primaryimage\"},\"thumbnailUrl\":\"https:\\\/\\\/aaknives.eu\\\/wp-content\\\/uploads\\\/2024\\\/04\\\/aaknives-hand-forged-dabascus-steel-blade-knife-handmade-custom-made-knife-handcrafted-knives-autinetools-northmen-4.2-scaled.jpg\",\"datePublished\":\"2024-04-16T17:28:50+00:00\",\"dateModified\":\"2025-12-15T19:16:38+00:00\",\"description\":\"SHARP'EASY veitsen teroitin\",\"breadcrumb\":{\"@id\":\"https:\\\/\\\/aaknives.eu\\\/fi\\\/product\\\/sharpeasy-veitsen-teroitin\\\/#breadcrumb\"},\"inLanguage\":\"fi\",\"potentialAction\":[{\"@type\":\"ReadAction\",\"target\":[\"https:\\\/\\\/aaknives.eu\\\/fi\\\/product\\\/sharpeasy-veitsen-teroitin\\\/\"]}]},{\"@type\":\"ImageObject\",\"inLanguage\":\"fi\",\"@id\":\"https:\\\/\\\/aaknives.eu\\\/fi\\\/product\\\/sharpeasy-veitsen-teroitin\\\/#primaryimage\",\"url\":\"https:\\\/\\\/aaknives.eu\\\/wp-content\\\/uploads\\\/2024\\\/04\\\/aaknives-hand-forged-dabascus-steel-blade-knife-handmade-custom-made-knife-handcrafted-knives-autinetools-northmen-4.2-scaled.jpg\",\"contentUrl\":\"https:\\\/\\\/aaknives.eu\\\/wp-content\\\/uploads\\\/2024\\\/04\\\/aaknives-hand-forged-dabascus-steel-blade-knife-handmade-custom-made-knife-handcrafted-knives-autinetools-northmen-4.2-scaled.jpg\",\"width\":2560,\"height\":2560},{\"@type\":\"BreadcrumbList\",\"@id\":\"https:\\\/\\\/aaknives.eu\\\/fi\\\/product\\\/sharpeasy-veitsen-teroitin\\\/#breadcrumb\",\"itemListElement\":[{\"@type\":\"ListItem\",\"position\":1,\"name\":\"Home\",\"item\":\"https:\\\/\\\/aaknives.eu\\\/fi\\\/\"},{\"@type\":\"ListItem\",\"position\":2,\"name\":\"Kauppa\",\"item\":\"https:\\\/\\\/aaknives.eu\\\/kauppa\\\/\"},{\"@type\":\"ListItem\",\"position\":3,\"name\":\"SHARP&#8217;EASY veitsen teroitin\"}]},{\"@type\":\"WebSite\",\"@id\":\"https:\\\/\\\/aaknives.eu\\\/fi\\\/#website\",\"url\":\"https:\\\/\\\/aaknives.eu\\\/fi\\\/\",\"name\":\"AAKnives\",\"description\":\"Handmade knives\",\"publisher\":{\"@id\":\"https:\\\/\\\/aaknives.eu\\\/fi\\\/#organization\"},\"potentialAction\":[{\"@type\":\"SearchAction\",\"target\":{\"@type\":\"EntryPoint\",\"urlTemplate\":\"https:\\\/\\\/aaknives.eu\\\/fi\\\/?s={search_term_string}\"},\"query-input\":{\"@type\":\"PropertyValueSpecification\",\"valueRequired\":true,\"valueName\":\"search_term_string\"}}],\"inLanguage\":\"fi\"},{\"@type\":\"Organization\",\"@id\":\"https:\\\/\\\/aaknives.eu\\\/fi\\\/#organization\",\"name\":\"AAKnives\",\"url\":\"https:\\\/\\\/aaknives.eu\\\/fi\\\/\",\"logo\":{\"@type\":\"ImageObject\",\"inLanguage\":\"fi\",\"@id\":\"https:\\\/\\\/aaknives.eu\\\/fi\\\/#\\\/schema\\\/logo\\\/image\\\/\",\"url\":\"https:\\\/\\\/aaknives.eu\\\/wp-content\\\/uploads\\\/2021\\\/10\\\/AAknives_Logo_Green.png\",\"contentUrl\":\"https:\\\/\\\/aaknives.eu\\\/wp-content\\\/uploads\\\/2021\\\/10\\\/AAknives_Logo_Green.png\",\"width\":1768,\"height\":1768,\"caption\":\"AAKnives\"},\"image\":{\"@id\":\"https:\\\/\\\/aaknives.eu\\\/fi\\\/#\\\/schema\\\/logo\\\/image\\\/\"},\"sameAs\":[\"https:\\\/\\\/www.facebook.com\\\/aaknives.eu\\\/\",\"https:\\\/\\\/www.instagram.com\\\/aaknives\\\/\",\"https:\\\/\\\/www.pinterest.com\\\/aa_knives\\\/\",\"https:\\\/\\\/www.youtube.com\\\/channel\\\/UCHOQFjrOkgT6s4FIw9LDKyw\\\/featured\"]}]}<\/script>\n<!-- \/ Yoast SEO plugin. -->","yoast_head_json":{"title":"SHARP'EASY veitsen teroitin - AAKnives","description":"SHARP'EASY veitsen teroitin","robots":{"index":"index","follow":"follow","max-snippet":"max-snippet:-1","max-image-preview":"max-image-preview:large","max-video-preview":"max-video-preview:-1"},"canonical":"https:\/\/aaknives.eu\/fi\/product\/sharpeasy-veitsen-teroitin\/","og_locale":"fi_FI","og_type":"article","og_title":"SHARP'EASY veitsen teroitin - AAKnives","og_description":"SHARP'EASY veitsen teroitin","og_url":"https:\/\/aaknives.eu\/fi\/product\/sharpeasy-veitsen-teroitin\/","og_site_name":"AAKnives","article_publisher":"https:\/\/www.facebook.com\/aaknives.eu\/","article_modified_time":"2025-12-15T19:16:38+00:00","og_image":[{"width":2560,"height":2560,"url":"https:\/\/aaknives.eu\/wp-content\/uploads\/2024\/04\/aaknives-hand-forged-dabascus-steel-blade-knife-handmade-custom-made-knife-handcrafted-knives-autinetools-northmen-4.2-scaled.jpg","type":"image\/jpeg"}],"twitter_card":"summary_large_image","twitter_misc":{"Arvioitu lukuaika":"1 minuutti"},"schema":{"@context":"https:\/\/schema.org","@graph":[{"@type":"WebPage","@id":"https:\/\/aaknives.eu\/fi\/product\/sharpeasy-veitsen-teroitin\/","url":"https:\/\/aaknives.eu\/fi\/product\/sharpeasy-veitsen-teroitin\/","name":"SHARP'EASY veitsen teroitin - AAKnives","isPartOf":{"@id":"https:\/\/aaknives.eu\/fi\/#website"},"primaryImageOfPage":{"@id":"https:\/\/aaknives.eu\/fi\/product\/sharpeasy-veitsen-teroitin\/#primaryimage"},"image":{"@id":"https:\/\/aaknives.eu\/fi\/product\/sharpeasy-veitsen-teroitin\/#primaryimage"},"thumbnailUrl":"https:\/\/aaknives.eu\/wp-content\/uploads\/2024\/04\/aaknives-hand-forged-dabascus-steel-blade-knife-handmade-custom-made-knife-handcrafted-knives-autinetools-northmen-4.2-scaled.jpg","datePublished":"2024-04-16T17:28:50+00:00","dateModified":"2025-12-15T19:16:38+00:00","description":"SHARP'EASY veitsen teroitin","breadcrumb":{"@id":"https:\/\/aaknives.eu\/fi\/product\/sharpeasy-veitsen-teroitin\/#breadcrumb"},"inLanguage":"fi","potentialAction":[{"@type":"ReadAction","target":["https:\/\/aaknives.eu\/fi\/product\/sharpeasy-veitsen-teroitin\/"]}]},{"@type":"ImageObject","inLanguage":"fi","@id":"https:\/\/aaknives.eu\/fi\/product\/sharpeasy-veitsen-teroitin\/#primaryimage","url":"https:\/\/aaknives.eu\/wp-content\/uploads\/2024\/04\/aaknives-hand-forged-dabascus-steel-blade-knife-handmade-custom-made-knife-handcrafted-knives-autinetools-northmen-4.2-scaled.jpg","contentUrl":"https:\/\/aaknives.eu\/wp-content\/uploads\/2024\/04\/aaknives-hand-forged-dabascus-steel-blade-knife-handmade-custom-made-knife-handcrafted-knives-autinetools-northmen-4.2-scaled.jpg","width":2560,"height":2560},{"@type":"BreadcrumbList","@id":"https:\/\/aaknives.eu\/fi\/product\/sharpeasy-veitsen-teroitin\/#breadcrumb","itemListElement":[{"@type":"ListItem","position":1,"name":"Home","item":"https:\/\/aaknives.eu\/fi\/"},{"@type":"ListItem","position":2,"name":"Kauppa","item":"https:\/\/aaknives.eu\/kauppa\/"},{"@type":"ListItem","position":3,"name":"SHARP&#8217;EASY veitsen teroitin"}]},{"@type":"WebSite","@id":"https:\/\/aaknives.eu\/fi\/#website","url":"https:\/\/aaknives.eu\/fi\/","name":"AAKnives","description":"Handmade knives","publisher":{"@id":"https:\/\/aaknives.eu\/fi\/#organization"},"potentialAction":[{"@type":"SearchAction","target":{"@type":"EntryPoint","urlTemplate":"https:\/\/aaknives.eu\/fi\/?s={search_term_string}"},"query-input":{"@type":"PropertyValueSpecification","valueRequired":true,"valueName":"search_term_string"}}],"inLanguage":"fi"},{"@type":"Organization","@id":"https:\/\/aaknives.eu\/fi\/#organization","name":"AAKnives","url":"https:\/\/aaknives.eu\/fi\/","logo":{"@type":"ImageObject","inLanguage":"fi","@id":"https:\/\/aaknives.eu\/fi\/#\/schema\/logo\/image\/","url":"https:\/\/aaknives.eu\/wp-content\/uploads\/2021\/10\/AAknives_Logo_Green.png","contentUrl":"https:\/\/aaknives.eu\/wp-content\/uploads\/2021\/10\/AAknives_Logo_Green.png","width":1768,"height":1768,"caption":"AAKnives"},"image":{"@id":"https:\/\/aaknives.eu\/fi\/#\/schema\/logo\/image\/"},"sameAs":["https:\/\/www.facebook.com\/aaknives.eu\/","https:\/\/www.instagram.com\/aaknives\/","https:\/\/www.pinterest.com\/aa_knives\/","https:\/\/www.youtube.com\/channel\/UCHOQFjrOkgT6s4FIw9LDKyw\/featured"]}]}},"_links":{"self":[{"href":"https:\/\/aaknives.eu\/fi\/wp-json\/wp\/v2\/product\/58067","targetHints":{"allow":["GET"]}}],"collection":[{"href":"https:\/\/aaknives.eu\/fi\/wp-json\/wp\/v2\/product"}],"about":[{"href":"https:\/\/aaknives.eu\/fi\/wp-json\/wp\/v2\/types\/product"}],"wp:featuredmedia":[{"embeddable":true,"href":"https:\/\/aaknives.eu\/fi\/wp-json\/wp\/v2\/media\/58068"}],"wp:attachment":[{"href":"https:\/\/aaknives.eu\/fi\/wp-json\/wp\/v2\/media?parent=58067"}],"wp:term":[{"taxonomy":"product_brand","embeddable":true,"href":"https:\/\/aaknives.eu\/fi\/wp-json\/wp\/v2\/product_brand?post=58067"},{"taxonomy":"product_cat","embeddable":true,"href":"https:\/\/aaknives.eu\/fi\/wp-json\/wp\/v2\/product_cat?post=58067"},{"taxonomy":"product_tag","embeddable":true,"href":"https:\/\/aaknives.eu\/fi\/wp-json\/wp\/v2\/product_tag?post=58067"}],"curies":[{"name":"wp","href":"https:\/\/api.w.org\/{rel}","templated":true}]}}