{"id":58133,"date":"2024-02-06T19:30:05","date_gmt":"2024-02-06T19:30:05","guid":{"rendered":"https:\/\/aaknives.eu\/product\/tanto-bamboo-bulat-teraksesta-valmistettu-tera\/"},"modified":"2024-02-06T19:30:05","modified_gmt":"2024-02-06T19:30:05","slug":"tanto-bamboo-bulat-teraksesta-valmistettu-tera","status":"publish","type":"product","link":"https:\/\/aaknives.eu\/fi\/product\/tanto-bamboo-bulat-teraksesta-valmistettu-tera\/","title":{"rendered":"&#8220;TANTO-BAMBOO&#8221;, Bulat-ter\u00e4ksest\u00e4 valmistettu ter\u00e4"},"content":{"rendered":"<p>Veitsen tekniset tiedot: \u201cTANTO-BAMBOO\u201d<br \/>\nTer\u00e4s: Ter\u00e4: Bulat-ter\u00e4s Ter\u00e4<br \/>\nKovuus: 62-63 HRC<br \/>\nTer\u00e4n pituus (mm): Ter\u00e4n pituus: 170 \/ 6,69 tuumaa<br \/>\nTer\u00e4n paksuus (mm): 3 \/ 0,11 tuumaa<br \/>\nTer\u00e4n leveys (mm): 27 \/ 1,06 tuumaa<br \/>\nKahva: Hornbeam<br \/>\nKokonaispituus (mm): 330 \/ 12,99 tuumaa<br \/>\nVeitsityyppi: mets\u00e4stys, ulkoilu<br \/>\nPakkaus: veitsi, puinen tuppi<\/p>\n<p>\u00a0<\/p>\n<p>Bulat \u2013 Wootz Steel<br \/>\nValettu hiiliter\u00e4ksest\u00e4 k\u00e4sin taottu ter\u00e4s<br \/>\nerityisell\u00e4 ter\u00e4rakenteella, suurella kovuudella, lis\u00e4\u00e4ntyneell\u00e4 kest\u00e4vyydell\u00e4 ja elastisuudella.<br \/>\nJokaisella Bulat-ter\u00e4ksest\u00e4 valmistetulla ter\u00e4ll\u00e4 on yksil\u00f6llinen kuvio.<br \/>\n\u201dAA knives\u201d valmistaa veitsi\u00e4, jotka on valmistettu seostetusta upokkaasta Bulat-ter\u00e4ksest\u00e4, joka perustuu metalleihin H12MF ja ShH15.<\/p>\n<p>Bulat-ter\u00e4sveitsien edut:<\/p>\n<p>Korkea kovuus<br \/>\nLis\u00e4\u00e4ntynyt kest\u00e4vyys<br \/>\nJousto<br \/>\nPitk\u00e4\u00e4n kest\u00e4v\u00e4 ter\u00e4vyys<br \/>\nTer\u00e4n kovuus 62-64 HRC.<br \/>\nK\u00e4sintehty<\/p>\n","protected":false},"excerpt":{"rendered":"<p>Veitsen tekniset tiedot: \u201cTANTO-BAMBOO\u201d Ter\u00e4s: Ter\u00e4: Bulat-ter\u00e4s Ter\u00e4 Kovuus: 62-63 HRC Ter\u00e4n pituus (mm): Ter\u00e4n pituus: 170 \/ 6,69 tuumaa Ter\u00e4n paksuus (mm): 3 \/ 0,11 tuumaa Ter\u00e4n leveys (mm): 27 \/ 1,06 tuumaa Kahva: Hornbeam Kokonaispituus (mm): 330 \/ 12,99 tuumaa Veitsityyppi: mets\u00e4stys, ulkoilu Pakkaus: veitsi, puinen tuppi \u00a0 Bulat \u2013 Wootz Steel Valettu hiiliter\u00e4ksest\u00e4 k\u00e4sin taottu ter\u00e4s erityisell\u00e4 ter\u00e4rakenteella, suurella kovuudella, lis\u00e4\u00e4ntyneell\u00e4 kest\u00e4vyydell\u00e4 ja elastisuudella. Jokaisella Bulat-ter\u00e4ksest\u00e4 valmistetulla ter\u00e4ll\u00e4 on yksil\u00f6llinen kuvio. \u201dAA knives\u201d valmistaa veitsi\u00e4, jotka on valmistettu seostetusta upokkaasta Bulat-ter\u00e4ksest\u00e4, joka perustuu metalleihin H12MF ja ShH15. Bulat-ter\u00e4sveitsien edut: Korkea kovuus Lis\u00e4\u00e4ntynyt kest\u00e4vyys Jousto Pitk\u00e4\u00e4n kest\u00e4v\u00e4 ter\u00e4vyys&hellip;<\/p>\n","protected":false},"featured_media":58134,"template":"","meta":{"_themeisle_gutenberg_block_has_review":false},"product_brand":[],"product_cat":[459,452],"product_tag":[],"class_list":{"0":"post-58133","1":"product","2":"type-product","3":"status-publish","4":"has-post-thumbnail","6":"product_cat-premium-ja-exclusive-veitset","7":"product_cat-ulkoveitset","9":"first","10":"instock","11":"featured","12":"shipping-taxable","13":"purchasable","14":"product-type-simple"},"yoast_head":"<!-- This site is optimized with the Yoast SEO plugin v27.5 - https:\/\/yoast.com\/product\/yoast-seo-wordpress\/ -->\n<title>&quot;TANTO-BAMBOO&quot;, Bulat-ter\u00e4ksest\u00e4 valmistettu ter\u00e4 - AAKnives<\/title>\n<meta name=\"description\" content=\"&quot;TANTO-BAMBOO&quot;, Bulat-ter\u00e4ksest\u00e4 valmistettu ter\u00e4\" \/>\n<meta name=\"robots\" content=\"index, follow, max-snippet:-1, max-image-preview:large, max-video-preview:-1\" \/>\n<link rel=\"canonical\" href=\"https:\/\/aaknives.eu\/fi\/product\/tanto-bamboo-bulat-teraksesta-valmistettu-tera\/\" \/>\n<meta property=\"og:locale\" content=\"fi_FI\" \/>\n<meta property=\"og:type\" content=\"article\" \/>\n<meta property=\"og:title\" content=\"&quot;TANTO-BAMBOO&quot;, Bulat-ter\u00e4ksest\u00e4 valmistettu ter\u00e4 - AAKnives\" \/>\n<meta property=\"og:description\" content=\"&quot;TANTO-BAMBOO&quot;, Bulat-ter\u00e4ksest\u00e4 valmistettu ter\u00e4\" \/>\n<meta property=\"og:url\" content=\"https:\/\/aaknives.eu\/fi\/product\/tanto-bamboo-bulat-teraksesta-valmistettu-tera\/\" \/>\n<meta property=\"og:site_name\" content=\"AAKnives\" \/>\n<meta property=\"article:publisher\" content=\"https:\/\/www.facebook.com\/aaknives.eu\/\" \/>\n<meta property=\"og:image\" content=\"https:\/\/aaknives.eu\/wp-content\/uploads\/2024\/02\/aaknives-hand-forged-dabascus-steel-blade-knife-handmade-custom-made-knife-handcrafted-knives-autinetools-northmen-26-2.jpg\" \/>\n\t<meta property=\"og:image:width\" content=\"1020\" \/>\n\t<meta property=\"og:image:height\" content=\"880\" \/>\n\t<meta property=\"og:image:type\" content=\"image\/jpeg\" \/>\n<meta name=\"twitter:card\" content=\"summary_large_image\" \/>\n<meta name=\"twitter:label1\" content=\"Arvioitu lukuaika\" \/>\n\t<meta name=\"twitter:data1\" content=\"1 minuutti\" \/>\n<script type=\"application\/ld+json\" class=\"yoast-schema-graph\">{\"@context\":\"https:\\\/\\\/schema.org\",\"@graph\":[{\"@type\":\"WebPage\",\"@id\":\"https:\\\/\\\/aaknives.eu\\\/fi\\\/product\\\/tanto-bamboo-bulat-teraksesta-valmistettu-tera\\\/\",\"url\":\"https:\\\/\\\/aaknives.eu\\\/fi\\\/product\\\/tanto-bamboo-bulat-teraksesta-valmistettu-tera\\\/\",\"name\":\"\\\"TANTO-BAMBOO\\\", Bulat-ter\u00e4ksest\u00e4 valmistettu ter\u00e4 - AAKnives\",\"isPartOf\":{\"@id\":\"https:\\\/\\\/aaknives.eu\\\/fi\\\/#website\"},\"primaryImageOfPage\":{\"@id\":\"https:\\\/\\\/aaknives.eu\\\/fi\\\/product\\\/tanto-bamboo-bulat-teraksesta-valmistettu-tera\\\/#primaryimage\"},\"image\":{\"@id\":\"https:\\\/\\\/aaknives.eu\\\/fi\\\/product\\\/tanto-bamboo-bulat-teraksesta-valmistettu-tera\\\/#primaryimage\"},\"thumbnailUrl\":\"https:\\\/\\\/aaknives.eu\\\/wp-content\\\/uploads\\\/2024\\\/02\\\/aaknives-hand-forged-dabascus-steel-blade-knife-handmade-custom-made-knife-handcrafted-knives-autinetools-northmen-26-2.jpg\",\"datePublished\":\"2024-02-06T19:30:05+00:00\",\"description\":\"\\\"TANTO-BAMBOO\\\", Bulat-ter\u00e4ksest\u00e4 valmistettu ter\u00e4\",\"breadcrumb\":{\"@id\":\"https:\\\/\\\/aaknives.eu\\\/fi\\\/product\\\/tanto-bamboo-bulat-teraksesta-valmistettu-tera\\\/#breadcrumb\"},\"inLanguage\":\"fi\",\"potentialAction\":[{\"@type\":\"ReadAction\",\"target\":[\"https:\\\/\\\/aaknives.eu\\\/fi\\\/product\\\/tanto-bamboo-bulat-teraksesta-valmistettu-tera\\\/\"]}]},{\"@type\":\"ImageObject\",\"inLanguage\":\"fi\",\"@id\":\"https:\\\/\\\/aaknives.eu\\\/fi\\\/product\\\/tanto-bamboo-bulat-teraksesta-valmistettu-tera\\\/#primaryimage\",\"url\":\"https:\\\/\\\/aaknives.eu\\\/wp-content\\\/uploads\\\/2024\\\/02\\\/aaknives-hand-forged-dabascus-steel-blade-knife-handmade-custom-made-knife-handcrafted-knives-autinetools-northmen-26-2.jpg\",\"contentUrl\":\"https:\\\/\\\/aaknives.eu\\\/wp-content\\\/uploads\\\/2024\\\/02\\\/aaknives-hand-forged-dabascus-steel-blade-knife-handmade-custom-made-knife-handcrafted-knives-autinetools-northmen-26-2.jpg\",\"width\":1020,\"height\":880,\"caption\":\"aaknives hand forged dabascus steel blade knife handmade custom made knife handcrafted knives autinetools northmen 26 2\"},{\"@type\":\"BreadcrumbList\",\"@id\":\"https:\\\/\\\/aaknives.eu\\\/fi\\\/product\\\/tanto-bamboo-bulat-teraksesta-valmistettu-tera\\\/#breadcrumb\",\"itemListElement\":[{\"@type\":\"ListItem\",\"position\":1,\"name\":\"Home\",\"item\":\"https:\\\/\\\/aaknives.eu\\\/fi\\\/\"},{\"@type\":\"ListItem\",\"position\":2,\"name\":\"Kauppa\",\"item\":\"https:\\\/\\\/aaknives.eu\\\/kauppa\\\/\"},{\"@type\":\"ListItem\",\"position\":3,\"name\":\"&#8220;TANTO-BAMBOO&#8221;, Bulat-ter\u00e4ksest\u00e4 valmistettu ter\u00e4\"}]},{\"@type\":\"WebSite\",\"@id\":\"https:\\\/\\\/aaknives.eu\\\/fi\\\/#website\",\"url\":\"https:\\\/\\\/aaknives.eu\\\/fi\\\/\",\"name\":\"AAKnives\",\"description\":\"Handmade knives\",\"publisher\":{\"@id\":\"https:\\\/\\\/aaknives.eu\\\/fi\\\/#organization\"},\"alternateName\":\"Anri Ananin Knives\",\"potentialAction\":[{\"@type\":\"SearchAction\",\"target\":{\"@type\":\"EntryPoint\",\"urlTemplate\":\"https:\\\/\\\/aaknives.eu\\\/fi\\\/?s={search_term_string}\"},\"query-input\":{\"@type\":\"PropertyValueSpecification\",\"valueRequired\":true,\"valueName\":\"search_term_string\"}}],\"inLanguage\":\"fi\"},{\"@type\":\"Organization\",\"@id\":\"https:\\\/\\\/aaknives.eu\\\/fi\\\/#organization\",\"name\":\"AAKnives\",\"url\":\"https:\\\/\\\/aaknives.eu\\\/fi\\\/\",\"logo\":{\"@type\":\"ImageObject\",\"inLanguage\":\"fi\",\"@id\":\"https:\\\/\\\/aaknives.eu\\\/fi\\\/#\\\/schema\\\/logo\\\/image\\\/\",\"url\":\"https:\\\/\\\/aaknives.eu\\\/wp-content\\\/uploads\\\/2021\\\/10\\\/AAknives_Logo_Green.png\",\"contentUrl\":\"https:\\\/\\\/aaknives.eu\\\/wp-content\\\/uploads\\\/2021\\\/10\\\/AAknives_Logo_Green.png\",\"width\":1768,\"height\":1768,\"caption\":\"AAKnives\"},\"image\":{\"@id\":\"https:\\\/\\\/aaknives.eu\\\/fi\\\/#\\\/schema\\\/logo\\\/image\\\/\"},\"sameAs\":[\"https:\\\/\\\/www.facebook.com\\\/aaknives.eu\\\/\",\"https:\\\/\\\/www.instagram.com\\\/aaknives\\\/\",\"https:\\\/\\\/www.pinterest.com\\\/aa_knives\\\/\",\"https:\\\/\\\/www.youtube.com\\\/@aaknives9518\"]}]}<\/script>\n<!-- \/ Yoast SEO plugin. -->","yoast_head_json":{"title":"\"TANTO-BAMBOO\", Bulat-ter\u00e4ksest\u00e4 valmistettu ter\u00e4 - AAKnives","description":"\"TANTO-BAMBOO\", Bulat-ter\u00e4ksest\u00e4 valmistettu ter\u00e4","robots":{"index":"index","follow":"follow","max-snippet":"max-snippet:-1","max-image-preview":"max-image-preview:large","max-video-preview":"max-video-preview:-1"},"canonical":"https:\/\/aaknives.eu\/fi\/product\/tanto-bamboo-bulat-teraksesta-valmistettu-tera\/","og_locale":"fi_FI","og_type":"article","og_title":"\"TANTO-BAMBOO\", Bulat-ter\u00e4ksest\u00e4 valmistettu ter\u00e4 - AAKnives","og_description":"\"TANTO-BAMBOO\", Bulat-ter\u00e4ksest\u00e4 valmistettu ter\u00e4","og_url":"https:\/\/aaknives.eu\/fi\/product\/tanto-bamboo-bulat-teraksesta-valmistettu-tera\/","og_site_name":"AAKnives","article_publisher":"https:\/\/www.facebook.com\/aaknives.eu\/","og_image":[{"width":1020,"height":880,"url":"https:\/\/aaknives.eu\/wp-content\/uploads\/2024\/02\/aaknives-hand-forged-dabascus-steel-blade-knife-handmade-custom-made-knife-handcrafted-knives-autinetools-northmen-26-2.jpg","type":"image\/jpeg"}],"twitter_card":"summary_large_image","twitter_misc":{"Arvioitu lukuaika":"1 minuutti"},"schema":{"@context":"https:\/\/schema.org","@graph":[{"@type":"WebPage","@id":"https:\/\/aaknives.eu\/fi\/product\/tanto-bamboo-bulat-teraksesta-valmistettu-tera\/","url":"https:\/\/aaknives.eu\/fi\/product\/tanto-bamboo-bulat-teraksesta-valmistettu-tera\/","name":"\"TANTO-BAMBOO\", Bulat-ter\u00e4ksest\u00e4 valmistettu ter\u00e4 - AAKnives","isPartOf":{"@id":"https:\/\/aaknives.eu\/fi\/#website"},"primaryImageOfPage":{"@id":"https:\/\/aaknives.eu\/fi\/product\/tanto-bamboo-bulat-teraksesta-valmistettu-tera\/#primaryimage"},"image":{"@id":"https:\/\/aaknives.eu\/fi\/product\/tanto-bamboo-bulat-teraksesta-valmistettu-tera\/#primaryimage"},"thumbnailUrl":"https:\/\/aaknives.eu\/wp-content\/uploads\/2024\/02\/aaknives-hand-forged-dabascus-steel-blade-knife-handmade-custom-made-knife-handcrafted-knives-autinetools-northmen-26-2.jpg","datePublished":"2024-02-06T19:30:05+00:00","description":"\"TANTO-BAMBOO\", Bulat-ter\u00e4ksest\u00e4 valmistettu ter\u00e4","breadcrumb":{"@id":"https:\/\/aaknives.eu\/fi\/product\/tanto-bamboo-bulat-teraksesta-valmistettu-tera\/#breadcrumb"},"inLanguage":"fi","potentialAction":[{"@type":"ReadAction","target":["https:\/\/aaknives.eu\/fi\/product\/tanto-bamboo-bulat-teraksesta-valmistettu-tera\/"]}]},{"@type":"ImageObject","inLanguage":"fi","@id":"https:\/\/aaknives.eu\/fi\/product\/tanto-bamboo-bulat-teraksesta-valmistettu-tera\/#primaryimage","url":"https:\/\/aaknives.eu\/wp-content\/uploads\/2024\/02\/aaknives-hand-forged-dabascus-steel-blade-knife-handmade-custom-made-knife-handcrafted-knives-autinetools-northmen-26-2.jpg","contentUrl":"https:\/\/aaknives.eu\/wp-content\/uploads\/2024\/02\/aaknives-hand-forged-dabascus-steel-blade-knife-handmade-custom-made-knife-handcrafted-knives-autinetools-northmen-26-2.jpg","width":1020,"height":880,"caption":"aaknives hand forged dabascus steel blade knife handmade custom made knife handcrafted knives autinetools northmen 26 2"},{"@type":"BreadcrumbList","@id":"https:\/\/aaknives.eu\/fi\/product\/tanto-bamboo-bulat-teraksesta-valmistettu-tera\/#breadcrumb","itemListElement":[{"@type":"ListItem","position":1,"name":"Home","item":"https:\/\/aaknives.eu\/fi\/"},{"@type":"ListItem","position":2,"name":"Kauppa","item":"https:\/\/aaknives.eu\/kauppa\/"},{"@type":"ListItem","position":3,"name":"&#8220;TANTO-BAMBOO&#8221;, Bulat-ter\u00e4ksest\u00e4 valmistettu ter\u00e4"}]},{"@type":"WebSite","@id":"https:\/\/aaknives.eu\/fi\/#website","url":"https:\/\/aaknives.eu\/fi\/","name":"AAKnives","description":"Handmade knives","publisher":{"@id":"https:\/\/aaknives.eu\/fi\/#organization"},"alternateName":"Anri Ananin Knives","potentialAction":[{"@type":"SearchAction","target":{"@type":"EntryPoint","urlTemplate":"https:\/\/aaknives.eu\/fi\/?s={search_term_string}"},"query-input":{"@type":"PropertyValueSpecification","valueRequired":true,"valueName":"search_term_string"}}],"inLanguage":"fi"},{"@type":"Organization","@id":"https:\/\/aaknives.eu\/fi\/#organization","name":"AAKnives","url":"https:\/\/aaknives.eu\/fi\/","logo":{"@type":"ImageObject","inLanguage":"fi","@id":"https:\/\/aaknives.eu\/fi\/#\/schema\/logo\/image\/","url":"https:\/\/aaknives.eu\/wp-content\/uploads\/2021\/10\/AAknives_Logo_Green.png","contentUrl":"https:\/\/aaknives.eu\/wp-content\/uploads\/2021\/10\/AAknives_Logo_Green.png","width":1768,"height":1768,"caption":"AAKnives"},"image":{"@id":"https:\/\/aaknives.eu\/fi\/#\/schema\/logo\/image\/"},"sameAs":["https:\/\/www.facebook.com\/aaknives.eu\/","https:\/\/www.instagram.com\/aaknives\/","https:\/\/www.pinterest.com\/aa_knives\/","https:\/\/www.youtube.com\/@aaknives9518"]}]}},"_links":{"self":[{"href":"https:\/\/aaknives.eu\/fi\/wp-json\/wp\/v2\/product\/58133","targetHints":{"allow":["GET"]}}],"collection":[{"href":"https:\/\/aaknives.eu\/fi\/wp-json\/wp\/v2\/product"}],"about":[{"href":"https:\/\/aaknives.eu\/fi\/wp-json\/wp\/v2\/types\/product"}],"wp:featuredmedia":[{"embeddable":true,"href":"https:\/\/aaknives.eu\/fi\/wp-json\/wp\/v2\/media\/58134"}],"wp:attachment":[{"href":"https:\/\/aaknives.eu\/fi\/wp-json\/wp\/v2\/media?parent=58133"}],"wp:term":[{"taxonomy":"product_brand","embeddable":true,"href":"https:\/\/aaknives.eu\/fi\/wp-json\/wp\/v2\/product_brand?post=58133"},{"taxonomy":"product_cat","embeddable":true,"href":"https:\/\/aaknives.eu\/fi\/wp-json\/wp\/v2\/product_cat?post=58133"},{"taxonomy":"product_tag","embeddable":true,"href":"https:\/\/aaknives.eu\/fi\/wp-json\/wp\/v2\/product_tag?post=58133"}],"curies":[{"name":"wp","href":"https:\/\/api.w.org\/{rel}","templated":true}]}}