{"id":58256,"date":"2024-01-04T15:12:24","date_gmt":"2024-01-04T15:12:24","guid":{"rendered":"https:\/\/aaknives.eu\/product\/jarjestaja-kivien-sailytykseen-12-kpl\/"},"modified":"2024-01-04T15:12:24","modified_gmt":"2024-01-04T15:12:24","slug":"jarjestaja-kivien-sailytykseen-12-kpl","status":"publish","type":"product","link":"https:\/\/aaknives.eu\/fi\/product\/jarjestaja-kivien-sailytykseen-12-kpl\/","title":{"rendered":"J\u00e4rjest\u00e4j\u00e4 kivien s\u00e4ilytykseen (12 kpl)"},"content":{"rendered":"<p>J\u00e4rjest\u00e4j\u00e4 kivi\u00e4 varten. Sit\u00e4 k\u00e4ytet\u00e4\u00e4n j\u00e4rjestyksen yll\u00e4pit\u00e4miseen ty\u00f6paikalla teroituksen aikana. Kivet varastoidaan siten, ett\u00e4 niiden selk\u00e4 n\u00e4kyy, jolloin k\u00e4ytt\u00e4j\u00e4 n\u00e4kee kiven porrastuksen (kuten kuvassa). Kivet eiv\u00e4t sis\u00e4lly sarjaan. Kivest\u00e4 otetut kuvat ovat vain sen toiminnan ymm\u00e4rt\u00e4mist\u00e4 varten. Laadukas ty\u00f6st\u00f6, k\u00e4sintehty.<\/p>\n<p>Kapasiteetti 12 kivelle (viimeiseen soluun voidaan kiven sijasta tallentaa merkki).<\/p>\n<p>Jokaiseen kennoon voidaan sijoittaa kivi, jonka poikkileikkaus on 25 x 9 mm.<\/p>\n<p>Materiaalit, joista j\u00e4rjest\u00e4j\u00e4 on valmistettu :<\/p>\n<p>polyasetaali<br \/>\npolykarbonaatti<br \/>\nalumiini<br \/>\nter\u00e4s<\/p>\n","protected":false},"excerpt":{"rendered":"<p>Podium &#8220;Kazak &#8211; M&#8221;<\/p>\n","protected":false},"featured_media":58257,"template":"","meta":{"_themeisle_gutenberg_block_has_review":false},"product_brand":[],"product_cat":[467],"product_tag":[],"class_list":{"0":"post-58256","1":"product","2":"type-product","3":"status-publish","4":"has-post-thumbnail","6":"product_cat-veitsen-teroitus-veitsen-teroittimet","8":"first","9":"outofstock","10":"shipping-taxable","11":"purchasable","12":"product-type-simple"},"yoast_head":"<!-- This site is optimized with the Yoast SEO plugin v27.3 - https:\/\/yoast.com\/product\/yoast-seo-wordpress\/ -->\n<title>J\u00e4rjest\u00e4j\u00e4 kivien s\u00e4ilytykseen (12 kpl) - AAKnives<\/title>\n<meta name=\"description\" content=\"J\u00e4rjest\u00e4j\u00e4 kivien s\u00e4ilytykseen (12 kpl)\" \/>\n<meta name=\"robots\" content=\"index, follow, max-snippet:-1, max-image-preview:large, max-video-preview:-1\" \/>\n<link rel=\"canonical\" href=\"https:\/\/aaknives.eu\/fi\/product\/jarjestaja-kivien-sailytykseen-12-kpl\/\" \/>\n<meta property=\"og:locale\" content=\"fi_FI\" \/>\n<meta property=\"og:type\" content=\"article\" \/>\n<meta property=\"og:title\" content=\"J\u00e4rjest\u00e4j\u00e4 kivien s\u00e4ilytykseen (12 kpl) - AAKnives\" \/>\n<meta property=\"og:description\" content=\"J\u00e4rjest\u00e4j\u00e4 kivien s\u00e4ilytykseen (12 kpl)\" \/>\n<meta property=\"og:url\" content=\"https:\/\/aaknives.eu\/fi\/product\/jarjestaja-kivien-sailytykseen-12-kpl\/\" \/>\n<meta property=\"og:site_name\" content=\"AAKnives\" \/>\n<meta property=\"article:publisher\" content=\"https:\/\/www.facebook.com\/aaknives.eu\/\" \/>\n<meta property=\"og:image\" content=\"https:\/\/aaknives.eu\/wp-content\/uploads\/2024\/01\/aaknives-hand-forged-dabascus-steel-blade-knife-handmade-custom-made-knife-handcrafted-knives-autinetools-northmen-1-1-2.png\" \/>\n\t<meta property=\"og:image:width\" content=\"968\" \/>\n\t<meta property=\"og:image:height\" content=\"717\" \/>\n\t<meta property=\"og:image:type\" content=\"image\/png\" \/>\n<meta name=\"twitter:card\" content=\"summary_large_image\" \/>\n<script type=\"application\/ld+json\" class=\"yoast-schema-graph\">{\"@context\":\"https:\\\/\\\/schema.org\",\"@graph\":[{\"@type\":\"WebPage\",\"@id\":\"https:\\\/\\\/aaknives.eu\\\/fi\\\/product\\\/jarjestaja-kivien-sailytykseen-12-kpl\\\/\",\"url\":\"https:\\\/\\\/aaknives.eu\\\/fi\\\/product\\\/jarjestaja-kivien-sailytykseen-12-kpl\\\/\",\"name\":\"J\u00e4rjest\u00e4j\u00e4 kivien s\u00e4ilytykseen (12 kpl) - AAKnives\",\"isPartOf\":{\"@id\":\"https:\\\/\\\/aaknives.eu\\\/fi\\\/#website\"},\"primaryImageOfPage\":{\"@id\":\"https:\\\/\\\/aaknives.eu\\\/fi\\\/product\\\/jarjestaja-kivien-sailytykseen-12-kpl\\\/#primaryimage\"},\"image\":{\"@id\":\"https:\\\/\\\/aaknives.eu\\\/fi\\\/product\\\/jarjestaja-kivien-sailytykseen-12-kpl\\\/#primaryimage\"},\"thumbnailUrl\":\"https:\\\/\\\/aaknives.eu\\\/wp-content\\\/uploads\\\/2024\\\/01\\\/aaknives-hand-forged-dabascus-steel-blade-knife-handmade-custom-made-knife-handcrafted-knives-autinetools-northmen-1-1-2.png\",\"datePublished\":\"2024-01-04T15:12:24+00:00\",\"description\":\"J\u00e4rjest\u00e4j\u00e4 kivien s\u00e4ilytykseen (12 kpl)\",\"breadcrumb\":{\"@id\":\"https:\\\/\\\/aaknives.eu\\\/fi\\\/product\\\/jarjestaja-kivien-sailytykseen-12-kpl\\\/#breadcrumb\"},\"inLanguage\":\"fi\",\"potentialAction\":[{\"@type\":\"ReadAction\",\"target\":[\"https:\\\/\\\/aaknives.eu\\\/fi\\\/product\\\/jarjestaja-kivien-sailytykseen-12-kpl\\\/\"]}]},{\"@type\":\"ImageObject\",\"inLanguage\":\"fi\",\"@id\":\"https:\\\/\\\/aaknives.eu\\\/fi\\\/product\\\/jarjestaja-kivien-sailytykseen-12-kpl\\\/#primaryimage\",\"url\":\"https:\\\/\\\/aaknives.eu\\\/wp-content\\\/uploads\\\/2024\\\/01\\\/aaknives-hand-forged-dabascus-steel-blade-knife-handmade-custom-made-knife-handcrafted-knives-autinetools-northmen-1-1-2.png\",\"contentUrl\":\"https:\\\/\\\/aaknives.eu\\\/wp-content\\\/uploads\\\/2024\\\/01\\\/aaknives-hand-forged-dabascus-steel-blade-knife-handmade-custom-made-knife-handcrafted-knives-autinetools-northmen-1-1-2.png\",\"width\":968,\"height\":717,\"caption\":\"aaknives hand forged dabascus steel blade knife handmade custom made knife handcrafted knives autinetools northmen 1 1 2\"},{\"@type\":\"BreadcrumbList\",\"@id\":\"https:\\\/\\\/aaknives.eu\\\/fi\\\/product\\\/jarjestaja-kivien-sailytykseen-12-kpl\\\/#breadcrumb\",\"itemListElement\":[{\"@type\":\"ListItem\",\"position\":1,\"name\":\"Home\",\"item\":\"https:\\\/\\\/aaknives.eu\\\/fi\\\/\"},{\"@type\":\"ListItem\",\"position\":2,\"name\":\"Kauppa\",\"item\":\"https:\\\/\\\/aaknives.eu\\\/kauppa\\\/\"},{\"@type\":\"ListItem\",\"position\":3,\"name\":\"J\u00e4rjest\u00e4j\u00e4 kivien s\u00e4ilytykseen (12 kpl)\"}]},{\"@type\":\"WebSite\",\"@id\":\"https:\\\/\\\/aaknives.eu\\\/fi\\\/#website\",\"url\":\"https:\\\/\\\/aaknives.eu\\\/fi\\\/\",\"name\":\"AAKnives\",\"description\":\"Handmade knives\",\"publisher\":{\"@id\":\"https:\\\/\\\/aaknives.eu\\\/fi\\\/#organization\"},\"potentialAction\":[{\"@type\":\"SearchAction\",\"target\":{\"@type\":\"EntryPoint\",\"urlTemplate\":\"https:\\\/\\\/aaknives.eu\\\/fi\\\/?s={search_term_string}\"},\"query-input\":{\"@type\":\"PropertyValueSpecification\",\"valueRequired\":true,\"valueName\":\"search_term_string\"}}],\"inLanguage\":\"fi\"},{\"@type\":\"Organization\",\"@id\":\"https:\\\/\\\/aaknives.eu\\\/fi\\\/#organization\",\"name\":\"AAKnives\",\"url\":\"https:\\\/\\\/aaknives.eu\\\/fi\\\/\",\"logo\":{\"@type\":\"ImageObject\",\"inLanguage\":\"fi\",\"@id\":\"https:\\\/\\\/aaknives.eu\\\/fi\\\/#\\\/schema\\\/logo\\\/image\\\/\",\"url\":\"https:\\\/\\\/aaknives.eu\\\/wp-content\\\/uploads\\\/2021\\\/10\\\/AAknives_Logo_Green.png\",\"contentUrl\":\"https:\\\/\\\/aaknives.eu\\\/wp-content\\\/uploads\\\/2021\\\/10\\\/AAknives_Logo_Green.png\",\"width\":1768,\"height\":1768,\"caption\":\"AAKnives\"},\"image\":{\"@id\":\"https:\\\/\\\/aaknives.eu\\\/fi\\\/#\\\/schema\\\/logo\\\/image\\\/\"},\"sameAs\":[\"https:\\\/\\\/www.facebook.com\\\/aaknives.eu\\\/\",\"https:\\\/\\\/www.instagram.com\\\/aaknives\\\/\",\"https:\\\/\\\/www.pinterest.com\\\/aa_knives\\\/\",\"https:\\\/\\\/www.youtube.com\\\/channel\\\/UCHOQFjrOkgT6s4FIw9LDKyw\\\/featured\"]}]}<\/script>\n<!-- \/ Yoast SEO plugin. -->","yoast_head_json":{"title":"J\u00e4rjest\u00e4j\u00e4 kivien s\u00e4ilytykseen (12 kpl) - AAKnives","description":"J\u00e4rjest\u00e4j\u00e4 kivien s\u00e4ilytykseen (12 kpl)","robots":{"index":"index","follow":"follow","max-snippet":"max-snippet:-1","max-image-preview":"max-image-preview:large","max-video-preview":"max-video-preview:-1"},"canonical":"https:\/\/aaknives.eu\/fi\/product\/jarjestaja-kivien-sailytykseen-12-kpl\/","og_locale":"fi_FI","og_type":"article","og_title":"J\u00e4rjest\u00e4j\u00e4 kivien s\u00e4ilytykseen (12 kpl) - AAKnives","og_description":"J\u00e4rjest\u00e4j\u00e4 kivien s\u00e4ilytykseen (12 kpl)","og_url":"https:\/\/aaknives.eu\/fi\/product\/jarjestaja-kivien-sailytykseen-12-kpl\/","og_site_name":"AAKnives","article_publisher":"https:\/\/www.facebook.com\/aaknives.eu\/","og_image":[{"width":968,"height":717,"url":"https:\/\/aaknives.eu\/wp-content\/uploads\/2024\/01\/aaknives-hand-forged-dabascus-steel-blade-knife-handmade-custom-made-knife-handcrafted-knives-autinetools-northmen-1-1-2.png","type":"image\/png"}],"twitter_card":"summary_large_image","schema":{"@context":"https:\/\/schema.org","@graph":[{"@type":"WebPage","@id":"https:\/\/aaknives.eu\/fi\/product\/jarjestaja-kivien-sailytykseen-12-kpl\/","url":"https:\/\/aaknives.eu\/fi\/product\/jarjestaja-kivien-sailytykseen-12-kpl\/","name":"J\u00e4rjest\u00e4j\u00e4 kivien s\u00e4ilytykseen (12 kpl) - AAKnives","isPartOf":{"@id":"https:\/\/aaknives.eu\/fi\/#website"},"primaryImageOfPage":{"@id":"https:\/\/aaknives.eu\/fi\/product\/jarjestaja-kivien-sailytykseen-12-kpl\/#primaryimage"},"image":{"@id":"https:\/\/aaknives.eu\/fi\/product\/jarjestaja-kivien-sailytykseen-12-kpl\/#primaryimage"},"thumbnailUrl":"https:\/\/aaknives.eu\/wp-content\/uploads\/2024\/01\/aaknives-hand-forged-dabascus-steel-blade-knife-handmade-custom-made-knife-handcrafted-knives-autinetools-northmen-1-1-2.png","datePublished":"2024-01-04T15:12:24+00:00","description":"J\u00e4rjest\u00e4j\u00e4 kivien s\u00e4ilytykseen (12 kpl)","breadcrumb":{"@id":"https:\/\/aaknives.eu\/fi\/product\/jarjestaja-kivien-sailytykseen-12-kpl\/#breadcrumb"},"inLanguage":"fi","potentialAction":[{"@type":"ReadAction","target":["https:\/\/aaknives.eu\/fi\/product\/jarjestaja-kivien-sailytykseen-12-kpl\/"]}]},{"@type":"ImageObject","inLanguage":"fi","@id":"https:\/\/aaknives.eu\/fi\/product\/jarjestaja-kivien-sailytykseen-12-kpl\/#primaryimage","url":"https:\/\/aaknives.eu\/wp-content\/uploads\/2024\/01\/aaknives-hand-forged-dabascus-steel-blade-knife-handmade-custom-made-knife-handcrafted-knives-autinetools-northmen-1-1-2.png","contentUrl":"https:\/\/aaknives.eu\/wp-content\/uploads\/2024\/01\/aaknives-hand-forged-dabascus-steel-blade-knife-handmade-custom-made-knife-handcrafted-knives-autinetools-northmen-1-1-2.png","width":968,"height":717,"caption":"aaknives hand forged dabascus steel blade knife handmade custom made knife handcrafted knives autinetools northmen 1 1 2"},{"@type":"BreadcrumbList","@id":"https:\/\/aaknives.eu\/fi\/product\/jarjestaja-kivien-sailytykseen-12-kpl\/#breadcrumb","itemListElement":[{"@type":"ListItem","position":1,"name":"Home","item":"https:\/\/aaknives.eu\/fi\/"},{"@type":"ListItem","position":2,"name":"Kauppa","item":"https:\/\/aaknives.eu\/kauppa\/"},{"@type":"ListItem","position":3,"name":"J\u00e4rjest\u00e4j\u00e4 kivien s\u00e4ilytykseen (12 kpl)"}]},{"@type":"WebSite","@id":"https:\/\/aaknives.eu\/fi\/#website","url":"https:\/\/aaknives.eu\/fi\/","name":"AAKnives","description":"Handmade knives","publisher":{"@id":"https:\/\/aaknives.eu\/fi\/#organization"},"potentialAction":[{"@type":"SearchAction","target":{"@type":"EntryPoint","urlTemplate":"https:\/\/aaknives.eu\/fi\/?s={search_term_string}"},"query-input":{"@type":"PropertyValueSpecification","valueRequired":true,"valueName":"search_term_string"}}],"inLanguage":"fi"},{"@type":"Organization","@id":"https:\/\/aaknives.eu\/fi\/#organization","name":"AAKnives","url":"https:\/\/aaknives.eu\/fi\/","logo":{"@type":"ImageObject","inLanguage":"fi","@id":"https:\/\/aaknives.eu\/fi\/#\/schema\/logo\/image\/","url":"https:\/\/aaknives.eu\/wp-content\/uploads\/2021\/10\/AAknives_Logo_Green.png","contentUrl":"https:\/\/aaknives.eu\/wp-content\/uploads\/2021\/10\/AAknives_Logo_Green.png","width":1768,"height":1768,"caption":"AAKnives"},"image":{"@id":"https:\/\/aaknives.eu\/fi\/#\/schema\/logo\/image\/"},"sameAs":["https:\/\/www.facebook.com\/aaknives.eu\/","https:\/\/www.instagram.com\/aaknives\/","https:\/\/www.pinterest.com\/aa_knives\/","https:\/\/www.youtube.com\/channel\/UCHOQFjrOkgT6s4FIw9LDKyw\/featured"]}]}},"_links":{"self":[{"href":"https:\/\/aaknives.eu\/fi\/wp-json\/wp\/v2\/product\/58256","targetHints":{"allow":["GET"]}}],"collection":[{"href":"https:\/\/aaknives.eu\/fi\/wp-json\/wp\/v2\/product"}],"about":[{"href":"https:\/\/aaknives.eu\/fi\/wp-json\/wp\/v2\/types\/product"}],"wp:featuredmedia":[{"embeddable":true,"href":"https:\/\/aaknives.eu\/fi\/wp-json\/wp\/v2\/media\/58257"}],"wp:attachment":[{"href":"https:\/\/aaknives.eu\/fi\/wp-json\/wp\/v2\/media?parent=58256"}],"wp:term":[{"taxonomy":"product_brand","embeddable":true,"href":"https:\/\/aaknives.eu\/fi\/wp-json\/wp\/v2\/product_brand?post=58256"},{"taxonomy":"product_cat","embeddable":true,"href":"https:\/\/aaknives.eu\/fi\/wp-json\/wp\/v2\/product_cat?post=58256"},{"taxonomy":"product_tag","embeddable":true,"href":"https:\/\/aaknives.eu\/fi\/wp-json\/wp\/v2\/product_tag?post=58256"}],"curies":[{"name":"wp","href":"https:\/\/api.w.org\/{rel}","templated":true}]}}