{"id":58264,"date":"2024-01-04T14:30:00","date_gmt":"2024-01-04T14:30:00","guid":{"rendered":"https:\/\/aaknives.eu\/product\/kit-laite-veitsien-teroitukseen-model-10digitaalinen-kallistusmittarikivisarja-lux-dia\/"},"modified":"2025-05-30T10:37:24","modified_gmt":"2025-05-30T10:37:24","slug":"kit-laite-veitsien-teroitukseen-model-10digitaalinen-kallistusmittarikivisarja-lux-dia","status":"publish","type":"product","link":"https:\/\/aaknives.eu\/fi\/product\/kit-laite-veitsien-teroitukseen-model-10digitaalinen-kallistusmittarikivisarja-lux-dia\/","title":{"rendered":"KIT-laite veitsien teroitukseen &#8220;Model 10&#8243;+Digitaalinen kallistusmittari+Kivisarja &#8220;lux&#8221; dia"},"content":{"rendered":"<p>T\u00e4ss\u00e4 laitteessa on otettu huomioon kotik\u00e4ytt\u00e4jien ja teroituslaitteiden ammattilaisten toiveet. Ensinn\u00e4kin sen koko. T\u00e4m\u00e4 on kompakti laite, jonka paino on 3230 grammaa. Se on siis vakaa. Jalusta on valmistettu ter\u00e4ksest\u00e4 ja siin\u00e4 on kumijalat. Laite on maalattu korkealaatuisella jauhemaalilla. T\u00e4m\u00e4 on maailman ensimm\u00e4inen laite, jossa on magneettinen solmun lukitus.<br \/>\nPy\u00f6riv\u00e4 mekanismi on rakennettu kaksirivisen kuulalaakerin varaan. Siin\u00e4 on integroitu akseli. Laakeri ei vaadi huoltoa.<br \/>\nSolmun toimintaa on vaikea kuvata yksinkertaisin sanoin.<br \/>\nOnnistuimme my\u00f6s toteuttamaan t\u00e4ss\u00e4 laitteessa 10-osaisen veitsikehyksen. Irrottamalla kehyksen kaksi ruuvia k\u00e4ytt\u00e4j\u00e4 voi tarkastaa veitsen ja sen ter\u00e4n kunnon samalla kun h\u00e4n teroittaa veist\u00e4 irrottamatta sit\u00e4 kiinnikkeist\u00e4.<\/p>\n<p>Elektroninen goniometri on mukana!<\/p>\n<p>Laitteissamme on toteutettu ensimm\u00e4inen teroittimeen sis\u00e4\u00e4nrakennettu pys\u00e4k\u00f6intikoukku. Ensimm\u00e4inen t\u00e4ysin jyrsittyjen veitsiliittimien massatuotanto.<\/p>\n<p>Alkuper\u00e4isen mallin ter\u00e4npidikkeet on valmistettu seoksesta 7075 , l\u00e4mp\u00f6k\u00e4sitelty .<br \/>\nVaakasuora ohjaussauva, jonka halkaisija on 8 mm, on valmistettu seostetusta ruostumattomasta ter\u00e4ksest\u00e4, sen kovuus on 58-60 HRC ja pinnankarheus 0,4 Ra.<\/p>\n<p>Laite on suunniteltu eri muotoisten ja kokoisten keitti\u00f6-, mets\u00e4stys- ja taittoveitsien teroittamiseen. Koska veitsi kiinnittyy tarkasti ja vakaasti laitteen kiinnittimiin ja koska veitsi voidaan k\u00e4\u00e4nt\u00e4\u00e4 ymp\u00e4ri irrottamatta sit\u00e4 kiinnittimist\u00e4, teroitus on nopeaa ja helppoa eik\u00e4 vaadi k\u00e4ytt\u00e4j\u00e4n erityisosaamista. Teroituskulmaa muutetaan nostamalla tai laskemalla saranakokoonpanoa pystytelineen varrella.<\/p>\n<p>Mukana 5 timanttikiven sarja &#8220;lux&#8221; karkeus :<\/p>\n<p>240, 600, 1200, 2000, 3000.<\/p>\n<p>Mitat: 16 x 2 x 0,8 cm<\/p>\n<p>Hiomakivet ovat vakiovarusteita, toimivat teroitusj\u00e4rjestelmien kanssa, kuten: Hapstone, Apex, TSPROF.<\/p>\n<p>Raetyyppi: synteettinen timantti.<\/p>\n<p>Nippu: galvaaninen.<\/p>\n<p>Alusta on ter\u00e4st\u00e4, runko on muovia.<\/p>\n<p>Kazak teroitusj\u00e4rjestelm\u00e4t voit ostaa verkkosivuiltamme.<\/p>\n<p>Kivet toimivat \u00f6ljyll\u00e4, vedell\u00e4 tai ilman j\u00e4\u00e4hdytysnestett\u00e4.<\/p>\n","protected":false},"excerpt":{"rendered":"<p>Veitsen teroituslaite &#8221; Kazak PRO&#8221;<\/p>\n","protected":false},"featured_media":58265,"template":"","meta":{"_themeisle_gutenberg_block_has_review":false},"product_brand":[],"product_cat":[467],"product_tag":[],"class_list":{"0":"post-58264","1":"product","2":"type-product","3":"status-publish","4":"has-post-thumbnail","6":"product_cat-veitsen-teroitus-veitsen-teroittimet","8":"first","9":"instock","10":"shipping-taxable","11":"purchasable","12":"product-type-simple"},"yoast_head":"<!-- This site is optimized with the Yoast SEO plugin v27.3 - https:\/\/yoast.com\/product\/yoast-seo-wordpress\/ -->\n<title>KIT-laite veitsien teroitukseen &quot;Model 10&quot;+Digitaalinen kallistusmittari+Kivisarja &quot;lux&quot; dia - AAKnives<\/title>\n<meta name=\"description\" content=\"Laite veitsien teroittamiseen &quot;Model 10&quot;+Digitaalinen kallistusmittari+Kivisarja &quot;lux&quot; dia\" \/>\n<meta name=\"robots\" content=\"index, follow, max-snippet:-1, max-image-preview:large, max-video-preview:-1\" \/>\n<link rel=\"canonical\" href=\"https:\/\/aaknives.eu\/fi\/product\/kit-laite-veitsien-teroitukseen-model-10digitaalinen-kallistusmittarikivisarja-lux-dia\/\" \/>\n<meta property=\"og:locale\" content=\"fi_FI\" \/>\n<meta property=\"og:type\" content=\"article\" \/>\n<meta property=\"og:title\" content=\"KIT-laite veitsien teroitukseen &quot;Model 10&quot;+Digitaalinen kallistusmittari+Kivisarja &quot;lux&quot; dia - AAKnives\" \/>\n<meta property=\"og:description\" content=\"Laite veitsien teroittamiseen &quot;Model 10&quot;+Digitaalinen kallistusmittari+Kivisarja &quot;lux&quot; dia\" \/>\n<meta property=\"og:url\" content=\"https:\/\/aaknives.eu\/fi\/product\/kit-laite-veitsien-teroitukseen-model-10digitaalinen-kallistusmittarikivisarja-lux-dia\/\" \/>\n<meta property=\"og:site_name\" content=\"AAKnives\" \/>\n<meta property=\"article:publisher\" content=\"https:\/\/www.facebook.com\/aaknives.eu\/\" \/>\n<meta property=\"article:modified_time\" content=\"2025-05-30T10:37:24+00:00\" \/>\n<meta property=\"og:image\" content=\"https:\/\/aaknives.eu\/wp-content\/uploads\/2024\/01\/aaknives-hand-forged-dabascus-steel-blade-knife-handmade-custom-made-knife-handcrafted-knives-autinetools-northmen-1-10.jpg\" \/>\n\t<meta property=\"og:image:width\" content=\"1280\" \/>\n\t<meta property=\"og:image:height\" content=\"1280\" \/>\n\t<meta property=\"og:image:type\" content=\"image\/jpeg\" \/>\n<meta name=\"twitter:card\" content=\"summary_large_image\" \/>\n<meta name=\"twitter:label1\" content=\"Arvioitu lukuaika\" \/>\n\t<meta name=\"twitter:data1\" content=\"1 minuutti\" \/>\n<script type=\"application\/ld+json\" class=\"yoast-schema-graph\">{\"@context\":\"https:\\\/\\\/schema.org\",\"@graph\":[{\"@type\":\"WebPage\",\"@id\":\"https:\\\/\\\/aaknives.eu\\\/fi\\\/product\\\/kit-laite-veitsien-teroitukseen-model-10digitaalinen-kallistusmittarikivisarja-lux-dia\\\/\",\"url\":\"https:\\\/\\\/aaknives.eu\\\/fi\\\/product\\\/kit-laite-veitsien-teroitukseen-model-10digitaalinen-kallistusmittarikivisarja-lux-dia\\\/\",\"name\":\"KIT-laite veitsien teroitukseen \\\"Model 10\\\"+Digitaalinen kallistusmittari+Kivisarja \\\"lux\\\" dia - AAKnives\",\"isPartOf\":{\"@id\":\"https:\\\/\\\/aaknives.eu\\\/fi\\\/#website\"},\"primaryImageOfPage\":{\"@id\":\"https:\\\/\\\/aaknives.eu\\\/fi\\\/product\\\/kit-laite-veitsien-teroitukseen-model-10digitaalinen-kallistusmittarikivisarja-lux-dia\\\/#primaryimage\"},\"image\":{\"@id\":\"https:\\\/\\\/aaknives.eu\\\/fi\\\/product\\\/kit-laite-veitsien-teroitukseen-model-10digitaalinen-kallistusmittarikivisarja-lux-dia\\\/#primaryimage\"},\"thumbnailUrl\":\"https:\\\/\\\/aaknives.eu\\\/wp-content\\\/uploads\\\/2024\\\/01\\\/aaknives-hand-forged-dabascus-steel-blade-knife-handmade-custom-made-knife-handcrafted-knives-autinetools-northmen-1-10.jpg\",\"datePublished\":\"2024-01-04T14:30:00+00:00\",\"dateModified\":\"2025-05-30T10:37:24+00:00\",\"description\":\"Laite veitsien teroittamiseen \\\"Model 10\\\"+Digitaalinen kallistusmittari+Kivisarja \\\"lux\\\" dia\",\"breadcrumb\":{\"@id\":\"https:\\\/\\\/aaknives.eu\\\/fi\\\/product\\\/kit-laite-veitsien-teroitukseen-model-10digitaalinen-kallistusmittarikivisarja-lux-dia\\\/#breadcrumb\"},\"inLanguage\":\"fi\",\"potentialAction\":[{\"@type\":\"ReadAction\",\"target\":[\"https:\\\/\\\/aaknives.eu\\\/fi\\\/product\\\/kit-laite-veitsien-teroitukseen-model-10digitaalinen-kallistusmittarikivisarja-lux-dia\\\/\"]}]},{\"@type\":\"ImageObject\",\"inLanguage\":\"fi\",\"@id\":\"https:\\\/\\\/aaknives.eu\\\/fi\\\/product\\\/kit-laite-veitsien-teroitukseen-model-10digitaalinen-kallistusmittarikivisarja-lux-dia\\\/#primaryimage\",\"url\":\"https:\\\/\\\/aaknives.eu\\\/wp-content\\\/uploads\\\/2024\\\/01\\\/aaknives-hand-forged-dabascus-steel-blade-knife-handmade-custom-made-knife-handcrafted-knives-autinetools-northmen-1-10.jpg\",\"contentUrl\":\"https:\\\/\\\/aaknives.eu\\\/wp-content\\\/uploads\\\/2024\\\/01\\\/aaknives-hand-forged-dabascus-steel-blade-knife-handmade-custom-made-knife-handcrafted-knives-autinetools-northmen-1-10.jpg\",\"width\":1280,\"height\":1280,\"caption\":\"aaknives hand forged dabascus steel blade knife handmade custom made knife handcrafted knives autinetools northmen 1 10\"},{\"@type\":\"BreadcrumbList\",\"@id\":\"https:\\\/\\\/aaknives.eu\\\/fi\\\/product\\\/kit-laite-veitsien-teroitukseen-model-10digitaalinen-kallistusmittarikivisarja-lux-dia\\\/#breadcrumb\",\"itemListElement\":[{\"@type\":\"ListItem\",\"position\":1,\"name\":\"Home\",\"item\":\"https:\\\/\\\/aaknives.eu\\\/fi\\\/\"},{\"@type\":\"ListItem\",\"position\":2,\"name\":\"Kauppa\",\"item\":\"https:\\\/\\\/aaknives.eu\\\/kauppa\\\/\"},{\"@type\":\"ListItem\",\"position\":3,\"name\":\"KIT-laite veitsien teroitukseen &#8220;Model 10&#8243;+Digitaalinen kallistusmittari+Kivisarja &#8220;lux&#8221; dia\"}]},{\"@type\":\"WebSite\",\"@id\":\"https:\\\/\\\/aaknives.eu\\\/fi\\\/#website\",\"url\":\"https:\\\/\\\/aaknives.eu\\\/fi\\\/\",\"name\":\"AAKnives\",\"description\":\"Handmade knives\",\"publisher\":{\"@id\":\"https:\\\/\\\/aaknives.eu\\\/fi\\\/#organization\"},\"potentialAction\":[{\"@type\":\"SearchAction\",\"target\":{\"@type\":\"EntryPoint\",\"urlTemplate\":\"https:\\\/\\\/aaknives.eu\\\/fi\\\/?s={search_term_string}\"},\"query-input\":{\"@type\":\"PropertyValueSpecification\",\"valueRequired\":true,\"valueName\":\"search_term_string\"}}],\"inLanguage\":\"fi\"},{\"@type\":\"Organization\",\"@id\":\"https:\\\/\\\/aaknives.eu\\\/fi\\\/#organization\",\"name\":\"AAKnives\",\"url\":\"https:\\\/\\\/aaknives.eu\\\/fi\\\/\",\"logo\":{\"@type\":\"ImageObject\",\"inLanguage\":\"fi\",\"@id\":\"https:\\\/\\\/aaknives.eu\\\/fi\\\/#\\\/schema\\\/logo\\\/image\\\/\",\"url\":\"https:\\\/\\\/aaknives.eu\\\/wp-content\\\/uploads\\\/2021\\\/10\\\/AAknives_Logo_Green.png\",\"contentUrl\":\"https:\\\/\\\/aaknives.eu\\\/wp-content\\\/uploads\\\/2021\\\/10\\\/AAknives_Logo_Green.png\",\"width\":1768,\"height\":1768,\"caption\":\"AAKnives\"},\"image\":{\"@id\":\"https:\\\/\\\/aaknives.eu\\\/fi\\\/#\\\/schema\\\/logo\\\/image\\\/\"},\"sameAs\":[\"https:\\\/\\\/www.facebook.com\\\/aaknives.eu\\\/\",\"https:\\\/\\\/www.instagram.com\\\/aaknives\\\/\",\"https:\\\/\\\/www.pinterest.com\\\/aa_knives\\\/\",\"https:\\\/\\\/www.youtube.com\\\/channel\\\/UCHOQFjrOkgT6s4FIw9LDKyw\\\/featured\"]}]}<\/script>\n<!-- \/ Yoast SEO plugin. -->","yoast_head_json":{"title":"KIT-laite veitsien teroitukseen \"Model 10\"+Digitaalinen kallistusmittari+Kivisarja \"lux\" dia - AAKnives","description":"Laite veitsien teroittamiseen \"Model 10\"+Digitaalinen kallistusmittari+Kivisarja \"lux\" dia","robots":{"index":"index","follow":"follow","max-snippet":"max-snippet:-1","max-image-preview":"max-image-preview:large","max-video-preview":"max-video-preview:-1"},"canonical":"https:\/\/aaknives.eu\/fi\/product\/kit-laite-veitsien-teroitukseen-model-10digitaalinen-kallistusmittarikivisarja-lux-dia\/","og_locale":"fi_FI","og_type":"article","og_title":"KIT-laite veitsien teroitukseen \"Model 10\"+Digitaalinen kallistusmittari+Kivisarja \"lux\" dia - AAKnives","og_description":"Laite veitsien teroittamiseen \"Model 10\"+Digitaalinen kallistusmittari+Kivisarja \"lux\" dia","og_url":"https:\/\/aaknives.eu\/fi\/product\/kit-laite-veitsien-teroitukseen-model-10digitaalinen-kallistusmittarikivisarja-lux-dia\/","og_site_name":"AAKnives","article_publisher":"https:\/\/www.facebook.com\/aaknives.eu\/","article_modified_time":"2025-05-30T10:37:24+00:00","og_image":[{"width":1280,"height":1280,"url":"https:\/\/aaknives.eu\/wp-content\/uploads\/2024\/01\/aaknives-hand-forged-dabascus-steel-blade-knife-handmade-custom-made-knife-handcrafted-knives-autinetools-northmen-1-10.jpg","type":"image\/jpeg"}],"twitter_card":"summary_large_image","twitter_misc":{"Arvioitu lukuaika":"1 minuutti"},"schema":{"@context":"https:\/\/schema.org","@graph":[{"@type":"WebPage","@id":"https:\/\/aaknives.eu\/fi\/product\/kit-laite-veitsien-teroitukseen-model-10digitaalinen-kallistusmittarikivisarja-lux-dia\/","url":"https:\/\/aaknives.eu\/fi\/product\/kit-laite-veitsien-teroitukseen-model-10digitaalinen-kallistusmittarikivisarja-lux-dia\/","name":"KIT-laite veitsien teroitukseen \"Model 10\"+Digitaalinen kallistusmittari+Kivisarja \"lux\" dia - AAKnives","isPartOf":{"@id":"https:\/\/aaknives.eu\/fi\/#website"},"primaryImageOfPage":{"@id":"https:\/\/aaknives.eu\/fi\/product\/kit-laite-veitsien-teroitukseen-model-10digitaalinen-kallistusmittarikivisarja-lux-dia\/#primaryimage"},"image":{"@id":"https:\/\/aaknives.eu\/fi\/product\/kit-laite-veitsien-teroitukseen-model-10digitaalinen-kallistusmittarikivisarja-lux-dia\/#primaryimage"},"thumbnailUrl":"https:\/\/aaknives.eu\/wp-content\/uploads\/2024\/01\/aaknives-hand-forged-dabascus-steel-blade-knife-handmade-custom-made-knife-handcrafted-knives-autinetools-northmen-1-10.jpg","datePublished":"2024-01-04T14:30:00+00:00","dateModified":"2025-05-30T10:37:24+00:00","description":"Laite veitsien teroittamiseen \"Model 10\"+Digitaalinen kallistusmittari+Kivisarja \"lux\" dia","breadcrumb":{"@id":"https:\/\/aaknives.eu\/fi\/product\/kit-laite-veitsien-teroitukseen-model-10digitaalinen-kallistusmittarikivisarja-lux-dia\/#breadcrumb"},"inLanguage":"fi","potentialAction":[{"@type":"ReadAction","target":["https:\/\/aaknives.eu\/fi\/product\/kit-laite-veitsien-teroitukseen-model-10digitaalinen-kallistusmittarikivisarja-lux-dia\/"]}]},{"@type":"ImageObject","inLanguage":"fi","@id":"https:\/\/aaknives.eu\/fi\/product\/kit-laite-veitsien-teroitukseen-model-10digitaalinen-kallistusmittarikivisarja-lux-dia\/#primaryimage","url":"https:\/\/aaknives.eu\/wp-content\/uploads\/2024\/01\/aaknives-hand-forged-dabascus-steel-blade-knife-handmade-custom-made-knife-handcrafted-knives-autinetools-northmen-1-10.jpg","contentUrl":"https:\/\/aaknives.eu\/wp-content\/uploads\/2024\/01\/aaknives-hand-forged-dabascus-steel-blade-knife-handmade-custom-made-knife-handcrafted-knives-autinetools-northmen-1-10.jpg","width":1280,"height":1280,"caption":"aaknives hand forged dabascus steel blade knife handmade custom made knife handcrafted knives autinetools northmen 1 10"},{"@type":"BreadcrumbList","@id":"https:\/\/aaknives.eu\/fi\/product\/kit-laite-veitsien-teroitukseen-model-10digitaalinen-kallistusmittarikivisarja-lux-dia\/#breadcrumb","itemListElement":[{"@type":"ListItem","position":1,"name":"Home","item":"https:\/\/aaknives.eu\/fi\/"},{"@type":"ListItem","position":2,"name":"Kauppa","item":"https:\/\/aaknives.eu\/kauppa\/"},{"@type":"ListItem","position":3,"name":"KIT-laite veitsien teroitukseen &#8220;Model 10&#8243;+Digitaalinen kallistusmittari+Kivisarja &#8220;lux&#8221; dia"}]},{"@type":"WebSite","@id":"https:\/\/aaknives.eu\/fi\/#website","url":"https:\/\/aaknives.eu\/fi\/","name":"AAKnives","description":"Handmade knives","publisher":{"@id":"https:\/\/aaknives.eu\/fi\/#organization"},"potentialAction":[{"@type":"SearchAction","target":{"@type":"EntryPoint","urlTemplate":"https:\/\/aaknives.eu\/fi\/?s={search_term_string}"},"query-input":{"@type":"PropertyValueSpecification","valueRequired":true,"valueName":"search_term_string"}}],"inLanguage":"fi"},{"@type":"Organization","@id":"https:\/\/aaknives.eu\/fi\/#organization","name":"AAKnives","url":"https:\/\/aaknives.eu\/fi\/","logo":{"@type":"ImageObject","inLanguage":"fi","@id":"https:\/\/aaknives.eu\/fi\/#\/schema\/logo\/image\/","url":"https:\/\/aaknives.eu\/wp-content\/uploads\/2021\/10\/AAknives_Logo_Green.png","contentUrl":"https:\/\/aaknives.eu\/wp-content\/uploads\/2021\/10\/AAknives_Logo_Green.png","width":1768,"height":1768,"caption":"AAKnives"},"image":{"@id":"https:\/\/aaknives.eu\/fi\/#\/schema\/logo\/image\/"},"sameAs":["https:\/\/www.facebook.com\/aaknives.eu\/","https:\/\/www.instagram.com\/aaknives\/","https:\/\/www.pinterest.com\/aa_knives\/","https:\/\/www.youtube.com\/channel\/UCHOQFjrOkgT6s4FIw9LDKyw\/featured"]}]}},"_links":{"self":[{"href":"https:\/\/aaknives.eu\/fi\/wp-json\/wp\/v2\/product\/58264","targetHints":{"allow":["GET"]}}],"collection":[{"href":"https:\/\/aaknives.eu\/fi\/wp-json\/wp\/v2\/product"}],"about":[{"href":"https:\/\/aaknives.eu\/fi\/wp-json\/wp\/v2\/types\/product"}],"wp:featuredmedia":[{"embeddable":true,"href":"https:\/\/aaknives.eu\/fi\/wp-json\/wp\/v2\/media\/58265"}],"wp:attachment":[{"href":"https:\/\/aaknives.eu\/fi\/wp-json\/wp\/v2\/media?parent=58264"}],"wp:term":[{"taxonomy":"product_brand","embeddable":true,"href":"https:\/\/aaknives.eu\/fi\/wp-json\/wp\/v2\/product_brand?post=58264"},{"taxonomy":"product_cat","embeddable":true,"href":"https:\/\/aaknives.eu\/fi\/wp-json\/wp\/v2\/product_cat?post=58264"},{"taxonomy":"product_tag","embeddable":true,"href":"https:\/\/aaknives.eu\/fi\/wp-json\/wp\/v2\/product_tag?post=58264"}],"curies":[{"name":"wp","href":"https:\/\/api.w.org\/{rel}","templated":true}]}}