{"id":58275,"date":"2023-12-19T17:41:06","date_gmt":"2023-12-19T17:41:06","guid":{"rendered":"https:\/\/aaknives.eu\/product\/e2-sahkoinen-keittioveitsen-teroitin\/"},"modified":"2023-12-19T17:41:06","modified_gmt":"2023-12-19T17:41:06","slug":"e2-sahkoinen-keittioveitsen-teroitin","status":"publish","type":"product","link":"https:\/\/aaknives.eu\/fi\/product\/e2-sahkoinen-keittioveitsen-teroitin\/","title":{"rendered":"E2 S\u00c4HK\u00d6INEN KEITTI\u00d6VEITSEN TEROITIN"},"content":{"rendered":"<p>Work Sharp Electric Kitchen Knife Sharpener on kompakti s\u00e4hk\u00f6k\u00e4ytt\u00f6inen keitti\u00f6veitsen teroitin, joka teroittaa kaikki omistamasi keitti\u00f6veitset. Kulmaohjaimet takaavat tasaisen ja toistettavan reunakulman, kun taas joustavat hiomalaikat teroittavat leikkuureunan hell\u00e4varaisesti. Keraamiset py\u00f6r\u00e4t hioo ter\u00e4n ter\u00e4vyyden takaisin tehtaan ter\u00e4vyystasolle, ja niit\u00e4 voidaan k\u00e4ytt\u00e4\u00e4 p\u00e4ivitt\u00e4in pit\u00e4m\u00e4\u00e4n veitset ter\u00e4vin\u00e4 ja k\u00e4ytt\u00f6valmiina. Pienikokoinen muotoilu voidaan helposti s\u00e4ilytt\u00e4\u00e4 keitti\u00f6n laatikossa ja vapauttaa n\u00e4in arvokasta ty\u00f6tilaa.<\/p>\n<p>Kitchen Electric Knife Sharpener on edullisin ja tehokkain s\u00e4hk\u00f6inen veitsenteroitin niille, jotka haluavat nopean, yksinkertaisen ja turvallisen tavan teroittaa kaikki keitti\u00f6veitset. Se on hell\u00e4varainen veitsille ja teroittaa alle minuutissa. Kitchen Electric -veitsenteroitin k\u00e4ytt\u00e4\u00e4 joustavia hiomalevyj\u00e4 hell\u00e4varaisempaa teroitusta ja ter\u00e4v\u00e4mp\u00e4\u00e4 ter\u00e4\u00e4 varten. Sis\u00e4\u00e4nrakennetut 20\u00b0:n kulmaohjaimet takaavat t\u00e4ydellisen, tasaisen reunan, joka takaa virheett\u00f6m\u00e4n siivun k\u00e4rjest\u00e4 kantaan.<\/p>\n<p>Integroitu teroitusrako k\u00e4ytt\u00e4\u00e4 keraamisia py\u00f6r\u00e4keri\u00e4 teroittamaan ter\u00e4n takaisin tehtaan ter\u00e4vyystasolle ja tekee uudelleen teroittamisesta entist\u00e4kin helpompaa, k\u00e4yt\u00e4 vain keraamista teroitinta ja palaa leikkuulaudan pariin.<\/p>\n<p>Kompakti muotoilu s\u00e4ilytt\u00e4\u00e4 virtajohdon jalustassa ja vie vain v\u00e4h\u00e4n tilaa tiskill\u00e4 tai mahtuu helposti veitsilaatikkoon. Se my\u00f6s teroittaa sakset ja leikkurit, joten se on t\u00e4ydellinen ratkaisu kaikille kotitalouksille, jotka kokkaavat.<\/p>\n","protected":false},"excerpt":{"rendered":"<p>Work Sharp Electric Kitchen Knife Sharpener on kompakti s\u00e4hk\u00f6k\u00e4ytt\u00f6inen keitti\u00f6veitsen teroitin, joka teroittaa kaikki omistamasi keitti\u00f6veitset. Kulmaohjaimet takaavat tasaisen ja toistettavan reunakulman, kun taas joustavat hiomalaikat teroittavat leikkuureunan hell\u00e4varaisesti. Keraamiset py\u00f6r\u00e4t hioo ter\u00e4n ter\u00e4vyyden takaisin tehtaan ter\u00e4vyystasolle, ja niit\u00e4 voidaan k\u00e4ytt\u00e4\u00e4 p\u00e4ivitt\u00e4in pit\u00e4m\u00e4\u00e4n veitset ter\u00e4vin\u00e4 ja k\u00e4ytt\u00f6valmiina. Pienikokoinen muotoilu voidaan helposti s\u00e4ilytt\u00e4\u00e4 keitti\u00f6n laatikossa ja vapauttaa n\u00e4in arvokasta ty\u00f6tilaa. Kitchen Electric Knife Sharpener on edullisin ja tehokkain s\u00e4hk\u00f6inen veitsenteroitin niille, jotka haluavat nopean, yksinkertaisen ja turvallisen tavan teroittaa kaikki keitti\u00f6veitset. Se on hell\u00e4varainen veitsille ja teroittaa alle minuutissa. Kitchen Electric -veitsenteroitin k\u00e4ytt\u00e4\u00e4 joustavia hiomalevyj\u00e4 hell\u00e4varaisempaa teroitusta ja ter\u00e4v\u00e4mp\u00e4\u00e4 ter\u00e4\u00e4 varten.&hellip;<\/p>\n","protected":false},"featured_media":58276,"template":"","meta":{"_themeisle_gutenberg_block_has_review":false},"product_brand":[],"product_cat":[467],"product_tag":[],"class_list":{"0":"post-58275","1":"product","2":"type-product","3":"status-publish","4":"has-post-thumbnail","6":"product_cat-veitsen-teroitus-veitsen-teroittimet","8":"first","9":"outofstock","10":"shipping-taxable","11":"purchasable","12":"product-type-simple"},"yoast_head":"<!-- This site is optimized with the Yoast SEO plugin v27.3 - https:\/\/yoast.com\/product\/yoast-seo-wordpress\/ -->\n<title>E2 S\u00c4HK\u00d6INEN KEITTI\u00d6VEITSEN TEROITIN - AAKnives<\/title>\n<meta name=\"robots\" content=\"index, follow, max-snippet:-1, max-image-preview:large, max-video-preview:-1\" \/>\n<link rel=\"canonical\" href=\"https:\/\/aaknives.eu\/fi\/product\/e2-sahkoinen-keittioveitsen-teroitin\/\" \/>\n<meta property=\"og:locale\" content=\"fi_FI\" \/>\n<meta property=\"og:type\" content=\"article\" \/>\n<meta property=\"og:title\" content=\"E2 S\u00c4HK\u00d6INEN KEITTI\u00d6VEITSEN TEROITIN - AAKnives\" \/>\n<meta property=\"og:description\" content=\"Work Sharp Electric Kitchen Knife Sharpener on kompakti s\u00e4hk\u00f6k\u00e4ytt\u00f6inen keitti\u00f6veitsen teroitin, joka teroittaa kaikki omistamasi keitti\u00f6veitset. Kulmaohjaimet takaavat tasaisen ja toistettavan reunakulman, kun taas joustavat hiomalaikat teroittavat leikkuureunan hell\u00e4varaisesti. Keraamiset py\u00f6r\u00e4t hioo ter\u00e4n ter\u00e4vyyden takaisin tehtaan ter\u00e4vyystasolle, ja niit\u00e4 voidaan k\u00e4ytt\u00e4\u00e4 p\u00e4ivitt\u00e4in pit\u00e4m\u00e4\u00e4n veitset ter\u00e4vin\u00e4 ja k\u00e4ytt\u00f6valmiina. Pienikokoinen muotoilu voidaan helposti s\u00e4ilytt\u00e4\u00e4 keitti\u00f6n laatikossa ja vapauttaa n\u00e4in arvokasta ty\u00f6tilaa. Kitchen Electric Knife Sharpener on edullisin ja tehokkain s\u00e4hk\u00f6inen veitsenteroitin niille, jotka haluavat nopean, yksinkertaisen ja turvallisen tavan teroittaa kaikki keitti\u00f6veitset. Se on hell\u00e4varainen veitsille ja teroittaa alle minuutissa. Kitchen Electric -veitsenteroitin k\u00e4ytt\u00e4\u00e4 joustavia hiomalevyj\u00e4 hell\u00e4varaisempaa teroitusta ja ter\u00e4v\u00e4mp\u00e4\u00e4 ter\u00e4\u00e4 varten.&hellip;\" \/>\n<meta property=\"og:url\" content=\"https:\/\/aaknives.eu\/fi\/product\/e2-sahkoinen-keittioveitsen-teroitin\/\" \/>\n<meta property=\"og:site_name\" content=\"AAKnives\" \/>\n<meta property=\"article:publisher\" content=\"https:\/\/www.facebook.com\/aaknives.eu\/\" \/>\n<meta name=\"twitter:card\" content=\"summary_large_image\" \/>\n<meta name=\"twitter:label1\" content=\"Arvioitu lukuaika\" \/>\n\t<meta name=\"twitter:data1\" content=\"1 minuutti\" \/>\n<script type=\"application\/ld+json\" class=\"yoast-schema-graph\">{\"@context\":\"https:\\\/\\\/schema.org\",\"@graph\":[{\"@type\":\"WebPage\",\"@id\":\"https:\\\/\\\/aaknives.eu\\\/fi\\\/product\\\/e2-sahkoinen-keittioveitsen-teroitin\\\/\",\"url\":\"https:\\\/\\\/aaknives.eu\\\/fi\\\/product\\\/e2-sahkoinen-keittioveitsen-teroitin\\\/\",\"name\":\"E2 S\u00c4HK\u00d6INEN KEITTI\u00d6VEITSEN TEROITIN - AAKnives\",\"isPartOf\":{\"@id\":\"https:\\\/\\\/aaknives.eu\\\/fi\\\/#website\"},\"primaryImageOfPage\":{\"@id\":\"https:\\\/\\\/aaknives.eu\\\/fi\\\/product\\\/e2-sahkoinen-keittioveitsen-teroitin\\\/#primaryimage\"},\"image\":{\"@id\":\"https:\\\/\\\/aaknives.eu\\\/fi\\\/product\\\/e2-sahkoinen-keittioveitsen-teroitin\\\/#primaryimage\"},\"thumbnailUrl\":\"https:\\\/\\\/aaknives.eu\\\/wp-content\\\/uploads\\\/2023\\\/12\\\/e2-1.jpg\",\"datePublished\":\"2023-12-19T17:41:06+00:00\",\"breadcrumb\":{\"@id\":\"https:\\\/\\\/aaknives.eu\\\/fi\\\/product\\\/e2-sahkoinen-keittioveitsen-teroitin\\\/#breadcrumb\"},\"inLanguage\":\"fi\",\"potentialAction\":[{\"@type\":\"ReadAction\",\"target\":[\"https:\\\/\\\/aaknives.eu\\\/fi\\\/product\\\/e2-sahkoinen-keittioveitsen-teroitin\\\/\"]}]},{\"@type\":\"ImageObject\",\"inLanguage\":\"fi\",\"@id\":\"https:\\\/\\\/aaknives.eu\\\/fi\\\/product\\\/e2-sahkoinen-keittioveitsen-teroitin\\\/#primaryimage\",\"url\":\"https:\\\/\\\/aaknives.eu\\\/wp-content\\\/uploads\\\/2023\\\/12\\\/e2-1.jpg\",\"contentUrl\":\"https:\\\/\\\/aaknives.eu\\\/wp-content\\\/uploads\\\/2023\\\/12\\\/e2-1.jpg\",\"width\":965,\"height\":967,\"caption\":\"e2 1\"},{\"@type\":\"BreadcrumbList\",\"@id\":\"https:\\\/\\\/aaknives.eu\\\/fi\\\/product\\\/e2-sahkoinen-keittioveitsen-teroitin\\\/#breadcrumb\",\"itemListElement\":[{\"@type\":\"ListItem\",\"position\":1,\"name\":\"Home\",\"item\":\"https:\\\/\\\/aaknives.eu\\\/fi\\\/\"},{\"@type\":\"ListItem\",\"position\":2,\"name\":\"Kauppa\",\"item\":\"https:\\\/\\\/aaknives.eu\\\/kauppa\\\/\"},{\"@type\":\"ListItem\",\"position\":3,\"name\":\"E2 S\u00c4HK\u00d6INEN KEITTI\u00d6VEITSEN TEROITIN\"}]},{\"@type\":\"WebSite\",\"@id\":\"https:\\\/\\\/aaknives.eu\\\/fi\\\/#website\",\"url\":\"https:\\\/\\\/aaknives.eu\\\/fi\\\/\",\"name\":\"AAKnives\",\"description\":\"Handmade knives\",\"publisher\":{\"@id\":\"https:\\\/\\\/aaknives.eu\\\/fi\\\/#organization\"},\"potentialAction\":[{\"@type\":\"SearchAction\",\"target\":{\"@type\":\"EntryPoint\",\"urlTemplate\":\"https:\\\/\\\/aaknives.eu\\\/fi\\\/?s={search_term_string}\"},\"query-input\":{\"@type\":\"PropertyValueSpecification\",\"valueRequired\":true,\"valueName\":\"search_term_string\"}}],\"inLanguage\":\"fi\"},{\"@type\":\"Organization\",\"@id\":\"https:\\\/\\\/aaknives.eu\\\/fi\\\/#organization\",\"name\":\"AAKnives\",\"url\":\"https:\\\/\\\/aaknives.eu\\\/fi\\\/\",\"logo\":{\"@type\":\"ImageObject\",\"inLanguage\":\"fi\",\"@id\":\"https:\\\/\\\/aaknives.eu\\\/fi\\\/#\\\/schema\\\/logo\\\/image\\\/\",\"url\":\"https:\\\/\\\/aaknives.eu\\\/wp-content\\\/uploads\\\/2021\\\/10\\\/AAknives_Logo_Green.png\",\"contentUrl\":\"https:\\\/\\\/aaknives.eu\\\/wp-content\\\/uploads\\\/2021\\\/10\\\/AAknives_Logo_Green.png\",\"width\":1768,\"height\":1768,\"caption\":\"AAKnives\"},\"image\":{\"@id\":\"https:\\\/\\\/aaknives.eu\\\/fi\\\/#\\\/schema\\\/logo\\\/image\\\/\"},\"sameAs\":[\"https:\\\/\\\/www.facebook.com\\\/aaknives.eu\\\/\",\"https:\\\/\\\/www.instagram.com\\\/aaknives\\\/\",\"https:\\\/\\\/www.pinterest.com\\\/aa_knives\\\/\",\"https:\\\/\\\/www.youtube.com\\\/channel\\\/UCHOQFjrOkgT6s4FIw9LDKyw\\\/featured\"]}]}<\/script>\n<!-- \/ Yoast SEO plugin. -->","yoast_head_json":{"title":"E2 S\u00c4HK\u00d6INEN KEITTI\u00d6VEITSEN TEROITIN - AAKnives","robots":{"index":"index","follow":"follow","max-snippet":"max-snippet:-1","max-image-preview":"max-image-preview:large","max-video-preview":"max-video-preview:-1"},"canonical":"https:\/\/aaknives.eu\/fi\/product\/e2-sahkoinen-keittioveitsen-teroitin\/","og_locale":"fi_FI","og_type":"article","og_title":"E2 S\u00c4HK\u00d6INEN KEITTI\u00d6VEITSEN TEROITIN - AAKnives","og_description":"Work Sharp Electric Kitchen Knife Sharpener on kompakti s\u00e4hk\u00f6k\u00e4ytt\u00f6inen keitti\u00f6veitsen teroitin, joka teroittaa kaikki omistamasi keitti\u00f6veitset. Kulmaohjaimet takaavat tasaisen ja toistettavan reunakulman, kun taas joustavat hiomalaikat teroittavat leikkuureunan hell\u00e4varaisesti. Keraamiset py\u00f6r\u00e4t hioo ter\u00e4n ter\u00e4vyyden takaisin tehtaan ter\u00e4vyystasolle, ja niit\u00e4 voidaan k\u00e4ytt\u00e4\u00e4 p\u00e4ivitt\u00e4in pit\u00e4m\u00e4\u00e4n veitset ter\u00e4vin\u00e4 ja k\u00e4ytt\u00f6valmiina. Pienikokoinen muotoilu voidaan helposti s\u00e4ilytt\u00e4\u00e4 keitti\u00f6n laatikossa ja vapauttaa n\u00e4in arvokasta ty\u00f6tilaa. Kitchen Electric Knife Sharpener on edullisin ja tehokkain s\u00e4hk\u00f6inen veitsenteroitin niille, jotka haluavat nopean, yksinkertaisen ja turvallisen tavan teroittaa kaikki keitti\u00f6veitset. Se on hell\u00e4varainen veitsille ja teroittaa alle minuutissa. Kitchen Electric -veitsenteroitin k\u00e4ytt\u00e4\u00e4 joustavia hiomalevyj\u00e4 hell\u00e4varaisempaa teroitusta ja ter\u00e4v\u00e4mp\u00e4\u00e4 ter\u00e4\u00e4 varten.&hellip;","og_url":"https:\/\/aaknives.eu\/fi\/product\/e2-sahkoinen-keittioveitsen-teroitin\/","og_site_name":"AAKnives","article_publisher":"https:\/\/www.facebook.com\/aaknives.eu\/","twitter_card":"summary_large_image","twitter_misc":{"Arvioitu lukuaika":"1 minuutti"},"schema":{"@context":"https:\/\/schema.org","@graph":[{"@type":"WebPage","@id":"https:\/\/aaknives.eu\/fi\/product\/e2-sahkoinen-keittioveitsen-teroitin\/","url":"https:\/\/aaknives.eu\/fi\/product\/e2-sahkoinen-keittioveitsen-teroitin\/","name":"E2 S\u00c4HK\u00d6INEN KEITTI\u00d6VEITSEN TEROITIN - AAKnives","isPartOf":{"@id":"https:\/\/aaknives.eu\/fi\/#website"},"primaryImageOfPage":{"@id":"https:\/\/aaknives.eu\/fi\/product\/e2-sahkoinen-keittioveitsen-teroitin\/#primaryimage"},"image":{"@id":"https:\/\/aaknives.eu\/fi\/product\/e2-sahkoinen-keittioveitsen-teroitin\/#primaryimage"},"thumbnailUrl":"https:\/\/aaknives.eu\/wp-content\/uploads\/2023\/12\/e2-1.jpg","datePublished":"2023-12-19T17:41:06+00:00","breadcrumb":{"@id":"https:\/\/aaknives.eu\/fi\/product\/e2-sahkoinen-keittioveitsen-teroitin\/#breadcrumb"},"inLanguage":"fi","potentialAction":[{"@type":"ReadAction","target":["https:\/\/aaknives.eu\/fi\/product\/e2-sahkoinen-keittioveitsen-teroitin\/"]}]},{"@type":"ImageObject","inLanguage":"fi","@id":"https:\/\/aaknives.eu\/fi\/product\/e2-sahkoinen-keittioveitsen-teroitin\/#primaryimage","url":"https:\/\/aaknives.eu\/wp-content\/uploads\/2023\/12\/e2-1.jpg","contentUrl":"https:\/\/aaknives.eu\/wp-content\/uploads\/2023\/12\/e2-1.jpg","width":965,"height":967,"caption":"e2 1"},{"@type":"BreadcrumbList","@id":"https:\/\/aaknives.eu\/fi\/product\/e2-sahkoinen-keittioveitsen-teroitin\/#breadcrumb","itemListElement":[{"@type":"ListItem","position":1,"name":"Home","item":"https:\/\/aaknives.eu\/fi\/"},{"@type":"ListItem","position":2,"name":"Kauppa","item":"https:\/\/aaknives.eu\/kauppa\/"},{"@type":"ListItem","position":3,"name":"E2 S\u00c4HK\u00d6INEN KEITTI\u00d6VEITSEN TEROITIN"}]},{"@type":"WebSite","@id":"https:\/\/aaknives.eu\/fi\/#website","url":"https:\/\/aaknives.eu\/fi\/","name":"AAKnives","description":"Handmade knives","publisher":{"@id":"https:\/\/aaknives.eu\/fi\/#organization"},"potentialAction":[{"@type":"SearchAction","target":{"@type":"EntryPoint","urlTemplate":"https:\/\/aaknives.eu\/fi\/?s={search_term_string}"},"query-input":{"@type":"PropertyValueSpecification","valueRequired":true,"valueName":"search_term_string"}}],"inLanguage":"fi"},{"@type":"Organization","@id":"https:\/\/aaknives.eu\/fi\/#organization","name":"AAKnives","url":"https:\/\/aaknives.eu\/fi\/","logo":{"@type":"ImageObject","inLanguage":"fi","@id":"https:\/\/aaknives.eu\/fi\/#\/schema\/logo\/image\/","url":"https:\/\/aaknives.eu\/wp-content\/uploads\/2021\/10\/AAknives_Logo_Green.png","contentUrl":"https:\/\/aaknives.eu\/wp-content\/uploads\/2021\/10\/AAknives_Logo_Green.png","width":1768,"height":1768,"caption":"AAKnives"},"image":{"@id":"https:\/\/aaknives.eu\/fi\/#\/schema\/logo\/image\/"},"sameAs":["https:\/\/www.facebook.com\/aaknives.eu\/","https:\/\/www.instagram.com\/aaknives\/","https:\/\/www.pinterest.com\/aa_knives\/","https:\/\/www.youtube.com\/channel\/UCHOQFjrOkgT6s4FIw9LDKyw\/featured"]}]}},"_links":{"self":[{"href":"https:\/\/aaknives.eu\/fi\/wp-json\/wp\/v2\/product\/58275","targetHints":{"allow":["GET"]}}],"collection":[{"href":"https:\/\/aaknives.eu\/fi\/wp-json\/wp\/v2\/product"}],"about":[{"href":"https:\/\/aaknives.eu\/fi\/wp-json\/wp\/v2\/types\/product"}],"wp:featuredmedia":[{"embeddable":true,"href":"https:\/\/aaknives.eu\/fi\/wp-json\/wp\/v2\/media\/58276"}],"wp:attachment":[{"href":"https:\/\/aaknives.eu\/fi\/wp-json\/wp\/v2\/media?parent=58275"}],"wp:term":[{"taxonomy":"product_brand","embeddable":true,"href":"https:\/\/aaknives.eu\/fi\/wp-json\/wp\/v2\/product_brand?post=58275"},{"taxonomy":"product_cat","embeddable":true,"href":"https:\/\/aaknives.eu\/fi\/wp-json\/wp\/v2\/product_cat?post=58275"},{"taxonomy":"product_tag","embeddable":true,"href":"https:\/\/aaknives.eu\/fi\/wp-json\/wp\/v2\/product_tag?post=58275"}],"curies":[{"name":"wp","href":"https:\/\/api.w.org\/{rel}","templated":true}]}}