{"id":58457,"date":"2023-08-16T16:16:29","date_gmt":"2023-08-16T16:16:29","guid":{"rendered":"https:\/\/aaknives.eu\/product\/tera-grizzly-kasin-taottu-d2-teras\/"},"modified":"2023-08-16T16:16:29","modified_gmt":"2023-08-16T16:16:29","slug":"tera-grizzly-kasin-taottu-d2-teras","status":"publish","type":"product","link":"https:\/\/aaknives.eu\/fi\/product\/tera-grizzly-kasin-taottu-d2-teras\/","title":{"rendered":"Ter\u00e4 &#8220;GRIZZLY&#8221;- k\u00e4sin taottu D2-ter\u00e4s"},"content":{"rendered":"<p>Ter\u00e4n tekniset tiedot &#8211; GRIZZLY<br \/>\nTer\u00e4s: k\u00e4sin taottu D2<br \/>\nKovuus: 60-61 HRC<br \/>\nTer\u00e4n pituus: 138 mm\/ 5,43 tuumaa<br \/>\nTer\u00e4n paksuus: Ter\u00e4n paksuus: 3 mm\/ 0,11 tuumaa<br \/>\nTer\u00e4n leveys: 35 mm\/ 1,37 tuumaa<br \/>\nKokonaispituus: 228 mm\/ 8,97 tuumaa<\/p>\n<p>D2-ter\u00e4s on yksi maailman parhaista ja tunnetuimmista ter\u00e4ter\u00e4ksist\u00e4.<\/p>\n<p>D2-ter\u00e4sveitsi\u00e4 valmistavat tunnetut yhdysvaltalaiset ja japanilaiset yritykset.<\/p>\n<p>T\u00e4st\u00e4 ter\u00e4ksest\u00e4 valmistetut veitset pit\u00e4v\u00e4t ter\u00e4ns\u00e4 t\u00e4ydellisesti ja kest\u00e4v\u00e4t hyvin korroosiota.<\/p>\n<p>L\u00e4mp\u00f6k\u00e4sittelyn j\u00e4lkeen D2-ter\u00e4ksen ter\u00e4n kovuus on 60-61 HRC.<\/p>\n","protected":false},"excerpt":{"rendered":"<p>Ter\u00e4n tekniset tiedot &#8211; GRIZZLY Ter\u00e4s: k\u00e4sin taottu D2 Kovuus: 60-61 HRC Ter\u00e4n pituus: 138 mm\/ 5,43 tuumaa Ter\u00e4n paksuus: Ter\u00e4n paksuus: 3 mm\/ 0,11 tuumaa Ter\u00e4n leveys: 35 mm\/ 1,37 tuumaa Kokonaispituus: 228 mm\/ 8,97 tuumaa D2-ter\u00e4s on yksi maailman parhaista ja tunnetuimmista ter\u00e4ter\u00e4ksist\u00e4. D2-ter\u00e4sveitsi\u00e4 valmistavat tunnetut yhdysvaltalaiset ja japanilaiset yritykset. T\u00e4st\u00e4 ter\u00e4ksest\u00e4 valmistetut veitset pit\u00e4v\u00e4t ter\u00e4ns\u00e4 t\u00e4ydellisesti ja kest\u00e4v\u00e4t hyvin korroosiota. L\u00e4mp\u00f6k\u00e4sittelyn j\u00e4lkeen D2-ter\u00e4ksen ter\u00e4n kovuus on 60-61 HRC.<\/p>\n","protected":false},"featured_media":58458,"template":"","meta":{"_themeisle_gutenberg_block_has_review":false},"product_brand":[],"product_cat":[470],"product_tag":[],"class_list":{"0":"post-58457","1":"product","2":"type-product","3":"status-publish","4":"has-post-thumbnail","6":"product_cat-terat","8":"first","9":"instock","10":"shipping-taxable","11":"purchasable","12":"product-type-simple"},"yoast_head":"<!-- This site is optimized with the Yoast SEO plugin v27.3 - https:\/\/yoast.com\/product\/yoast-seo-wordpress\/ -->\n<title>Ter\u00e4 &quot;GRIZZLY&quot;- k\u00e4sin taottu D2-ter\u00e4s - AAKnives<\/title>\n<meta name=\"description\" content=\"Ter\u00e4 &quot;GRIZZLY&quot;- k\u00e4sin taottu D2-ter\u00e4s\" \/>\n<meta name=\"robots\" content=\"index, follow, max-snippet:-1, max-image-preview:large, max-video-preview:-1\" \/>\n<link rel=\"canonical\" href=\"https:\/\/aaknives.eu\/fi\/product\/tera-grizzly-kasin-taottu-d2-teras\/\" \/>\n<meta property=\"og:locale\" content=\"fi_FI\" \/>\n<meta property=\"og:type\" content=\"article\" \/>\n<meta property=\"og:title\" content=\"Ter\u00e4 &quot;GRIZZLY&quot;- k\u00e4sin taottu D2-ter\u00e4s - AAKnives\" \/>\n<meta property=\"og:description\" content=\"Ter\u00e4 &quot;GRIZZLY&quot;- k\u00e4sin taottu D2-ter\u00e4s\" \/>\n<meta property=\"og:url\" content=\"https:\/\/aaknives.eu\/fi\/product\/tera-grizzly-kasin-taottu-d2-teras\/\" \/>\n<meta property=\"og:site_name\" content=\"AAKnives\" \/>\n<meta property=\"article:publisher\" content=\"https:\/\/www.facebook.com\/aaknives.eu\/\" \/>\n<meta property=\"og:image\" content=\"https:\/\/aaknives.eu\/wp-content\/uploads\/2023\/08\/aaknives-hand-forged-dabascus-steel-blade-knife-handmade-custom-made-knife-handcrafted-knives-autinetools-northmen-1-25.jpg\" \/>\n\t<meta property=\"og:image:width\" content=\"1020\" \/>\n\t<meta property=\"og:image:height\" content=\"880\" \/>\n\t<meta property=\"og:image:type\" content=\"image\/jpeg\" \/>\n<meta name=\"twitter:card\" content=\"summary_large_image\" \/>\n<script type=\"application\/ld+json\" class=\"yoast-schema-graph\">{\"@context\":\"https:\\\/\\\/schema.org\",\"@graph\":[{\"@type\":\"WebPage\",\"@id\":\"https:\\\/\\\/aaknives.eu\\\/fi\\\/product\\\/tera-grizzly-kasin-taottu-d2-teras\\\/\",\"url\":\"https:\\\/\\\/aaknives.eu\\\/fi\\\/product\\\/tera-grizzly-kasin-taottu-d2-teras\\\/\",\"name\":\"Ter\u00e4 \\\"GRIZZLY\\\"- k\u00e4sin taottu D2-ter\u00e4s - AAKnives\",\"isPartOf\":{\"@id\":\"https:\\\/\\\/aaknives.eu\\\/fi\\\/#website\"},\"primaryImageOfPage\":{\"@id\":\"https:\\\/\\\/aaknives.eu\\\/fi\\\/product\\\/tera-grizzly-kasin-taottu-d2-teras\\\/#primaryimage\"},\"image\":{\"@id\":\"https:\\\/\\\/aaknives.eu\\\/fi\\\/product\\\/tera-grizzly-kasin-taottu-d2-teras\\\/#primaryimage\"},\"thumbnailUrl\":\"https:\\\/\\\/aaknives.eu\\\/wp-content\\\/uploads\\\/2023\\\/08\\\/aaknives-hand-forged-dabascus-steel-blade-knife-handmade-custom-made-knife-handcrafted-knives-autinetools-northmen-1-25.jpg\",\"datePublished\":\"2023-08-16T16:16:29+00:00\",\"description\":\"Ter\u00e4 \\\"GRIZZLY\\\"- k\u00e4sin taottu D2-ter\u00e4s\",\"breadcrumb\":{\"@id\":\"https:\\\/\\\/aaknives.eu\\\/fi\\\/product\\\/tera-grizzly-kasin-taottu-d2-teras\\\/#breadcrumb\"},\"inLanguage\":\"fi\",\"potentialAction\":[{\"@type\":\"ReadAction\",\"target\":[\"https:\\\/\\\/aaknives.eu\\\/fi\\\/product\\\/tera-grizzly-kasin-taottu-d2-teras\\\/\"]}]},{\"@type\":\"ImageObject\",\"inLanguage\":\"fi\",\"@id\":\"https:\\\/\\\/aaknives.eu\\\/fi\\\/product\\\/tera-grizzly-kasin-taottu-d2-teras\\\/#primaryimage\",\"url\":\"https:\\\/\\\/aaknives.eu\\\/wp-content\\\/uploads\\\/2023\\\/08\\\/aaknives-hand-forged-dabascus-steel-blade-knife-handmade-custom-made-knife-handcrafted-knives-autinetools-northmen-1-25.jpg\",\"contentUrl\":\"https:\\\/\\\/aaknives.eu\\\/wp-content\\\/uploads\\\/2023\\\/08\\\/aaknives-hand-forged-dabascus-steel-blade-knife-handmade-custom-made-knife-handcrafted-knives-autinetools-northmen-1-25.jpg\",\"width\":1020,\"height\":880,\"caption\":\"aaknives hand forged dabascus steel blade knife handmade custom made knife handcrafted knives autinetools northmen 1 25\"},{\"@type\":\"BreadcrumbList\",\"@id\":\"https:\\\/\\\/aaknives.eu\\\/fi\\\/product\\\/tera-grizzly-kasin-taottu-d2-teras\\\/#breadcrumb\",\"itemListElement\":[{\"@type\":\"ListItem\",\"position\":1,\"name\":\"Home\",\"item\":\"https:\\\/\\\/aaknives.eu\\\/fi\\\/\"},{\"@type\":\"ListItem\",\"position\":2,\"name\":\"Kauppa\",\"item\":\"https:\\\/\\\/aaknives.eu\\\/kauppa\\\/\"},{\"@type\":\"ListItem\",\"position\":3,\"name\":\"Ter\u00e4 &#8220;GRIZZLY&#8221;- k\u00e4sin taottu D2-ter\u00e4s\"}]},{\"@type\":\"WebSite\",\"@id\":\"https:\\\/\\\/aaknives.eu\\\/fi\\\/#website\",\"url\":\"https:\\\/\\\/aaknives.eu\\\/fi\\\/\",\"name\":\"AAKnives\",\"description\":\"Handmade knives\",\"publisher\":{\"@id\":\"https:\\\/\\\/aaknives.eu\\\/fi\\\/#organization\"},\"potentialAction\":[{\"@type\":\"SearchAction\",\"target\":{\"@type\":\"EntryPoint\",\"urlTemplate\":\"https:\\\/\\\/aaknives.eu\\\/fi\\\/?s={search_term_string}\"},\"query-input\":{\"@type\":\"PropertyValueSpecification\",\"valueRequired\":true,\"valueName\":\"search_term_string\"}}],\"inLanguage\":\"fi\"},{\"@type\":\"Organization\",\"@id\":\"https:\\\/\\\/aaknives.eu\\\/fi\\\/#organization\",\"name\":\"AAKnives\",\"url\":\"https:\\\/\\\/aaknives.eu\\\/fi\\\/\",\"logo\":{\"@type\":\"ImageObject\",\"inLanguage\":\"fi\",\"@id\":\"https:\\\/\\\/aaknives.eu\\\/fi\\\/#\\\/schema\\\/logo\\\/image\\\/\",\"url\":\"https:\\\/\\\/aaknives.eu\\\/wp-content\\\/uploads\\\/2021\\\/10\\\/AAknives_Logo_Green.png\",\"contentUrl\":\"https:\\\/\\\/aaknives.eu\\\/wp-content\\\/uploads\\\/2021\\\/10\\\/AAknives_Logo_Green.png\",\"width\":1768,\"height\":1768,\"caption\":\"AAKnives\"},\"image\":{\"@id\":\"https:\\\/\\\/aaknives.eu\\\/fi\\\/#\\\/schema\\\/logo\\\/image\\\/\"},\"sameAs\":[\"https:\\\/\\\/www.facebook.com\\\/aaknives.eu\\\/\",\"https:\\\/\\\/www.instagram.com\\\/aaknives\\\/\",\"https:\\\/\\\/www.pinterest.com\\\/aa_knives\\\/\",\"https:\\\/\\\/www.youtube.com\\\/channel\\\/UCHOQFjrOkgT6s4FIw9LDKyw\\\/featured\"]}]}<\/script>\n<!-- \/ Yoast SEO plugin. -->","yoast_head_json":{"title":"Ter\u00e4 \"GRIZZLY\"- k\u00e4sin taottu D2-ter\u00e4s - AAKnives","description":"Ter\u00e4 \"GRIZZLY\"- k\u00e4sin taottu D2-ter\u00e4s","robots":{"index":"index","follow":"follow","max-snippet":"max-snippet:-1","max-image-preview":"max-image-preview:large","max-video-preview":"max-video-preview:-1"},"canonical":"https:\/\/aaknives.eu\/fi\/product\/tera-grizzly-kasin-taottu-d2-teras\/","og_locale":"fi_FI","og_type":"article","og_title":"Ter\u00e4 \"GRIZZLY\"- k\u00e4sin taottu D2-ter\u00e4s - AAKnives","og_description":"Ter\u00e4 \"GRIZZLY\"- k\u00e4sin taottu D2-ter\u00e4s","og_url":"https:\/\/aaknives.eu\/fi\/product\/tera-grizzly-kasin-taottu-d2-teras\/","og_site_name":"AAKnives","article_publisher":"https:\/\/www.facebook.com\/aaknives.eu\/","og_image":[{"width":1020,"height":880,"url":"https:\/\/aaknives.eu\/wp-content\/uploads\/2023\/08\/aaknives-hand-forged-dabascus-steel-blade-knife-handmade-custom-made-knife-handcrafted-knives-autinetools-northmen-1-25.jpg","type":"image\/jpeg"}],"twitter_card":"summary_large_image","schema":{"@context":"https:\/\/schema.org","@graph":[{"@type":"WebPage","@id":"https:\/\/aaknives.eu\/fi\/product\/tera-grizzly-kasin-taottu-d2-teras\/","url":"https:\/\/aaknives.eu\/fi\/product\/tera-grizzly-kasin-taottu-d2-teras\/","name":"Ter\u00e4 \"GRIZZLY\"- k\u00e4sin taottu D2-ter\u00e4s - AAKnives","isPartOf":{"@id":"https:\/\/aaknives.eu\/fi\/#website"},"primaryImageOfPage":{"@id":"https:\/\/aaknives.eu\/fi\/product\/tera-grizzly-kasin-taottu-d2-teras\/#primaryimage"},"image":{"@id":"https:\/\/aaknives.eu\/fi\/product\/tera-grizzly-kasin-taottu-d2-teras\/#primaryimage"},"thumbnailUrl":"https:\/\/aaknives.eu\/wp-content\/uploads\/2023\/08\/aaknives-hand-forged-dabascus-steel-blade-knife-handmade-custom-made-knife-handcrafted-knives-autinetools-northmen-1-25.jpg","datePublished":"2023-08-16T16:16:29+00:00","description":"Ter\u00e4 \"GRIZZLY\"- k\u00e4sin taottu D2-ter\u00e4s","breadcrumb":{"@id":"https:\/\/aaknives.eu\/fi\/product\/tera-grizzly-kasin-taottu-d2-teras\/#breadcrumb"},"inLanguage":"fi","potentialAction":[{"@type":"ReadAction","target":["https:\/\/aaknives.eu\/fi\/product\/tera-grizzly-kasin-taottu-d2-teras\/"]}]},{"@type":"ImageObject","inLanguage":"fi","@id":"https:\/\/aaknives.eu\/fi\/product\/tera-grizzly-kasin-taottu-d2-teras\/#primaryimage","url":"https:\/\/aaknives.eu\/wp-content\/uploads\/2023\/08\/aaknives-hand-forged-dabascus-steel-blade-knife-handmade-custom-made-knife-handcrafted-knives-autinetools-northmen-1-25.jpg","contentUrl":"https:\/\/aaknives.eu\/wp-content\/uploads\/2023\/08\/aaknives-hand-forged-dabascus-steel-blade-knife-handmade-custom-made-knife-handcrafted-knives-autinetools-northmen-1-25.jpg","width":1020,"height":880,"caption":"aaknives hand forged dabascus steel blade knife handmade custom made knife handcrafted knives autinetools northmen 1 25"},{"@type":"BreadcrumbList","@id":"https:\/\/aaknives.eu\/fi\/product\/tera-grizzly-kasin-taottu-d2-teras\/#breadcrumb","itemListElement":[{"@type":"ListItem","position":1,"name":"Home","item":"https:\/\/aaknives.eu\/fi\/"},{"@type":"ListItem","position":2,"name":"Kauppa","item":"https:\/\/aaknives.eu\/kauppa\/"},{"@type":"ListItem","position":3,"name":"Ter\u00e4 &#8220;GRIZZLY&#8221;- k\u00e4sin taottu D2-ter\u00e4s"}]},{"@type":"WebSite","@id":"https:\/\/aaknives.eu\/fi\/#website","url":"https:\/\/aaknives.eu\/fi\/","name":"AAKnives","description":"Handmade knives","publisher":{"@id":"https:\/\/aaknives.eu\/fi\/#organization"},"potentialAction":[{"@type":"SearchAction","target":{"@type":"EntryPoint","urlTemplate":"https:\/\/aaknives.eu\/fi\/?s={search_term_string}"},"query-input":{"@type":"PropertyValueSpecification","valueRequired":true,"valueName":"search_term_string"}}],"inLanguage":"fi"},{"@type":"Organization","@id":"https:\/\/aaknives.eu\/fi\/#organization","name":"AAKnives","url":"https:\/\/aaknives.eu\/fi\/","logo":{"@type":"ImageObject","inLanguage":"fi","@id":"https:\/\/aaknives.eu\/fi\/#\/schema\/logo\/image\/","url":"https:\/\/aaknives.eu\/wp-content\/uploads\/2021\/10\/AAknives_Logo_Green.png","contentUrl":"https:\/\/aaknives.eu\/wp-content\/uploads\/2021\/10\/AAknives_Logo_Green.png","width":1768,"height":1768,"caption":"AAKnives"},"image":{"@id":"https:\/\/aaknives.eu\/fi\/#\/schema\/logo\/image\/"},"sameAs":["https:\/\/www.facebook.com\/aaknives.eu\/","https:\/\/www.instagram.com\/aaknives\/","https:\/\/www.pinterest.com\/aa_knives\/","https:\/\/www.youtube.com\/channel\/UCHOQFjrOkgT6s4FIw9LDKyw\/featured"]}]}},"_links":{"self":[{"href":"https:\/\/aaknives.eu\/fi\/wp-json\/wp\/v2\/product\/58457","targetHints":{"allow":["GET"]}}],"collection":[{"href":"https:\/\/aaknives.eu\/fi\/wp-json\/wp\/v2\/product"}],"about":[{"href":"https:\/\/aaknives.eu\/fi\/wp-json\/wp\/v2\/types\/product"}],"wp:featuredmedia":[{"embeddable":true,"href":"https:\/\/aaknives.eu\/fi\/wp-json\/wp\/v2\/media\/58458"}],"wp:attachment":[{"href":"https:\/\/aaknives.eu\/fi\/wp-json\/wp\/v2\/media?parent=58457"}],"wp:term":[{"taxonomy":"product_brand","embeddable":true,"href":"https:\/\/aaknives.eu\/fi\/wp-json\/wp\/v2\/product_brand?post=58457"},{"taxonomy":"product_cat","embeddable":true,"href":"https:\/\/aaknives.eu\/fi\/wp-json\/wp\/v2\/product_cat?post=58457"},{"taxonomy":"product_tag","embeddable":true,"href":"https:\/\/aaknives.eu\/fi\/wp-json\/wp\/v2\/product_tag?post=58457"}],"curies":[{"name":"wp","href":"https:\/\/api.w.org\/{rel}","templated":true}]}}