{"id":58459,"date":"2023-08-16T15:49:26","date_gmt":"2023-08-16T15:49:26","guid":{"rendered":"https:\/\/aaknives.eu\/product\/n695-teras-tera-yakut\/"},"modified":"2023-08-16T15:49:26","modified_gmt":"2023-08-16T15:49:26","slug":"n695-teras-tera-yakut","status":"publish","type":"product","link":"https:\/\/aaknives.eu\/fi\/product\/n695-teras-tera-yakut\/","title":{"rendered":"N695-ter\u00e4s ter\u00e4 &#8220;YAKUT&#8221;"},"content":{"rendered":"<p>Ter\u00e4n tekniset tiedot &#8211; YAKUT<br \/>\nTer\u00e4s: k\u00e4sin taottu N695-ter\u00e4s<br \/>\nKovuus: 59 HRC<br \/>\nTer\u00e4n pituus: 148 mm\/ 5,82 tuumaa<br \/>\nTer\u00e4n paksuus: Ter\u00e4n paksuus: 3 mm\/ 0,12 tuumaa<br \/>\nTer\u00e4n leveys: 33 mm\/ 1,30 tuumaa<br \/>\nKokonaispituus: 237 mm\/ 9,33Tuuma<\/p>\n<p>Sill\u00e4 on suuri kovuus, hyv\u00e4 kulutuskest\u00e4vyys ja hyv\u00e4 korroosionkest\u00e4vyys. N695-ter\u00e4ksest\u00e4 valmistettu veitsi ei ole altis korroosiolle, se on ter\u00e4v\u00e4 pitk\u00e4\u00e4n eik\u00e4 vaadi erityist\u00e4 huoltoa.<\/p>\n<p>Valssattu poikittaistekniikkaa k\u00e4ytt\u00e4en, jotta varmistetaan levyjen ja levymateriaalin mahdollisimman suuri vakaus ja tasalaatuisuus.<\/p>\n","protected":false},"excerpt":{"rendered":"<p>Ter\u00e4n tekniset tiedot &#8211; YAKUT Ter\u00e4s: k\u00e4sin taottu N695-ter\u00e4s Kovuus: 59 HRC Ter\u00e4n pituus: 148 mm\/ 5,82 tuumaa Ter\u00e4n paksuus: Ter\u00e4n paksuus: 3 mm\/ 0,12 tuumaa Ter\u00e4n leveys: 33 mm\/ 1,30 tuumaa Kokonaispituus: 237 mm\/ 9,33Tuuma Sill\u00e4 on suuri kovuus, hyv\u00e4 kulutuskest\u00e4vyys ja hyv\u00e4 korroosionkest\u00e4vyys. N695-ter\u00e4ksest\u00e4 valmistettu veitsi ei ole altis korroosiolle, se on ter\u00e4v\u00e4 pitk\u00e4\u00e4n eik\u00e4 vaadi erityist\u00e4 huoltoa. Valssattu poikittaistekniikkaa k\u00e4ytt\u00e4en, jotta varmistetaan levyjen ja levymateriaalin mahdollisimman suuri vakaus ja tasalaatuisuus.<\/p>\n","protected":false},"featured_media":58460,"template":"","meta":{"_themeisle_gutenberg_block_has_review":false},"product_brand":[],"product_cat":[470],"product_tag":[],"class_list":{"0":"post-58459","1":"product","2":"type-product","3":"status-publish","4":"has-post-thumbnail","6":"product_cat-terat","8":"first","9":"instock","10":"shipping-taxable","11":"purchasable","12":"product-type-simple"},"yoast_head":"<!-- This site is optimized with the Yoast SEO plugin v27.3 - https:\/\/yoast.com\/product\/yoast-seo-wordpress\/ -->\n<title>N695-ter\u00e4s ter\u00e4 &quot;YAKUT&quot; - AAKnives<\/title>\n<meta name=\"robots\" content=\"index, follow, max-snippet:-1, max-image-preview:large, max-video-preview:-1\" \/>\n<link rel=\"canonical\" href=\"https:\/\/aaknives.eu\/fi\/product\/n695-teras-tera-yakut\/\" \/>\n<meta property=\"og:locale\" content=\"fi_FI\" \/>\n<meta property=\"og:type\" content=\"article\" \/>\n<meta property=\"og:title\" content=\"N695-ter\u00e4s ter\u00e4 &quot;YAKUT&quot; - AAKnives\" \/>\n<meta property=\"og:description\" content=\"Ter\u00e4n tekniset tiedot &#8211; YAKUT Ter\u00e4s: k\u00e4sin taottu N695-ter\u00e4s Kovuus: 59 HRC Ter\u00e4n pituus: 148 mm\/ 5,82 tuumaa Ter\u00e4n paksuus: Ter\u00e4n paksuus: 3 mm\/ 0,12 tuumaa Ter\u00e4n leveys: 33 mm\/ 1,30 tuumaa Kokonaispituus: 237 mm\/ 9,33Tuuma Sill\u00e4 on suuri kovuus, hyv\u00e4 kulutuskest\u00e4vyys ja hyv\u00e4 korroosionkest\u00e4vyys. N695-ter\u00e4ksest\u00e4 valmistettu veitsi ei ole altis korroosiolle, se on ter\u00e4v\u00e4 pitk\u00e4\u00e4n eik\u00e4 vaadi erityist\u00e4 huoltoa. Valssattu poikittaistekniikkaa k\u00e4ytt\u00e4en, jotta varmistetaan levyjen ja levymateriaalin mahdollisimman suuri vakaus ja tasalaatuisuus.\" \/>\n<meta property=\"og:url\" content=\"https:\/\/aaknives.eu\/fi\/product\/n695-teras-tera-yakut\/\" \/>\n<meta property=\"og:site_name\" content=\"AAKnives\" \/>\n<meta property=\"article:publisher\" content=\"https:\/\/www.facebook.com\/aaknives.eu\/\" \/>\n<meta name=\"twitter:card\" content=\"summary_large_image\" \/>\n<script type=\"application\/ld+json\" class=\"yoast-schema-graph\">{\"@context\":\"https:\\\/\\\/schema.org\",\"@graph\":[{\"@type\":\"WebPage\",\"@id\":\"https:\\\/\\\/aaknives.eu\\\/fi\\\/product\\\/n695-teras-tera-yakut\\\/\",\"url\":\"https:\\\/\\\/aaknives.eu\\\/fi\\\/product\\\/n695-teras-tera-yakut\\\/\",\"name\":\"N695-ter\u00e4s ter\u00e4 \\\"YAKUT\\\" - AAKnives\",\"isPartOf\":{\"@id\":\"https:\\\/\\\/aaknives.eu\\\/fi\\\/#website\"},\"primaryImageOfPage\":{\"@id\":\"https:\\\/\\\/aaknives.eu\\\/fi\\\/product\\\/n695-teras-tera-yakut\\\/#primaryimage\"},\"image\":{\"@id\":\"https:\\\/\\\/aaknives.eu\\\/fi\\\/product\\\/n695-teras-tera-yakut\\\/#primaryimage\"},\"thumbnailUrl\":\"https:\\\/\\\/aaknives.eu\\\/wp-content\\\/uploads\\\/2023\\\/08\\\/aaknives-hand-forged-dabascus-steel-blade-knife-handmade-custom-made-knife-handcrafted-knives-autinetools-northmen-1-27.jpg\",\"datePublished\":\"2023-08-16T15:49:26+00:00\",\"breadcrumb\":{\"@id\":\"https:\\\/\\\/aaknives.eu\\\/fi\\\/product\\\/n695-teras-tera-yakut\\\/#breadcrumb\"},\"inLanguage\":\"fi\",\"potentialAction\":[{\"@type\":\"ReadAction\",\"target\":[\"https:\\\/\\\/aaknives.eu\\\/fi\\\/product\\\/n695-teras-tera-yakut\\\/\"]}]},{\"@type\":\"ImageObject\",\"inLanguage\":\"fi\",\"@id\":\"https:\\\/\\\/aaknives.eu\\\/fi\\\/product\\\/n695-teras-tera-yakut\\\/#primaryimage\",\"url\":\"https:\\\/\\\/aaknives.eu\\\/wp-content\\\/uploads\\\/2023\\\/08\\\/aaknives-hand-forged-dabascus-steel-blade-knife-handmade-custom-made-knife-handcrafted-knives-autinetools-northmen-1-27.jpg\",\"contentUrl\":\"https:\\\/\\\/aaknives.eu\\\/wp-content\\\/uploads\\\/2023\\\/08\\\/aaknives-hand-forged-dabascus-steel-blade-knife-handmade-custom-made-knife-handcrafted-knives-autinetools-northmen-1-27.jpg\",\"width\":1020,\"height\":880,\"caption\":\"aaknives hand forged dabascus steel blade knife handmade custom made knife handcrafted knives autinetools northmen 1 27\"},{\"@type\":\"BreadcrumbList\",\"@id\":\"https:\\\/\\\/aaknives.eu\\\/fi\\\/product\\\/n695-teras-tera-yakut\\\/#breadcrumb\",\"itemListElement\":[{\"@type\":\"ListItem\",\"position\":1,\"name\":\"Home\",\"item\":\"https:\\\/\\\/aaknives.eu\\\/fi\\\/\"},{\"@type\":\"ListItem\",\"position\":2,\"name\":\"Kauppa\",\"item\":\"https:\\\/\\\/aaknives.eu\\\/kauppa\\\/\"},{\"@type\":\"ListItem\",\"position\":3,\"name\":\"N695-ter\u00e4s ter\u00e4 &#8220;YAKUT&#8221;\"}]},{\"@type\":\"WebSite\",\"@id\":\"https:\\\/\\\/aaknives.eu\\\/fi\\\/#website\",\"url\":\"https:\\\/\\\/aaknives.eu\\\/fi\\\/\",\"name\":\"AAKnives\",\"description\":\"Handmade knives\",\"publisher\":{\"@id\":\"https:\\\/\\\/aaknives.eu\\\/fi\\\/#organization\"},\"potentialAction\":[{\"@type\":\"SearchAction\",\"target\":{\"@type\":\"EntryPoint\",\"urlTemplate\":\"https:\\\/\\\/aaknives.eu\\\/fi\\\/?s={search_term_string}\"},\"query-input\":{\"@type\":\"PropertyValueSpecification\",\"valueRequired\":true,\"valueName\":\"search_term_string\"}}],\"inLanguage\":\"fi\"},{\"@type\":\"Organization\",\"@id\":\"https:\\\/\\\/aaknives.eu\\\/fi\\\/#organization\",\"name\":\"AAKnives\",\"url\":\"https:\\\/\\\/aaknives.eu\\\/fi\\\/\",\"logo\":{\"@type\":\"ImageObject\",\"inLanguage\":\"fi\",\"@id\":\"https:\\\/\\\/aaknives.eu\\\/fi\\\/#\\\/schema\\\/logo\\\/image\\\/\",\"url\":\"https:\\\/\\\/aaknives.eu\\\/wp-content\\\/uploads\\\/2021\\\/10\\\/AAknives_Logo_Green.png\",\"contentUrl\":\"https:\\\/\\\/aaknives.eu\\\/wp-content\\\/uploads\\\/2021\\\/10\\\/AAknives_Logo_Green.png\",\"width\":1768,\"height\":1768,\"caption\":\"AAKnives\"},\"image\":{\"@id\":\"https:\\\/\\\/aaknives.eu\\\/fi\\\/#\\\/schema\\\/logo\\\/image\\\/\"},\"sameAs\":[\"https:\\\/\\\/www.facebook.com\\\/aaknives.eu\\\/\",\"https:\\\/\\\/www.instagram.com\\\/aaknives\\\/\",\"https:\\\/\\\/www.pinterest.com\\\/aa_knives\\\/\",\"https:\\\/\\\/www.youtube.com\\\/channel\\\/UCHOQFjrOkgT6s4FIw9LDKyw\\\/featured\"]}]}<\/script>\n<!-- \/ Yoast SEO plugin. -->","yoast_head_json":{"title":"N695-ter\u00e4s ter\u00e4 \"YAKUT\" - AAKnives","robots":{"index":"index","follow":"follow","max-snippet":"max-snippet:-1","max-image-preview":"max-image-preview:large","max-video-preview":"max-video-preview:-1"},"canonical":"https:\/\/aaknives.eu\/fi\/product\/n695-teras-tera-yakut\/","og_locale":"fi_FI","og_type":"article","og_title":"N695-ter\u00e4s ter\u00e4 \"YAKUT\" - AAKnives","og_description":"Ter\u00e4n tekniset tiedot &#8211; YAKUT Ter\u00e4s: k\u00e4sin taottu N695-ter\u00e4s Kovuus: 59 HRC Ter\u00e4n pituus: 148 mm\/ 5,82 tuumaa Ter\u00e4n paksuus: Ter\u00e4n paksuus: 3 mm\/ 0,12 tuumaa Ter\u00e4n leveys: 33 mm\/ 1,30 tuumaa Kokonaispituus: 237 mm\/ 9,33Tuuma Sill\u00e4 on suuri kovuus, hyv\u00e4 kulutuskest\u00e4vyys ja hyv\u00e4 korroosionkest\u00e4vyys. N695-ter\u00e4ksest\u00e4 valmistettu veitsi ei ole altis korroosiolle, se on ter\u00e4v\u00e4 pitk\u00e4\u00e4n eik\u00e4 vaadi erityist\u00e4 huoltoa. Valssattu poikittaistekniikkaa k\u00e4ytt\u00e4en, jotta varmistetaan levyjen ja levymateriaalin mahdollisimman suuri vakaus ja tasalaatuisuus.","og_url":"https:\/\/aaknives.eu\/fi\/product\/n695-teras-tera-yakut\/","og_site_name":"AAKnives","article_publisher":"https:\/\/www.facebook.com\/aaknives.eu\/","twitter_card":"summary_large_image","schema":{"@context":"https:\/\/schema.org","@graph":[{"@type":"WebPage","@id":"https:\/\/aaknives.eu\/fi\/product\/n695-teras-tera-yakut\/","url":"https:\/\/aaknives.eu\/fi\/product\/n695-teras-tera-yakut\/","name":"N695-ter\u00e4s ter\u00e4 \"YAKUT\" - AAKnives","isPartOf":{"@id":"https:\/\/aaknives.eu\/fi\/#website"},"primaryImageOfPage":{"@id":"https:\/\/aaknives.eu\/fi\/product\/n695-teras-tera-yakut\/#primaryimage"},"image":{"@id":"https:\/\/aaknives.eu\/fi\/product\/n695-teras-tera-yakut\/#primaryimage"},"thumbnailUrl":"https:\/\/aaknives.eu\/wp-content\/uploads\/2023\/08\/aaknives-hand-forged-dabascus-steel-blade-knife-handmade-custom-made-knife-handcrafted-knives-autinetools-northmen-1-27.jpg","datePublished":"2023-08-16T15:49:26+00:00","breadcrumb":{"@id":"https:\/\/aaknives.eu\/fi\/product\/n695-teras-tera-yakut\/#breadcrumb"},"inLanguage":"fi","potentialAction":[{"@type":"ReadAction","target":["https:\/\/aaknives.eu\/fi\/product\/n695-teras-tera-yakut\/"]}]},{"@type":"ImageObject","inLanguage":"fi","@id":"https:\/\/aaknives.eu\/fi\/product\/n695-teras-tera-yakut\/#primaryimage","url":"https:\/\/aaknives.eu\/wp-content\/uploads\/2023\/08\/aaknives-hand-forged-dabascus-steel-blade-knife-handmade-custom-made-knife-handcrafted-knives-autinetools-northmen-1-27.jpg","contentUrl":"https:\/\/aaknives.eu\/wp-content\/uploads\/2023\/08\/aaknives-hand-forged-dabascus-steel-blade-knife-handmade-custom-made-knife-handcrafted-knives-autinetools-northmen-1-27.jpg","width":1020,"height":880,"caption":"aaknives hand forged dabascus steel blade knife handmade custom made knife handcrafted knives autinetools northmen 1 27"},{"@type":"BreadcrumbList","@id":"https:\/\/aaknives.eu\/fi\/product\/n695-teras-tera-yakut\/#breadcrumb","itemListElement":[{"@type":"ListItem","position":1,"name":"Home","item":"https:\/\/aaknives.eu\/fi\/"},{"@type":"ListItem","position":2,"name":"Kauppa","item":"https:\/\/aaknives.eu\/kauppa\/"},{"@type":"ListItem","position":3,"name":"N695-ter\u00e4s ter\u00e4 &#8220;YAKUT&#8221;"}]},{"@type":"WebSite","@id":"https:\/\/aaknives.eu\/fi\/#website","url":"https:\/\/aaknives.eu\/fi\/","name":"AAKnives","description":"Handmade knives","publisher":{"@id":"https:\/\/aaknives.eu\/fi\/#organization"},"potentialAction":[{"@type":"SearchAction","target":{"@type":"EntryPoint","urlTemplate":"https:\/\/aaknives.eu\/fi\/?s={search_term_string}"},"query-input":{"@type":"PropertyValueSpecification","valueRequired":true,"valueName":"search_term_string"}}],"inLanguage":"fi"},{"@type":"Organization","@id":"https:\/\/aaknives.eu\/fi\/#organization","name":"AAKnives","url":"https:\/\/aaknives.eu\/fi\/","logo":{"@type":"ImageObject","inLanguage":"fi","@id":"https:\/\/aaknives.eu\/fi\/#\/schema\/logo\/image\/","url":"https:\/\/aaknives.eu\/wp-content\/uploads\/2021\/10\/AAknives_Logo_Green.png","contentUrl":"https:\/\/aaknives.eu\/wp-content\/uploads\/2021\/10\/AAknives_Logo_Green.png","width":1768,"height":1768,"caption":"AAKnives"},"image":{"@id":"https:\/\/aaknives.eu\/fi\/#\/schema\/logo\/image\/"},"sameAs":["https:\/\/www.facebook.com\/aaknives.eu\/","https:\/\/www.instagram.com\/aaknives\/","https:\/\/www.pinterest.com\/aa_knives\/","https:\/\/www.youtube.com\/channel\/UCHOQFjrOkgT6s4FIw9LDKyw\/featured"]}]}},"_links":{"self":[{"href":"https:\/\/aaknives.eu\/fi\/wp-json\/wp\/v2\/product\/58459","targetHints":{"allow":["GET"]}}],"collection":[{"href":"https:\/\/aaknives.eu\/fi\/wp-json\/wp\/v2\/product"}],"about":[{"href":"https:\/\/aaknives.eu\/fi\/wp-json\/wp\/v2\/types\/product"}],"wp:featuredmedia":[{"embeddable":true,"href":"https:\/\/aaknives.eu\/fi\/wp-json\/wp\/v2\/media\/58460"}],"wp:attachment":[{"href":"https:\/\/aaknives.eu\/fi\/wp-json\/wp\/v2\/media?parent=58459"}],"wp:term":[{"taxonomy":"product_brand","embeddable":true,"href":"https:\/\/aaknives.eu\/fi\/wp-json\/wp\/v2\/product_brand?post=58459"},{"taxonomy":"product_cat","embeddable":true,"href":"https:\/\/aaknives.eu\/fi\/wp-json\/wp\/v2\/product_cat?post=58459"},{"taxonomy":"product_tag","embeddable":true,"href":"https:\/\/aaknives.eu\/fi\/wp-json\/wp\/v2\/product_tag?post=58459"}],"curies":[{"name":"wp","href":"https:\/\/api.w.org\/{rel}","templated":true}]}}