{"id":58500,"date":"2023-08-15T16:41:33","date_gmt":"2023-08-15T16:41:33","guid":{"rendered":"https:\/\/aaknives.eu\/product\/damascusteraksesta-valmistettu-tera-yakut-taottu-damascusteras-450-600-kerrosta\/"},"modified":"2025-10-31T06:58:56","modified_gmt":"2025-10-31T06:58:56","slug":"damascusteraksesta-valmistettu-tera-yakut-taottu-damascusteras-450-600-kerrosta","status":"publish","type":"product","link":"https:\/\/aaknives.eu\/fi\/product\/damascusteraksesta-valmistettu-tera-yakut-taottu-damascusteras-450-600-kerrosta\/","title":{"rendered":"Damascuster\u00e4ksest\u00e4 valmistettu ter\u00e4 &#8220;YAKUT&#8221; &#8211; taottu damascuster\u00e4s, 450 &#8211; 600 kerrosta."},"content":{"rendered":"<p>Ter\u00e4n tekniset tiedot &#8211; YAKUT<br \/>\nTer\u00e4s: (HVG, U10, ShH15), 450-600 kerrosta.<br \/>\nKovuus: 60-62 HRC<br \/>\nTer\u00e4n pituus: 160 mm\/ 6,29 tuumaa<br \/>\nTer\u00e4n paksuus: Ter\u00e4n paksuus: 4 mm\/ 0,15 tuumaa<br \/>\nTer\u00e4n leveys: 30 mm\/ 1,18 tuumaa<br \/>\nKokonaispituus: 250 mm\/ 9,84 tuumaa<\/p>\n<p>&nbsp;<\/p>\n<p>K\u00e4sin taottu Damaskuster\u00e4ksest\u00e4 valmistettu ter\u00e4, joka on luotu paketista eri kovuutta ja viskositeettia olevia ter\u00e4ksi\u00e4, jotka taittuvat levyksi tietyss\u00e4 j\u00e4rjestyksess\u00e4. Seuraavaksi levy\u00e4 taotaan toistuvasti uudelleen, mink\u00e4 ansiosta muodostuu kerroksia ja ainutlaatuinen kuvio.<br \/>\nVaikea tekninen prosessi tehd\u00e4\u00e4n manuaalisesti. N\u00e4in valmistetulle ter\u00e4kselle on ominaista lis\u00e4\u00e4ntynyt lujuus, suuri kovuus, erinomaiset leikkausominaisuudet ja kauneus.<br \/>\nDamaskon-ter\u00e4 yli 450 kerrosta.<br \/>\nPaketti Damascuster\u00e4ksest\u00e4 valmistettu ter\u00e4 ShH15 + HVG + U10 A, l\u00e4mp\u00f6ilmaisu 860 \u00b0 C.<\/p>\n<p>Damascus-ter\u00e4n veitsien edut:<br \/>\nLis\u00e4\u00e4ntynyt lujuus<br \/>\nKorkea kovuus<br \/>\nErinomaiset leikkausominaisuudet<br \/>\nKaunis muotoilu<br \/>\nPitk\u00e4\u00e4n kest\u00e4v\u00e4 ter\u00e4vyys<\/p>\n<p>Ter\u00e4n kovuus 60-62 HRC.<br \/>\nCustom veitsi, k\u00e4sintehty veitsi, k\u00e4sin taottu veitsi, k\u00e4sin taottu ter\u00e4<\/p>\n","protected":false},"excerpt":{"rendered":"<p>Ter\u00e4n tekniset tiedot &#8211; YAKUT Ter\u00e4s: (HVG, U10, ShH15), 450-600 kerrosta. Kovuus: 60-62 HRC Ter\u00e4n pituus: 160 mm\/ 6,29 tuumaa Ter\u00e4n paksuus: Ter\u00e4n paksuus: 4 mm\/ 0,15 tuumaa Ter\u00e4n leveys: 30 mm\/ 1,18 tuumaa Kokonaispituus: 250 mm\/ 9,84 tuumaa &nbsp; K\u00e4sin taottu Damaskuster\u00e4ksest\u00e4 valmistettu ter\u00e4, joka on luotu paketista eri kovuutta ja viskositeettia olevia ter\u00e4ksi\u00e4, jotka taittuvat levyksi tietyss\u00e4 j\u00e4rjestyksess\u00e4. Seuraavaksi levy\u00e4 taotaan toistuvasti uudelleen, mink\u00e4 ansiosta muodostuu kerroksia ja ainutlaatuinen kuvio. Vaikea tekninen prosessi tehd\u00e4\u00e4n manuaalisesti. N\u00e4in valmistetulle ter\u00e4kselle on ominaista lis\u00e4\u00e4ntynyt lujuus, suuri kovuus, erinomaiset leikkausominaisuudet ja kauneus. Damaskon-ter\u00e4 yli 450 kerrosta. Paketti Damascuster\u00e4ksest\u00e4 valmistettu ter\u00e4 ShH15 +&hellip;<\/p>\n","protected":false},"featured_media":58501,"template":"","meta":{"_themeisle_gutenberg_block_has_review":false},"product_brand":[],"product_cat":[470],"product_tag":[],"class_list":{"0":"post-58500","1":"product","2":"type-product","3":"status-publish","4":"has-post-thumbnail","6":"product_cat-terat","8":"first","9":"instock","10":"shipping-taxable","11":"purchasable","12":"product-type-simple"},"yoast_head":"<!-- This site is optimized with the Yoast SEO plugin v27.3 - https:\/\/yoast.com\/product\/yoast-seo-wordpress\/ -->\n<title>Damascuster\u00e4ksest\u00e4 valmistettu ter\u00e4 &quot;YAKUT&quot; - taottu damascuster\u00e4s, 450 - 600 kerrosta. - AAKnives<\/title>\n<meta name=\"description\" content=\"Damascuster\u00e4ksest\u00e4 valmistettu ter\u00e4 &quot;YAKUT&quot; - taottu damascuster\u00e4s, 450 - 600 kerrosta.\" \/>\n<meta name=\"robots\" content=\"index, follow, max-snippet:-1, max-image-preview:large, max-video-preview:-1\" \/>\n<link rel=\"canonical\" href=\"https:\/\/aaknives.eu\/fi\/product\/damascusteraksesta-valmistettu-tera-yakut-taottu-damascusteras-450-600-kerrosta\/\" \/>\n<meta property=\"og:locale\" content=\"fi_FI\" \/>\n<meta property=\"og:type\" content=\"article\" \/>\n<meta property=\"og:title\" content=\"Damascuster\u00e4ksest\u00e4 valmistettu ter\u00e4 &quot;YAKUT&quot; - taottu damascuster\u00e4s, 450 - 600 kerrosta. - AAKnives\" \/>\n<meta property=\"og:description\" content=\"Damascuster\u00e4ksest\u00e4 valmistettu ter\u00e4 &quot;YAKUT&quot; - taottu damascuster\u00e4s, 450 - 600 kerrosta.\" \/>\n<meta property=\"og:url\" content=\"https:\/\/aaknives.eu\/fi\/product\/damascusteraksesta-valmistettu-tera-yakut-taottu-damascusteras-450-600-kerrosta\/\" \/>\n<meta property=\"og:site_name\" content=\"AAKnives\" \/>\n<meta property=\"article:publisher\" content=\"https:\/\/www.facebook.com\/aaknives.eu\/\" \/>\n<meta property=\"article:modified_time\" content=\"2025-10-31T06:58:56+00:00\" \/>\n<meta property=\"og:image\" content=\"https:\/\/aaknives.eu\/wp-content\/uploads\/2023\/08\/aaknives-hand-forged-dabascus-steel-blade-knife-handmade-custom-made-knife-handcrafted-knives-autinetools-northmen-1-32.jpg\" \/>\n\t<meta property=\"og:image:width\" content=\"1020\" \/>\n\t<meta property=\"og:image:height\" content=\"880\" \/>\n\t<meta property=\"og:image:type\" content=\"image\/jpeg\" \/>\n<meta name=\"twitter:card\" content=\"summary_large_image\" \/>\n<meta name=\"twitter:label1\" content=\"Arvioitu lukuaika\" \/>\n\t<meta name=\"twitter:data1\" content=\"1 minuutti\" \/>\n<script type=\"application\/ld+json\" class=\"yoast-schema-graph\">{\"@context\":\"https:\\\/\\\/schema.org\",\"@graph\":[{\"@type\":\"WebPage\",\"@id\":\"https:\\\/\\\/aaknives.eu\\\/fi\\\/product\\\/damascusteraksesta-valmistettu-tera-yakut-taottu-damascusteras-450-600-kerrosta\\\/\",\"url\":\"https:\\\/\\\/aaknives.eu\\\/fi\\\/product\\\/damascusteraksesta-valmistettu-tera-yakut-taottu-damascusteras-450-600-kerrosta\\\/\",\"name\":\"Damascuster\u00e4ksest\u00e4 valmistettu ter\u00e4 \\\"YAKUT\\\" - taottu damascuster\u00e4s, 450 - 600 kerrosta. - AAKnives\",\"isPartOf\":{\"@id\":\"https:\\\/\\\/aaknives.eu\\\/fi\\\/#website\"},\"primaryImageOfPage\":{\"@id\":\"https:\\\/\\\/aaknives.eu\\\/fi\\\/product\\\/damascusteraksesta-valmistettu-tera-yakut-taottu-damascusteras-450-600-kerrosta\\\/#primaryimage\"},\"image\":{\"@id\":\"https:\\\/\\\/aaknives.eu\\\/fi\\\/product\\\/damascusteraksesta-valmistettu-tera-yakut-taottu-damascusteras-450-600-kerrosta\\\/#primaryimage\"},\"thumbnailUrl\":\"https:\\\/\\\/aaknives.eu\\\/wp-content\\\/uploads\\\/2023\\\/08\\\/aaknives-hand-forged-dabascus-steel-blade-knife-handmade-custom-made-knife-handcrafted-knives-autinetools-northmen-1-32.jpg\",\"datePublished\":\"2023-08-15T16:41:33+00:00\",\"dateModified\":\"2025-10-31T06:58:56+00:00\",\"description\":\"Damascuster\u00e4ksest\u00e4 valmistettu ter\u00e4 \\\"YAKUT\\\" - taottu damascuster\u00e4s, 450 - 600 kerrosta.\",\"breadcrumb\":{\"@id\":\"https:\\\/\\\/aaknives.eu\\\/fi\\\/product\\\/damascusteraksesta-valmistettu-tera-yakut-taottu-damascusteras-450-600-kerrosta\\\/#breadcrumb\"},\"inLanguage\":\"fi\",\"potentialAction\":[{\"@type\":\"ReadAction\",\"target\":[\"https:\\\/\\\/aaknives.eu\\\/fi\\\/product\\\/damascusteraksesta-valmistettu-tera-yakut-taottu-damascusteras-450-600-kerrosta\\\/\"]}]},{\"@type\":\"ImageObject\",\"inLanguage\":\"fi\",\"@id\":\"https:\\\/\\\/aaknives.eu\\\/fi\\\/product\\\/damascusteraksesta-valmistettu-tera-yakut-taottu-damascusteras-450-600-kerrosta\\\/#primaryimage\",\"url\":\"https:\\\/\\\/aaknives.eu\\\/wp-content\\\/uploads\\\/2023\\\/08\\\/aaknives-hand-forged-dabascus-steel-blade-knife-handmade-custom-made-knife-handcrafted-knives-autinetools-northmen-1-32.jpg\",\"contentUrl\":\"https:\\\/\\\/aaknives.eu\\\/wp-content\\\/uploads\\\/2023\\\/08\\\/aaknives-hand-forged-dabascus-steel-blade-knife-handmade-custom-made-knife-handcrafted-knives-autinetools-northmen-1-32.jpg\",\"width\":1020,\"height\":880,\"caption\":\"aaknives hand forged dabascus steel blade knife handmade custom made knife handcrafted knives autinetools northmen 1 32\"},{\"@type\":\"BreadcrumbList\",\"@id\":\"https:\\\/\\\/aaknives.eu\\\/fi\\\/product\\\/damascusteraksesta-valmistettu-tera-yakut-taottu-damascusteras-450-600-kerrosta\\\/#breadcrumb\",\"itemListElement\":[{\"@type\":\"ListItem\",\"position\":1,\"name\":\"Home\",\"item\":\"https:\\\/\\\/aaknives.eu\\\/fi\\\/\"},{\"@type\":\"ListItem\",\"position\":2,\"name\":\"Kauppa\",\"item\":\"https:\\\/\\\/aaknives.eu\\\/kauppa\\\/\"},{\"@type\":\"ListItem\",\"position\":3,\"name\":\"Damascuster\u00e4ksest\u00e4 valmistettu ter\u00e4 &#8220;YAKUT&#8221; &#8211; taottu damascuster\u00e4s, 450 &#8211; 600 kerrosta.\"}]},{\"@type\":\"WebSite\",\"@id\":\"https:\\\/\\\/aaknives.eu\\\/fi\\\/#website\",\"url\":\"https:\\\/\\\/aaknives.eu\\\/fi\\\/\",\"name\":\"AAKnives\",\"description\":\"Handmade knives\",\"publisher\":{\"@id\":\"https:\\\/\\\/aaknives.eu\\\/fi\\\/#organization\"},\"potentialAction\":[{\"@type\":\"SearchAction\",\"target\":{\"@type\":\"EntryPoint\",\"urlTemplate\":\"https:\\\/\\\/aaknives.eu\\\/fi\\\/?s={search_term_string}\"},\"query-input\":{\"@type\":\"PropertyValueSpecification\",\"valueRequired\":true,\"valueName\":\"search_term_string\"}}],\"inLanguage\":\"fi\"},{\"@type\":\"Organization\",\"@id\":\"https:\\\/\\\/aaknives.eu\\\/fi\\\/#organization\",\"name\":\"AAKnives\",\"url\":\"https:\\\/\\\/aaknives.eu\\\/fi\\\/\",\"logo\":{\"@type\":\"ImageObject\",\"inLanguage\":\"fi\",\"@id\":\"https:\\\/\\\/aaknives.eu\\\/fi\\\/#\\\/schema\\\/logo\\\/image\\\/\",\"url\":\"https:\\\/\\\/aaknives.eu\\\/wp-content\\\/uploads\\\/2021\\\/10\\\/AAknives_Logo_Green.png\",\"contentUrl\":\"https:\\\/\\\/aaknives.eu\\\/wp-content\\\/uploads\\\/2021\\\/10\\\/AAknives_Logo_Green.png\",\"width\":1768,\"height\":1768,\"caption\":\"AAKnives\"},\"image\":{\"@id\":\"https:\\\/\\\/aaknives.eu\\\/fi\\\/#\\\/schema\\\/logo\\\/image\\\/\"},\"sameAs\":[\"https:\\\/\\\/www.facebook.com\\\/aaknives.eu\\\/\",\"https:\\\/\\\/www.instagram.com\\\/aaknives\\\/\",\"https:\\\/\\\/www.pinterest.com\\\/aa_knives\\\/\",\"https:\\\/\\\/www.youtube.com\\\/channel\\\/UCHOQFjrOkgT6s4FIw9LDKyw\\\/featured\"]}]}<\/script>\n<!-- \/ Yoast SEO plugin. -->","yoast_head_json":{"title":"Damascuster\u00e4ksest\u00e4 valmistettu ter\u00e4 \"YAKUT\" - taottu damascuster\u00e4s, 450 - 600 kerrosta. - AAKnives","description":"Damascuster\u00e4ksest\u00e4 valmistettu ter\u00e4 \"YAKUT\" - taottu damascuster\u00e4s, 450 - 600 kerrosta.","robots":{"index":"index","follow":"follow","max-snippet":"max-snippet:-1","max-image-preview":"max-image-preview:large","max-video-preview":"max-video-preview:-1"},"canonical":"https:\/\/aaknives.eu\/fi\/product\/damascusteraksesta-valmistettu-tera-yakut-taottu-damascusteras-450-600-kerrosta\/","og_locale":"fi_FI","og_type":"article","og_title":"Damascuster\u00e4ksest\u00e4 valmistettu ter\u00e4 \"YAKUT\" - taottu damascuster\u00e4s, 450 - 600 kerrosta. - AAKnives","og_description":"Damascuster\u00e4ksest\u00e4 valmistettu ter\u00e4 \"YAKUT\" - taottu damascuster\u00e4s, 450 - 600 kerrosta.","og_url":"https:\/\/aaknives.eu\/fi\/product\/damascusteraksesta-valmistettu-tera-yakut-taottu-damascusteras-450-600-kerrosta\/","og_site_name":"AAKnives","article_publisher":"https:\/\/www.facebook.com\/aaknives.eu\/","article_modified_time":"2025-10-31T06:58:56+00:00","og_image":[{"width":1020,"height":880,"url":"https:\/\/aaknives.eu\/wp-content\/uploads\/2023\/08\/aaknives-hand-forged-dabascus-steel-blade-knife-handmade-custom-made-knife-handcrafted-knives-autinetools-northmen-1-32.jpg","type":"image\/jpeg"}],"twitter_card":"summary_large_image","twitter_misc":{"Arvioitu lukuaika":"1 minuutti"},"schema":{"@context":"https:\/\/schema.org","@graph":[{"@type":"WebPage","@id":"https:\/\/aaknives.eu\/fi\/product\/damascusteraksesta-valmistettu-tera-yakut-taottu-damascusteras-450-600-kerrosta\/","url":"https:\/\/aaknives.eu\/fi\/product\/damascusteraksesta-valmistettu-tera-yakut-taottu-damascusteras-450-600-kerrosta\/","name":"Damascuster\u00e4ksest\u00e4 valmistettu ter\u00e4 \"YAKUT\" - taottu damascuster\u00e4s, 450 - 600 kerrosta. - AAKnives","isPartOf":{"@id":"https:\/\/aaknives.eu\/fi\/#website"},"primaryImageOfPage":{"@id":"https:\/\/aaknives.eu\/fi\/product\/damascusteraksesta-valmistettu-tera-yakut-taottu-damascusteras-450-600-kerrosta\/#primaryimage"},"image":{"@id":"https:\/\/aaknives.eu\/fi\/product\/damascusteraksesta-valmistettu-tera-yakut-taottu-damascusteras-450-600-kerrosta\/#primaryimage"},"thumbnailUrl":"https:\/\/aaknives.eu\/wp-content\/uploads\/2023\/08\/aaknives-hand-forged-dabascus-steel-blade-knife-handmade-custom-made-knife-handcrafted-knives-autinetools-northmen-1-32.jpg","datePublished":"2023-08-15T16:41:33+00:00","dateModified":"2025-10-31T06:58:56+00:00","description":"Damascuster\u00e4ksest\u00e4 valmistettu ter\u00e4 \"YAKUT\" - taottu damascuster\u00e4s, 450 - 600 kerrosta.","breadcrumb":{"@id":"https:\/\/aaknives.eu\/fi\/product\/damascusteraksesta-valmistettu-tera-yakut-taottu-damascusteras-450-600-kerrosta\/#breadcrumb"},"inLanguage":"fi","potentialAction":[{"@type":"ReadAction","target":["https:\/\/aaknives.eu\/fi\/product\/damascusteraksesta-valmistettu-tera-yakut-taottu-damascusteras-450-600-kerrosta\/"]}]},{"@type":"ImageObject","inLanguage":"fi","@id":"https:\/\/aaknives.eu\/fi\/product\/damascusteraksesta-valmistettu-tera-yakut-taottu-damascusteras-450-600-kerrosta\/#primaryimage","url":"https:\/\/aaknives.eu\/wp-content\/uploads\/2023\/08\/aaknives-hand-forged-dabascus-steel-blade-knife-handmade-custom-made-knife-handcrafted-knives-autinetools-northmen-1-32.jpg","contentUrl":"https:\/\/aaknives.eu\/wp-content\/uploads\/2023\/08\/aaknives-hand-forged-dabascus-steel-blade-knife-handmade-custom-made-knife-handcrafted-knives-autinetools-northmen-1-32.jpg","width":1020,"height":880,"caption":"aaknives hand forged dabascus steel blade knife handmade custom made knife handcrafted knives autinetools northmen 1 32"},{"@type":"BreadcrumbList","@id":"https:\/\/aaknives.eu\/fi\/product\/damascusteraksesta-valmistettu-tera-yakut-taottu-damascusteras-450-600-kerrosta\/#breadcrumb","itemListElement":[{"@type":"ListItem","position":1,"name":"Home","item":"https:\/\/aaknives.eu\/fi\/"},{"@type":"ListItem","position":2,"name":"Kauppa","item":"https:\/\/aaknives.eu\/kauppa\/"},{"@type":"ListItem","position":3,"name":"Damascuster\u00e4ksest\u00e4 valmistettu ter\u00e4 &#8220;YAKUT&#8221; &#8211; taottu damascuster\u00e4s, 450 &#8211; 600 kerrosta."}]},{"@type":"WebSite","@id":"https:\/\/aaknives.eu\/fi\/#website","url":"https:\/\/aaknives.eu\/fi\/","name":"AAKnives","description":"Handmade knives","publisher":{"@id":"https:\/\/aaknives.eu\/fi\/#organization"},"potentialAction":[{"@type":"SearchAction","target":{"@type":"EntryPoint","urlTemplate":"https:\/\/aaknives.eu\/fi\/?s={search_term_string}"},"query-input":{"@type":"PropertyValueSpecification","valueRequired":true,"valueName":"search_term_string"}}],"inLanguage":"fi"},{"@type":"Organization","@id":"https:\/\/aaknives.eu\/fi\/#organization","name":"AAKnives","url":"https:\/\/aaknives.eu\/fi\/","logo":{"@type":"ImageObject","inLanguage":"fi","@id":"https:\/\/aaknives.eu\/fi\/#\/schema\/logo\/image\/","url":"https:\/\/aaknives.eu\/wp-content\/uploads\/2021\/10\/AAknives_Logo_Green.png","contentUrl":"https:\/\/aaknives.eu\/wp-content\/uploads\/2021\/10\/AAknives_Logo_Green.png","width":1768,"height":1768,"caption":"AAKnives"},"image":{"@id":"https:\/\/aaknives.eu\/fi\/#\/schema\/logo\/image\/"},"sameAs":["https:\/\/www.facebook.com\/aaknives.eu\/","https:\/\/www.instagram.com\/aaknives\/","https:\/\/www.pinterest.com\/aa_knives\/","https:\/\/www.youtube.com\/channel\/UCHOQFjrOkgT6s4FIw9LDKyw\/featured"]}]}},"_links":{"self":[{"href":"https:\/\/aaknives.eu\/fi\/wp-json\/wp\/v2\/product\/58500","targetHints":{"allow":["GET"]}}],"collection":[{"href":"https:\/\/aaknives.eu\/fi\/wp-json\/wp\/v2\/product"}],"about":[{"href":"https:\/\/aaknives.eu\/fi\/wp-json\/wp\/v2\/types\/product"}],"wp:featuredmedia":[{"embeddable":true,"href":"https:\/\/aaknives.eu\/fi\/wp-json\/wp\/v2\/media\/58501"}],"wp:attachment":[{"href":"https:\/\/aaknives.eu\/fi\/wp-json\/wp\/v2\/media?parent=58500"}],"wp:term":[{"taxonomy":"product_brand","embeddable":true,"href":"https:\/\/aaknives.eu\/fi\/wp-json\/wp\/v2\/product_brand?post=58500"},{"taxonomy":"product_cat","embeddable":true,"href":"https:\/\/aaknives.eu\/fi\/wp-json\/wp\/v2\/product_cat?post=58500"},{"taxonomy":"product_tag","embeddable":true,"href":"https:\/\/aaknives.eu\/fi\/wp-json\/wp\/v2\/product_tag?post=58500"}],"curies":[{"name":"wp","href":"https:\/\/api.w.org\/{rel}","templated":true}]}}