{"id":58535,"date":"2023-08-10T07:03:29","date_gmt":"2023-08-10T07:03:29","guid":{"rendered":"https:\/\/aaknives.eu\/product\/veitsen-teroitin-tyoterava\/"},"modified":"2023-08-10T07:03:29","modified_gmt":"2023-08-10T07:03:29","slug":"veitsen-teroitin-tyoterava","status":"publish","type":"product","link":"https:\/\/aaknives.eu\/fi\/product\/veitsen-teroitin-tyoterava\/","title":{"rendered":"VEITSEN TEROITIN &#8211; TY\u00d6TER\u00c4V\u00c4"},"content":{"rendered":"<p>Work Sharp Adjustable Knife Sharpener ELITE tarjoaa mahdollisuuden s\u00e4\u00e4t\u00e4\u00e4 teroituskulmia 15\u00b0 &#8211; 30\u00b0 1\u00b0:n tarkkuudella eri veitsityypeille &#8211; keitti\u00f6-, tasku-, mets\u00e4st\u00e4j\u00e4- ja muille veitsille. Kahdessa Tri-Brasive\u00ae-kahvassa on viisi timanttilaattaa ja hienoa keramiikkaa, joiden avulla voit uudistaa, teroittaa ja hioa ter\u00e4n uskomattoman ter\u00e4v\u00e4ksi. Viimeinen vaihe on nahan hionta, jossa veitsen ter\u00e4 hiotaan ja kiillotetaan, jotta se olisi pelottavan ter\u00e4v\u00e4. Toisella puolella on erityinen keraaminen palkki, joka sopii hammastetuille veitsille.<br \/>\nKantolaukun ja Tri-Brasive\u00ae-s\u00e4ilytystelineen avulla voit helposti pit\u00e4\u00e4 kaikki hioma- ja teroitusv\u00e4lineet j\u00e4rjestyksess\u00e4 ja valmiina, minne tahansa seikkailusi viev\u00e4tkin sinut. N\u00e4in kaikki tarvittavat ty\u00f6kalut ovat aina k\u00e4den ulottuvilla, jotta voit yll\u00e4pit\u00e4\u00e4 ter\u00e4n leikkaamisen ja teroittamisen laatua my\u00f6s talon ulkopuolella.<\/p>\n","protected":false},"excerpt":{"rendered":"<p>Work Sharp Adjustable Knife Sharpener ELITE tarjoaa mahdollisuuden s\u00e4\u00e4t\u00e4\u00e4 teroituskulmia 15\u00b0 &#8211; 30\u00b0 1\u00b0:n tarkkuudella eri veitsityypeille &#8211; keitti\u00f6-, tasku-, mets\u00e4st\u00e4j\u00e4- ja muille veitsille. Kahdessa Tri-Brasive\u00ae-kahvassa on viisi timanttilaattaa ja hienoa keramiikkaa, joiden avulla voit uudistaa, teroittaa ja hioa ter\u00e4n uskomattoman ter\u00e4v\u00e4ksi. Viimeinen vaihe on nahan hionta, jossa veitsen ter\u00e4 hiotaan ja kiillotetaan, jotta se olisi pelottavan ter\u00e4v\u00e4. Toisella puolella on erityinen keraaminen palkki, joka sopii hammastetuille veitsille. Kantolaukun ja Tri-Brasive\u00ae-s\u00e4ilytystelineen avulla voit helposti pit\u00e4\u00e4 kaikki hioma- ja teroitusv\u00e4lineet j\u00e4rjestyksess\u00e4 ja valmiina, minne tahansa seikkailusi viev\u00e4tkin sinut. N\u00e4in kaikki tarvittavat ty\u00f6kalut ovat aina k\u00e4den ulottuvilla, jotta voit yll\u00e4pit\u00e4\u00e4 ter\u00e4n leikkaamisen&hellip;<\/p>\n","protected":false},"featured_media":58536,"template":"","meta":{"_themeisle_gutenberg_block_has_review":false},"product_brand":[],"product_cat":[467],"product_tag":[],"class_list":{"0":"post-58535","1":"product","2":"type-product","3":"status-publish","4":"has-post-thumbnail","6":"product_cat-veitsen-teroitus-veitsen-teroittimet","8":"first","9":"instock","10":"shipping-taxable","11":"purchasable","12":"product-type-simple"},"yoast_head":"<!-- This site is optimized with the Yoast SEO plugin v27.5 - https:\/\/yoast.com\/product\/yoast-seo-wordpress\/ -->\n<title>VEITSEN TEROITIN - TY\u00d6TER\u00c4V\u00c4 - AAKnives<\/title>\n<meta name=\"description\" content=\"VEITSEN TEROITIN - TY\u00d6TER\u00c4V\u00c4\" \/>\n<meta name=\"robots\" content=\"index, follow, max-snippet:-1, max-image-preview:large, max-video-preview:-1\" \/>\n<link rel=\"canonical\" href=\"https:\/\/aaknives.eu\/fi\/product\/veitsen-teroitin-tyoterava\/\" \/>\n<meta property=\"og:locale\" content=\"fi_FI\" \/>\n<meta property=\"og:type\" content=\"article\" \/>\n<meta property=\"og:title\" content=\"VEITSEN TEROITIN - TY\u00d6TER\u00c4V\u00c4 - AAKnives\" \/>\n<meta property=\"og:description\" content=\"VEITSEN TEROITIN - TY\u00d6TER\u00c4V\u00c4\" \/>\n<meta property=\"og:url\" content=\"https:\/\/aaknives.eu\/fi\/product\/veitsen-teroitin-tyoterava\/\" \/>\n<meta property=\"og:site_name\" content=\"AAKnives\" \/>\n<meta property=\"article:publisher\" content=\"https:\/\/www.facebook.com\/aaknives.eu\/\" \/>\n<meta property=\"og:image\" content=\"https:\/\/aaknives.eu\/wp-content\/uploads\/2023\/08\/3.jpg\" \/>\n\t<meta property=\"og:image:width\" content=\"1020\" \/>\n\t<meta property=\"og:image:height\" content=\"880\" \/>\n\t<meta property=\"og:image:type\" content=\"image\/jpeg\" \/>\n<meta name=\"twitter:card\" content=\"summary_large_image\" \/>\n<meta name=\"twitter:label1\" content=\"Arvioitu lukuaika\" \/>\n\t<meta name=\"twitter:data1\" content=\"1 minuutti\" \/>\n<script type=\"application\/ld+json\" class=\"yoast-schema-graph\">{\"@context\":\"https:\\\/\\\/schema.org\",\"@graph\":[{\"@type\":\"WebPage\",\"@id\":\"https:\\\/\\\/aaknives.eu\\\/fi\\\/product\\\/veitsen-teroitin-tyoterava\\\/\",\"url\":\"https:\\\/\\\/aaknives.eu\\\/fi\\\/product\\\/veitsen-teroitin-tyoterava\\\/\",\"name\":\"VEITSEN TEROITIN - TY\u00d6TER\u00c4V\u00c4 - AAKnives\",\"isPartOf\":{\"@id\":\"https:\\\/\\\/aaknives.eu\\\/fi\\\/#website\"},\"primaryImageOfPage\":{\"@id\":\"https:\\\/\\\/aaknives.eu\\\/fi\\\/product\\\/veitsen-teroitin-tyoterava\\\/#primaryimage\"},\"image\":{\"@id\":\"https:\\\/\\\/aaknives.eu\\\/fi\\\/product\\\/veitsen-teroitin-tyoterava\\\/#primaryimage\"},\"thumbnailUrl\":\"https:\\\/\\\/aaknives.eu\\\/wp-content\\\/uploads\\\/2023\\\/08\\\/3.jpg\",\"datePublished\":\"2023-08-10T07:03:29+00:00\",\"description\":\"VEITSEN TEROITIN - TY\u00d6TER\u00c4V\u00c4\",\"breadcrumb\":{\"@id\":\"https:\\\/\\\/aaknives.eu\\\/fi\\\/product\\\/veitsen-teroitin-tyoterava\\\/#breadcrumb\"},\"inLanguage\":\"fi\",\"potentialAction\":[{\"@type\":\"ReadAction\",\"target\":[\"https:\\\/\\\/aaknives.eu\\\/fi\\\/product\\\/veitsen-teroitin-tyoterava\\\/\"]}]},{\"@type\":\"ImageObject\",\"inLanguage\":\"fi\",\"@id\":\"https:\\\/\\\/aaknives.eu\\\/fi\\\/product\\\/veitsen-teroitin-tyoterava\\\/#primaryimage\",\"url\":\"https:\\\/\\\/aaknives.eu\\\/wp-content\\\/uploads\\\/2023\\\/08\\\/3.jpg\",\"contentUrl\":\"https:\\\/\\\/aaknives.eu\\\/wp-content\\\/uploads\\\/2023\\\/08\\\/3.jpg\",\"width\":1020,\"height\":880,\"caption\":\"3\"},{\"@type\":\"BreadcrumbList\",\"@id\":\"https:\\\/\\\/aaknives.eu\\\/fi\\\/product\\\/veitsen-teroitin-tyoterava\\\/#breadcrumb\",\"itemListElement\":[{\"@type\":\"ListItem\",\"position\":1,\"name\":\"Home\",\"item\":\"https:\\\/\\\/aaknives.eu\\\/fi\\\/\"},{\"@type\":\"ListItem\",\"position\":2,\"name\":\"Kauppa\",\"item\":\"https:\\\/\\\/aaknives.eu\\\/kauppa\\\/\"},{\"@type\":\"ListItem\",\"position\":3,\"name\":\"VEITSEN TEROITIN &#8211; TY\u00d6TER\u00c4V\u00c4\"}]},{\"@type\":\"WebSite\",\"@id\":\"https:\\\/\\\/aaknives.eu\\\/fi\\\/#website\",\"url\":\"https:\\\/\\\/aaknives.eu\\\/fi\\\/\",\"name\":\"AAKnives\",\"description\":\"Handmade knives\",\"publisher\":{\"@id\":\"https:\\\/\\\/aaknives.eu\\\/fi\\\/#organization\"},\"potentialAction\":[{\"@type\":\"SearchAction\",\"target\":{\"@type\":\"EntryPoint\",\"urlTemplate\":\"https:\\\/\\\/aaknives.eu\\\/fi\\\/?s={search_term_string}\"},\"query-input\":{\"@type\":\"PropertyValueSpecification\",\"valueRequired\":true,\"valueName\":\"search_term_string\"}}],\"inLanguage\":\"fi\"},{\"@type\":\"Organization\",\"@id\":\"https:\\\/\\\/aaknives.eu\\\/fi\\\/#organization\",\"name\":\"AAKnives\",\"url\":\"https:\\\/\\\/aaknives.eu\\\/fi\\\/\",\"logo\":{\"@type\":\"ImageObject\",\"inLanguage\":\"fi\",\"@id\":\"https:\\\/\\\/aaknives.eu\\\/fi\\\/#\\\/schema\\\/logo\\\/image\\\/\",\"url\":\"https:\\\/\\\/aaknives.eu\\\/wp-content\\\/uploads\\\/2021\\\/10\\\/AAknives_Logo_Green.png\",\"contentUrl\":\"https:\\\/\\\/aaknives.eu\\\/wp-content\\\/uploads\\\/2021\\\/10\\\/AAknives_Logo_Green.png\",\"width\":1768,\"height\":1768,\"caption\":\"AAKnives\"},\"image\":{\"@id\":\"https:\\\/\\\/aaknives.eu\\\/fi\\\/#\\\/schema\\\/logo\\\/image\\\/\"},\"sameAs\":[\"https:\\\/\\\/www.facebook.com\\\/aaknives.eu\\\/\",\"https:\\\/\\\/www.instagram.com\\\/aaknives\\\/\",\"https:\\\/\\\/www.pinterest.com\\\/aa_knives\\\/\",\"https:\\\/\\\/www.youtube.com\\\/channel\\\/UCHOQFjrOkgT6s4FIw9LDKyw\\\/featured\"]}]}<\/script>\n<!-- \/ Yoast SEO plugin. -->","yoast_head_json":{"title":"VEITSEN TEROITIN - TY\u00d6TER\u00c4V\u00c4 - AAKnives","description":"VEITSEN TEROITIN - TY\u00d6TER\u00c4V\u00c4","robots":{"index":"index","follow":"follow","max-snippet":"max-snippet:-1","max-image-preview":"max-image-preview:large","max-video-preview":"max-video-preview:-1"},"canonical":"https:\/\/aaknives.eu\/fi\/product\/veitsen-teroitin-tyoterava\/","og_locale":"fi_FI","og_type":"article","og_title":"VEITSEN TEROITIN - TY\u00d6TER\u00c4V\u00c4 - AAKnives","og_description":"VEITSEN TEROITIN - TY\u00d6TER\u00c4V\u00c4","og_url":"https:\/\/aaknives.eu\/fi\/product\/veitsen-teroitin-tyoterava\/","og_site_name":"AAKnives","article_publisher":"https:\/\/www.facebook.com\/aaknives.eu\/","og_image":[{"width":1020,"height":880,"url":"https:\/\/aaknives.eu\/wp-content\/uploads\/2023\/08\/3.jpg","type":"image\/jpeg"}],"twitter_card":"summary_large_image","twitter_misc":{"Arvioitu lukuaika":"1 minuutti"},"schema":{"@context":"https:\/\/schema.org","@graph":[{"@type":"WebPage","@id":"https:\/\/aaknives.eu\/fi\/product\/veitsen-teroitin-tyoterava\/","url":"https:\/\/aaknives.eu\/fi\/product\/veitsen-teroitin-tyoterava\/","name":"VEITSEN TEROITIN - TY\u00d6TER\u00c4V\u00c4 - AAKnives","isPartOf":{"@id":"https:\/\/aaknives.eu\/fi\/#website"},"primaryImageOfPage":{"@id":"https:\/\/aaknives.eu\/fi\/product\/veitsen-teroitin-tyoterava\/#primaryimage"},"image":{"@id":"https:\/\/aaknives.eu\/fi\/product\/veitsen-teroitin-tyoterava\/#primaryimage"},"thumbnailUrl":"https:\/\/aaknives.eu\/wp-content\/uploads\/2023\/08\/3.jpg","datePublished":"2023-08-10T07:03:29+00:00","description":"VEITSEN TEROITIN - TY\u00d6TER\u00c4V\u00c4","breadcrumb":{"@id":"https:\/\/aaknives.eu\/fi\/product\/veitsen-teroitin-tyoterava\/#breadcrumb"},"inLanguage":"fi","potentialAction":[{"@type":"ReadAction","target":["https:\/\/aaknives.eu\/fi\/product\/veitsen-teroitin-tyoterava\/"]}]},{"@type":"ImageObject","inLanguage":"fi","@id":"https:\/\/aaknives.eu\/fi\/product\/veitsen-teroitin-tyoterava\/#primaryimage","url":"https:\/\/aaknives.eu\/wp-content\/uploads\/2023\/08\/3.jpg","contentUrl":"https:\/\/aaknives.eu\/wp-content\/uploads\/2023\/08\/3.jpg","width":1020,"height":880,"caption":"3"},{"@type":"BreadcrumbList","@id":"https:\/\/aaknives.eu\/fi\/product\/veitsen-teroitin-tyoterava\/#breadcrumb","itemListElement":[{"@type":"ListItem","position":1,"name":"Home","item":"https:\/\/aaknives.eu\/fi\/"},{"@type":"ListItem","position":2,"name":"Kauppa","item":"https:\/\/aaknives.eu\/kauppa\/"},{"@type":"ListItem","position":3,"name":"VEITSEN TEROITIN &#8211; TY\u00d6TER\u00c4V\u00c4"}]},{"@type":"WebSite","@id":"https:\/\/aaknives.eu\/fi\/#website","url":"https:\/\/aaknives.eu\/fi\/","name":"AAKnives","description":"Handmade knives","publisher":{"@id":"https:\/\/aaknives.eu\/fi\/#organization"},"potentialAction":[{"@type":"SearchAction","target":{"@type":"EntryPoint","urlTemplate":"https:\/\/aaknives.eu\/fi\/?s={search_term_string}"},"query-input":{"@type":"PropertyValueSpecification","valueRequired":true,"valueName":"search_term_string"}}],"inLanguage":"fi"},{"@type":"Organization","@id":"https:\/\/aaknives.eu\/fi\/#organization","name":"AAKnives","url":"https:\/\/aaknives.eu\/fi\/","logo":{"@type":"ImageObject","inLanguage":"fi","@id":"https:\/\/aaknives.eu\/fi\/#\/schema\/logo\/image\/","url":"https:\/\/aaknives.eu\/wp-content\/uploads\/2021\/10\/AAknives_Logo_Green.png","contentUrl":"https:\/\/aaknives.eu\/wp-content\/uploads\/2021\/10\/AAknives_Logo_Green.png","width":1768,"height":1768,"caption":"AAKnives"},"image":{"@id":"https:\/\/aaknives.eu\/fi\/#\/schema\/logo\/image\/"},"sameAs":["https:\/\/www.facebook.com\/aaknives.eu\/","https:\/\/www.instagram.com\/aaknives\/","https:\/\/www.pinterest.com\/aa_knives\/","https:\/\/www.youtube.com\/channel\/UCHOQFjrOkgT6s4FIw9LDKyw\/featured"]}]}},"_links":{"self":[{"href":"https:\/\/aaknives.eu\/fi\/wp-json\/wp\/v2\/product\/58535","targetHints":{"allow":["GET"]}}],"collection":[{"href":"https:\/\/aaknives.eu\/fi\/wp-json\/wp\/v2\/product"}],"about":[{"href":"https:\/\/aaknives.eu\/fi\/wp-json\/wp\/v2\/types\/product"}],"wp:featuredmedia":[{"embeddable":true,"href":"https:\/\/aaknives.eu\/fi\/wp-json\/wp\/v2\/media\/58536"}],"wp:attachment":[{"href":"https:\/\/aaknives.eu\/fi\/wp-json\/wp\/v2\/media?parent=58535"}],"wp:term":[{"taxonomy":"product_brand","embeddable":true,"href":"https:\/\/aaknives.eu\/fi\/wp-json\/wp\/v2\/product_brand?post=58535"},{"taxonomy":"product_cat","embeddable":true,"href":"https:\/\/aaknives.eu\/fi\/wp-json\/wp\/v2\/product_cat?post=58535"},{"taxonomy":"product_tag","embeddable":true,"href":"https:\/\/aaknives.eu\/fi\/wp-json\/wp\/v2\/product_tag?post=58535"}],"curies":[{"name":"wp","href":"https:\/\/api.w.org\/{rel}","templated":true}]}}