{"id":58545,"date":"2023-07-26T16:05:31","date_gmt":"2023-07-26T16:05:31","guid":{"rendered":"https:\/\/aaknives.eu\/product\/puukko-uzbek-pchak-uzbekin-kansallinen-puukko-damascus-kasin-taottu-teras\/"},"modified":"2024-09-26T17:33:13","modified_gmt":"2024-09-26T17:33:13","slug":"puukko-uzbek-pchak-uzbekin-kansallinen-puukko-damascus-kasin-taottu-teras-3","status":"publish","type":"product","link":"https:\/\/aaknives.eu\/fi\/product\/puukko-uzbek-pchak-uzbekin-kansallinen-puukko-damascus-kasin-taottu-teras-3\/","title":{"rendered":"Veitsi &#8221;UZBEK-PCHAK&#8221; &#8211; Uzbekin kansallinen veitsi, Damascus k\u00e4sin taottu ter\u00e4s."},"content":{"rendered":"<p>Veitsen tekniset tiedot: &#8221;UZBEK-PCHAK&#8221;<br \/>\nTer\u00e4s: (HVG, U10, ShH15), 800 kerrosta.<br \/>\nKovuus: 60-61 HRC<br \/>\nTer\u00e4n pituus (mm): 160<br \/>\nTer\u00e4n paksuus (mm): 3<br \/>\nTer\u00e4n leveys (mm): 35<br \/>\nKahva: a stabiloitu karjalan koivu<br \/>\nKokonaispituus (mm): 290<\/p>\n<p>&nbsp;<\/p>\n<p>K\u00e4sin taottu Damaskuster\u00e4ksest\u00e4 valmistettu ter\u00e4, joka on luotu paketista eri kovuutta ja viskositeettia olevia ter\u00e4ksi\u00e4, jotka taittuvat levyksi tietyss\u00e4 j\u00e4rjestyksess\u00e4. Seuraavaksi levy\u00e4 taotaan toistuvasti uudelleen, mink\u00e4 ansiosta muodostuu kerroksia ja ainutlaatuinen kuvio.<br \/>\nVaikea tekninen prosessi tehd\u00e4\u00e4n manuaalisesti. N\u00e4in valmistetulle ter\u00e4kselle on ominaista lis\u00e4\u00e4ntynyt lujuus, suuri kovuus, erinomaiset leikkausominaisuudet ja kauneus.<br \/>\nDamaskon-ter\u00e4 yli 450 kerrosta.<br \/>\nPaketti Damascuster\u00e4ksest\u00e4 valmistettu ter\u00e4 ShH15 + HVG + U10 A, l\u00e4mp\u00f6ilmaisu 860 \u00b0 C.<\/p>\n<p>Damascus-ter\u00e4n veitsien edut:<br \/>\nLis\u00e4\u00e4ntynyt lujuus<br \/>\nKorkea kovuus<br \/>\nErinomaiset leikkausominaisuudet<br \/>\nKaunis muotoilu<br \/>\nPitk\u00e4\u00e4n kest\u00e4v\u00e4 ter\u00e4vyys<\/p>\n<p>Ter\u00e4n kovuus 60-62 HRC.<br \/>\nCustom veitsi, k\u00e4sintehty veitsi, k\u00e4sin taottu veitsi, k\u00e4sin taottu ter\u00e4<\/p>\n","protected":false},"excerpt":{"rendered":"<p>Veitsen tekniset tiedot: &#8221;UZBEK-PCHAK&#8221; Ter\u00e4s: (HVG, U10, ShH15), 800 kerrosta. Kovuus: 60-61 HRC Ter\u00e4n pituus (mm): 160 Ter\u00e4n paksuus (mm): 3 Ter\u00e4n leveys (mm): 35 Kahva: a stabiloitu karjalan koivu Kokonaispituus (mm): 290 &nbsp; K\u00e4sin taottu Damaskuster\u00e4ksest\u00e4 valmistettu ter\u00e4, joka on luotu paketista eri kovuutta ja viskositeettia olevia ter\u00e4ksi\u00e4, jotka taittuvat levyksi tietyss\u00e4 j\u00e4rjestyksess\u00e4. Seuraavaksi levy\u00e4 taotaan toistuvasti uudelleen, mink\u00e4 ansiosta muodostuu kerroksia ja ainutlaatuinen kuvio. Vaikea tekninen prosessi tehd\u00e4\u00e4n manuaalisesti. N\u00e4in valmistetulle ter\u00e4kselle on ominaista lis\u00e4\u00e4ntynyt lujuus, suuri kovuus, erinomaiset leikkausominaisuudet ja kauneus. Damaskon-ter\u00e4 yli 450 kerrosta. Paketti Damascuster\u00e4ksest\u00e4 valmistettu ter\u00e4 ShH15 + HVG + U10 A, l\u00e4mp\u00f6ilmaisu 860&hellip;<\/p>\n","protected":false},"featured_media":58546,"template":"","meta":{"_themeisle_gutenberg_block_has_review":false},"product_brand":[],"product_cat":[462,459],"product_tag":[],"class_list":{"0":"post-58545","1":"product","2":"type-product","3":"status-publish","4":"has-post-thumbnail","6":"product_cat-keittioveitset","7":"product_cat-premium-ja-exclusive-veitset","9":"first","10":"outofstock","11":"shipping-taxable","12":"purchasable","13":"product-type-simple"},"yoast_head":"<!-- This site is optimized with the Yoast SEO plugin v27.3 - https:\/\/yoast.com\/product\/yoast-seo-wordpress\/ -->\n<title>Veitsi &#039;&#039;UZBEK-PCHAK&#039;&#039; - Uzbekin kansallinen veitsi, Damascus k\u00e4sin taottu ter\u00e4s. - AAKnives<\/title>\n<meta name=\"description\" content=\"Veitsi &#039;&#039;UZBEK-PCHAK&#039;&#039; - Uzbekin kansallinen veitsi, Damascus k\u00e4sin taottu ter\u00e4s.\" \/>\n<meta name=\"robots\" content=\"index, follow, max-snippet:-1, max-image-preview:large, max-video-preview:-1\" \/>\n<link rel=\"canonical\" href=\"https:\/\/aaknives.eu\/fi\/product\/puukko-uzbek-pchak-uzbekin-kansallinen-puukko-damascus-kasin-taottu-teras-3\/\" \/>\n<meta property=\"og:locale\" content=\"fi_FI\" \/>\n<meta property=\"og:type\" content=\"article\" \/>\n<meta property=\"og:title\" content=\"Veitsi &#039;&#039;UZBEK-PCHAK&#039;&#039; - Uzbekin kansallinen veitsi, Damascus k\u00e4sin taottu ter\u00e4s. - AAKnives\" \/>\n<meta property=\"og:description\" content=\"Veitsi &#039;&#039;UZBEK-PCHAK&#039;&#039; - Uzbekin kansallinen veitsi, Damascus k\u00e4sin taottu ter\u00e4s.\" \/>\n<meta property=\"og:url\" content=\"https:\/\/aaknives.eu\/fi\/product\/puukko-uzbek-pchak-uzbekin-kansallinen-puukko-damascus-kasin-taottu-teras-3\/\" \/>\n<meta property=\"og:site_name\" content=\"AAKnives\" \/>\n<meta property=\"article:publisher\" content=\"https:\/\/www.facebook.com\/aaknives.eu\/\" \/>\n<meta property=\"article:modified_time\" content=\"2024-09-26T17:33:13+00:00\" \/>\n<meta property=\"og:image\" content=\"https:\/\/aaknives.eu\/wp-content\/uploads\/2023\/07\/aaknives-hand-forged-dabascus-steel-blade-knife-handmade-custom-made-knife-handcrafted-knives-autinetools-northmen-10-1.jpg\" \/>\n\t<meta property=\"og:image:width\" content=\"1020\" \/>\n\t<meta property=\"og:image:height\" content=\"880\" \/>\n\t<meta property=\"og:image:type\" content=\"image\/jpeg\" \/>\n<meta name=\"twitter:card\" content=\"summary_large_image\" \/>\n<meta name=\"twitter:label1\" content=\"Arvioitu lukuaika\" \/>\n\t<meta name=\"twitter:data1\" content=\"1 minuutti\" \/>\n<script type=\"application\/ld+json\" class=\"yoast-schema-graph\">{\"@context\":\"https:\\\/\\\/schema.org\",\"@graph\":[{\"@type\":\"WebPage\",\"@id\":\"https:\\\/\\\/aaknives.eu\\\/fi\\\/product\\\/puukko-uzbek-pchak-uzbekin-kansallinen-puukko-damascus-kasin-taottu-teras-3\\\/\",\"url\":\"https:\\\/\\\/aaknives.eu\\\/fi\\\/product\\\/puukko-uzbek-pchak-uzbekin-kansallinen-puukko-damascus-kasin-taottu-teras-3\\\/\",\"name\":\"Veitsi ''UZBEK-PCHAK'' - Uzbekin kansallinen veitsi, Damascus k\u00e4sin taottu ter\u00e4s. - AAKnives\",\"isPartOf\":{\"@id\":\"https:\\\/\\\/aaknives.eu\\\/fi\\\/#website\"},\"primaryImageOfPage\":{\"@id\":\"https:\\\/\\\/aaknives.eu\\\/fi\\\/product\\\/puukko-uzbek-pchak-uzbekin-kansallinen-puukko-damascus-kasin-taottu-teras-3\\\/#primaryimage\"},\"image\":{\"@id\":\"https:\\\/\\\/aaknives.eu\\\/fi\\\/product\\\/puukko-uzbek-pchak-uzbekin-kansallinen-puukko-damascus-kasin-taottu-teras-3\\\/#primaryimage\"},\"thumbnailUrl\":\"https:\\\/\\\/aaknives.eu\\\/wp-content\\\/uploads\\\/2023\\\/07\\\/aaknives-hand-forged-dabascus-steel-blade-knife-handmade-custom-made-knife-handcrafted-knives-autinetools-northmen-10-1.jpg\",\"datePublished\":\"2023-07-26T16:05:31+00:00\",\"dateModified\":\"2024-09-26T17:33:13+00:00\",\"description\":\"Veitsi ''UZBEK-PCHAK'' - Uzbekin kansallinen veitsi, Damascus k\u00e4sin taottu ter\u00e4s.\",\"breadcrumb\":{\"@id\":\"https:\\\/\\\/aaknives.eu\\\/fi\\\/product\\\/puukko-uzbek-pchak-uzbekin-kansallinen-puukko-damascus-kasin-taottu-teras-3\\\/#breadcrumb\"},\"inLanguage\":\"fi\",\"potentialAction\":[{\"@type\":\"ReadAction\",\"target\":[\"https:\\\/\\\/aaknives.eu\\\/fi\\\/product\\\/puukko-uzbek-pchak-uzbekin-kansallinen-puukko-damascus-kasin-taottu-teras-3\\\/\"]}]},{\"@type\":\"ImageObject\",\"inLanguage\":\"fi\",\"@id\":\"https:\\\/\\\/aaknives.eu\\\/fi\\\/product\\\/puukko-uzbek-pchak-uzbekin-kansallinen-puukko-damascus-kasin-taottu-teras-3\\\/#primaryimage\",\"url\":\"https:\\\/\\\/aaknives.eu\\\/wp-content\\\/uploads\\\/2023\\\/07\\\/aaknives-hand-forged-dabascus-steel-blade-knife-handmade-custom-made-knife-handcrafted-knives-autinetools-northmen-10-1.jpg\",\"contentUrl\":\"https:\\\/\\\/aaknives.eu\\\/wp-content\\\/uploads\\\/2023\\\/07\\\/aaknives-hand-forged-dabascus-steel-blade-knife-handmade-custom-made-knife-handcrafted-knives-autinetools-northmen-10-1.jpg\",\"width\":1020,\"height\":880,\"caption\":\"aaknives hand forged dabascus steel blade knife handmade custom made knife handcrafted knives autinetools northmen 10 1\"},{\"@type\":\"BreadcrumbList\",\"@id\":\"https:\\\/\\\/aaknives.eu\\\/fi\\\/product\\\/puukko-uzbek-pchak-uzbekin-kansallinen-puukko-damascus-kasin-taottu-teras-3\\\/#breadcrumb\",\"itemListElement\":[{\"@type\":\"ListItem\",\"position\":1,\"name\":\"Home\",\"item\":\"https:\\\/\\\/aaknives.eu\\\/fi\\\/\"},{\"@type\":\"ListItem\",\"position\":2,\"name\":\"Kauppa\",\"item\":\"https:\\\/\\\/aaknives.eu\\\/kauppa\\\/\"},{\"@type\":\"ListItem\",\"position\":3,\"name\":\"Veitsi &#8221;UZBEK-PCHAK&#8221; &#8211; Uzbekin kansallinen veitsi, Damascus k\u00e4sin taottu ter\u00e4s.\"}]},{\"@type\":\"WebSite\",\"@id\":\"https:\\\/\\\/aaknives.eu\\\/fi\\\/#website\",\"url\":\"https:\\\/\\\/aaknives.eu\\\/fi\\\/\",\"name\":\"AAKnives\",\"description\":\"Handmade knives\",\"publisher\":{\"@id\":\"https:\\\/\\\/aaknives.eu\\\/fi\\\/#organization\"},\"potentialAction\":[{\"@type\":\"SearchAction\",\"target\":{\"@type\":\"EntryPoint\",\"urlTemplate\":\"https:\\\/\\\/aaknives.eu\\\/fi\\\/?s={search_term_string}\"},\"query-input\":{\"@type\":\"PropertyValueSpecification\",\"valueRequired\":true,\"valueName\":\"search_term_string\"}}],\"inLanguage\":\"fi\"},{\"@type\":\"Organization\",\"@id\":\"https:\\\/\\\/aaknives.eu\\\/fi\\\/#organization\",\"name\":\"AAKnives\",\"url\":\"https:\\\/\\\/aaknives.eu\\\/fi\\\/\",\"logo\":{\"@type\":\"ImageObject\",\"inLanguage\":\"fi\",\"@id\":\"https:\\\/\\\/aaknives.eu\\\/fi\\\/#\\\/schema\\\/logo\\\/image\\\/\",\"url\":\"https:\\\/\\\/aaknives.eu\\\/wp-content\\\/uploads\\\/2021\\\/10\\\/AAknives_Logo_Green.png\",\"contentUrl\":\"https:\\\/\\\/aaknives.eu\\\/wp-content\\\/uploads\\\/2021\\\/10\\\/AAknives_Logo_Green.png\",\"width\":1768,\"height\":1768,\"caption\":\"AAKnives\"},\"image\":{\"@id\":\"https:\\\/\\\/aaknives.eu\\\/fi\\\/#\\\/schema\\\/logo\\\/image\\\/\"},\"sameAs\":[\"https:\\\/\\\/www.facebook.com\\\/aaknives.eu\\\/\",\"https:\\\/\\\/www.instagram.com\\\/aaknives\\\/\",\"https:\\\/\\\/www.pinterest.com\\\/aa_knives\\\/\",\"https:\\\/\\\/www.youtube.com\\\/channel\\\/UCHOQFjrOkgT6s4FIw9LDKyw\\\/featured\"]}]}<\/script>\n<!-- \/ Yoast SEO plugin. -->","yoast_head_json":{"title":"Veitsi ''UZBEK-PCHAK'' - Uzbekin kansallinen veitsi, Damascus k\u00e4sin taottu ter\u00e4s. - AAKnives","description":"Veitsi ''UZBEK-PCHAK'' - Uzbekin kansallinen veitsi, Damascus k\u00e4sin taottu ter\u00e4s.","robots":{"index":"index","follow":"follow","max-snippet":"max-snippet:-1","max-image-preview":"max-image-preview:large","max-video-preview":"max-video-preview:-1"},"canonical":"https:\/\/aaknives.eu\/fi\/product\/puukko-uzbek-pchak-uzbekin-kansallinen-puukko-damascus-kasin-taottu-teras-3\/","og_locale":"fi_FI","og_type":"article","og_title":"Veitsi ''UZBEK-PCHAK'' - Uzbekin kansallinen veitsi, Damascus k\u00e4sin taottu ter\u00e4s. - AAKnives","og_description":"Veitsi ''UZBEK-PCHAK'' - Uzbekin kansallinen veitsi, Damascus k\u00e4sin taottu ter\u00e4s.","og_url":"https:\/\/aaknives.eu\/fi\/product\/puukko-uzbek-pchak-uzbekin-kansallinen-puukko-damascus-kasin-taottu-teras-3\/","og_site_name":"AAKnives","article_publisher":"https:\/\/www.facebook.com\/aaknives.eu\/","article_modified_time":"2024-09-26T17:33:13+00:00","og_image":[{"width":1020,"height":880,"url":"https:\/\/aaknives.eu\/wp-content\/uploads\/2023\/07\/aaknives-hand-forged-dabascus-steel-blade-knife-handmade-custom-made-knife-handcrafted-knives-autinetools-northmen-10-1.jpg","type":"image\/jpeg"}],"twitter_card":"summary_large_image","twitter_misc":{"Arvioitu lukuaika":"1 minuutti"},"schema":{"@context":"https:\/\/schema.org","@graph":[{"@type":"WebPage","@id":"https:\/\/aaknives.eu\/fi\/product\/puukko-uzbek-pchak-uzbekin-kansallinen-puukko-damascus-kasin-taottu-teras-3\/","url":"https:\/\/aaknives.eu\/fi\/product\/puukko-uzbek-pchak-uzbekin-kansallinen-puukko-damascus-kasin-taottu-teras-3\/","name":"Veitsi ''UZBEK-PCHAK'' - Uzbekin kansallinen veitsi, Damascus k\u00e4sin taottu ter\u00e4s. - AAKnives","isPartOf":{"@id":"https:\/\/aaknives.eu\/fi\/#website"},"primaryImageOfPage":{"@id":"https:\/\/aaknives.eu\/fi\/product\/puukko-uzbek-pchak-uzbekin-kansallinen-puukko-damascus-kasin-taottu-teras-3\/#primaryimage"},"image":{"@id":"https:\/\/aaknives.eu\/fi\/product\/puukko-uzbek-pchak-uzbekin-kansallinen-puukko-damascus-kasin-taottu-teras-3\/#primaryimage"},"thumbnailUrl":"https:\/\/aaknives.eu\/wp-content\/uploads\/2023\/07\/aaknives-hand-forged-dabascus-steel-blade-knife-handmade-custom-made-knife-handcrafted-knives-autinetools-northmen-10-1.jpg","datePublished":"2023-07-26T16:05:31+00:00","dateModified":"2024-09-26T17:33:13+00:00","description":"Veitsi ''UZBEK-PCHAK'' - Uzbekin kansallinen veitsi, Damascus k\u00e4sin taottu ter\u00e4s.","breadcrumb":{"@id":"https:\/\/aaknives.eu\/fi\/product\/puukko-uzbek-pchak-uzbekin-kansallinen-puukko-damascus-kasin-taottu-teras-3\/#breadcrumb"},"inLanguage":"fi","potentialAction":[{"@type":"ReadAction","target":["https:\/\/aaknives.eu\/fi\/product\/puukko-uzbek-pchak-uzbekin-kansallinen-puukko-damascus-kasin-taottu-teras-3\/"]}]},{"@type":"ImageObject","inLanguage":"fi","@id":"https:\/\/aaknives.eu\/fi\/product\/puukko-uzbek-pchak-uzbekin-kansallinen-puukko-damascus-kasin-taottu-teras-3\/#primaryimage","url":"https:\/\/aaknives.eu\/wp-content\/uploads\/2023\/07\/aaknives-hand-forged-dabascus-steel-blade-knife-handmade-custom-made-knife-handcrafted-knives-autinetools-northmen-10-1.jpg","contentUrl":"https:\/\/aaknives.eu\/wp-content\/uploads\/2023\/07\/aaknives-hand-forged-dabascus-steel-blade-knife-handmade-custom-made-knife-handcrafted-knives-autinetools-northmen-10-1.jpg","width":1020,"height":880,"caption":"aaknives hand forged dabascus steel blade knife handmade custom made knife handcrafted knives autinetools northmen 10 1"},{"@type":"BreadcrumbList","@id":"https:\/\/aaknives.eu\/fi\/product\/puukko-uzbek-pchak-uzbekin-kansallinen-puukko-damascus-kasin-taottu-teras-3\/#breadcrumb","itemListElement":[{"@type":"ListItem","position":1,"name":"Home","item":"https:\/\/aaknives.eu\/fi\/"},{"@type":"ListItem","position":2,"name":"Kauppa","item":"https:\/\/aaknives.eu\/kauppa\/"},{"@type":"ListItem","position":3,"name":"Veitsi &#8221;UZBEK-PCHAK&#8221; &#8211; Uzbekin kansallinen veitsi, Damascus k\u00e4sin taottu ter\u00e4s."}]},{"@type":"WebSite","@id":"https:\/\/aaknives.eu\/fi\/#website","url":"https:\/\/aaknives.eu\/fi\/","name":"AAKnives","description":"Handmade knives","publisher":{"@id":"https:\/\/aaknives.eu\/fi\/#organization"},"potentialAction":[{"@type":"SearchAction","target":{"@type":"EntryPoint","urlTemplate":"https:\/\/aaknives.eu\/fi\/?s={search_term_string}"},"query-input":{"@type":"PropertyValueSpecification","valueRequired":true,"valueName":"search_term_string"}}],"inLanguage":"fi"},{"@type":"Organization","@id":"https:\/\/aaknives.eu\/fi\/#organization","name":"AAKnives","url":"https:\/\/aaknives.eu\/fi\/","logo":{"@type":"ImageObject","inLanguage":"fi","@id":"https:\/\/aaknives.eu\/fi\/#\/schema\/logo\/image\/","url":"https:\/\/aaknives.eu\/wp-content\/uploads\/2021\/10\/AAknives_Logo_Green.png","contentUrl":"https:\/\/aaknives.eu\/wp-content\/uploads\/2021\/10\/AAknives_Logo_Green.png","width":1768,"height":1768,"caption":"AAKnives"},"image":{"@id":"https:\/\/aaknives.eu\/fi\/#\/schema\/logo\/image\/"},"sameAs":["https:\/\/www.facebook.com\/aaknives.eu\/","https:\/\/www.instagram.com\/aaknives\/","https:\/\/www.pinterest.com\/aa_knives\/","https:\/\/www.youtube.com\/channel\/UCHOQFjrOkgT6s4FIw9LDKyw\/featured"]}]}},"_links":{"self":[{"href":"https:\/\/aaknives.eu\/fi\/wp-json\/wp\/v2\/product\/58545","targetHints":{"allow":["GET"]}}],"collection":[{"href":"https:\/\/aaknives.eu\/fi\/wp-json\/wp\/v2\/product"}],"about":[{"href":"https:\/\/aaknives.eu\/fi\/wp-json\/wp\/v2\/types\/product"}],"wp:featuredmedia":[{"embeddable":true,"href":"https:\/\/aaknives.eu\/fi\/wp-json\/wp\/v2\/media\/58546"}],"wp:attachment":[{"href":"https:\/\/aaknives.eu\/fi\/wp-json\/wp\/v2\/media?parent=58545"}],"wp:term":[{"taxonomy":"product_brand","embeddable":true,"href":"https:\/\/aaknives.eu\/fi\/wp-json\/wp\/v2\/product_brand?post=58545"},{"taxonomy":"product_cat","embeddable":true,"href":"https:\/\/aaknives.eu\/fi\/wp-json\/wp\/v2\/product_cat?post=58545"},{"taxonomy":"product_tag","embeddable":true,"href":"https:\/\/aaknives.eu\/fi\/wp-json\/wp\/v2\/product_tag?post=58545"}],"curies":[{"name":"wp","href":"https:\/\/api.w.org\/{rel}","templated":true}]}}