{"id":58553,"date":"2023-06-08T15:43:28","date_gmt":"2023-06-08T15:43:28","guid":{"rendered":"https:\/\/aaknives.eu\/product\/keskikokoinen-keittiovenkki-taottu-damaskusteras\/"},"modified":"2024-10-30T16:50:50","modified_gmt":"2024-10-30T16:50:50","slug":"keskikokoinen-keittiovenkki-taottu-damaskusteras-2","status":"publish","type":"product","link":"https:\/\/aaknives.eu\/fi\/product\/keskikokoinen-keittiovenkki-taottu-damaskusteras-2\/","title":{"rendered":"SANTOKU KITCHEN KNIFE &#8211; taottu Damaskoksen ter\u00e4s"},"content":{"rendered":"<p>Veitsen tekniset tiedot: SANTOKU KITCHEN KNIFE<br \/>\nTer\u00e4s: Damaskoksen ter\u00e4ster\u00e4, (HVG, U10, ShH15), 800 kerrosta<br \/>\nKovuus: 60 HRC<br \/>\nTer\u00e4n pituus (mm): 180 \/ 7,08 tuumaa<br \/>\nTer\u00e4n paksuus (mm): 2 \/ 0,078 tuumaa<br \/>\nTer\u00e4n leveys (mm): 40 \/ 1,57 tuumaa<br \/>\nKahva: Akryyli<br \/>\nKokonaispituus (mm): 318 \/ 12,51 tuumaa<br \/>\nPakkaus: veitsi, nahkatuppi<\/p>\n<p>Damaskuster\u00e4ksen k\u00e4ytt\u00f6 ja hoito<\/p>\n<p>&nbsp;<\/p>\n<p>Damaskuster\u00e4s tunnetaan laajalti yhten\u00e4 kest\u00e4vimmist\u00e4 veitsiter\u00e4ksist\u00e4, joita mets\u00e4st\u00e4j\u00e4t, kalastajat ja ulkoiluharrastajat valitsevat.<\/p>\n<p>AA Knivesin tarjoama Damascus-ter\u00e4s taotaan kolmesta eri ter\u00e4ksest\u00e4, jotta saadaan aikaan tunnettu ja ainutlaatuinen malli, jossa yhdistyv\u00e4t kolmen k\u00e4ytetyn ter\u00e4ksen my\u00f6nteiset ty\u00f6ominaisuudet &#8211; kest\u00e4vyys, joustavuus ja pitk\u00e4aikainen ter\u00e4vyys. Uskotaan, ett\u00e4 erinomaisen leikkauskykyns\u00e4 ansiosta t\u00e4m\u00e4 ter\u00e4s on usein taipumus p\u00e4ihitt\u00e4\u00e4 ruostumattomasta ter\u00e4ksest\u00e4 valmistetut tuotteet, koska sen ter\u00e4 muodostaa mikrosahan kaltaisen pinnan, joka on ominainen useille yhdess\u00e4 hiotuille ter\u00e4smateriaaleille. Koska Damaskuster\u00e4s kuuluu ruostuviin ter\u00e4ksiin, on erityisen t\u00e4rke\u00e4\u00e4 muistaa, ett\u00e4 sit\u00e4 on huollettava asianmukaisesti.<\/p>\n<p>Aivan kuten jos tuot kotiin aseen sateiselta mets\u00e4stysp\u00e4iv\u00e4lt\u00e4, et laittaisi sit\u00e4 pois puhdistamattomana ja k\u00e4sittelem\u00e4tt\u00f6m\u00e4n\u00e4, aivan kuten sinun on pidett\u00e4v\u00e4 huolta veitsest\u00e4si, jolla on my\u00f6s t\u00e4rke\u00e4 rooli mets\u00e4stysprosessissa. Damascus-ter\u00e4sveitsi on pyyhitt\u00e4v\u00e4 perusteellisesti k\u00e4yt\u00f6n j\u00e4lkeen, liasta vapaana ja valutettava, jotta v\u00e4ltet\u00e4\u00e4n kosteus varastoinnin aikana, joka voi aiheuttaa ruostumista ajan mittaan, ja \u00e4l\u00e4 unohda voitelua. Sinun ei tarvitse ostaa ammattimaisia suojavarusteita t\u00e4t\u00e4 tarkoitusta varten, sill\u00e4 mik\u00e4 tahansa keitti\u00f6ss\u00e4 oleva ruoka\u00f6ljy tulee tarpeeseen, sill\u00e4 mets\u00e4stysveitsi on l\u00e4hes aina kosketuksissa lihan ja muiden elintarvikkeiden kanssa, joten mekaanisen \u00f6ljyn k\u00e4ytt\u00e4minen veitsen suojaamiseen ei ole suositeltavaa. My\u00f6sk\u00e4\u00e4n s\u00e4\u00e4nn\u00f6llist\u00e4 ter\u00e4v\u00f6itt\u00e4mist\u00e4 ja s\u00e4\u00e4t\u00e4mist\u00e4 ei pid\u00e4 unohtaa.<\/p>\n<p>Jokainen saattaa kuitenkin unohtaa juuri k\u00e4ytetyn veitsen autoon tai laukun pohjalle, ja kun se on siell\u00e4 jonkin aikaa, ter\u00e4ss\u00e4 on tummia kohtia &#8211; ensimm\u00e4iset merkit ruostumisesta. Mutta \u00e4l\u00e4 huoli, sinun ei tarvitse luopua suosikkity\u00f6kalustasi! Saadaksesi parhaan tuloksen, mene mihin tahansa rakennustarvikekauppaan ja osta hienointa hiekkapaperia (P2000 &#8211; 2500) ja hankkiudu eroon ruostetahroista kevyell\u00e4 ter\u00e4ll\u00e4 hankaamalla.<\/p>\n<p>Muista, ett\u00e4 veitsi kest\u00e4\u00e4 pidemp\u00e4\u00e4n ja toimii paremmin, jos l\u00f6yd\u00e4t lyhyen hetken aikaa huolehtia siit\u00e4 kunnolla joka p\u00e4iv\u00e4, mutta jos hoidon n\u00e4k\u00f6kohdat tuntuvat edelleen ep\u00e4selvilt\u00e4, kun ostat veitsen, AA Knives neuvoo sinua yst\u00e4v\u00e4llisesti, miten pit\u00e4\u00e4 hyv\u00e4\u00e4 huolta veitsest\u00e4si.<\/p>\n<p>&nbsp;<\/p>\n","protected":false},"excerpt":{"rendered":"<p>Veitsen tekniset tiedot: SANTOKU KITCHEN KNIFE Ter\u00e4s: Damaskoksen ter\u00e4ster\u00e4, (HVG, U10, ShH15), 800 kerrosta Kovuus: 60 HRC Ter\u00e4n pituus (mm): 180 \/ 7,08 tuumaa Ter\u00e4n paksuus (mm): 2 \/ 0,078 tuumaa Ter\u00e4n leveys (mm): 40 \/ 1,57 tuumaa Kahva: Akryyli Kokonaispituus (mm): 318 \/ 12,51 tuumaa Pakkaus: veitsi, nahkatuppi Damaskuster\u00e4ksen k\u00e4ytt\u00f6 ja hoito &nbsp; Damaskuster\u00e4s tunnetaan laajalti yhten\u00e4 kest\u00e4vimmist\u00e4 veitsiter\u00e4ksist\u00e4, joita mets\u00e4st\u00e4j\u00e4t, kalastajat ja ulkoiluharrastajat valitsevat. AA Knivesin tarjoama Damascus-ter\u00e4s taotaan kolmesta eri ter\u00e4ksest\u00e4, jotta saadaan aikaan tunnettu ja ainutlaatuinen malli, jossa yhdistyv\u00e4t kolmen k\u00e4ytetyn ter\u00e4ksen my\u00f6nteiset ty\u00f6ominaisuudet &#8211; kest\u00e4vyys, joustavuus ja pitk\u00e4aikainen ter\u00e4vyys. Uskotaan, ett\u00e4 erinomaisen leikkauskykyns\u00e4 ansiosta t\u00e4m\u00e4&hellip;<\/p>\n","protected":false},"featured_media":106174,"template":"","meta":{"_themeisle_gutenberg_block_has_review":false},"product_brand":[],"product_cat":[462],"product_tag":[],"class_list":{"0":"post-58553","1":"product","2":"type-product","3":"status-publish","4":"has-post-thumbnail","6":"product_cat-keittioveitset","8":"first","9":"instock","10":"shipping-taxable","11":"purchasable","12":"product-type-simple"},"yoast_head":"<!-- This site is optimized with the Yoast SEO plugin v27.3 - https:\/\/yoast.com\/product\/yoast-seo-wordpress\/ -->\n<title>SANTOKU KITCHEN KNIFE - taottu Damaskoksen ter\u00e4s - AAKnives<\/title>\n<meta name=\"description\" content=\"SANTOKU KITCHEN KNIFE - taottu Damaskoksen ter\u00e4s\" \/>\n<meta name=\"robots\" content=\"index, follow, max-snippet:-1, max-image-preview:large, max-video-preview:-1\" \/>\n<link rel=\"canonical\" href=\"https:\/\/aaknives.eu\/fi\/product\/keskikokoinen-keittiovenkki-taottu-damaskusteras-2\/\" \/>\n<meta property=\"og:locale\" content=\"fi_FI\" \/>\n<meta property=\"og:type\" content=\"article\" \/>\n<meta property=\"og:title\" content=\"SANTOKU KITCHEN KNIFE - taottu Damaskoksen ter\u00e4s - AAKnives\" \/>\n<meta property=\"og:description\" content=\"SANTOKU KITCHEN KNIFE - taottu Damaskoksen ter\u00e4s\" \/>\n<meta property=\"og:url\" content=\"https:\/\/aaknives.eu\/fi\/product\/keskikokoinen-keittiovenkki-taottu-damaskusteras-2\/\" \/>\n<meta property=\"og:site_name\" content=\"AAKnives\" \/>\n<meta property=\"article:publisher\" content=\"https:\/\/www.facebook.com\/aaknives.eu\/\" \/>\n<meta property=\"article:modified_time\" content=\"2024-10-30T16:50:50+00:00\" \/>\n<meta property=\"og:image\" content=\"https:\/\/aaknives.eu\/wp-content\/uploads\/2023\/06\/aaknives-hand-forged-dabascus-steel-blade-knife-handmade-custom-made-knife-handcrafted-knives-autinetools-northmen-2.1.jpg\" \/>\n\t<meta property=\"og:image:width\" content=\"1020\" \/>\n\t<meta property=\"og:image:height\" content=\"880\" \/>\n\t<meta property=\"og:image:type\" content=\"image\/jpeg\" \/>\n<meta name=\"twitter:card\" content=\"summary_large_image\" \/>\n<meta name=\"twitter:label1\" content=\"Arvioitu lukuaika\" \/>\n\t<meta name=\"twitter:data1\" content=\"2 minuuttia\" \/>\n<script type=\"application\/ld+json\" class=\"yoast-schema-graph\">{\"@context\":\"https:\\\/\\\/schema.org\",\"@graph\":[{\"@type\":\"WebPage\",\"@id\":\"https:\\\/\\\/aaknives.eu\\\/fi\\\/product\\\/keskikokoinen-keittiovenkki-taottu-damaskusteras-2\\\/\",\"url\":\"https:\\\/\\\/aaknives.eu\\\/fi\\\/product\\\/keskikokoinen-keittiovenkki-taottu-damaskusteras-2\\\/\",\"name\":\"SANTOKU KITCHEN KNIFE - taottu Damaskoksen ter\u00e4s - AAKnives\",\"isPartOf\":{\"@id\":\"https:\\\/\\\/aaknives.eu\\\/fi\\\/#website\"},\"primaryImageOfPage\":{\"@id\":\"https:\\\/\\\/aaknives.eu\\\/fi\\\/product\\\/keskikokoinen-keittiovenkki-taottu-damaskusteras-2\\\/#primaryimage\"},\"image\":{\"@id\":\"https:\\\/\\\/aaknives.eu\\\/fi\\\/product\\\/keskikokoinen-keittiovenkki-taottu-damaskusteras-2\\\/#primaryimage\"},\"thumbnailUrl\":\"https:\\\/\\\/aaknives.eu\\\/wp-content\\\/uploads\\\/2023\\\/06\\\/aaknives-hand-forged-damascus-steel-blade-knife-handmade-custom-made-knife-handcrafted-knives-autinetools-northmen-1-3.jpg\",\"datePublished\":\"2023-06-08T15:43:28+00:00\",\"dateModified\":\"2024-10-30T16:50:50+00:00\",\"description\":\"SANTOKU KITCHEN KNIFE - taottu Damaskoksen ter\u00e4s\",\"breadcrumb\":{\"@id\":\"https:\\\/\\\/aaknives.eu\\\/fi\\\/product\\\/keskikokoinen-keittiovenkki-taottu-damaskusteras-2\\\/#breadcrumb\"},\"inLanguage\":\"fi\",\"potentialAction\":[{\"@type\":\"ReadAction\",\"target\":[\"https:\\\/\\\/aaknives.eu\\\/fi\\\/product\\\/keskikokoinen-keittiovenkki-taottu-damaskusteras-2\\\/\"]}]},{\"@type\":\"ImageObject\",\"inLanguage\":\"fi\",\"@id\":\"https:\\\/\\\/aaknives.eu\\\/fi\\\/product\\\/keskikokoinen-keittiovenkki-taottu-damaskusteras-2\\\/#primaryimage\",\"url\":\"https:\\\/\\\/aaknives.eu\\\/wp-content\\\/uploads\\\/2023\\\/06\\\/aaknives-hand-forged-damascus-steel-blade-knife-handmade-custom-made-knife-handcrafted-knives-autinetools-northmen-1-3.jpg\",\"contentUrl\":\"https:\\\/\\\/aaknives.eu\\\/wp-content\\\/uploads\\\/2023\\\/06\\\/aaknives-hand-forged-damascus-steel-blade-knife-handmade-custom-made-knife-handcrafted-knives-autinetools-northmen-1-3.jpg\",\"width\":1020,\"height\":880},{\"@type\":\"BreadcrumbList\",\"@id\":\"https:\\\/\\\/aaknives.eu\\\/fi\\\/product\\\/keskikokoinen-keittiovenkki-taottu-damaskusteras-2\\\/#breadcrumb\",\"itemListElement\":[{\"@type\":\"ListItem\",\"position\":1,\"name\":\"Home\",\"item\":\"https:\\\/\\\/aaknives.eu\\\/fi\\\/\"},{\"@type\":\"ListItem\",\"position\":2,\"name\":\"Kauppa\",\"item\":\"https:\\\/\\\/aaknives.eu\\\/kauppa\\\/\"},{\"@type\":\"ListItem\",\"position\":3,\"name\":\"Private: SANTOKU KITCHEN KNIFE &#8211; taottu Damaskoksen ter\u00e4s\"}]},{\"@type\":\"WebSite\",\"@id\":\"https:\\\/\\\/aaknives.eu\\\/fi\\\/#website\",\"url\":\"https:\\\/\\\/aaknives.eu\\\/fi\\\/\",\"name\":\"AAKnives\",\"description\":\"Handmade knives\",\"publisher\":{\"@id\":\"https:\\\/\\\/aaknives.eu\\\/fi\\\/#organization\"},\"potentialAction\":[{\"@type\":\"SearchAction\",\"target\":{\"@type\":\"EntryPoint\",\"urlTemplate\":\"https:\\\/\\\/aaknives.eu\\\/fi\\\/?s={search_term_string}\"},\"query-input\":{\"@type\":\"PropertyValueSpecification\",\"valueRequired\":true,\"valueName\":\"search_term_string\"}}],\"inLanguage\":\"fi\"},{\"@type\":\"Organization\",\"@id\":\"https:\\\/\\\/aaknives.eu\\\/fi\\\/#organization\",\"name\":\"AAKnives\",\"url\":\"https:\\\/\\\/aaknives.eu\\\/fi\\\/\",\"logo\":{\"@type\":\"ImageObject\",\"inLanguage\":\"fi\",\"@id\":\"https:\\\/\\\/aaknives.eu\\\/fi\\\/#\\\/schema\\\/logo\\\/image\\\/\",\"url\":\"https:\\\/\\\/aaknives.eu\\\/wp-content\\\/uploads\\\/2021\\\/10\\\/AAknives_Logo_Green.png\",\"contentUrl\":\"https:\\\/\\\/aaknives.eu\\\/wp-content\\\/uploads\\\/2021\\\/10\\\/AAknives_Logo_Green.png\",\"width\":1768,\"height\":1768,\"caption\":\"AAKnives\"},\"image\":{\"@id\":\"https:\\\/\\\/aaknives.eu\\\/fi\\\/#\\\/schema\\\/logo\\\/image\\\/\"},\"sameAs\":[\"https:\\\/\\\/www.facebook.com\\\/aaknives.eu\\\/\",\"https:\\\/\\\/www.instagram.com\\\/aaknives\\\/\",\"https:\\\/\\\/www.pinterest.com\\\/aa_knives\\\/\",\"https:\\\/\\\/www.youtube.com\\\/channel\\\/UCHOQFjrOkgT6s4FIw9LDKyw\\\/featured\"]}]}<\/script>\n<!-- \/ Yoast SEO plugin. -->","yoast_head_json":{"title":"SANTOKU KITCHEN KNIFE - taottu Damaskoksen ter\u00e4s - AAKnives","description":"SANTOKU KITCHEN KNIFE - taottu Damaskoksen ter\u00e4s","robots":{"index":"index","follow":"follow","max-snippet":"max-snippet:-1","max-image-preview":"max-image-preview:large","max-video-preview":"max-video-preview:-1"},"canonical":"https:\/\/aaknives.eu\/fi\/product\/keskikokoinen-keittiovenkki-taottu-damaskusteras-2\/","og_locale":"fi_FI","og_type":"article","og_title":"SANTOKU KITCHEN KNIFE - taottu Damaskoksen ter\u00e4s - AAKnives","og_description":"SANTOKU KITCHEN KNIFE - taottu Damaskoksen ter\u00e4s","og_url":"https:\/\/aaknives.eu\/fi\/product\/keskikokoinen-keittiovenkki-taottu-damaskusteras-2\/","og_site_name":"AAKnives","article_publisher":"https:\/\/www.facebook.com\/aaknives.eu\/","article_modified_time":"2024-10-30T16:50:50+00:00","og_image":[{"width":1020,"height":880,"url":"https:\/\/aaknives.eu\/wp-content\/uploads\/2023\/06\/aaknives-hand-forged-dabascus-steel-blade-knife-handmade-custom-made-knife-handcrafted-knives-autinetools-northmen-2.1.jpg","type":"image\/jpeg"}],"twitter_card":"summary_large_image","twitter_misc":{"Arvioitu lukuaika":"2 minuuttia"},"schema":{"@context":"https:\/\/schema.org","@graph":[{"@type":"WebPage","@id":"https:\/\/aaknives.eu\/fi\/product\/keskikokoinen-keittiovenkki-taottu-damaskusteras-2\/","url":"https:\/\/aaknives.eu\/fi\/product\/keskikokoinen-keittiovenkki-taottu-damaskusteras-2\/","name":"SANTOKU KITCHEN KNIFE - taottu Damaskoksen ter\u00e4s - AAKnives","isPartOf":{"@id":"https:\/\/aaknives.eu\/fi\/#website"},"primaryImageOfPage":{"@id":"https:\/\/aaknives.eu\/fi\/product\/keskikokoinen-keittiovenkki-taottu-damaskusteras-2\/#primaryimage"},"image":{"@id":"https:\/\/aaknives.eu\/fi\/product\/keskikokoinen-keittiovenkki-taottu-damaskusteras-2\/#primaryimage"},"thumbnailUrl":"https:\/\/aaknives.eu\/wp-content\/uploads\/2023\/06\/aaknives-hand-forged-damascus-steel-blade-knife-handmade-custom-made-knife-handcrafted-knives-autinetools-northmen-1-3.jpg","datePublished":"2023-06-08T15:43:28+00:00","dateModified":"2024-10-30T16:50:50+00:00","description":"SANTOKU KITCHEN KNIFE - taottu Damaskoksen ter\u00e4s","breadcrumb":{"@id":"https:\/\/aaknives.eu\/fi\/product\/keskikokoinen-keittiovenkki-taottu-damaskusteras-2\/#breadcrumb"},"inLanguage":"fi","potentialAction":[{"@type":"ReadAction","target":["https:\/\/aaknives.eu\/fi\/product\/keskikokoinen-keittiovenkki-taottu-damaskusteras-2\/"]}]},{"@type":"ImageObject","inLanguage":"fi","@id":"https:\/\/aaknives.eu\/fi\/product\/keskikokoinen-keittiovenkki-taottu-damaskusteras-2\/#primaryimage","url":"https:\/\/aaknives.eu\/wp-content\/uploads\/2023\/06\/aaknives-hand-forged-damascus-steel-blade-knife-handmade-custom-made-knife-handcrafted-knives-autinetools-northmen-1-3.jpg","contentUrl":"https:\/\/aaknives.eu\/wp-content\/uploads\/2023\/06\/aaknives-hand-forged-damascus-steel-blade-knife-handmade-custom-made-knife-handcrafted-knives-autinetools-northmen-1-3.jpg","width":1020,"height":880},{"@type":"BreadcrumbList","@id":"https:\/\/aaknives.eu\/fi\/product\/keskikokoinen-keittiovenkki-taottu-damaskusteras-2\/#breadcrumb","itemListElement":[{"@type":"ListItem","position":1,"name":"Home","item":"https:\/\/aaknives.eu\/fi\/"},{"@type":"ListItem","position":2,"name":"Kauppa","item":"https:\/\/aaknives.eu\/kauppa\/"},{"@type":"ListItem","position":3,"name":"Private: SANTOKU KITCHEN KNIFE &#8211; taottu Damaskoksen ter\u00e4s"}]},{"@type":"WebSite","@id":"https:\/\/aaknives.eu\/fi\/#website","url":"https:\/\/aaknives.eu\/fi\/","name":"AAKnives","description":"Handmade knives","publisher":{"@id":"https:\/\/aaknives.eu\/fi\/#organization"},"potentialAction":[{"@type":"SearchAction","target":{"@type":"EntryPoint","urlTemplate":"https:\/\/aaknives.eu\/fi\/?s={search_term_string}"},"query-input":{"@type":"PropertyValueSpecification","valueRequired":true,"valueName":"search_term_string"}}],"inLanguage":"fi"},{"@type":"Organization","@id":"https:\/\/aaknives.eu\/fi\/#organization","name":"AAKnives","url":"https:\/\/aaknives.eu\/fi\/","logo":{"@type":"ImageObject","inLanguage":"fi","@id":"https:\/\/aaknives.eu\/fi\/#\/schema\/logo\/image\/","url":"https:\/\/aaknives.eu\/wp-content\/uploads\/2021\/10\/AAknives_Logo_Green.png","contentUrl":"https:\/\/aaknives.eu\/wp-content\/uploads\/2021\/10\/AAknives_Logo_Green.png","width":1768,"height":1768,"caption":"AAKnives"},"image":{"@id":"https:\/\/aaknives.eu\/fi\/#\/schema\/logo\/image\/"},"sameAs":["https:\/\/www.facebook.com\/aaknives.eu\/","https:\/\/www.instagram.com\/aaknives\/","https:\/\/www.pinterest.com\/aa_knives\/","https:\/\/www.youtube.com\/channel\/UCHOQFjrOkgT6s4FIw9LDKyw\/featured"]}]}},"_links":{"self":[{"href":"https:\/\/aaknives.eu\/fi\/wp-json\/wp\/v2\/product\/58553","targetHints":{"allow":["GET"]}}],"collection":[{"href":"https:\/\/aaknives.eu\/fi\/wp-json\/wp\/v2\/product"}],"about":[{"href":"https:\/\/aaknives.eu\/fi\/wp-json\/wp\/v2\/types\/product"}],"wp:featuredmedia":[{"embeddable":true,"href":"https:\/\/aaknives.eu\/fi\/wp-json\/wp\/v2\/media\/106174"}],"wp:attachment":[{"href":"https:\/\/aaknives.eu\/fi\/wp-json\/wp\/v2\/media?parent=58553"}],"wp:term":[{"taxonomy":"product_brand","embeddable":true,"href":"https:\/\/aaknives.eu\/fi\/wp-json\/wp\/v2\/product_brand?post=58553"},{"taxonomy":"product_cat","embeddable":true,"href":"https:\/\/aaknives.eu\/fi\/wp-json\/wp\/v2\/product_cat?post=58553"},{"taxonomy":"product_tag","embeddable":true,"href":"https:\/\/aaknives.eu\/fi\/wp-json\/wp\/v2\/product_tag?post=58553"}],"curies":[{"name":"wp","href":"https:\/\/api.w.org\/{rel}","templated":true}]}}