{"id":58789,"date":"2023-02-08T20:02:45","date_gmt":"2023-02-08T20:02:45","guid":{"rendered":"https:\/\/aaknives.eu\/product\/tanto-bamboo-damascus-teraksesta-valmistettu-veitsi\/"},"modified":"2023-02-08T20:02:45","modified_gmt":"2023-02-08T20:02:45","slug":"tanto-bamboo-damascus-teraksesta-valmistettu-veitsi","status":"publish","type":"product","link":"https:\/\/aaknives.eu\/fi\/product\/tanto-bamboo-damascus-teraksesta-valmistettu-veitsi\/","title":{"rendered":"&#8220;TANTO-BAMBOO&#8221;, Damascus-ter\u00e4ksest\u00e4 valmistettu veitsi"},"content":{"rendered":"<p>Veitsen tekniset tiedot: &#8220;Tanto-Bambu&#8221;<br \/>\nTer\u00e4s: U10, ShH15 ) 800 kerrosta.<br \/>\nKovuus: 61 HRC<br \/>\nTer\u00e4n pituus (mm): 170<br \/>\nTer\u00e4n paksuus (mm): 3<br \/>\nTer\u00e4n leveys (mm): 27<br \/>\nKahva: Kalerian koivu<br \/>\nKokonaispituus (mm): 320<br \/>\nVeitsityyppi: mets\u00e4stys, ulkoilu<br \/>\nPakkaus: veitsi, puinen tuppi<\/p>\n<p>&nbsp;<\/p>\n<p>K\u00e4sin taottu Damaskuster\u00e4s, joka on luotu paketista eri kovuus- ja viskositeetti\u00e4 olevia ter\u00e4ksi\u00e4, jotka taittuvat levyksi tietyss\u00e4 j\u00e4rjestyksess\u00e4. Seuraavaksi levy\u00e4 taotaan toistuvasti uudelleen, mink\u00e4 ansiosta muodostuu kerroksia ja ainutlaatuinen kuvio.<br \/>\nVaikea tekninen prosessi tehd\u00e4\u00e4n manuaalisesti. N\u00e4in valmistetulle ter\u00e4kselle on ominaista lis\u00e4\u00e4ntynyt lujuus, suuri kovuus, erinomaiset leikkausominaisuudet ja kauneus.<br \/>\nDamaskuster\u00e4st\u00e4 yli 700-1000 kerrosta.<br \/>\nPaketti Damastiter\u00e4s ShH15 + HVG + U10A, l\u00e4mp\u00f6ilmaisu 860 \u00b0 C.<\/p>\n<p>Edut veitset Damaskuster\u00e4st\u00e4:<br \/>\nLis\u00e4\u00e4ntynyt lujuus<br \/>\nKorkea kovuus<br \/>\nErinomaiset leikkausominaisuudet<br \/>\nKaunis muotoilu<br \/>\nPitk\u00e4\u00e4n kest\u00e4v\u00e4 ter\u00e4vyys<\/p>\n<p>Ter\u00e4n kovuus 60-62 HRC.<br \/>\nK\u00e4sintehty<\/p>\n<p>Damaskuster\u00e4ksen k\u00e4ytt\u00f6 ja hoito<\/p>\n<p>&nbsp;<\/p>\n<p>Damascuster\u00e4s tunnetaan laajalti yhten\u00e4 kest\u00e4vimmist\u00e4 veitsist\u00e4, jonka mets\u00e4st\u00e4j\u00e4t, kalastajat ja ulkoiluharrastajat valitsevat tarpeisiinsa.<\/p>\n<p>AA Knivesin tarjoama damaskuster\u00e4s taotaan kolmesta eri ter\u00e4ksest\u00e4, jolloin saadaan materiaali, jolla on tunnettu ja ainutlaatuinen kuvio, jossa yhdistyv\u00e4t k\u00e4ytettyjen ter\u00e4sten kolme positiivista ty\u00f6ominaisuutta &#8211; lujuus, joustavuus ja kyky s\u00e4ilytt\u00e4\u00e4 ter\u00e4vyytens\u00e4 pitk\u00e4\u00e4n. Uskotaan, ett\u00e4 ylivoimaisen leikkauskykyns\u00e4 ansiosta t\u00e4m\u00e4 ter\u00e4s on usein jopa parempi kuin ruostumattomasta ter\u00e4ksest\u00e4 valmistetut tuotteet, koska sen ter\u00e4 luo mikrosahan kaltaisen pinnan, joka on ainutlaatuinen useista ter\u00e4ksist\u00e4 taottuihin materiaaleihin verrattuna. Koska Damaskuster\u00e4s on yksi ruostumattomimmista ter\u00e4ksist\u00e4, on erityisen t\u00e4rke\u00e4\u00e4 muistaa huolehtia sen asianmukaisesta hoidosta.<\/p>\n<p>Aivan kuten sateiselta mets\u00e4stysreissulta kotiin tuotua asetta &#8211; jota ei ole pyyhitty eik\u00e4 puhdistettu &#8211; kukaan ei laita sit\u00e4 heti kassakaappiin, samalla tavalla sinun on huolehdittava veitsest\u00e4si, joka t\u00e4ytt\u00e4\u00e4 mets\u00e4stysprosessin aikana paljon t\u00e4rke\u00e4mm\u00e4n teht\u00e4v\u00e4n kuin ase. K\u00e4yt\u00f6n j\u00e4lkeen Damaskos-ter\u00e4sveitsi on pyyhitt\u00e4v\u00e4 perusteellisesti, puhdistettava liasta ja kuivattava, jotta se ei varastoinnin aikana saa kosteutta, joka voi aiheuttaa ruostumista ajan mittaan, eik\u00e4 \u00f6ljy\u00e4mist\u00e4 pid\u00e4 unohtaa. T\u00e4h\u00e4n tarkoitukseen ei ole tarpeen ostaa ammattimaisia suojamateriaaleja, mik\u00e4 tahansa keitti\u00f6st\u00e4 l\u00f6ytyv\u00e4 ruoka\u00f6ljy on my\u00f6s hy\u00f6dyllinen t\u00e4ss\u00e4 yhteydess\u00e4, koska mets\u00e4stysveitsi joutuu l\u00e4hes aina kosketuksiin lihan ja muiden elintarvikkeiden kanssa, joten mekaanisen \u00f6ljyn k\u00e4ytt\u00f6\u00e4 veitsen suojaamiseksi ei suositella. \u00c4l\u00e4 my\u00f6sk\u00e4\u00e4n unohda s\u00e4\u00e4nn\u00f6llist\u00e4 ter\u00e4v\u00f6itt\u00e4mist\u00e4 ja korjausta.<\/p>\n<p>Kaikille k\u00e4y kuitenkin niin, ett\u00e4 juuri k\u00e4ytetty veitsi unohtuu autoon tai laukun pohjalle, ja kun se on ollut siell\u00e4 jonkin aikaa, ter\u00e4\u00e4n on ilmestynyt tummia t\u00e4pli\u00e4 &#8211; ensimm\u00e4iset merkit ruostumisesta. Mutta pit\u00e4isik\u00f6 sinun luopua suosikkity\u00f6kalustasi sen vuoksi? Ei lainkaan! Parantaaksesi tilannetta, mene mihin tahansa rautakauppaan ja hanki hienointa hiekkapaperia (P2 000 &#8211; 2 500) ja hankaa ter\u00e4\u00e4 kevyesti ruostepilkkujen poistamiseksi.<\/p>\n<p>On muistettava, ett\u00e4 veitsi kest\u00e4\u00e4 pidemp\u00e4\u00e4n ja suorittaa teht\u00e4v\u00e4ns\u00e4 paremmin ty\u00f6prosessissa, jos sen asianmukaiseen hoitoon l\u00f6ytyy p\u00e4ivitt\u00e4in v\u00e4h\u00e4n aikaa, mutta jos veitsen ostamisen j\u00e4lkeen hoitokysymykset tuntuvat edelleen ep\u00e4selvilt\u00e4, AA Knives ei kielt\u00e4ydy neuvoista, joiden avulla veitsen kanssa ty\u00f6skentelyst\u00e4 voidaan tehd\u00e4 mukavaa ja miellytt\u00e4v\u00e4\u00e4.<\/p>\n<p>&nbsp;<\/p>\n","protected":false},"excerpt":{"rendered":"<p>Veitsen tekniset tiedot: &#8220;Tanto-Bambu&#8221; Ter\u00e4s: U10, ShH15 ) 800 kerrosta. Kovuus: 61 HRC Ter\u00e4n pituus (mm): 170 Ter\u00e4n paksuus (mm): 3 Ter\u00e4n leveys (mm): 27 Kahva: Kalerian koivu Kokonaispituus (mm): 320 Veitsityyppi: mets\u00e4stys, ulkoilu Pakkaus: veitsi, puinen tuppi &nbsp; K\u00e4sin taottu Damaskuster\u00e4s, joka on luotu paketista eri kovuus- ja viskositeetti\u00e4 olevia ter\u00e4ksi\u00e4, jotka taittuvat levyksi tietyss\u00e4 j\u00e4rjestyksess\u00e4. Seuraavaksi levy\u00e4 taotaan toistuvasti uudelleen, mink\u00e4 ansiosta muodostuu kerroksia ja ainutlaatuinen kuvio. Vaikea tekninen prosessi tehd\u00e4\u00e4n manuaalisesti. N\u00e4in valmistetulle ter\u00e4kselle on ominaista lis\u00e4\u00e4ntynyt lujuus, suuri kovuus, erinomaiset leikkausominaisuudet ja kauneus. Damaskuster\u00e4st\u00e4 yli 700-1000 kerrosta. Paketti Damastiter\u00e4s ShH15 + HVG + U10A, l\u00e4mp\u00f6ilmaisu 860&hellip;<\/p>\n","protected":false},"featured_media":68558,"template":"","meta":{"_themeisle_gutenberg_block_has_review":false},"product_brand":[],"product_cat":[459,452],"product_tag":[],"class_list":{"0":"post-58789","1":"product","2":"type-product","3":"status-publish","4":"has-post-thumbnail","6":"product_cat-premium-ja-exclusive-veitset","7":"product_cat-ulkoveitset","9":"first","10":"instock","11":"featured","12":"shipping-taxable","13":"purchasable","14":"product-type-simple"},"yoast_head":"<!-- This site is optimized with the Yoast SEO plugin v27.3 - https:\/\/yoast.com\/product\/yoast-seo-wordpress\/ -->\n<title>&quot;TANTO-BAMBOO&quot;, Damascus-ter\u00e4ksest\u00e4 valmistettu veitsi - AAKnives<\/title>\n<meta name=\"description\" content=\"&quot;TANTO-BAMBOO&quot;, Damascus ter\u00e4s veitsi, yksinomainen veitsi, lahjaveitsi, damascus veitsi, tanto veitsi, damascus ter\u00e4s, aaknives veitsi, k\u00e4sintehty veitsi\" \/>\n<meta name=\"robots\" content=\"index, follow, max-snippet:-1, max-image-preview:large, max-video-preview:-1\" \/>\n<link rel=\"canonical\" href=\"https:\/\/aaknives.eu\/fi\/product\/tanto-bamboo-damascus-teraksesta-valmistettu-veitsi\/\" \/>\n<meta property=\"og:locale\" content=\"fi_FI\" \/>\n<meta property=\"og:type\" content=\"article\" \/>\n<meta property=\"og:title\" content=\"&quot;TANTO-BAMBOO&quot;, Damascus-ter\u00e4ksest\u00e4 valmistettu veitsi - AAKnives\" \/>\n<meta property=\"og:description\" content=\"&quot;TANTO-BAMBOO&quot;, Damascus ter\u00e4s veitsi, yksinomainen veitsi, lahjaveitsi, damascus veitsi, tanto veitsi, damascus ter\u00e4s, aaknives veitsi, k\u00e4sintehty veitsi\" \/>\n<meta property=\"og:url\" content=\"https:\/\/aaknives.eu\/fi\/product\/tanto-bamboo-damascus-teraksesta-valmistettu-veitsi\/\" \/>\n<meta property=\"og:site_name\" content=\"AAKnives\" \/>\n<meta property=\"article:publisher\" content=\"https:\/\/www.facebook.com\/aaknives.eu\/\" \/>\n<meta property=\"og:image\" content=\"https:\/\/aaknives.eu\/wp-content\/uploads\/2023\/02\/aaknives-hand-forged-dabascus-steel-blade-knife-handmade-custom-made-knife-handcrafted-knives-autinetools-northmen-5-2.jpg\" \/>\n\t<meta property=\"og:image:width\" content=\"1020\" \/>\n\t<meta property=\"og:image:height\" content=\"880\" \/>\n\t<meta property=\"og:image:type\" content=\"image\/jpeg\" \/>\n<meta name=\"twitter:card\" content=\"summary_large_image\" \/>\n<meta name=\"twitter:label1\" content=\"Arvioitu lukuaika\" \/>\n\t<meta name=\"twitter:data1\" content=\"3 minuuttia\" \/>\n<script type=\"application\/ld+json\" class=\"yoast-schema-graph\">{\"@context\":\"https:\\\/\\\/schema.org\",\"@graph\":[{\"@type\":\"WebPage\",\"@id\":\"https:\\\/\\\/aaknives.eu\\\/fi\\\/product\\\/tanto-bamboo-damascus-teraksesta-valmistettu-veitsi\\\/\",\"url\":\"https:\\\/\\\/aaknives.eu\\\/fi\\\/product\\\/tanto-bamboo-damascus-teraksesta-valmistettu-veitsi\\\/\",\"name\":\"\\\"TANTO-BAMBOO\\\", Damascus-ter\u00e4ksest\u00e4 valmistettu veitsi - AAKnives\",\"isPartOf\":{\"@id\":\"https:\\\/\\\/aaknives.eu\\\/fi\\\/#website\"},\"primaryImageOfPage\":{\"@id\":\"https:\\\/\\\/aaknives.eu\\\/fi\\\/product\\\/tanto-bamboo-damascus-teraksesta-valmistettu-veitsi\\\/#primaryimage\"},\"image\":{\"@id\":\"https:\\\/\\\/aaknives.eu\\\/fi\\\/product\\\/tanto-bamboo-damascus-teraksesta-valmistettu-veitsi\\\/#primaryimage\"},\"thumbnailUrl\":\"https:\\\/\\\/aaknives.eu\\\/wp-content\\\/uploads\\\/2023\\\/02\\\/aaknives-hand-forged-dabascus-steel-blade-knife-handmade-custom-made-knife-handcrafted-knives-autinetools-northmen-11.2.jpg\",\"datePublished\":\"2023-02-08T20:02:45+00:00\",\"description\":\"\\\"TANTO-BAMBOO\\\", Damascus ter\u00e4s veitsi, yksinomainen veitsi, lahjaveitsi, damascus veitsi, tanto veitsi, damascus ter\u00e4s, aaknives veitsi, k\u00e4sintehty veitsi\",\"breadcrumb\":{\"@id\":\"https:\\\/\\\/aaknives.eu\\\/fi\\\/product\\\/tanto-bamboo-damascus-teraksesta-valmistettu-veitsi\\\/#breadcrumb\"},\"inLanguage\":\"fi\",\"potentialAction\":[{\"@type\":\"ReadAction\",\"target\":[\"https:\\\/\\\/aaknives.eu\\\/fi\\\/product\\\/tanto-bamboo-damascus-teraksesta-valmistettu-veitsi\\\/\"]}]},{\"@type\":\"ImageObject\",\"inLanguage\":\"fi\",\"@id\":\"https:\\\/\\\/aaknives.eu\\\/fi\\\/product\\\/tanto-bamboo-damascus-teraksesta-valmistettu-veitsi\\\/#primaryimage\",\"url\":\"https:\\\/\\\/aaknives.eu\\\/wp-content\\\/uploads\\\/2023\\\/02\\\/aaknives-hand-forged-dabascus-steel-blade-knife-handmade-custom-made-knife-handcrafted-knives-autinetools-northmen-11.2.jpg\",\"contentUrl\":\"https:\\\/\\\/aaknives.eu\\\/wp-content\\\/uploads\\\/2023\\\/02\\\/aaknives-hand-forged-dabascus-steel-blade-knife-handmade-custom-made-knife-handcrafted-knives-autinetools-northmen-11.2.jpg\",\"width\":1020,\"height\":880},{\"@type\":\"BreadcrumbList\",\"@id\":\"https:\\\/\\\/aaknives.eu\\\/fi\\\/product\\\/tanto-bamboo-damascus-teraksesta-valmistettu-veitsi\\\/#breadcrumb\",\"itemListElement\":[{\"@type\":\"ListItem\",\"position\":1,\"name\":\"Home\",\"item\":\"https:\\\/\\\/aaknives.eu\\\/fi\\\/\"},{\"@type\":\"ListItem\",\"position\":2,\"name\":\"Kauppa\",\"item\":\"https:\\\/\\\/aaknives.eu\\\/kauppa\\\/\"},{\"@type\":\"ListItem\",\"position\":3,\"name\":\"&#8220;TANTO-BAMBOO&#8221;, Damascus-ter\u00e4ksest\u00e4 valmistettu veitsi\"}]},{\"@type\":\"WebSite\",\"@id\":\"https:\\\/\\\/aaknives.eu\\\/fi\\\/#website\",\"url\":\"https:\\\/\\\/aaknives.eu\\\/fi\\\/\",\"name\":\"AAKnives\",\"description\":\"Handmade knives\",\"publisher\":{\"@id\":\"https:\\\/\\\/aaknives.eu\\\/fi\\\/#organization\"},\"potentialAction\":[{\"@type\":\"SearchAction\",\"target\":{\"@type\":\"EntryPoint\",\"urlTemplate\":\"https:\\\/\\\/aaknives.eu\\\/fi\\\/?s={search_term_string}\"},\"query-input\":{\"@type\":\"PropertyValueSpecification\",\"valueRequired\":true,\"valueName\":\"search_term_string\"}}],\"inLanguage\":\"fi\"},{\"@type\":\"Organization\",\"@id\":\"https:\\\/\\\/aaknives.eu\\\/fi\\\/#organization\",\"name\":\"AAKnives\",\"url\":\"https:\\\/\\\/aaknives.eu\\\/fi\\\/\",\"logo\":{\"@type\":\"ImageObject\",\"inLanguage\":\"fi\",\"@id\":\"https:\\\/\\\/aaknives.eu\\\/fi\\\/#\\\/schema\\\/logo\\\/image\\\/\",\"url\":\"https:\\\/\\\/aaknives.eu\\\/wp-content\\\/uploads\\\/2021\\\/10\\\/AAknives_Logo_Green.png\",\"contentUrl\":\"https:\\\/\\\/aaknives.eu\\\/wp-content\\\/uploads\\\/2021\\\/10\\\/AAknives_Logo_Green.png\",\"width\":1768,\"height\":1768,\"caption\":\"AAKnives\"},\"image\":{\"@id\":\"https:\\\/\\\/aaknives.eu\\\/fi\\\/#\\\/schema\\\/logo\\\/image\\\/\"},\"sameAs\":[\"https:\\\/\\\/www.facebook.com\\\/aaknives.eu\\\/\",\"https:\\\/\\\/www.instagram.com\\\/aaknives\\\/\",\"https:\\\/\\\/www.pinterest.com\\\/aa_knives\\\/\",\"https:\\\/\\\/www.youtube.com\\\/channel\\\/UCHOQFjrOkgT6s4FIw9LDKyw\\\/featured\"]}]}<\/script>\n<!-- \/ Yoast SEO plugin. -->","yoast_head_json":{"title":"\"TANTO-BAMBOO\", Damascus-ter\u00e4ksest\u00e4 valmistettu veitsi - AAKnives","description":"\"TANTO-BAMBOO\", Damascus ter\u00e4s veitsi, yksinomainen veitsi, lahjaveitsi, damascus veitsi, tanto veitsi, damascus ter\u00e4s, aaknives veitsi, k\u00e4sintehty veitsi","robots":{"index":"index","follow":"follow","max-snippet":"max-snippet:-1","max-image-preview":"max-image-preview:large","max-video-preview":"max-video-preview:-1"},"canonical":"https:\/\/aaknives.eu\/fi\/product\/tanto-bamboo-damascus-teraksesta-valmistettu-veitsi\/","og_locale":"fi_FI","og_type":"article","og_title":"\"TANTO-BAMBOO\", Damascus-ter\u00e4ksest\u00e4 valmistettu veitsi - AAKnives","og_description":"\"TANTO-BAMBOO\", Damascus ter\u00e4s veitsi, yksinomainen veitsi, lahjaveitsi, damascus veitsi, tanto veitsi, damascus ter\u00e4s, aaknives veitsi, k\u00e4sintehty veitsi","og_url":"https:\/\/aaknives.eu\/fi\/product\/tanto-bamboo-damascus-teraksesta-valmistettu-veitsi\/","og_site_name":"AAKnives","article_publisher":"https:\/\/www.facebook.com\/aaknives.eu\/","og_image":[{"width":1020,"height":880,"url":"https:\/\/aaknives.eu\/wp-content\/uploads\/2023\/02\/aaknives-hand-forged-dabascus-steel-blade-knife-handmade-custom-made-knife-handcrafted-knives-autinetools-northmen-5-2.jpg","type":"image\/jpeg"}],"twitter_card":"summary_large_image","twitter_misc":{"Arvioitu lukuaika":"3 minuuttia"},"schema":{"@context":"https:\/\/schema.org","@graph":[{"@type":"WebPage","@id":"https:\/\/aaknives.eu\/fi\/product\/tanto-bamboo-damascus-teraksesta-valmistettu-veitsi\/","url":"https:\/\/aaknives.eu\/fi\/product\/tanto-bamboo-damascus-teraksesta-valmistettu-veitsi\/","name":"\"TANTO-BAMBOO\", Damascus-ter\u00e4ksest\u00e4 valmistettu veitsi - AAKnives","isPartOf":{"@id":"https:\/\/aaknives.eu\/fi\/#website"},"primaryImageOfPage":{"@id":"https:\/\/aaknives.eu\/fi\/product\/tanto-bamboo-damascus-teraksesta-valmistettu-veitsi\/#primaryimage"},"image":{"@id":"https:\/\/aaknives.eu\/fi\/product\/tanto-bamboo-damascus-teraksesta-valmistettu-veitsi\/#primaryimage"},"thumbnailUrl":"https:\/\/aaknives.eu\/wp-content\/uploads\/2023\/02\/aaknives-hand-forged-dabascus-steel-blade-knife-handmade-custom-made-knife-handcrafted-knives-autinetools-northmen-11.2.jpg","datePublished":"2023-02-08T20:02:45+00:00","description":"\"TANTO-BAMBOO\", Damascus ter\u00e4s veitsi, yksinomainen veitsi, lahjaveitsi, damascus veitsi, tanto veitsi, damascus ter\u00e4s, aaknives veitsi, k\u00e4sintehty veitsi","breadcrumb":{"@id":"https:\/\/aaknives.eu\/fi\/product\/tanto-bamboo-damascus-teraksesta-valmistettu-veitsi\/#breadcrumb"},"inLanguage":"fi","potentialAction":[{"@type":"ReadAction","target":["https:\/\/aaknives.eu\/fi\/product\/tanto-bamboo-damascus-teraksesta-valmistettu-veitsi\/"]}]},{"@type":"ImageObject","inLanguage":"fi","@id":"https:\/\/aaknives.eu\/fi\/product\/tanto-bamboo-damascus-teraksesta-valmistettu-veitsi\/#primaryimage","url":"https:\/\/aaknives.eu\/wp-content\/uploads\/2023\/02\/aaknives-hand-forged-dabascus-steel-blade-knife-handmade-custom-made-knife-handcrafted-knives-autinetools-northmen-11.2.jpg","contentUrl":"https:\/\/aaknives.eu\/wp-content\/uploads\/2023\/02\/aaknives-hand-forged-dabascus-steel-blade-knife-handmade-custom-made-knife-handcrafted-knives-autinetools-northmen-11.2.jpg","width":1020,"height":880},{"@type":"BreadcrumbList","@id":"https:\/\/aaknives.eu\/fi\/product\/tanto-bamboo-damascus-teraksesta-valmistettu-veitsi\/#breadcrumb","itemListElement":[{"@type":"ListItem","position":1,"name":"Home","item":"https:\/\/aaknives.eu\/fi\/"},{"@type":"ListItem","position":2,"name":"Kauppa","item":"https:\/\/aaknives.eu\/kauppa\/"},{"@type":"ListItem","position":3,"name":"&#8220;TANTO-BAMBOO&#8221;, Damascus-ter\u00e4ksest\u00e4 valmistettu veitsi"}]},{"@type":"WebSite","@id":"https:\/\/aaknives.eu\/fi\/#website","url":"https:\/\/aaknives.eu\/fi\/","name":"AAKnives","description":"Handmade knives","publisher":{"@id":"https:\/\/aaknives.eu\/fi\/#organization"},"potentialAction":[{"@type":"SearchAction","target":{"@type":"EntryPoint","urlTemplate":"https:\/\/aaknives.eu\/fi\/?s={search_term_string}"},"query-input":{"@type":"PropertyValueSpecification","valueRequired":true,"valueName":"search_term_string"}}],"inLanguage":"fi"},{"@type":"Organization","@id":"https:\/\/aaknives.eu\/fi\/#organization","name":"AAKnives","url":"https:\/\/aaknives.eu\/fi\/","logo":{"@type":"ImageObject","inLanguage":"fi","@id":"https:\/\/aaknives.eu\/fi\/#\/schema\/logo\/image\/","url":"https:\/\/aaknives.eu\/wp-content\/uploads\/2021\/10\/AAknives_Logo_Green.png","contentUrl":"https:\/\/aaknives.eu\/wp-content\/uploads\/2021\/10\/AAknives_Logo_Green.png","width":1768,"height":1768,"caption":"AAKnives"},"image":{"@id":"https:\/\/aaknives.eu\/fi\/#\/schema\/logo\/image\/"},"sameAs":["https:\/\/www.facebook.com\/aaknives.eu\/","https:\/\/www.instagram.com\/aaknives\/","https:\/\/www.pinterest.com\/aa_knives\/","https:\/\/www.youtube.com\/channel\/UCHOQFjrOkgT6s4FIw9LDKyw\/featured"]}]}},"_links":{"self":[{"href":"https:\/\/aaknives.eu\/fi\/wp-json\/wp\/v2\/product\/58789","targetHints":{"allow":["GET"]}}],"collection":[{"href":"https:\/\/aaknives.eu\/fi\/wp-json\/wp\/v2\/product"}],"about":[{"href":"https:\/\/aaknives.eu\/fi\/wp-json\/wp\/v2\/types\/product"}],"wp:featuredmedia":[{"embeddable":true,"href":"https:\/\/aaknives.eu\/fi\/wp-json\/wp\/v2\/media\/68558"}],"wp:attachment":[{"href":"https:\/\/aaknives.eu\/fi\/wp-json\/wp\/v2\/media?parent=58789"}],"wp:term":[{"taxonomy":"product_brand","embeddable":true,"href":"https:\/\/aaknives.eu\/fi\/wp-json\/wp\/v2\/product_brand?post=58789"},{"taxonomy":"product_cat","embeddable":true,"href":"https:\/\/aaknives.eu\/fi\/wp-json\/wp\/v2\/product_cat?post=58789"},{"taxonomy":"product_tag","embeddable":true,"href":"https:\/\/aaknives.eu\/fi\/wp-json\/wp\/v2\/product_tag?post=58789"}],"curies":[{"name":"wp","href":"https:\/\/api.w.org\/{rel}","templated":true}]}}