{"id":58826,"date":"2023-02-08T17:19:50","date_gmt":"2023-02-08T17:19:50","guid":{"rendered":"https:\/\/aaknives.eu\/product\/veitsi-fulltang-damaskusteraksesta-valmistettu-veitsi\/"},"modified":"2025-02-25T13:10:18","modified_gmt":"2025-02-25T13:10:18","slug":"veitsi-fulltang-damaskusteraksesta-valmistettu-veitsi","status":"publish","type":"product","link":"https:\/\/aaknives.eu\/fi\/product\/veitsi-fulltang-damaskusteraksesta-valmistettu-veitsi\/","title":{"rendered":"Veitsi &#8220;FullTang&#8221; &#8211; Damaskuster\u00e4ksest\u00e4 valmistettu veitsi"},"content":{"rendered":"<p>Veitsen tekniset tiedot: &#8221;FullTang&#8221;<br \/>\nTer\u00e4s: K\u00e4sin taottu Damascus-ter\u00e4ksinen mets\u00e4stysveitsi, (HVG, U10, ShH15), 800 kerrosta<br \/>\nKovuus: 60-62 HRC<br \/>\nTer\u00e4n pituus (mm): 105 \/ 4,13 tuumaa<br \/>\nTer\u00e4n paksuus (mm): 3 \/ 0,11 tuumaa<br \/>\nTer\u00e4n leveys (mm): 40 \/ 1,57 tuumaa<br \/>\nKahva: Micarta<br \/>\nKokonaispituus (mm): 205 \/ 8,07 tuumaa<\/p>\n<p>Vahva mets\u00e4stysveitsi, josta on hy\u00f6ty\u00e4 sek\u00e4 lihan esik\u00e4sittelyss\u00e4 ett\u00e4 my\u00f6hemm\u00e4ss\u00e4 leikkaamisessa. Sen ter\u00e4 on k\u00e4sin taottu Damaskuster\u00e4ksest\u00e4, joka tekee siit\u00e4 eritt\u00e4in kovan mutta joustavan ja kest\u00e4v\u00e4n.<br \/>\nN\u00e4m\u00e4 ainutlaatuiset materiaaliominaisuudet saavutetaan muodostamalla pehme\u00e4 ja kova metalliseos, jonka tuloksena saadaan paras mets\u00e4stysveitsi, jossa on tunnettu Damascus-ter\u00e4spiirustus, joka kest\u00e4\u00e4 mikrosahater\u00e4n ansiosta pitk\u00e4\u00e4n ja pystyy s\u00e4ilytt\u00e4m\u00e4\u00e4n ter\u00e4vyytens\u00e4 ilman teroitusta hyvin pitk\u00e4\u00e4n.<br \/>\nTer\u00e4n huomattava laajeneminen tekee siit\u00e4 erinomaisen nylkyveitsen, mutta helposti hallittava veitsen k\u00e4rki ja kavennettu ter\u00e4n k\u00e4rki est\u00e4v\u00e4t sis\u00e4elinten loukkaantumisen ilmavuuden aikana tai tarpeettomat viillot my\u00f6hemm\u00e4ss\u00e4 lihank\u00e4sittelyss\u00e4.<br \/>\nToisaalta k\u00e4sin taottujen veitsien kahvassa k\u00e4ytetty puu tuntuu synteettisist\u00e4 materiaaleista poiketen paljon mukavammalta ja mukavammalta k\u00e4dess\u00e4.<br \/>\nMets\u00e4st\u00e4j\u00e4n itsens\u00e4 turvallisuuden vuoksi kahvan ja ter\u00e4n v\u00e4liss\u00e4 on tulppa, joka est\u00e4\u00e4 sormien vahingoittumisen puhdistuksen ja riistan k\u00e4sittelyn aikana, vaikka k\u00e4det olisivat liukkaat.<br \/>\nDamascus-ter\u00e4ksest\u00e4 valmistettuun mets\u00e4styspuukkosarjaan sis\u00e4ltyy my\u00f6s kest\u00e4v\u00e4 tumma nahkakotelo, jossa on kiinte\u00e4 niitattu sulkeminen, joka suojaa veist\u00e4 huonoilta s\u00e4\u00e4olosuhteilta eik\u00e4 aiheuta vahingossa tapahtuvaa h\u00e4vi\u00e4mist\u00e4. K\u00e4silaukussa on kaksi ripustinta, jotka voidaan kiinnitt\u00e4\u00e4 vy\u00f6h\u00f6n, jotta ne ovat helposti saatavilla milloin tahansa. Yksi niist\u00e4 on klassinen kiinte\u00e4 ja toinen on vapaa ripustin, jonka avulla veitsi voi roikkua vy\u00f6n ymp\u00e4rill\u00e4 vapaasti ja samanaikaisesti, sallii liikkumisen ja v\u00e4ltt\u00e4\u00e4 istumisesta tai autolla liikkumisesta mastosta mastoon, jos se on kiinnitetty. halaus painaa ep\u00e4miellytt\u00e4v\u00e4sti jalkaa tai vy\u00f6t\u00e4r\u00f6\u00e4.<br \/>\nT\u00e4m\u00e4 tyylik\u00e4s k\u00e4sin taottu veitsi kest\u00e4\u00e4 pitk\u00e4\u00e4n ja on uskollinen ja paras mets\u00e4stysveitsi erinomaisten ominaisuuksiensa ansiosta. Se on kevyt ja mahtuu mukavasti k\u00e4mmenelle, ja se tarjoaa nopean, turvallisen, tehokkaan ja laadukkaan prosessin.<\/p>\n<p>K\u00e4sin taottu Damaskuster\u00e4s, joka on luotu paketista eri kovuus- ja viskositeetti\u00e4 olevia ter\u00e4ksi\u00e4, jotka taittuvat levyksi tietyss\u00e4 j\u00e4rjestyksess\u00e4. Seuraavaksi levy taotaan toistuvasti uudelleen, mink\u00e4 ansiosta muodostuu kerroksia ja ainutlaatuinen kuvio.<br \/>\nVaikea tekninen prosessi tehd\u00e4\u00e4n manuaalisesti. T\u00e4ll\u00e4 tavalla saadulle ter\u00e4kselle on ominaista lis\u00e4\u00e4ntynyt lujuus, korkea kovuus, erinomaiset leikkausominaisuudet ja kauneus.<br \/>\nDamaskoster\u00e4s yli 700-1000 kerrosta.<br \/>\nPaketti damastiter\u00e4s ShH15 + HVG + U10A, l\u00e4mp\u00f6ilme 860 \u00b0C<\/p>\n<p>Damaskoksen ter\u00e4ksen veitsien edut:<br \/>\nLis\u00e4\u00e4ntynyt voima<br \/>\nKorkea kovuus<br \/>\nErinomaiset leikkausominaisuudet<br \/>\nKaunis muotoilu<br \/>\nPitk\u00e4kestoinen ter\u00e4vyys<\/p>\n<p>Ter\u00e4n kovuus 60-62 HRC.<br \/>\nK\u00e4sintehty<\/p>\n<p>Damaskuster\u00e4ksen k\u00e4ytt\u00f6 ja hoito<\/p>\n<p>Damascuster\u00e4s tunnetaan laajalti yhten\u00e4 kest\u00e4vimmist\u00e4 veitsist\u00e4, jonka mets\u00e4st\u00e4j\u00e4t, kalastajat ja ulkoiluharrastajat valitsevat tarpeisiinsa.<\/p>\n<p>AA Knivesin tarjoama damaskuster\u00e4s taotaan kolmesta eri ter\u00e4ksest\u00e4, jolloin saadaan materiaali, jolla on tunnettu ja ainutlaatuinen kuvio, jossa yhdistyv\u00e4t k\u00e4ytettyjen ter\u00e4sten kolme positiivista ty\u00f6ominaisuutta &#8211; lujuus, joustavuus ja kyky s\u00e4ilytt\u00e4\u00e4 ter\u00e4vyytens\u00e4 pitk\u00e4\u00e4n. Uskotaan, ett\u00e4 ylivoimaisen leikkauskykyns\u00e4 ansiosta t\u00e4m\u00e4 ter\u00e4s on usein jopa parempi kuin ruostumattomasta ter\u00e4ksest\u00e4 valmistetut tuotteet, koska sen ter\u00e4 luo mikrosahan kaltaisen pinnan, joka on ainutlaatuinen useista ter\u00e4ksist\u00e4 taottuihin materiaaleihin verrattuna. Koska Damaskuster\u00e4s on yksi ruostumattomimmista ter\u00e4ksist\u00e4, on erityisen t\u00e4rke\u00e4\u00e4 muistaa huolehtia sen asianmukaisesta hoidosta.<\/p>\n<p>Aivan kuten sateiselta mets\u00e4stysreissulta kotiin tuotua asetta &#8211; jota ei ole pyyhitty eik\u00e4 puhdistettu &#8211; kukaan ei laita sit\u00e4 heti kassakaappiin, samalla tavalla sinun on huolehdittava veitsest\u00e4si, joka t\u00e4ytt\u00e4\u00e4 mets\u00e4stysprosessin aikana paljon t\u00e4rke\u00e4mm\u00e4n teht\u00e4v\u00e4n kuin ase. K\u00e4yt\u00f6n j\u00e4lkeen Damaskos-ter\u00e4sveitsi on pyyhitt\u00e4v\u00e4 perusteellisesti, puhdistettava liasta ja kuivattava, jotta se ei varastoinnin aikana saa kosteutta, joka voi aiheuttaa ruostumista ajan mittaan, eik\u00e4 \u00f6ljy\u00e4mist\u00e4 pid\u00e4 unohtaa. T\u00e4h\u00e4n tarkoitukseen ei ole tarpeen ostaa ammattimaisia suojamateriaaleja, mik\u00e4 tahansa keitti\u00f6st\u00e4 l\u00f6ytyv\u00e4 ruoka\u00f6ljy on my\u00f6s hy\u00f6dyllinen t\u00e4ss\u00e4 yhteydess\u00e4, koska mets\u00e4stysveitsi joutuu l\u00e4hes aina kosketuksiin lihan ja muiden elintarvikkeiden kanssa, joten mekaanisen \u00f6ljyn k\u00e4ytt\u00f6\u00e4 veitsen suojaamiseksi ei suositella. \u00c4l\u00e4 my\u00f6sk\u00e4\u00e4n unohda s\u00e4\u00e4nn\u00f6llist\u00e4 ter\u00e4v\u00f6itt\u00e4mist\u00e4 ja korjausta.<\/p>\n<p>Kaikille k\u00e4y kuitenkin niin, ett\u00e4 juuri k\u00e4ytetty veitsi unohtuu autoon tai laukun pohjalle, ja kun se on ollut siell\u00e4 jonkin aikaa, ter\u00e4\u00e4n on ilmestynyt tummia t\u00e4pli\u00e4 &#8211; ensimm\u00e4iset merkit ruostumisesta. Mutta pit\u00e4isik\u00f6 sinun luopua suosikkity\u00f6kalustasi sen vuoksi? Ei lainkaan! Parantaaksesi tilannetta, mene mihin tahansa rautakauppaan ja hanki hienointa hiekkapaperia (P2 000 &#8211; 2 500) ja hankaa ter\u00e4\u00e4 kevyesti ruostepilkkujen poistamiseksi.<\/p>\n<p>On muistettava, ett\u00e4 veitsi kest\u00e4\u00e4 pidemp\u00e4\u00e4n ja suorittaa teht\u00e4v\u00e4ns\u00e4 paremmin ty\u00f6prosessissa, jos sen asianmukaiseen hoitoon l\u00f6ytyy p\u00e4ivitt\u00e4in v\u00e4h\u00e4n aikaa, mutta jos veitsen ostamisen j\u00e4lkeen hoitokysymykset tuntuvat edelleen ep\u00e4selvilt\u00e4, AA Knives ei kielt\u00e4ydy neuvoista, joiden avulla veitsen kanssa ty\u00f6skentelyst\u00e4 voidaan tehd\u00e4 mukavaa ja miellytt\u00e4v\u00e4\u00e4.<\/p>\n","protected":false},"excerpt":{"rendered":"<p>Veitsen tekniset tiedot: &#8221;FullTang&#8221; Ter\u00e4s: K\u00e4sin taottu Damascus-ter\u00e4ksinen mets\u00e4stysveitsi, (HVG, U10, ShH15), 800 kerrosta Kovuus: 60-62 HRC Ter\u00e4n pituus (mm): 105 \/ 4,13 tuumaa Ter\u00e4n paksuus (mm): 3 \/ 0,11 tuumaa Ter\u00e4n leveys (mm): 40 \/ 1,57 tuumaa Kahva: Micarta Kokonaispituus (mm): 205 \/ 8,07 tuumaa Vahva mets\u00e4stysveitsi, josta on hy\u00f6ty\u00e4 sek\u00e4 lihan esik\u00e4sittelyss\u00e4 ett\u00e4 my\u00f6hemm\u00e4ss\u00e4 leikkaamisessa. Sen ter\u00e4 on k\u00e4sin taottu Damaskuster\u00e4ksest\u00e4, joka tekee siit\u00e4 eritt\u00e4in kovan mutta joustavan ja kest\u00e4v\u00e4n. N\u00e4m\u00e4 ainutlaatuiset materiaaliominaisuudet saavutetaan muodostamalla pehme\u00e4 ja kova metalliseos, jonka tuloksena saadaan paras mets\u00e4stysveitsi, jossa on tunnettu Damascus-ter\u00e4spiirustus, joka kest\u00e4\u00e4 mikrosahater\u00e4n ansiosta pitk\u00e4\u00e4n ja pystyy s\u00e4ilytt\u00e4m\u00e4\u00e4n ter\u00e4vyytens\u00e4 ilman&hellip;<\/p>\n","protected":false},"featured_media":96897,"template":"","meta":{"_themeisle_gutenberg_block_has_review":false},"product_brand":[],"product_cat":[465,453,452],"product_tag":[],"class_list":{"0":"post-58826","1":"product","2":"type-product","3":"status-publish","4":"has-post-thumbnail","6":"product_cat-full-tang-veitset","7":"product_cat-metsastysveitset","8":"product_cat-ulkoveitset","10":"first","11":"instock","12":"shipping-taxable","13":"purchasable","14":"product-type-simple"},"yoast_head":"<!-- This site is optimized with the Yoast SEO plugin v27.3 - https:\/\/yoast.com\/product\/yoast-seo-wordpress\/ -->\n<title>Veitsi &quot;FullTang&quot; - Damaskuster\u00e4ksest\u00e4 valmistettu veitsi - AAKnives<\/title>\n<meta name=\"description\" content=\"Damascus ter\u00e4s veitsi, ulkona veitsi, bushcraft veitsi, mets\u00e4stys veitsi, aa veitset, latvialainen veitsi k\u00e4sintehty veitsi k\u00e4sity\u00f6n\u00e4 veitsi custom veitsi\" \/>\n<meta name=\"robots\" content=\"index, follow, max-snippet:-1, max-image-preview:large, max-video-preview:-1\" \/>\n<link rel=\"canonical\" href=\"https:\/\/aaknives.eu\/fi\/product\/veitsi-fulltang-damaskusteraksesta-valmistettu-veitsi\/\" \/>\n<meta property=\"og:locale\" content=\"fi_FI\" \/>\n<meta property=\"og:type\" content=\"article\" \/>\n<meta property=\"og:title\" content=\"Veitsi &quot;FullTang&quot; - Damaskuster\u00e4ksest\u00e4 valmistettu veitsi - AAKnives\" \/>\n<meta property=\"og:description\" content=\"Damascus ter\u00e4s veitsi, ulkona veitsi, bushcraft veitsi, mets\u00e4stys veitsi, aa veitset, latvialainen veitsi k\u00e4sintehty veitsi k\u00e4sity\u00f6n\u00e4 veitsi custom veitsi\" \/>\n<meta property=\"og:url\" content=\"https:\/\/aaknives.eu\/fi\/product\/veitsi-fulltang-damaskusteraksesta-valmistettu-veitsi\/\" \/>\n<meta property=\"og:site_name\" content=\"AAKnives\" \/>\n<meta property=\"article:publisher\" content=\"https:\/\/www.facebook.com\/aaknives.eu\/\" \/>\n<meta property=\"article:modified_time\" content=\"2025-02-25T13:10:18+00:00\" \/>\n<meta property=\"og:image\" content=\"https:\/\/aaknives.eu\/wp-content\/uploads\/2023\/02\/aaknives-hand-forged-damascus-steel-blade-knife-handmade-custom-made-knife-handcrafted-knives-autinetools-northmen-30.2.jpg\" \/>\n\t<meta property=\"og:image:width\" content=\"1020\" \/>\n\t<meta property=\"og:image:height\" content=\"880\" \/>\n\t<meta property=\"og:image:type\" content=\"image\/jpeg\" \/>\n<meta name=\"twitter:card\" content=\"summary_large_image\" \/>\n<meta name=\"twitter:label1\" content=\"Arvioitu lukuaika\" \/>\n\t<meta name=\"twitter:data1\" content=\"4 minuuttia\" \/>\n<script type=\"application\/ld+json\" class=\"yoast-schema-graph\">{\"@context\":\"https:\\\/\\\/schema.org\",\"@graph\":[{\"@type\":\"WebPage\",\"@id\":\"https:\\\/\\\/aaknives.eu\\\/fi\\\/product\\\/veitsi-fulltang-damaskusteraksesta-valmistettu-veitsi\\\/\",\"url\":\"https:\\\/\\\/aaknives.eu\\\/fi\\\/product\\\/veitsi-fulltang-damaskusteraksesta-valmistettu-veitsi\\\/\",\"name\":\"Veitsi \\\"FullTang\\\" - Damaskuster\u00e4ksest\u00e4 valmistettu veitsi - AAKnives\",\"isPartOf\":{\"@id\":\"https:\\\/\\\/aaknives.eu\\\/fi\\\/#website\"},\"primaryImageOfPage\":{\"@id\":\"https:\\\/\\\/aaknives.eu\\\/fi\\\/product\\\/veitsi-fulltang-damaskusteraksesta-valmistettu-veitsi\\\/#primaryimage\"},\"image\":{\"@id\":\"https:\\\/\\\/aaknives.eu\\\/fi\\\/product\\\/veitsi-fulltang-damaskusteraksesta-valmistettu-veitsi\\\/#primaryimage\"},\"thumbnailUrl\":\"https:\\\/\\\/aaknives.eu\\\/wp-content\\\/uploads\\\/2023\\\/02\\\/aaknives-hand-forged-damascus-steel-blade-knife-handmade-custom-made-knife-handcrafted-knives-autinetools-northmen-30.2.jpg\",\"datePublished\":\"2023-02-08T17:19:50+00:00\",\"dateModified\":\"2025-02-25T13:10:18+00:00\",\"description\":\"Damascus ter\u00e4s veitsi, ulkona veitsi, bushcraft veitsi, mets\u00e4stys veitsi, aa veitset, latvialainen veitsi k\u00e4sintehty veitsi k\u00e4sity\u00f6n\u00e4 veitsi custom veitsi\",\"breadcrumb\":{\"@id\":\"https:\\\/\\\/aaknives.eu\\\/fi\\\/product\\\/veitsi-fulltang-damaskusteraksesta-valmistettu-veitsi\\\/#breadcrumb\"},\"inLanguage\":\"fi\",\"potentialAction\":[{\"@type\":\"ReadAction\",\"target\":[\"https:\\\/\\\/aaknives.eu\\\/fi\\\/product\\\/veitsi-fulltang-damaskusteraksesta-valmistettu-veitsi\\\/\"]}]},{\"@type\":\"ImageObject\",\"inLanguage\":\"fi\",\"@id\":\"https:\\\/\\\/aaknives.eu\\\/fi\\\/product\\\/veitsi-fulltang-damaskusteraksesta-valmistettu-veitsi\\\/#primaryimage\",\"url\":\"https:\\\/\\\/aaknives.eu\\\/wp-content\\\/uploads\\\/2023\\\/02\\\/aaknives-hand-forged-damascus-steel-blade-knife-handmade-custom-made-knife-handcrafted-knives-autinetools-northmen-30.2.jpg\",\"contentUrl\":\"https:\\\/\\\/aaknives.eu\\\/wp-content\\\/uploads\\\/2023\\\/02\\\/aaknives-hand-forged-damascus-steel-blade-knife-handmade-custom-made-knife-handcrafted-knives-autinetools-northmen-30.2.jpg\",\"width\":1020,\"height\":880},{\"@type\":\"BreadcrumbList\",\"@id\":\"https:\\\/\\\/aaknives.eu\\\/fi\\\/product\\\/veitsi-fulltang-damaskusteraksesta-valmistettu-veitsi\\\/#breadcrumb\",\"itemListElement\":[{\"@type\":\"ListItem\",\"position\":1,\"name\":\"Home\",\"item\":\"https:\\\/\\\/aaknives.eu\\\/fi\\\/\"},{\"@type\":\"ListItem\",\"position\":2,\"name\":\"Kauppa\",\"item\":\"https:\\\/\\\/aaknives.eu\\\/kauppa\\\/\"},{\"@type\":\"ListItem\",\"position\":3,\"name\":\"Private: Veitsi &#8220;FullTang&#8221; &#8211; Damaskuster\u00e4ksest\u00e4 valmistettu veitsi\"}]},{\"@type\":\"WebSite\",\"@id\":\"https:\\\/\\\/aaknives.eu\\\/fi\\\/#website\",\"url\":\"https:\\\/\\\/aaknives.eu\\\/fi\\\/\",\"name\":\"AAKnives\",\"description\":\"Handmade knives\",\"publisher\":{\"@id\":\"https:\\\/\\\/aaknives.eu\\\/fi\\\/#organization\"},\"potentialAction\":[{\"@type\":\"SearchAction\",\"target\":{\"@type\":\"EntryPoint\",\"urlTemplate\":\"https:\\\/\\\/aaknives.eu\\\/fi\\\/?s={search_term_string}\"},\"query-input\":{\"@type\":\"PropertyValueSpecification\",\"valueRequired\":true,\"valueName\":\"search_term_string\"}}],\"inLanguage\":\"fi\"},{\"@type\":\"Organization\",\"@id\":\"https:\\\/\\\/aaknives.eu\\\/fi\\\/#organization\",\"name\":\"AAKnives\",\"url\":\"https:\\\/\\\/aaknives.eu\\\/fi\\\/\",\"logo\":{\"@type\":\"ImageObject\",\"inLanguage\":\"fi\",\"@id\":\"https:\\\/\\\/aaknives.eu\\\/fi\\\/#\\\/schema\\\/logo\\\/image\\\/\",\"url\":\"https:\\\/\\\/aaknives.eu\\\/wp-content\\\/uploads\\\/2021\\\/10\\\/AAknives_Logo_Green.png\",\"contentUrl\":\"https:\\\/\\\/aaknives.eu\\\/wp-content\\\/uploads\\\/2021\\\/10\\\/AAknives_Logo_Green.png\",\"width\":1768,\"height\":1768,\"caption\":\"AAKnives\"},\"image\":{\"@id\":\"https:\\\/\\\/aaknives.eu\\\/fi\\\/#\\\/schema\\\/logo\\\/image\\\/\"},\"sameAs\":[\"https:\\\/\\\/www.facebook.com\\\/aaknives.eu\\\/\",\"https:\\\/\\\/www.instagram.com\\\/aaknives\\\/\",\"https:\\\/\\\/www.pinterest.com\\\/aa_knives\\\/\",\"https:\\\/\\\/www.youtube.com\\\/channel\\\/UCHOQFjrOkgT6s4FIw9LDKyw\\\/featured\"]}]}<\/script>\n<!-- \/ Yoast SEO plugin. -->","yoast_head_json":{"title":"Veitsi \"FullTang\" - Damaskuster\u00e4ksest\u00e4 valmistettu veitsi - AAKnives","description":"Damascus ter\u00e4s veitsi, ulkona veitsi, bushcraft veitsi, mets\u00e4stys veitsi, aa veitset, latvialainen veitsi k\u00e4sintehty veitsi k\u00e4sity\u00f6n\u00e4 veitsi custom veitsi","robots":{"index":"index","follow":"follow","max-snippet":"max-snippet:-1","max-image-preview":"max-image-preview:large","max-video-preview":"max-video-preview:-1"},"canonical":"https:\/\/aaknives.eu\/fi\/product\/veitsi-fulltang-damaskusteraksesta-valmistettu-veitsi\/","og_locale":"fi_FI","og_type":"article","og_title":"Veitsi \"FullTang\" - Damaskuster\u00e4ksest\u00e4 valmistettu veitsi - AAKnives","og_description":"Damascus ter\u00e4s veitsi, ulkona veitsi, bushcraft veitsi, mets\u00e4stys veitsi, aa veitset, latvialainen veitsi k\u00e4sintehty veitsi k\u00e4sity\u00f6n\u00e4 veitsi custom veitsi","og_url":"https:\/\/aaknives.eu\/fi\/product\/veitsi-fulltang-damaskusteraksesta-valmistettu-veitsi\/","og_site_name":"AAKnives","article_publisher":"https:\/\/www.facebook.com\/aaknives.eu\/","article_modified_time":"2025-02-25T13:10:18+00:00","og_image":[{"width":1020,"height":880,"url":"https:\/\/aaknives.eu\/wp-content\/uploads\/2023\/02\/aaknives-hand-forged-damascus-steel-blade-knife-handmade-custom-made-knife-handcrafted-knives-autinetools-northmen-30.2.jpg","type":"image\/jpeg"}],"twitter_card":"summary_large_image","twitter_misc":{"Arvioitu lukuaika":"4 minuuttia"},"schema":{"@context":"https:\/\/schema.org","@graph":[{"@type":"WebPage","@id":"https:\/\/aaknives.eu\/fi\/product\/veitsi-fulltang-damaskusteraksesta-valmistettu-veitsi\/","url":"https:\/\/aaknives.eu\/fi\/product\/veitsi-fulltang-damaskusteraksesta-valmistettu-veitsi\/","name":"Veitsi \"FullTang\" - Damaskuster\u00e4ksest\u00e4 valmistettu veitsi - AAKnives","isPartOf":{"@id":"https:\/\/aaknives.eu\/fi\/#website"},"primaryImageOfPage":{"@id":"https:\/\/aaknives.eu\/fi\/product\/veitsi-fulltang-damaskusteraksesta-valmistettu-veitsi\/#primaryimage"},"image":{"@id":"https:\/\/aaknives.eu\/fi\/product\/veitsi-fulltang-damaskusteraksesta-valmistettu-veitsi\/#primaryimage"},"thumbnailUrl":"https:\/\/aaknives.eu\/wp-content\/uploads\/2023\/02\/aaknives-hand-forged-damascus-steel-blade-knife-handmade-custom-made-knife-handcrafted-knives-autinetools-northmen-30.2.jpg","datePublished":"2023-02-08T17:19:50+00:00","dateModified":"2025-02-25T13:10:18+00:00","description":"Damascus ter\u00e4s veitsi, ulkona veitsi, bushcraft veitsi, mets\u00e4stys veitsi, aa veitset, latvialainen veitsi k\u00e4sintehty veitsi k\u00e4sity\u00f6n\u00e4 veitsi custom veitsi","breadcrumb":{"@id":"https:\/\/aaknives.eu\/fi\/product\/veitsi-fulltang-damaskusteraksesta-valmistettu-veitsi\/#breadcrumb"},"inLanguage":"fi","potentialAction":[{"@type":"ReadAction","target":["https:\/\/aaknives.eu\/fi\/product\/veitsi-fulltang-damaskusteraksesta-valmistettu-veitsi\/"]}]},{"@type":"ImageObject","inLanguage":"fi","@id":"https:\/\/aaknives.eu\/fi\/product\/veitsi-fulltang-damaskusteraksesta-valmistettu-veitsi\/#primaryimage","url":"https:\/\/aaknives.eu\/wp-content\/uploads\/2023\/02\/aaknives-hand-forged-damascus-steel-blade-knife-handmade-custom-made-knife-handcrafted-knives-autinetools-northmen-30.2.jpg","contentUrl":"https:\/\/aaknives.eu\/wp-content\/uploads\/2023\/02\/aaknives-hand-forged-damascus-steel-blade-knife-handmade-custom-made-knife-handcrafted-knives-autinetools-northmen-30.2.jpg","width":1020,"height":880},{"@type":"BreadcrumbList","@id":"https:\/\/aaknives.eu\/fi\/product\/veitsi-fulltang-damaskusteraksesta-valmistettu-veitsi\/#breadcrumb","itemListElement":[{"@type":"ListItem","position":1,"name":"Home","item":"https:\/\/aaknives.eu\/fi\/"},{"@type":"ListItem","position":2,"name":"Kauppa","item":"https:\/\/aaknives.eu\/kauppa\/"},{"@type":"ListItem","position":3,"name":"Private: Veitsi &#8220;FullTang&#8221; &#8211; Damaskuster\u00e4ksest\u00e4 valmistettu veitsi"}]},{"@type":"WebSite","@id":"https:\/\/aaknives.eu\/fi\/#website","url":"https:\/\/aaknives.eu\/fi\/","name":"AAKnives","description":"Handmade knives","publisher":{"@id":"https:\/\/aaknives.eu\/fi\/#organization"},"potentialAction":[{"@type":"SearchAction","target":{"@type":"EntryPoint","urlTemplate":"https:\/\/aaknives.eu\/fi\/?s={search_term_string}"},"query-input":{"@type":"PropertyValueSpecification","valueRequired":true,"valueName":"search_term_string"}}],"inLanguage":"fi"},{"@type":"Organization","@id":"https:\/\/aaknives.eu\/fi\/#organization","name":"AAKnives","url":"https:\/\/aaknives.eu\/fi\/","logo":{"@type":"ImageObject","inLanguage":"fi","@id":"https:\/\/aaknives.eu\/fi\/#\/schema\/logo\/image\/","url":"https:\/\/aaknives.eu\/wp-content\/uploads\/2021\/10\/AAknives_Logo_Green.png","contentUrl":"https:\/\/aaknives.eu\/wp-content\/uploads\/2021\/10\/AAknives_Logo_Green.png","width":1768,"height":1768,"caption":"AAKnives"},"image":{"@id":"https:\/\/aaknives.eu\/fi\/#\/schema\/logo\/image\/"},"sameAs":["https:\/\/www.facebook.com\/aaknives.eu\/","https:\/\/www.instagram.com\/aaknives\/","https:\/\/www.pinterest.com\/aa_knives\/","https:\/\/www.youtube.com\/channel\/UCHOQFjrOkgT6s4FIw9LDKyw\/featured"]}]}},"_links":{"self":[{"href":"https:\/\/aaknives.eu\/fi\/wp-json\/wp\/v2\/product\/58826","targetHints":{"allow":["GET"]}}],"collection":[{"href":"https:\/\/aaknives.eu\/fi\/wp-json\/wp\/v2\/product"}],"about":[{"href":"https:\/\/aaknives.eu\/fi\/wp-json\/wp\/v2\/types\/product"}],"wp:featuredmedia":[{"embeddable":true,"href":"https:\/\/aaknives.eu\/fi\/wp-json\/wp\/v2\/media\/96897"}],"wp:attachment":[{"href":"https:\/\/aaknives.eu\/fi\/wp-json\/wp\/v2\/media?parent=58826"}],"wp:term":[{"taxonomy":"product_brand","embeddable":true,"href":"https:\/\/aaknives.eu\/fi\/wp-json\/wp\/v2\/product_brand?post=58826"},{"taxonomy":"product_cat","embeddable":true,"href":"https:\/\/aaknives.eu\/fi\/wp-json\/wp\/v2\/product_cat?post=58826"},{"taxonomy":"product_tag","embeddable":true,"href":"https:\/\/aaknives.eu\/fi\/wp-json\/wp\/v2\/product_tag?post=58826"}],"curies":[{"name":"wp","href":"https:\/\/api.w.org\/{rel}","templated":true}]}}