{"id":58987,"date":"2022-11-15T18:34:19","date_gmt":"2022-11-15T18:34:19","guid":{"rendered":"https:\/\/aaknives.eu\/product\/kasintehty-taskuveitsi-kasin-taottu-teras-sandvik-12c27\/"},"modified":"2022-11-15T18:34:19","modified_gmt":"2022-11-15T18:34:19","slug":"kasintehty-taskuveitsi-kasin-taottu-teras-sandvik-12c27","status":"publish","type":"product","link":"https:\/\/aaknives.eu\/fi\/product\/kasintehty-taskuveitsi-kasin-taottu-teras-sandvik-12c27\/","title":{"rendered":"K\u00e4sintehty taskuveitsi, k\u00e4sin taottu ter\u00e4s Sandvik 12C27"},"content":{"rendered":"<p>Ter\u00e4s: 12C27 Sandvik<br \/>\nKovuus: 58 HRC<br \/>\nTer\u00e4n pituus (mm): Ter\u00e4n pituus: 103 \/ 4,05 tuumaa<br \/>\nTer\u00e4n paksuus (mm): 3 \/ 0,11 tuumaa<br \/>\nTer\u00e4n leveys (mm): 23 \/ 0,90 tuumaa<br \/>\nKahva: Wenge-puu<br \/>\nKokonaispituus (mm): 236 \/ 9,29 tuumaa<br \/>\nVeitsityyppi: mets\u00e4stys, ulkoilu<br \/>\nPakkaus: veitsi, nahkatuppi<\/p>\n<p>12C27-ter\u00e4s on osa Sandvikin ter\u00e4sperhett\u00e4. Se on matala-luokan kromiter\u00e4s, joka on hyvin suosittu veitsiteollisuudessa, koska se tarjoaa erinomaisen kulutuskest\u00e4vyyden, korroosionkest\u00e4vyyden ja korkean kovuuden, jotka ovat keskeisi\u00e4 ominaisuuksia ihanteellisen veitsiter\u00e4ksen luomiseksi.<\/p>\n<p>Lis\u00e4ksi 12C27-ter\u00e4s ter\u00e4v\u00f6ityy suhteellisen nopeasti, toisin kuin muut kromiter\u00e4kset, joiden ter\u00e4v\u00f6ityminen kest\u00e4\u00e4 pitk\u00e4\u00e4n sitkeiden kromikarbidien vuoksi. Sandvik 12C27 -ter\u00e4st\u00e4 k\u00e4ytet\u00e4\u00e4n yleisesti mets\u00e4styspuukkojen, taskuveitsien, kalastusveitsien, retkeilypuukkojen, taktisten puukkojen, luistimen terien ja j\u00e4\u00e4porien valmistuksessa.<\/p>\n<p>Korkean kromipitoisuutensa ansiosta 12C27-ter\u00e4s kest\u00e4\u00e4 korroosiota ja ruostumista. Koska se on valmistettu ruostumattomasta ter\u00e4ksest\u00e4, se on lis\u00e4ksi tahrankest\u00e4v\u00e4.<\/p>\n<p>Et kuitenkaan voi odottaa, ett\u00e4 t\u00e4m\u00e4 ter\u00e4ksest\u00e4 valmistettu veitsi pysyy vedess\u00e4 ruostumattomana p\u00e4ivi\u00e4. Jos haluat, ett\u00e4 t\u00e4st\u00e4 ter\u00e4ksest\u00e4 valmistetut ter\u00e4t s\u00e4ilyv\u00e4t vuosikymmeni\u00e4, ne on kuivattava ja \u00f6ljytt\u00e4v\u00e4 jokaisen k\u00e4ytt\u00f6kerran j\u00e4lkeen tai jos aiot s\u00e4ilytt\u00e4\u00e4 niit\u00e4 pitk\u00e4\u00e4n.<\/p>\n","protected":false},"excerpt":{"rendered":"<p>Ter\u00e4s: 12C27 Sandvik Kovuus: 58 HRC Ter\u00e4n pituus (mm): Ter\u00e4n pituus: 103 \/ 4,05 tuumaa Ter\u00e4n paksuus (mm): 3 \/ 0,11 tuumaa Ter\u00e4n leveys (mm): 23 \/ 0,90 tuumaa Kahva: Wenge-puu Kokonaispituus (mm): 236 \/ 9,29 tuumaa Veitsityyppi: mets\u00e4stys, ulkoilu Pakkaus: veitsi, nahkatuppi 12C27-ter\u00e4s on osa Sandvikin ter\u00e4sperhett\u00e4. Se on matala-luokan kromiter\u00e4s, joka on hyvin suosittu veitsiteollisuudessa, koska se tarjoaa erinomaisen kulutuskest\u00e4vyyden, korroosionkest\u00e4vyyden ja korkean kovuuden, jotka ovat keskeisi\u00e4 ominaisuuksia ihanteellisen veitsiter\u00e4ksen luomiseksi. Lis\u00e4ksi 12C27-ter\u00e4s ter\u00e4v\u00f6ityy suhteellisen nopeasti, toisin kuin muut kromiter\u00e4kset, joiden ter\u00e4v\u00f6ityminen kest\u00e4\u00e4 pitk\u00e4\u00e4n sitkeiden kromikarbidien vuoksi. Sandvik 12C27 -ter\u00e4st\u00e4 k\u00e4ytet\u00e4\u00e4n yleisesti mets\u00e4styspuukkojen, taskuveitsien, kalastusveitsien, retkeilypuukkojen, taktisten puukkojen,&hellip;<\/p>\n","protected":false},"featured_media":58988,"template":"","meta":{"_themeisle_gutenberg_block_has_review":false},"product_brand":[],"product_cat":[453,457],"product_tag":[],"class_list":{"0":"post-58987","1":"product","2":"type-product","3":"status-publish","4":"has-post-thumbnail","6":"product_cat-metsastysveitset","7":"product_cat-taskuveitset","9":"first","10":"outofstock","11":"shipping-taxable","12":"purchasable","13":"product-type-simple"},"yoast_head":"<!-- This site is optimized with the Yoast SEO plugin v27.3 - https:\/\/yoast.com\/product\/yoast-seo-wordpress\/ -->\n<title>K\u00e4sintehty taskuveitsi, k\u00e4sin taottu ter\u00e4s Sandvik 12C27 - AAKnives<\/title>\n<meta name=\"description\" content=\"K\u00e4sintehty taskuveitsi, k\u00e4sin taottu ruostumattomasta ter\u00e4ksest\u00e4 valmistettu ter\u00e4.\" \/>\n<meta name=\"robots\" content=\"index, follow, max-snippet:-1, max-image-preview:large, max-video-preview:-1\" \/>\n<link rel=\"canonical\" href=\"https:\/\/aaknives.eu\/fi\/product\/kasintehty-taskuveitsi-kasin-taottu-teras-sandvik-12c27\/\" \/>\n<meta property=\"og:locale\" content=\"fi_FI\" \/>\n<meta property=\"og:type\" content=\"article\" \/>\n<meta property=\"og:title\" content=\"K\u00e4sintehty taskuveitsi, k\u00e4sin taottu ter\u00e4s Sandvik 12C27 - AAKnives\" \/>\n<meta property=\"og:description\" content=\"K\u00e4sintehty taskuveitsi, k\u00e4sin taottu ruostumattomasta ter\u00e4ksest\u00e4 valmistettu ter\u00e4.\" \/>\n<meta property=\"og:url\" content=\"https:\/\/aaknives.eu\/fi\/product\/kasintehty-taskuveitsi-kasin-taottu-teras-sandvik-12c27\/\" \/>\n<meta property=\"og:site_name\" content=\"AAKnives\" \/>\n<meta property=\"article:publisher\" content=\"https:\/\/www.facebook.com\/aaknives.eu\/\" \/>\n<meta property=\"og:image\" content=\"https:\/\/aaknives.eu\/wp-content\/uploads\/2022\/11\/aaknives-hand-forged-dabascus-steel-blade-knife-handmade-custom-made-knife-handcrafted-knives-autinetools-northmen-5-3-2.jpg\" \/>\n\t<meta property=\"og:image:width\" content=\"1020\" \/>\n\t<meta property=\"og:image:height\" content=\"880\" \/>\n\t<meta property=\"og:image:type\" content=\"image\/jpeg\" \/>\n<meta name=\"twitter:card\" content=\"summary_large_image\" \/>\n<meta name=\"twitter:label1\" content=\"Arvioitu lukuaika\" \/>\n\t<meta name=\"twitter:data1\" content=\"1 minuutti\" \/>\n<script type=\"application\/ld+json\" class=\"yoast-schema-graph\">{\"@context\":\"https:\\\/\\\/schema.org\",\"@graph\":[{\"@type\":\"WebPage\",\"@id\":\"https:\\\/\\\/aaknives.eu\\\/fi\\\/product\\\/kasintehty-taskuveitsi-kasin-taottu-teras-sandvik-12c27\\\/\",\"url\":\"https:\\\/\\\/aaknives.eu\\\/fi\\\/product\\\/kasintehty-taskuveitsi-kasin-taottu-teras-sandvik-12c27\\\/\",\"name\":\"K\u00e4sintehty taskuveitsi, k\u00e4sin taottu ter\u00e4s Sandvik 12C27 - AAKnives\",\"isPartOf\":{\"@id\":\"https:\\\/\\\/aaknives.eu\\\/fi\\\/#website\"},\"primaryImageOfPage\":{\"@id\":\"https:\\\/\\\/aaknives.eu\\\/fi\\\/product\\\/kasintehty-taskuveitsi-kasin-taottu-teras-sandvik-12c27\\\/#primaryimage\"},\"image\":{\"@id\":\"https:\\\/\\\/aaknives.eu\\\/fi\\\/product\\\/kasintehty-taskuveitsi-kasin-taottu-teras-sandvik-12c27\\\/#primaryimage\"},\"thumbnailUrl\":\"https:\\\/\\\/aaknives.eu\\\/wp-content\\\/uploads\\\/2022\\\/11\\\/aaknives-hand-forged-dabascus-steel-blade-knife-handmade-custom-made-knife-handcrafted-knives-autinetools-northmen-5-3-2.jpg\",\"datePublished\":\"2022-11-15T18:34:19+00:00\",\"description\":\"K\u00e4sintehty taskuveitsi, k\u00e4sin taottu ruostumattomasta ter\u00e4ksest\u00e4 valmistettu ter\u00e4.\",\"breadcrumb\":{\"@id\":\"https:\\\/\\\/aaknives.eu\\\/fi\\\/product\\\/kasintehty-taskuveitsi-kasin-taottu-teras-sandvik-12c27\\\/#breadcrumb\"},\"inLanguage\":\"fi\",\"potentialAction\":[{\"@type\":\"ReadAction\",\"target\":[\"https:\\\/\\\/aaknives.eu\\\/fi\\\/product\\\/kasintehty-taskuveitsi-kasin-taottu-teras-sandvik-12c27\\\/\"]}]},{\"@type\":\"ImageObject\",\"inLanguage\":\"fi\",\"@id\":\"https:\\\/\\\/aaknives.eu\\\/fi\\\/product\\\/kasintehty-taskuveitsi-kasin-taottu-teras-sandvik-12c27\\\/#primaryimage\",\"url\":\"https:\\\/\\\/aaknives.eu\\\/wp-content\\\/uploads\\\/2022\\\/11\\\/aaknives-hand-forged-dabascus-steel-blade-knife-handmade-custom-made-knife-handcrafted-knives-autinetools-northmen-5-3-2.jpg\",\"contentUrl\":\"https:\\\/\\\/aaknives.eu\\\/wp-content\\\/uploads\\\/2022\\\/11\\\/aaknives-hand-forged-dabascus-steel-blade-knife-handmade-custom-made-knife-handcrafted-knives-autinetools-northmen-5-3-2.jpg\",\"width\":1020,\"height\":880,\"caption\":\"aaknives hand forged dabascus steel blade knife handmade custom made knife handcrafted knives autinetools northmen 5 3 2\"},{\"@type\":\"BreadcrumbList\",\"@id\":\"https:\\\/\\\/aaknives.eu\\\/fi\\\/product\\\/kasintehty-taskuveitsi-kasin-taottu-teras-sandvik-12c27\\\/#breadcrumb\",\"itemListElement\":[{\"@type\":\"ListItem\",\"position\":1,\"name\":\"Home\",\"item\":\"https:\\\/\\\/aaknives.eu\\\/fi\\\/\"},{\"@type\":\"ListItem\",\"position\":2,\"name\":\"Kauppa\",\"item\":\"https:\\\/\\\/aaknives.eu\\\/kauppa\\\/\"},{\"@type\":\"ListItem\",\"position\":3,\"name\":\"K\u00e4sintehty taskuveitsi, k\u00e4sin taottu ter\u00e4s Sandvik 12C27\"}]},{\"@type\":\"WebSite\",\"@id\":\"https:\\\/\\\/aaknives.eu\\\/fi\\\/#website\",\"url\":\"https:\\\/\\\/aaknives.eu\\\/fi\\\/\",\"name\":\"AAKnives\",\"description\":\"Handmade knives\",\"publisher\":{\"@id\":\"https:\\\/\\\/aaknives.eu\\\/fi\\\/#organization\"},\"potentialAction\":[{\"@type\":\"SearchAction\",\"target\":{\"@type\":\"EntryPoint\",\"urlTemplate\":\"https:\\\/\\\/aaknives.eu\\\/fi\\\/?s={search_term_string}\"},\"query-input\":{\"@type\":\"PropertyValueSpecification\",\"valueRequired\":true,\"valueName\":\"search_term_string\"}}],\"inLanguage\":\"fi\"},{\"@type\":\"Organization\",\"@id\":\"https:\\\/\\\/aaknives.eu\\\/fi\\\/#organization\",\"name\":\"AAKnives\",\"url\":\"https:\\\/\\\/aaknives.eu\\\/fi\\\/\",\"logo\":{\"@type\":\"ImageObject\",\"inLanguage\":\"fi\",\"@id\":\"https:\\\/\\\/aaknives.eu\\\/fi\\\/#\\\/schema\\\/logo\\\/image\\\/\",\"url\":\"https:\\\/\\\/aaknives.eu\\\/wp-content\\\/uploads\\\/2021\\\/10\\\/AAknives_Logo_Green.png\",\"contentUrl\":\"https:\\\/\\\/aaknives.eu\\\/wp-content\\\/uploads\\\/2021\\\/10\\\/AAknives_Logo_Green.png\",\"width\":1768,\"height\":1768,\"caption\":\"AAKnives\"},\"image\":{\"@id\":\"https:\\\/\\\/aaknives.eu\\\/fi\\\/#\\\/schema\\\/logo\\\/image\\\/\"},\"sameAs\":[\"https:\\\/\\\/www.facebook.com\\\/aaknives.eu\\\/\",\"https:\\\/\\\/www.instagram.com\\\/aaknives\\\/\",\"https:\\\/\\\/www.pinterest.com\\\/aa_knives\\\/\",\"https:\\\/\\\/www.youtube.com\\\/channel\\\/UCHOQFjrOkgT6s4FIw9LDKyw\\\/featured\"]}]}<\/script>\n<!-- \/ Yoast SEO plugin. -->","yoast_head_json":{"title":"K\u00e4sintehty taskuveitsi, k\u00e4sin taottu ter\u00e4s Sandvik 12C27 - AAKnives","description":"K\u00e4sintehty taskuveitsi, k\u00e4sin taottu ruostumattomasta ter\u00e4ksest\u00e4 valmistettu ter\u00e4.","robots":{"index":"index","follow":"follow","max-snippet":"max-snippet:-1","max-image-preview":"max-image-preview:large","max-video-preview":"max-video-preview:-1"},"canonical":"https:\/\/aaknives.eu\/fi\/product\/kasintehty-taskuveitsi-kasin-taottu-teras-sandvik-12c27\/","og_locale":"fi_FI","og_type":"article","og_title":"K\u00e4sintehty taskuveitsi, k\u00e4sin taottu ter\u00e4s Sandvik 12C27 - AAKnives","og_description":"K\u00e4sintehty taskuveitsi, k\u00e4sin taottu ruostumattomasta ter\u00e4ksest\u00e4 valmistettu ter\u00e4.","og_url":"https:\/\/aaknives.eu\/fi\/product\/kasintehty-taskuveitsi-kasin-taottu-teras-sandvik-12c27\/","og_site_name":"AAKnives","article_publisher":"https:\/\/www.facebook.com\/aaknives.eu\/","og_image":[{"width":1020,"height":880,"url":"https:\/\/aaknives.eu\/wp-content\/uploads\/2022\/11\/aaknives-hand-forged-dabascus-steel-blade-knife-handmade-custom-made-knife-handcrafted-knives-autinetools-northmen-5-3-2.jpg","type":"image\/jpeg"}],"twitter_card":"summary_large_image","twitter_misc":{"Arvioitu lukuaika":"1 minuutti"},"schema":{"@context":"https:\/\/schema.org","@graph":[{"@type":"WebPage","@id":"https:\/\/aaknives.eu\/fi\/product\/kasintehty-taskuveitsi-kasin-taottu-teras-sandvik-12c27\/","url":"https:\/\/aaknives.eu\/fi\/product\/kasintehty-taskuveitsi-kasin-taottu-teras-sandvik-12c27\/","name":"K\u00e4sintehty taskuveitsi, k\u00e4sin taottu ter\u00e4s Sandvik 12C27 - AAKnives","isPartOf":{"@id":"https:\/\/aaknives.eu\/fi\/#website"},"primaryImageOfPage":{"@id":"https:\/\/aaknives.eu\/fi\/product\/kasintehty-taskuveitsi-kasin-taottu-teras-sandvik-12c27\/#primaryimage"},"image":{"@id":"https:\/\/aaknives.eu\/fi\/product\/kasintehty-taskuveitsi-kasin-taottu-teras-sandvik-12c27\/#primaryimage"},"thumbnailUrl":"https:\/\/aaknives.eu\/wp-content\/uploads\/2022\/11\/aaknives-hand-forged-dabascus-steel-blade-knife-handmade-custom-made-knife-handcrafted-knives-autinetools-northmen-5-3-2.jpg","datePublished":"2022-11-15T18:34:19+00:00","description":"K\u00e4sintehty taskuveitsi, k\u00e4sin taottu ruostumattomasta ter\u00e4ksest\u00e4 valmistettu ter\u00e4.","breadcrumb":{"@id":"https:\/\/aaknives.eu\/fi\/product\/kasintehty-taskuveitsi-kasin-taottu-teras-sandvik-12c27\/#breadcrumb"},"inLanguage":"fi","potentialAction":[{"@type":"ReadAction","target":["https:\/\/aaknives.eu\/fi\/product\/kasintehty-taskuveitsi-kasin-taottu-teras-sandvik-12c27\/"]}]},{"@type":"ImageObject","inLanguage":"fi","@id":"https:\/\/aaknives.eu\/fi\/product\/kasintehty-taskuveitsi-kasin-taottu-teras-sandvik-12c27\/#primaryimage","url":"https:\/\/aaknives.eu\/wp-content\/uploads\/2022\/11\/aaknives-hand-forged-dabascus-steel-blade-knife-handmade-custom-made-knife-handcrafted-knives-autinetools-northmen-5-3-2.jpg","contentUrl":"https:\/\/aaknives.eu\/wp-content\/uploads\/2022\/11\/aaknives-hand-forged-dabascus-steel-blade-knife-handmade-custom-made-knife-handcrafted-knives-autinetools-northmen-5-3-2.jpg","width":1020,"height":880,"caption":"aaknives hand forged dabascus steel blade knife handmade custom made knife handcrafted knives autinetools northmen 5 3 2"},{"@type":"BreadcrumbList","@id":"https:\/\/aaknives.eu\/fi\/product\/kasintehty-taskuveitsi-kasin-taottu-teras-sandvik-12c27\/#breadcrumb","itemListElement":[{"@type":"ListItem","position":1,"name":"Home","item":"https:\/\/aaknives.eu\/fi\/"},{"@type":"ListItem","position":2,"name":"Kauppa","item":"https:\/\/aaknives.eu\/kauppa\/"},{"@type":"ListItem","position":3,"name":"K\u00e4sintehty taskuveitsi, k\u00e4sin taottu ter\u00e4s Sandvik 12C27"}]},{"@type":"WebSite","@id":"https:\/\/aaknives.eu\/fi\/#website","url":"https:\/\/aaknives.eu\/fi\/","name":"AAKnives","description":"Handmade knives","publisher":{"@id":"https:\/\/aaknives.eu\/fi\/#organization"},"potentialAction":[{"@type":"SearchAction","target":{"@type":"EntryPoint","urlTemplate":"https:\/\/aaknives.eu\/fi\/?s={search_term_string}"},"query-input":{"@type":"PropertyValueSpecification","valueRequired":true,"valueName":"search_term_string"}}],"inLanguage":"fi"},{"@type":"Organization","@id":"https:\/\/aaknives.eu\/fi\/#organization","name":"AAKnives","url":"https:\/\/aaknives.eu\/fi\/","logo":{"@type":"ImageObject","inLanguage":"fi","@id":"https:\/\/aaknives.eu\/fi\/#\/schema\/logo\/image\/","url":"https:\/\/aaknives.eu\/wp-content\/uploads\/2021\/10\/AAknives_Logo_Green.png","contentUrl":"https:\/\/aaknives.eu\/wp-content\/uploads\/2021\/10\/AAknives_Logo_Green.png","width":1768,"height":1768,"caption":"AAKnives"},"image":{"@id":"https:\/\/aaknives.eu\/fi\/#\/schema\/logo\/image\/"},"sameAs":["https:\/\/www.facebook.com\/aaknives.eu\/","https:\/\/www.instagram.com\/aaknives\/","https:\/\/www.pinterest.com\/aa_knives\/","https:\/\/www.youtube.com\/channel\/UCHOQFjrOkgT6s4FIw9LDKyw\/featured"]}]}},"_links":{"self":[{"href":"https:\/\/aaknives.eu\/fi\/wp-json\/wp\/v2\/product\/58987","targetHints":{"allow":["GET"]}}],"collection":[{"href":"https:\/\/aaknives.eu\/fi\/wp-json\/wp\/v2\/product"}],"about":[{"href":"https:\/\/aaknives.eu\/fi\/wp-json\/wp\/v2\/types\/product"}],"wp:featuredmedia":[{"embeddable":true,"href":"https:\/\/aaknives.eu\/fi\/wp-json\/wp\/v2\/media\/58988"}],"wp:attachment":[{"href":"https:\/\/aaknives.eu\/fi\/wp-json\/wp\/v2\/media?parent=58987"}],"wp:term":[{"taxonomy":"product_brand","embeddable":true,"href":"https:\/\/aaknives.eu\/fi\/wp-json\/wp\/v2\/product_brand?post=58987"},{"taxonomy":"product_cat","embeddable":true,"href":"https:\/\/aaknives.eu\/fi\/wp-json\/wp\/v2\/product_cat?post=58987"},{"taxonomy":"product_tag","embeddable":true,"href":"https:\/\/aaknives.eu\/fi\/wp-json\/wp\/v2\/product_tag?post=58987"}],"curies":[{"name":"wp","href":"https:\/\/api.w.org\/{rel}","templated":true}]}}