{"id":59321,"date":"2022-07-12T17:15:18","date_gmt":"2022-07-12T17:15:18","guid":{"rendered":"https:\/\/aaknives.eu\/product\/taskuveitsi-kasin-taottu-bulat-wootz-teras\/"},"modified":"2026-01-07T20:43:44","modified_gmt":"2026-01-07T20:43:44","slug":"taskuveitsi-kasin-taottu-bulat-wootz-teras","status":"publish","type":"product","link":"https:\/\/aaknives.eu\/fi\/product\/taskuveitsi-kasin-taottu-bulat-wootz-teras\/","title":{"rendered":"Taskuveitsi, k\u00e4sin taottu Bulat-Wootz-ter\u00e4s"},"content":{"rendered":"<p>Ter\u00e4s: taottu Bulat \u2013 Wootz-ter\u00e4s<br \/>\nKovuus: 62-63 HRC<br \/>\nTer\u00e4n pituus (mm): 100 \/ 3,93 tuumaa<br \/>\nTer\u00e4n paksuus (mm): 2 \/ 0,07 tuumaa<br \/>\nTer\u00e4n leveys (mm): 20 \/ 0,78 tuumaa<br \/>\nKahva: Stabiloitua karjalankoivua<br \/>\nKokonaispituus (mm): 220 \/ 8,66 tuumaa<br \/>\nVeitsen tyyppi: mets\u00e4stys, ulkoilu<br \/>\nPakkaus: veitsi, nahkatuppi<\/p>\n<p>Bulat \u2013 Wootz Steel<br \/>\nCast carbon hand forged steel<br \/>\nwith a special blade structure, high hardness, increased durability and elasticity.<br \/>\nEach blade of Bulat steel has a distinctive individual pattern.<br \/>\n\u2018\u2019AA knives\u2019\u2019 produces knives made of alloyed crucible Bulat steel based on metal H12MF and ShH15.<\/p>\n<p>Bulat-ter\u00e4ksest\u00e4 valmistettujen veitsien edut:<\/p>\n<p>Korkea kovuus<br \/>\nLis\u00e4\u00e4ntynyt kest\u00e4vyys<br \/>\nElastisuus<br \/>\nPitk\u00e4kestoinen ter\u00e4vyys<br \/>\nTer\u00e4n kovuus 62-64 HRC.<br \/>\nK\u00e4sintehty<\/p>\n","protected":false},"excerpt":{"rendered":"<p>Ter\u00e4s: taottu Bulat \u2013 Wootz-ter\u00e4s Kovuus: 62-63 HRC Ter\u00e4n pituus (mm): 100 \/ 3,93 tuumaa Ter\u00e4n paksuus (mm): 2 \/ 0,07 tuumaa Ter\u00e4n leveys (mm): 20 \/ 0,78 tuumaa Kahva: Stabiloitua karjalankoivua Kokonaispituus (mm): 220 \/ 8,66 tuumaa Veitsen tyyppi: mets\u00e4stys, ulkoilu Pakkaus: veitsi, nahkatuppi Bulat \u2013 Wootz Steel Cast carbon hand forged steel with a special blade structure, high hardness, increased durability and elasticity. Each blade of Bulat steel has a distinctive individual pattern. \u2018\u2019AA knives\u2019\u2019 produces knives made of alloyed crucible Bulat steel based on metal H12MF and ShH15. Bulat-ter\u00e4ksest\u00e4 valmistettujen veitsien edut: Korkea kovuus Lis\u00e4\u00e4ntynyt kest\u00e4vyys Elastisuus&hellip;<\/p>\n","protected":false},"featured_media":105964,"template":"","meta":{"_themeisle_gutenberg_block_has_review":false},"product_brand":[],"product_cat":[456,453,457,452],"product_tag":[],"class_list":{"0":"post-59321","1":"product","2":"type-product","3":"status-publish","4":"has-post-thumbnail","6":"product_cat-kalastusveitset","7":"product_cat-metsastysveitset","8":"product_cat-taskuveitset","9":"product_cat-ulkoveitset","11":"first","12":"instock","13":"shipping-taxable","14":"purchasable","15":"product-type-simple"},"yoast_head":"<!-- This site is optimized with the Yoast SEO plugin v27.3 - https:\/\/yoast.com\/product\/yoast-seo-wordpress\/ -->\n<title>Taskuveitsi, k\u00e4sin taottu Bulat-Wootz-ter\u00e4s - AAKnives<\/title>\n<meta name=\"description\" content=\"Bulat \u2013 Wootz-ter\u00e4s Valettua hiiliter\u00e4st\u00e4, jolla on erityinen ter\u00e4rakenne, korkea kovuus, lis\u00e4\u00e4ntynyt kest\u00e4vyys ja elastisuus.\" \/>\n<meta name=\"robots\" content=\"index, follow, max-snippet:-1, max-image-preview:large, max-video-preview:-1\" \/>\n<link rel=\"canonical\" href=\"https:\/\/aaknives.eu\/fi\/product\/taskuveitsi-kasin-taottu-bulat-wootz-teras\/\" \/>\n<meta property=\"og:locale\" content=\"fi_FI\" \/>\n<meta property=\"og:type\" content=\"article\" \/>\n<meta property=\"og:title\" content=\"Taskuveitsi, k\u00e4sin taottu Bulat-Wootz-ter\u00e4s - AAKnives\" \/>\n<meta property=\"og:description\" content=\"Bulat \u2013 Wootz-ter\u00e4s Valettua hiiliter\u00e4st\u00e4, jolla on erityinen ter\u00e4rakenne, korkea kovuus, lis\u00e4\u00e4ntynyt kest\u00e4vyys ja elastisuus.\" \/>\n<meta property=\"og:url\" content=\"https:\/\/aaknives.eu\/fi\/product\/taskuveitsi-kasin-taottu-bulat-wootz-teras\/\" \/>\n<meta property=\"og:site_name\" content=\"AAKnives\" \/>\n<meta property=\"article:publisher\" content=\"https:\/\/www.facebook.com\/aaknives.eu\/\" \/>\n<meta property=\"article:modified_time\" content=\"2026-01-07T20:43:44+00:00\" \/>\n<meta property=\"og:image\" content=\"https:\/\/aaknives.eu\/wp-content\/uploads\/2022\/07\/aaknives-hand-forged-damascus-steel-blade-knife-handmade-custom-made-knife-handcrafted-knives-autinetools-northmen-1-139-2.jpg\" \/>\n\t<meta property=\"og:image:width\" content=\"1020\" \/>\n\t<meta property=\"og:image:height\" content=\"880\" \/>\n\t<meta property=\"og:image:type\" content=\"image\/jpeg\" \/>\n<meta name=\"twitter:card\" content=\"summary_large_image\" \/>\n<meta name=\"twitter:label1\" content=\"Arvioitu lukuaika\" \/>\n\t<meta name=\"twitter:data1\" content=\"1 minuutti\" \/>\n<script type=\"application\/ld+json\" class=\"yoast-schema-graph\">{\"@context\":\"https:\\\/\\\/schema.org\",\"@graph\":[{\"@type\":\"WebPage\",\"@id\":\"https:\\\/\\\/aaknives.eu\\\/fi\\\/product\\\/taskuveitsi-kasin-taottu-bulat-wootz-teras\\\/\",\"url\":\"https:\\\/\\\/aaknives.eu\\\/fi\\\/product\\\/taskuveitsi-kasin-taottu-bulat-wootz-teras\\\/\",\"name\":\"Taskuveitsi, k\u00e4sin taottu Bulat-Wootz-ter\u00e4s - AAKnives\",\"isPartOf\":{\"@id\":\"https:\\\/\\\/aaknives.eu\\\/fi\\\/#website\"},\"primaryImageOfPage\":{\"@id\":\"https:\\\/\\\/aaknives.eu\\\/fi\\\/product\\\/taskuveitsi-kasin-taottu-bulat-wootz-teras\\\/#primaryimage\"},\"image\":{\"@id\":\"https:\\\/\\\/aaknives.eu\\\/fi\\\/product\\\/taskuveitsi-kasin-taottu-bulat-wootz-teras\\\/#primaryimage\"},\"thumbnailUrl\":\"https:\\\/\\\/aaknives.eu\\\/wp-content\\\/uploads\\\/2022\\\/07\\\/aaknives-hand-forged-damascus-steel-blade-knife-handmade-custom-made-knife-handcrafted-knives-autinetools-northmen-1-139-2.jpg\",\"datePublished\":\"2022-07-12T17:15:18+00:00\",\"dateModified\":\"2026-01-07T20:43:44+00:00\",\"description\":\"Bulat \u2013 Wootz-ter\u00e4s Valettua hiiliter\u00e4st\u00e4, jolla on erityinen ter\u00e4rakenne, korkea kovuus, lis\u00e4\u00e4ntynyt kest\u00e4vyys ja elastisuus.\",\"breadcrumb\":{\"@id\":\"https:\\\/\\\/aaknives.eu\\\/fi\\\/product\\\/taskuveitsi-kasin-taottu-bulat-wootz-teras\\\/#breadcrumb\"},\"inLanguage\":\"fi\",\"potentialAction\":[{\"@type\":\"ReadAction\",\"target\":[\"https:\\\/\\\/aaknives.eu\\\/fi\\\/product\\\/taskuveitsi-kasin-taottu-bulat-wootz-teras\\\/\"]}]},{\"@type\":\"ImageObject\",\"inLanguage\":\"fi\",\"@id\":\"https:\\\/\\\/aaknives.eu\\\/fi\\\/product\\\/taskuveitsi-kasin-taottu-bulat-wootz-teras\\\/#primaryimage\",\"url\":\"https:\\\/\\\/aaknives.eu\\\/wp-content\\\/uploads\\\/2022\\\/07\\\/aaknives-hand-forged-damascus-steel-blade-knife-handmade-custom-made-knife-handcrafted-knives-autinetools-northmen-1-139-2.jpg\",\"contentUrl\":\"https:\\\/\\\/aaknives.eu\\\/wp-content\\\/uploads\\\/2022\\\/07\\\/aaknives-hand-forged-damascus-steel-blade-knife-handmade-custom-made-knife-handcrafted-knives-autinetools-northmen-1-139-2.jpg\",\"width\":1020,\"height\":880},{\"@type\":\"BreadcrumbList\",\"@id\":\"https:\\\/\\\/aaknives.eu\\\/fi\\\/product\\\/taskuveitsi-kasin-taottu-bulat-wootz-teras\\\/#breadcrumb\",\"itemListElement\":[{\"@type\":\"ListItem\",\"position\":1,\"name\":\"Home\",\"item\":\"https:\\\/\\\/aaknives.eu\\\/fi\\\/\"},{\"@type\":\"ListItem\",\"position\":2,\"name\":\"Kauppa\",\"item\":\"https:\\\/\\\/aaknives.eu\\\/kauppa\\\/\"},{\"@type\":\"ListItem\",\"position\":3,\"name\":\"Taskuveitsi, k\u00e4sin taottu Bulat-Wootz-ter\u00e4s\"}]},{\"@type\":\"WebSite\",\"@id\":\"https:\\\/\\\/aaknives.eu\\\/fi\\\/#website\",\"url\":\"https:\\\/\\\/aaknives.eu\\\/fi\\\/\",\"name\":\"AAKnives\",\"description\":\"Handmade knives\",\"publisher\":{\"@id\":\"https:\\\/\\\/aaknives.eu\\\/fi\\\/#organization\"},\"potentialAction\":[{\"@type\":\"SearchAction\",\"target\":{\"@type\":\"EntryPoint\",\"urlTemplate\":\"https:\\\/\\\/aaknives.eu\\\/fi\\\/?s={search_term_string}\"},\"query-input\":{\"@type\":\"PropertyValueSpecification\",\"valueRequired\":true,\"valueName\":\"search_term_string\"}}],\"inLanguage\":\"fi\"},{\"@type\":\"Organization\",\"@id\":\"https:\\\/\\\/aaknives.eu\\\/fi\\\/#organization\",\"name\":\"AAKnives\",\"url\":\"https:\\\/\\\/aaknives.eu\\\/fi\\\/\",\"logo\":{\"@type\":\"ImageObject\",\"inLanguage\":\"fi\",\"@id\":\"https:\\\/\\\/aaknives.eu\\\/fi\\\/#\\\/schema\\\/logo\\\/image\\\/\",\"url\":\"https:\\\/\\\/aaknives.eu\\\/wp-content\\\/uploads\\\/2021\\\/10\\\/AAknives_Logo_Green.png\",\"contentUrl\":\"https:\\\/\\\/aaknives.eu\\\/wp-content\\\/uploads\\\/2021\\\/10\\\/AAknives_Logo_Green.png\",\"width\":1768,\"height\":1768,\"caption\":\"AAKnives\"},\"image\":{\"@id\":\"https:\\\/\\\/aaknives.eu\\\/fi\\\/#\\\/schema\\\/logo\\\/image\\\/\"},\"sameAs\":[\"https:\\\/\\\/www.facebook.com\\\/aaknives.eu\\\/\",\"https:\\\/\\\/www.instagram.com\\\/aaknives\\\/\",\"https:\\\/\\\/www.pinterest.com\\\/aa_knives\\\/\",\"https:\\\/\\\/www.youtube.com\\\/channel\\\/UCHOQFjrOkgT6s4FIw9LDKyw\\\/featured\"]}]}<\/script>\n<!-- \/ Yoast SEO plugin. -->","yoast_head_json":{"title":"Taskuveitsi, k\u00e4sin taottu Bulat-Wootz-ter\u00e4s - AAKnives","description":"Bulat \u2013 Wootz-ter\u00e4s Valettua hiiliter\u00e4st\u00e4, jolla on erityinen ter\u00e4rakenne, korkea kovuus, lis\u00e4\u00e4ntynyt kest\u00e4vyys ja elastisuus.","robots":{"index":"index","follow":"follow","max-snippet":"max-snippet:-1","max-image-preview":"max-image-preview:large","max-video-preview":"max-video-preview:-1"},"canonical":"https:\/\/aaknives.eu\/fi\/product\/taskuveitsi-kasin-taottu-bulat-wootz-teras\/","og_locale":"fi_FI","og_type":"article","og_title":"Taskuveitsi, k\u00e4sin taottu Bulat-Wootz-ter\u00e4s - AAKnives","og_description":"Bulat \u2013 Wootz-ter\u00e4s Valettua hiiliter\u00e4st\u00e4, jolla on erityinen ter\u00e4rakenne, korkea kovuus, lis\u00e4\u00e4ntynyt kest\u00e4vyys ja elastisuus.","og_url":"https:\/\/aaknives.eu\/fi\/product\/taskuveitsi-kasin-taottu-bulat-wootz-teras\/","og_site_name":"AAKnives","article_publisher":"https:\/\/www.facebook.com\/aaknives.eu\/","article_modified_time":"2026-01-07T20:43:44+00:00","og_image":[{"width":1020,"height":880,"url":"https:\/\/aaknives.eu\/wp-content\/uploads\/2022\/07\/aaknives-hand-forged-damascus-steel-blade-knife-handmade-custom-made-knife-handcrafted-knives-autinetools-northmen-1-139-2.jpg","type":"image\/jpeg"}],"twitter_card":"summary_large_image","twitter_misc":{"Arvioitu lukuaika":"1 minuutti"},"schema":{"@context":"https:\/\/schema.org","@graph":[{"@type":"WebPage","@id":"https:\/\/aaknives.eu\/fi\/product\/taskuveitsi-kasin-taottu-bulat-wootz-teras\/","url":"https:\/\/aaknives.eu\/fi\/product\/taskuveitsi-kasin-taottu-bulat-wootz-teras\/","name":"Taskuveitsi, k\u00e4sin taottu Bulat-Wootz-ter\u00e4s - AAKnives","isPartOf":{"@id":"https:\/\/aaknives.eu\/fi\/#website"},"primaryImageOfPage":{"@id":"https:\/\/aaknives.eu\/fi\/product\/taskuveitsi-kasin-taottu-bulat-wootz-teras\/#primaryimage"},"image":{"@id":"https:\/\/aaknives.eu\/fi\/product\/taskuveitsi-kasin-taottu-bulat-wootz-teras\/#primaryimage"},"thumbnailUrl":"https:\/\/aaknives.eu\/wp-content\/uploads\/2022\/07\/aaknives-hand-forged-damascus-steel-blade-knife-handmade-custom-made-knife-handcrafted-knives-autinetools-northmen-1-139-2.jpg","datePublished":"2022-07-12T17:15:18+00:00","dateModified":"2026-01-07T20:43:44+00:00","description":"Bulat \u2013 Wootz-ter\u00e4s Valettua hiiliter\u00e4st\u00e4, jolla on erityinen ter\u00e4rakenne, korkea kovuus, lis\u00e4\u00e4ntynyt kest\u00e4vyys ja elastisuus.","breadcrumb":{"@id":"https:\/\/aaknives.eu\/fi\/product\/taskuveitsi-kasin-taottu-bulat-wootz-teras\/#breadcrumb"},"inLanguage":"fi","potentialAction":[{"@type":"ReadAction","target":["https:\/\/aaknives.eu\/fi\/product\/taskuveitsi-kasin-taottu-bulat-wootz-teras\/"]}]},{"@type":"ImageObject","inLanguage":"fi","@id":"https:\/\/aaknives.eu\/fi\/product\/taskuveitsi-kasin-taottu-bulat-wootz-teras\/#primaryimage","url":"https:\/\/aaknives.eu\/wp-content\/uploads\/2022\/07\/aaknives-hand-forged-damascus-steel-blade-knife-handmade-custom-made-knife-handcrafted-knives-autinetools-northmen-1-139-2.jpg","contentUrl":"https:\/\/aaknives.eu\/wp-content\/uploads\/2022\/07\/aaknives-hand-forged-damascus-steel-blade-knife-handmade-custom-made-knife-handcrafted-knives-autinetools-northmen-1-139-2.jpg","width":1020,"height":880},{"@type":"BreadcrumbList","@id":"https:\/\/aaknives.eu\/fi\/product\/taskuveitsi-kasin-taottu-bulat-wootz-teras\/#breadcrumb","itemListElement":[{"@type":"ListItem","position":1,"name":"Home","item":"https:\/\/aaknives.eu\/fi\/"},{"@type":"ListItem","position":2,"name":"Kauppa","item":"https:\/\/aaknives.eu\/kauppa\/"},{"@type":"ListItem","position":3,"name":"Taskuveitsi, k\u00e4sin taottu Bulat-Wootz-ter\u00e4s"}]},{"@type":"WebSite","@id":"https:\/\/aaknives.eu\/fi\/#website","url":"https:\/\/aaknives.eu\/fi\/","name":"AAKnives","description":"Handmade knives","publisher":{"@id":"https:\/\/aaknives.eu\/fi\/#organization"},"potentialAction":[{"@type":"SearchAction","target":{"@type":"EntryPoint","urlTemplate":"https:\/\/aaknives.eu\/fi\/?s={search_term_string}"},"query-input":{"@type":"PropertyValueSpecification","valueRequired":true,"valueName":"search_term_string"}}],"inLanguage":"fi"},{"@type":"Organization","@id":"https:\/\/aaknives.eu\/fi\/#organization","name":"AAKnives","url":"https:\/\/aaknives.eu\/fi\/","logo":{"@type":"ImageObject","inLanguage":"fi","@id":"https:\/\/aaknives.eu\/fi\/#\/schema\/logo\/image\/","url":"https:\/\/aaknives.eu\/wp-content\/uploads\/2021\/10\/AAknives_Logo_Green.png","contentUrl":"https:\/\/aaknives.eu\/wp-content\/uploads\/2021\/10\/AAknives_Logo_Green.png","width":1768,"height":1768,"caption":"AAKnives"},"image":{"@id":"https:\/\/aaknives.eu\/fi\/#\/schema\/logo\/image\/"},"sameAs":["https:\/\/www.facebook.com\/aaknives.eu\/","https:\/\/www.instagram.com\/aaknives\/","https:\/\/www.pinterest.com\/aa_knives\/","https:\/\/www.youtube.com\/channel\/UCHOQFjrOkgT6s4FIw9LDKyw\/featured"]}]}},"_links":{"self":[{"href":"https:\/\/aaknives.eu\/fi\/wp-json\/wp\/v2\/product\/59321","targetHints":{"allow":["GET"]}}],"collection":[{"href":"https:\/\/aaknives.eu\/fi\/wp-json\/wp\/v2\/product"}],"about":[{"href":"https:\/\/aaknives.eu\/fi\/wp-json\/wp\/v2\/types\/product"}],"wp:featuredmedia":[{"embeddable":true,"href":"https:\/\/aaknives.eu\/fi\/wp-json\/wp\/v2\/media\/105964"}],"wp:attachment":[{"href":"https:\/\/aaknives.eu\/fi\/wp-json\/wp\/v2\/media?parent=59321"}],"wp:term":[{"taxonomy":"product_brand","embeddable":true,"href":"https:\/\/aaknives.eu\/fi\/wp-json\/wp\/v2\/product_brand?post=59321"},{"taxonomy":"product_cat","embeddable":true,"href":"https:\/\/aaknives.eu\/fi\/wp-json\/wp\/v2\/product_cat?post=59321"},{"taxonomy":"product_tag","embeddable":true,"href":"https:\/\/aaknives.eu\/fi\/wp-json\/wp\/v2\/product_tag?post=59321"}],"curies":[{"name":"wp","href":"https:\/\/api.w.org\/{rel}","templated":true}]}}