{"id":59491,"date":"2022-05-17T13:27:53","date_gmt":"2022-05-17T13:27:53","guid":{"rendered":"https:\/\/aaknives.eu\/product\/puukko-viking-kasin-taottu-damaskusteraksesta-valmistettu-tera\/"},"modified":"2024-10-01T14:20:35","modified_gmt":"2024-10-01T14:20:35","slug":"puukko-viking-kasin-taottu-damaskusteraksesta-valmistettu-tera-2","status":"publish","type":"product","link":"https:\/\/aaknives.eu\/fi\/product\/puukko-viking-kasin-taottu-damaskusteraksesta-valmistettu-tera-2\/","title":{"rendered":"Veitsi &#8221;VIKING&#8221; &#8211; k\u00e4sin taottu Damaskuster\u00e4ksest\u00e4 valmistettu ter\u00e4."},"content":{"rendered":"<p>Veitsen tekniset tiedot: \u201dVIKING\u201d Ter\u00e4s: K\u00e4sin taottu Damascus-ter\u00e4ksest\u00e4 valmistettu mets\u00e4stysveitsi, (HVG, U10, ShH15), 800 kerrosta Kovuus: 60-62 HRC Ter\u00e4n pituus (mm): Ter\u00e4n paksuus (mm): 145 \/ 5,70 tuumaa: Ter\u00e4n leveys (mm): 3 \/ 0,11 tuumaa: Kokonaispituus (mm): 26 \/ 1,02 tuumaa Kahva: stabiloitu karjalan koivu: Ter\u00e4 on k\u00e4sin taottu Damascus-ter\u00e4ksest\u00e4, joka tekee siit\u00e4 eritt\u00e4in kovan, mutta joustavan ja kest\u00e4v\u00e4n. N\u00e4m\u00e4 ainutlaatuiset materiaaliominaisuudet saavutetaan muodostamalla pehme\u00e4 ja kova metalliseos, jonka tuloksena saadaan paras mets\u00e4stysveitsi, jossa on tunnettu Damascus-ter\u00e4spiirustus, joka kest\u00e4\u00e4 mikrosahater\u00e4n ansiosta pitk\u00e4\u00e4n ja pystyy s\u00e4ilytt\u00e4m\u00e4\u00e4n ter\u00e4vyytens\u00e4 ilman teroitusta hyvin pitk\u00e4\u00e4n. K\u00e4sin taottu Damaskuster\u00e4s, joka on luotu paketista eri kovuus- ja viskositeetti\u00e4 olevia ter\u00e4ksi\u00e4, jotka taittuvat levyksi tietyss\u00e4 j\u00e4rjestyksess\u00e4. Seuraavaksi levy\u00e4 taotaan toistuvasti uudelleen, mink\u00e4 ansiosta muodostuu kerroksia ja ainutlaatuinen kuvio. Vaikea tekninen prosessi tehd\u00e4\u00e4n manuaalisesti. N\u00e4in valmistetulle ter\u00e4kselle on ominaista lis\u00e4\u00e4ntynyt lujuus, suuri kovuus, erinomaiset leikkausominaisuudet ja kauneus. Damaskuster\u00e4st\u00e4 yli 700-1000 kerrosta. Package damask steel ShH15 + HVG + U10A, thermal expression 860 \u00b0 C The advantages knives of Damascus steel: Increased strength High hardness Excellent cutting properties Beautiful design Long \u2013 lasting sharpness Hardness of the blade 60-62 HRC. K\u00e4sintehty<\/p>\n","protected":false},"excerpt":{"rendered":"<p>Veitsen tekniset tiedot: \u201dVIKING\u201d Ter\u00e4s: K\u00e4sin taottu Damascus-ter\u00e4ksest\u00e4 valmistettu mets\u00e4stysveitsi, (HVG, U10, ShH15), 800 kerrosta Kovuus: 60-62 HRC Ter\u00e4n pituus (mm): Ter\u00e4n paksuus (mm): 145 \/ 5,70 tuumaa: Ter\u00e4n leveys (mm): 3 \/ 0,11 tuumaa: Kokonaispituus (mm): 26 \/ 1,02 tuumaa Kahva: stabiloitu karjalan koivu: Ter\u00e4 on k\u00e4sin taottu Damascus-ter\u00e4ksest\u00e4, joka tekee siit\u00e4 eritt\u00e4in kovan, mutta joustavan ja kest\u00e4v\u00e4n. N\u00e4m\u00e4 ainutlaatuiset materiaaliominaisuudet saavutetaan muodostamalla pehme\u00e4 ja kova metalliseos, jonka tuloksena saadaan paras mets\u00e4stysveitsi, jossa on tunnettu Damascus-ter\u00e4spiirustus, joka kest\u00e4\u00e4 mikrosahater\u00e4n ansiosta pitk\u00e4\u00e4n ja pystyy s\u00e4ilytt\u00e4m\u00e4\u00e4n ter\u00e4vyytens\u00e4 ilman teroitusta hyvin pitk\u00e4\u00e4n. K\u00e4sin taottu Damaskuster\u00e4s, joka on luotu paketista eri kovuus- ja&hellip;<\/p>\n","protected":false},"featured_media":67292,"template":"","meta":{"_themeisle_gutenberg_block_has_review":false},"product_brand":[],"product_cat":[456,453,452],"product_tag":[],"class_list":{"0":"post-59491","1":"product","2":"type-product","3":"status-publish","4":"has-post-thumbnail","6":"product_cat-kalastusveitset","7":"product_cat-metsastysveitset","8":"product_cat-ulkoveitset","10":"first","11":"outofstock","12":"shipping-taxable","13":"purchasable","14":"product-type-simple"},"yoast_head":"<!-- This site is optimized with the Yoast SEO plugin v27.5 - https:\/\/yoast.com\/product\/yoast-seo-wordpress\/ -->\n<title>Veitsi &#039;&#039;VIKING&#039;&#039; - k\u00e4sin taottu Damaskuster\u00e4ksest\u00e4 valmistettu ter\u00e4. - AAKnives<\/title>\n<meta name=\"description\" content=\"K\u00e4sin taottu Damaskuster\u00e4s, joka on luotu paketista eri kovuus- ja viskositeetti\u00e4 olevia ter\u00e4ksi\u00e4, jotka taittuvat levyksi tietyss\u00e4 j\u00e4rjestyksess\u00e4.\" \/>\n<meta name=\"robots\" content=\"index, follow, max-snippet:-1, max-image-preview:large, max-video-preview:-1\" \/>\n<link rel=\"canonical\" href=\"https:\/\/aaknives.eu\/fi\/product\/puukko-viking-kasin-taottu-damaskusteraksesta-valmistettu-tera-2\/\" \/>\n<meta property=\"og:locale\" content=\"fi_FI\" \/>\n<meta property=\"og:type\" content=\"article\" \/>\n<meta property=\"og:title\" content=\"Veitsi &#039;&#039;VIKING&#039;&#039; - k\u00e4sin taottu Damaskuster\u00e4ksest\u00e4 valmistettu ter\u00e4. - AAKnives\" \/>\n<meta property=\"og:description\" content=\"K\u00e4sin taottu Damaskuster\u00e4s, joka on luotu paketista eri kovuus- ja viskositeetti\u00e4 olevia ter\u00e4ksi\u00e4, jotka taittuvat levyksi tietyss\u00e4 j\u00e4rjestyksess\u00e4.\" \/>\n<meta property=\"og:url\" content=\"https:\/\/aaknives.eu\/fi\/product\/puukko-viking-kasin-taottu-damaskusteraksesta-valmistettu-tera-2\/\" \/>\n<meta property=\"og:site_name\" content=\"AAKnives\" \/>\n<meta property=\"article:publisher\" content=\"https:\/\/www.facebook.com\/aaknives.eu\/\" \/>\n<meta property=\"article:modified_time\" content=\"2024-10-01T14:20:35+00:00\" \/>\n<meta property=\"og:image\" content=\"https:\/\/aaknives.eu\/wp-content\/uploads\/2022\/05\/aaknives-hand-forged-dabascus-steel-blade-knife-handmade-custom-made-knife-handcrafted-knives-autinetools-northmen-22.2.jpg\" \/>\n\t<meta property=\"og:image:width\" content=\"1020\" \/>\n\t<meta property=\"og:image:height\" content=\"880\" \/>\n\t<meta property=\"og:image:type\" content=\"image\/jpeg\" \/>\n<meta name=\"twitter:card\" content=\"summary_large_image\" \/>\n<meta name=\"twitter:label1\" content=\"Arvioitu lukuaika\" \/>\n\t<meta name=\"twitter:data1\" content=\"1 minuutti\" \/>\n<script type=\"application\/ld+json\" class=\"yoast-schema-graph\">{\"@context\":\"https:\\\/\\\/schema.org\",\"@graph\":[{\"@type\":\"WebPage\",\"@id\":\"https:\\\/\\\/aaknives.eu\\\/fi\\\/product\\\/puukko-viking-kasin-taottu-damaskusteraksesta-valmistettu-tera-2\\\/\",\"url\":\"https:\\\/\\\/aaknives.eu\\\/fi\\\/product\\\/puukko-viking-kasin-taottu-damaskusteraksesta-valmistettu-tera-2\\\/\",\"name\":\"Veitsi ''VIKING'' - k\u00e4sin taottu Damaskuster\u00e4ksest\u00e4 valmistettu ter\u00e4. - AAKnives\",\"isPartOf\":{\"@id\":\"https:\\\/\\\/aaknives.eu\\\/fi\\\/#website\"},\"primaryImageOfPage\":{\"@id\":\"https:\\\/\\\/aaknives.eu\\\/fi\\\/product\\\/puukko-viking-kasin-taottu-damaskusteraksesta-valmistettu-tera-2\\\/#primaryimage\"},\"image\":{\"@id\":\"https:\\\/\\\/aaknives.eu\\\/fi\\\/product\\\/puukko-viking-kasin-taottu-damaskusteraksesta-valmistettu-tera-2\\\/#primaryimage\"},\"thumbnailUrl\":\"https:\\\/\\\/aaknives.eu\\\/wp-content\\\/uploads\\\/2022\\\/05\\\/aaknives-hand-forged-dabascus-steel-blade-knife-handmade-custom-made-knife-handcrafted-knives-autinetools-northmen-22.2.jpg\",\"datePublished\":\"2022-05-17T13:27:53+00:00\",\"dateModified\":\"2024-10-01T14:20:35+00:00\",\"description\":\"K\u00e4sin taottu Damaskuster\u00e4s, joka on luotu paketista eri kovuus- ja viskositeetti\u00e4 olevia ter\u00e4ksi\u00e4, jotka taittuvat levyksi tietyss\u00e4 j\u00e4rjestyksess\u00e4.\",\"breadcrumb\":{\"@id\":\"https:\\\/\\\/aaknives.eu\\\/fi\\\/product\\\/puukko-viking-kasin-taottu-damaskusteraksesta-valmistettu-tera-2\\\/#breadcrumb\"},\"inLanguage\":\"fi\",\"potentialAction\":[{\"@type\":\"ReadAction\",\"target\":[\"https:\\\/\\\/aaknives.eu\\\/fi\\\/product\\\/puukko-viking-kasin-taottu-damaskusteraksesta-valmistettu-tera-2\\\/\"]}]},{\"@type\":\"ImageObject\",\"inLanguage\":\"fi\",\"@id\":\"https:\\\/\\\/aaknives.eu\\\/fi\\\/product\\\/puukko-viking-kasin-taottu-damaskusteraksesta-valmistettu-tera-2\\\/#primaryimage\",\"url\":\"https:\\\/\\\/aaknives.eu\\\/wp-content\\\/uploads\\\/2022\\\/05\\\/aaknives-hand-forged-dabascus-steel-blade-knife-handmade-custom-made-knife-handcrafted-knives-autinetools-northmen-22.2.jpg\",\"contentUrl\":\"https:\\\/\\\/aaknives.eu\\\/wp-content\\\/uploads\\\/2022\\\/05\\\/aaknives-hand-forged-dabascus-steel-blade-knife-handmade-custom-made-knife-handcrafted-knives-autinetools-northmen-22.2.jpg\",\"width\":1020,\"height\":880},{\"@type\":\"BreadcrumbList\",\"@id\":\"https:\\\/\\\/aaknives.eu\\\/fi\\\/product\\\/puukko-viking-kasin-taottu-damaskusteraksesta-valmistettu-tera-2\\\/#breadcrumb\",\"itemListElement\":[{\"@type\":\"ListItem\",\"position\":1,\"name\":\"Home\",\"item\":\"https:\\\/\\\/aaknives.eu\\\/fi\\\/\"},{\"@type\":\"ListItem\",\"position\":2,\"name\":\"Kauppa\",\"item\":\"https:\\\/\\\/aaknives.eu\\\/kauppa\\\/\"},{\"@type\":\"ListItem\",\"position\":3,\"name\":\"Veitsi &#8221;VIKING&#8221; &#8211; k\u00e4sin taottu Damaskuster\u00e4ksest\u00e4 valmistettu ter\u00e4.\"}]},{\"@type\":\"WebSite\",\"@id\":\"https:\\\/\\\/aaknives.eu\\\/fi\\\/#website\",\"url\":\"https:\\\/\\\/aaknives.eu\\\/fi\\\/\",\"name\":\"AAKnives\",\"description\":\"Handmade knives\",\"publisher\":{\"@id\":\"https:\\\/\\\/aaknives.eu\\\/fi\\\/#organization\"},\"alternateName\":\"Anri Ananin Knives\",\"potentialAction\":[{\"@type\":\"SearchAction\",\"target\":{\"@type\":\"EntryPoint\",\"urlTemplate\":\"https:\\\/\\\/aaknives.eu\\\/fi\\\/?s={search_term_string}\"},\"query-input\":{\"@type\":\"PropertyValueSpecification\",\"valueRequired\":true,\"valueName\":\"search_term_string\"}}],\"inLanguage\":\"fi\"},{\"@type\":\"Organization\",\"@id\":\"https:\\\/\\\/aaknives.eu\\\/fi\\\/#organization\",\"name\":\"AAKnives\",\"url\":\"https:\\\/\\\/aaknives.eu\\\/fi\\\/\",\"logo\":{\"@type\":\"ImageObject\",\"inLanguage\":\"fi\",\"@id\":\"https:\\\/\\\/aaknives.eu\\\/fi\\\/#\\\/schema\\\/logo\\\/image\\\/\",\"url\":\"https:\\\/\\\/aaknives.eu\\\/wp-content\\\/uploads\\\/2021\\\/10\\\/AAknives_Logo_Green.png\",\"contentUrl\":\"https:\\\/\\\/aaknives.eu\\\/wp-content\\\/uploads\\\/2021\\\/10\\\/AAknives_Logo_Green.png\",\"width\":1768,\"height\":1768,\"caption\":\"AAKnives\"},\"image\":{\"@id\":\"https:\\\/\\\/aaknives.eu\\\/fi\\\/#\\\/schema\\\/logo\\\/image\\\/\"},\"sameAs\":[\"https:\\\/\\\/www.facebook.com\\\/aaknives.eu\\\/\",\"https:\\\/\\\/www.instagram.com\\\/aaknives\\\/\",\"https:\\\/\\\/www.pinterest.com\\\/aa_knives\\\/\",\"https:\\\/\\\/www.youtube.com\\\/@aaknives9518\"]}]}<\/script>\n<!-- \/ Yoast SEO plugin. -->","yoast_head_json":{"title":"Veitsi ''VIKING'' - k\u00e4sin taottu Damaskuster\u00e4ksest\u00e4 valmistettu ter\u00e4. - AAKnives","description":"K\u00e4sin taottu Damaskuster\u00e4s, joka on luotu paketista eri kovuus- ja viskositeetti\u00e4 olevia ter\u00e4ksi\u00e4, jotka taittuvat levyksi tietyss\u00e4 j\u00e4rjestyksess\u00e4.","robots":{"index":"index","follow":"follow","max-snippet":"max-snippet:-1","max-image-preview":"max-image-preview:large","max-video-preview":"max-video-preview:-1"},"canonical":"https:\/\/aaknives.eu\/fi\/product\/puukko-viking-kasin-taottu-damaskusteraksesta-valmistettu-tera-2\/","og_locale":"fi_FI","og_type":"article","og_title":"Veitsi ''VIKING'' - k\u00e4sin taottu Damaskuster\u00e4ksest\u00e4 valmistettu ter\u00e4. - AAKnives","og_description":"K\u00e4sin taottu Damaskuster\u00e4s, joka on luotu paketista eri kovuus- ja viskositeetti\u00e4 olevia ter\u00e4ksi\u00e4, jotka taittuvat levyksi tietyss\u00e4 j\u00e4rjestyksess\u00e4.","og_url":"https:\/\/aaknives.eu\/fi\/product\/puukko-viking-kasin-taottu-damaskusteraksesta-valmistettu-tera-2\/","og_site_name":"AAKnives","article_publisher":"https:\/\/www.facebook.com\/aaknives.eu\/","article_modified_time":"2024-10-01T14:20:35+00:00","og_image":[{"width":1020,"height":880,"url":"https:\/\/aaknives.eu\/wp-content\/uploads\/2022\/05\/aaknives-hand-forged-dabascus-steel-blade-knife-handmade-custom-made-knife-handcrafted-knives-autinetools-northmen-22.2.jpg","type":"image\/jpeg"}],"twitter_card":"summary_large_image","twitter_misc":{"Arvioitu lukuaika":"1 minuutti"},"schema":{"@context":"https:\/\/schema.org","@graph":[{"@type":"WebPage","@id":"https:\/\/aaknives.eu\/fi\/product\/puukko-viking-kasin-taottu-damaskusteraksesta-valmistettu-tera-2\/","url":"https:\/\/aaknives.eu\/fi\/product\/puukko-viking-kasin-taottu-damaskusteraksesta-valmistettu-tera-2\/","name":"Veitsi ''VIKING'' - k\u00e4sin taottu Damaskuster\u00e4ksest\u00e4 valmistettu ter\u00e4. - AAKnives","isPartOf":{"@id":"https:\/\/aaknives.eu\/fi\/#website"},"primaryImageOfPage":{"@id":"https:\/\/aaknives.eu\/fi\/product\/puukko-viking-kasin-taottu-damaskusteraksesta-valmistettu-tera-2\/#primaryimage"},"image":{"@id":"https:\/\/aaknives.eu\/fi\/product\/puukko-viking-kasin-taottu-damaskusteraksesta-valmistettu-tera-2\/#primaryimage"},"thumbnailUrl":"https:\/\/aaknives.eu\/wp-content\/uploads\/2022\/05\/aaknives-hand-forged-dabascus-steel-blade-knife-handmade-custom-made-knife-handcrafted-knives-autinetools-northmen-22.2.jpg","datePublished":"2022-05-17T13:27:53+00:00","dateModified":"2024-10-01T14:20:35+00:00","description":"K\u00e4sin taottu Damaskuster\u00e4s, joka on luotu paketista eri kovuus- ja viskositeetti\u00e4 olevia ter\u00e4ksi\u00e4, jotka taittuvat levyksi tietyss\u00e4 j\u00e4rjestyksess\u00e4.","breadcrumb":{"@id":"https:\/\/aaknives.eu\/fi\/product\/puukko-viking-kasin-taottu-damaskusteraksesta-valmistettu-tera-2\/#breadcrumb"},"inLanguage":"fi","potentialAction":[{"@type":"ReadAction","target":["https:\/\/aaknives.eu\/fi\/product\/puukko-viking-kasin-taottu-damaskusteraksesta-valmistettu-tera-2\/"]}]},{"@type":"ImageObject","inLanguage":"fi","@id":"https:\/\/aaknives.eu\/fi\/product\/puukko-viking-kasin-taottu-damaskusteraksesta-valmistettu-tera-2\/#primaryimage","url":"https:\/\/aaknives.eu\/wp-content\/uploads\/2022\/05\/aaknives-hand-forged-dabascus-steel-blade-knife-handmade-custom-made-knife-handcrafted-knives-autinetools-northmen-22.2.jpg","contentUrl":"https:\/\/aaknives.eu\/wp-content\/uploads\/2022\/05\/aaknives-hand-forged-dabascus-steel-blade-knife-handmade-custom-made-knife-handcrafted-knives-autinetools-northmen-22.2.jpg","width":1020,"height":880},{"@type":"BreadcrumbList","@id":"https:\/\/aaknives.eu\/fi\/product\/puukko-viking-kasin-taottu-damaskusteraksesta-valmistettu-tera-2\/#breadcrumb","itemListElement":[{"@type":"ListItem","position":1,"name":"Home","item":"https:\/\/aaknives.eu\/fi\/"},{"@type":"ListItem","position":2,"name":"Kauppa","item":"https:\/\/aaknives.eu\/kauppa\/"},{"@type":"ListItem","position":3,"name":"Veitsi &#8221;VIKING&#8221; &#8211; k\u00e4sin taottu Damaskuster\u00e4ksest\u00e4 valmistettu ter\u00e4."}]},{"@type":"WebSite","@id":"https:\/\/aaknives.eu\/fi\/#website","url":"https:\/\/aaknives.eu\/fi\/","name":"AAKnives","description":"Handmade knives","publisher":{"@id":"https:\/\/aaknives.eu\/fi\/#organization"},"alternateName":"Anri Ananin Knives","potentialAction":[{"@type":"SearchAction","target":{"@type":"EntryPoint","urlTemplate":"https:\/\/aaknives.eu\/fi\/?s={search_term_string}"},"query-input":{"@type":"PropertyValueSpecification","valueRequired":true,"valueName":"search_term_string"}}],"inLanguage":"fi"},{"@type":"Organization","@id":"https:\/\/aaknives.eu\/fi\/#organization","name":"AAKnives","url":"https:\/\/aaknives.eu\/fi\/","logo":{"@type":"ImageObject","inLanguage":"fi","@id":"https:\/\/aaknives.eu\/fi\/#\/schema\/logo\/image\/","url":"https:\/\/aaknives.eu\/wp-content\/uploads\/2021\/10\/AAknives_Logo_Green.png","contentUrl":"https:\/\/aaknives.eu\/wp-content\/uploads\/2021\/10\/AAknives_Logo_Green.png","width":1768,"height":1768,"caption":"AAKnives"},"image":{"@id":"https:\/\/aaknives.eu\/fi\/#\/schema\/logo\/image\/"},"sameAs":["https:\/\/www.facebook.com\/aaknives.eu\/","https:\/\/www.instagram.com\/aaknives\/","https:\/\/www.pinterest.com\/aa_knives\/","https:\/\/www.youtube.com\/@aaknives9518"]}]}},"_links":{"self":[{"href":"https:\/\/aaknives.eu\/fi\/wp-json\/wp\/v2\/product\/59491","targetHints":{"allow":["GET"]}}],"collection":[{"href":"https:\/\/aaknives.eu\/fi\/wp-json\/wp\/v2\/product"}],"about":[{"href":"https:\/\/aaknives.eu\/fi\/wp-json\/wp\/v2\/types\/product"}],"wp:featuredmedia":[{"embeddable":true,"href":"https:\/\/aaknives.eu\/fi\/wp-json\/wp\/v2\/media\/67292"}],"wp:attachment":[{"href":"https:\/\/aaknives.eu\/fi\/wp-json\/wp\/v2\/media?parent=59491"}],"wp:term":[{"taxonomy":"product_brand","embeddable":true,"href":"https:\/\/aaknives.eu\/fi\/wp-json\/wp\/v2\/product_brand?post=59491"},{"taxonomy":"product_cat","embeddable":true,"href":"https:\/\/aaknives.eu\/fi\/wp-json\/wp\/v2\/product_cat?post=59491"},{"taxonomy":"product_tag","embeddable":true,"href":"https:\/\/aaknives.eu\/fi\/wp-json\/wp\/v2\/product_tag?post=59491"}],"curies":[{"name":"wp","href":"https:\/\/api.w.org\/{rel}","templated":true}]}}