{"id":60166,"date":"2021-12-08T10:39:39","date_gmt":"2021-12-08T10:39:39","guid":{"rendered":"https:\/\/aaknives.eu\/product\/yakut-veitsi-jakutin-kansallinen-veitsi-hand-forged-damascus-steel-blade-knife\/"},"modified":"2024-08-28T15:10:28","modified_gmt":"2024-08-28T15:10:28","slug":"yakut-veitsi-jakutin-kansallinen-veitsi-hand-forged-damascus-steel-blade-knife","status":"publish","type":"product","link":"https:\/\/aaknives.eu\/fi\/product\/yakut-veitsi-jakutin-kansallinen-veitsi-hand-forged-damascus-steel-blade-knife\/","title":{"rendered":"&#8221;YAKUT&#8221; veitsi &#8211; Jakutin kansallinen veitsi. hand forged Damascus steel blade knife"},"content":{"rendered":"<p>Veitsen tekniset tiedot: YAKUT<br \/>\nTer\u00e4s: K\u00e4sin taottu mets\u00e4stysveitsi Damaskuster\u00e4ksest\u00e4 (HVG, U10, ShH15), 800 kerrosta. Oikean k\u00e4den osalta<br \/>\nKovuus: 60-62 HRC<br \/>\nTer\u00e4n pituus (mm): Ter\u00e4n pituus: 150 \/ 5,90 tuumaa<br \/>\nTer\u00e4n paksuus (mm): 4 \/ 0,15 tuumaa<br \/>\nTer\u00e4n leveys (mm): 28 \/ 1,10 tuumaa<br \/>\nKahva: Hirvensarvi<br \/>\nKokonaispituus (mm): 278 \/ 10,94 tuumaa<br \/>\nVeitsityyppi: mets\u00e4stys, ulkoilu<br \/>\nPakkaus: veitsi, nahkatuppi<\/p>\n<p>K\u00e4sin taottu Damaskuster\u00e4s, joka on luotu paketista eri kovuus- ja viskositeetti\u00e4 olevia ter\u00e4ksi\u00e4, jotka taittuvat levyksi tietyss\u00e4 j\u00e4rjestyksess\u00e4. Seuraavaksi levy\u00e4 taotaan toistuvasti uudelleen, mink\u00e4 ansiosta muodostuu kerroksia ja ainutlaatuinen kuvio.<br \/>\nVaikea tekninen prosessi tehd\u00e4\u00e4n manuaalisesti. N\u00e4in valmistetulle ter\u00e4kselle on ominaista lis\u00e4\u00e4ntynyt lujuus, suuri kovuus, erinomaiset leikkausominaisuudet ja kauneus.<br \/>\nDamaskuster\u00e4st\u00e4 yli 700-1000 kerrosta.<br \/>\nPaketti Damastiter\u00e4s ShH15 + HVG + U10A, l\u00e4mp\u00f6ilmaisu 860 \u00b0 C.<\/p>\n<p>Edut veitset Damaskuster\u00e4st\u00e4:<br \/>\nLis\u00e4\u00e4ntynyt lujuus<br \/>\nKorkea kovuus<br \/>\nErinomaiset leikkausominaisuudet<br \/>\nKaunis muotoilu<br \/>\nPitk\u00e4\u00e4n kest\u00e4v\u00e4 ter\u00e4vyys<\/p>\n<p>Ter\u00e4n kovuus 60-62 HRC.<br \/>\nK\u00e4sintehty<\/p>\n","protected":false},"excerpt":{"rendered":"<p>Veitsen tekniset tiedot: YAKUT Ter\u00e4s: K\u00e4sin taottu mets\u00e4stysveitsi Damaskuster\u00e4ksest\u00e4 (HVG, U10, ShH15), 800 kerrosta. Oikean k\u00e4den osalta Kovuus: 60-62 HRC Ter\u00e4n pituus (mm): Ter\u00e4n pituus: 150 \/ 5,90 tuumaa Ter\u00e4n paksuus (mm): 4 \/ 0,15 tuumaa Ter\u00e4n leveys (mm): 28 \/ 1,10 tuumaa Kahva: Hirvensarvi Kokonaispituus (mm): 278 \/ 10,94 tuumaa Veitsityyppi: mets\u00e4stys, ulkoilu Pakkaus: veitsi, nahkatuppi K\u00e4sin taottu Damaskuster\u00e4s, joka on luotu paketista eri kovuus- ja viskositeetti\u00e4 olevia ter\u00e4ksi\u00e4, jotka taittuvat levyksi tietyss\u00e4 j\u00e4rjestyksess\u00e4. Seuraavaksi levy\u00e4 taotaan toistuvasti uudelleen, mink\u00e4 ansiosta muodostuu kerroksia ja ainutlaatuinen kuvio. Vaikea tekninen prosessi tehd\u00e4\u00e4n manuaalisesti. N\u00e4in valmistetulle ter\u00e4kselle on ominaista lis\u00e4\u00e4ntynyt lujuus, suuri&hellip;<\/p>\n","protected":false},"featured_media":67392,"template":"","meta":{"_themeisle_gutenberg_block_has_review":false},"product_brand":[],"product_cat":[453,459,452],"product_tag":[],"class_list":{"0":"post-60166","1":"product","2":"type-product","3":"status-publish","4":"has-post-thumbnail","6":"product_cat-metsastysveitset","7":"product_cat-premium-ja-exclusive-veitset","8":"product_cat-ulkoveitset","10":"first","11":"outofstock","12":"shipping-taxable","13":"purchasable","14":"product-type-simple"},"yoast_head":"<!-- This site is optimized with the Yoast SEO plugin v27.5 - https:\/\/yoast.com\/product\/yoast-seo-wordpress\/ -->\n<title>&#039;&#039;YAKUT&#039;&#039; veitsi - Jakutin kansallinen veitsi. hand forged Damascus steel blade knife - AAKnives<\/title>\n<meta name=\"description\" content=\"Jakuuttien kansallinen veitsi. k\u00e4sin taottu Damascus ter\u00e4st\u00e4 ter\u00e4 veitsi, mets\u00e4stys veitsi, selviytyminen veitsi, ulkona veitsi.\" \/>\n<meta name=\"robots\" content=\"index, follow, max-snippet:-1, max-image-preview:large, max-video-preview:-1\" \/>\n<link rel=\"canonical\" href=\"https:\/\/aaknives.eu\/fi\/product\/yakut-veitsi-jakutin-kansallinen-veitsi-hand-forged-damascus-steel-blade-knife\/\" \/>\n<meta property=\"og:locale\" content=\"fi_FI\" \/>\n<meta property=\"og:type\" content=\"article\" \/>\n<meta property=\"og:title\" content=\"&#039;&#039;YAKUT&#039;&#039; veitsi - Jakutin kansallinen veitsi. hand forged Damascus steel blade knife - AAKnives\" \/>\n<meta property=\"og:description\" content=\"Jakuuttien kansallinen veitsi. k\u00e4sin taottu Damascus ter\u00e4st\u00e4 ter\u00e4 veitsi, mets\u00e4stys veitsi, selviytyminen veitsi, ulkona veitsi.\" \/>\n<meta property=\"og:url\" content=\"https:\/\/aaknives.eu\/fi\/product\/yakut-veitsi-jakutin-kansallinen-veitsi-hand-forged-damascus-steel-blade-knife\/\" \/>\n<meta property=\"og:site_name\" content=\"AAKnives\" \/>\n<meta property=\"article:publisher\" content=\"https:\/\/www.facebook.com\/aaknives.eu\/\" \/>\n<meta property=\"article:modified_time\" content=\"2024-08-28T15:10:28+00:00\" \/>\n<meta property=\"og:image\" content=\"https:\/\/aaknives.eu\/wp-content\/uploads\/2021\/12\/aaknives-hand-forged-dabascus-steel-blade-knife-handmade-custom-made-knife-handcrafted-knives-autinetools-northmen-11.5.jpg\" \/>\n\t<meta property=\"og:image:width\" content=\"1020\" \/>\n\t<meta property=\"og:image:height\" content=\"880\" \/>\n\t<meta property=\"og:image:type\" content=\"image\/jpeg\" \/>\n<meta name=\"twitter:card\" content=\"summary_large_image\" \/>\n<meta name=\"twitter:label1\" content=\"Arvioitu lukuaika\" \/>\n\t<meta name=\"twitter:data1\" content=\"1 minuutti\" \/>\n<script type=\"application\/ld+json\" class=\"yoast-schema-graph\">{\"@context\":\"https:\\\/\\\/schema.org\",\"@graph\":[{\"@type\":\"WebPage\",\"@id\":\"https:\\\/\\\/aaknives.eu\\\/fi\\\/product\\\/yakut-veitsi-jakutin-kansallinen-veitsi-hand-forged-damascus-steel-blade-knife\\\/\",\"url\":\"https:\\\/\\\/aaknives.eu\\\/fi\\\/product\\\/yakut-veitsi-jakutin-kansallinen-veitsi-hand-forged-damascus-steel-blade-knife\\\/\",\"name\":\"''YAKUT'' veitsi - Jakutin kansallinen veitsi. hand forged Damascus steel blade knife - AAKnives\",\"isPartOf\":{\"@id\":\"https:\\\/\\\/aaknives.eu\\\/fi\\\/#website\"},\"primaryImageOfPage\":{\"@id\":\"https:\\\/\\\/aaknives.eu\\\/fi\\\/product\\\/yakut-veitsi-jakutin-kansallinen-veitsi-hand-forged-damascus-steel-blade-knife\\\/#primaryimage\"},\"image\":{\"@id\":\"https:\\\/\\\/aaknives.eu\\\/fi\\\/product\\\/yakut-veitsi-jakutin-kansallinen-veitsi-hand-forged-damascus-steel-blade-knife\\\/#primaryimage\"},\"thumbnailUrl\":\"https:\\\/\\\/aaknives.eu\\\/wp-content\\\/uploads\\\/2021\\\/12\\\/aaknives-hand-forged-dabascus-steel-blade-knife-handmade-custom-made-knife-handcrafted-knives-autinetools-northmen-11.5.jpg\",\"datePublished\":\"2021-12-08T10:39:39+00:00\",\"dateModified\":\"2024-08-28T15:10:28+00:00\",\"description\":\"Jakuuttien kansallinen veitsi. k\u00e4sin taottu Damascus ter\u00e4st\u00e4 ter\u00e4 veitsi, mets\u00e4stys veitsi, selviytyminen veitsi, ulkona veitsi.\",\"breadcrumb\":{\"@id\":\"https:\\\/\\\/aaknives.eu\\\/fi\\\/product\\\/yakut-veitsi-jakutin-kansallinen-veitsi-hand-forged-damascus-steel-blade-knife\\\/#breadcrumb\"},\"inLanguage\":\"fi\",\"potentialAction\":[{\"@type\":\"ReadAction\",\"target\":[\"https:\\\/\\\/aaknives.eu\\\/fi\\\/product\\\/yakut-veitsi-jakutin-kansallinen-veitsi-hand-forged-damascus-steel-blade-knife\\\/\"]}]},{\"@type\":\"ImageObject\",\"inLanguage\":\"fi\",\"@id\":\"https:\\\/\\\/aaknives.eu\\\/fi\\\/product\\\/yakut-veitsi-jakutin-kansallinen-veitsi-hand-forged-damascus-steel-blade-knife\\\/#primaryimage\",\"url\":\"https:\\\/\\\/aaknives.eu\\\/wp-content\\\/uploads\\\/2021\\\/12\\\/aaknives-hand-forged-dabascus-steel-blade-knife-handmade-custom-made-knife-handcrafted-knives-autinetools-northmen-11.5.jpg\",\"contentUrl\":\"https:\\\/\\\/aaknives.eu\\\/wp-content\\\/uploads\\\/2021\\\/12\\\/aaknives-hand-forged-dabascus-steel-blade-knife-handmade-custom-made-knife-handcrafted-knives-autinetools-northmen-11.5.jpg\",\"width\":1020,\"height\":880},{\"@type\":\"BreadcrumbList\",\"@id\":\"https:\\\/\\\/aaknives.eu\\\/fi\\\/product\\\/yakut-veitsi-jakutin-kansallinen-veitsi-hand-forged-damascus-steel-blade-knife\\\/#breadcrumb\",\"itemListElement\":[{\"@type\":\"ListItem\",\"position\":1,\"name\":\"Home\",\"item\":\"https:\\\/\\\/aaknives.eu\\\/fi\\\/\"},{\"@type\":\"ListItem\",\"position\":2,\"name\":\"Kauppa\",\"item\":\"https:\\\/\\\/aaknives.eu\\\/kauppa\\\/\"},{\"@type\":\"ListItem\",\"position\":3,\"name\":\"&#8221;YAKUT&#8221; veitsi &#8211; Jakutin kansallinen veitsi. hand forged Damascus steel blade knife\"}]},{\"@type\":\"WebSite\",\"@id\":\"https:\\\/\\\/aaknives.eu\\\/fi\\\/#website\",\"url\":\"https:\\\/\\\/aaknives.eu\\\/fi\\\/\",\"name\":\"AAKnives\",\"description\":\"Handmade knives\",\"publisher\":{\"@id\":\"https:\\\/\\\/aaknives.eu\\\/fi\\\/#organization\"},\"alternateName\":\"Anri Ananin Knives\",\"potentialAction\":[{\"@type\":\"SearchAction\",\"target\":{\"@type\":\"EntryPoint\",\"urlTemplate\":\"https:\\\/\\\/aaknives.eu\\\/fi\\\/?s={search_term_string}\"},\"query-input\":{\"@type\":\"PropertyValueSpecification\",\"valueRequired\":true,\"valueName\":\"search_term_string\"}}],\"inLanguage\":\"fi\"},{\"@type\":\"Organization\",\"@id\":\"https:\\\/\\\/aaknives.eu\\\/fi\\\/#organization\",\"name\":\"AAKnives\",\"url\":\"https:\\\/\\\/aaknives.eu\\\/fi\\\/\",\"logo\":{\"@type\":\"ImageObject\",\"inLanguage\":\"fi\",\"@id\":\"https:\\\/\\\/aaknives.eu\\\/fi\\\/#\\\/schema\\\/logo\\\/image\\\/\",\"url\":\"https:\\\/\\\/aaknives.eu\\\/wp-content\\\/uploads\\\/2021\\\/10\\\/AAknives_Logo_Green.png\",\"contentUrl\":\"https:\\\/\\\/aaknives.eu\\\/wp-content\\\/uploads\\\/2021\\\/10\\\/AAknives_Logo_Green.png\",\"width\":1768,\"height\":1768,\"caption\":\"AAKnives\"},\"image\":{\"@id\":\"https:\\\/\\\/aaknives.eu\\\/fi\\\/#\\\/schema\\\/logo\\\/image\\\/\"},\"sameAs\":[\"https:\\\/\\\/www.facebook.com\\\/aaknives.eu\\\/\",\"https:\\\/\\\/www.instagram.com\\\/aaknives\\\/\",\"https:\\\/\\\/www.pinterest.com\\\/aa_knives\\\/\",\"https:\\\/\\\/www.youtube.com\\\/@aaknives9518\"]}]}<\/script>\n<!-- \/ Yoast SEO plugin. -->","yoast_head_json":{"title":"''YAKUT'' veitsi - Jakutin kansallinen veitsi. hand forged Damascus steel blade knife - AAKnives","description":"Jakuuttien kansallinen veitsi. k\u00e4sin taottu Damascus ter\u00e4st\u00e4 ter\u00e4 veitsi, mets\u00e4stys veitsi, selviytyminen veitsi, ulkona veitsi.","robots":{"index":"index","follow":"follow","max-snippet":"max-snippet:-1","max-image-preview":"max-image-preview:large","max-video-preview":"max-video-preview:-1"},"canonical":"https:\/\/aaknives.eu\/fi\/product\/yakut-veitsi-jakutin-kansallinen-veitsi-hand-forged-damascus-steel-blade-knife\/","og_locale":"fi_FI","og_type":"article","og_title":"''YAKUT'' veitsi - Jakutin kansallinen veitsi. hand forged Damascus steel blade knife - AAKnives","og_description":"Jakuuttien kansallinen veitsi. k\u00e4sin taottu Damascus ter\u00e4st\u00e4 ter\u00e4 veitsi, mets\u00e4stys veitsi, selviytyminen veitsi, ulkona veitsi.","og_url":"https:\/\/aaknives.eu\/fi\/product\/yakut-veitsi-jakutin-kansallinen-veitsi-hand-forged-damascus-steel-blade-knife\/","og_site_name":"AAKnives","article_publisher":"https:\/\/www.facebook.com\/aaknives.eu\/","article_modified_time":"2024-08-28T15:10:28+00:00","og_image":[{"width":1020,"height":880,"url":"https:\/\/aaknives.eu\/wp-content\/uploads\/2021\/12\/aaknives-hand-forged-dabascus-steel-blade-knife-handmade-custom-made-knife-handcrafted-knives-autinetools-northmen-11.5.jpg","type":"image\/jpeg"}],"twitter_card":"summary_large_image","twitter_misc":{"Arvioitu lukuaika":"1 minuutti"},"schema":{"@context":"https:\/\/schema.org","@graph":[{"@type":"WebPage","@id":"https:\/\/aaknives.eu\/fi\/product\/yakut-veitsi-jakutin-kansallinen-veitsi-hand-forged-damascus-steel-blade-knife\/","url":"https:\/\/aaknives.eu\/fi\/product\/yakut-veitsi-jakutin-kansallinen-veitsi-hand-forged-damascus-steel-blade-knife\/","name":"''YAKUT'' veitsi - Jakutin kansallinen veitsi. hand forged Damascus steel blade knife - AAKnives","isPartOf":{"@id":"https:\/\/aaknives.eu\/fi\/#website"},"primaryImageOfPage":{"@id":"https:\/\/aaknives.eu\/fi\/product\/yakut-veitsi-jakutin-kansallinen-veitsi-hand-forged-damascus-steel-blade-knife\/#primaryimage"},"image":{"@id":"https:\/\/aaknives.eu\/fi\/product\/yakut-veitsi-jakutin-kansallinen-veitsi-hand-forged-damascus-steel-blade-knife\/#primaryimage"},"thumbnailUrl":"https:\/\/aaknives.eu\/wp-content\/uploads\/2021\/12\/aaknives-hand-forged-dabascus-steel-blade-knife-handmade-custom-made-knife-handcrafted-knives-autinetools-northmen-11.5.jpg","datePublished":"2021-12-08T10:39:39+00:00","dateModified":"2024-08-28T15:10:28+00:00","description":"Jakuuttien kansallinen veitsi. k\u00e4sin taottu Damascus ter\u00e4st\u00e4 ter\u00e4 veitsi, mets\u00e4stys veitsi, selviytyminen veitsi, ulkona veitsi.","breadcrumb":{"@id":"https:\/\/aaknives.eu\/fi\/product\/yakut-veitsi-jakutin-kansallinen-veitsi-hand-forged-damascus-steel-blade-knife\/#breadcrumb"},"inLanguage":"fi","potentialAction":[{"@type":"ReadAction","target":["https:\/\/aaknives.eu\/fi\/product\/yakut-veitsi-jakutin-kansallinen-veitsi-hand-forged-damascus-steel-blade-knife\/"]}]},{"@type":"ImageObject","inLanguage":"fi","@id":"https:\/\/aaknives.eu\/fi\/product\/yakut-veitsi-jakutin-kansallinen-veitsi-hand-forged-damascus-steel-blade-knife\/#primaryimage","url":"https:\/\/aaknives.eu\/wp-content\/uploads\/2021\/12\/aaknives-hand-forged-dabascus-steel-blade-knife-handmade-custom-made-knife-handcrafted-knives-autinetools-northmen-11.5.jpg","contentUrl":"https:\/\/aaknives.eu\/wp-content\/uploads\/2021\/12\/aaknives-hand-forged-dabascus-steel-blade-knife-handmade-custom-made-knife-handcrafted-knives-autinetools-northmen-11.5.jpg","width":1020,"height":880},{"@type":"BreadcrumbList","@id":"https:\/\/aaknives.eu\/fi\/product\/yakut-veitsi-jakutin-kansallinen-veitsi-hand-forged-damascus-steel-blade-knife\/#breadcrumb","itemListElement":[{"@type":"ListItem","position":1,"name":"Home","item":"https:\/\/aaknives.eu\/fi\/"},{"@type":"ListItem","position":2,"name":"Kauppa","item":"https:\/\/aaknives.eu\/kauppa\/"},{"@type":"ListItem","position":3,"name":"&#8221;YAKUT&#8221; veitsi &#8211; Jakutin kansallinen veitsi. hand forged Damascus steel blade knife"}]},{"@type":"WebSite","@id":"https:\/\/aaknives.eu\/fi\/#website","url":"https:\/\/aaknives.eu\/fi\/","name":"AAKnives","description":"Handmade knives","publisher":{"@id":"https:\/\/aaknives.eu\/fi\/#organization"},"alternateName":"Anri Ananin Knives","potentialAction":[{"@type":"SearchAction","target":{"@type":"EntryPoint","urlTemplate":"https:\/\/aaknives.eu\/fi\/?s={search_term_string}"},"query-input":{"@type":"PropertyValueSpecification","valueRequired":true,"valueName":"search_term_string"}}],"inLanguage":"fi"},{"@type":"Organization","@id":"https:\/\/aaknives.eu\/fi\/#organization","name":"AAKnives","url":"https:\/\/aaknives.eu\/fi\/","logo":{"@type":"ImageObject","inLanguage":"fi","@id":"https:\/\/aaknives.eu\/fi\/#\/schema\/logo\/image\/","url":"https:\/\/aaknives.eu\/wp-content\/uploads\/2021\/10\/AAknives_Logo_Green.png","contentUrl":"https:\/\/aaknives.eu\/wp-content\/uploads\/2021\/10\/AAknives_Logo_Green.png","width":1768,"height":1768,"caption":"AAKnives"},"image":{"@id":"https:\/\/aaknives.eu\/fi\/#\/schema\/logo\/image\/"},"sameAs":["https:\/\/www.facebook.com\/aaknives.eu\/","https:\/\/www.instagram.com\/aaknives\/","https:\/\/www.pinterest.com\/aa_knives\/","https:\/\/www.youtube.com\/@aaknives9518"]}]}},"_links":{"self":[{"href":"https:\/\/aaknives.eu\/fi\/wp-json\/wp\/v2\/product\/60166","targetHints":{"allow":["GET"]}}],"collection":[{"href":"https:\/\/aaknives.eu\/fi\/wp-json\/wp\/v2\/product"}],"about":[{"href":"https:\/\/aaknives.eu\/fi\/wp-json\/wp\/v2\/types\/product"}],"wp:featuredmedia":[{"embeddable":true,"href":"https:\/\/aaknives.eu\/fi\/wp-json\/wp\/v2\/media\/67392"}],"wp:attachment":[{"href":"https:\/\/aaknives.eu\/fi\/wp-json\/wp\/v2\/media?parent=60166"}],"wp:term":[{"taxonomy":"product_brand","embeddable":true,"href":"https:\/\/aaknives.eu\/fi\/wp-json\/wp\/v2\/product_brand?post=60166"},{"taxonomy":"product_cat","embeddable":true,"href":"https:\/\/aaknives.eu\/fi\/wp-json\/wp\/v2\/product_cat?post=60166"},{"taxonomy":"product_tag","embeddable":true,"href":"https:\/\/aaknives.eu\/fi\/wp-json\/wp\/v2\/product_tag?post=60166"}],"curies":[{"name":"wp","href":"https:\/\/api.w.org\/{rel}","templated":true}]}}