{"id":60433,"date":"2020-11-09T19:37:28","date_gmt":"2020-11-09T19:37:28","guid":{"rendered":"https:\/\/aaknives.eu\/product\/puukko-leuku-big-kasin-taottu-damaskusteraksesta-valmistettu-kiintea-terapuukko\/"},"modified":"2024-10-02T15:14:18","modified_gmt":"2024-10-02T15:14:18","slug":"puukko-leuku-big-kasin-taottu-damaskusteraksesta-valmistettu-kiintea-terapuukko","status":"publish","type":"product","link":"https:\/\/aaknives.eu\/fi\/product\/puukko-leuku-big-kasin-taottu-damaskusteraksesta-valmistettu-kiintea-terapuukko\/","title":{"rendered":"Veitsi &#8221;LEUKU &#8211; BIG&#8221;, k\u00e4sin taottu Damaskuster\u00e4ksest\u00e4 valmistettu kiinte\u00e4 ter\u00e4veitsi."},"content":{"rendered":"<p>Veitsen tekniset tiedot: LEUKU &#8211; BIG<br \/>\nTer\u00e4s: K\u00e4sin taottu Damascus-ter\u00e4ksest\u00e4 valmistettu ter\u00e4.<br \/>\nKovuus: 60-62 HRC<br \/>\nTer\u00e4n pituus (mm): 222 \/ 8,74 tuumaa<br \/>\nTer\u00e4n paksuus (mm): 3 \/ 0,09 tuumaa<br \/>\nTer\u00e4n leveys (mm): 37 \/ 1,45 tuumaa<br \/>\nKahva: stabiloitu karjalan koivu<br \/>\nKokonaispituus (mm): 350 \/ 13,77 tuumaa<\/p>\n<p>K\u00e4sin taottu Damaskuster\u00e4s, joka on luotu paketista eri kovuus- ja viskositeetti\u00e4 olevia ter\u00e4ksi\u00e4, jotka taittuvat levyksi tietyss\u00e4 j\u00e4rjestyksess\u00e4. Seuraavaksi levy\u00e4 taotaan toistuvasti uudelleen, mink\u00e4 ansiosta muodostuu kerroksia ja ainutlaatuinen kuvio.<br \/>\nVaikea tekninen prosessi tehd\u00e4\u00e4n manuaalisesti.<\/p>\n<p>T\u00e4ll\u00e4 tavoin valmistetulle ter\u00e4kselle on ominaista:<\/p>\n<p>Lis\u00e4\u00e4ntynyt lujuus, korkea kovuus, erinomaiset leikkausominaisuudet, kaunis muotoilu, pitk\u00e4ik\u00e4inen ter\u00e4vyys.<\/p>\n<p>Damaskuster\u00e4ksess\u00e4 on yli 700-1000 kerrosta.<br \/>\nPakkaus Damastiter\u00e4s ShH15 HVG U10A, l\u00e4mp\u00f6ilmaisu 860 \u00b0 C<\/p>\n<p>Kuten <u><br \/>\n  <b>Damaskuster\u00e4s on yksi <\/b><br \/>\n<\/u><u><br \/>\n  <b>the<\/b><br \/>\n<\/u><u><br \/>\n  <b> ruosteinen<\/b><br \/>\n<\/u><u><br \/>\n  <b> ter\u00e4ksi\u00e4<\/b><br \/>\n<\/u>, on erityisen t\u00e4rke\u00e4\u00e4 muistaa sen asianmukainen hoito. Damaskuster\u00e4ksest\u00e4 valmistettu veitsi on pyyhitt\u00e4v\u00e4 perusteellisesti jokaisen k\u00e4yt\u00f6n j\u00e4lkeen, puhdistettava liasta ja kuivattava, jotta siihen ei varastoinnin aikana p\u00e4\u00e4se kosteutta, joka voi ajan mittaan aiheuttaa ruostumista. Voitelua ei pid\u00e4 unohtaa, mit\u00e4 tahansa keitti\u00f6st\u00e4 l\u00f6ytyv\u00e4\u00e4 ruoka\u00f6ljy\u00e4 voi k\u00e4ytt\u00e4\u00e4, kunhan pid\u00e4t sen aina \u00f6ljyttyn\u00e4 &#8211; se pit\u00e4\u00e4 ruosteen poissa.<\/p>\n<p>Jos ter\u00e4\u00e4n ilmestyy tummia t\u00e4pli\u00e4 &#8211; ensimm\u00e4isi\u00e4 merkkej\u00e4 ruostumisesta, ota hienointa hiekkapaperia (P2000 &#8211; 2500) ja poista ruostepisteet hankaamalla ter\u00e4\u00e4 kevyesti.<\/p>\n","protected":false},"excerpt":{"rendered":"<p>Veitsen tekniset tiedot: LEUKU &#8211; BIG Ter\u00e4s: K\u00e4sin taottu Damascus-ter\u00e4ksest\u00e4 valmistettu ter\u00e4. Kovuus: 60-62 HRC Ter\u00e4n pituus (mm): 222 \/ 8,74 tuumaa Ter\u00e4n paksuus (mm): 3 \/ 0,09 tuumaa Ter\u00e4n leveys (mm): 37 \/ 1,45 tuumaa Kahva: stabiloitu karjalan koivu Kokonaispituus (mm): 350 \/ 13,77 tuumaa K\u00e4sin taottu Damaskuster\u00e4s, joka on luotu paketista eri kovuus- ja viskositeetti\u00e4 olevia ter\u00e4ksi\u00e4, jotka taittuvat levyksi tietyss\u00e4 j\u00e4rjestyksess\u00e4. Seuraavaksi levy\u00e4 taotaan toistuvasti uudelleen, mink\u00e4 ansiosta muodostuu kerroksia ja ainutlaatuinen kuvio. Vaikea tekninen prosessi tehd\u00e4\u00e4n manuaalisesti. T\u00e4ll\u00e4 tavoin valmistetulle ter\u00e4kselle on ominaista: Lis\u00e4\u00e4ntynyt lujuus, korkea kovuus, erinomaiset leikkausominaisuudet, kaunis muotoilu, pitk\u00e4ik\u00e4inen ter\u00e4vyys. Damaskuster\u00e4ksess\u00e4 on yli&hellip;<\/p>\n","protected":false},"featured_media":60434,"template":"","meta":{"_themeisle_gutenberg_block_has_review":false},"product_brand":[],"product_cat":[453,459,452],"product_tag":[],"class_list":{"0":"post-60433","1":"product","2":"type-product","3":"status-publish","4":"has-post-thumbnail","6":"product_cat-metsastysveitset","7":"product_cat-premium-ja-exclusive-veitset","8":"product_cat-ulkoveitset","10":"first","11":"outofstock","12":"shipping-taxable","13":"purchasable","14":"product-type-simple"},"yoast_head":"<!-- This site is optimized with the Yoast SEO plugin v27.5 - https:\/\/yoast.com\/product\/yoast-seo-wordpress\/ -->\n<title>Veitsi &#039;&#039;LEUKU - BIG&#039;&#039;, k\u00e4sin taottu Damaskuster\u00e4ksest\u00e4 valmistettu kiinte\u00e4 ter\u00e4veitsi. - AAKnives<\/title>\n<meta name=\"robots\" content=\"index, follow, max-snippet:-1, max-image-preview:large, max-video-preview:-1\" \/>\n<link rel=\"canonical\" href=\"https:\/\/aaknives.eu\/fi\/product\/puukko-leuku-big-kasin-taottu-damaskusteraksesta-valmistettu-kiintea-terapuukko\/\" \/>\n<meta property=\"og:locale\" content=\"fi_FI\" \/>\n<meta property=\"og:type\" content=\"article\" \/>\n<meta property=\"og:title\" content=\"Veitsi &#039;&#039;LEUKU - BIG&#039;&#039;, k\u00e4sin taottu Damaskuster\u00e4ksest\u00e4 valmistettu kiinte\u00e4 ter\u00e4veitsi. - AAKnives\" \/>\n<meta property=\"og:description\" content=\"Veitsen tekniset tiedot: LEUKU &#8211; BIG Ter\u00e4s: K\u00e4sin taottu Damascus-ter\u00e4ksest\u00e4 valmistettu ter\u00e4. Kovuus: 60-62 HRC Ter\u00e4n pituus (mm): 222 \/ 8,74 tuumaa Ter\u00e4n paksuus (mm): 3 \/ 0,09 tuumaa Ter\u00e4n leveys (mm): 37 \/ 1,45 tuumaa Kahva: stabiloitu karjalan koivu Kokonaispituus (mm): 350 \/ 13,77 tuumaa K\u00e4sin taottu Damaskuster\u00e4s, joka on luotu paketista eri kovuus- ja viskositeetti\u00e4 olevia ter\u00e4ksi\u00e4, jotka taittuvat levyksi tietyss\u00e4 j\u00e4rjestyksess\u00e4. Seuraavaksi levy\u00e4 taotaan toistuvasti uudelleen, mink\u00e4 ansiosta muodostuu kerroksia ja ainutlaatuinen kuvio. Vaikea tekninen prosessi tehd\u00e4\u00e4n manuaalisesti. T\u00e4ll\u00e4 tavoin valmistetulle ter\u00e4kselle on ominaista: Lis\u00e4\u00e4ntynyt lujuus, korkea kovuus, erinomaiset leikkausominaisuudet, kaunis muotoilu, pitk\u00e4ik\u00e4inen ter\u00e4vyys. Damaskuster\u00e4ksess\u00e4 on yli&hellip;\" \/>\n<meta property=\"og:url\" content=\"https:\/\/aaknives.eu\/fi\/product\/puukko-leuku-big-kasin-taottu-damaskusteraksesta-valmistettu-kiintea-terapuukko\/\" \/>\n<meta property=\"og:site_name\" content=\"AAKnives\" \/>\n<meta property=\"article:publisher\" content=\"https:\/\/www.facebook.com\/aaknives.eu\/\" \/>\n<meta property=\"article:modified_time\" content=\"2024-10-02T15:14:18+00:00\" \/>\n<meta property=\"og:image\" content=\"https:\/\/aaknives.eu\/wp-content\/uploads\/2021\/10\/aaknives-hand-forged-dabascus-steel-blade-knife-handmade-custom-made-knife-handcrafted-knives-autinetools-northmen-8-1.jpg\" \/>\n\t<meta property=\"og:image:width\" content=\"800\" \/>\n\t<meta property=\"og:image:height\" content=\"600\" \/>\n\t<meta property=\"og:image:type\" content=\"image\/jpeg\" \/>\n<meta name=\"twitter:card\" content=\"summary_large_image\" \/>\n<meta name=\"twitter:label1\" content=\"Arvioitu lukuaika\" \/>\n\t<meta name=\"twitter:data1\" content=\"1 minuutti\" \/>\n<script type=\"application\/ld+json\" class=\"yoast-schema-graph\">{\"@context\":\"https:\\\/\\\/schema.org\",\"@graph\":[{\"@type\":\"WebPage\",\"@id\":\"https:\\\/\\\/aaknives.eu\\\/fi\\\/product\\\/puukko-leuku-big-kasin-taottu-damaskusteraksesta-valmistettu-kiintea-terapuukko\\\/\",\"url\":\"https:\\\/\\\/aaknives.eu\\\/fi\\\/product\\\/puukko-leuku-big-kasin-taottu-damaskusteraksesta-valmistettu-kiintea-terapuukko\\\/\",\"name\":\"Veitsi ''LEUKU - BIG'', k\u00e4sin taottu Damaskuster\u00e4ksest\u00e4 valmistettu kiinte\u00e4 ter\u00e4veitsi. - AAKnives\",\"isPartOf\":{\"@id\":\"https:\\\/\\\/aaknives.eu\\\/fi\\\/#website\"},\"primaryImageOfPage\":{\"@id\":\"https:\\\/\\\/aaknives.eu\\\/fi\\\/product\\\/puukko-leuku-big-kasin-taottu-damaskusteraksesta-valmistettu-kiintea-terapuukko\\\/#primaryimage\"},\"image\":{\"@id\":\"https:\\\/\\\/aaknives.eu\\\/fi\\\/product\\\/puukko-leuku-big-kasin-taottu-damaskusteraksesta-valmistettu-kiintea-terapuukko\\\/#primaryimage\"},\"thumbnailUrl\":\"https:\\\/\\\/aaknives.eu\\\/wp-content\\\/uploads\\\/2021\\\/10\\\/aaknives-hand-forged-dabascus-steel-blade-knife-handmade-custom-made-knife-handcrafted-knives-autinetools-northmen-8-1.jpg\",\"datePublished\":\"2020-11-09T19:37:28+00:00\",\"dateModified\":\"2024-10-02T15:14:18+00:00\",\"breadcrumb\":{\"@id\":\"https:\\\/\\\/aaknives.eu\\\/fi\\\/product\\\/puukko-leuku-big-kasin-taottu-damaskusteraksesta-valmistettu-kiintea-terapuukko\\\/#breadcrumb\"},\"inLanguage\":\"fi\",\"potentialAction\":[{\"@type\":\"ReadAction\",\"target\":[\"https:\\\/\\\/aaknives.eu\\\/fi\\\/product\\\/puukko-leuku-big-kasin-taottu-damaskusteraksesta-valmistettu-kiintea-terapuukko\\\/\"]}]},{\"@type\":\"ImageObject\",\"inLanguage\":\"fi\",\"@id\":\"https:\\\/\\\/aaknives.eu\\\/fi\\\/product\\\/puukko-leuku-big-kasin-taottu-damaskusteraksesta-valmistettu-kiintea-terapuukko\\\/#primaryimage\",\"url\":\"https:\\\/\\\/aaknives.eu\\\/wp-content\\\/uploads\\\/2021\\\/10\\\/aaknives-hand-forged-dabascus-steel-blade-knife-handmade-custom-made-knife-handcrafted-knives-autinetools-northmen-8-1.jpg\",\"contentUrl\":\"https:\\\/\\\/aaknives.eu\\\/wp-content\\\/uploads\\\/2021\\\/10\\\/aaknives-hand-forged-dabascus-steel-blade-knife-handmade-custom-made-knife-handcrafted-knives-autinetools-northmen-8-1.jpg\",\"width\":800,\"height\":600,\"caption\":\"aaknives-hand-forged-dabascus-steel-blade-knife-handmade-custom-made-knife-handcrafted-knives-autinetools-northmen-8-1\"},{\"@type\":\"BreadcrumbList\",\"@id\":\"https:\\\/\\\/aaknives.eu\\\/fi\\\/product\\\/puukko-leuku-big-kasin-taottu-damaskusteraksesta-valmistettu-kiintea-terapuukko\\\/#breadcrumb\",\"itemListElement\":[{\"@type\":\"ListItem\",\"position\":1,\"name\":\"Home\",\"item\":\"https:\\\/\\\/aaknives.eu\\\/fi\\\/\"},{\"@type\":\"ListItem\",\"position\":2,\"name\":\"Kauppa\",\"item\":\"https:\\\/\\\/aaknives.eu\\\/kauppa\\\/\"},{\"@type\":\"ListItem\",\"position\":3,\"name\":\"Veitsi &#8221;LEUKU &#8211; BIG&#8221;, k\u00e4sin taottu Damaskuster\u00e4ksest\u00e4 valmistettu kiinte\u00e4 ter\u00e4veitsi.\"}]},{\"@type\":\"WebSite\",\"@id\":\"https:\\\/\\\/aaknives.eu\\\/fi\\\/#website\",\"url\":\"https:\\\/\\\/aaknives.eu\\\/fi\\\/\",\"name\":\"AAKnives\",\"description\":\"Handmade knives\",\"publisher\":{\"@id\":\"https:\\\/\\\/aaknives.eu\\\/fi\\\/#organization\"},\"potentialAction\":[{\"@type\":\"SearchAction\",\"target\":{\"@type\":\"EntryPoint\",\"urlTemplate\":\"https:\\\/\\\/aaknives.eu\\\/fi\\\/?s={search_term_string}\"},\"query-input\":{\"@type\":\"PropertyValueSpecification\",\"valueRequired\":true,\"valueName\":\"search_term_string\"}}],\"inLanguage\":\"fi\"},{\"@type\":\"Organization\",\"@id\":\"https:\\\/\\\/aaknives.eu\\\/fi\\\/#organization\",\"name\":\"AAKnives\",\"url\":\"https:\\\/\\\/aaknives.eu\\\/fi\\\/\",\"logo\":{\"@type\":\"ImageObject\",\"inLanguage\":\"fi\",\"@id\":\"https:\\\/\\\/aaknives.eu\\\/fi\\\/#\\\/schema\\\/logo\\\/image\\\/\",\"url\":\"https:\\\/\\\/aaknives.eu\\\/wp-content\\\/uploads\\\/2021\\\/10\\\/AAknives_Logo_Green.png\",\"contentUrl\":\"https:\\\/\\\/aaknives.eu\\\/wp-content\\\/uploads\\\/2021\\\/10\\\/AAknives_Logo_Green.png\",\"width\":1768,\"height\":1768,\"caption\":\"AAKnives\"},\"image\":{\"@id\":\"https:\\\/\\\/aaknives.eu\\\/fi\\\/#\\\/schema\\\/logo\\\/image\\\/\"},\"sameAs\":[\"https:\\\/\\\/www.facebook.com\\\/aaknives.eu\\\/\",\"https:\\\/\\\/www.instagram.com\\\/aaknives\\\/\",\"https:\\\/\\\/www.pinterest.com\\\/aa_knives\\\/\",\"https:\\\/\\\/www.youtube.com\\\/channel\\\/UCHOQFjrOkgT6s4FIw9LDKyw\\\/featured\"]}]}<\/script>\n<!-- \/ Yoast SEO plugin. -->","yoast_head_json":{"title":"Veitsi ''LEUKU - BIG'', k\u00e4sin taottu Damaskuster\u00e4ksest\u00e4 valmistettu kiinte\u00e4 ter\u00e4veitsi. - AAKnives","robots":{"index":"index","follow":"follow","max-snippet":"max-snippet:-1","max-image-preview":"max-image-preview:large","max-video-preview":"max-video-preview:-1"},"canonical":"https:\/\/aaknives.eu\/fi\/product\/puukko-leuku-big-kasin-taottu-damaskusteraksesta-valmistettu-kiintea-terapuukko\/","og_locale":"fi_FI","og_type":"article","og_title":"Veitsi ''LEUKU - BIG'', k\u00e4sin taottu Damaskuster\u00e4ksest\u00e4 valmistettu kiinte\u00e4 ter\u00e4veitsi. - AAKnives","og_description":"Veitsen tekniset tiedot: LEUKU &#8211; BIG Ter\u00e4s: K\u00e4sin taottu Damascus-ter\u00e4ksest\u00e4 valmistettu ter\u00e4. Kovuus: 60-62 HRC Ter\u00e4n pituus (mm): 222 \/ 8,74 tuumaa Ter\u00e4n paksuus (mm): 3 \/ 0,09 tuumaa Ter\u00e4n leveys (mm): 37 \/ 1,45 tuumaa Kahva: stabiloitu karjalan koivu Kokonaispituus (mm): 350 \/ 13,77 tuumaa K\u00e4sin taottu Damaskuster\u00e4s, joka on luotu paketista eri kovuus- ja viskositeetti\u00e4 olevia ter\u00e4ksi\u00e4, jotka taittuvat levyksi tietyss\u00e4 j\u00e4rjestyksess\u00e4. Seuraavaksi levy\u00e4 taotaan toistuvasti uudelleen, mink\u00e4 ansiosta muodostuu kerroksia ja ainutlaatuinen kuvio. Vaikea tekninen prosessi tehd\u00e4\u00e4n manuaalisesti. T\u00e4ll\u00e4 tavoin valmistetulle ter\u00e4kselle on ominaista: Lis\u00e4\u00e4ntynyt lujuus, korkea kovuus, erinomaiset leikkausominaisuudet, kaunis muotoilu, pitk\u00e4ik\u00e4inen ter\u00e4vyys. Damaskuster\u00e4ksess\u00e4 on yli&hellip;","og_url":"https:\/\/aaknives.eu\/fi\/product\/puukko-leuku-big-kasin-taottu-damaskusteraksesta-valmistettu-kiintea-terapuukko\/","og_site_name":"AAKnives","article_publisher":"https:\/\/www.facebook.com\/aaknives.eu\/","article_modified_time":"2024-10-02T15:14:18+00:00","og_image":[{"width":800,"height":600,"url":"https:\/\/aaknives.eu\/wp-content\/uploads\/2021\/10\/aaknives-hand-forged-dabascus-steel-blade-knife-handmade-custom-made-knife-handcrafted-knives-autinetools-northmen-8-1.jpg","type":"image\/jpeg"}],"twitter_card":"summary_large_image","twitter_misc":{"Arvioitu lukuaika":"1 minuutti"},"schema":{"@context":"https:\/\/schema.org","@graph":[{"@type":"WebPage","@id":"https:\/\/aaknives.eu\/fi\/product\/puukko-leuku-big-kasin-taottu-damaskusteraksesta-valmistettu-kiintea-terapuukko\/","url":"https:\/\/aaknives.eu\/fi\/product\/puukko-leuku-big-kasin-taottu-damaskusteraksesta-valmistettu-kiintea-terapuukko\/","name":"Veitsi ''LEUKU - BIG'', k\u00e4sin taottu Damaskuster\u00e4ksest\u00e4 valmistettu kiinte\u00e4 ter\u00e4veitsi. - AAKnives","isPartOf":{"@id":"https:\/\/aaknives.eu\/fi\/#website"},"primaryImageOfPage":{"@id":"https:\/\/aaknives.eu\/fi\/product\/puukko-leuku-big-kasin-taottu-damaskusteraksesta-valmistettu-kiintea-terapuukko\/#primaryimage"},"image":{"@id":"https:\/\/aaknives.eu\/fi\/product\/puukko-leuku-big-kasin-taottu-damaskusteraksesta-valmistettu-kiintea-terapuukko\/#primaryimage"},"thumbnailUrl":"https:\/\/aaknives.eu\/wp-content\/uploads\/2021\/10\/aaknives-hand-forged-dabascus-steel-blade-knife-handmade-custom-made-knife-handcrafted-knives-autinetools-northmen-8-1.jpg","datePublished":"2020-11-09T19:37:28+00:00","dateModified":"2024-10-02T15:14:18+00:00","breadcrumb":{"@id":"https:\/\/aaknives.eu\/fi\/product\/puukko-leuku-big-kasin-taottu-damaskusteraksesta-valmistettu-kiintea-terapuukko\/#breadcrumb"},"inLanguage":"fi","potentialAction":[{"@type":"ReadAction","target":["https:\/\/aaknives.eu\/fi\/product\/puukko-leuku-big-kasin-taottu-damaskusteraksesta-valmistettu-kiintea-terapuukko\/"]}]},{"@type":"ImageObject","inLanguage":"fi","@id":"https:\/\/aaknives.eu\/fi\/product\/puukko-leuku-big-kasin-taottu-damaskusteraksesta-valmistettu-kiintea-terapuukko\/#primaryimage","url":"https:\/\/aaknives.eu\/wp-content\/uploads\/2021\/10\/aaknives-hand-forged-dabascus-steel-blade-knife-handmade-custom-made-knife-handcrafted-knives-autinetools-northmen-8-1.jpg","contentUrl":"https:\/\/aaknives.eu\/wp-content\/uploads\/2021\/10\/aaknives-hand-forged-dabascus-steel-blade-knife-handmade-custom-made-knife-handcrafted-knives-autinetools-northmen-8-1.jpg","width":800,"height":600,"caption":"aaknives-hand-forged-dabascus-steel-blade-knife-handmade-custom-made-knife-handcrafted-knives-autinetools-northmen-8-1"},{"@type":"BreadcrumbList","@id":"https:\/\/aaknives.eu\/fi\/product\/puukko-leuku-big-kasin-taottu-damaskusteraksesta-valmistettu-kiintea-terapuukko\/#breadcrumb","itemListElement":[{"@type":"ListItem","position":1,"name":"Home","item":"https:\/\/aaknives.eu\/fi\/"},{"@type":"ListItem","position":2,"name":"Kauppa","item":"https:\/\/aaknives.eu\/kauppa\/"},{"@type":"ListItem","position":3,"name":"Veitsi &#8221;LEUKU &#8211; BIG&#8221;, k\u00e4sin taottu Damaskuster\u00e4ksest\u00e4 valmistettu kiinte\u00e4 ter\u00e4veitsi."}]},{"@type":"WebSite","@id":"https:\/\/aaknives.eu\/fi\/#website","url":"https:\/\/aaknives.eu\/fi\/","name":"AAKnives","description":"Handmade knives","publisher":{"@id":"https:\/\/aaknives.eu\/fi\/#organization"},"potentialAction":[{"@type":"SearchAction","target":{"@type":"EntryPoint","urlTemplate":"https:\/\/aaknives.eu\/fi\/?s={search_term_string}"},"query-input":{"@type":"PropertyValueSpecification","valueRequired":true,"valueName":"search_term_string"}}],"inLanguage":"fi"},{"@type":"Organization","@id":"https:\/\/aaknives.eu\/fi\/#organization","name":"AAKnives","url":"https:\/\/aaknives.eu\/fi\/","logo":{"@type":"ImageObject","inLanguage":"fi","@id":"https:\/\/aaknives.eu\/fi\/#\/schema\/logo\/image\/","url":"https:\/\/aaknives.eu\/wp-content\/uploads\/2021\/10\/AAknives_Logo_Green.png","contentUrl":"https:\/\/aaknives.eu\/wp-content\/uploads\/2021\/10\/AAknives_Logo_Green.png","width":1768,"height":1768,"caption":"AAKnives"},"image":{"@id":"https:\/\/aaknives.eu\/fi\/#\/schema\/logo\/image\/"},"sameAs":["https:\/\/www.facebook.com\/aaknives.eu\/","https:\/\/www.instagram.com\/aaknives\/","https:\/\/www.pinterest.com\/aa_knives\/","https:\/\/www.youtube.com\/channel\/UCHOQFjrOkgT6s4FIw9LDKyw\/featured"]}]}},"_links":{"self":[{"href":"https:\/\/aaknives.eu\/fi\/wp-json\/wp\/v2\/product\/60433","targetHints":{"allow":["GET"]}}],"collection":[{"href":"https:\/\/aaknives.eu\/fi\/wp-json\/wp\/v2\/product"}],"about":[{"href":"https:\/\/aaknives.eu\/fi\/wp-json\/wp\/v2\/types\/product"}],"wp:featuredmedia":[{"embeddable":true,"href":"https:\/\/aaknives.eu\/fi\/wp-json\/wp\/v2\/media\/60434"}],"wp:attachment":[{"href":"https:\/\/aaknives.eu\/fi\/wp-json\/wp\/v2\/media?parent=60433"}],"wp:term":[{"taxonomy":"product_brand","embeddable":true,"href":"https:\/\/aaknives.eu\/fi\/wp-json\/wp\/v2\/product_brand?post=60433"},{"taxonomy":"product_cat","embeddable":true,"href":"https:\/\/aaknives.eu\/fi\/wp-json\/wp\/v2\/product_cat?post=60433"},{"taxonomy":"product_tag","embeddable":true,"href":"https:\/\/aaknives.eu\/fi\/wp-json\/wp\/v2\/product_tag?post=60433"}],"curies":[{"name":"wp","href":"https:\/\/api.w.org\/{rel}","templated":true}]}}