{"id":60649,"date":"2021-09-20T20:50:12","date_gmt":"2021-09-20T20:50:12","guid":{"rendered":"https:\/\/aaknives.eu\/product\/suomalainen-veitsi-kasin-taottu-ruostumaton-teras-n695\/"},"modified":"2021-09-20T20:50:12","modified_gmt":"2021-09-20T20:50:12","slug":"suomalainen-veitsi-kasin-taottu-ruostumaton-teras-n695","status":"publish","type":"product","link":"https:\/\/aaknives.eu\/fi\/product\/suomalainen-veitsi-kasin-taottu-ruostumaton-teras-n695\/","title":{"rendered":"Suomalainen veitsi &#8211; k\u00e4sin taottu ruostumaton ter\u00e4s N695"},"content":{"rendered":"<p>Ter\u00e4s: k\u00e4sin taottu ruostumaton ter\u00e4s N695<br \/>\nKovuus: 59 HRC<br \/>\nTer\u00e4n pituus (mm): Ter\u00e4n pituus: 115 \/ 4,52 tuumaa<br \/>\nTer\u00e4n paksuus (mm): 1 \/ 0,03 tuumaa<br \/>\nTer\u00e4n leveys (mm): 19 \/ 0,74 tuumaa<br \/>\nKahva: karjalan koivu<br \/>\nKokonaispituus (mm): 233 \/ 9,17 tuumaa<\/p>\n<p>Custom veitsi, k\u00e4sintehty veitsi, k\u00e4sin taottu veitsi, k\u00e4sin taottu ter\u00e4<\/p>\n","protected":false},"excerpt":{"rendered":"<p>Ter\u00e4s: k\u00e4sin taottu ruostumaton ter\u00e4s N695 Kovuus: 59 HRC Ter\u00e4n pituus (mm): Ter\u00e4n pituus: 115 \/ 4,52 tuumaa Ter\u00e4n paksuus (mm): 1 \/ 0,03 tuumaa Ter\u00e4n leveys (mm): 19 \/ 0,74 tuumaa Kahva: karjalan koivu Kokonaispituus (mm): 233 \/ 9,17 tuumaa Custom veitsi, k\u00e4sintehty veitsi, k\u00e4sin taottu veitsi, k\u00e4sin taottu ter\u00e4<\/p>\n","protected":false},"featured_media":60650,"template":"","meta":{"_themeisle_gutenberg_block_has_review":false},"product_brand":[],"product_cat":[456,453,452],"product_tag":[],"class_list":{"0":"post-60649","1":"product","2":"type-product","3":"status-publish","4":"has-post-thumbnail","6":"product_cat-kalastusveitset","7":"product_cat-metsastysveitset","8":"product_cat-ulkoveitset","10":"first","11":"instock","12":"shipping-taxable","13":"purchasable","14":"product-type-simple"},"yoast_head":"<!-- This site is optimized with the Yoast SEO plugin v27.3 - https:\/\/yoast.com\/product\/yoast-seo-wordpress\/ -->\n<title>Suomalainen veitsi - k\u00e4sin taottu ruostumaton ter\u00e4s N695 - AAKnives<\/title>\n<meta name=\"description\" content=\"Suomalainen veitsi - k\u00e4sin taottu ruostumaton ter\u00e4s N695\" \/>\n<meta name=\"robots\" content=\"index, follow, max-snippet:-1, max-image-preview:large, max-video-preview:-1\" \/>\n<link rel=\"canonical\" href=\"https:\/\/aaknives.eu\/fi\/product\/suomalainen-veitsi-kasin-taottu-ruostumaton-teras-n695\/\" \/>\n<meta property=\"og:locale\" content=\"fi_FI\" \/>\n<meta property=\"og:type\" content=\"article\" \/>\n<meta property=\"og:title\" content=\"Suomalainen veitsi - k\u00e4sin taottu ruostumaton ter\u00e4s N695 - AAKnives\" \/>\n<meta property=\"og:description\" content=\"Suomalainen veitsi - k\u00e4sin taottu ruostumaton ter\u00e4s N695\" \/>\n<meta property=\"og:url\" content=\"https:\/\/aaknives.eu\/fi\/product\/suomalainen-veitsi-kasin-taottu-ruostumaton-teras-n695\/\" \/>\n<meta property=\"og:site_name\" content=\"AAKnives\" \/>\n<meta property=\"article:publisher\" content=\"https:\/\/www.facebook.com\/aaknives.eu\/\" \/>\n<meta property=\"og:image\" content=\"https:\/\/aaknives.eu\/wp-content\/uploads\/2021\/09\/aaknives-hand-forged-dabascus-steel-blade-knife-handmade-custom-made-knife-handcrafted-knives-autinetools-northmen-2-1-17.jpg\" \/>\n\t<meta property=\"og:image:width\" content=\"800\" \/>\n\t<meta property=\"og:image:height\" content=\"600\" \/>\n\t<meta property=\"og:image:type\" content=\"image\/jpeg\" \/>\n<meta name=\"twitter:card\" content=\"summary_large_image\" \/>\n<script type=\"application\/ld+json\" class=\"yoast-schema-graph\">{\"@context\":\"https:\\\/\\\/schema.org\",\"@graph\":[{\"@type\":\"WebPage\",\"@id\":\"https:\\\/\\\/aaknives.eu\\\/fi\\\/product\\\/suomalainen-veitsi-kasin-taottu-ruostumaton-teras-n695\\\/\",\"url\":\"https:\\\/\\\/aaknives.eu\\\/fi\\\/product\\\/suomalainen-veitsi-kasin-taottu-ruostumaton-teras-n695\\\/\",\"name\":\"Suomalainen veitsi - k\u00e4sin taottu ruostumaton ter\u00e4s N695 - AAKnives\",\"isPartOf\":{\"@id\":\"https:\\\/\\\/aaknives.eu\\\/fi\\\/#website\"},\"primaryImageOfPage\":{\"@id\":\"https:\\\/\\\/aaknives.eu\\\/fi\\\/product\\\/suomalainen-veitsi-kasin-taottu-ruostumaton-teras-n695\\\/#primaryimage\"},\"image\":{\"@id\":\"https:\\\/\\\/aaknives.eu\\\/fi\\\/product\\\/suomalainen-veitsi-kasin-taottu-ruostumaton-teras-n695\\\/#primaryimage\"},\"thumbnailUrl\":\"https:\\\/\\\/aaknives.eu\\\/wp-content\\\/uploads\\\/2021\\\/09\\\/aaknives-hand-forged-dabascus-steel-blade-knife-handmade-custom-made-knife-handcrafted-knives-autinetools-northmen-2-1-17.jpg\",\"datePublished\":\"2021-09-20T20:50:12+00:00\",\"description\":\"Suomalainen veitsi - k\u00e4sin taottu ruostumaton ter\u00e4s N695\",\"breadcrumb\":{\"@id\":\"https:\\\/\\\/aaknives.eu\\\/fi\\\/product\\\/suomalainen-veitsi-kasin-taottu-ruostumaton-teras-n695\\\/#breadcrumb\"},\"inLanguage\":\"fi\",\"potentialAction\":[{\"@type\":\"ReadAction\",\"target\":[\"https:\\\/\\\/aaknives.eu\\\/fi\\\/product\\\/suomalainen-veitsi-kasin-taottu-ruostumaton-teras-n695\\\/\"]}]},{\"@type\":\"ImageObject\",\"inLanguage\":\"fi\",\"@id\":\"https:\\\/\\\/aaknives.eu\\\/fi\\\/product\\\/suomalainen-veitsi-kasin-taottu-ruostumaton-teras-n695\\\/#primaryimage\",\"url\":\"https:\\\/\\\/aaknives.eu\\\/wp-content\\\/uploads\\\/2021\\\/09\\\/aaknives-hand-forged-dabascus-steel-blade-knife-handmade-custom-made-knife-handcrafted-knives-autinetools-northmen-2-1-17.jpg\",\"contentUrl\":\"https:\\\/\\\/aaknives.eu\\\/wp-content\\\/uploads\\\/2021\\\/09\\\/aaknives-hand-forged-dabascus-steel-blade-knife-handmade-custom-made-knife-handcrafted-knives-autinetools-northmen-2-1-17.jpg\",\"width\":800,\"height\":600,\"caption\":\"aaknives-hand-forged-dabascus-steel-blade-knife-handmade-custom-made-knife-handcrafted-knives-autinetools-northmen-2-1-17\"},{\"@type\":\"BreadcrumbList\",\"@id\":\"https:\\\/\\\/aaknives.eu\\\/fi\\\/product\\\/suomalainen-veitsi-kasin-taottu-ruostumaton-teras-n695\\\/#breadcrumb\",\"itemListElement\":[{\"@type\":\"ListItem\",\"position\":1,\"name\":\"Home\",\"item\":\"https:\\\/\\\/aaknives.eu\\\/fi\\\/\"},{\"@type\":\"ListItem\",\"position\":2,\"name\":\"Kauppa\",\"item\":\"https:\\\/\\\/aaknives.eu\\\/kauppa\\\/\"},{\"@type\":\"ListItem\",\"position\":3,\"name\":\"Suomalainen veitsi &#8211; k\u00e4sin taottu ruostumaton ter\u00e4s N695\"}]},{\"@type\":\"WebSite\",\"@id\":\"https:\\\/\\\/aaknives.eu\\\/fi\\\/#website\",\"url\":\"https:\\\/\\\/aaknives.eu\\\/fi\\\/\",\"name\":\"AAKnives\",\"description\":\"Handmade knives\",\"publisher\":{\"@id\":\"https:\\\/\\\/aaknives.eu\\\/fi\\\/#organization\"},\"potentialAction\":[{\"@type\":\"SearchAction\",\"target\":{\"@type\":\"EntryPoint\",\"urlTemplate\":\"https:\\\/\\\/aaknives.eu\\\/fi\\\/?s={search_term_string}\"},\"query-input\":{\"@type\":\"PropertyValueSpecification\",\"valueRequired\":true,\"valueName\":\"search_term_string\"}}],\"inLanguage\":\"fi\"},{\"@type\":\"Organization\",\"@id\":\"https:\\\/\\\/aaknives.eu\\\/fi\\\/#organization\",\"name\":\"AAKnives\",\"url\":\"https:\\\/\\\/aaknives.eu\\\/fi\\\/\",\"logo\":{\"@type\":\"ImageObject\",\"inLanguage\":\"fi\",\"@id\":\"https:\\\/\\\/aaknives.eu\\\/fi\\\/#\\\/schema\\\/logo\\\/image\\\/\",\"url\":\"https:\\\/\\\/aaknives.eu\\\/wp-content\\\/uploads\\\/2021\\\/10\\\/AAknives_Logo_Green.png\",\"contentUrl\":\"https:\\\/\\\/aaknives.eu\\\/wp-content\\\/uploads\\\/2021\\\/10\\\/AAknives_Logo_Green.png\",\"width\":1768,\"height\":1768,\"caption\":\"AAKnives\"},\"image\":{\"@id\":\"https:\\\/\\\/aaknives.eu\\\/fi\\\/#\\\/schema\\\/logo\\\/image\\\/\"},\"sameAs\":[\"https:\\\/\\\/www.facebook.com\\\/aaknives.eu\\\/\",\"https:\\\/\\\/www.instagram.com\\\/aaknives\\\/\",\"https:\\\/\\\/www.pinterest.com\\\/aa_knives\\\/\",\"https:\\\/\\\/www.youtube.com\\\/channel\\\/UCHOQFjrOkgT6s4FIw9LDKyw\\\/featured\"]}]}<\/script>\n<!-- \/ Yoast SEO plugin. -->","yoast_head_json":{"title":"Suomalainen veitsi - k\u00e4sin taottu ruostumaton ter\u00e4s N695 - AAKnives","description":"Suomalainen veitsi - k\u00e4sin taottu ruostumaton ter\u00e4s N695","robots":{"index":"index","follow":"follow","max-snippet":"max-snippet:-1","max-image-preview":"max-image-preview:large","max-video-preview":"max-video-preview:-1"},"canonical":"https:\/\/aaknives.eu\/fi\/product\/suomalainen-veitsi-kasin-taottu-ruostumaton-teras-n695\/","og_locale":"fi_FI","og_type":"article","og_title":"Suomalainen veitsi - k\u00e4sin taottu ruostumaton ter\u00e4s N695 - AAKnives","og_description":"Suomalainen veitsi - k\u00e4sin taottu ruostumaton ter\u00e4s N695","og_url":"https:\/\/aaknives.eu\/fi\/product\/suomalainen-veitsi-kasin-taottu-ruostumaton-teras-n695\/","og_site_name":"AAKnives","article_publisher":"https:\/\/www.facebook.com\/aaknives.eu\/","og_image":[{"width":800,"height":600,"url":"https:\/\/aaknives.eu\/wp-content\/uploads\/2021\/09\/aaknives-hand-forged-dabascus-steel-blade-knife-handmade-custom-made-knife-handcrafted-knives-autinetools-northmen-2-1-17.jpg","type":"image\/jpeg"}],"twitter_card":"summary_large_image","schema":{"@context":"https:\/\/schema.org","@graph":[{"@type":"WebPage","@id":"https:\/\/aaknives.eu\/fi\/product\/suomalainen-veitsi-kasin-taottu-ruostumaton-teras-n695\/","url":"https:\/\/aaknives.eu\/fi\/product\/suomalainen-veitsi-kasin-taottu-ruostumaton-teras-n695\/","name":"Suomalainen veitsi - k\u00e4sin taottu ruostumaton ter\u00e4s N695 - AAKnives","isPartOf":{"@id":"https:\/\/aaknives.eu\/fi\/#website"},"primaryImageOfPage":{"@id":"https:\/\/aaknives.eu\/fi\/product\/suomalainen-veitsi-kasin-taottu-ruostumaton-teras-n695\/#primaryimage"},"image":{"@id":"https:\/\/aaknives.eu\/fi\/product\/suomalainen-veitsi-kasin-taottu-ruostumaton-teras-n695\/#primaryimage"},"thumbnailUrl":"https:\/\/aaknives.eu\/wp-content\/uploads\/2021\/09\/aaknives-hand-forged-dabascus-steel-blade-knife-handmade-custom-made-knife-handcrafted-knives-autinetools-northmen-2-1-17.jpg","datePublished":"2021-09-20T20:50:12+00:00","description":"Suomalainen veitsi - k\u00e4sin taottu ruostumaton ter\u00e4s N695","breadcrumb":{"@id":"https:\/\/aaknives.eu\/fi\/product\/suomalainen-veitsi-kasin-taottu-ruostumaton-teras-n695\/#breadcrumb"},"inLanguage":"fi","potentialAction":[{"@type":"ReadAction","target":["https:\/\/aaknives.eu\/fi\/product\/suomalainen-veitsi-kasin-taottu-ruostumaton-teras-n695\/"]}]},{"@type":"ImageObject","inLanguage":"fi","@id":"https:\/\/aaknives.eu\/fi\/product\/suomalainen-veitsi-kasin-taottu-ruostumaton-teras-n695\/#primaryimage","url":"https:\/\/aaknives.eu\/wp-content\/uploads\/2021\/09\/aaknives-hand-forged-dabascus-steel-blade-knife-handmade-custom-made-knife-handcrafted-knives-autinetools-northmen-2-1-17.jpg","contentUrl":"https:\/\/aaknives.eu\/wp-content\/uploads\/2021\/09\/aaknives-hand-forged-dabascus-steel-blade-knife-handmade-custom-made-knife-handcrafted-knives-autinetools-northmen-2-1-17.jpg","width":800,"height":600,"caption":"aaknives-hand-forged-dabascus-steel-blade-knife-handmade-custom-made-knife-handcrafted-knives-autinetools-northmen-2-1-17"},{"@type":"BreadcrumbList","@id":"https:\/\/aaknives.eu\/fi\/product\/suomalainen-veitsi-kasin-taottu-ruostumaton-teras-n695\/#breadcrumb","itemListElement":[{"@type":"ListItem","position":1,"name":"Home","item":"https:\/\/aaknives.eu\/fi\/"},{"@type":"ListItem","position":2,"name":"Kauppa","item":"https:\/\/aaknives.eu\/kauppa\/"},{"@type":"ListItem","position":3,"name":"Suomalainen veitsi &#8211; k\u00e4sin taottu ruostumaton ter\u00e4s N695"}]},{"@type":"WebSite","@id":"https:\/\/aaknives.eu\/fi\/#website","url":"https:\/\/aaknives.eu\/fi\/","name":"AAKnives","description":"Handmade knives","publisher":{"@id":"https:\/\/aaknives.eu\/fi\/#organization"},"potentialAction":[{"@type":"SearchAction","target":{"@type":"EntryPoint","urlTemplate":"https:\/\/aaknives.eu\/fi\/?s={search_term_string}"},"query-input":{"@type":"PropertyValueSpecification","valueRequired":true,"valueName":"search_term_string"}}],"inLanguage":"fi"},{"@type":"Organization","@id":"https:\/\/aaknives.eu\/fi\/#organization","name":"AAKnives","url":"https:\/\/aaknives.eu\/fi\/","logo":{"@type":"ImageObject","inLanguage":"fi","@id":"https:\/\/aaknives.eu\/fi\/#\/schema\/logo\/image\/","url":"https:\/\/aaknives.eu\/wp-content\/uploads\/2021\/10\/AAknives_Logo_Green.png","contentUrl":"https:\/\/aaknives.eu\/wp-content\/uploads\/2021\/10\/AAknives_Logo_Green.png","width":1768,"height":1768,"caption":"AAKnives"},"image":{"@id":"https:\/\/aaknives.eu\/fi\/#\/schema\/logo\/image\/"},"sameAs":["https:\/\/www.facebook.com\/aaknives.eu\/","https:\/\/www.instagram.com\/aaknives\/","https:\/\/www.pinterest.com\/aa_knives\/","https:\/\/www.youtube.com\/channel\/UCHOQFjrOkgT6s4FIw9LDKyw\/featured"]}]}},"_links":{"self":[{"href":"https:\/\/aaknives.eu\/fi\/wp-json\/wp\/v2\/product\/60649","targetHints":{"allow":["GET"]}}],"collection":[{"href":"https:\/\/aaknives.eu\/fi\/wp-json\/wp\/v2\/product"}],"about":[{"href":"https:\/\/aaknives.eu\/fi\/wp-json\/wp\/v2\/types\/product"}],"wp:featuredmedia":[{"embeddable":true,"href":"https:\/\/aaknives.eu\/fi\/wp-json\/wp\/v2\/media\/60650"}],"wp:attachment":[{"href":"https:\/\/aaknives.eu\/fi\/wp-json\/wp\/v2\/media?parent=60649"}],"wp:term":[{"taxonomy":"product_brand","embeddable":true,"href":"https:\/\/aaknives.eu\/fi\/wp-json\/wp\/v2\/product_brand?post=60649"},{"taxonomy":"product_cat","embeddable":true,"href":"https:\/\/aaknives.eu\/fi\/wp-json\/wp\/v2\/product_cat?post=60649"},{"taxonomy":"product_tag","embeddable":true,"href":"https:\/\/aaknives.eu\/fi\/wp-json\/wp\/v2\/product_tag?post=60649"}],"curies":[{"name":"wp","href":"https:\/\/api.w.org\/{rel}","templated":true}]}}