{"id":60699,"date":"2021-09-20T20:48:56","date_gmt":"2021-09-20T20:48:56","guid":{"rendered":"https:\/\/aaknives.eu\/product\/veitsi-hook-bulat-wootz-teras-karjalan-koivukahva\/"},"modified":"2026-04-28T17:38:28","modified_gmt":"2026-04-28T17:38:28","slug":"veitsi-tusk-bulat-wootz-teras-kahva-karjalankoivua","status":"publish","type":"product","link":"https:\/\/aaknives.eu\/fi\/product\/veitsi-tusk-bulat-wootz-teras-kahva-karjalankoivua\/","title":{"rendered":"Veitsi &#8221;TUSK&#8221; (Bulat &#8211; Wootz-ter\u00e4s), kahva karjalankoivua"},"content":{"rendered":"<p>Veitsen tekniset tiedot: &#8221;TUSK&#8221;.<br \/>\nTer\u00e4s: Bulat (Wootz-ter\u00e4s)<br \/>\nKovuus: 61-63 HRC<br \/>\nTer\u00e4n pituus (mm): 117 \/ 4,60 tuumaa<br \/>\nTer\u00e4n paksuus (mm): 3 \/ 0,11 tuumaa<br \/>\nTer\u00e4n leveys (mm): 29 \/ 1,14 tuumaa<br \/>\nKahva: Stabiloitu karjalankoivu<br \/>\nKokonaispituus (mm): 245 \/ 9,64 tuumaa<br \/>\nVeitsen tyyppi: mets\u00e4stys, ulkoilu<br \/>\nPakkaus: veitsi, nahkatuppi<\/p>\n<p>Bulat \u2013 Wootz Steel<br \/>\nValettu hiili k\u00e4sin taottu ter\u00e4s<br \/>\nErityinen ter\u00e4rakenne, korkea kovuus, lis\u00e4\u00e4ntynyt kest\u00e4vyys ja joustavuus.<br \/>\nJokaisella Bulat-ter\u00e4ster\u00e4ll\u00e4 on erottuva yksil\u00f6llinen kuvio.<br \/>\n&#8216;AA-veitset&#8217; valmistaa veitsi\u00e4, jotka on valmistettu seostetusta upokkaan Bulat-ter\u00e4ksest\u00e4, joka perustuu metalliin H12MF ja ShH15.<br \/>\nBulat-ter\u00e4sveitsien edut:<br \/>\nKorkea kovuus<br \/>\nLis\u00e4\u00e4ntynyt kest\u00e4vyys<br \/>\nElastisuus<br \/>\nPitk\u00e4kestoinen ter\u00e4vyys<br \/>\nTer\u00e4n kovuus 62-64 HRC.<br \/>\nK\u00e4sintehty<\/p>\n","protected":false},"excerpt":{"rendered":"<p>Veitsen tekniset tiedot: &#8221;TUSK&#8221;. Ter\u00e4s: Bulat (Wootz-ter\u00e4s) Kovuus: 61-63 HRC Ter\u00e4n pituus (mm): 117 \/ 4,60 tuumaa Ter\u00e4n paksuus (mm): 3 \/ 0,11 tuumaa Ter\u00e4n leveys (mm): 29 \/ 1,14 tuumaa Kahva: Stabiloitu karjalankoivu Kokonaispituus (mm): 245 \/ 9,64 tuumaa Veitsen tyyppi: mets\u00e4stys, ulkoilu Pakkaus: veitsi, nahkatuppi Bulat \u2013 Wootz Steel Valettu hiili k\u00e4sin taottu ter\u00e4s Erityinen ter\u00e4rakenne, korkea kovuus, lis\u00e4\u00e4ntynyt kest\u00e4vyys ja joustavuus. Jokaisella Bulat-ter\u00e4ster\u00e4ll\u00e4 on erottuva yksil\u00f6llinen kuvio. &#8216;AA-veitset&#8217; valmistaa veitsi\u00e4, jotka on valmistettu seostetusta upokkaan Bulat-ter\u00e4ksest\u00e4, joka perustuu metalliin H12MF ja ShH15. Bulat-ter\u00e4sveitsien edut: Korkea kovuus Lis\u00e4\u00e4ntynyt kest\u00e4vyys Elastisuus Pitk\u00e4kestoinen ter\u00e4vyys Ter\u00e4n kovuus 62-64 HRC. K\u00e4sintehty<\/p>\n","protected":false},"featured_media":109064,"template":"","meta":{"_themeisle_gutenberg_block_has_review":false},"product_brand":[],"product_cat":[453],"product_tag":[],"class_list":{"0":"post-60699","1":"product","2":"type-product","3":"status-publish","4":"has-post-thumbnail","6":"product_cat-metsastysveitset","8":"first","9":"instock","10":"shipping-taxable","11":"purchasable","12":"product-type-simple"},"yoast_head":"<!-- This site is optimized with the Yoast SEO plugin v27.5 - https:\/\/yoast.com\/product\/yoast-seo-wordpress\/ -->\n<title>Veitsi &#039;&#039;TUSK&quot; (Bulat - Wootz-ter\u00e4s), kahva karjalankoivua - AAKnives<\/title>\n<meta name=\"description\" content=\"Bulat \u2013 Wootz Steel Valettu hiilik\u00e4sin taottu ter\u00e4s, jossa on erityinen ter\u00e4rakenne, korkea kovuus, lis\u00e4\u00e4ntynyt kest\u00e4vyys ja joustavuus.\" \/>\n<meta name=\"robots\" content=\"index, follow, max-snippet:-1, max-image-preview:large, max-video-preview:-1\" \/>\n<link rel=\"canonical\" href=\"https:\/\/aaknives.eu\/fi\/product\/veitsi-tusk-bulat-wootz-teras-kahva-karjalankoivua\/\" \/>\n<meta property=\"og:locale\" content=\"fi_FI\" \/>\n<meta property=\"og:type\" content=\"article\" \/>\n<meta property=\"og:title\" content=\"Veitsi &#039;&#039;TUSK&quot; (Bulat - Wootz-ter\u00e4s), kahva karjalankoivua - AAKnives\" \/>\n<meta property=\"og:description\" content=\"Bulat \u2013 Wootz Steel Valettu hiilik\u00e4sin taottu ter\u00e4s, jossa on erityinen ter\u00e4rakenne, korkea kovuus, lis\u00e4\u00e4ntynyt kest\u00e4vyys ja joustavuus.\" \/>\n<meta property=\"og:url\" content=\"https:\/\/aaknives.eu\/fi\/product\/veitsi-tusk-bulat-wootz-teras-kahva-karjalankoivua\/\" \/>\n<meta property=\"og:site_name\" content=\"AAKnives\" \/>\n<meta property=\"article:publisher\" content=\"https:\/\/www.facebook.com\/aaknives.eu\/\" \/>\n<meta property=\"article:modified_time\" content=\"2026-04-28T17:38:28+00:00\" \/>\n<meta property=\"og:image\" content=\"https:\/\/aaknives.eu\/wp-content\/uploads\/2021\/09\/aaknives-hand-forged-damascus-steel-blade-knife-handmade-custom-made-knife-handcrafted-knives-autinetools-northmen-58.jpg\" \/>\n\t<meta property=\"og:image:width\" content=\"1020\" \/>\n\t<meta property=\"og:image:height\" content=\"880\" \/>\n\t<meta property=\"og:image:type\" content=\"image\/jpeg\" \/>\n<meta name=\"twitter:card\" content=\"summary_large_image\" \/>\n<meta name=\"twitter:label1\" content=\"Arvioitu lukuaika\" \/>\n\t<meta name=\"twitter:data1\" content=\"1 minuutti\" \/>\n<script type=\"application\/ld+json\" class=\"yoast-schema-graph\">{\"@context\":\"https:\\\/\\\/schema.org\",\"@graph\":[{\"@type\":\"WebPage\",\"@id\":\"https:\\\/\\\/aaknives.eu\\\/fi\\\/product\\\/veitsi-tusk-bulat-wootz-teras-kahva-karjalankoivua\\\/\",\"url\":\"https:\\\/\\\/aaknives.eu\\\/fi\\\/product\\\/veitsi-tusk-bulat-wootz-teras-kahva-karjalankoivua\\\/\",\"name\":\"Veitsi ''TUSK\\\" (Bulat - Wootz-ter\u00e4s), kahva karjalankoivua - AAKnives\",\"isPartOf\":{\"@id\":\"https:\\\/\\\/aaknives.eu\\\/fi\\\/#website\"},\"primaryImageOfPage\":{\"@id\":\"https:\\\/\\\/aaknives.eu\\\/fi\\\/product\\\/veitsi-tusk-bulat-wootz-teras-kahva-karjalankoivua\\\/#primaryimage\"},\"image\":{\"@id\":\"https:\\\/\\\/aaknives.eu\\\/fi\\\/product\\\/veitsi-tusk-bulat-wootz-teras-kahva-karjalankoivua\\\/#primaryimage\"},\"thumbnailUrl\":\"https:\\\/\\\/aaknives.eu\\\/wp-content\\\/uploads\\\/2021\\\/09\\\/aaknives-hand-forged-damascus-steel-blade-knife-handmade-custom-made-knife-handcrafted-knives-autinetools-northmen-58.jpg\",\"datePublished\":\"2021-09-20T20:48:56+00:00\",\"dateModified\":\"2026-04-28T17:38:28+00:00\",\"description\":\"Bulat \u2013 Wootz Steel Valettu hiilik\u00e4sin taottu ter\u00e4s, jossa on erityinen ter\u00e4rakenne, korkea kovuus, lis\u00e4\u00e4ntynyt kest\u00e4vyys ja joustavuus.\",\"breadcrumb\":{\"@id\":\"https:\\\/\\\/aaknives.eu\\\/fi\\\/product\\\/veitsi-tusk-bulat-wootz-teras-kahva-karjalankoivua\\\/#breadcrumb\"},\"inLanguage\":\"fi\",\"potentialAction\":[{\"@type\":\"ReadAction\",\"target\":[\"https:\\\/\\\/aaknives.eu\\\/fi\\\/product\\\/veitsi-tusk-bulat-wootz-teras-kahva-karjalankoivua\\\/\"]}]},{\"@type\":\"ImageObject\",\"inLanguage\":\"fi\",\"@id\":\"https:\\\/\\\/aaknives.eu\\\/fi\\\/product\\\/veitsi-tusk-bulat-wootz-teras-kahva-karjalankoivua\\\/#primaryimage\",\"url\":\"https:\\\/\\\/aaknives.eu\\\/wp-content\\\/uploads\\\/2021\\\/09\\\/aaknives-hand-forged-damascus-steel-blade-knife-handmade-custom-made-knife-handcrafted-knives-autinetools-northmen-58.jpg\",\"contentUrl\":\"https:\\\/\\\/aaknives.eu\\\/wp-content\\\/uploads\\\/2021\\\/09\\\/aaknives-hand-forged-damascus-steel-blade-knife-handmade-custom-made-knife-handcrafted-knives-autinetools-northmen-58.jpg\",\"width\":1020,\"height\":880},{\"@type\":\"BreadcrumbList\",\"@id\":\"https:\\\/\\\/aaknives.eu\\\/fi\\\/product\\\/veitsi-tusk-bulat-wootz-teras-kahva-karjalankoivua\\\/#breadcrumb\",\"itemListElement\":[{\"@type\":\"ListItem\",\"position\":1,\"name\":\"Home\",\"item\":\"https:\\\/\\\/aaknives.eu\\\/fi\\\/\"},{\"@type\":\"ListItem\",\"position\":2,\"name\":\"Kauppa\",\"item\":\"https:\\\/\\\/aaknives.eu\\\/kauppa\\\/\"},{\"@type\":\"ListItem\",\"position\":3,\"name\":\"Veitsi &#8221;TUSK&#8221; (Bulat &#8211; Wootz-ter\u00e4s), kahva karjalankoivua\"}]},{\"@type\":\"WebSite\",\"@id\":\"https:\\\/\\\/aaknives.eu\\\/fi\\\/#website\",\"url\":\"https:\\\/\\\/aaknives.eu\\\/fi\\\/\",\"name\":\"AAKnives\",\"description\":\"Handmade knives\",\"publisher\":{\"@id\":\"https:\\\/\\\/aaknives.eu\\\/fi\\\/#organization\"},\"potentialAction\":[{\"@type\":\"SearchAction\",\"target\":{\"@type\":\"EntryPoint\",\"urlTemplate\":\"https:\\\/\\\/aaknives.eu\\\/fi\\\/?s={search_term_string}\"},\"query-input\":{\"@type\":\"PropertyValueSpecification\",\"valueRequired\":true,\"valueName\":\"search_term_string\"}}],\"inLanguage\":\"fi\"},{\"@type\":\"Organization\",\"@id\":\"https:\\\/\\\/aaknives.eu\\\/fi\\\/#organization\",\"name\":\"AAKnives\",\"url\":\"https:\\\/\\\/aaknives.eu\\\/fi\\\/\",\"logo\":{\"@type\":\"ImageObject\",\"inLanguage\":\"fi\",\"@id\":\"https:\\\/\\\/aaknives.eu\\\/fi\\\/#\\\/schema\\\/logo\\\/image\\\/\",\"url\":\"https:\\\/\\\/aaknives.eu\\\/wp-content\\\/uploads\\\/2021\\\/10\\\/AAknives_Logo_Green.png\",\"contentUrl\":\"https:\\\/\\\/aaknives.eu\\\/wp-content\\\/uploads\\\/2021\\\/10\\\/AAknives_Logo_Green.png\",\"width\":1768,\"height\":1768,\"caption\":\"AAKnives\"},\"image\":{\"@id\":\"https:\\\/\\\/aaknives.eu\\\/fi\\\/#\\\/schema\\\/logo\\\/image\\\/\"},\"sameAs\":[\"https:\\\/\\\/www.facebook.com\\\/aaknives.eu\\\/\",\"https:\\\/\\\/www.instagram.com\\\/aaknives\\\/\",\"https:\\\/\\\/www.pinterest.com\\\/aa_knives\\\/\",\"https:\\\/\\\/www.youtube.com\\\/channel\\\/UCHOQFjrOkgT6s4FIw9LDKyw\\\/featured\"]}]}<\/script>\n<!-- \/ Yoast SEO plugin. -->","yoast_head_json":{"title":"Veitsi ''TUSK\" (Bulat - Wootz-ter\u00e4s), kahva karjalankoivua - AAKnives","description":"Bulat \u2013 Wootz Steel Valettu hiilik\u00e4sin taottu ter\u00e4s, jossa on erityinen ter\u00e4rakenne, korkea kovuus, lis\u00e4\u00e4ntynyt kest\u00e4vyys ja joustavuus.","robots":{"index":"index","follow":"follow","max-snippet":"max-snippet:-1","max-image-preview":"max-image-preview:large","max-video-preview":"max-video-preview:-1"},"canonical":"https:\/\/aaknives.eu\/fi\/product\/veitsi-tusk-bulat-wootz-teras-kahva-karjalankoivua\/","og_locale":"fi_FI","og_type":"article","og_title":"Veitsi ''TUSK\" (Bulat - Wootz-ter\u00e4s), kahva karjalankoivua - AAKnives","og_description":"Bulat \u2013 Wootz Steel Valettu hiilik\u00e4sin taottu ter\u00e4s, jossa on erityinen ter\u00e4rakenne, korkea kovuus, lis\u00e4\u00e4ntynyt kest\u00e4vyys ja joustavuus.","og_url":"https:\/\/aaknives.eu\/fi\/product\/veitsi-tusk-bulat-wootz-teras-kahva-karjalankoivua\/","og_site_name":"AAKnives","article_publisher":"https:\/\/www.facebook.com\/aaknives.eu\/","article_modified_time":"2026-04-28T17:38:28+00:00","og_image":[{"width":1020,"height":880,"url":"https:\/\/aaknives.eu\/wp-content\/uploads\/2021\/09\/aaknives-hand-forged-damascus-steel-blade-knife-handmade-custom-made-knife-handcrafted-knives-autinetools-northmen-58.jpg","type":"image\/jpeg"}],"twitter_card":"summary_large_image","twitter_misc":{"Arvioitu lukuaika":"1 minuutti"},"schema":{"@context":"https:\/\/schema.org","@graph":[{"@type":"WebPage","@id":"https:\/\/aaknives.eu\/fi\/product\/veitsi-tusk-bulat-wootz-teras-kahva-karjalankoivua\/","url":"https:\/\/aaknives.eu\/fi\/product\/veitsi-tusk-bulat-wootz-teras-kahva-karjalankoivua\/","name":"Veitsi ''TUSK\" (Bulat - Wootz-ter\u00e4s), kahva karjalankoivua - AAKnives","isPartOf":{"@id":"https:\/\/aaknives.eu\/fi\/#website"},"primaryImageOfPage":{"@id":"https:\/\/aaknives.eu\/fi\/product\/veitsi-tusk-bulat-wootz-teras-kahva-karjalankoivua\/#primaryimage"},"image":{"@id":"https:\/\/aaknives.eu\/fi\/product\/veitsi-tusk-bulat-wootz-teras-kahva-karjalankoivua\/#primaryimage"},"thumbnailUrl":"https:\/\/aaknives.eu\/wp-content\/uploads\/2021\/09\/aaknives-hand-forged-damascus-steel-blade-knife-handmade-custom-made-knife-handcrafted-knives-autinetools-northmen-58.jpg","datePublished":"2021-09-20T20:48:56+00:00","dateModified":"2026-04-28T17:38:28+00:00","description":"Bulat \u2013 Wootz Steel Valettu hiilik\u00e4sin taottu ter\u00e4s, jossa on erityinen ter\u00e4rakenne, korkea kovuus, lis\u00e4\u00e4ntynyt kest\u00e4vyys ja joustavuus.","breadcrumb":{"@id":"https:\/\/aaknives.eu\/fi\/product\/veitsi-tusk-bulat-wootz-teras-kahva-karjalankoivua\/#breadcrumb"},"inLanguage":"fi","potentialAction":[{"@type":"ReadAction","target":["https:\/\/aaknives.eu\/fi\/product\/veitsi-tusk-bulat-wootz-teras-kahva-karjalankoivua\/"]}]},{"@type":"ImageObject","inLanguage":"fi","@id":"https:\/\/aaknives.eu\/fi\/product\/veitsi-tusk-bulat-wootz-teras-kahva-karjalankoivua\/#primaryimage","url":"https:\/\/aaknives.eu\/wp-content\/uploads\/2021\/09\/aaknives-hand-forged-damascus-steel-blade-knife-handmade-custom-made-knife-handcrafted-knives-autinetools-northmen-58.jpg","contentUrl":"https:\/\/aaknives.eu\/wp-content\/uploads\/2021\/09\/aaknives-hand-forged-damascus-steel-blade-knife-handmade-custom-made-knife-handcrafted-knives-autinetools-northmen-58.jpg","width":1020,"height":880},{"@type":"BreadcrumbList","@id":"https:\/\/aaknives.eu\/fi\/product\/veitsi-tusk-bulat-wootz-teras-kahva-karjalankoivua\/#breadcrumb","itemListElement":[{"@type":"ListItem","position":1,"name":"Home","item":"https:\/\/aaknives.eu\/fi\/"},{"@type":"ListItem","position":2,"name":"Kauppa","item":"https:\/\/aaknives.eu\/kauppa\/"},{"@type":"ListItem","position":3,"name":"Veitsi &#8221;TUSK&#8221; (Bulat &#8211; Wootz-ter\u00e4s), kahva karjalankoivua"}]},{"@type":"WebSite","@id":"https:\/\/aaknives.eu\/fi\/#website","url":"https:\/\/aaknives.eu\/fi\/","name":"AAKnives","description":"Handmade knives","publisher":{"@id":"https:\/\/aaknives.eu\/fi\/#organization"},"potentialAction":[{"@type":"SearchAction","target":{"@type":"EntryPoint","urlTemplate":"https:\/\/aaknives.eu\/fi\/?s={search_term_string}"},"query-input":{"@type":"PropertyValueSpecification","valueRequired":true,"valueName":"search_term_string"}}],"inLanguage":"fi"},{"@type":"Organization","@id":"https:\/\/aaknives.eu\/fi\/#organization","name":"AAKnives","url":"https:\/\/aaknives.eu\/fi\/","logo":{"@type":"ImageObject","inLanguage":"fi","@id":"https:\/\/aaknives.eu\/fi\/#\/schema\/logo\/image\/","url":"https:\/\/aaknives.eu\/wp-content\/uploads\/2021\/10\/AAknives_Logo_Green.png","contentUrl":"https:\/\/aaknives.eu\/wp-content\/uploads\/2021\/10\/AAknives_Logo_Green.png","width":1768,"height":1768,"caption":"AAKnives"},"image":{"@id":"https:\/\/aaknives.eu\/fi\/#\/schema\/logo\/image\/"},"sameAs":["https:\/\/www.facebook.com\/aaknives.eu\/","https:\/\/www.instagram.com\/aaknives\/","https:\/\/www.pinterest.com\/aa_knives\/","https:\/\/www.youtube.com\/channel\/UCHOQFjrOkgT6s4FIw9LDKyw\/featured"]}]}},"_links":{"self":[{"href":"https:\/\/aaknives.eu\/fi\/wp-json\/wp\/v2\/product\/60699","targetHints":{"allow":["GET"]}}],"collection":[{"href":"https:\/\/aaknives.eu\/fi\/wp-json\/wp\/v2\/product"}],"about":[{"href":"https:\/\/aaknives.eu\/fi\/wp-json\/wp\/v2\/types\/product"}],"wp:featuredmedia":[{"embeddable":true,"href":"https:\/\/aaknives.eu\/fi\/wp-json\/wp\/v2\/media\/109064"}],"wp:attachment":[{"href":"https:\/\/aaknives.eu\/fi\/wp-json\/wp\/v2\/media?parent=60699"}],"wp:term":[{"taxonomy":"product_brand","embeddable":true,"href":"https:\/\/aaknives.eu\/fi\/wp-json\/wp\/v2\/product_brand?post=60699"},{"taxonomy":"product_cat","embeddable":true,"href":"https:\/\/aaknives.eu\/fi\/wp-json\/wp\/v2\/product_cat?post=60699"},{"taxonomy":"product_tag","embeddable":true,"href":"https:\/\/aaknives.eu\/fi\/wp-json\/wp\/v2\/product_tag?post=60699"}],"curies":[{"name":"wp","href":"https:\/\/api.w.org\/{rel}","templated":true}]}}