{"id":61577,"date":"2021-09-20T20:39:18","date_gmt":"2021-09-20T20:39:18","guid":{"rendered":"https:\/\/aaknives.eu\/product\/latvialainen-voimaveitsi-cross-of-the-cross-taottua-ruostumatonta-terasta\/"},"modified":"2025-02-05T13:34:10","modified_gmt":"2025-02-05T13:34:10","slug":"latvialainen-voimaveitsi-cross-of-the-cross-taottua-ruostumatonta-terasta","status":"publish","type":"product","link":"https:\/\/aaknives.eu\/fi\/product\/latvialainen-voimaveitsi-cross-of-the-cross-taottua-ruostumatonta-terasta\/","title":{"rendered":"Latvialainen voimaveitsi &#8221;Cross of the cross&#8221;, taottua ruostumatonta ter\u00e4st\u00e4."},"content":{"rendered":"<p>MARAN RISTI<\/p>\n<p>Veitsen tekniset tiedot: &#8220;Ristin risti&#8221;<br \/>\nTer\u00e4s: taottu ruostumaton ter\u00e4s 12C27<br \/>\nKovuus: 57-58 HRC<br \/>\nTer\u00e4n pituus (mm): 150 \/ 5,90 tuumaa<br \/>\nTer\u00e4n paksuus (mm): 3 \/0,12 tuumaa<br \/>\nTer\u00e4n leveys (mm): 28 \/ 1,10 tuumaa<br \/>\nKahva: Afrikkalainen Bubingo-puu<br \/>\nKokonaispituus (mm): 277 \/ 10,90 tuumaa<\/p>\n<p>Vaikka Latvian 101-vuotisjuhlavuosi on jo ohi, on silti syyt\u00e4 muistella niit\u00e4 tunteita, jotka jokainen meist\u00e4 muistaa, sill\u00e4 ensimm\u00e4inen satavuotisjuhlavuosi on erityinen ja my\u00f6s tilaisuus el\u00e4\u00e4 sen aikakautta, mutta kansakuntamme juuret ulottuvat kuitenkin paljon kauemmas menneisyyteen. Ajat muuttuvat, ihmiset muuttuvat, mutta joistakin asioista on ajan my\u00f6t\u00e4 tullut l\u00e4hes itsest\u00e4\u00e4nselvyyksi\u00e4, koska ne ovat osa identiteetti\u00e4mme. Latvian merkit. Kudotaan v\u00f6ihin, neulotaan k\u00e4sineisiin, kaiverretaan kiviin ja aseisiin, joten niiden l\u00e4sn\u00e4olo suojaa ep\u00e4onnelta, tuo onnea, menestyst\u00e4, terveytt\u00e4 ja vaurautta. Jokainen mets\u00e4st\u00e4j\u00e4 valmistautuu mets\u00e4stykseen ja ottaa mukaansa parhaat mets\u00e4stysv\u00e4lineens\u00e4, mutta luonto luo joskus tilanteita, joissa erinomaisetkin tiedot ja vuosien kokemus j\u00e4\u00e4v\u00e4t tavallisen onnen jalkoihin, jota tapahtuu jollekin useammin ja toiselle harvemmin, joten voi olla syyt\u00e4 mietti\u00e4 arvoja, joita esi-is\u00e4mme pitiv\u00e4t onnekkaina. AAKnives tarjoaa hyvin erikoisen veitsisarjan -&#8221; Latvia 100&#8221;. Yhdist\u00e4m\u00e4ll\u00e4 korkealaatuiset k\u00e4sintehdyt veitset ja koristeelliset latvialaiset voimamerkit kahvassa, sen omistaja ei saa vain visuaalisesti kaunista veist\u00e4, joka on loistava lis\u00e4 kokoelmaan, vaan my\u00f6s erinomainen ty\u00f6v\u00e4line . Kauniisti tasapainotetut muodot, luonnons\u00e4vyiset puutapit ja erilaiset latvialaiset voimamerkit jokaiseen makuun.<\/span><\/div>\n<p>Puukko toimii my\u00f6s hienona ja huomaavaisena lahjana yst\u00e4v\u00e4lle tai rakkaalle, mutta muista, ett\u00e4 lahjan saajan on annettava vastalahjaksi kolikko &#8211; se on vanha latvialainen sanonta!<\/p>\n","protected":false},"excerpt":{"rendered":"<p>MARAN RISTI Veitsen tekniset tiedot: &#8220;Ristin risti&#8221; Ter\u00e4s: taottu ruostumaton ter\u00e4s 12C27 Kovuus: 57-58 HRC Ter\u00e4n pituus (mm): 150 \/ 5,90 tuumaa Ter\u00e4n paksuus (mm): 3 \/0,12 tuumaa Ter\u00e4n leveys (mm): 28 \/ 1,10 tuumaa Kahva: Afrikkalainen Bubingo-puu Kokonaispituus (mm): 277 \/ 10,90 tuumaa Vaikka Latvian 101-vuotisjuhlavuosi on jo ohi, on silti syyt\u00e4 muistella niit\u00e4 tunteita, jotka jokainen meist\u00e4 muistaa, sill\u00e4 ensimm\u00e4inen satavuotisjuhlavuosi on erityinen ja my\u00f6s tilaisuus el\u00e4\u00e4 sen aikakautta, mutta kansakuntamme juuret ulottuvat kuitenkin paljon kauemmas menneisyyteen. Ajat muuttuvat, ihmiset muuttuvat, mutta joistakin asioista on ajan my\u00f6t\u00e4 tullut l\u00e4hes itsest\u00e4\u00e4nselvyyksi\u00e4, koska ne ovat osa identiteetti\u00e4mme. Latvian merkit. Kudotaan&hellip;<\/p>\n","protected":false},"featured_media":95582,"template":"","meta":{"_themeisle_gutenberg_block_has_review":false},"product_brand":[],"product_cat":[456,481,453,452],"product_tag":[],"class_list":{"0":"post-61577","1":"product","2":"type-product","3":"status-publish","4":"has-post-thumbnail","6":"product_cat-kalastusveitset","7":"product_cat-latvialaiset-voimaveitset","8":"product_cat-metsastysveitset","9":"product_cat-ulkoveitset","11":"first","12":"outofstock","13":"shipping-taxable","14":"purchasable","15":"product-type-simple"},"yoast_head":"<!-- This site is optimized with the Yoast SEO plugin v27.5 - https:\/\/yoast.com\/product\/yoast-seo-wordpress\/ -->\n<title>Latvialainen voimaveitsi &#039;&#039;Cross of the cross&#039;&#039;, taottua ruostumatonta ter\u00e4st\u00e4. - AAKnives<\/title>\n<meta name=\"description\" content=\"Latvialainen voimaveitsi &#039;&#039;Cross of the cross&#039;&#039;, taottua ruostumatonta ter\u00e4st\u00e4.\" \/>\n<meta name=\"robots\" content=\"index, follow, max-snippet:-1, max-image-preview:large, max-video-preview:-1\" \/>\n<link rel=\"canonical\" href=\"https:\/\/aaknives.eu\/fi\/product\/latvialainen-voimaveitsi-cross-of-the-cross-taottua-ruostumatonta-terasta\/\" \/>\n<meta property=\"og:locale\" content=\"fi_FI\" \/>\n<meta property=\"og:type\" content=\"article\" \/>\n<meta property=\"og:title\" content=\"Latvialainen voimaveitsi &#039;&#039;Cross of the cross&#039;&#039;, taottua ruostumatonta ter\u00e4st\u00e4. - AAKnives\" \/>\n<meta property=\"og:description\" content=\"Latvialainen voimaveitsi &#039;&#039;Cross of the cross&#039;&#039;, taottua ruostumatonta ter\u00e4st\u00e4.\" \/>\n<meta property=\"og:url\" content=\"https:\/\/aaknives.eu\/fi\/product\/latvialainen-voimaveitsi-cross-of-the-cross-taottua-ruostumatonta-terasta\/\" \/>\n<meta property=\"og:site_name\" content=\"AAKnives\" \/>\n<meta property=\"article:publisher\" content=\"https:\/\/www.facebook.com\/aaknives.eu\/\" \/>\n<meta property=\"article:modified_time\" content=\"2025-02-05T13:34:10+00:00\" \/>\n<meta property=\"og:image\" content=\"https:\/\/aaknives.eu\/wp-content\/uploads\/2021\/09\/aaknives-hand-forged-dabascus-steel-blade-knife-handmade-custom-made-knife-handcrafted-knives-autinetools-northmen-28.2-3.jpg\" \/>\n\t<meta property=\"og:image:width\" content=\"1020\" \/>\n\t<meta property=\"og:image:height\" content=\"880\" \/>\n\t<meta property=\"og:image:type\" content=\"image\/jpeg\" \/>\n<meta name=\"twitter:card\" content=\"summary_large_image\" \/>\n<meta name=\"twitter:label1\" content=\"Arvioitu lukuaika\" \/>\n\t<meta name=\"twitter:data1\" content=\"1 minuutti\" \/>\n<script type=\"application\/ld+json\" class=\"yoast-schema-graph\">{\"@context\":\"https:\\\/\\\/schema.org\",\"@graph\":[{\"@type\":\"WebPage\",\"@id\":\"https:\\\/\\\/aaknives.eu\\\/fi\\\/product\\\/latvialainen-voimaveitsi-cross-of-the-cross-taottua-ruostumatonta-terasta\\\/\",\"url\":\"https:\\\/\\\/aaknives.eu\\\/fi\\\/product\\\/latvialainen-voimaveitsi-cross-of-the-cross-taottua-ruostumatonta-terasta\\\/\",\"name\":\"Latvialainen voimaveitsi ''Cross of the cross'', taottua ruostumatonta ter\u00e4st\u00e4. - AAKnives\",\"isPartOf\":{\"@id\":\"https:\\\/\\\/aaknives.eu\\\/fi\\\/#website\"},\"primaryImageOfPage\":{\"@id\":\"https:\\\/\\\/aaknives.eu\\\/fi\\\/product\\\/latvialainen-voimaveitsi-cross-of-the-cross-taottua-ruostumatonta-terasta\\\/#primaryimage\"},\"image\":{\"@id\":\"https:\\\/\\\/aaknives.eu\\\/fi\\\/product\\\/latvialainen-voimaveitsi-cross-of-the-cross-taottua-ruostumatonta-terasta\\\/#primaryimage\"},\"thumbnailUrl\":\"https:\\\/\\\/aaknives.eu\\\/wp-content\\\/uploads\\\/2021\\\/09\\\/aaknives-hand-forged-dabascus-steel-blade-knife-handmade-custom-made-knife-handcrafted-knives-autinetools-northmen-28.2-3.jpg\",\"datePublished\":\"2021-09-20T20:39:18+00:00\",\"dateModified\":\"2025-02-05T13:34:10+00:00\",\"description\":\"Latvialainen voimaveitsi ''Cross of the cross'', taottua ruostumatonta ter\u00e4st\u00e4.\",\"breadcrumb\":{\"@id\":\"https:\\\/\\\/aaknives.eu\\\/fi\\\/product\\\/latvialainen-voimaveitsi-cross-of-the-cross-taottua-ruostumatonta-terasta\\\/#breadcrumb\"},\"inLanguage\":\"fi\",\"potentialAction\":[{\"@type\":\"ReadAction\",\"target\":[\"https:\\\/\\\/aaknives.eu\\\/fi\\\/product\\\/latvialainen-voimaveitsi-cross-of-the-cross-taottua-ruostumatonta-terasta\\\/\"]}]},{\"@type\":\"ImageObject\",\"inLanguage\":\"fi\",\"@id\":\"https:\\\/\\\/aaknives.eu\\\/fi\\\/product\\\/latvialainen-voimaveitsi-cross-of-the-cross-taottua-ruostumatonta-terasta\\\/#primaryimage\",\"url\":\"https:\\\/\\\/aaknives.eu\\\/wp-content\\\/uploads\\\/2021\\\/09\\\/aaknives-hand-forged-dabascus-steel-blade-knife-handmade-custom-made-knife-handcrafted-knives-autinetools-northmen-28.2-3.jpg\",\"contentUrl\":\"https:\\\/\\\/aaknives.eu\\\/wp-content\\\/uploads\\\/2021\\\/09\\\/aaknives-hand-forged-dabascus-steel-blade-knife-handmade-custom-made-knife-handcrafted-knives-autinetools-northmen-28.2-3.jpg\",\"width\":1020,\"height\":880},{\"@type\":\"BreadcrumbList\",\"@id\":\"https:\\\/\\\/aaknives.eu\\\/fi\\\/product\\\/latvialainen-voimaveitsi-cross-of-the-cross-taottua-ruostumatonta-terasta\\\/#breadcrumb\",\"itemListElement\":[{\"@type\":\"ListItem\",\"position\":1,\"name\":\"Home\",\"item\":\"https:\\\/\\\/aaknives.eu\\\/fi\\\/\"},{\"@type\":\"ListItem\",\"position\":2,\"name\":\"Kauppa\",\"item\":\"https:\\\/\\\/aaknives.eu\\\/kauppa\\\/\"},{\"@type\":\"ListItem\",\"position\":3,\"name\":\"Private: Latvialainen voimaveitsi &#8221;Cross of the cross&#8221;, taottua ruostumatonta ter\u00e4st\u00e4.\"}]},{\"@type\":\"WebSite\",\"@id\":\"https:\\\/\\\/aaknives.eu\\\/fi\\\/#website\",\"url\":\"https:\\\/\\\/aaknives.eu\\\/fi\\\/\",\"name\":\"AAKnives\",\"description\":\"Handmade knives\",\"publisher\":{\"@id\":\"https:\\\/\\\/aaknives.eu\\\/fi\\\/#organization\"},\"potentialAction\":[{\"@type\":\"SearchAction\",\"target\":{\"@type\":\"EntryPoint\",\"urlTemplate\":\"https:\\\/\\\/aaknives.eu\\\/fi\\\/?s={search_term_string}\"},\"query-input\":{\"@type\":\"PropertyValueSpecification\",\"valueRequired\":true,\"valueName\":\"search_term_string\"}}],\"inLanguage\":\"fi\"},{\"@type\":\"Organization\",\"@id\":\"https:\\\/\\\/aaknives.eu\\\/fi\\\/#organization\",\"name\":\"AAKnives\",\"url\":\"https:\\\/\\\/aaknives.eu\\\/fi\\\/\",\"logo\":{\"@type\":\"ImageObject\",\"inLanguage\":\"fi\",\"@id\":\"https:\\\/\\\/aaknives.eu\\\/fi\\\/#\\\/schema\\\/logo\\\/image\\\/\",\"url\":\"https:\\\/\\\/aaknives.eu\\\/wp-content\\\/uploads\\\/2021\\\/10\\\/AAknives_Logo_Green.png\",\"contentUrl\":\"https:\\\/\\\/aaknives.eu\\\/wp-content\\\/uploads\\\/2021\\\/10\\\/AAknives_Logo_Green.png\",\"width\":1768,\"height\":1768,\"caption\":\"AAKnives\"},\"image\":{\"@id\":\"https:\\\/\\\/aaknives.eu\\\/fi\\\/#\\\/schema\\\/logo\\\/image\\\/\"},\"sameAs\":[\"https:\\\/\\\/www.facebook.com\\\/aaknives.eu\\\/\",\"https:\\\/\\\/www.instagram.com\\\/aaknives\\\/\",\"https:\\\/\\\/www.pinterest.com\\\/aa_knives\\\/\",\"https:\\\/\\\/www.youtube.com\\\/channel\\\/UCHOQFjrOkgT6s4FIw9LDKyw\\\/featured\"]}]}<\/script>\n<!-- \/ Yoast SEO plugin. -->","yoast_head_json":{"title":"Latvialainen voimaveitsi ''Cross of the cross'', taottua ruostumatonta ter\u00e4st\u00e4. - AAKnives","description":"Latvialainen voimaveitsi ''Cross of the cross'', taottua ruostumatonta ter\u00e4st\u00e4.","robots":{"index":"index","follow":"follow","max-snippet":"max-snippet:-1","max-image-preview":"max-image-preview:large","max-video-preview":"max-video-preview:-1"},"canonical":"https:\/\/aaknives.eu\/fi\/product\/latvialainen-voimaveitsi-cross-of-the-cross-taottua-ruostumatonta-terasta\/","og_locale":"fi_FI","og_type":"article","og_title":"Latvialainen voimaveitsi ''Cross of the cross'', taottua ruostumatonta ter\u00e4st\u00e4. - AAKnives","og_description":"Latvialainen voimaveitsi ''Cross of the cross'', taottua ruostumatonta ter\u00e4st\u00e4.","og_url":"https:\/\/aaknives.eu\/fi\/product\/latvialainen-voimaveitsi-cross-of-the-cross-taottua-ruostumatonta-terasta\/","og_site_name":"AAKnives","article_publisher":"https:\/\/www.facebook.com\/aaknives.eu\/","article_modified_time":"2025-02-05T13:34:10+00:00","og_image":[{"width":1020,"height":880,"url":"https:\/\/aaknives.eu\/wp-content\/uploads\/2021\/09\/aaknives-hand-forged-dabascus-steel-blade-knife-handmade-custom-made-knife-handcrafted-knives-autinetools-northmen-28.2-3.jpg","type":"image\/jpeg"}],"twitter_card":"summary_large_image","twitter_misc":{"Arvioitu lukuaika":"1 minuutti"},"schema":{"@context":"https:\/\/schema.org","@graph":[{"@type":"WebPage","@id":"https:\/\/aaknives.eu\/fi\/product\/latvialainen-voimaveitsi-cross-of-the-cross-taottua-ruostumatonta-terasta\/","url":"https:\/\/aaknives.eu\/fi\/product\/latvialainen-voimaveitsi-cross-of-the-cross-taottua-ruostumatonta-terasta\/","name":"Latvialainen voimaveitsi ''Cross of the cross'', taottua ruostumatonta ter\u00e4st\u00e4. - AAKnives","isPartOf":{"@id":"https:\/\/aaknives.eu\/fi\/#website"},"primaryImageOfPage":{"@id":"https:\/\/aaknives.eu\/fi\/product\/latvialainen-voimaveitsi-cross-of-the-cross-taottua-ruostumatonta-terasta\/#primaryimage"},"image":{"@id":"https:\/\/aaknives.eu\/fi\/product\/latvialainen-voimaveitsi-cross-of-the-cross-taottua-ruostumatonta-terasta\/#primaryimage"},"thumbnailUrl":"https:\/\/aaknives.eu\/wp-content\/uploads\/2021\/09\/aaknives-hand-forged-dabascus-steel-blade-knife-handmade-custom-made-knife-handcrafted-knives-autinetools-northmen-28.2-3.jpg","datePublished":"2021-09-20T20:39:18+00:00","dateModified":"2025-02-05T13:34:10+00:00","description":"Latvialainen voimaveitsi ''Cross of the cross'', taottua ruostumatonta ter\u00e4st\u00e4.","breadcrumb":{"@id":"https:\/\/aaknives.eu\/fi\/product\/latvialainen-voimaveitsi-cross-of-the-cross-taottua-ruostumatonta-terasta\/#breadcrumb"},"inLanguage":"fi","potentialAction":[{"@type":"ReadAction","target":["https:\/\/aaknives.eu\/fi\/product\/latvialainen-voimaveitsi-cross-of-the-cross-taottua-ruostumatonta-terasta\/"]}]},{"@type":"ImageObject","inLanguage":"fi","@id":"https:\/\/aaknives.eu\/fi\/product\/latvialainen-voimaveitsi-cross-of-the-cross-taottua-ruostumatonta-terasta\/#primaryimage","url":"https:\/\/aaknives.eu\/wp-content\/uploads\/2021\/09\/aaknives-hand-forged-dabascus-steel-blade-knife-handmade-custom-made-knife-handcrafted-knives-autinetools-northmen-28.2-3.jpg","contentUrl":"https:\/\/aaknives.eu\/wp-content\/uploads\/2021\/09\/aaknives-hand-forged-dabascus-steel-blade-knife-handmade-custom-made-knife-handcrafted-knives-autinetools-northmen-28.2-3.jpg","width":1020,"height":880},{"@type":"BreadcrumbList","@id":"https:\/\/aaknives.eu\/fi\/product\/latvialainen-voimaveitsi-cross-of-the-cross-taottua-ruostumatonta-terasta\/#breadcrumb","itemListElement":[{"@type":"ListItem","position":1,"name":"Home","item":"https:\/\/aaknives.eu\/fi\/"},{"@type":"ListItem","position":2,"name":"Kauppa","item":"https:\/\/aaknives.eu\/kauppa\/"},{"@type":"ListItem","position":3,"name":"Private: Latvialainen voimaveitsi &#8221;Cross of the cross&#8221;, taottua ruostumatonta ter\u00e4st\u00e4."}]},{"@type":"WebSite","@id":"https:\/\/aaknives.eu\/fi\/#website","url":"https:\/\/aaknives.eu\/fi\/","name":"AAKnives","description":"Handmade knives","publisher":{"@id":"https:\/\/aaknives.eu\/fi\/#organization"},"potentialAction":[{"@type":"SearchAction","target":{"@type":"EntryPoint","urlTemplate":"https:\/\/aaknives.eu\/fi\/?s={search_term_string}"},"query-input":{"@type":"PropertyValueSpecification","valueRequired":true,"valueName":"search_term_string"}}],"inLanguage":"fi"},{"@type":"Organization","@id":"https:\/\/aaknives.eu\/fi\/#organization","name":"AAKnives","url":"https:\/\/aaknives.eu\/fi\/","logo":{"@type":"ImageObject","inLanguage":"fi","@id":"https:\/\/aaknives.eu\/fi\/#\/schema\/logo\/image\/","url":"https:\/\/aaknives.eu\/wp-content\/uploads\/2021\/10\/AAknives_Logo_Green.png","contentUrl":"https:\/\/aaknives.eu\/wp-content\/uploads\/2021\/10\/AAknives_Logo_Green.png","width":1768,"height":1768,"caption":"AAKnives"},"image":{"@id":"https:\/\/aaknives.eu\/fi\/#\/schema\/logo\/image\/"},"sameAs":["https:\/\/www.facebook.com\/aaknives.eu\/","https:\/\/www.instagram.com\/aaknives\/","https:\/\/www.pinterest.com\/aa_knives\/","https:\/\/www.youtube.com\/channel\/UCHOQFjrOkgT6s4FIw9LDKyw\/featured"]}]}},"_links":{"self":[{"href":"https:\/\/aaknives.eu\/fi\/wp-json\/wp\/v2\/product\/61577","targetHints":{"allow":["GET"]}}],"collection":[{"href":"https:\/\/aaknives.eu\/fi\/wp-json\/wp\/v2\/product"}],"about":[{"href":"https:\/\/aaknives.eu\/fi\/wp-json\/wp\/v2\/types\/product"}],"wp:featuredmedia":[{"embeddable":true,"href":"https:\/\/aaknives.eu\/fi\/wp-json\/wp\/v2\/media\/95582"}],"wp:attachment":[{"href":"https:\/\/aaknives.eu\/fi\/wp-json\/wp\/v2\/media?parent=61577"}],"wp:term":[{"taxonomy":"product_brand","embeddable":true,"href":"https:\/\/aaknives.eu\/fi\/wp-json\/wp\/v2\/product_brand?post=61577"},{"taxonomy":"product_cat","embeddable":true,"href":"https:\/\/aaknives.eu\/fi\/wp-json\/wp\/v2\/product_cat?post=61577"},{"taxonomy":"product_tag","embeddable":true,"href":"https:\/\/aaknives.eu\/fi\/wp-json\/wp\/v2\/product_tag?post=61577"}],"curies":[{"name":"wp","href":"https:\/\/api.w.org\/{rel}","templated":true}]}}