{"id":61888,"date":"2021-09-20T20:35:34","date_gmt":"2021-09-20T20:35:34","guid":{"rendered":"https:\/\/aaknives.eu\/product\/veitsi-grizzly-bulat-wootz-teras-valkopuukahvainen-kahva\/"},"modified":"2021-09-20T20:35:34","modified_gmt":"2021-09-20T20:35:34","slug":"veitsi-grizzly-bulat-wootz-teras-valkopuukahvainen-kahva","status":"publish","type":"product","link":"https:\/\/aaknives.eu\/fi\/product\/veitsi-grizzly-bulat-wootz-teras-valkopuukahvainen-kahva\/","title":{"rendered":"Veitsi &#8220;GRIZZLY&#8221; (Bulat &#8211; Wootz ter\u00e4s), valkopuukahvainen kahva"},"content":{"rendered":"<p>Veitsen tekniset tiedot: &#8220;GRIZZLY&#8221;<br \/>\nTer\u00e4s: Bulat (Wootz-ter\u00e4s)<br \/>\nKovuus: 62 HRC<br \/>\nTer\u00e4n pituus (mm): 140 \/ 5,51 tuumaa<br \/>\nTer\u00e4n paksuus (mm): 2 \/ 0,09 tuumaa<br \/>\nTer\u00e4n leveys (mm): 37 \/ 1,45 tuumaa<br \/>\nKahva: Karjalan koivu<br \/>\nKokonaispituus (mm): 10,43 tuumaa<br \/>\nVeitsityyppi: mets\u00e4stys, ulkoilu<br \/>\nPakkaus: veitsi, nahkatuppi<\/p>\n<p>&nbsp;<\/p>\n<p>Bulat &#8211; Wootz Steel &#8211; K\u00e4sin taottu valettu hiiliter\u00e4s, jossa on erityinen ter\u00e4rakenne, korkea kovuus, lis\u00e4\u00e4ntynyt kest\u00e4vyys ja joustavuus. Jokaisella Bulat-ter\u00e4ksest\u00e4 valmistetulla ter\u00e4ll\u00e4 on yksil\u00f6llinen kuvio. &#8221;AA-veitset valmistaa veitsi\u00e4, jotka on valmistettu seostetusta upokkaasta Bulat-ter\u00e4ksest\u00e4, joka perustuu metalliin H12MF ja ShH15.<\/p>\n<p>Bulat-ter\u00e4ksen edut:<\/p>\n<p>Korkea kovuus<br \/>\nLis\u00e4\u00e4ntynyt kest\u00e4vyys<br \/>\nJousto<br \/>\nPitk\u00e4\u00e4n kest\u00e4v\u00e4 ter\u00e4vyys<br \/>\nTer\u00e4n kovuus 61-64 HRC<br \/>\nK\u00e4sintehty<\/p>\n","protected":false},"excerpt":{"rendered":"<p>Veitsen tekniset tiedot: &#8220;GRIZZLY&#8221; Ter\u00e4s: Bulat (Wootz-ter\u00e4s) Kovuus: 62 HRC Ter\u00e4n pituus (mm): 140 \/ 5,51 tuumaa Ter\u00e4n paksuus (mm): 2 \/ 0,09 tuumaa Ter\u00e4n leveys (mm): 37 \/ 1,45 tuumaa Kahva: Karjalan koivu Kokonaispituus (mm): 10,43 tuumaa Veitsityyppi: mets\u00e4stys, ulkoilu Pakkaus: veitsi, nahkatuppi &nbsp; Bulat &#8211; Wootz Steel &#8211; K\u00e4sin taottu valettu hiiliter\u00e4s, jossa on erityinen ter\u00e4rakenne, korkea kovuus, lis\u00e4\u00e4ntynyt kest\u00e4vyys ja joustavuus. Jokaisella Bulat-ter\u00e4ksest\u00e4 valmistetulla ter\u00e4ll\u00e4 on yksil\u00f6llinen kuvio. &#8221;AA-veitset valmistaa veitsi\u00e4, jotka on valmistettu seostetusta upokkaasta Bulat-ter\u00e4ksest\u00e4, joka perustuu metalliin H12MF ja ShH15. Bulat-ter\u00e4ksen edut: Korkea kovuus Lis\u00e4\u00e4ntynyt kest\u00e4vyys Jousto Pitk\u00e4\u00e4n kest\u00e4v\u00e4 ter\u00e4vyys Ter\u00e4n kovuus 61-64 HRC&hellip;<\/p>\n","protected":false},"featured_media":61889,"template":"","meta":{"_themeisle_gutenberg_block_has_review":false},"product_brand":[],"product_cat":[453,452],"product_tag":[],"class_list":{"0":"post-61888","1":"product","2":"type-product","3":"status-publish","4":"has-post-thumbnail","6":"product_cat-metsastysveitset","7":"product_cat-ulkoveitset","9":"first","10":"instock","11":"shipping-taxable","12":"purchasable","13":"product-type-simple"},"yoast_head":"<!-- This site is optimized with the Yoast SEO plugin v27.3 - https:\/\/yoast.com\/product\/yoast-seo-wordpress\/ -->\n<title>Veitsi &quot;GRIZZLY&quot; (Bulat - Wootz ter\u00e4s), valkopuukahvainen kahva - AAKnives<\/title>\n<meta name=\"description\" content=\"Bulat - Wootz Steel - K\u00e4sin taottu valettu hiiliter\u00e4s, jossa on erityinen ter\u00e4rakenne, korkea kovuus, lis\u00e4\u00e4ntynyt kest\u00e4vyys ja joustavuus.\" \/>\n<meta name=\"robots\" content=\"index, follow, max-snippet:-1, max-image-preview:large, max-video-preview:-1\" \/>\n<link rel=\"canonical\" href=\"https:\/\/aaknives.eu\/fi\/product\/veitsi-grizzly-bulat-wootz-teras-valkopuukahvainen-kahva\/\" \/>\n<meta property=\"og:locale\" content=\"fi_FI\" \/>\n<meta property=\"og:type\" content=\"article\" \/>\n<meta property=\"og:title\" content=\"Veitsi &quot;GRIZZLY&quot; (Bulat - Wootz ter\u00e4s), valkopuukahvainen kahva - AAKnives\" \/>\n<meta property=\"og:description\" content=\"Bulat - Wootz Steel - K\u00e4sin taottu valettu hiiliter\u00e4s, jossa on erityinen ter\u00e4rakenne, korkea kovuus, lis\u00e4\u00e4ntynyt kest\u00e4vyys ja joustavuus.\" \/>\n<meta property=\"og:url\" content=\"https:\/\/aaknives.eu\/fi\/product\/veitsi-grizzly-bulat-wootz-teras-valkopuukahvainen-kahva\/\" \/>\n<meta property=\"og:site_name\" content=\"AAKnives\" \/>\n<meta property=\"article:publisher\" content=\"https:\/\/www.facebook.com\/aaknives.eu\/\" \/>\n<meta property=\"og:image\" content=\"https:\/\/aaknives.eu\/wp-content\/uploads\/2021\/09\/aaknives-hand-forged-dabascus-steel-blade-knife-handmade-custom-made-knife-handcrafted-knives-autinetools-northmen-21-2-20.jpg\" \/>\n\t<meta property=\"og:image:width\" content=\"1020\" \/>\n\t<meta property=\"og:image:height\" content=\"880\" \/>\n\t<meta property=\"og:image:type\" content=\"image\/jpeg\" \/>\n<meta name=\"twitter:card\" content=\"summary_large_image\" \/>\n<meta name=\"twitter:label1\" content=\"Arvioitu lukuaika\" \/>\n\t<meta name=\"twitter:data1\" content=\"1 minuutti\" \/>\n<script type=\"application\/ld+json\" class=\"yoast-schema-graph\">{\"@context\":\"https:\\\/\\\/schema.org\",\"@graph\":[{\"@type\":\"WebPage\",\"@id\":\"https:\\\/\\\/aaknives.eu\\\/fi\\\/product\\\/veitsi-grizzly-bulat-wootz-teras-valkopuukahvainen-kahva\\\/\",\"url\":\"https:\\\/\\\/aaknives.eu\\\/fi\\\/product\\\/veitsi-grizzly-bulat-wootz-teras-valkopuukahvainen-kahva\\\/\",\"name\":\"Veitsi \\\"GRIZZLY\\\" (Bulat - Wootz ter\u00e4s), valkopuukahvainen kahva - AAKnives\",\"isPartOf\":{\"@id\":\"https:\\\/\\\/aaknives.eu\\\/fi\\\/#website\"},\"primaryImageOfPage\":{\"@id\":\"https:\\\/\\\/aaknives.eu\\\/fi\\\/product\\\/veitsi-grizzly-bulat-wootz-teras-valkopuukahvainen-kahva\\\/#primaryimage\"},\"image\":{\"@id\":\"https:\\\/\\\/aaknives.eu\\\/fi\\\/product\\\/veitsi-grizzly-bulat-wootz-teras-valkopuukahvainen-kahva\\\/#primaryimage\"},\"thumbnailUrl\":\"https:\\\/\\\/aaknives.eu\\\/wp-content\\\/uploads\\\/2021\\\/09\\\/aaknives-hand-forged-dabascus-steel-blade-knife-handmade-custom-made-knife-handcrafted-knives-autinetools-northmen-21-2-20.jpg\",\"datePublished\":\"2021-09-20T20:35:34+00:00\",\"description\":\"Bulat - Wootz Steel - K\u00e4sin taottu valettu hiiliter\u00e4s, jossa on erityinen ter\u00e4rakenne, korkea kovuus, lis\u00e4\u00e4ntynyt kest\u00e4vyys ja joustavuus.\",\"breadcrumb\":{\"@id\":\"https:\\\/\\\/aaknives.eu\\\/fi\\\/product\\\/veitsi-grizzly-bulat-wootz-teras-valkopuukahvainen-kahva\\\/#breadcrumb\"},\"inLanguage\":\"fi\",\"potentialAction\":[{\"@type\":\"ReadAction\",\"target\":[\"https:\\\/\\\/aaknives.eu\\\/fi\\\/product\\\/veitsi-grizzly-bulat-wootz-teras-valkopuukahvainen-kahva\\\/\"]}]},{\"@type\":\"ImageObject\",\"inLanguage\":\"fi\",\"@id\":\"https:\\\/\\\/aaknives.eu\\\/fi\\\/product\\\/veitsi-grizzly-bulat-wootz-teras-valkopuukahvainen-kahva\\\/#primaryimage\",\"url\":\"https:\\\/\\\/aaknives.eu\\\/wp-content\\\/uploads\\\/2021\\\/09\\\/aaknives-hand-forged-dabascus-steel-blade-knife-handmade-custom-made-knife-handcrafted-knives-autinetools-northmen-21-2-20.jpg\",\"contentUrl\":\"https:\\\/\\\/aaknives.eu\\\/wp-content\\\/uploads\\\/2021\\\/09\\\/aaknives-hand-forged-dabascus-steel-blade-knife-handmade-custom-made-knife-handcrafted-knives-autinetools-northmen-21-2-20.jpg\",\"width\":1020,\"height\":880,\"caption\":\"aaknives hand forged dabascus steel blade knife handmade custom made knife handcrafted knives autinetools northmen 21 2 20\"},{\"@type\":\"BreadcrumbList\",\"@id\":\"https:\\\/\\\/aaknives.eu\\\/fi\\\/product\\\/veitsi-grizzly-bulat-wootz-teras-valkopuukahvainen-kahva\\\/#breadcrumb\",\"itemListElement\":[{\"@type\":\"ListItem\",\"position\":1,\"name\":\"Home\",\"item\":\"https:\\\/\\\/aaknives.eu\\\/fi\\\/\"},{\"@type\":\"ListItem\",\"position\":2,\"name\":\"Kauppa\",\"item\":\"https:\\\/\\\/aaknives.eu\\\/kauppa\\\/\"},{\"@type\":\"ListItem\",\"position\":3,\"name\":\"Veitsi &#8220;GRIZZLY&#8221; (Bulat &#8211; Wootz ter\u00e4s), valkopuukahvainen kahva\"}]},{\"@type\":\"WebSite\",\"@id\":\"https:\\\/\\\/aaknives.eu\\\/fi\\\/#website\",\"url\":\"https:\\\/\\\/aaknives.eu\\\/fi\\\/\",\"name\":\"AAKnives\",\"description\":\"Handmade knives\",\"publisher\":{\"@id\":\"https:\\\/\\\/aaknives.eu\\\/fi\\\/#organization\"},\"potentialAction\":[{\"@type\":\"SearchAction\",\"target\":{\"@type\":\"EntryPoint\",\"urlTemplate\":\"https:\\\/\\\/aaknives.eu\\\/fi\\\/?s={search_term_string}\"},\"query-input\":{\"@type\":\"PropertyValueSpecification\",\"valueRequired\":true,\"valueName\":\"search_term_string\"}}],\"inLanguage\":\"fi\"},{\"@type\":\"Organization\",\"@id\":\"https:\\\/\\\/aaknives.eu\\\/fi\\\/#organization\",\"name\":\"AAKnives\",\"url\":\"https:\\\/\\\/aaknives.eu\\\/fi\\\/\",\"logo\":{\"@type\":\"ImageObject\",\"inLanguage\":\"fi\",\"@id\":\"https:\\\/\\\/aaknives.eu\\\/fi\\\/#\\\/schema\\\/logo\\\/image\\\/\",\"url\":\"https:\\\/\\\/aaknives.eu\\\/wp-content\\\/uploads\\\/2021\\\/10\\\/AAknives_Logo_Green.png\",\"contentUrl\":\"https:\\\/\\\/aaknives.eu\\\/wp-content\\\/uploads\\\/2021\\\/10\\\/AAknives_Logo_Green.png\",\"width\":1768,\"height\":1768,\"caption\":\"AAKnives\"},\"image\":{\"@id\":\"https:\\\/\\\/aaknives.eu\\\/fi\\\/#\\\/schema\\\/logo\\\/image\\\/\"},\"sameAs\":[\"https:\\\/\\\/www.facebook.com\\\/aaknives.eu\\\/\",\"https:\\\/\\\/www.instagram.com\\\/aaknives\\\/\",\"https:\\\/\\\/www.pinterest.com\\\/aa_knives\\\/\",\"https:\\\/\\\/www.youtube.com\\\/channel\\\/UCHOQFjrOkgT6s4FIw9LDKyw\\\/featured\"]}]}<\/script>\n<!-- \/ Yoast SEO plugin. -->","yoast_head_json":{"title":"Veitsi \"GRIZZLY\" (Bulat - Wootz ter\u00e4s), valkopuukahvainen kahva - AAKnives","description":"Bulat - Wootz Steel - K\u00e4sin taottu valettu hiiliter\u00e4s, jossa on erityinen ter\u00e4rakenne, korkea kovuus, lis\u00e4\u00e4ntynyt kest\u00e4vyys ja joustavuus.","robots":{"index":"index","follow":"follow","max-snippet":"max-snippet:-1","max-image-preview":"max-image-preview:large","max-video-preview":"max-video-preview:-1"},"canonical":"https:\/\/aaknives.eu\/fi\/product\/veitsi-grizzly-bulat-wootz-teras-valkopuukahvainen-kahva\/","og_locale":"fi_FI","og_type":"article","og_title":"Veitsi \"GRIZZLY\" (Bulat - Wootz ter\u00e4s), valkopuukahvainen kahva - AAKnives","og_description":"Bulat - Wootz Steel - K\u00e4sin taottu valettu hiiliter\u00e4s, jossa on erityinen ter\u00e4rakenne, korkea kovuus, lis\u00e4\u00e4ntynyt kest\u00e4vyys ja joustavuus.","og_url":"https:\/\/aaknives.eu\/fi\/product\/veitsi-grizzly-bulat-wootz-teras-valkopuukahvainen-kahva\/","og_site_name":"AAKnives","article_publisher":"https:\/\/www.facebook.com\/aaknives.eu\/","og_image":[{"width":1020,"height":880,"url":"https:\/\/aaknives.eu\/wp-content\/uploads\/2021\/09\/aaknives-hand-forged-dabascus-steel-blade-knife-handmade-custom-made-knife-handcrafted-knives-autinetools-northmen-21-2-20.jpg","type":"image\/jpeg"}],"twitter_card":"summary_large_image","twitter_misc":{"Arvioitu lukuaika":"1 minuutti"},"schema":{"@context":"https:\/\/schema.org","@graph":[{"@type":"WebPage","@id":"https:\/\/aaknives.eu\/fi\/product\/veitsi-grizzly-bulat-wootz-teras-valkopuukahvainen-kahva\/","url":"https:\/\/aaknives.eu\/fi\/product\/veitsi-grizzly-bulat-wootz-teras-valkopuukahvainen-kahva\/","name":"Veitsi \"GRIZZLY\" (Bulat - Wootz ter\u00e4s), valkopuukahvainen kahva - AAKnives","isPartOf":{"@id":"https:\/\/aaknives.eu\/fi\/#website"},"primaryImageOfPage":{"@id":"https:\/\/aaknives.eu\/fi\/product\/veitsi-grizzly-bulat-wootz-teras-valkopuukahvainen-kahva\/#primaryimage"},"image":{"@id":"https:\/\/aaknives.eu\/fi\/product\/veitsi-grizzly-bulat-wootz-teras-valkopuukahvainen-kahva\/#primaryimage"},"thumbnailUrl":"https:\/\/aaknives.eu\/wp-content\/uploads\/2021\/09\/aaknives-hand-forged-dabascus-steel-blade-knife-handmade-custom-made-knife-handcrafted-knives-autinetools-northmen-21-2-20.jpg","datePublished":"2021-09-20T20:35:34+00:00","description":"Bulat - Wootz Steel - K\u00e4sin taottu valettu hiiliter\u00e4s, jossa on erityinen ter\u00e4rakenne, korkea kovuus, lis\u00e4\u00e4ntynyt kest\u00e4vyys ja joustavuus.","breadcrumb":{"@id":"https:\/\/aaknives.eu\/fi\/product\/veitsi-grizzly-bulat-wootz-teras-valkopuukahvainen-kahva\/#breadcrumb"},"inLanguage":"fi","potentialAction":[{"@type":"ReadAction","target":["https:\/\/aaknives.eu\/fi\/product\/veitsi-grizzly-bulat-wootz-teras-valkopuukahvainen-kahva\/"]}]},{"@type":"ImageObject","inLanguage":"fi","@id":"https:\/\/aaknives.eu\/fi\/product\/veitsi-grizzly-bulat-wootz-teras-valkopuukahvainen-kahva\/#primaryimage","url":"https:\/\/aaknives.eu\/wp-content\/uploads\/2021\/09\/aaknives-hand-forged-dabascus-steel-blade-knife-handmade-custom-made-knife-handcrafted-knives-autinetools-northmen-21-2-20.jpg","contentUrl":"https:\/\/aaknives.eu\/wp-content\/uploads\/2021\/09\/aaknives-hand-forged-dabascus-steel-blade-knife-handmade-custom-made-knife-handcrafted-knives-autinetools-northmen-21-2-20.jpg","width":1020,"height":880,"caption":"aaknives hand forged dabascus steel blade knife handmade custom made knife handcrafted knives autinetools northmen 21 2 20"},{"@type":"BreadcrumbList","@id":"https:\/\/aaknives.eu\/fi\/product\/veitsi-grizzly-bulat-wootz-teras-valkopuukahvainen-kahva\/#breadcrumb","itemListElement":[{"@type":"ListItem","position":1,"name":"Home","item":"https:\/\/aaknives.eu\/fi\/"},{"@type":"ListItem","position":2,"name":"Kauppa","item":"https:\/\/aaknives.eu\/kauppa\/"},{"@type":"ListItem","position":3,"name":"Veitsi &#8220;GRIZZLY&#8221; (Bulat &#8211; Wootz ter\u00e4s), valkopuukahvainen kahva"}]},{"@type":"WebSite","@id":"https:\/\/aaknives.eu\/fi\/#website","url":"https:\/\/aaknives.eu\/fi\/","name":"AAKnives","description":"Handmade knives","publisher":{"@id":"https:\/\/aaknives.eu\/fi\/#organization"},"potentialAction":[{"@type":"SearchAction","target":{"@type":"EntryPoint","urlTemplate":"https:\/\/aaknives.eu\/fi\/?s={search_term_string}"},"query-input":{"@type":"PropertyValueSpecification","valueRequired":true,"valueName":"search_term_string"}}],"inLanguage":"fi"},{"@type":"Organization","@id":"https:\/\/aaknives.eu\/fi\/#organization","name":"AAKnives","url":"https:\/\/aaknives.eu\/fi\/","logo":{"@type":"ImageObject","inLanguage":"fi","@id":"https:\/\/aaknives.eu\/fi\/#\/schema\/logo\/image\/","url":"https:\/\/aaknives.eu\/wp-content\/uploads\/2021\/10\/AAknives_Logo_Green.png","contentUrl":"https:\/\/aaknives.eu\/wp-content\/uploads\/2021\/10\/AAknives_Logo_Green.png","width":1768,"height":1768,"caption":"AAKnives"},"image":{"@id":"https:\/\/aaknives.eu\/fi\/#\/schema\/logo\/image\/"},"sameAs":["https:\/\/www.facebook.com\/aaknives.eu\/","https:\/\/www.instagram.com\/aaknives\/","https:\/\/www.pinterest.com\/aa_knives\/","https:\/\/www.youtube.com\/channel\/UCHOQFjrOkgT6s4FIw9LDKyw\/featured"]}]}},"_links":{"self":[{"href":"https:\/\/aaknives.eu\/fi\/wp-json\/wp\/v2\/product\/61888","targetHints":{"allow":["GET"]}}],"collection":[{"href":"https:\/\/aaknives.eu\/fi\/wp-json\/wp\/v2\/product"}],"about":[{"href":"https:\/\/aaknives.eu\/fi\/wp-json\/wp\/v2\/types\/product"}],"wp:featuredmedia":[{"embeddable":true,"href":"https:\/\/aaknives.eu\/fi\/wp-json\/wp\/v2\/media\/61889"}],"wp:attachment":[{"href":"https:\/\/aaknives.eu\/fi\/wp-json\/wp\/v2\/media?parent=61888"}],"wp:term":[{"taxonomy":"product_brand","embeddable":true,"href":"https:\/\/aaknives.eu\/fi\/wp-json\/wp\/v2\/product_brand?post=61888"},{"taxonomy":"product_cat","embeddable":true,"href":"https:\/\/aaknives.eu\/fi\/wp-json\/wp\/v2\/product_cat?post=61888"},{"taxonomy":"product_tag","embeddable":true,"href":"https:\/\/aaknives.eu\/fi\/wp-json\/wp\/v2\/product_tag?post=61888"}],"curies":[{"name":"wp","href":"https:\/\/api.w.org\/{rel}","templated":true}]}}