{"id":61961,"date":"2021-09-20T20:32:35","date_gmt":"2021-09-20T20:32:35","guid":{"rendered":"https:\/\/aaknives.eu\/product\/puukko-full-tang-ruotsalainen-bohler-uddeholm-n695-ruostumaton-veitsitera\/"},"modified":"2025-05-12T17:18:51","modified_gmt":"2025-05-12T17:18:51","slug":"puukko-full-tang-ruotsalainen-bohler-uddeholm-n695-ruostumaton-veitsitera-2","status":"publish","type":"product","link":"https:\/\/aaknives.eu\/fi\/product\/puukko-full-tang-ruotsalainen-bohler-uddeholm-n695-ruostumaton-veitsitera-2\/","title":{"rendered":"Puukko &#8221;Full-Tang&#8221; &#8211; ruotsalainen Bohler-Uddeholm N695 ruostumaton veitsiter\u00e4"},"content":{"rendered":"<p>Veitsen tekniset tiedot: &#8221;Full-Tang&#8221;<br \/>\nTer\u00e4s: Ruotsalainen Bohler-Uddeholm N695 ruostumaton veitsiter\u00e4s<br \/>\nKovuus: 58-59 HRC<br \/>\nTer\u00e4n pituus (mm): 95 \/ 3,74 tuumaa<br \/>\nTer\u00e4n paksuus (mm): 2 \/ 0,07 tuumaa<br \/>\nTer\u00e4n leveys (mm): 27 \/ 1,06 tuumaa<br \/>\nKahva: Micarta<br \/>\nKokonaispituus (mm): 212 \/ 8,34 tuumaa<br \/>\nRuotsalainen Bohler-Uddeholm N695 veitsiter\u00e4s<br \/>Bohler N695 on kromipinnoitettu ruostumaton ter\u00e4s Bohler Uddeholm -ryhm\u00e4ss\u00e4. Sill\u00e4 on suuri kovuus, hyv\u00e4 kulutuskest\u00e4vyys ja hyv\u00e4 korroosionkest\u00e4vyys. N695-ter\u00e4sveitsi on korroosionkest\u00e4v\u00e4, ter\u00e4v\u00e4 pitk\u00e4\u00e4n eik\u00e4 vaadi erityishuoltoa.Valssattu poikittaistekniikkaa k\u00e4ytt\u00e4en, jotta varmistetaan levyjen ja levymateriaalin maksimaalinen vakaus ja tasalaatuisuus.BOHLER N695:n muut k\u00e4ytt\u00f6kohteet:<\/p>\n<p>Vierint\u00e4elementtilaakerit, venttiilien istuimet, korkealaatuiset veitsenter\u00e4t, kirurgiset instrumentit ja puunveistosakset.<\/p>\n<p>BOHLER N695 Kokoonpano: C &#8211; 1.030 \/ MN &#8211; 0.44 \/ SI &#8211; 0.48 \/ P &#8211; 0.018 \/ S &#8211; 0.0010 \/ CR &#8211; 16.46 \/ MO &#8211; 0.43<\/p>\n","protected":false},"excerpt":{"rendered":"<p>Puukko &#8221;Full-Tang&#8221; &#8211; ruotsalainen Bohler-Uddeholm N695 ruostumaton veitsiter\u00e4<\/p>\n","protected":false},"featured_media":98852,"template":"","meta":{"_themeisle_gutenberg_block_has_review":false},"product_brand":[],"product_cat":[465,456,452],"product_tag":[],"class_list":{"0":"post-61961","1":"product","2":"type-product","3":"status-publish","4":"has-post-thumbnail","6":"product_cat-full-tang-veitset","7":"product_cat-kalastusveitset","8":"product_cat-ulkoveitset","10":"first","11":"instock","12":"shipping-taxable","13":"purchasable","14":"product-type-simple"},"yoast_head":"<!-- This site is optimized with the Yoast SEO plugin v27.3 - https:\/\/yoast.com\/product\/yoast-seo-wordpress\/ -->\n<title>Puukko &#039;&#039;Full-Tang&#039;&#039; - ruotsalainen Bohler-Uddeholm N695 ruostumaton veitsiter\u00e4 - AAKnives<\/title>\n<meta name=\"description\" content=\"Veitsi &#039;&#039;Full-Tang&#039;&#039; - ruotsalainen Bohler-Uddeholm N695 ruostumaton veitsi ter\u00e4s, aaknives veitsi, k\u00e4sintehty veitsi, mittatilausty\u00f6n\u00e4 tehty veitsi, k\u00e4sity\u00f6n\u00e4 tehty veitsi, k\u00e4sity\u00f6n\u00e4 tehty veitsi\" \/>\n<meta name=\"robots\" content=\"index, follow, max-snippet:-1, max-image-preview:large, max-video-preview:-1\" \/>\n<link rel=\"canonical\" href=\"https:\/\/aaknives.eu\/fi\/product\/puukko-full-tang-ruotsalainen-bohler-uddeholm-n695-ruostumaton-veitsitera-2\/\" \/>\n<meta property=\"og:locale\" content=\"fi_FI\" \/>\n<meta property=\"og:type\" content=\"article\" \/>\n<meta property=\"og:title\" content=\"Puukko &#039;&#039;Full-Tang&#039;&#039; - ruotsalainen Bohler-Uddeholm N695 ruostumaton veitsiter\u00e4 - AAKnives\" \/>\n<meta property=\"og:description\" content=\"Veitsi &#039;&#039;Full-Tang&#039;&#039; - ruotsalainen Bohler-Uddeholm N695 ruostumaton veitsi ter\u00e4s, aaknives veitsi, k\u00e4sintehty veitsi, mittatilausty\u00f6n\u00e4 tehty veitsi, k\u00e4sity\u00f6n\u00e4 tehty veitsi, k\u00e4sity\u00f6n\u00e4 tehty veitsi\" \/>\n<meta property=\"og:url\" content=\"https:\/\/aaknives.eu\/fi\/product\/puukko-full-tang-ruotsalainen-bohler-uddeholm-n695-ruostumaton-veitsitera-2\/\" \/>\n<meta property=\"og:site_name\" content=\"AAKnives\" \/>\n<meta property=\"article:publisher\" content=\"https:\/\/www.facebook.com\/aaknives.eu\/\" \/>\n<meta property=\"article:modified_time\" content=\"2025-05-12T17:18:51+00:00\" \/>\n<meta property=\"og:image\" content=\"https:\/\/aaknives.eu\/wp-content\/uploads\/2021\/09\/aaknives-hand-forged-damascus-steel-blade-knife-handmade-custom-made-knife-handcrafted-knives-autinetools-northmen-1-89.jpg\" \/>\n\t<meta property=\"og:image:width\" content=\"1020\" \/>\n\t<meta property=\"og:image:height\" content=\"880\" \/>\n\t<meta property=\"og:image:type\" content=\"image\/jpeg\" \/>\n<meta name=\"twitter:card\" content=\"summary_large_image\" \/>\n<meta name=\"twitter:label1\" content=\"Arvioitu lukuaika\" \/>\n\t<meta name=\"twitter:data1\" content=\"1 minuutti\" \/>\n<script type=\"application\/ld+json\" class=\"yoast-schema-graph\">{\"@context\":\"https:\\\/\\\/schema.org\",\"@graph\":[{\"@type\":\"WebPage\",\"@id\":\"https:\\\/\\\/aaknives.eu\\\/fi\\\/product\\\/puukko-full-tang-ruotsalainen-bohler-uddeholm-n695-ruostumaton-veitsitera-2\\\/\",\"url\":\"https:\\\/\\\/aaknives.eu\\\/fi\\\/product\\\/puukko-full-tang-ruotsalainen-bohler-uddeholm-n695-ruostumaton-veitsitera-2\\\/\",\"name\":\"Puukko ''Full-Tang'' - ruotsalainen Bohler-Uddeholm N695 ruostumaton veitsiter\u00e4 - AAKnives\",\"isPartOf\":{\"@id\":\"https:\\\/\\\/aaknives.eu\\\/fi\\\/#website\"},\"primaryImageOfPage\":{\"@id\":\"https:\\\/\\\/aaknives.eu\\\/fi\\\/product\\\/puukko-full-tang-ruotsalainen-bohler-uddeholm-n695-ruostumaton-veitsitera-2\\\/#primaryimage\"},\"image\":{\"@id\":\"https:\\\/\\\/aaknives.eu\\\/fi\\\/product\\\/puukko-full-tang-ruotsalainen-bohler-uddeholm-n695-ruostumaton-veitsitera-2\\\/#primaryimage\"},\"thumbnailUrl\":\"https:\\\/\\\/aaknives.eu\\\/wp-content\\\/uploads\\\/2021\\\/09\\\/aaknives-hand-forged-damascus-steel-blade-knife-handmade-custom-made-knife-handcrafted-knives-autinetools-northmen-1-89.jpg\",\"datePublished\":\"2021-09-20T20:32:35+00:00\",\"dateModified\":\"2025-05-12T17:18:51+00:00\",\"description\":\"Veitsi ''Full-Tang'' - ruotsalainen Bohler-Uddeholm N695 ruostumaton veitsi ter\u00e4s, aaknives veitsi, k\u00e4sintehty veitsi, mittatilausty\u00f6n\u00e4 tehty veitsi, k\u00e4sity\u00f6n\u00e4 tehty veitsi, k\u00e4sity\u00f6n\u00e4 tehty veitsi\",\"breadcrumb\":{\"@id\":\"https:\\\/\\\/aaknives.eu\\\/fi\\\/product\\\/puukko-full-tang-ruotsalainen-bohler-uddeholm-n695-ruostumaton-veitsitera-2\\\/#breadcrumb\"},\"inLanguage\":\"fi\",\"potentialAction\":[{\"@type\":\"ReadAction\",\"target\":[\"https:\\\/\\\/aaknives.eu\\\/fi\\\/product\\\/puukko-full-tang-ruotsalainen-bohler-uddeholm-n695-ruostumaton-veitsitera-2\\\/\"]}]},{\"@type\":\"ImageObject\",\"inLanguage\":\"fi\",\"@id\":\"https:\\\/\\\/aaknives.eu\\\/fi\\\/product\\\/puukko-full-tang-ruotsalainen-bohler-uddeholm-n695-ruostumaton-veitsitera-2\\\/#primaryimage\",\"url\":\"https:\\\/\\\/aaknives.eu\\\/wp-content\\\/uploads\\\/2021\\\/09\\\/aaknives-hand-forged-damascus-steel-blade-knife-handmade-custom-made-knife-handcrafted-knives-autinetools-northmen-1-89.jpg\",\"contentUrl\":\"https:\\\/\\\/aaknives.eu\\\/wp-content\\\/uploads\\\/2021\\\/09\\\/aaknives-hand-forged-damascus-steel-blade-knife-handmade-custom-made-knife-handcrafted-knives-autinetools-northmen-1-89.jpg\",\"width\":1020,\"height\":880},{\"@type\":\"BreadcrumbList\",\"@id\":\"https:\\\/\\\/aaknives.eu\\\/fi\\\/product\\\/puukko-full-tang-ruotsalainen-bohler-uddeholm-n695-ruostumaton-veitsitera-2\\\/#breadcrumb\",\"itemListElement\":[{\"@type\":\"ListItem\",\"position\":1,\"name\":\"Home\",\"item\":\"https:\\\/\\\/aaknives.eu\\\/fi\\\/\"},{\"@type\":\"ListItem\",\"position\":2,\"name\":\"Kauppa\",\"item\":\"https:\\\/\\\/aaknives.eu\\\/kauppa\\\/\"},{\"@type\":\"ListItem\",\"position\":3,\"name\":\"Private: Puukko &#8221;Full-Tang&#8221; &#8211; ruotsalainen Bohler-Uddeholm N695 ruostumaton veitsiter\u00e4\"}]},{\"@type\":\"WebSite\",\"@id\":\"https:\\\/\\\/aaknives.eu\\\/fi\\\/#website\",\"url\":\"https:\\\/\\\/aaknives.eu\\\/fi\\\/\",\"name\":\"AAKnives\",\"description\":\"Handmade knives\",\"publisher\":{\"@id\":\"https:\\\/\\\/aaknives.eu\\\/fi\\\/#organization\"},\"potentialAction\":[{\"@type\":\"SearchAction\",\"target\":{\"@type\":\"EntryPoint\",\"urlTemplate\":\"https:\\\/\\\/aaknives.eu\\\/fi\\\/?s={search_term_string}\"},\"query-input\":{\"@type\":\"PropertyValueSpecification\",\"valueRequired\":true,\"valueName\":\"search_term_string\"}}],\"inLanguage\":\"fi\"},{\"@type\":\"Organization\",\"@id\":\"https:\\\/\\\/aaknives.eu\\\/fi\\\/#organization\",\"name\":\"AAKnives\",\"url\":\"https:\\\/\\\/aaknives.eu\\\/fi\\\/\",\"logo\":{\"@type\":\"ImageObject\",\"inLanguage\":\"fi\",\"@id\":\"https:\\\/\\\/aaknives.eu\\\/fi\\\/#\\\/schema\\\/logo\\\/image\\\/\",\"url\":\"https:\\\/\\\/aaknives.eu\\\/wp-content\\\/uploads\\\/2021\\\/10\\\/AAknives_Logo_Green.png\",\"contentUrl\":\"https:\\\/\\\/aaknives.eu\\\/wp-content\\\/uploads\\\/2021\\\/10\\\/AAknives_Logo_Green.png\",\"width\":1768,\"height\":1768,\"caption\":\"AAKnives\"},\"image\":{\"@id\":\"https:\\\/\\\/aaknives.eu\\\/fi\\\/#\\\/schema\\\/logo\\\/image\\\/\"},\"sameAs\":[\"https:\\\/\\\/www.facebook.com\\\/aaknives.eu\\\/\",\"https:\\\/\\\/www.instagram.com\\\/aaknives\\\/\",\"https:\\\/\\\/www.pinterest.com\\\/aa_knives\\\/\",\"https:\\\/\\\/www.youtube.com\\\/channel\\\/UCHOQFjrOkgT6s4FIw9LDKyw\\\/featured\"]}]}<\/script>\n<!-- \/ Yoast SEO plugin. -->","yoast_head_json":{"title":"Puukko ''Full-Tang'' - ruotsalainen Bohler-Uddeholm N695 ruostumaton veitsiter\u00e4 - AAKnives","description":"Veitsi ''Full-Tang'' - ruotsalainen Bohler-Uddeholm N695 ruostumaton veitsi ter\u00e4s, aaknives veitsi, k\u00e4sintehty veitsi, mittatilausty\u00f6n\u00e4 tehty veitsi, k\u00e4sity\u00f6n\u00e4 tehty veitsi, k\u00e4sity\u00f6n\u00e4 tehty veitsi","robots":{"index":"index","follow":"follow","max-snippet":"max-snippet:-1","max-image-preview":"max-image-preview:large","max-video-preview":"max-video-preview:-1"},"canonical":"https:\/\/aaknives.eu\/fi\/product\/puukko-full-tang-ruotsalainen-bohler-uddeholm-n695-ruostumaton-veitsitera-2\/","og_locale":"fi_FI","og_type":"article","og_title":"Puukko ''Full-Tang'' - ruotsalainen Bohler-Uddeholm N695 ruostumaton veitsiter\u00e4 - AAKnives","og_description":"Veitsi ''Full-Tang'' - ruotsalainen Bohler-Uddeholm N695 ruostumaton veitsi ter\u00e4s, aaknives veitsi, k\u00e4sintehty veitsi, mittatilausty\u00f6n\u00e4 tehty veitsi, k\u00e4sity\u00f6n\u00e4 tehty veitsi, k\u00e4sity\u00f6n\u00e4 tehty veitsi","og_url":"https:\/\/aaknives.eu\/fi\/product\/puukko-full-tang-ruotsalainen-bohler-uddeholm-n695-ruostumaton-veitsitera-2\/","og_site_name":"AAKnives","article_publisher":"https:\/\/www.facebook.com\/aaknives.eu\/","article_modified_time":"2025-05-12T17:18:51+00:00","og_image":[{"width":1020,"height":880,"url":"https:\/\/aaknives.eu\/wp-content\/uploads\/2021\/09\/aaknives-hand-forged-damascus-steel-blade-knife-handmade-custom-made-knife-handcrafted-knives-autinetools-northmen-1-89.jpg","type":"image\/jpeg"}],"twitter_card":"summary_large_image","twitter_misc":{"Arvioitu lukuaika":"1 minuutti"},"schema":{"@context":"https:\/\/schema.org","@graph":[{"@type":"WebPage","@id":"https:\/\/aaknives.eu\/fi\/product\/puukko-full-tang-ruotsalainen-bohler-uddeholm-n695-ruostumaton-veitsitera-2\/","url":"https:\/\/aaknives.eu\/fi\/product\/puukko-full-tang-ruotsalainen-bohler-uddeholm-n695-ruostumaton-veitsitera-2\/","name":"Puukko ''Full-Tang'' - ruotsalainen Bohler-Uddeholm N695 ruostumaton veitsiter\u00e4 - AAKnives","isPartOf":{"@id":"https:\/\/aaknives.eu\/fi\/#website"},"primaryImageOfPage":{"@id":"https:\/\/aaknives.eu\/fi\/product\/puukko-full-tang-ruotsalainen-bohler-uddeholm-n695-ruostumaton-veitsitera-2\/#primaryimage"},"image":{"@id":"https:\/\/aaknives.eu\/fi\/product\/puukko-full-tang-ruotsalainen-bohler-uddeholm-n695-ruostumaton-veitsitera-2\/#primaryimage"},"thumbnailUrl":"https:\/\/aaknives.eu\/wp-content\/uploads\/2021\/09\/aaknives-hand-forged-damascus-steel-blade-knife-handmade-custom-made-knife-handcrafted-knives-autinetools-northmen-1-89.jpg","datePublished":"2021-09-20T20:32:35+00:00","dateModified":"2025-05-12T17:18:51+00:00","description":"Veitsi ''Full-Tang'' - ruotsalainen Bohler-Uddeholm N695 ruostumaton veitsi ter\u00e4s, aaknives veitsi, k\u00e4sintehty veitsi, mittatilausty\u00f6n\u00e4 tehty veitsi, k\u00e4sity\u00f6n\u00e4 tehty veitsi, k\u00e4sity\u00f6n\u00e4 tehty veitsi","breadcrumb":{"@id":"https:\/\/aaknives.eu\/fi\/product\/puukko-full-tang-ruotsalainen-bohler-uddeholm-n695-ruostumaton-veitsitera-2\/#breadcrumb"},"inLanguage":"fi","potentialAction":[{"@type":"ReadAction","target":["https:\/\/aaknives.eu\/fi\/product\/puukko-full-tang-ruotsalainen-bohler-uddeholm-n695-ruostumaton-veitsitera-2\/"]}]},{"@type":"ImageObject","inLanguage":"fi","@id":"https:\/\/aaknives.eu\/fi\/product\/puukko-full-tang-ruotsalainen-bohler-uddeholm-n695-ruostumaton-veitsitera-2\/#primaryimage","url":"https:\/\/aaknives.eu\/wp-content\/uploads\/2021\/09\/aaknives-hand-forged-damascus-steel-blade-knife-handmade-custom-made-knife-handcrafted-knives-autinetools-northmen-1-89.jpg","contentUrl":"https:\/\/aaknives.eu\/wp-content\/uploads\/2021\/09\/aaknives-hand-forged-damascus-steel-blade-knife-handmade-custom-made-knife-handcrafted-knives-autinetools-northmen-1-89.jpg","width":1020,"height":880},{"@type":"BreadcrumbList","@id":"https:\/\/aaknives.eu\/fi\/product\/puukko-full-tang-ruotsalainen-bohler-uddeholm-n695-ruostumaton-veitsitera-2\/#breadcrumb","itemListElement":[{"@type":"ListItem","position":1,"name":"Home","item":"https:\/\/aaknives.eu\/fi\/"},{"@type":"ListItem","position":2,"name":"Kauppa","item":"https:\/\/aaknives.eu\/kauppa\/"},{"@type":"ListItem","position":3,"name":"Private: Puukko &#8221;Full-Tang&#8221; &#8211; ruotsalainen Bohler-Uddeholm N695 ruostumaton veitsiter\u00e4"}]},{"@type":"WebSite","@id":"https:\/\/aaknives.eu\/fi\/#website","url":"https:\/\/aaknives.eu\/fi\/","name":"AAKnives","description":"Handmade knives","publisher":{"@id":"https:\/\/aaknives.eu\/fi\/#organization"},"potentialAction":[{"@type":"SearchAction","target":{"@type":"EntryPoint","urlTemplate":"https:\/\/aaknives.eu\/fi\/?s={search_term_string}"},"query-input":{"@type":"PropertyValueSpecification","valueRequired":true,"valueName":"search_term_string"}}],"inLanguage":"fi"},{"@type":"Organization","@id":"https:\/\/aaknives.eu\/fi\/#organization","name":"AAKnives","url":"https:\/\/aaknives.eu\/fi\/","logo":{"@type":"ImageObject","inLanguage":"fi","@id":"https:\/\/aaknives.eu\/fi\/#\/schema\/logo\/image\/","url":"https:\/\/aaknives.eu\/wp-content\/uploads\/2021\/10\/AAknives_Logo_Green.png","contentUrl":"https:\/\/aaknives.eu\/wp-content\/uploads\/2021\/10\/AAknives_Logo_Green.png","width":1768,"height":1768,"caption":"AAKnives"},"image":{"@id":"https:\/\/aaknives.eu\/fi\/#\/schema\/logo\/image\/"},"sameAs":["https:\/\/www.facebook.com\/aaknives.eu\/","https:\/\/www.instagram.com\/aaknives\/","https:\/\/www.pinterest.com\/aa_knives\/","https:\/\/www.youtube.com\/channel\/UCHOQFjrOkgT6s4FIw9LDKyw\/featured"]}]}},"_links":{"self":[{"href":"https:\/\/aaknives.eu\/fi\/wp-json\/wp\/v2\/product\/61961","targetHints":{"allow":["GET"]}}],"collection":[{"href":"https:\/\/aaknives.eu\/fi\/wp-json\/wp\/v2\/product"}],"about":[{"href":"https:\/\/aaknives.eu\/fi\/wp-json\/wp\/v2\/types\/product"}],"wp:featuredmedia":[{"embeddable":true,"href":"https:\/\/aaknives.eu\/fi\/wp-json\/wp\/v2\/media\/98852"}],"wp:attachment":[{"href":"https:\/\/aaknives.eu\/fi\/wp-json\/wp\/v2\/media?parent=61961"}],"wp:term":[{"taxonomy":"product_brand","embeddable":true,"href":"https:\/\/aaknives.eu\/fi\/wp-json\/wp\/v2\/product_brand?post=61961"},{"taxonomy":"product_cat","embeddable":true,"href":"https:\/\/aaknives.eu\/fi\/wp-json\/wp\/v2\/product_cat?post=61961"},{"taxonomy":"product_tag","embeddable":true,"href":"https:\/\/aaknives.eu\/fi\/wp-json\/wp\/v2\/product_tag?post=61961"}],"curies":[{"name":"wp","href":"https:\/\/api.w.org\/{rel}","templated":true}]}}