{"id":61968,"date":"2021-09-20T20:32:58","date_gmt":"2021-09-20T20:32:58","guid":{"rendered":"https:\/\/aaknives.eu\/product\/veitsi-camping-knife-damaskos-teraksesta-valmistettu-veitsi\/"},"modified":"2021-09-20T20:32:58","modified_gmt":"2021-09-20T20:32:58","slug":"veitsi-camping-knife-damaskos-teraksesta-valmistettu-veitsi","status":"publish","type":"product","link":"https:\/\/aaknives.eu\/fi\/product\/veitsi-camping-knife-damaskos-teraksesta-valmistettu-veitsi\/","title":{"rendered":"Veitsi &#8220;Camping knife&#8221; &#8211; Damaskos-ter\u00e4ksest\u00e4 valmistettu veitsi"},"content":{"rendered":"<p>Veitsen tekniset tiedot: &#8221;Camping knife&#8221;<br \/>\nTer\u00e4s: K\u00e4sin taottu mets\u00e4stysveitsi Damaskuster\u00e4ksest\u00e4, (HVG, U10, ShH15), 800 kerrosta.<br \/>\nKovuus: 60-62 HRC<br \/>\nTer\u00e4n pituus (mm): Ter\u00e4n pituus: 95 \/ 4,44 tuumaa<br \/>\nTer\u00e4n paksuus (mm): 3 \/ 0,11 tuumaa<br \/>\nTer\u00e4n leveys (mm): Tuuma: 26 \/ 1,29 tuumaa<br \/>\nKahva: Micarta<br \/>\nKokonaispituus (mm): 210 \/ 9,60 tuumaa<\/p>\n<p>Vahva mets\u00e4stysveitsi, josta on hy\u00f6ty\u00e4 sek\u00e4 lihan esik\u00e4sittelyss\u00e4 ett\u00e4 my\u00f6hemm\u00e4ss\u00e4 leikkaamisessa. Sen ter\u00e4 on k\u00e4sin taottu Damaskuster\u00e4ksest\u00e4, joka tekee siit\u00e4 eritt\u00e4in kovan mutta joustavan ja kest\u00e4v\u00e4n.<br \/>\nN\u00e4m\u00e4 ainutlaatuiset materiaaliominaisuudet saavutetaan muodostamalla pehme\u00e4 ja kova metalliseos, jonka tuloksena saadaan paras mets\u00e4stysveitsi, jossa on tunnettu Damascus-ter\u00e4spiirustus, joka kest\u00e4\u00e4 mikrosahater\u00e4n ansiosta pitk\u00e4\u00e4n ja pystyy s\u00e4ilytt\u00e4m\u00e4\u00e4n ter\u00e4vyytens\u00e4 ilman teroitusta hyvin pitk\u00e4\u00e4n.<br \/>\nTer\u00e4n huomattava laajeneminen tekee siit\u00e4 erinomaisen nylkyveitsen, mutta helposti hallittava veitsen k\u00e4rki ja kavennettu ter\u00e4n k\u00e4rki est\u00e4v\u00e4t sis\u00e4elinten loukkaantumisen ilmavuuden aikana tai tarpeettomat viillot my\u00f6hemm\u00e4ss\u00e4 lihank\u00e4sittelyss\u00e4.<br \/>\nToisaalta k\u00e4sin taottujen veitsien kahvassa k\u00e4ytetty puu tuntuu synteettisist\u00e4 materiaaleista poiketen paljon mukavammalta ja mukavammalta k\u00e4dess\u00e4.<br \/>\nMets\u00e4st\u00e4j\u00e4n itsens\u00e4 turvallisuuden vuoksi kahvan ja ter\u00e4n v\u00e4liss\u00e4 on tulppa, joka est\u00e4\u00e4 sormien vahingoittumisen puhdistuksen ja riistan k\u00e4sittelyn aikana, vaikka k\u00e4det olisivat liukkaat.<br \/>\nDamascus-ter\u00e4ksest\u00e4 valmistettuun mets\u00e4styspuukkosarjaan sis\u00e4ltyy my\u00f6s kest\u00e4v\u00e4 tumma nahkakotelo, jossa on kiinte\u00e4 niitattu sulkeminen, joka suojaa veist\u00e4 huonoilta s\u00e4\u00e4olosuhteilta eik\u00e4 aiheuta vahingossa tapahtuvaa h\u00e4vi\u00e4mist\u00e4. K\u00e4silaukussa on kaksi ripustinta, jotka voidaan kiinnitt\u00e4\u00e4 vy\u00f6h\u00f6n, jotta ne ovat helposti saatavilla milloin tahansa. Yksi niist\u00e4 on klassinen kiinte\u00e4 ja toinen on vapaa ripustin, jonka ansiosta veitsi voi roikkua vapaasti vy\u00f6n ymp\u00e4rill\u00e4 ja samalla se mahdollistaa liikkumisen ja v\u00e4ltt\u00e4\u00e4 ep\u00e4mukavuuden istuessa tai autolla mastosta mastoon siirtyess\u00e4, jolloin kiinte\u00e4 halaus painaa ep\u00e4mukavasti jalkaa tai vy\u00f6t\u00e4r\u00f6\u00e4.<br \/>\nT\u00e4m\u00e4 tyylik\u00e4s k\u00e4sin taottu veitsi kest\u00e4\u00e4 pitk\u00e4\u00e4n ja on uskollinen ja paras mets\u00e4stysveitsi erinomaisten ominaisuuksiensa ansiosta. Se on kevyt ja mahtuu mukavasti k\u00e4mmenelle, ja se tarjoaa nopean, turvallisen, tehokkaan ja laadukkaan prosessin.<\/p>\n<p>K\u00e4sin taottu Damaskuster\u00e4s, joka on luotu paketista eri kovuus- ja viskositeetti\u00e4 olevia ter\u00e4ksi\u00e4, jotka taittuvat levyksi tietyss\u00e4 j\u00e4rjestyksess\u00e4. Seuraavaksi levy\u00e4 taotaan toistuvasti uudelleen, mink\u00e4 ansiosta muodostuu kerroksia ja ainutlaatuinen kuvio.<br \/>\nVaikea tekninen prosessi tehd\u00e4\u00e4n manuaalisesti. N\u00e4in valmistetulle ter\u00e4kselle on ominaista lis\u00e4\u00e4ntynyt lujuus, suuri kovuus, erinomaiset leikkausominaisuudet ja kauneus.<br \/>\nDamaskuster\u00e4st\u00e4 yli 700-1000 kerrosta.<br \/>\nPaketti Damastiter\u00e4s ShH15 + HVG + U10A, l\u00e4mp\u00f6ilmaisu 860 \u00b0 C.<\/p>\n<p>Edut veitset Damaskuster\u00e4st\u00e4:<br \/>\nLis\u00e4\u00e4ntynyt lujuus<br \/>\nKorkea kovuus<br \/>\nErinomaiset leikkausominaisuudet<br \/>\nKaunis muotoilu<br \/>\nPitk\u00e4\u00e4n kest\u00e4v\u00e4 ter\u00e4vyys<\/p>\n<p>Ter\u00e4n kovuus 60-62 HRC.<br \/>\nK\u00e4sintehty<\/p>\n","protected":false},"excerpt":{"rendered":"<p>Veitsen tekniset tiedot: &#8221;Camping knife&#8221; Ter\u00e4s: K\u00e4sin taottu mets\u00e4stysveitsi Damaskuster\u00e4ksest\u00e4, (HVG, U10, ShH15), 800 kerrosta. Kovuus: 60-62 HRC Ter\u00e4n pituus (mm): Ter\u00e4n pituus: 95 \/ 4,44 tuumaa Ter\u00e4n paksuus (mm): 3 \/ 0,11 tuumaa Ter\u00e4n leveys (mm): Tuuma: 26 \/ 1,29 tuumaa Kahva: Micarta Kokonaispituus (mm): 210 \/ 9,60 tuumaa Vahva mets\u00e4stysveitsi, josta on hy\u00f6ty\u00e4 sek\u00e4 lihan esik\u00e4sittelyss\u00e4 ett\u00e4 my\u00f6hemm\u00e4ss\u00e4 leikkaamisessa. Sen ter\u00e4 on k\u00e4sin taottu Damaskuster\u00e4ksest\u00e4, joka tekee siit\u00e4 eritt\u00e4in kovan mutta joustavan ja kest\u00e4v\u00e4n. N\u00e4m\u00e4 ainutlaatuiset materiaaliominaisuudet saavutetaan muodostamalla pehme\u00e4 ja kova metalliseos, jonka tuloksena saadaan paras mets\u00e4stysveitsi, jossa on tunnettu Damascus-ter\u00e4spiirustus, joka kest\u00e4\u00e4 mikrosahater\u00e4n ansiosta pitk\u00e4\u00e4n ja&hellip;<\/p>\n","protected":false},"featured_media":61969,"template":"","meta":{"_themeisle_gutenberg_block_has_review":false},"product_brand":[],"product_cat":[465,456,453,452],"product_tag":[],"class_list":{"0":"post-61968","1":"product","2":"type-product","3":"status-publish","4":"has-post-thumbnail","6":"product_cat-full-tang-veitset","7":"product_cat-kalastusveitset","8":"product_cat-metsastysveitset","9":"product_cat-ulkoveitset","11":"first","12":"instock","13":"shipping-taxable","14":"purchasable","15":"product-type-simple"},"yoast_head":"<!-- This site is optimized with the Yoast SEO plugin v27.3 - https:\/\/yoast.com\/product\/yoast-seo-wordpress\/ -->\n<title>Veitsi &quot;Camping knife&quot; - Damaskos-ter\u00e4ksest\u00e4 valmistettu veitsi - AAKnives<\/title>\n<meta name=\"description\" content=\"Veitsi &quot;Camping knife&quot; - Damascus ter\u00e4s veitsi, retkeily veitsi, ulkona veitsi, aa veitset, latvialainen veitsi k\u00e4sintehty veitsi k\u00e4sity\u00f6n\u00e4 veitsi custom veitsi\" \/>\n<meta name=\"robots\" content=\"index, follow, max-snippet:-1, max-image-preview:large, max-video-preview:-1\" \/>\n<link rel=\"canonical\" href=\"https:\/\/aaknives.eu\/fi\/product\/veitsi-camping-knife-damaskos-teraksesta-valmistettu-veitsi\/\" \/>\n<meta property=\"og:locale\" content=\"fi_FI\" \/>\n<meta property=\"og:type\" content=\"article\" \/>\n<meta property=\"og:title\" content=\"Veitsi &quot;Camping knife&quot; - Damaskos-ter\u00e4ksest\u00e4 valmistettu veitsi - AAKnives\" \/>\n<meta property=\"og:description\" content=\"Veitsi &quot;Camping knife&quot; - Damascus ter\u00e4s veitsi, retkeily veitsi, ulkona veitsi, aa veitset, latvialainen veitsi k\u00e4sintehty veitsi k\u00e4sity\u00f6n\u00e4 veitsi custom veitsi\" \/>\n<meta property=\"og:url\" content=\"https:\/\/aaknives.eu\/fi\/product\/veitsi-camping-knife-damaskos-teraksesta-valmistettu-veitsi\/\" \/>\n<meta property=\"og:site_name\" content=\"AAKnives\" \/>\n<meta property=\"article:publisher\" content=\"https:\/\/www.facebook.com\/aaknives.eu\/\" \/>\n<meta property=\"og:image\" content=\"https:\/\/aaknives.eu\/wp-content\/uploads\/2021\/09\/aaknives-hand-forged-dabascus-steel-blade-knife-handmade-custom-made-knife-handcrafted-knives-autinetools-northmen-31-2-5.jpg\" \/>\n\t<meta property=\"og:image:width\" content=\"1020\" \/>\n\t<meta property=\"og:image:height\" content=\"880\" \/>\n\t<meta property=\"og:image:type\" content=\"image\/jpeg\" \/>\n<meta name=\"twitter:card\" content=\"summary_large_image\" \/>\n<meta name=\"twitter:label1\" content=\"Arvioitu lukuaika\" \/>\n\t<meta name=\"twitter:data1\" content=\"2 minuuttia\" \/>\n<script type=\"application\/ld+json\" class=\"yoast-schema-graph\">{\"@context\":\"https:\\\/\\\/schema.org\",\"@graph\":[{\"@type\":\"WebPage\",\"@id\":\"https:\\\/\\\/aaknives.eu\\\/fi\\\/product\\\/veitsi-camping-knife-damaskos-teraksesta-valmistettu-veitsi\\\/\",\"url\":\"https:\\\/\\\/aaknives.eu\\\/fi\\\/product\\\/veitsi-camping-knife-damaskos-teraksesta-valmistettu-veitsi\\\/\",\"name\":\"Veitsi \\\"Camping knife\\\" - Damaskos-ter\u00e4ksest\u00e4 valmistettu veitsi - AAKnives\",\"isPartOf\":{\"@id\":\"https:\\\/\\\/aaknives.eu\\\/fi\\\/#website\"},\"primaryImageOfPage\":{\"@id\":\"https:\\\/\\\/aaknives.eu\\\/fi\\\/product\\\/veitsi-camping-knife-damaskos-teraksesta-valmistettu-veitsi\\\/#primaryimage\"},\"image\":{\"@id\":\"https:\\\/\\\/aaknives.eu\\\/fi\\\/product\\\/veitsi-camping-knife-damaskos-teraksesta-valmistettu-veitsi\\\/#primaryimage\"},\"thumbnailUrl\":\"https:\\\/\\\/aaknives.eu\\\/wp-content\\\/uploads\\\/2021\\\/09\\\/aaknives-hand-forged-dabascus-steel-blade-knife-handmade-custom-made-knife-handcrafted-knives-autinetools-northmen-31-2-5.jpg\",\"datePublished\":\"2021-09-20T20:32:58+00:00\",\"description\":\"Veitsi \\\"Camping knife\\\" - Damascus ter\u00e4s veitsi, retkeily veitsi, ulkona veitsi, aa veitset, latvialainen veitsi k\u00e4sintehty veitsi k\u00e4sity\u00f6n\u00e4 veitsi custom veitsi\",\"breadcrumb\":{\"@id\":\"https:\\\/\\\/aaknives.eu\\\/fi\\\/product\\\/veitsi-camping-knife-damaskos-teraksesta-valmistettu-veitsi\\\/#breadcrumb\"},\"inLanguage\":\"fi\",\"potentialAction\":[{\"@type\":\"ReadAction\",\"target\":[\"https:\\\/\\\/aaknives.eu\\\/fi\\\/product\\\/veitsi-camping-knife-damaskos-teraksesta-valmistettu-veitsi\\\/\"]}]},{\"@type\":\"ImageObject\",\"inLanguage\":\"fi\",\"@id\":\"https:\\\/\\\/aaknives.eu\\\/fi\\\/product\\\/veitsi-camping-knife-damaskos-teraksesta-valmistettu-veitsi\\\/#primaryimage\",\"url\":\"https:\\\/\\\/aaknives.eu\\\/wp-content\\\/uploads\\\/2021\\\/09\\\/aaknives-hand-forged-dabascus-steel-blade-knife-handmade-custom-made-knife-handcrafted-knives-autinetools-northmen-31-2-5.jpg\",\"contentUrl\":\"https:\\\/\\\/aaknives.eu\\\/wp-content\\\/uploads\\\/2021\\\/09\\\/aaknives-hand-forged-dabascus-steel-blade-knife-handmade-custom-made-knife-handcrafted-knives-autinetools-northmen-31-2-5.jpg\",\"width\":1020,\"height\":880,\"caption\":\"aaknives hand forged dabascus steel blade knife handmade custom made knife handcrafted knives autinetools northmen 31 2 5\"},{\"@type\":\"BreadcrumbList\",\"@id\":\"https:\\\/\\\/aaknives.eu\\\/fi\\\/product\\\/veitsi-camping-knife-damaskos-teraksesta-valmistettu-veitsi\\\/#breadcrumb\",\"itemListElement\":[{\"@type\":\"ListItem\",\"position\":1,\"name\":\"Home\",\"item\":\"https:\\\/\\\/aaknives.eu\\\/fi\\\/\"},{\"@type\":\"ListItem\",\"position\":2,\"name\":\"Kauppa\",\"item\":\"https:\\\/\\\/aaknives.eu\\\/kauppa\\\/\"},{\"@type\":\"ListItem\",\"position\":3,\"name\":\"Veitsi &#8220;Camping knife&#8221; &#8211; Damaskos-ter\u00e4ksest\u00e4 valmistettu veitsi\"}]},{\"@type\":\"WebSite\",\"@id\":\"https:\\\/\\\/aaknives.eu\\\/fi\\\/#website\",\"url\":\"https:\\\/\\\/aaknives.eu\\\/fi\\\/\",\"name\":\"AAKnives\",\"description\":\"Handmade knives\",\"publisher\":{\"@id\":\"https:\\\/\\\/aaknives.eu\\\/fi\\\/#organization\"},\"potentialAction\":[{\"@type\":\"SearchAction\",\"target\":{\"@type\":\"EntryPoint\",\"urlTemplate\":\"https:\\\/\\\/aaknives.eu\\\/fi\\\/?s={search_term_string}\"},\"query-input\":{\"@type\":\"PropertyValueSpecification\",\"valueRequired\":true,\"valueName\":\"search_term_string\"}}],\"inLanguage\":\"fi\"},{\"@type\":\"Organization\",\"@id\":\"https:\\\/\\\/aaknives.eu\\\/fi\\\/#organization\",\"name\":\"AAKnives\",\"url\":\"https:\\\/\\\/aaknives.eu\\\/fi\\\/\",\"logo\":{\"@type\":\"ImageObject\",\"inLanguage\":\"fi\",\"@id\":\"https:\\\/\\\/aaknives.eu\\\/fi\\\/#\\\/schema\\\/logo\\\/image\\\/\",\"url\":\"https:\\\/\\\/aaknives.eu\\\/wp-content\\\/uploads\\\/2021\\\/10\\\/AAknives_Logo_Green.png\",\"contentUrl\":\"https:\\\/\\\/aaknives.eu\\\/wp-content\\\/uploads\\\/2021\\\/10\\\/AAknives_Logo_Green.png\",\"width\":1768,\"height\":1768,\"caption\":\"AAKnives\"},\"image\":{\"@id\":\"https:\\\/\\\/aaknives.eu\\\/fi\\\/#\\\/schema\\\/logo\\\/image\\\/\"},\"sameAs\":[\"https:\\\/\\\/www.facebook.com\\\/aaknives.eu\\\/\",\"https:\\\/\\\/www.instagram.com\\\/aaknives\\\/\",\"https:\\\/\\\/www.pinterest.com\\\/aa_knives\\\/\",\"https:\\\/\\\/www.youtube.com\\\/channel\\\/UCHOQFjrOkgT6s4FIw9LDKyw\\\/featured\"]}]}<\/script>\n<!-- \/ Yoast SEO plugin. -->","yoast_head_json":{"title":"Veitsi \"Camping knife\" - Damaskos-ter\u00e4ksest\u00e4 valmistettu veitsi - AAKnives","description":"Veitsi \"Camping knife\" - Damascus ter\u00e4s veitsi, retkeily veitsi, ulkona veitsi, aa veitset, latvialainen veitsi k\u00e4sintehty veitsi k\u00e4sity\u00f6n\u00e4 veitsi custom veitsi","robots":{"index":"index","follow":"follow","max-snippet":"max-snippet:-1","max-image-preview":"max-image-preview:large","max-video-preview":"max-video-preview:-1"},"canonical":"https:\/\/aaknives.eu\/fi\/product\/veitsi-camping-knife-damaskos-teraksesta-valmistettu-veitsi\/","og_locale":"fi_FI","og_type":"article","og_title":"Veitsi \"Camping knife\" - Damaskos-ter\u00e4ksest\u00e4 valmistettu veitsi - AAKnives","og_description":"Veitsi \"Camping knife\" - Damascus ter\u00e4s veitsi, retkeily veitsi, ulkona veitsi, aa veitset, latvialainen veitsi k\u00e4sintehty veitsi k\u00e4sity\u00f6n\u00e4 veitsi custom veitsi","og_url":"https:\/\/aaknives.eu\/fi\/product\/veitsi-camping-knife-damaskos-teraksesta-valmistettu-veitsi\/","og_site_name":"AAKnives","article_publisher":"https:\/\/www.facebook.com\/aaknives.eu\/","og_image":[{"width":1020,"height":880,"url":"https:\/\/aaknives.eu\/wp-content\/uploads\/2021\/09\/aaknives-hand-forged-dabascus-steel-blade-knife-handmade-custom-made-knife-handcrafted-knives-autinetools-northmen-31-2-5.jpg","type":"image\/jpeg"}],"twitter_card":"summary_large_image","twitter_misc":{"Arvioitu lukuaika":"2 minuuttia"},"schema":{"@context":"https:\/\/schema.org","@graph":[{"@type":"WebPage","@id":"https:\/\/aaknives.eu\/fi\/product\/veitsi-camping-knife-damaskos-teraksesta-valmistettu-veitsi\/","url":"https:\/\/aaknives.eu\/fi\/product\/veitsi-camping-knife-damaskos-teraksesta-valmistettu-veitsi\/","name":"Veitsi \"Camping knife\" - Damaskos-ter\u00e4ksest\u00e4 valmistettu veitsi - AAKnives","isPartOf":{"@id":"https:\/\/aaknives.eu\/fi\/#website"},"primaryImageOfPage":{"@id":"https:\/\/aaknives.eu\/fi\/product\/veitsi-camping-knife-damaskos-teraksesta-valmistettu-veitsi\/#primaryimage"},"image":{"@id":"https:\/\/aaknives.eu\/fi\/product\/veitsi-camping-knife-damaskos-teraksesta-valmistettu-veitsi\/#primaryimage"},"thumbnailUrl":"https:\/\/aaknives.eu\/wp-content\/uploads\/2021\/09\/aaknives-hand-forged-dabascus-steel-blade-knife-handmade-custom-made-knife-handcrafted-knives-autinetools-northmen-31-2-5.jpg","datePublished":"2021-09-20T20:32:58+00:00","description":"Veitsi \"Camping knife\" - Damascus ter\u00e4s veitsi, retkeily veitsi, ulkona veitsi, aa veitset, latvialainen veitsi k\u00e4sintehty veitsi k\u00e4sity\u00f6n\u00e4 veitsi custom veitsi","breadcrumb":{"@id":"https:\/\/aaknives.eu\/fi\/product\/veitsi-camping-knife-damaskos-teraksesta-valmistettu-veitsi\/#breadcrumb"},"inLanguage":"fi","potentialAction":[{"@type":"ReadAction","target":["https:\/\/aaknives.eu\/fi\/product\/veitsi-camping-knife-damaskos-teraksesta-valmistettu-veitsi\/"]}]},{"@type":"ImageObject","inLanguage":"fi","@id":"https:\/\/aaknives.eu\/fi\/product\/veitsi-camping-knife-damaskos-teraksesta-valmistettu-veitsi\/#primaryimage","url":"https:\/\/aaknives.eu\/wp-content\/uploads\/2021\/09\/aaknives-hand-forged-dabascus-steel-blade-knife-handmade-custom-made-knife-handcrafted-knives-autinetools-northmen-31-2-5.jpg","contentUrl":"https:\/\/aaknives.eu\/wp-content\/uploads\/2021\/09\/aaknives-hand-forged-dabascus-steel-blade-knife-handmade-custom-made-knife-handcrafted-knives-autinetools-northmen-31-2-5.jpg","width":1020,"height":880,"caption":"aaknives hand forged dabascus steel blade knife handmade custom made knife handcrafted knives autinetools northmen 31 2 5"},{"@type":"BreadcrumbList","@id":"https:\/\/aaknives.eu\/fi\/product\/veitsi-camping-knife-damaskos-teraksesta-valmistettu-veitsi\/#breadcrumb","itemListElement":[{"@type":"ListItem","position":1,"name":"Home","item":"https:\/\/aaknives.eu\/fi\/"},{"@type":"ListItem","position":2,"name":"Kauppa","item":"https:\/\/aaknives.eu\/kauppa\/"},{"@type":"ListItem","position":3,"name":"Veitsi &#8220;Camping knife&#8221; &#8211; Damaskos-ter\u00e4ksest\u00e4 valmistettu veitsi"}]},{"@type":"WebSite","@id":"https:\/\/aaknives.eu\/fi\/#website","url":"https:\/\/aaknives.eu\/fi\/","name":"AAKnives","description":"Handmade knives","publisher":{"@id":"https:\/\/aaknives.eu\/fi\/#organization"},"potentialAction":[{"@type":"SearchAction","target":{"@type":"EntryPoint","urlTemplate":"https:\/\/aaknives.eu\/fi\/?s={search_term_string}"},"query-input":{"@type":"PropertyValueSpecification","valueRequired":true,"valueName":"search_term_string"}}],"inLanguage":"fi"},{"@type":"Organization","@id":"https:\/\/aaknives.eu\/fi\/#organization","name":"AAKnives","url":"https:\/\/aaknives.eu\/fi\/","logo":{"@type":"ImageObject","inLanguage":"fi","@id":"https:\/\/aaknives.eu\/fi\/#\/schema\/logo\/image\/","url":"https:\/\/aaknives.eu\/wp-content\/uploads\/2021\/10\/AAknives_Logo_Green.png","contentUrl":"https:\/\/aaknives.eu\/wp-content\/uploads\/2021\/10\/AAknives_Logo_Green.png","width":1768,"height":1768,"caption":"AAKnives"},"image":{"@id":"https:\/\/aaknives.eu\/fi\/#\/schema\/logo\/image\/"},"sameAs":["https:\/\/www.facebook.com\/aaknives.eu\/","https:\/\/www.instagram.com\/aaknives\/","https:\/\/www.pinterest.com\/aa_knives\/","https:\/\/www.youtube.com\/channel\/UCHOQFjrOkgT6s4FIw9LDKyw\/featured"]}]}},"_links":{"self":[{"href":"https:\/\/aaknives.eu\/fi\/wp-json\/wp\/v2\/product\/61968","targetHints":{"allow":["GET"]}}],"collection":[{"href":"https:\/\/aaknives.eu\/fi\/wp-json\/wp\/v2\/product"}],"about":[{"href":"https:\/\/aaknives.eu\/fi\/wp-json\/wp\/v2\/types\/product"}],"wp:featuredmedia":[{"embeddable":true,"href":"https:\/\/aaknives.eu\/fi\/wp-json\/wp\/v2\/media\/61969"}],"wp:attachment":[{"href":"https:\/\/aaknives.eu\/fi\/wp-json\/wp\/v2\/media?parent=61968"}],"wp:term":[{"taxonomy":"product_brand","embeddable":true,"href":"https:\/\/aaknives.eu\/fi\/wp-json\/wp\/v2\/product_brand?post=61968"},{"taxonomy":"product_cat","embeddable":true,"href":"https:\/\/aaknives.eu\/fi\/wp-json\/wp\/v2\/product_cat?post=61968"},{"taxonomy":"product_tag","embeddable":true,"href":"https:\/\/aaknives.eu\/fi\/wp-json\/wp\/v2\/product_tag?post=61968"}],"curies":[{"name":"wp","href":"https:\/\/api.w.org\/{rel}","templated":true}]}}