{"id":62268,"date":"2021-09-20T20:31:19","date_gmt":"2021-09-20T20:31:19","guid":{"rendered":"https:\/\/aaknives.eu\/product\/puukko-bushcraft-damaskus-teraksesta-valmistettu-puukko-retkeilypuukko\/"},"modified":"2024-10-02T15:41:57","modified_gmt":"2024-10-02T15:41:57","slug":"puukko-bushcraft-damaskus-teraksesta-valmistettu-puukko-retkeilypuukko","status":"publish","type":"product","link":"https:\/\/aaknives.eu\/fi\/product\/puukko-bushcraft-damaskus-teraksesta-valmistettu-puukko-retkeilypuukko\/","title":{"rendered":"Veitsi &#8220;Bushcraft&#8221; &#8211; Damaskus ter\u00e4ksest\u00e4 valmistettu veitsi, retkeilyveitsi"},"content":{"rendered":"<p>Veitsen tekniset tiedot: Ter\u00e4s: K\u00e4sin taottu Damaskuster\u00e4ksest\u00e4 valmistettu ter\u00e4, (HVG, U10, ShH15), 800 kerrosta Kovuus: 60-62 HRC Ter\u00e4n pituus (mm): Ter\u00e4n pituus (mm): Ter\u00e4n paksuus (mm): 105 \/ 4,13 tuumaa: Ter\u00e4n leveys (mm): 4 \/ 0,11 tuumaa: Kahva: 33 \/ 1,29 tuumaa: Kokonaispituus (mm): Vahva mets\u00e4stysveitsi, josta on hy\u00f6ty\u00e4 sek\u00e4 esik\u00e4sittelyss\u00e4 ett\u00e4 my\u00f6hemmin lihan leikkaamisessa. Sen ter\u00e4 on k\u00e4sin taottu Damaskuster\u00e4ksest\u00e4, joka tekee siit\u00e4 eritt\u00e4in kovan mutta joustavan ja kest\u00e4v\u00e4n. N\u00e4m\u00e4 ainutlaatuiset materiaaliominaisuudet saavutetaan muodostamalla pehme\u00e4 ja kova metalliseos, jonka tuloksena saadaan paras mets\u00e4stysveitsi, jossa on tunnettu Damascus-ter\u00e4spiirustus, joka kest\u00e4\u00e4 mikrosahater\u00e4n ansiosta pitk\u00e4\u00e4n ja pystyy s\u00e4ilytt\u00e4m\u00e4\u00e4n ter\u00e4vyytens\u00e4 ilman teroitusta hyvin pitk\u00e4\u00e4n. Ter\u00e4n huomattava laajeneminen tekee siit\u00e4 erinomaisen nylkyveitsen, mutta helposti hallittava veitsen k\u00e4rki ja kavennettu ter\u00e4n k\u00e4rki est\u00e4v\u00e4t sis\u00e4elinten loukkaantumisen ilmavuuden aikana tai tarpeettomat viillot my\u00f6hemm\u00e4ss\u00e4 lihank\u00e4sittelyss\u00e4. Toisaalta k\u00e4sin taottujen veitsien kahvassa k\u00e4ytetty puu tuntuu synteettisist\u00e4 materiaaleista poiketen paljon mukavammalta ja mukavammalta k\u00e4dess\u00e4. Mets\u00e4st\u00e4j\u00e4n itsens\u00e4 turvallisuuden vuoksi kahvan ja ter\u00e4n v\u00e4liss\u00e4 on tulppa, joka est\u00e4\u00e4 sormien vahingoittumisen puhdistuksen ja riistan k\u00e4sittelyn aikana, vaikka k\u00e4det olisivat liukkaat. Damascus-ter\u00e4ksest\u00e4 valmistettuun mets\u00e4styspuukkosarjaan sis\u00e4ltyy my\u00f6s kest\u00e4v\u00e4 tumma nahkakotelo, jossa on kiinte\u00e4 niitattu sulkeminen, joka suojaa veist\u00e4 huonoilta s\u00e4\u00e4olosuhteilta eik\u00e4 aiheuta vahingossa tapahtuvaa h\u00e4vi\u00e4mist\u00e4. K\u00e4silaukussa on kaksi ripustinta, jotka voidaan kiinnitt\u00e4\u00e4 vy\u00f6h\u00f6n, jotta ne ovat helposti saatavilla milloin tahansa. Yksi niist\u00e4 on klassinen kiinte\u00e4 ja toinen on vapaa ripustin, jonka ansiosta veitsi voi roikkua vapaasti vy\u00f6n ymp\u00e4rill\u00e4 ja samalla se mahdollistaa liikkumisen ja v\u00e4ltt\u00e4\u00e4 ep\u00e4mukavuuden istuessa tai autolla mastosta mastoon siirtyess\u00e4, jolloin kiinte\u00e4 halaus painaa ep\u00e4mukavasti jalkaa tai vy\u00f6t\u00e4r\u00f6\u00e4. T\u00e4m\u00e4 tyylik\u00e4s k\u00e4sin taottu veitsi kest\u00e4\u00e4 pitk\u00e4\u00e4n ja on uskollinen ja paras mets\u00e4stysveitsi erinomaisten ominaisuuksiensa ansiosta. Se on kevyt ja mahtuu mukavasti k\u00e4mmenelle, ja se tarjoaa nopean, turvallisen, tehokkaan ja laadukkaan prosessin. K\u00e4sin taottu Damaskuster\u00e4s, joka on luotu paketista eri kovuus- ja viskositeetti\u00e4 olevia ter\u00e4ksi\u00e4, jotka taittuvat levyksi tietyss\u00e4 j\u00e4rjestyksess\u00e4. Seuraavaksi levy\u00e4 taotaan toistuvasti uudelleen, mink\u00e4 ansiosta muodostuu kerroksia ja ainutlaatuinen kuvio. Vaikea tekninen prosessi tehd\u00e4\u00e4n manuaalisesti. N\u00e4in valmistetulle ter\u00e4kselle on ominaista lis\u00e4\u00e4ntynyt lujuus, suuri kovuus, erinomaiset leikkausominaisuudet ja kauneus. Damaskuster\u00e4st\u00e4 yli 700-1000 kerrosta. Package damask steel ShH15 + HVG + U10A, thermal expression 860 \u00b0 C The advantages knives of Damascus steel: Increased strength High hardness Excellent cutting properties Beautiful design Long \u2013 lasting sharpness Hardness of the blade 60-62 HRC. K\u00e4sintehty<\/p>\n","protected":false},"excerpt":{"rendered":"<p>Veitsen tekniset tiedot: Ter\u00e4s: K\u00e4sin taottu Damaskuster\u00e4ksest\u00e4 valmistettu ter\u00e4, (HVG, U10, ShH15), 800 kerrosta Kovuus: 60-62 HRC Ter\u00e4n pituus (mm): Ter\u00e4n pituus (mm): Ter\u00e4n paksuus (mm): 105 \/ 4,13 tuumaa: Ter\u00e4n leveys (mm): 4 \/ 0,11 tuumaa: Kahva: 33 \/ 1,29 tuumaa: Kokonaispituus (mm): Vahva mets\u00e4stysveitsi, josta on hy\u00f6ty\u00e4 sek\u00e4 esik\u00e4sittelyss\u00e4 ett\u00e4 my\u00f6hemmin lihan leikkaamisessa. Sen ter\u00e4 on k\u00e4sin taottu Damaskuster\u00e4ksest\u00e4, joka tekee siit\u00e4 eritt\u00e4in kovan mutta joustavan ja kest\u00e4v\u00e4n. N\u00e4m\u00e4 ainutlaatuiset materiaaliominaisuudet saavutetaan muodostamalla pehme\u00e4 ja kova metalliseos, jonka tuloksena saadaan paras mets\u00e4stysveitsi, jossa on tunnettu Damascus-ter\u00e4spiirustus, joka kest\u00e4\u00e4 mikrosahater\u00e4n ansiosta pitk\u00e4\u00e4n ja pystyy s\u00e4ilytt\u00e4m\u00e4\u00e4n ter\u00e4vyytens\u00e4 ilman teroitusta hyvin&hellip;<\/p>\n","protected":false},"featured_media":69567,"template":"","meta":{"_themeisle_gutenberg_block_has_review":false},"product_brand":[],"product_cat":[465,453,452],"product_tag":[],"class_list":{"0":"post-62268","1":"product","2":"type-product","3":"status-publish","4":"has-post-thumbnail","6":"product_cat-full-tang-veitset","7":"product_cat-metsastysveitset","8":"product_cat-ulkoveitset","10":"first","11":"outofstock","12":"shipping-taxable","13":"purchasable","14":"product-type-simple"},"yoast_head":"<!-- This site is optimized with the Yoast SEO plugin v27.5 - https:\/\/yoast.com\/product\/yoast-seo-wordpress\/ -->\n<title>Veitsi &quot;Bushcraft&quot; - Damaskus ter\u00e4ksest\u00e4 valmistettu veitsi, retkeilyveitsi - AAKnives<\/title>\n<meta name=\"description\" content=\"Damascus ter\u00e4s veitsi, ulkona veitsi, bushcraft veitsi, retkeily veitsi, aa veitset, latvialainen veitsi k\u00e4sintehty veitsi k\u00e4sity\u00f6n\u00e4 veitsi custom veitsi\" \/>\n<meta name=\"robots\" content=\"index, follow, max-snippet:-1, max-image-preview:large, max-video-preview:-1\" \/>\n<link rel=\"canonical\" href=\"https:\/\/aaknives.eu\/fi\/product\/puukko-bushcraft-damaskus-teraksesta-valmistettu-puukko-retkeilypuukko\/\" \/>\n<meta property=\"og:locale\" content=\"fi_FI\" \/>\n<meta property=\"og:type\" content=\"article\" \/>\n<meta property=\"og:title\" content=\"Veitsi &quot;Bushcraft&quot; - Damaskus ter\u00e4ksest\u00e4 valmistettu veitsi, retkeilyveitsi - AAKnives\" \/>\n<meta property=\"og:description\" content=\"Damascus ter\u00e4s veitsi, ulkona veitsi, bushcraft veitsi, retkeily veitsi, aa veitset, latvialainen veitsi k\u00e4sintehty veitsi k\u00e4sity\u00f6n\u00e4 veitsi custom veitsi\" \/>\n<meta property=\"og:url\" content=\"https:\/\/aaknives.eu\/fi\/product\/puukko-bushcraft-damaskus-teraksesta-valmistettu-puukko-retkeilypuukko\/\" \/>\n<meta property=\"og:site_name\" content=\"AAKnives\" \/>\n<meta property=\"article:publisher\" content=\"https:\/\/www.facebook.com\/aaknives.eu\/\" \/>\n<meta property=\"article:modified_time\" content=\"2024-10-02T15:41:57+00:00\" \/>\n<meta property=\"og:image\" content=\"https:\/\/aaknives.eu\/wp-content\/uploads\/2021\/09\/aaknives-hand-forged-dabascus-steel-blade-knife-handmade-custom-made-knife-handcrafted-knives-autinetools-northmen-13.2-2.jpg\" \/>\n\t<meta property=\"og:image:width\" content=\"1020\" \/>\n\t<meta property=\"og:image:height\" content=\"880\" \/>\n\t<meta property=\"og:image:type\" content=\"image\/jpeg\" \/>\n<meta name=\"twitter:card\" content=\"summary_large_image\" \/>\n<meta name=\"twitter:label1\" content=\"Arvioitu lukuaika\" \/>\n\t<meta name=\"twitter:data1\" content=\"2 minuuttia\" \/>\n<script type=\"application\/ld+json\" class=\"yoast-schema-graph\">{\"@context\":\"https:\\\/\\\/schema.org\",\"@graph\":[{\"@type\":\"WebPage\",\"@id\":\"https:\\\/\\\/aaknives.eu\\\/fi\\\/product\\\/puukko-bushcraft-damaskus-teraksesta-valmistettu-puukko-retkeilypuukko\\\/\",\"url\":\"https:\\\/\\\/aaknives.eu\\\/fi\\\/product\\\/puukko-bushcraft-damaskus-teraksesta-valmistettu-puukko-retkeilypuukko\\\/\",\"name\":\"Veitsi \\\"Bushcraft\\\" - Damaskus ter\u00e4ksest\u00e4 valmistettu veitsi, retkeilyveitsi - AAKnives\",\"isPartOf\":{\"@id\":\"https:\\\/\\\/aaknives.eu\\\/fi\\\/#website\"},\"primaryImageOfPage\":{\"@id\":\"https:\\\/\\\/aaknives.eu\\\/fi\\\/product\\\/puukko-bushcraft-damaskus-teraksesta-valmistettu-puukko-retkeilypuukko\\\/#primaryimage\"},\"image\":{\"@id\":\"https:\\\/\\\/aaknives.eu\\\/fi\\\/product\\\/puukko-bushcraft-damaskus-teraksesta-valmistettu-puukko-retkeilypuukko\\\/#primaryimage\"},\"thumbnailUrl\":\"https:\\\/\\\/aaknives.eu\\\/wp-content\\\/uploads\\\/2021\\\/09\\\/aaknives-hand-forged-dabascus-steel-blade-knife-handmade-custom-made-knife-handcrafted-knives-autinetools-northmen-13.2-2.jpg\",\"datePublished\":\"2021-09-20T20:31:19+00:00\",\"dateModified\":\"2024-10-02T15:41:57+00:00\",\"description\":\"Damascus ter\u00e4s veitsi, ulkona veitsi, bushcraft veitsi, retkeily veitsi, aa veitset, latvialainen veitsi k\u00e4sintehty veitsi k\u00e4sity\u00f6n\u00e4 veitsi custom veitsi\",\"breadcrumb\":{\"@id\":\"https:\\\/\\\/aaknives.eu\\\/fi\\\/product\\\/puukko-bushcraft-damaskus-teraksesta-valmistettu-puukko-retkeilypuukko\\\/#breadcrumb\"},\"inLanguage\":\"fi\",\"potentialAction\":[{\"@type\":\"ReadAction\",\"target\":[\"https:\\\/\\\/aaknives.eu\\\/fi\\\/product\\\/puukko-bushcraft-damaskus-teraksesta-valmistettu-puukko-retkeilypuukko\\\/\"]}]},{\"@type\":\"ImageObject\",\"inLanguage\":\"fi\",\"@id\":\"https:\\\/\\\/aaknives.eu\\\/fi\\\/product\\\/puukko-bushcraft-damaskus-teraksesta-valmistettu-puukko-retkeilypuukko\\\/#primaryimage\",\"url\":\"https:\\\/\\\/aaknives.eu\\\/wp-content\\\/uploads\\\/2021\\\/09\\\/aaknives-hand-forged-dabascus-steel-blade-knife-handmade-custom-made-knife-handcrafted-knives-autinetools-northmen-13.2-2.jpg\",\"contentUrl\":\"https:\\\/\\\/aaknives.eu\\\/wp-content\\\/uploads\\\/2021\\\/09\\\/aaknives-hand-forged-dabascus-steel-blade-knife-handmade-custom-made-knife-handcrafted-knives-autinetools-northmen-13.2-2.jpg\",\"width\":1020,\"height\":880},{\"@type\":\"BreadcrumbList\",\"@id\":\"https:\\\/\\\/aaknives.eu\\\/fi\\\/product\\\/puukko-bushcraft-damaskus-teraksesta-valmistettu-puukko-retkeilypuukko\\\/#breadcrumb\",\"itemListElement\":[{\"@type\":\"ListItem\",\"position\":1,\"name\":\"Home\",\"item\":\"https:\\\/\\\/aaknives.eu\\\/fi\\\/\"},{\"@type\":\"ListItem\",\"position\":2,\"name\":\"Kauppa\",\"item\":\"https:\\\/\\\/aaknives.eu\\\/kauppa\\\/\"},{\"@type\":\"ListItem\",\"position\":3,\"name\":\"Veitsi &#8220;Bushcraft&#8221; &#8211; Damaskus ter\u00e4ksest\u00e4 valmistettu veitsi, retkeilyveitsi\"}]},{\"@type\":\"WebSite\",\"@id\":\"https:\\\/\\\/aaknives.eu\\\/fi\\\/#website\",\"url\":\"https:\\\/\\\/aaknives.eu\\\/fi\\\/\",\"name\":\"AAKnives\",\"description\":\"Handmade knives\",\"publisher\":{\"@id\":\"https:\\\/\\\/aaknives.eu\\\/fi\\\/#organization\"},\"potentialAction\":[{\"@type\":\"SearchAction\",\"target\":{\"@type\":\"EntryPoint\",\"urlTemplate\":\"https:\\\/\\\/aaknives.eu\\\/fi\\\/?s={search_term_string}\"},\"query-input\":{\"@type\":\"PropertyValueSpecification\",\"valueRequired\":true,\"valueName\":\"search_term_string\"}}],\"inLanguage\":\"fi\"},{\"@type\":\"Organization\",\"@id\":\"https:\\\/\\\/aaknives.eu\\\/fi\\\/#organization\",\"name\":\"AAKnives\",\"url\":\"https:\\\/\\\/aaknives.eu\\\/fi\\\/\",\"logo\":{\"@type\":\"ImageObject\",\"inLanguage\":\"fi\",\"@id\":\"https:\\\/\\\/aaknives.eu\\\/fi\\\/#\\\/schema\\\/logo\\\/image\\\/\",\"url\":\"https:\\\/\\\/aaknives.eu\\\/wp-content\\\/uploads\\\/2021\\\/10\\\/AAknives_Logo_Green.png\",\"contentUrl\":\"https:\\\/\\\/aaknives.eu\\\/wp-content\\\/uploads\\\/2021\\\/10\\\/AAknives_Logo_Green.png\",\"width\":1768,\"height\":1768,\"caption\":\"AAKnives\"},\"image\":{\"@id\":\"https:\\\/\\\/aaknives.eu\\\/fi\\\/#\\\/schema\\\/logo\\\/image\\\/\"},\"sameAs\":[\"https:\\\/\\\/www.facebook.com\\\/aaknives.eu\\\/\",\"https:\\\/\\\/www.instagram.com\\\/aaknives\\\/\",\"https:\\\/\\\/www.pinterest.com\\\/aa_knives\\\/\",\"https:\\\/\\\/www.youtube.com\\\/channel\\\/UCHOQFjrOkgT6s4FIw9LDKyw\\\/featured\"]}]}<\/script>\n<!-- \/ Yoast SEO plugin. -->","yoast_head_json":{"title":"Veitsi \"Bushcraft\" - Damaskus ter\u00e4ksest\u00e4 valmistettu veitsi, retkeilyveitsi - AAKnives","description":"Damascus ter\u00e4s veitsi, ulkona veitsi, bushcraft veitsi, retkeily veitsi, aa veitset, latvialainen veitsi k\u00e4sintehty veitsi k\u00e4sity\u00f6n\u00e4 veitsi custom veitsi","robots":{"index":"index","follow":"follow","max-snippet":"max-snippet:-1","max-image-preview":"max-image-preview:large","max-video-preview":"max-video-preview:-1"},"canonical":"https:\/\/aaknives.eu\/fi\/product\/puukko-bushcraft-damaskus-teraksesta-valmistettu-puukko-retkeilypuukko\/","og_locale":"fi_FI","og_type":"article","og_title":"Veitsi \"Bushcraft\" - Damaskus ter\u00e4ksest\u00e4 valmistettu veitsi, retkeilyveitsi - AAKnives","og_description":"Damascus ter\u00e4s veitsi, ulkona veitsi, bushcraft veitsi, retkeily veitsi, aa veitset, latvialainen veitsi k\u00e4sintehty veitsi k\u00e4sity\u00f6n\u00e4 veitsi custom veitsi","og_url":"https:\/\/aaknives.eu\/fi\/product\/puukko-bushcraft-damaskus-teraksesta-valmistettu-puukko-retkeilypuukko\/","og_site_name":"AAKnives","article_publisher":"https:\/\/www.facebook.com\/aaknives.eu\/","article_modified_time":"2024-10-02T15:41:57+00:00","og_image":[{"width":1020,"height":880,"url":"https:\/\/aaknives.eu\/wp-content\/uploads\/2021\/09\/aaknives-hand-forged-dabascus-steel-blade-knife-handmade-custom-made-knife-handcrafted-knives-autinetools-northmen-13.2-2.jpg","type":"image\/jpeg"}],"twitter_card":"summary_large_image","twitter_misc":{"Arvioitu lukuaika":"2 minuuttia"},"schema":{"@context":"https:\/\/schema.org","@graph":[{"@type":"WebPage","@id":"https:\/\/aaknives.eu\/fi\/product\/puukko-bushcraft-damaskus-teraksesta-valmistettu-puukko-retkeilypuukko\/","url":"https:\/\/aaknives.eu\/fi\/product\/puukko-bushcraft-damaskus-teraksesta-valmistettu-puukko-retkeilypuukko\/","name":"Veitsi \"Bushcraft\" - Damaskus ter\u00e4ksest\u00e4 valmistettu veitsi, retkeilyveitsi - AAKnives","isPartOf":{"@id":"https:\/\/aaknives.eu\/fi\/#website"},"primaryImageOfPage":{"@id":"https:\/\/aaknives.eu\/fi\/product\/puukko-bushcraft-damaskus-teraksesta-valmistettu-puukko-retkeilypuukko\/#primaryimage"},"image":{"@id":"https:\/\/aaknives.eu\/fi\/product\/puukko-bushcraft-damaskus-teraksesta-valmistettu-puukko-retkeilypuukko\/#primaryimage"},"thumbnailUrl":"https:\/\/aaknives.eu\/wp-content\/uploads\/2021\/09\/aaknives-hand-forged-dabascus-steel-blade-knife-handmade-custom-made-knife-handcrafted-knives-autinetools-northmen-13.2-2.jpg","datePublished":"2021-09-20T20:31:19+00:00","dateModified":"2024-10-02T15:41:57+00:00","description":"Damascus ter\u00e4s veitsi, ulkona veitsi, bushcraft veitsi, retkeily veitsi, aa veitset, latvialainen veitsi k\u00e4sintehty veitsi k\u00e4sity\u00f6n\u00e4 veitsi custom veitsi","breadcrumb":{"@id":"https:\/\/aaknives.eu\/fi\/product\/puukko-bushcraft-damaskus-teraksesta-valmistettu-puukko-retkeilypuukko\/#breadcrumb"},"inLanguage":"fi","potentialAction":[{"@type":"ReadAction","target":["https:\/\/aaknives.eu\/fi\/product\/puukko-bushcraft-damaskus-teraksesta-valmistettu-puukko-retkeilypuukko\/"]}]},{"@type":"ImageObject","inLanguage":"fi","@id":"https:\/\/aaknives.eu\/fi\/product\/puukko-bushcraft-damaskus-teraksesta-valmistettu-puukko-retkeilypuukko\/#primaryimage","url":"https:\/\/aaknives.eu\/wp-content\/uploads\/2021\/09\/aaknives-hand-forged-dabascus-steel-blade-knife-handmade-custom-made-knife-handcrafted-knives-autinetools-northmen-13.2-2.jpg","contentUrl":"https:\/\/aaknives.eu\/wp-content\/uploads\/2021\/09\/aaknives-hand-forged-dabascus-steel-blade-knife-handmade-custom-made-knife-handcrafted-knives-autinetools-northmen-13.2-2.jpg","width":1020,"height":880},{"@type":"BreadcrumbList","@id":"https:\/\/aaknives.eu\/fi\/product\/puukko-bushcraft-damaskus-teraksesta-valmistettu-puukko-retkeilypuukko\/#breadcrumb","itemListElement":[{"@type":"ListItem","position":1,"name":"Home","item":"https:\/\/aaknives.eu\/fi\/"},{"@type":"ListItem","position":2,"name":"Kauppa","item":"https:\/\/aaknives.eu\/kauppa\/"},{"@type":"ListItem","position":3,"name":"Veitsi &#8220;Bushcraft&#8221; &#8211; Damaskus ter\u00e4ksest\u00e4 valmistettu veitsi, retkeilyveitsi"}]},{"@type":"WebSite","@id":"https:\/\/aaknives.eu\/fi\/#website","url":"https:\/\/aaknives.eu\/fi\/","name":"AAKnives","description":"Handmade knives","publisher":{"@id":"https:\/\/aaknives.eu\/fi\/#organization"},"potentialAction":[{"@type":"SearchAction","target":{"@type":"EntryPoint","urlTemplate":"https:\/\/aaknives.eu\/fi\/?s={search_term_string}"},"query-input":{"@type":"PropertyValueSpecification","valueRequired":true,"valueName":"search_term_string"}}],"inLanguage":"fi"},{"@type":"Organization","@id":"https:\/\/aaknives.eu\/fi\/#organization","name":"AAKnives","url":"https:\/\/aaknives.eu\/fi\/","logo":{"@type":"ImageObject","inLanguage":"fi","@id":"https:\/\/aaknives.eu\/fi\/#\/schema\/logo\/image\/","url":"https:\/\/aaknives.eu\/wp-content\/uploads\/2021\/10\/AAknives_Logo_Green.png","contentUrl":"https:\/\/aaknives.eu\/wp-content\/uploads\/2021\/10\/AAknives_Logo_Green.png","width":1768,"height":1768,"caption":"AAKnives"},"image":{"@id":"https:\/\/aaknives.eu\/fi\/#\/schema\/logo\/image\/"},"sameAs":["https:\/\/www.facebook.com\/aaknives.eu\/","https:\/\/www.instagram.com\/aaknives\/","https:\/\/www.pinterest.com\/aa_knives\/","https:\/\/www.youtube.com\/channel\/UCHOQFjrOkgT6s4FIw9LDKyw\/featured"]}]}},"_links":{"self":[{"href":"https:\/\/aaknives.eu\/fi\/wp-json\/wp\/v2\/product\/62268","targetHints":{"allow":["GET"]}}],"collection":[{"href":"https:\/\/aaknives.eu\/fi\/wp-json\/wp\/v2\/product"}],"about":[{"href":"https:\/\/aaknives.eu\/fi\/wp-json\/wp\/v2\/types\/product"}],"wp:featuredmedia":[{"embeddable":true,"href":"https:\/\/aaknives.eu\/fi\/wp-json\/wp\/v2\/media\/69567"}],"wp:attachment":[{"href":"https:\/\/aaknives.eu\/fi\/wp-json\/wp\/v2\/media?parent=62268"}],"wp:term":[{"taxonomy":"product_brand","embeddable":true,"href":"https:\/\/aaknives.eu\/fi\/wp-json\/wp\/v2\/product_brand?post=62268"},{"taxonomy":"product_cat","embeddable":true,"href":"https:\/\/aaknives.eu\/fi\/wp-json\/wp\/v2\/product_cat?post=62268"},{"taxonomy":"product_tag","embeddable":true,"href":"https:\/\/aaknives.eu\/fi\/wp-json\/wp\/v2\/product_tag?post=62268"}],"curies":[{"name":"wp","href":"https:\/\/api.w.org\/{rel}","templated":true}]}}