{"id":62456,"date":"2021-09-20T20:29:37","date_gmt":"2021-09-20T20:29:37","guid":{"rendered":"https:\/\/aaknives.eu\/product\/veitsi-wild-boar-teras-elmax-superclean-stabiloitu-karjalan-koivukahva\/"},"modified":"2026-03-03T19:56:44","modified_gmt":"2026-03-03T19:56:44","slug":"knife-zeus-steel-elmax-superclean-stabilized-karelian-birch-handle","status":"publish","type":"product","link":"https:\/\/aaknives.eu\/fi\/product\/knife-zeus-steel-elmax-superclean-stabilized-karelian-birch-handle\/","title":{"rendered":"Knife &#8221;ZEUS&#8221; (steel &#8221;Elmax&#8221; SuperClean), stabilized karelian birch handle"},"content":{"rendered":"<p>Veitsen tekniset tiedot: \u201dZEUS\u201d<br \/>\nTer\u00e4s: Elmax\u201d SuperClean, hiekkapuhallettu.<br \/>\nKovuus: 60 HRC<br \/>\nTer\u00e4n pituus (mm): Ter\u00e4n pituus: 115 \/ 4,52 tuumaa<br \/>\nTer\u00e4n paksuus (mm): 4 \/ 0,15 tuumaa<br \/>\nTer\u00e4n leveys (mm): 33 \/ 1,29 tuumaa<br \/>\nKahva: stabiloitu karjalan koivu<br \/>\nKokonaispituus (mm): 240 \/9,44 tuumaa<br \/>\nVeitsityyppi: mets\u00e4stys, ulkoilu<br \/>\nPakkaus: veitsi, nahkatuppi<\/p>\n<p>Elmax on yksi yleisimmist\u00e4 pulveriter\u00e4ksist\u00e4. Siksi, jotta ymm\u00e4rrett\u00e4isiin, mit\u00e4 ihmeit\u00e4 veitsi \u201cjauheesta\u201d pystyy tekem\u00e4\u00e4n, on tarpeen tutkia Elmaxin ter\u00e4ksen ominaisuuksia. T\u00e4rkein tekij\u00e4, joka vaikuttaa mink\u00e4 tahansa ter\u00e4ksen ominaisuuksiin, mik\u00e4 tarkoittaa my\u00f6s siit\u00e4 valmistetun veitsen ligatuuria. Juuri n\u00e4m\u00e4 ter\u00e4ksen koostumuksen kemialliset elementit antavat n\u00e4m\u00e4 ominaisuudet, korroosionkest\u00e4vyyden, iskuviskositeetin, v\u00e4\u00e4nt\u00f6momentin kest\u00e4vyyden ja niin edelleen. Elmaxille on ominaista seuraava koostumus: T\u00e4m\u00e4 mahdollistaa ter\u00e4ksen ulottamisen kasvihiililuokkaan ja lis\u00e4\u00e4 sen kovuutta ja kest\u00e4vyytt\u00e4. 18 % kromia, joka antaa yksinomaisen korroosionkest\u00e4vyyden ja lis\u00e4\u00e4 ter\u00e4ksen kest\u00e4vyytt\u00e4 sek\u00e4 iskujen viskositeettia ja joustavuutta. 3 % vanadiinia, joka parantaa ter\u00e4ksen rakennetta, tekee siit\u00e4 tiiviimm\u00e4n ja antaa sille sitkeytt\u00e4 ja kest\u00e4vyytt\u00e4. 1 % molybdeeni\u00e4, joka ei vaikuta merkitt\u00e4v\u00e4sti korroosionkest\u00e4vyyteen sek\u00e4 kest\u00e4vyysominaisuuksiin, kuten joustavuuteen. 0,3 % mangaania, jolla on my\u00f6s my\u00f6nteinen vaikutus ter\u00e4ksen lujuuteen, kulumiseen ja kovuuteen ilman, ett\u00e4 se heikent\u00e4\u00e4 plastisuutta. Elmax-veitset eiv\u00e4t pyri korroosioon. T\u00e4st\u00e4 ter\u00e4ksest\u00e4 valmistettu ter\u00e4 kest\u00e4\u00e4 hyvin sivuttaiskuormitusta ja taivutuksia. Pulveriter\u00e4ksell\u00e4 on k\u00e4yt\u00e4nn\u00f6llisesti katsoen t\u00e4ydellinen sis\u00e4inen rakenne. Absoluuttinen puhdistus haitallisista ep\u00e4puhtauksista. Silmiinpist\u00e4v\u00e4\u00e4 ter\u00e4vyyden kest\u00e4vyytt\u00e4 ja suhteellista keveytt\u00e4, kun k\u00e4ytet\u00e4\u00e4n oikeita kivi\u00e4. Ter\u00e4s on hyvin hiottu ja jopa kiillotettu ilman vetoa. T\u00e4ydellinen peilipinta voidaan saavuttaa. N\u00e4in ollen voidaan p\u00e4\u00e4tell\u00e4, ett\u00e4 Elmax-ter\u00e4s on yksi t\u00e4m\u00e4n p\u00e4iv\u00e4n parhaista veitsiter\u00e4ksist\u00e4. Jos olet jo pitk\u00e4\u00e4n suunnitellut ottavasi veitsen t\u00e4st\u00e4 materiaalista, nyt on aika tehd\u00e4 se. Se palvelee sinua pitk\u00e4\u00e4n ja oikein.<\/p>\n","protected":false},"excerpt":{"rendered":"<p>Elmax on yksi yleisimmist\u00e4 pulveriter\u00e4ksist\u00e4. Elmax-veitset eiv\u00e4t pyri korroosioon. T\u00e4st\u00e4 ter\u00e4ksest\u00e4 valmistettu ter\u00e4 kest\u00e4\u00e4 hyvin sivuttaiskuormitusta ja taivutuksia. Silmiinpist\u00e4v\u00e4\u00e4 ter\u00e4vyyden kest\u00e4vyytt\u00e4 ja suhteellista keveytt\u00e4, kun k\u00e4ytet\u00e4\u00e4n oikeita kivi\u00e4. Ter\u00e4s on hyvin hiottu ja jopa kiillotettu ilman vetoa.<\/p>\n","protected":false},"featured_media":108668,"template":"","meta":{"_themeisle_gutenberg_block_has_review":false},"product_brand":[],"product_cat":[453,452],"product_tag":[],"class_list":{"0":"post-62456","1":"product","2":"type-product","3":"status-publish","4":"has-post-thumbnail","6":"product_cat-metsastysveitset","7":"product_cat-ulkoveitset","9":"first","10":"instock","11":"shipping-taxable","12":"purchasable","13":"product-type-simple"},"yoast_head":"<!-- This site is optimized with the Yoast SEO plugin v27.5 - https:\/\/yoast.com\/product\/yoast-seo-wordpress\/ -->\n<title>Knife &#039;&#039;ZEUS&quot; (steel &#039;&#039;Elmax&#039;&#039; SuperClean), stabilized karelian birch handle - AAKnives<\/title>\n<meta name=\"description\" content=\"Knife &#039;&#039;ZEUS&quot; Swedish Steel Uddeholm &#039;&#039;Elmax&#039;&#039; SuperClean, sandblasted. Elmax-veitset eiv\u00e4t pyri korroosioon. Kest\u00e4\u00e4 sivuttaiskuormitusta ja taivutuksia.\" \/>\n<meta name=\"robots\" content=\"index, follow, max-snippet:-1, max-image-preview:large, max-video-preview:-1\" \/>\n<link rel=\"canonical\" href=\"https:\/\/aaknives.eu\/fi\/product\/knife-zeus-steel-elmax-superclean-stabilized-karelian-birch-handle\/\" \/>\n<meta property=\"og:locale\" content=\"fi_FI\" \/>\n<meta property=\"og:type\" content=\"article\" \/>\n<meta property=\"og:title\" content=\"Knife &#039;&#039;ZEUS&quot; (steel &#039;&#039;Elmax&#039;&#039; SuperClean), stabilized karelian birch handle - AAKnives\" \/>\n<meta property=\"og:description\" content=\"Knife &#039;&#039;ZEUS&quot; Swedish Steel Uddeholm &#039;&#039;Elmax&#039;&#039; SuperClean, sandblasted. Elmax-veitset eiv\u00e4t pyri korroosioon. Kest\u00e4\u00e4 sivuttaiskuormitusta ja taivutuksia.\" \/>\n<meta property=\"og:url\" content=\"https:\/\/aaknives.eu\/fi\/product\/knife-zeus-steel-elmax-superclean-stabilized-karelian-birch-handle\/\" \/>\n<meta property=\"og:site_name\" content=\"AAKnives\" \/>\n<meta property=\"article:publisher\" content=\"https:\/\/www.facebook.com\/aaknives.eu\/\" \/>\n<meta property=\"article:modified_time\" content=\"2026-03-03T19:56:44+00:00\" \/>\n<meta property=\"og:image\" content=\"https:\/\/aaknives.eu\/wp-content\/uploads\/2021\/09\/aaknives-hand-forged-damascus-steel-blade-knife-handmade-custom-made-knife-handcrafted-knives-autinetools-northmen-29.jpg\" \/>\n\t<meta property=\"og:image:width\" content=\"1020\" \/>\n\t<meta property=\"og:image:height\" content=\"880\" \/>\n\t<meta property=\"og:image:type\" content=\"image\/jpeg\" \/>\n<meta name=\"twitter:card\" content=\"summary_large_image\" \/>\n<meta name=\"twitter:label1\" content=\"Arvioitu lukuaika\" \/>\n\t<meta name=\"twitter:data1\" content=\"2 minuuttia\" \/>\n<script type=\"application\/ld+json\" class=\"yoast-schema-graph\">{\"@context\":\"https:\\\/\\\/schema.org\",\"@graph\":[{\"@type\":\"WebPage\",\"@id\":\"https:\\\/\\\/aaknives.eu\\\/fi\\\/product\\\/knife-zeus-steel-elmax-superclean-stabilized-karelian-birch-handle\\\/\",\"url\":\"https:\\\/\\\/aaknives.eu\\\/fi\\\/product\\\/knife-zeus-steel-elmax-superclean-stabilized-karelian-birch-handle\\\/\",\"name\":\"Knife ''ZEUS\\\" (steel ''Elmax'' SuperClean), stabilized karelian birch handle - AAKnives\",\"isPartOf\":{\"@id\":\"https:\\\/\\\/aaknives.eu\\\/fi\\\/#website\"},\"primaryImageOfPage\":{\"@id\":\"https:\\\/\\\/aaknives.eu\\\/fi\\\/product\\\/knife-zeus-steel-elmax-superclean-stabilized-karelian-birch-handle\\\/#primaryimage\"},\"image\":{\"@id\":\"https:\\\/\\\/aaknives.eu\\\/fi\\\/product\\\/knife-zeus-steel-elmax-superclean-stabilized-karelian-birch-handle\\\/#primaryimage\"},\"thumbnailUrl\":\"https:\\\/\\\/aaknives.eu\\\/wp-content\\\/uploads\\\/2021\\\/09\\\/aaknives-hand-forged-damascus-steel-blade-knife-handmade-custom-made-knife-handcrafted-knives-autinetools-northmen-29.jpg\",\"datePublished\":\"2021-09-20T20:29:37+00:00\",\"dateModified\":\"2026-03-03T19:56:44+00:00\",\"description\":\"Knife ''ZEUS\\\" Swedish Steel Uddeholm ''Elmax'' SuperClean, sandblasted. Elmax-veitset eiv\u00e4t pyri korroosioon. Kest\u00e4\u00e4 sivuttaiskuormitusta ja taivutuksia.\",\"breadcrumb\":{\"@id\":\"https:\\\/\\\/aaknives.eu\\\/fi\\\/product\\\/knife-zeus-steel-elmax-superclean-stabilized-karelian-birch-handle\\\/#breadcrumb\"},\"inLanguage\":\"fi\",\"potentialAction\":[{\"@type\":\"ReadAction\",\"target\":[\"https:\\\/\\\/aaknives.eu\\\/fi\\\/product\\\/knife-zeus-steel-elmax-superclean-stabilized-karelian-birch-handle\\\/\"]}]},{\"@type\":\"ImageObject\",\"inLanguage\":\"fi\",\"@id\":\"https:\\\/\\\/aaknives.eu\\\/fi\\\/product\\\/knife-zeus-steel-elmax-superclean-stabilized-karelian-birch-handle\\\/#primaryimage\",\"url\":\"https:\\\/\\\/aaknives.eu\\\/wp-content\\\/uploads\\\/2021\\\/09\\\/aaknives-hand-forged-damascus-steel-blade-knife-handmade-custom-made-knife-handcrafted-knives-autinetools-northmen-29.jpg\",\"contentUrl\":\"https:\\\/\\\/aaknives.eu\\\/wp-content\\\/uploads\\\/2021\\\/09\\\/aaknives-hand-forged-damascus-steel-blade-knife-handmade-custom-made-knife-handcrafted-knives-autinetools-northmen-29.jpg\",\"width\":1020,\"height\":880},{\"@type\":\"BreadcrumbList\",\"@id\":\"https:\\\/\\\/aaknives.eu\\\/fi\\\/product\\\/knife-zeus-steel-elmax-superclean-stabilized-karelian-birch-handle\\\/#breadcrumb\",\"itemListElement\":[{\"@type\":\"ListItem\",\"position\":1,\"name\":\"Home\",\"item\":\"https:\\\/\\\/aaknives.eu\\\/fi\\\/\"},{\"@type\":\"ListItem\",\"position\":2,\"name\":\"Kauppa\",\"item\":\"https:\\\/\\\/aaknives.eu\\\/kauppa\\\/\"},{\"@type\":\"ListItem\",\"position\":3,\"name\":\"Knife &#8221;ZEUS&#8221; (steel &#8221;Elmax&#8221; SuperClean), stabilized karelian birch handle\"}]},{\"@type\":\"WebSite\",\"@id\":\"https:\\\/\\\/aaknives.eu\\\/fi\\\/#website\",\"url\":\"https:\\\/\\\/aaknives.eu\\\/fi\\\/\",\"name\":\"AAKnives\",\"description\":\"Handmade knives\",\"publisher\":{\"@id\":\"https:\\\/\\\/aaknives.eu\\\/fi\\\/#organization\"},\"alternateName\":\"Anri Ananin Knives\",\"potentialAction\":[{\"@type\":\"SearchAction\",\"target\":{\"@type\":\"EntryPoint\",\"urlTemplate\":\"https:\\\/\\\/aaknives.eu\\\/fi\\\/?s={search_term_string}\"},\"query-input\":{\"@type\":\"PropertyValueSpecification\",\"valueRequired\":true,\"valueName\":\"search_term_string\"}}],\"inLanguage\":\"fi\"},{\"@type\":\"Organization\",\"@id\":\"https:\\\/\\\/aaknives.eu\\\/fi\\\/#organization\",\"name\":\"AAKnives\",\"url\":\"https:\\\/\\\/aaknives.eu\\\/fi\\\/\",\"logo\":{\"@type\":\"ImageObject\",\"inLanguage\":\"fi\",\"@id\":\"https:\\\/\\\/aaknives.eu\\\/fi\\\/#\\\/schema\\\/logo\\\/image\\\/\",\"url\":\"https:\\\/\\\/aaknives.eu\\\/wp-content\\\/uploads\\\/2021\\\/10\\\/AAknives_Logo_Green.png\",\"contentUrl\":\"https:\\\/\\\/aaknives.eu\\\/wp-content\\\/uploads\\\/2021\\\/10\\\/AAknives_Logo_Green.png\",\"width\":1768,\"height\":1768,\"caption\":\"AAKnives\"},\"image\":{\"@id\":\"https:\\\/\\\/aaknives.eu\\\/fi\\\/#\\\/schema\\\/logo\\\/image\\\/\"},\"sameAs\":[\"https:\\\/\\\/www.facebook.com\\\/aaknives.eu\\\/\",\"https:\\\/\\\/www.instagram.com\\\/aaknives\\\/\",\"https:\\\/\\\/www.pinterest.com\\\/aa_knives\\\/\",\"https:\\\/\\\/www.youtube.com\\\/@aaknives9518\"]}]}<\/script>\n<!-- \/ Yoast SEO plugin. -->","yoast_head_json":{"title":"Knife ''ZEUS\" (steel ''Elmax'' SuperClean), stabilized karelian birch handle - AAKnives","description":"Knife ''ZEUS\" Swedish Steel Uddeholm ''Elmax'' SuperClean, sandblasted. Elmax-veitset eiv\u00e4t pyri korroosioon. Kest\u00e4\u00e4 sivuttaiskuormitusta ja taivutuksia.","robots":{"index":"index","follow":"follow","max-snippet":"max-snippet:-1","max-image-preview":"max-image-preview:large","max-video-preview":"max-video-preview:-1"},"canonical":"https:\/\/aaknives.eu\/fi\/product\/knife-zeus-steel-elmax-superclean-stabilized-karelian-birch-handle\/","og_locale":"fi_FI","og_type":"article","og_title":"Knife ''ZEUS\" (steel ''Elmax'' SuperClean), stabilized karelian birch handle - AAKnives","og_description":"Knife ''ZEUS\" Swedish Steel Uddeholm ''Elmax'' SuperClean, sandblasted. Elmax-veitset eiv\u00e4t pyri korroosioon. Kest\u00e4\u00e4 sivuttaiskuormitusta ja taivutuksia.","og_url":"https:\/\/aaknives.eu\/fi\/product\/knife-zeus-steel-elmax-superclean-stabilized-karelian-birch-handle\/","og_site_name":"AAKnives","article_publisher":"https:\/\/www.facebook.com\/aaknives.eu\/","article_modified_time":"2026-03-03T19:56:44+00:00","og_image":[{"width":1020,"height":880,"url":"https:\/\/aaknives.eu\/wp-content\/uploads\/2021\/09\/aaknives-hand-forged-damascus-steel-blade-knife-handmade-custom-made-knife-handcrafted-knives-autinetools-northmen-29.jpg","type":"image\/jpeg"}],"twitter_card":"summary_large_image","twitter_misc":{"Arvioitu lukuaika":"2 minuuttia"},"schema":{"@context":"https:\/\/schema.org","@graph":[{"@type":"WebPage","@id":"https:\/\/aaknives.eu\/fi\/product\/knife-zeus-steel-elmax-superclean-stabilized-karelian-birch-handle\/","url":"https:\/\/aaknives.eu\/fi\/product\/knife-zeus-steel-elmax-superclean-stabilized-karelian-birch-handle\/","name":"Knife ''ZEUS\" (steel ''Elmax'' SuperClean), stabilized karelian birch handle - AAKnives","isPartOf":{"@id":"https:\/\/aaknives.eu\/fi\/#website"},"primaryImageOfPage":{"@id":"https:\/\/aaknives.eu\/fi\/product\/knife-zeus-steel-elmax-superclean-stabilized-karelian-birch-handle\/#primaryimage"},"image":{"@id":"https:\/\/aaknives.eu\/fi\/product\/knife-zeus-steel-elmax-superclean-stabilized-karelian-birch-handle\/#primaryimage"},"thumbnailUrl":"https:\/\/aaknives.eu\/wp-content\/uploads\/2021\/09\/aaknives-hand-forged-damascus-steel-blade-knife-handmade-custom-made-knife-handcrafted-knives-autinetools-northmen-29.jpg","datePublished":"2021-09-20T20:29:37+00:00","dateModified":"2026-03-03T19:56:44+00:00","description":"Knife ''ZEUS\" Swedish Steel Uddeholm ''Elmax'' SuperClean, sandblasted. Elmax-veitset eiv\u00e4t pyri korroosioon. Kest\u00e4\u00e4 sivuttaiskuormitusta ja taivutuksia.","breadcrumb":{"@id":"https:\/\/aaknives.eu\/fi\/product\/knife-zeus-steel-elmax-superclean-stabilized-karelian-birch-handle\/#breadcrumb"},"inLanguage":"fi","potentialAction":[{"@type":"ReadAction","target":["https:\/\/aaknives.eu\/fi\/product\/knife-zeus-steel-elmax-superclean-stabilized-karelian-birch-handle\/"]}]},{"@type":"ImageObject","inLanguage":"fi","@id":"https:\/\/aaknives.eu\/fi\/product\/knife-zeus-steel-elmax-superclean-stabilized-karelian-birch-handle\/#primaryimage","url":"https:\/\/aaknives.eu\/wp-content\/uploads\/2021\/09\/aaknives-hand-forged-damascus-steel-blade-knife-handmade-custom-made-knife-handcrafted-knives-autinetools-northmen-29.jpg","contentUrl":"https:\/\/aaknives.eu\/wp-content\/uploads\/2021\/09\/aaknives-hand-forged-damascus-steel-blade-knife-handmade-custom-made-knife-handcrafted-knives-autinetools-northmen-29.jpg","width":1020,"height":880},{"@type":"BreadcrumbList","@id":"https:\/\/aaknives.eu\/fi\/product\/knife-zeus-steel-elmax-superclean-stabilized-karelian-birch-handle\/#breadcrumb","itemListElement":[{"@type":"ListItem","position":1,"name":"Home","item":"https:\/\/aaknives.eu\/fi\/"},{"@type":"ListItem","position":2,"name":"Kauppa","item":"https:\/\/aaknives.eu\/kauppa\/"},{"@type":"ListItem","position":3,"name":"Knife &#8221;ZEUS&#8221; (steel &#8221;Elmax&#8221; SuperClean), stabilized karelian birch handle"}]},{"@type":"WebSite","@id":"https:\/\/aaknives.eu\/fi\/#website","url":"https:\/\/aaknives.eu\/fi\/","name":"AAKnives","description":"Handmade knives","publisher":{"@id":"https:\/\/aaknives.eu\/fi\/#organization"},"alternateName":"Anri Ananin Knives","potentialAction":[{"@type":"SearchAction","target":{"@type":"EntryPoint","urlTemplate":"https:\/\/aaknives.eu\/fi\/?s={search_term_string}"},"query-input":{"@type":"PropertyValueSpecification","valueRequired":true,"valueName":"search_term_string"}}],"inLanguage":"fi"},{"@type":"Organization","@id":"https:\/\/aaknives.eu\/fi\/#organization","name":"AAKnives","url":"https:\/\/aaknives.eu\/fi\/","logo":{"@type":"ImageObject","inLanguage":"fi","@id":"https:\/\/aaknives.eu\/fi\/#\/schema\/logo\/image\/","url":"https:\/\/aaknives.eu\/wp-content\/uploads\/2021\/10\/AAknives_Logo_Green.png","contentUrl":"https:\/\/aaknives.eu\/wp-content\/uploads\/2021\/10\/AAknives_Logo_Green.png","width":1768,"height":1768,"caption":"AAKnives"},"image":{"@id":"https:\/\/aaknives.eu\/fi\/#\/schema\/logo\/image\/"},"sameAs":["https:\/\/www.facebook.com\/aaknives.eu\/","https:\/\/www.instagram.com\/aaknives\/","https:\/\/www.pinterest.com\/aa_knives\/","https:\/\/www.youtube.com\/@aaknives9518"]}]}},"_links":{"self":[{"href":"https:\/\/aaknives.eu\/fi\/wp-json\/wp\/v2\/product\/62456","targetHints":{"allow":["GET"]}}],"collection":[{"href":"https:\/\/aaknives.eu\/fi\/wp-json\/wp\/v2\/product"}],"about":[{"href":"https:\/\/aaknives.eu\/fi\/wp-json\/wp\/v2\/types\/product"}],"wp:featuredmedia":[{"embeddable":true,"href":"https:\/\/aaknives.eu\/fi\/wp-json\/wp\/v2\/media\/108668"}],"wp:attachment":[{"href":"https:\/\/aaknives.eu\/fi\/wp-json\/wp\/v2\/media?parent=62456"}],"wp:term":[{"taxonomy":"product_brand","embeddable":true,"href":"https:\/\/aaknives.eu\/fi\/wp-json\/wp\/v2\/product_brand?post=62456"},{"taxonomy":"product_cat","embeddable":true,"href":"https:\/\/aaknives.eu\/fi\/wp-json\/wp\/v2\/product_cat?post=62456"},{"taxonomy":"product_tag","embeddable":true,"href":"https:\/\/aaknives.eu\/fi\/wp-json\/wp\/v2\/product_tag?post=62456"}],"curies":[{"name":"wp","href":"https:\/\/api.w.org\/{rel}","templated":true}]}}