{"id":62550,"date":"2021-09-20T20:26:48","date_gmt":"2021-09-20T20:26:48","guid":{"rendered":"https:\/\/aaknives.eu\/product\/gritalon-teroituskivi-450-20-mm-kk\/"},"modified":"2021-09-20T20:26:48","modified_gmt":"2021-09-20T20:26:48","slug":"gritalon-teroituskivi-450-20-mm-kk","status":"publish","type":"product","link":"https:\/\/aaknives.eu\/fi\/product\/gritalon-teroituskivi-450-20-mm-kk\/","title":{"rendered":"GRITALON teroituskivi 450, 20 mm (KK)"},"content":{"rendered":"<p>GRITALON teroituskivi 450, 20 mm (KK)<\/p>\n<p>GRITALON-hiomavesikivelle on ominaista suurempi hioma-ainepitoisuus tilavuusyksikk\u00f6\u00e4 kohti ja v\u00e4himm\u00e4ism\u00e4\u00e4r\u00e4 sideainetta, mik\u00e4 v\u00e4hent\u00e4\u00e4 kiven kulumista.<\/p>\n<p>Teroitus hiomarakeet kivirakenteessa ovat tukevasti kiinni.<\/p>\n<p>Hapstone-, TSProf-, ZHUK- ja Edge Pro -veitsenteroittimille.<\/p>\n<p>&nbsp;<\/p>\n<p>&nbsp;<\/p>\n","protected":false},"excerpt":{"rendered":"<p>GRITALON teroituskivi 450, 20 mm (KK) GRITALON-hiomavesikivelle on ominaista suurempi hioma-ainepitoisuus tilavuusyksikk\u00f6\u00e4 kohti ja v\u00e4himm\u00e4ism\u00e4\u00e4r\u00e4 sideainetta, mik\u00e4 v\u00e4hent\u00e4\u00e4 kiven kulumista. Teroitus hiomarakeet kivirakenteessa ovat tukevasti kiinni. Hapstone-, TSProf-, ZHUK- ja Edge Pro -veitsenteroittimille. &nbsp; &nbsp;<\/p>\n","protected":false},"featured_media":62551,"template":"","meta":{"_themeisle_gutenberg_block_has_review":false},"product_brand":[],"product_cat":[476,468,467],"product_tag":[],"class_list":{"0":"post-62550","1":"product","2":"type-product","3":"status-publish","4":"has-post-thumbnail","6":"product_cat-luokittelematon","7":"product_cat-myynti","8":"product_cat-veitsen-teroitus-veitsen-teroittimet","10":"first","11":"instock","12":"sale","13":"shipping-taxable","14":"purchasable","15":"product-type-simple"},"yoast_head":"<!-- This site is optimized with the Yoast SEO plugin v27.3 - https:\/\/yoast.com\/product\/yoast-seo-wordpress\/ -->\n<title>GRITALON teroituskivi 450, 20 mm (KK) - AAKnives<\/title>\n<meta name=\"robots\" content=\"index, follow, max-snippet:-1, max-image-preview:large, max-video-preview:-1\" \/>\n<link rel=\"canonical\" href=\"https:\/\/aaknives.eu\/fi\/product\/gritalon-teroituskivi-450-20-mm-kk\/\" \/>\n<meta property=\"og:locale\" content=\"fi_FI\" \/>\n<meta property=\"og:type\" content=\"article\" \/>\n<meta property=\"og:title\" content=\"GRITALON teroituskivi 450, 20 mm (KK) - AAKnives\" \/>\n<meta property=\"og:description\" content=\"GRITALON teroituskivi 450, 20 mm (KK) GRITALON-hiomavesikivelle on ominaista suurempi hioma-ainepitoisuus tilavuusyksikk\u00f6\u00e4 kohti ja v\u00e4himm\u00e4ism\u00e4\u00e4r\u00e4 sideainetta, mik\u00e4 v\u00e4hent\u00e4\u00e4 kiven kulumista. Teroitus hiomarakeet kivirakenteessa ovat tukevasti kiinni. Hapstone-, TSProf-, ZHUK- ja Edge Pro -veitsenteroittimille. &nbsp; &nbsp;\" \/>\n<meta property=\"og:url\" content=\"https:\/\/aaknives.eu\/fi\/product\/gritalon-teroituskivi-450-20-mm-kk\/\" \/>\n<meta property=\"og:site_name\" content=\"AAKnives\" \/>\n<meta property=\"article:publisher\" content=\"https:\/\/www.facebook.com\/aaknives.eu\/\" \/>\n<meta property=\"og:image\" content=\"https:\/\/aaknives.eu\/wp-content\/uploads\/2021\/09\/aaknives-aaknife-forged-damascus-steel-blade-hand-forged-elmax-knife-handmade-custom-made-knife-handcrafted-knives-10-1.jpg\" \/>\n\t<meta property=\"og:image:width\" content=\"600\" \/>\n\t<meta property=\"og:image:height\" content=\"600\" \/>\n\t<meta property=\"og:image:type\" content=\"image\/jpeg\" \/>\n<meta name=\"twitter:card\" content=\"summary_large_image\" \/>\n<script type=\"application\/ld+json\" class=\"yoast-schema-graph\">{\"@context\":\"https:\\\/\\\/schema.org\",\"@graph\":[{\"@type\":\"WebPage\",\"@id\":\"https:\\\/\\\/aaknives.eu\\\/fi\\\/product\\\/gritalon-teroituskivi-450-20-mm-kk\\\/\",\"url\":\"https:\\\/\\\/aaknives.eu\\\/fi\\\/product\\\/gritalon-teroituskivi-450-20-mm-kk\\\/\",\"name\":\"GRITALON teroituskivi 450, 20 mm (KK) - AAKnives\",\"isPartOf\":{\"@id\":\"https:\\\/\\\/aaknives.eu\\\/fi\\\/#website\"},\"primaryImageOfPage\":{\"@id\":\"https:\\\/\\\/aaknives.eu\\\/fi\\\/product\\\/gritalon-teroituskivi-450-20-mm-kk\\\/#primaryimage\"},\"image\":{\"@id\":\"https:\\\/\\\/aaknives.eu\\\/fi\\\/product\\\/gritalon-teroituskivi-450-20-mm-kk\\\/#primaryimage\"},\"thumbnailUrl\":\"https:\\\/\\\/aaknives.eu\\\/wp-content\\\/uploads\\\/2021\\\/09\\\/aaknives-aaknife-forged-damascus-steel-blade-hand-forged-elmax-knife-handmade-custom-made-knife-handcrafted-knives-10-1.jpg\",\"datePublished\":\"2021-09-20T20:26:48+00:00\",\"breadcrumb\":{\"@id\":\"https:\\\/\\\/aaknives.eu\\\/fi\\\/product\\\/gritalon-teroituskivi-450-20-mm-kk\\\/#breadcrumb\"},\"inLanguage\":\"fi\",\"potentialAction\":[{\"@type\":\"ReadAction\",\"target\":[\"https:\\\/\\\/aaknives.eu\\\/fi\\\/product\\\/gritalon-teroituskivi-450-20-mm-kk\\\/\"]}]},{\"@type\":\"ImageObject\",\"inLanguage\":\"fi\",\"@id\":\"https:\\\/\\\/aaknives.eu\\\/fi\\\/product\\\/gritalon-teroituskivi-450-20-mm-kk\\\/#primaryimage\",\"url\":\"https:\\\/\\\/aaknives.eu\\\/wp-content\\\/uploads\\\/2021\\\/09\\\/aaknives-aaknife-forged-damascus-steel-blade-hand-forged-elmax-knife-handmade-custom-made-knife-handcrafted-knives-10-1.jpg\",\"contentUrl\":\"https:\\\/\\\/aaknives.eu\\\/wp-content\\\/uploads\\\/2021\\\/09\\\/aaknives-aaknife-forged-damascus-steel-blade-hand-forged-elmax-knife-handmade-custom-made-knife-handcrafted-knives-10-1.jpg\",\"width\":600,\"height\":600,\"caption\":\"aaknives-aaknife-forged-damascus-steel-blade-hand-forged-elmax-knife-handmade-custom-made-knife-handcrafted-knives-10-1\"},{\"@type\":\"BreadcrumbList\",\"@id\":\"https:\\\/\\\/aaknives.eu\\\/fi\\\/product\\\/gritalon-teroituskivi-450-20-mm-kk\\\/#breadcrumb\",\"itemListElement\":[{\"@type\":\"ListItem\",\"position\":1,\"name\":\"Home\",\"item\":\"https:\\\/\\\/aaknives.eu\\\/fi\\\/\"},{\"@type\":\"ListItem\",\"position\":2,\"name\":\"Kauppa\",\"item\":\"https:\\\/\\\/aaknives.eu\\\/kauppa\\\/\"},{\"@type\":\"ListItem\",\"position\":3,\"name\":\"GRITALON teroituskivi 450, 20 mm (KK)\"}]},{\"@type\":\"WebSite\",\"@id\":\"https:\\\/\\\/aaknives.eu\\\/fi\\\/#website\",\"url\":\"https:\\\/\\\/aaknives.eu\\\/fi\\\/\",\"name\":\"AAKnives\",\"description\":\"Handmade knives\",\"publisher\":{\"@id\":\"https:\\\/\\\/aaknives.eu\\\/fi\\\/#organization\"},\"potentialAction\":[{\"@type\":\"SearchAction\",\"target\":{\"@type\":\"EntryPoint\",\"urlTemplate\":\"https:\\\/\\\/aaknives.eu\\\/fi\\\/?s={search_term_string}\"},\"query-input\":{\"@type\":\"PropertyValueSpecification\",\"valueRequired\":true,\"valueName\":\"search_term_string\"}}],\"inLanguage\":\"fi\"},{\"@type\":\"Organization\",\"@id\":\"https:\\\/\\\/aaknives.eu\\\/fi\\\/#organization\",\"name\":\"AAKnives\",\"url\":\"https:\\\/\\\/aaknives.eu\\\/fi\\\/\",\"logo\":{\"@type\":\"ImageObject\",\"inLanguage\":\"fi\",\"@id\":\"https:\\\/\\\/aaknives.eu\\\/fi\\\/#\\\/schema\\\/logo\\\/image\\\/\",\"url\":\"https:\\\/\\\/aaknives.eu\\\/wp-content\\\/uploads\\\/2021\\\/10\\\/AAknives_Logo_Green.png\",\"contentUrl\":\"https:\\\/\\\/aaknives.eu\\\/wp-content\\\/uploads\\\/2021\\\/10\\\/AAknives_Logo_Green.png\",\"width\":1768,\"height\":1768,\"caption\":\"AAKnives\"},\"image\":{\"@id\":\"https:\\\/\\\/aaknives.eu\\\/fi\\\/#\\\/schema\\\/logo\\\/image\\\/\"},\"sameAs\":[\"https:\\\/\\\/www.facebook.com\\\/aaknives.eu\\\/\",\"https:\\\/\\\/www.instagram.com\\\/aaknives\\\/\",\"https:\\\/\\\/www.pinterest.com\\\/aa_knives\\\/\",\"https:\\\/\\\/www.youtube.com\\\/channel\\\/UCHOQFjrOkgT6s4FIw9LDKyw\\\/featured\"]}]}<\/script>\n<!-- \/ Yoast SEO plugin. -->","yoast_head_json":{"title":"GRITALON teroituskivi 450, 20 mm (KK) - AAKnives","robots":{"index":"index","follow":"follow","max-snippet":"max-snippet:-1","max-image-preview":"max-image-preview:large","max-video-preview":"max-video-preview:-1"},"canonical":"https:\/\/aaknives.eu\/fi\/product\/gritalon-teroituskivi-450-20-mm-kk\/","og_locale":"fi_FI","og_type":"article","og_title":"GRITALON teroituskivi 450, 20 mm (KK) - AAKnives","og_description":"GRITALON teroituskivi 450, 20 mm (KK) GRITALON-hiomavesikivelle on ominaista suurempi hioma-ainepitoisuus tilavuusyksikk\u00f6\u00e4 kohti ja v\u00e4himm\u00e4ism\u00e4\u00e4r\u00e4 sideainetta, mik\u00e4 v\u00e4hent\u00e4\u00e4 kiven kulumista. Teroitus hiomarakeet kivirakenteessa ovat tukevasti kiinni. Hapstone-, TSProf-, ZHUK- ja Edge Pro -veitsenteroittimille. &nbsp; &nbsp;","og_url":"https:\/\/aaknives.eu\/fi\/product\/gritalon-teroituskivi-450-20-mm-kk\/","og_site_name":"AAKnives","article_publisher":"https:\/\/www.facebook.com\/aaknives.eu\/","og_image":[{"width":600,"height":600,"url":"https:\/\/aaknives.eu\/wp-content\/uploads\/2021\/09\/aaknives-aaknife-forged-damascus-steel-blade-hand-forged-elmax-knife-handmade-custom-made-knife-handcrafted-knives-10-1.jpg","type":"image\/jpeg"}],"twitter_card":"summary_large_image","schema":{"@context":"https:\/\/schema.org","@graph":[{"@type":"WebPage","@id":"https:\/\/aaknives.eu\/fi\/product\/gritalon-teroituskivi-450-20-mm-kk\/","url":"https:\/\/aaknives.eu\/fi\/product\/gritalon-teroituskivi-450-20-mm-kk\/","name":"GRITALON teroituskivi 450, 20 mm (KK) - AAKnives","isPartOf":{"@id":"https:\/\/aaknives.eu\/fi\/#website"},"primaryImageOfPage":{"@id":"https:\/\/aaknives.eu\/fi\/product\/gritalon-teroituskivi-450-20-mm-kk\/#primaryimage"},"image":{"@id":"https:\/\/aaknives.eu\/fi\/product\/gritalon-teroituskivi-450-20-mm-kk\/#primaryimage"},"thumbnailUrl":"https:\/\/aaknives.eu\/wp-content\/uploads\/2021\/09\/aaknives-aaknife-forged-damascus-steel-blade-hand-forged-elmax-knife-handmade-custom-made-knife-handcrafted-knives-10-1.jpg","datePublished":"2021-09-20T20:26:48+00:00","breadcrumb":{"@id":"https:\/\/aaknives.eu\/fi\/product\/gritalon-teroituskivi-450-20-mm-kk\/#breadcrumb"},"inLanguage":"fi","potentialAction":[{"@type":"ReadAction","target":["https:\/\/aaknives.eu\/fi\/product\/gritalon-teroituskivi-450-20-mm-kk\/"]}]},{"@type":"ImageObject","inLanguage":"fi","@id":"https:\/\/aaknives.eu\/fi\/product\/gritalon-teroituskivi-450-20-mm-kk\/#primaryimage","url":"https:\/\/aaknives.eu\/wp-content\/uploads\/2021\/09\/aaknives-aaknife-forged-damascus-steel-blade-hand-forged-elmax-knife-handmade-custom-made-knife-handcrafted-knives-10-1.jpg","contentUrl":"https:\/\/aaknives.eu\/wp-content\/uploads\/2021\/09\/aaknives-aaknife-forged-damascus-steel-blade-hand-forged-elmax-knife-handmade-custom-made-knife-handcrafted-knives-10-1.jpg","width":600,"height":600,"caption":"aaknives-aaknife-forged-damascus-steel-blade-hand-forged-elmax-knife-handmade-custom-made-knife-handcrafted-knives-10-1"},{"@type":"BreadcrumbList","@id":"https:\/\/aaknives.eu\/fi\/product\/gritalon-teroituskivi-450-20-mm-kk\/#breadcrumb","itemListElement":[{"@type":"ListItem","position":1,"name":"Home","item":"https:\/\/aaknives.eu\/fi\/"},{"@type":"ListItem","position":2,"name":"Kauppa","item":"https:\/\/aaknives.eu\/kauppa\/"},{"@type":"ListItem","position":3,"name":"GRITALON teroituskivi 450, 20 mm (KK)"}]},{"@type":"WebSite","@id":"https:\/\/aaknives.eu\/fi\/#website","url":"https:\/\/aaknives.eu\/fi\/","name":"AAKnives","description":"Handmade knives","publisher":{"@id":"https:\/\/aaknives.eu\/fi\/#organization"},"potentialAction":[{"@type":"SearchAction","target":{"@type":"EntryPoint","urlTemplate":"https:\/\/aaknives.eu\/fi\/?s={search_term_string}"},"query-input":{"@type":"PropertyValueSpecification","valueRequired":true,"valueName":"search_term_string"}}],"inLanguage":"fi"},{"@type":"Organization","@id":"https:\/\/aaknives.eu\/fi\/#organization","name":"AAKnives","url":"https:\/\/aaknives.eu\/fi\/","logo":{"@type":"ImageObject","inLanguage":"fi","@id":"https:\/\/aaknives.eu\/fi\/#\/schema\/logo\/image\/","url":"https:\/\/aaknives.eu\/wp-content\/uploads\/2021\/10\/AAknives_Logo_Green.png","contentUrl":"https:\/\/aaknives.eu\/wp-content\/uploads\/2021\/10\/AAknives_Logo_Green.png","width":1768,"height":1768,"caption":"AAKnives"},"image":{"@id":"https:\/\/aaknives.eu\/fi\/#\/schema\/logo\/image\/"},"sameAs":["https:\/\/www.facebook.com\/aaknives.eu\/","https:\/\/www.instagram.com\/aaknives\/","https:\/\/www.pinterest.com\/aa_knives\/","https:\/\/www.youtube.com\/channel\/UCHOQFjrOkgT6s4FIw9LDKyw\/featured"]}]}},"_links":{"self":[{"href":"https:\/\/aaknives.eu\/fi\/wp-json\/wp\/v2\/product\/62550","targetHints":{"allow":["GET"]}}],"collection":[{"href":"https:\/\/aaknives.eu\/fi\/wp-json\/wp\/v2\/product"}],"about":[{"href":"https:\/\/aaknives.eu\/fi\/wp-json\/wp\/v2\/types\/product"}],"wp:featuredmedia":[{"embeddable":true,"href":"https:\/\/aaknives.eu\/fi\/wp-json\/wp\/v2\/media\/62551"}],"wp:attachment":[{"href":"https:\/\/aaknives.eu\/fi\/wp-json\/wp\/v2\/media?parent=62550"}],"wp:term":[{"taxonomy":"product_brand","embeddable":true,"href":"https:\/\/aaknives.eu\/fi\/wp-json\/wp\/v2\/product_brand?post=62550"},{"taxonomy":"product_cat","embeddable":true,"href":"https:\/\/aaknives.eu\/fi\/wp-json\/wp\/v2\/product_cat?post=62550"},{"taxonomy":"product_tag","embeddable":true,"href":"https:\/\/aaknives.eu\/fi\/wp-json\/wp\/v2\/product_tag?post=62550"}],"curies":[{"name":"wp","href":"https:\/\/api.w.org\/{rel}","templated":true}]}}