{"id":62686,"date":"2021-09-20T20:25:35","date_gmt":"2021-09-20T20:25:35","guid":{"rendered":"https:\/\/aaknives.eu\/product\/latvialainen-moottoriveitsi-lachplesis-4-taottu-ruostumaton-teras\/"},"modified":"2024-08-28T15:11:19","modified_gmt":"2024-08-28T15:11:19","slug":"latvialainen-moottoriveitsi-lachplesis-4-taottu-ruostumaton-teras","status":"publish","type":"product","link":"https:\/\/aaknives.eu\/fi\/product\/latvialainen-moottoriveitsi-lachplesis-4-taottu-ruostumaton-teras\/","title":{"rendered":"Latvialainen moottoriveitsi &#8221;LACHPLESIS-4&#8221;, taottu ruostumaton ter\u00e4s."},"content":{"rendered":"<p>JUMIS &#8211; KAIVON MERKKI &#8211; USINSH &#8211; MARAN RISTI &#8211; UKKOSEN RISTI &#8211; AUSTRA PUU &#8211; AUSEKLIS &#8211; ADDER<\/p>\n<p>Veitsen tekniset tiedot: &#8221;LACHPLESIS-4&#8221; (Karhunmurhaaja).<br \/>\nTer\u00e4s: taottu ruostumaton ter\u00e4s 65H13<br \/>\nKovuus: 57-58 HRC<br \/>\nTer\u00e4n pituus (mm): 125 \/ 4,92 tuumaa<br \/>\nTer\u00e4n paksuus (mm): Ter\u00e4n paksuus: 3 \/0,07 tuumaa<br \/>\nTer\u00e4n leveys (mm): 35 \/1,37 tuumaa<br \/>\nKahva: Zebrano puu<br \/>\nKokonaispituus (mm): 253 \/ 9,96<\/p>\n<p>12C27-ter\u00e4s on osa Sandvikin ter\u00e4sperhett\u00e4. Se on heikkolaatuinen korkealaatuinen kromiter\u00e4s, joka on eritt\u00e4in suosittu veitsiteollisuudessa, koska sen kulutuskest\u00e4vyys, korroosionkest\u00e4vyys ja suuri kovuus ovat sen t\u00e4rkeimm\u00e4t ominaisuudet, jotka tekev\u00e4t siit\u00e4 ihanteellisen veitsiter\u00e4ksen.<\/p>\n<p>Lis\u00e4ksi 12C27-ter\u00e4s teroittuu suhteellisen nopeasti, toisin kuin muut kromiter\u00e4kset, joiden teroittuminen kest\u00e4\u00e4 kauan kromikarbidien vastustuskyvyn vuoksi. Sandvik 12C27 -ter\u00e4st\u00e4 k\u00e4ytet\u00e4\u00e4n yleisesti mets\u00e4stysveitsiss\u00e4, taskuveitsiss\u00e4, kalastusveitsiss\u00e4, retkeilyveitsiss\u00e4, taktisissa veitsiss\u00e4, luistimen teriss\u00e4 ja j\u00e4\u00e4porissa.<\/p>\n<p>Korkean kromipitoisuutensa ansiosta 12C27-ter\u00e4s kest\u00e4\u00e4 korroosiota ja ruostetta. Koska se on valmistettu ruostumattomasta ter\u00e4ksest\u00e4, se on my\u00f6s tahrankest\u00e4v\u00e4.<\/p>\n<p>Et kuitenkaan voi odottaa, ett\u00e4 t\u00e4m\u00e4 ter\u00e4ksinen veitsi pysyy vedess\u00e4 ruostumattomana p\u00e4iv\u00e4kausia. Jos haluat, ett\u00e4 t\u00e4st\u00e4 ter\u00e4ksest\u00e4 valmistetut ter\u00e4t kest\u00e4v\u00e4t vuosikymmeni\u00e4, ne on kuivattava ja \u00f6ljytt\u00e4v\u00e4 jokaisen k\u00e4ytt\u00f6kerran j\u00e4lkeen tai jos aiot s\u00e4ilytt\u00e4\u00e4 niit\u00e4 pidemm\u00e4n aikaa.<\/p>\n","protected":false},"excerpt":{"rendered":"<p>JUMIS &#8211; KAIVON MERKKI &#8211; USINSH &#8211; MARAN RISTI &#8211; UKKOSEN RISTI &#8211; AUSTRA PUU &#8211; AUSEKLIS &#8211; ADDER Veitsen tekniset tiedot: &#8221;LACHPLESIS-4&#8221; (Karhunmurhaaja). Ter\u00e4s: taottu ruostumaton ter\u00e4s 65H13 Kovuus: 57-58 HRC Ter\u00e4n pituus (mm): 125 \/ 4,92 tuumaa Ter\u00e4n paksuus (mm): Ter\u00e4n paksuus: 3 \/0,07 tuumaa Ter\u00e4n leveys (mm): 35 \/1,37 tuumaa Kahva: Zebrano puu Kokonaispituus (mm): 253 \/ 9,96 12C27-ter\u00e4s on osa Sandvikin ter\u00e4sperhett\u00e4. Se on heikkolaatuinen korkealaatuinen kromiter\u00e4s, joka on eritt\u00e4in suosittu veitsiteollisuudessa, koska sen kulutuskest\u00e4vyys, korroosionkest\u00e4vyys ja suuri kovuus ovat sen t\u00e4rkeimm\u00e4t ominaisuudet, jotka tekev\u00e4t siit\u00e4 ihanteellisen veitsiter\u00e4ksen. Lis\u00e4ksi 12C27-ter\u00e4s teroittuu suhteellisen nopeasti, toisin kuin muut&hellip;<\/p>\n","protected":false},"featured_media":67530,"template":"","meta":{"_themeisle_gutenberg_block_has_review":false},"product_brand":[],"product_cat":[456,481,453,452],"product_tag":[],"class_list":{"0":"post-62686","1":"product","2":"type-product","3":"status-publish","4":"has-post-thumbnail","6":"product_cat-kalastusveitset","7":"product_cat-latvialaiset-voimaveitset","8":"product_cat-metsastysveitset","9":"product_cat-ulkoveitset","11":"first","12":"instock","13":"shipping-taxable","14":"purchasable","15":"product-type-simple"},"yoast_head":"<!-- This site is optimized with the Yoast SEO plugin v27.5 - https:\/\/yoast.com\/product\/yoast-seo-wordpress\/ -->\n<title>Latvialainen moottoriveitsi &#039;&#039;LACHPLESIS-4&#039;&#039;, taottu ruostumaton ter\u00e4s. - AAKnives<\/title>\n<meta name=\"description\" content=\"Latvialainen moottoriveitsi &#039;&#039;LACHPLESIS-4&#039;&#039;, taottu ruostumaton ter\u00e4s.\" \/>\n<meta name=\"robots\" content=\"index, follow, max-snippet:-1, max-image-preview:large, max-video-preview:-1\" \/>\n<link rel=\"canonical\" href=\"https:\/\/aaknives.eu\/fi\/product\/latvialainen-moottoriveitsi-lachplesis-4-taottu-ruostumaton-teras\/\" \/>\n<meta property=\"og:locale\" content=\"fi_FI\" \/>\n<meta property=\"og:type\" content=\"article\" \/>\n<meta property=\"og:title\" content=\"Latvialainen moottoriveitsi &#039;&#039;LACHPLESIS-4&#039;&#039;, taottu ruostumaton ter\u00e4s. - AAKnives\" \/>\n<meta property=\"og:description\" content=\"Latvialainen moottoriveitsi &#039;&#039;LACHPLESIS-4&#039;&#039;, taottu ruostumaton ter\u00e4s.\" \/>\n<meta property=\"og:url\" content=\"https:\/\/aaknives.eu\/fi\/product\/latvialainen-moottoriveitsi-lachplesis-4-taottu-ruostumaton-teras\/\" \/>\n<meta property=\"og:site_name\" content=\"AAKnives\" \/>\n<meta property=\"article:publisher\" content=\"https:\/\/www.facebook.com\/aaknives.eu\/\" \/>\n<meta property=\"article:modified_time\" content=\"2024-08-28T15:11:19+00:00\" \/>\n<meta property=\"og:image\" content=\"https:\/\/aaknives.eu\/wp-content\/uploads\/2021\/09\/aaknives-hand-forged-dabascus-steel-blade-knife-handmade-custom-made-knife-handcrafted-knives-autinetools-northmen-27.3-2.jpg\" \/>\n\t<meta property=\"og:image:width\" content=\"1020\" \/>\n\t<meta property=\"og:image:height\" content=\"880\" \/>\n\t<meta property=\"og:image:type\" content=\"image\/jpeg\" \/>\n<meta name=\"twitter:card\" content=\"summary_large_image\" \/>\n<meta name=\"twitter:label1\" content=\"Arvioitu lukuaika\" \/>\n\t<meta name=\"twitter:data1\" content=\"1 minuutti\" \/>\n<script type=\"application\/ld+json\" class=\"yoast-schema-graph\">{\"@context\":\"https:\\\/\\\/schema.org\",\"@graph\":[{\"@type\":\"WebPage\",\"@id\":\"https:\\\/\\\/aaknives.eu\\\/fi\\\/product\\\/latvialainen-moottoriveitsi-lachplesis-4-taottu-ruostumaton-teras\\\/\",\"url\":\"https:\\\/\\\/aaknives.eu\\\/fi\\\/product\\\/latvialainen-moottoriveitsi-lachplesis-4-taottu-ruostumaton-teras\\\/\",\"name\":\"Latvialainen moottoriveitsi ''LACHPLESIS-4'', taottu ruostumaton ter\u00e4s. - AAKnives\",\"isPartOf\":{\"@id\":\"https:\\\/\\\/aaknives.eu\\\/fi\\\/#website\"},\"primaryImageOfPage\":{\"@id\":\"https:\\\/\\\/aaknives.eu\\\/fi\\\/product\\\/latvialainen-moottoriveitsi-lachplesis-4-taottu-ruostumaton-teras\\\/#primaryimage\"},\"image\":{\"@id\":\"https:\\\/\\\/aaknives.eu\\\/fi\\\/product\\\/latvialainen-moottoriveitsi-lachplesis-4-taottu-ruostumaton-teras\\\/#primaryimage\"},\"thumbnailUrl\":\"https:\\\/\\\/aaknives.eu\\\/wp-content\\\/uploads\\\/2021\\\/09\\\/aaknives-hand-forged-dabascus-steel-blade-knife-handmade-custom-made-knife-handcrafted-knives-autinetools-northmen-27.3-2.jpg\",\"datePublished\":\"2021-09-20T20:25:35+00:00\",\"dateModified\":\"2024-08-28T15:11:19+00:00\",\"description\":\"Latvialainen moottoriveitsi ''LACHPLESIS-4'', taottu ruostumaton ter\u00e4s.\",\"breadcrumb\":{\"@id\":\"https:\\\/\\\/aaknives.eu\\\/fi\\\/product\\\/latvialainen-moottoriveitsi-lachplesis-4-taottu-ruostumaton-teras\\\/#breadcrumb\"},\"inLanguage\":\"fi\",\"potentialAction\":[{\"@type\":\"ReadAction\",\"target\":[\"https:\\\/\\\/aaknives.eu\\\/fi\\\/product\\\/latvialainen-moottoriveitsi-lachplesis-4-taottu-ruostumaton-teras\\\/\"]}]},{\"@type\":\"ImageObject\",\"inLanguage\":\"fi\",\"@id\":\"https:\\\/\\\/aaknives.eu\\\/fi\\\/product\\\/latvialainen-moottoriveitsi-lachplesis-4-taottu-ruostumaton-teras\\\/#primaryimage\",\"url\":\"https:\\\/\\\/aaknives.eu\\\/wp-content\\\/uploads\\\/2021\\\/09\\\/aaknives-hand-forged-dabascus-steel-blade-knife-handmade-custom-made-knife-handcrafted-knives-autinetools-northmen-27.3-2.jpg\",\"contentUrl\":\"https:\\\/\\\/aaknives.eu\\\/wp-content\\\/uploads\\\/2021\\\/09\\\/aaknives-hand-forged-dabascus-steel-blade-knife-handmade-custom-made-knife-handcrafted-knives-autinetools-northmen-27.3-2.jpg\",\"width\":1020,\"height\":880},{\"@type\":\"BreadcrumbList\",\"@id\":\"https:\\\/\\\/aaknives.eu\\\/fi\\\/product\\\/latvialainen-moottoriveitsi-lachplesis-4-taottu-ruostumaton-teras\\\/#breadcrumb\",\"itemListElement\":[{\"@type\":\"ListItem\",\"position\":1,\"name\":\"Home\",\"item\":\"https:\\\/\\\/aaknives.eu\\\/fi\\\/\"},{\"@type\":\"ListItem\",\"position\":2,\"name\":\"Kauppa\",\"item\":\"https:\\\/\\\/aaknives.eu\\\/kauppa\\\/\"},{\"@type\":\"ListItem\",\"position\":3,\"name\":\"Latvialainen moottoriveitsi &#8221;LACHPLESIS-4&#8221;, taottu ruostumaton ter\u00e4s.\"}]},{\"@type\":\"WebSite\",\"@id\":\"https:\\\/\\\/aaknives.eu\\\/fi\\\/#website\",\"url\":\"https:\\\/\\\/aaknives.eu\\\/fi\\\/\",\"name\":\"AAKnives\",\"description\":\"Handmade knives\",\"publisher\":{\"@id\":\"https:\\\/\\\/aaknives.eu\\\/fi\\\/#organization\"},\"potentialAction\":[{\"@type\":\"SearchAction\",\"target\":{\"@type\":\"EntryPoint\",\"urlTemplate\":\"https:\\\/\\\/aaknives.eu\\\/fi\\\/?s={search_term_string}\"},\"query-input\":{\"@type\":\"PropertyValueSpecification\",\"valueRequired\":true,\"valueName\":\"search_term_string\"}}],\"inLanguage\":\"fi\"},{\"@type\":\"Organization\",\"@id\":\"https:\\\/\\\/aaknives.eu\\\/fi\\\/#organization\",\"name\":\"AAKnives\",\"url\":\"https:\\\/\\\/aaknives.eu\\\/fi\\\/\",\"logo\":{\"@type\":\"ImageObject\",\"inLanguage\":\"fi\",\"@id\":\"https:\\\/\\\/aaknives.eu\\\/fi\\\/#\\\/schema\\\/logo\\\/image\\\/\",\"url\":\"https:\\\/\\\/aaknives.eu\\\/wp-content\\\/uploads\\\/2021\\\/10\\\/AAknives_Logo_Green.png\",\"contentUrl\":\"https:\\\/\\\/aaknives.eu\\\/wp-content\\\/uploads\\\/2021\\\/10\\\/AAknives_Logo_Green.png\",\"width\":1768,\"height\":1768,\"caption\":\"AAKnives\"},\"image\":{\"@id\":\"https:\\\/\\\/aaknives.eu\\\/fi\\\/#\\\/schema\\\/logo\\\/image\\\/\"},\"sameAs\":[\"https:\\\/\\\/www.facebook.com\\\/aaknives.eu\\\/\",\"https:\\\/\\\/www.instagram.com\\\/aaknives\\\/\",\"https:\\\/\\\/www.pinterest.com\\\/aa_knives\\\/\",\"https:\\\/\\\/www.youtube.com\\\/channel\\\/UCHOQFjrOkgT6s4FIw9LDKyw\\\/featured\"]}]}<\/script>\n<!-- \/ Yoast SEO plugin. -->","yoast_head_json":{"title":"Latvialainen moottoriveitsi ''LACHPLESIS-4'', taottu ruostumaton ter\u00e4s. - AAKnives","description":"Latvialainen moottoriveitsi ''LACHPLESIS-4'', taottu ruostumaton ter\u00e4s.","robots":{"index":"index","follow":"follow","max-snippet":"max-snippet:-1","max-image-preview":"max-image-preview:large","max-video-preview":"max-video-preview:-1"},"canonical":"https:\/\/aaknives.eu\/fi\/product\/latvialainen-moottoriveitsi-lachplesis-4-taottu-ruostumaton-teras\/","og_locale":"fi_FI","og_type":"article","og_title":"Latvialainen moottoriveitsi ''LACHPLESIS-4'', taottu ruostumaton ter\u00e4s. - AAKnives","og_description":"Latvialainen moottoriveitsi ''LACHPLESIS-4'', taottu ruostumaton ter\u00e4s.","og_url":"https:\/\/aaknives.eu\/fi\/product\/latvialainen-moottoriveitsi-lachplesis-4-taottu-ruostumaton-teras\/","og_site_name":"AAKnives","article_publisher":"https:\/\/www.facebook.com\/aaknives.eu\/","article_modified_time":"2024-08-28T15:11:19+00:00","og_image":[{"width":1020,"height":880,"url":"https:\/\/aaknives.eu\/wp-content\/uploads\/2021\/09\/aaknives-hand-forged-dabascus-steel-blade-knife-handmade-custom-made-knife-handcrafted-knives-autinetools-northmen-27.3-2.jpg","type":"image\/jpeg"}],"twitter_card":"summary_large_image","twitter_misc":{"Arvioitu lukuaika":"1 minuutti"},"schema":{"@context":"https:\/\/schema.org","@graph":[{"@type":"WebPage","@id":"https:\/\/aaknives.eu\/fi\/product\/latvialainen-moottoriveitsi-lachplesis-4-taottu-ruostumaton-teras\/","url":"https:\/\/aaknives.eu\/fi\/product\/latvialainen-moottoriveitsi-lachplesis-4-taottu-ruostumaton-teras\/","name":"Latvialainen moottoriveitsi ''LACHPLESIS-4'', taottu ruostumaton ter\u00e4s. - AAKnives","isPartOf":{"@id":"https:\/\/aaknives.eu\/fi\/#website"},"primaryImageOfPage":{"@id":"https:\/\/aaknives.eu\/fi\/product\/latvialainen-moottoriveitsi-lachplesis-4-taottu-ruostumaton-teras\/#primaryimage"},"image":{"@id":"https:\/\/aaknives.eu\/fi\/product\/latvialainen-moottoriveitsi-lachplesis-4-taottu-ruostumaton-teras\/#primaryimage"},"thumbnailUrl":"https:\/\/aaknives.eu\/wp-content\/uploads\/2021\/09\/aaknives-hand-forged-dabascus-steel-blade-knife-handmade-custom-made-knife-handcrafted-knives-autinetools-northmen-27.3-2.jpg","datePublished":"2021-09-20T20:25:35+00:00","dateModified":"2024-08-28T15:11:19+00:00","description":"Latvialainen moottoriveitsi ''LACHPLESIS-4'', taottu ruostumaton ter\u00e4s.","breadcrumb":{"@id":"https:\/\/aaknives.eu\/fi\/product\/latvialainen-moottoriveitsi-lachplesis-4-taottu-ruostumaton-teras\/#breadcrumb"},"inLanguage":"fi","potentialAction":[{"@type":"ReadAction","target":["https:\/\/aaknives.eu\/fi\/product\/latvialainen-moottoriveitsi-lachplesis-4-taottu-ruostumaton-teras\/"]}]},{"@type":"ImageObject","inLanguage":"fi","@id":"https:\/\/aaknives.eu\/fi\/product\/latvialainen-moottoriveitsi-lachplesis-4-taottu-ruostumaton-teras\/#primaryimage","url":"https:\/\/aaknives.eu\/wp-content\/uploads\/2021\/09\/aaknives-hand-forged-dabascus-steel-blade-knife-handmade-custom-made-knife-handcrafted-knives-autinetools-northmen-27.3-2.jpg","contentUrl":"https:\/\/aaknives.eu\/wp-content\/uploads\/2021\/09\/aaknives-hand-forged-dabascus-steel-blade-knife-handmade-custom-made-knife-handcrafted-knives-autinetools-northmen-27.3-2.jpg","width":1020,"height":880},{"@type":"BreadcrumbList","@id":"https:\/\/aaknives.eu\/fi\/product\/latvialainen-moottoriveitsi-lachplesis-4-taottu-ruostumaton-teras\/#breadcrumb","itemListElement":[{"@type":"ListItem","position":1,"name":"Home","item":"https:\/\/aaknives.eu\/fi\/"},{"@type":"ListItem","position":2,"name":"Kauppa","item":"https:\/\/aaknives.eu\/kauppa\/"},{"@type":"ListItem","position":3,"name":"Latvialainen moottoriveitsi &#8221;LACHPLESIS-4&#8221;, taottu ruostumaton ter\u00e4s."}]},{"@type":"WebSite","@id":"https:\/\/aaknives.eu\/fi\/#website","url":"https:\/\/aaknives.eu\/fi\/","name":"AAKnives","description":"Handmade knives","publisher":{"@id":"https:\/\/aaknives.eu\/fi\/#organization"},"potentialAction":[{"@type":"SearchAction","target":{"@type":"EntryPoint","urlTemplate":"https:\/\/aaknives.eu\/fi\/?s={search_term_string}"},"query-input":{"@type":"PropertyValueSpecification","valueRequired":true,"valueName":"search_term_string"}}],"inLanguage":"fi"},{"@type":"Organization","@id":"https:\/\/aaknives.eu\/fi\/#organization","name":"AAKnives","url":"https:\/\/aaknives.eu\/fi\/","logo":{"@type":"ImageObject","inLanguage":"fi","@id":"https:\/\/aaknives.eu\/fi\/#\/schema\/logo\/image\/","url":"https:\/\/aaknives.eu\/wp-content\/uploads\/2021\/10\/AAknives_Logo_Green.png","contentUrl":"https:\/\/aaknives.eu\/wp-content\/uploads\/2021\/10\/AAknives_Logo_Green.png","width":1768,"height":1768,"caption":"AAKnives"},"image":{"@id":"https:\/\/aaknives.eu\/fi\/#\/schema\/logo\/image\/"},"sameAs":["https:\/\/www.facebook.com\/aaknives.eu\/","https:\/\/www.instagram.com\/aaknives\/","https:\/\/www.pinterest.com\/aa_knives\/","https:\/\/www.youtube.com\/channel\/UCHOQFjrOkgT6s4FIw9LDKyw\/featured"]}]}},"_links":{"self":[{"href":"https:\/\/aaknives.eu\/fi\/wp-json\/wp\/v2\/product\/62686","targetHints":{"allow":["GET"]}}],"collection":[{"href":"https:\/\/aaknives.eu\/fi\/wp-json\/wp\/v2\/product"}],"about":[{"href":"https:\/\/aaknives.eu\/fi\/wp-json\/wp\/v2\/types\/product"}],"wp:featuredmedia":[{"embeddable":true,"href":"https:\/\/aaknives.eu\/fi\/wp-json\/wp\/v2\/media\/67530"}],"wp:attachment":[{"href":"https:\/\/aaknives.eu\/fi\/wp-json\/wp\/v2\/media?parent=62686"}],"wp:term":[{"taxonomy":"product_brand","embeddable":true,"href":"https:\/\/aaknives.eu\/fi\/wp-json\/wp\/v2\/product_brand?post=62686"},{"taxonomy":"product_cat","embeddable":true,"href":"https:\/\/aaknives.eu\/fi\/wp-json\/wp\/v2\/product_cat?post=62686"},{"taxonomy":"product_tag","embeddable":true,"href":"https:\/\/aaknives.eu\/fi\/wp-json\/wp\/v2\/product_tag?post=62686"}],"curies":[{"name":"wp","href":"https:\/\/api.w.org\/{rel}","templated":true}]}}