{"id":62956,"date":"2021-09-20T20:24:47","date_gmt":"2021-09-20T20:24:47","guid":{"rendered":"https:\/\/aaknives.eu\/product\/latvialainen-voimaveitsi-lachplesis-3-taottu-ruostumaton-teras\/"},"modified":"2024-08-28T15:11:23","modified_gmt":"2024-08-28T15:11:23","slug":"latvialainen-voimaveitsi-lachplesis-3-taottu-ruostumaton-teras","status":"publish","type":"product","link":"https:\/\/aaknives.eu\/fi\/product\/latvialainen-voimaveitsi-lachplesis-3-taottu-ruostumaton-teras\/","title":{"rendered":"Latvialainen voimaveitsi &#8221;LACHPLESIS-3&#8221;, taottu ruostumaton ter\u00e4s."},"content":{"rendered":"<p>JUMIS &#8211; KAIVON MERKKI &#8211; USINSH &#8211; MARAN RISTI &#8211; UKKOSEN RISTI &#8211; AUSTRA PUU &#8211; AUSEKLIS &#8211; ADDER<\/p>\n<p>Veitsen tekniset tiedot: &#8221;LACHPLESIS-3&#8221; (Karhunmurhaaja).<br \/>\nTer\u00e4s: taottu ruostumaton ter\u00e4s 12C27<br \/>\nKovuus: 57-58 HRC<br \/>\nTer\u00e4n pituus (mm): Tuuma: 127 \/ 5 tuumaa<br \/>\nTer\u00e4n paksuus (mm): Ter\u00e4n paksuus: 3 \/0,12 tuumaa<br \/>\nTer\u00e4n leveys (mm): Tuuma: 32 \/1,26 tuumaa<br \/>\nKahva: Bubinga-puu<br \/>\nKokonaispituus (mm): 250 \/ 9,84<\/p>\n<p>&nbsp;<\/p>\n<div class=\"_1i6a\">\n<div class=\"_4po3 _4poa\">\n<div class=\"_4po5\">\n<div class=\"_4po8\">\n<div class=\"_4po9\">\n<div>\n<div>\n<div class=\"_4tdt _ua1\">\n<div class=\"_ua2\">\n<div class=\"_4tdv\">\n<div class=\"_5wd4 _1nc7\">\n<div class=\"._1dlq _h8t\">\n<div class=\"_5wd9 direction_ltr clearfix\">\n<div class=\"_1e-x _n4o\">\n<div class=\"_3_bl\">\n<div class=\"_5w1r _3_om _5wdf\">\n<div class=\"_4gx_\">\n<div class=\"_1aa6\">\n<div class=\"\"><span class=\"_5yl5\">Vaikka Latvian 101-vuotisjuhlavuosi on jo ohi, on silti syyt\u00e4 muistella niit\u00e4 tunteita, jotka jokainen meist\u00e4 muistaa, sill\u00e4 ensimm\u00e4inen satavuotisjuhlavuosi on erityinen ja my\u00f6s tilaisuus el\u00e4\u00e4 sen aikakautta, mutta kansakuntamme juuret ulottuvat kuitenkin paljon kauemmas menneisyyteen. Ajat muuttuvat, ihmiset muuttuvat, mutta joistakin asioista on ajan my\u00f6t\u00e4 tullut l\u00e4hes itsest\u00e4\u00e4nselvyyksi\u00e4, koska ne ovat osa identiteetti\u00e4mme. Latvian merkit. Kudottu v\u00f6ihin, neulottu k\u00e4sineisiin, kaiverrettu kiviin ja aseisiin, joten niiden l\u00e4sn\u00e4olo suojaa ep\u00e4onnelta, tuo onnea, menestyst\u00e4, terveytt\u00e4 ja vaurautta. Jokainen mets\u00e4st\u00e4j\u00e4 valmistautuu mets\u00e4stykseen ja ottaa mukaansa parhaat mets\u00e4stysv\u00e4lineens\u00e4, mutta luonto luo joskus tilanteita, joissa erinomaisetkin tiedot ja vuosien kokemus j\u00e4\u00e4v\u00e4t tavallisen onnen jalkoihin, jota tapahtuu jollekin useammin ja toiselle harvemmin, joten voi olla syyt\u00e4 mietti\u00e4 arvoja, joita esi-is\u00e4mme pitiv\u00e4t onnekkaina. AAKnives tarjoaa hyvin erikoisen veitsisarjan -&#8221; Latvia 100&#8221;. Yhdist\u00e4m\u00e4ll\u00e4 korkealaatuiset k\u00e4sintehdyt veitset ja koristeelliset latvialaiset voimamerkit kahvassa, sen omistaja ei saa vain visuaalisesti kaunista veist\u00e4, joka on loistava lis\u00e4 kokoelmaan, vaan my\u00f6s erinomainen ty\u00f6v\u00e4line . Kauniisti tasapainotetut muodot, luonnons\u00e4vyiset puutapit ja erilaiset latvialaiset voimamerkit jokaiseen makuun.  <\/span><\/div>\n<div class=\"\"><span class=\"_5yl5\">Veitsen kahvoissa on monia erilaisia latvialaisia merkkej\u00e4, kuten &#8211;<\/span><\/div>\n<div class=\"\"><span class=\"_5yl5\">  JUMIS, jotka symboloivat el\u00e4m\u00e4\u00e4, vaurautta, kaksinkertaista onnea, hedelm\u00e4llisyytt\u00e4 ja vaurautta.  <\/span><\/div>\n<div class=\"\"><span class=\"_5yl5\">AKA &#8211; Kaivon merkki. Auringon ja maan symboli, joka suojaa omistajaansa ep\u00e4onnistumiselta, suojelee perhett\u00e4 ja kotia, symboloi tietty\u00e4 j\u00e4rjestyst\u00e4 ja uutta alkua.  <\/span><\/div>\n<div class=\"\"><span class=\"_5yl5\">ZALKTIS &#8211; (k\u00e4\u00e4rme) on viisauden, tiedon ja kodin suojelun symboli. El\u00e4m\u00e4n ja uudistumisen energia.  <\/span><\/div>\n<div class=\"\"><span class=\"_5yl5\">AUSEKLIS &#8211; Miesten suojelija. Valon voitto pimeydest\u00e4. Suojaa pahalta.  <\/span><\/div>\n<div class=\"\"><span class=\"_5yl5\">MARA Risti, joka positiivisen energiansa vuoksi on usein kuvattu leiv\u00e4n p\u00e4\u00e4lle, tuo onnea ja hyv\u00e4\u00e4 terveytt\u00e4, suojaa onnettomuuksilta. Mara on \u00e4itiyden korkein jumaluus. Ratkaisukyky ja kattavuus.  <\/span><\/div>\n<div class=\"\"><span class=\"_5yl5\">Puukko toimii my\u00f6s hienona ja huomaavaisena lahjana yst\u00e4v\u00e4lle tai rakkaalle, mutta muista, ett\u00e4 lahjan saajan on annettava vastalahjaksi kolikko &#8211; se on vanha latvialainen sanonta! <\/span><\/div>\n<\/div>\n<\/div>\n<\/div>\n<\/div>\n<p>&nbsp;<\/p>\n<\/div>\n<\/div>\n<\/div>\n<div class=\"_40qi\"><\/div>\n<\/div>\n<\/div>\n<\/div>\n<\/div>\n<\/div>\n<\/div>\n<div class=\"_4gd0\">\n<div><\/div>\n<\/div>\n<div class=\"_4gd0\">\n<div class=\"_510g\"><\/div>\n<\/div>\n<\/div>\n<\/div>\n<\/div>\n<\/div>\n<\/div>\n<div class=\"fbNubFlyoutFooter\" data-testid=\"composer_root\">\n<div class=\"_1d4_\" role=\"presentation\">\n<div class=\"_552h\">\n<div class=\"\">\n<div tabindex=\"-1\">\n<div class=\"_5rp7 _5rp8\">\n<div class=\"_5rpb\">\n<div class=\"notranslate _5rpu\" role=\"combobox\" contenteditable=\"true\" spellcheck=\"true\" aria-autocomplete=\"list\" aria-controls=\"js_46\" aria-describedby=\"placeholder-fb8dt\" aria-expanded=\"false\">\n<div data-contents=\"true\">\n<div data-block=\"true\" data-editor=\"fb8dt\" data-offset-key=\"9l77l-0-0\"><\/div>\n<\/div>\n<\/div>\n<\/div>\n<\/div>\n<\/div>\n<\/div>\n<\/div>\n<\/div>\n<\/div>\n","protected":false},"excerpt":{"rendered":"<p>JUMIS &#8211; KAIVON MERKKI &#8211; USINSH &#8211; MARAN RISTI &#8211; UKKOSEN RISTI &#8211; AUSTRA PUU &#8211; AUSEKLIS &#8211; ADDER Veitsen tekniset tiedot: &#8221;LACHPLESIS-3&#8221; (Karhunmurhaaja). Ter\u00e4s: taottu ruostumaton ter\u00e4s 12C27 Kovuus: 57-58 HRC Ter\u00e4n pituus (mm): Tuuma: 127 \/ 5 tuumaa Ter\u00e4n paksuus (mm): Ter\u00e4n paksuus: 3 \/0,12 tuumaa Ter\u00e4n leveys (mm): Tuuma: 32 \/1,26 tuumaa Kahva: Bubinga-puu Kokonaispituus (mm): 250 \/ 9,84 &nbsp; Vaikka Latvian 101-vuotisjuhlavuosi on jo ohi, on silti syyt\u00e4 muistella niit\u00e4 tunteita, jotka jokainen meist\u00e4 muistaa, sill\u00e4 ensimm\u00e4inen satavuotisjuhlavuosi on erityinen ja my\u00f6s tilaisuus el\u00e4\u00e4 sen aikakautta, mutta kansakuntamme juuret ulottuvat kuitenkin paljon kauemmas menneisyyteen. Ajat muuttuvat,&hellip;<\/p>\n","protected":false},"featured_media":67958,"template":"","meta":{"_themeisle_gutenberg_block_has_review":false},"product_brand":[],"product_cat":[456,481,453,452],"product_tag":[],"class_list":{"0":"post-62956","1":"product","2":"type-product","3":"status-publish","4":"has-post-thumbnail","6":"product_cat-kalastusveitset","7":"product_cat-latvialaiset-voimaveitset","8":"product_cat-metsastysveitset","9":"product_cat-ulkoveitset","11":"first","12":"instock","13":"shipping-taxable","14":"purchasable","15":"product-type-simple"},"yoast_head":"<!-- This site is optimized with the Yoast SEO plugin v27.5 - https:\/\/yoast.com\/product\/yoast-seo-wordpress\/ -->\n<title>Latvialainen voimaveitsi &#039;&#039;LACHPLESIS-3&#039;&#039;, taottu ruostumaton ter\u00e4s. - AAKnives<\/title>\n<meta name=\"robots\" content=\"index, follow, max-snippet:-1, max-image-preview:large, max-video-preview:-1\" \/>\n<link rel=\"canonical\" href=\"https:\/\/aaknives.eu\/fi\/product\/latvialainen-voimaveitsi-lachplesis-3-taottu-ruostumaton-teras\/\" \/>\n<meta property=\"og:locale\" content=\"fi_FI\" \/>\n<meta property=\"og:type\" content=\"article\" \/>\n<meta property=\"og:title\" content=\"Latvialainen voimaveitsi &#039;&#039;LACHPLESIS-3&#039;&#039;, taottu ruostumaton ter\u00e4s. - AAKnives\" \/>\n<meta property=\"og:description\" content=\"JUMIS &#8211; KAIVON MERKKI &#8211; USINSH &#8211; MARAN RISTI &#8211; UKKOSEN RISTI &#8211; AUSTRA PUU &#8211; AUSEKLIS &#8211; ADDER Veitsen tekniset tiedot: &#8221;LACHPLESIS-3&#8221; (Karhunmurhaaja). Ter\u00e4s: taottu ruostumaton ter\u00e4s 12C27 Kovuus: 57-58 HRC Ter\u00e4n pituus (mm): Tuuma: 127 \/ 5 tuumaa Ter\u00e4n paksuus (mm): Ter\u00e4n paksuus: 3 \/0,12 tuumaa Ter\u00e4n leveys (mm): Tuuma: 32 \/1,26 tuumaa Kahva: Bubinga-puu Kokonaispituus (mm): 250 \/ 9,84 &nbsp; Vaikka Latvian 101-vuotisjuhlavuosi on jo ohi, on silti syyt\u00e4 muistella niit\u00e4 tunteita, jotka jokainen meist\u00e4 muistaa, sill\u00e4 ensimm\u00e4inen satavuotisjuhlavuosi on erityinen ja my\u00f6s tilaisuus el\u00e4\u00e4 sen aikakautta, mutta kansakuntamme juuret ulottuvat kuitenkin paljon kauemmas menneisyyteen. Ajat muuttuvat,&hellip;\" \/>\n<meta property=\"og:url\" content=\"https:\/\/aaknives.eu\/fi\/product\/latvialainen-voimaveitsi-lachplesis-3-taottu-ruostumaton-teras\/\" \/>\n<meta property=\"og:site_name\" content=\"AAKnives\" \/>\n<meta property=\"article:publisher\" content=\"https:\/\/www.facebook.com\/aaknives.eu\/\" \/>\n<meta property=\"article:modified_time\" content=\"2024-08-28T15:11:23+00:00\" \/>\n<meta property=\"og:image\" content=\"https:\/\/aaknives.eu\/wp-content\/uploads\/2021\/09\/aaknives-hand-forged-dabascus-steel-blade-knife-handmade-custom-made-knife-handcrafted-knives-autinetools-northmen-26.2-3.jpg\" \/>\n\t<meta property=\"og:image:width\" content=\"1020\" \/>\n\t<meta property=\"og:image:height\" content=\"880\" \/>\n\t<meta property=\"og:image:type\" content=\"image\/jpeg\" \/>\n<meta name=\"twitter:card\" content=\"summary_large_image\" \/>\n<meta name=\"twitter:label1\" content=\"Arvioitu lukuaika\" \/>\n\t<meta name=\"twitter:data1\" content=\"2 minuuttia\" \/>\n<script type=\"application\/ld+json\" class=\"yoast-schema-graph\">{\"@context\":\"https:\\\/\\\/schema.org\",\"@graph\":[{\"@type\":\"WebPage\",\"@id\":\"https:\\\/\\\/aaknives.eu\\\/fi\\\/product\\\/latvialainen-voimaveitsi-lachplesis-3-taottu-ruostumaton-teras\\\/\",\"url\":\"https:\\\/\\\/aaknives.eu\\\/fi\\\/product\\\/latvialainen-voimaveitsi-lachplesis-3-taottu-ruostumaton-teras\\\/\",\"name\":\"Latvialainen voimaveitsi ''LACHPLESIS-3'', taottu ruostumaton ter\u00e4s. - AAKnives\",\"isPartOf\":{\"@id\":\"https:\\\/\\\/aaknives.eu\\\/fi\\\/#website\"},\"primaryImageOfPage\":{\"@id\":\"https:\\\/\\\/aaknives.eu\\\/fi\\\/product\\\/latvialainen-voimaveitsi-lachplesis-3-taottu-ruostumaton-teras\\\/#primaryimage\"},\"image\":{\"@id\":\"https:\\\/\\\/aaknives.eu\\\/fi\\\/product\\\/latvialainen-voimaveitsi-lachplesis-3-taottu-ruostumaton-teras\\\/#primaryimage\"},\"thumbnailUrl\":\"https:\\\/\\\/aaknives.eu\\\/wp-content\\\/uploads\\\/2021\\\/09\\\/aaknives-hand-forged-dabascus-steel-blade-knife-handmade-custom-made-knife-handcrafted-knives-autinetools-northmen-26.2-3.jpg\",\"datePublished\":\"2021-09-20T20:24:47+00:00\",\"dateModified\":\"2024-08-28T15:11:23+00:00\",\"breadcrumb\":{\"@id\":\"https:\\\/\\\/aaknives.eu\\\/fi\\\/product\\\/latvialainen-voimaveitsi-lachplesis-3-taottu-ruostumaton-teras\\\/#breadcrumb\"},\"inLanguage\":\"fi\",\"potentialAction\":[{\"@type\":\"ReadAction\",\"target\":[\"https:\\\/\\\/aaknives.eu\\\/fi\\\/product\\\/latvialainen-voimaveitsi-lachplesis-3-taottu-ruostumaton-teras\\\/\"]}]},{\"@type\":\"ImageObject\",\"inLanguage\":\"fi\",\"@id\":\"https:\\\/\\\/aaknives.eu\\\/fi\\\/product\\\/latvialainen-voimaveitsi-lachplesis-3-taottu-ruostumaton-teras\\\/#primaryimage\",\"url\":\"https:\\\/\\\/aaknives.eu\\\/wp-content\\\/uploads\\\/2021\\\/09\\\/aaknives-hand-forged-dabascus-steel-blade-knife-handmade-custom-made-knife-handcrafted-knives-autinetools-northmen-26.2-3.jpg\",\"contentUrl\":\"https:\\\/\\\/aaknives.eu\\\/wp-content\\\/uploads\\\/2021\\\/09\\\/aaknives-hand-forged-dabascus-steel-blade-knife-handmade-custom-made-knife-handcrafted-knives-autinetools-northmen-26.2-3.jpg\",\"width\":1020,\"height\":880},{\"@type\":\"BreadcrumbList\",\"@id\":\"https:\\\/\\\/aaknives.eu\\\/fi\\\/product\\\/latvialainen-voimaveitsi-lachplesis-3-taottu-ruostumaton-teras\\\/#breadcrumb\",\"itemListElement\":[{\"@type\":\"ListItem\",\"position\":1,\"name\":\"Home\",\"item\":\"https:\\\/\\\/aaknives.eu\\\/fi\\\/\"},{\"@type\":\"ListItem\",\"position\":2,\"name\":\"Kauppa\",\"item\":\"https:\\\/\\\/aaknives.eu\\\/kauppa\\\/\"},{\"@type\":\"ListItem\",\"position\":3,\"name\":\"Latvialainen voimaveitsi &#8221;LACHPLESIS-3&#8221;, taottu ruostumaton ter\u00e4s.\"}]},{\"@type\":\"WebSite\",\"@id\":\"https:\\\/\\\/aaknives.eu\\\/fi\\\/#website\",\"url\":\"https:\\\/\\\/aaknives.eu\\\/fi\\\/\",\"name\":\"AAKnives\",\"description\":\"Handmade knives\",\"publisher\":{\"@id\":\"https:\\\/\\\/aaknives.eu\\\/fi\\\/#organization\"},\"potentialAction\":[{\"@type\":\"SearchAction\",\"target\":{\"@type\":\"EntryPoint\",\"urlTemplate\":\"https:\\\/\\\/aaknives.eu\\\/fi\\\/?s={search_term_string}\"},\"query-input\":{\"@type\":\"PropertyValueSpecification\",\"valueRequired\":true,\"valueName\":\"search_term_string\"}}],\"inLanguage\":\"fi\"},{\"@type\":\"Organization\",\"@id\":\"https:\\\/\\\/aaknives.eu\\\/fi\\\/#organization\",\"name\":\"AAKnives\",\"url\":\"https:\\\/\\\/aaknives.eu\\\/fi\\\/\",\"logo\":{\"@type\":\"ImageObject\",\"inLanguage\":\"fi\",\"@id\":\"https:\\\/\\\/aaknives.eu\\\/fi\\\/#\\\/schema\\\/logo\\\/image\\\/\",\"url\":\"https:\\\/\\\/aaknives.eu\\\/wp-content\\\/uploads\\\/2021\\\/10\\\/AAknives_Logo_Green.png\",\"contentUrl\":\"https:\\\/\\\/aaknives.eu\\\/wp-content\\\/uploads\\\/2021\\\/10\\\/AAknives_Logo_Green.png\",\"width\":1768,\"height\":1768,\"caption\":\"AAKnives\"},\"image\":{\"@id\":\"https:\\\/\\\/aaknives.eu\\\/fi\\\/#\\\/schema\\\/logo\\\/image\\\/\"},\"sameAs\":[\"https:\\\/\\\/www.facebook.com\\\/aaknives.eu\\\/\",\"https:\\\/\\\/www.instagram.com\\\/aaknives\\\/\",\"https:\\\/\\\/www.pinterest.com\\\/aa_knives\\\/\",\"https:\\\/\\\/www.youtube.com\\\/channel\\\/UCHOQFjrOkgT6s4FIw9LDKyw\\\/featured\"]}]}<\/script>\n<!-- \/ Yoast SEO plugin. -->","yoast_head_json":{"title":"Latvialainen voimaveitsi ''LACHPLESIS-3'', taottu ruostumaton ter\u00e4s. - AAKnives","robots":{"index":"index","follow":"follow","max-snippet":"max-snippet:-1","max-image-preview":"max-image-preview:large","max-video-preview":"max-video-preview:-1"},"canonical":"https:\/\/aaknives.eu\/fi\/product\/latvialainen-voimaveitsi-lachplesis-3-taottu-ruostumaton-teras\/","og_locale":"fi_FI","og_type":"article","og_title":"Latvialainen voimaveitsi ''LACHPLESIS-3'', taottu ruostumaton ter\u00e4s. - AAKnives","og_description":"JUMIS &#8211; KAIVON MERKKI &#8211; USINSH &#8211; MARAN RISTI &#8211; UKKOSEN RISTI &#8211; AUSTRA PUU &#8211; AUSEKLIS &#8211; ADDER Veitsen tekniset tiedot: &#8221;LACHPLESIS-3&#8221; (Karhunmurhaaja). Ter\u00e4s: taottu ruostumaton ter\u00e4s 12C27 Kovuus: 57-58 HRC Ter\u00e4n pituus (mm): Tuuma: 127 \/ 5 tuumaa Ter\u00e4n paksuus (mm): Ter\u00e4n paksuus: 3 \/0,12 tuumaa Ter\u00e4n leveys (mm): Tuuma: 32 \/1,26 tuumaa Kahva: Bubinga-puu Kokonaispituus (mm): 250 \/ 9,84 &nbsp; Vaikka Latvian 101-vuotisjuhlavuosi on jo ohi, on silti syyt\u00e4 muistella niit\u00e4 tunteita, jotka jokainen meist\u00e4 muistaa, sill\u00e4 ensimm\u00e4inen satavuotisjuhlavuosi on erityinen ja my\u00f6s tilaisuus el\u00e4\u00e4 sen aikakautta, mutta kansakuntamme juuret ulottuvat kuitenkin paljon kauemmas menneisyyteen. Ajat muuttuvat,&hellip;","og_url":"https:\/\/aaknives.eu\/fi\/product\/latvialainen-voimaveitsi-lachplesis-3-taottu-ruostumaton-teras\/","og_site_name":"AAKnives","article_publisher":"https:\/\/www.facebook.com\/aaknives.eu\/","article_modified_time":"2024-08-28T15:11:23+00:00","og_image":[{"width":1020,"height":880,"url":"https:\/\/aaknives.eu\/wp-content\/uploads\/2021\/09\/aaknives-hand-forged-dabascus-steel-blade-knife-handmade-custom-made-knife-handcrafted-knives-autinetools-northmen-26.2-3.jpg","type":"image\/jpeg"}],"twitter_card":"summary_large_image","twitter_misc":{"Arvioitu lukuaika":"2 minuuttia"},"schema":{"@context":"https:\/\/schema.org","@graph":[{"@type":"WebPage","@id":"https:\/\/aaknives.eu\/fi\/product\/latvialainen-voimaveitsi-lachplesis-3-taottu-ruostumaton-teras\/","url":"https:\/\/aaknives.eu\/fi\/product\/latvialainen-voimaveitsi-lachplesis-3-taottu-ruostumaton-teras\/","name":"Latvialainen voimaveitsi ''LACHPLESIS-3'', taottu ruostumaton ter\u00e4s. - AAKnives","isPartOf":{"@id":"https:\/\/aaknives.eu\/fi\/#website"},"primaryImageOfPage":{"@id":"https:\/\/aaknives.eu\/fi\/product\/latvialainen-voimaveitsi-lachplesis-3-taottu-ruostumaton-teras\/#primaryimage"},"image":{"@id":"https:\/\/aaknives.eu\/fi\/product\/latvialainen-voimaveitsi-lachplesis-3-taottu-ruostumaton-teras\/#primaryimage"},"thumbnailUrl":"https:\/\/aaknives.eu\/wp-content\/uploads\/2021\/09\/aaknives-hand-forged-dabascus-steel-blade-knife-handmade-custom-made-knife-handcrafted-knives-autinetools-northmen-26.2-3.jpg","datePublished":"2021-09-20T20:24:47+00:00","dateModified":"2024-08-28T15:11:23+00:00","breadcrumb":{"@id":"https:\/\/aaknives.eu\/fi\/product\/latvialainen-voimaveitsi-lachplesis-3-taottu-ruostumaton-teras\/#breadcrumb"},"inLanguage":"fi","potentialAction":[{"@type":"ReadAction","target":["https:\/\/aaknives.eu\/fi\/product\/latvialainen-voimaveitsi-lachplesis-3-taottu-ruostumaton-teras\/"]}]},{"@type":"ImageObject","inLanguage":"fi","@id":"https:\/\/aaknives.eu\/fi\/product\/latvialainen-voimaveitsi-lachplesis-3-taottu-ruostumaton-teras\/#primaryimage","url":"https:\/\/aaknives.eu\/wp-content\/uploads\/2021\/09\/aaknives-hand-forged-dabascus-steel-blade-knife-handmade-custom-made-knife-handcrafted-knives-autinetools-northmen-26.2-3.jpg","contentUrl":"https:\/\/aaknives.eu\/wp-content\/uploads\/2021\/09\/aaknives-hand-forged-dabascus-steel-blade-knife-handmade-custom-made-knife-handcrafted-knives-autinetools-northmen-26.2-3.jpg","width":1020,"height":880},{"@type":"BreadcrumbList","@id":"https:\/\/aaknives.eu\/fi\/product\/latvialainen-voimaveitsi-lachplesis-3-taottu-ruostumaton-teras\/#breadcrumb","itemListElement":[{"@type":"ListItem","position":1,"name":"Home","item":"https:\/\/aaknives.eu\/fi\/"},{"@type":"ListItem","position":2,"name":"Kauppa","item":"https:\/\/aaknives.eu\/kauppa\/"},{"@type":"ListItem","position":3,"name":"Latvialainen voimaveitsi &#8221;LACHPLESIS-3&#8221;, taottu ruostumaton ter\u00e4s."}]},{"@type":"WebSite","@id":"https:\/\/aaknives.eu\/fi\/#website","url":"https:\/\/aaknives.eu\/fi\/","name":"AAKnives","description":"Handmade knives","publisher":{"@id":"https:\/\/aaknives.eu\/fi\/#organization"},"potentialAction":[{"@type":"SearchAction","target":{"@type":"EntryPoint","urlTemplate":"https:\/\/aaknives.eu\/fi\/?s={search_term_string}"},"query-input":{"@type":"PropertyValueSpecification","valueRequired":true,"valueName":"search_term_string"}}],"inLanguage":"fi"},{"@type":"Organization","@id":"https:\/\/aaknives.eu\/fi\/#organization","name":"AAKnives","url":"https:\/\/aaknives.eu\/fi\/","logo":{"@type":"ImageObject","inLanguage":"fi","@id":"https:\/\/aaknives.eu\/fi\/#\/schema\/logo\/image\/","url":"https:\/\/aaknives.eu\/wp-content\/uploads\/2021\/10\/AAknives_Logo_Green.png","contentUrl":"https:\/\/aaknives.eu\/wp-content\/uploads\/2021\/10\/AAknives_Logo_Green.png","width":1768,"height":1768,"caption":"AAKnives"},"image":{"@id":"https:\/\/aaknives.eu\/fi\/#\/schema\/logo\/image\/"},"sameAs":["https:\/\/www.facebook.com\/aaknives.eu\/","https:\/\/www.instagram.com\/aaknives\/","https:\/\/www.pinterest.com\/aa_knives\/","https:\/\/www.youtube.com\/channel\/UCHOQFjrOkgT6s4FIw9LDKyw\/featured"]}]}},"_links":{"self":[{"href":"https:\/\/aaknives.eu\/fi\/wp-json\/wp\/v2\/product\/62956","targetHints":{"allow":["GET"]}}],"collection":[{"href":"https:\/\/aaknives.eu\/fi\/wp-json\/wp\/v2\/product"}],"about":[{"href":"https:\/\/aaknives.eu\/fi\/wp-json\/wp\/v2\/types\/product"}],"wp:featuredmedia":[{"embeddable":true,"href":"https:\/\/aaknives.eu\/fi\/wp-json\/wp\/v2\/media\/67958"}],"wp:attachment":[{"href":"https:\/\/aaknives.eu\/fi\/wp-json\/wp\/v2\/media?parent=62956"}],"wp:term":[{"taxonomy":"product_brand","embeddable":true,"href":"https:\/\/aaknives.eu\/fi\/wp-json\/wp\/v2\/product_brand?post=62956"},{"taxonomy":"product_cat","embeddable":true,"href":"https:\/\/aaknives.eu\/fi\/wp-json\/wp\/v2\/product_cat?post=62956"},{"taxonomy":"product_tag","embeddable":true,"href":"https:\/\/aaknives.eu\/fi\/wp-json\/wp\/v2\/product_tag?post=62956"}],"curies":[{"name":"wp","href":"https:\/\/api.w.org\/{rel}","templated":true}]}}