{"id":63075,"date":"2021-09-20T20:22:48","date_gmt":"2021-09-20T20:22:48","guid":{"rendered":"https:\/\/aaknives.eu\/product\/kokoontaitettava-taskuveitsi-teras-d2\/"},"modified":"2026-01-21T17:47:41","modified_gmt":"2026-01-21T17:47:41","slug":"kokoontaitettava-taskuveitsi-teras-d2-5","status":"publish","type":"product","link":"https:\/\/aaknives.eu\/fi\/product\/kokoontaitettava-taskuveitsi-teras-d2-5\/","title":{"rendered":"Kokoontaitettava taskuveitsi &#8211; ter\u00e4s D2"},"content":{"rendered":"<p>Ter\u00e4s: Ter\u00e4s D2<br \/>\nKovuus: 60 HRC<br \/>\nBladl\u00e4ngd (mm): 115 \/ 4,52 tum<br \/>\nBladtjocklek (mm): 2,5 \/ 0,98 tum<br \/>\nBladbredd (mm): 19 \/ 0,74 tum<br \/>\nHandtag: Afrikanskt vengetr\u00e4<br \/>\nTotal l\u00e4ngd (mm): 260 \/ 10,23 tum<br \/>\nVeitsityyppi: mets\u00e4stys, ulkoilu<br \/>\nPakkaus: veitsi, nahkatuppi<\/p>\n<p>D2-ter\u00e4s on yksi maailman parhaista ja tunnetuimmista ter\u00e4ter\u00e4ksist\u00e4.<\/p>\n<p>Tunnetut yhdysvaltalaiset ja japanilaiset yritykset valmistavat veitsi\u00e4 D2-ter\u00e4ksest\u00e4.<\/p>\n<p>T\u00e4st\u00e4 ter\u00e4ksest\u00e4 valmistetut veitset pit\u00e4v\u00e4t ter\u00e4n t\u00e4ydellisesti ja niill\u00e4 on korkea korroosionkest\u00e4vyys.<\/p>\n<p>L\u00e4mp\u00f6k\u00e4sittelyn j\u00e4lkeen D2-ter\u00e4ksen ter\u00e4n kovuus on 60-62 HRC.<\/p>\n<p>D2-ter\u00e4ksest\u00e4 valmistettujen veitsien ter\u00e4t eiv\u00e4t k\u00e4yt\u00e4nn\u00f6ss\u00e4 ruostu, mutta koska ter\u00e4st\u00e4 on hieman v\u00e4hemm\u00e4n kuin ruostumatonta ter\u00e4st\u00e4 (13 % kromia), on suositeltavaa pyyhki\u00e4 ter\u00e4t eik\u00e4 j\u00e4tt\u00e4\u00e4 niit\u00e4 kosteisiin paikkoihin pitk\u00e4ksi aikaa.<\/p>\n","protected":false},"excerpt":{"rendered":"<p>Ter\u00e4s: Ter\u00e4s D2 Kovuus: 60 HRC Bladl\u00e4ngd (mm): 115 \/ 4,52 tum Bladtjocklek (mm): 2,5 \/ 0,98 tum Bladbredd (mm): 19 \/ 0,74 tum Handtag: Afrikanskt vengetr\u00e4 Total l\u00e4ngd (mm): 260 \/ 10,23 tum Veitsityyppi: mets\u00e4stys, ulkoilu Pakkaus: veitsi, nahkatuppi D2-ter\u00e4s on yksi maailman parhaista ja tunnetuimmista ter\u00e4ter\u00e4ksist\u00e4. Tunnetut yhdysvaltalaiset ja japanilaiset yritykset valmistavat veitsi\u00e4 D2-ter\u00e4ksest\u00e4. T\u00e4st\u00e4 ter\u00e4ksest\u00e4 valmistetut veitset pit\u00e4v\u00e4t ter\u00e4n t\u00e4ydellisesti ja niill\u00e4 on korkea korroosionkest\u00e4vyys. L\u00e4mp\u00f6k\u00e4sittelyn j\u00e4lkeen D2-ter\u00e4ksen ter\u00e4n kovuus on 60-62 HRC. D2-ter\u00e4ksest\u00e4 valmistettujen veitsien ter\u00e4t eiv\u00e4t k\u00e4yt\u00e4nn\u00f6ss\u00e4 ruostu, mutta koska ter\u00e4st\u00e4 on hieman v\u00e4hemm\u00e4n kuin ruostumatonta ter\u00e4st\u00e4 (13 % kromia), on suositeltavaa pyyhki\u00e4 ter\u00e4t eik\u00e4&hellip;<\/p>\n","protected":false},"featured_media":106764,"template":"","meta":{"_themeisle_gutenberg_block_has_review":false},"product_brand":[],"product_cat":[476,457],"product_tag":[],"class_list":{"0":"post-63075","1":"product","2":"type-product","3":"status-publish","4":"has-post-thumbnail","6":"product_cat-luokittelematon","7":"product_cat-taskuveitset","9":"first","10":"instock","11":"shipping-taxable","12":"purchasable","13":"product-type-simple"},"yoast_head":"<!-- This site is optimized with the Yoast SEO plugin v27.3 - https:\/\/yoast.com\/product\/yoast-seo-wordpress\/ -->\n<title>Kokoontaitettava taskuveitsi - ter\u00e4s D2 - AAKnives<\/title>\n<meta name=\"description\" content=\"Ruotsalaista ter\u00e4st\u00e4 D2 , hiekkapuhallettu. Elmax-veitset eiv\u00e4t pyri korroosioon. Kest\u00e4\u00e4 sivuttaiskuormitusta ja taivutuksia.\" \/>\n<meta name=\"robots\" content=\"index, follow, max-snippet:-1, max-image-preview:large, max-video-preview:-1\" \/>\n<link rel=\"canonical\" href=\"https:\/\/aaknives.eu\/fi\/product\/kokoontaitettava-taskuveitsi-teras-d2-5\/\" \/>\n<meta property=\"og:locale\" content=\"fi_FI\" \/>\n<meta property=\"og:type\" content=\"article\" \/>\n<meta property=\"og:title\" content=\"Kokoontaitettava taskuveitsi - ter\u00e4s D2 - AAKnives\" \/>\n<meta property=\"og:description\" content=\"Ruotsalaista ter\u00e4st\u00e4 D2 , hiekkapuhallettu. Elmax-veitset eiv\u00e4t pyri korroosioon. Kest\u00e4\u00e4 sivuttaiskuormitusta ja taivutuksia.\" \/>\n<meta property=\"og:url\" content=\"https:\/\/aaknives.eu\/fi\/product\/kokoontaitettava-taskuveitsi-teras-d2-5\/\" \/>\n<meta property=\"og:site_name\" content=\"AAKnives\" \/>\n<meta property=\"article:publisher\" content=\"https:\/\/www.facebook.com\/aaknives.eu\/\" \/>\n<meta property=\"article:modified_time\" content=\"2026-01-21T17:47:41+00:00\" \/>\n<meta property=\"og:image\" content=\"https:\/\/aaknives.eu\/wp-content\/uploads\/2021\/09\/aaknives-hand-forged-damascus-steel-blade-knife-handmade-custom-made-knife-handcrafted-knives-autinetools-northmen-1-90-1.jpg\" \/>\n\t<meta property=\"og:image:width\" content=\"1020\" \/>\n\t<meta property=\"og:image:height\" content=\"880\" \/>\n\t<meta property=\"og:image:type\" content=\"image\/jpeg\" \/>\n<meta name=\"twitter:card\" content=\"summary_large_image\" \/>\n<meta name=\"twitter:label1\" content=\"Arvioitu lukuaika\" \/>\n\t<meta name=\"twitter:data1\" content=\"1 minuutti\" \/>\n<script type=\"application\/ld+json\" class=\"yoast-schema-graph\">{\"@context\":\"https:\\\/\\\/schema.org\",\"@graph\":[{\"@type\":\"WebPage\",\"@id\":\"https:\\\/\\\/aaknives.eu\\\/fi\\\/product\\\/kokoontaitettava-taskuveitsi-teras-d2-5\\\/\",\"url\":\"https:\\\/\\\/aaknives.eu\\\/fi\\\/product\\\/kokoontaitettava-taskuveitsi-teras-d2-5\\\/\",\"name\":\"Kokoontaitettava taskuveitsi - ter\u00e4s D2 - AAKnives\",\"isPartOf\":{\"@id\":\"https:\\\/\\\/aaknives.eu\\\/fi\\\/#website\"},\"primaryImageOfPage\":{\"@id\":\"https:\\\/\\\/aaknives.eu\\\/fi\\\/product\\\/kokoontaitettava-taskuveitsi-teras-d2-5\\\/#primaryimage\"},\"image\":{\"@id\":\"https:\\\/\\\/aaknives.eu\\\/fi\\\/product\\\/kokoontaitettava-taskuveitsi-teras-d2-5\\\/#primaryimage\"},\"thumbnailUrl\":\"https:\\\/\\\/aaknives.eu\\\/wp-content\\\/uploads\\\/2021\\\/09\\\/aaknives-hand-forged-damascus-steel-blade-knife-handmade-custom-made-knife-handcrafted-knives-autinetools-northmen-1-90-1.jpg\",\"datePublished\":\"2021-09-20T20:22:48+00:00\",\"dateModified\":\"2026-01-21T17:47:41+00:00\",\"description\":\"Ruotsalaista ter\u00e4st\u00e4 D2 , hiekkapuhallettu. Elmax-veitset eiv\u00e4t pyri korroosioon. Kest\u00e4\u00e4 sivuttaiskuormitusta ja taivutuksia.\",\"breadcrumb\":{\"@id\":\"https:\\\/\\\/aaknives.eu\\\/fi\\\/product\\\/kokoontaitettava-taskuveitsi-teras-d2-5\\\/#breadcrumb\"},\"inLanguage\":\"fi\",\"potentialAction\":[{\"@type\":\"ReadAction\",\"target\":[\"https:\\\/\\\/aaknives.eu\\\/fi\\\/product\\\/kokoontaitettava-taskuveitsi-teras-d2-5\\\/\"]}]},{\"@type\":\"ImageObject\",\"inLanguage\":\"fi\",\"@id\":\"https:\\\/\\\/aaknives.eu\\\/fi\\\/product\\\/kokoontaitettava-taskuveitsi-teras-d2-5\\\/#primaryimage\",\"url\":\"https:\\\/\\\/aaknives.eu\\\/wp-content\\\/uploads\\\/2021\\\/09\\\/aaknives-hand-forged-damascus-steel-blade-knife-handmade-custom-made-knife-handcrafted-knives-autinetools-northmen-1-90-1.jpg\",\"contentUrl\":\"https:\\\/\\\/aaknives.eu\\\/wp-content\\\/uploads\\\/2021\\\/09\\\/aaknives-hand-forged-damascus-steel-blade-knife-handmade-custom-made-knife-handcrafted-knives-autinetools-northmen-1-90-1.jpg\",\"width\":1020,\"height\":880},{\"@type\":\"BreadcrumbList\",\"@id\":\"https:\\\/\\\/aaknives.eu\\\/fi\\\/product\\\/kokoontaitettava-taskuveitsi-teras-d2-5\\\/#breadcrumb\",\"itemListElement\":[{\"@type\":\"ListItem\",\"position\":1,\"name\":\"Home\",\"item\":\"https:\\\/\\\/aaknives.eu\\\/fi\\\/\"},{\"@type\":\"ListItem\",\"position\":2,\"name\":\"Kauppa\",\"item\":\"https:\\\/\\\/aaknives.eu\\\/kauppa\\\/\"},{\"@type\":\"ListItem\",\"position\":3,\"name\":\"Kokoontaitettava taskuveitsi &#8211; ter\u00e4s D2\"}]},{\"@type\":\"WebSite\",\"@id\":\"https:\\\/\\\/aaknives.eu\\\/fi\\\/#website\",\"url\":\"https:\\\/\\\/aaknives.eu\\\/fi\\\/\",\"name\":\"AAKnives\",\"description\":\"Handmade knives\",\"publisher\":{\"@id\":\"https:\\\/\\\/aaknives.eu\\\/fi\\\/#organization\"},\"potentialAction\":[{\"@type\":\"SearchAction\",\"target\":{\"@type\":\"EntryPoint\",\"urlTemplate\":\"https:\\\/\\\/aaknives.eu\\\/fi\\\/?s={search_term_string}\"},\"query-input\":{\"@type\":\"PropertyValueSpecification\",\"valueRequired\":true,\"valueName\":\"search_term_string\"}}],\"inLanguage\":\"fi\"},{\"@type\":\"Organization\",\"@id\":\"https:\\\/\\\/aaknives.eu\\\/fi\\\/#organization\",\"name\":\"AAKnives\",\"url\":\"https:\\\/\\\/aaknives.eu\\\/fi\\\/\",\"logo\":{\"@type\":\"ImageObject\",\"inLanguage\":\"fi\",\"@id\":\"https:\\\/\\\/aaknives.eu\\\/fi\\\/#\\\/schema\\\/logo\\\/image\\\/\",\"url\":\"https:\\\/\\\/aaknives.eu\\\/wp-content\\\/uploads\\\/2021\\\/10\\\/AAknives_Logo_Green.png\",\"contentUrl\":\"https:\\\/\\\/aaknives.eu\\\/wp-content\\\/uploads\\\/2021\\\/10\\\/AAknives_Logo_Green.png\",\"width\":1768,\"height\":1768,\"caption\":\"AAKnives\"},\"image\":{\"@id\":\"https:\\\/\\\/aaknives.eu\\\/fi\\\/#\\\/schema\\\/logo\\\/image\\\/\"},\"sameAs\":[\"https:\\\/\\\/www.facebook.com\\\/aaknives.eu\\\/\",\"https:\\\/\\\/www.instagram.com\\\/aaknives\\\/\",\"https:\\\/\\\/www.pinterest.com\\\/aa_knives\\\/\",\"https:\\\/\\\/www.youtube.com\\\/channel\\\/UCHOQFjrOkgT6s4FIw9LDKyw\\\/featured\"]}]}<\/script>\n<!-- \/ Yoast SEO plugin. -->","yoast_head_json":{"title":"Kokoontaitettava taskuveitsi - ter\u00e4s D2 - AAKnives","description":"Ruotsalaista ter\u00e4st\u00e4 D2 , hiekkapuhallettu. Elmax-veitset eiv\u00e4t pyri korroosioon. Kest\u00e4\u00e4 sivuttaiskuormitusta ja taivutuksia.","robots":{"index":"index","follow":"follow","max-snippet":"max-snippet:-1","max-image-preview":"max-image-preview:large","max-video-preview":"max-video-preview:-1"},"canonical":"https:\/\/aaknives.eu\/fi\/product\/kokoontaitettava-taskuveitsi-teras-d2-5\/","og_locale":"fi_FI","og_type":"article","og_title":"Kokoontaitettava taskuveitsi - ter\u00e4s D2 - AAKnives","og_description":"Ruotsalaista ter\u00e4st\u00e4 D2 , hiekkapuhallettu. Elmax-veitset eiv\u00e4t pyri korroosioon. Kest\u00e4\u00e4 sivuttaiskuormitusta ja taivutuksia.","og_url":"https:\/\/aaknives.eu\/fi\/product\/kokoontaitettava-taskuveitsi-teras-d2-5\/","og_site_name":"AAKnives","article_publisher":"https:\/\/www.facebook.com\/aaknives.eu\/","article_modified_time":"2026-01-21T17:47:41+00:00","og_image":[{"width":1020,"height":880,"url":"https:\/\/aaknives.eu\/wp-content\/uploads\/2021\/09\/aaknives-hand-forged-damascus-steel-blade-knife-handmade-custom-made-knife-handcrafted-knives-autinetools-northmen-1-90-1.jpg","type":"image\/jpeg"}],"twitter_card":"summary_large_image","twitter_misc":{"Arvioitu lukuaika":"1 minuutti"},"schema":{"@context":"https:\/\/schema.org","@graph":[{"@type":"WebPage","@id":"https:\/\/aaknives.eu\/fi\/product\/kokoontaitettava-taskuveitsi-teras-d2-5\/","url":"https:\/\/aaknives.eu\/fi\/product\/kokoontaitettava-taskuveitsi-teras-d2-5\/","name":"Kokoontaitettava taskuveitsi - ter\u00e4s D2 - AAKnives","isPartOf":{"@id":"https:\/\/aaknives.eu\/fi\/#website"},"primaryImageOfPage":{"@id":"https:\/\/aaknives.eu\/fi\/product\/kokoontaitettava-taskuveitsi-teras-d2-5\/#primaryimage"},"image":{"@id":"https:\/\/aaknives.eu\/fi\/product\/kokoontaitettava-taskuveitsi-teras-d2-5\/#primaryimage"},"thumbnailUrl":"https:\/\/aaknives.eu\/wp-content\/uploads\/2021\/09\/aaknives-hand-forged-damascus-steel-blade-knife-handmade-custom-made-knife-handcrafted-knives-autinetools-northmen-1-90-1.jpg","datePublished":"2021-09-20T20:22:48+00:00","dateModified":"2026-01-21T17:47:41+00:00","description":"Ruotsalaista ter\u00e4st\u00e4 D2 , hiekkapuhallettu. Elmax-veitset eiv\u00e4t pyri korroosioon. Kest\u00e4\u00e4 sivuttaiskuormitusta ja taivutuksia.","breadcrumb":{"@id":"https:\/\/aaknives.eu\/fi\/product\/kokoontaitettava-taskuveitsi-teras-d2-5\/#breadcrumb"},"inLanguage":"fi","potentialAction":[{"@type":"ReadAction","target":["https:\/\/aaknives.eu\/fi\/product\/kokoontaitettava-taskuveitsi-teras-d2-5\/"]}]},{"@type":"ImageObject","inLanguage":"fi","@id":"https:\/\/aaknives.eu\/fi\/product\/kokoontaitettava-taskuveitsi-teras-d2-5\/#primaryimage","url":"https:\/\/aaknives.eu\/wp-content\/uploads\/2021\/09\/aaknives-hand-forged-damascus-steel-blade-knife-handmade-custom-made-knife-handcrafted-knives-autinetools-northmen-1-90-1.jpg","contentUrl":"https:\/\/aaknives.eu\/wp-content\/uploads\/2021\/09\/aaknives-hand-forged-damascus-steel-blade-knife-handmade-custom-made-knife-handcrafted-knives-autinetools-northmen-1-90-1.jpg","width":1020,"height":880},{"@type":"BreadcrumbList","@id":"https:\/\/aaknives.eu\/fi\/product\/kokoontaitettava-taskuveitsi-teras-d2-5\/#breadcrumb","itemListElement":[{"@type":"ListItem","position":1,"name":"Home","item":"https:\/\/aaknives.eu\/fi\/"},{"@type":"ListItem","position":2,"name":"Kauppa","item":"https:\/\/aaknives.eu\/kauppa\/"},{"@type":"ListItem","position":3,"name":"Kokoontaitettava taskuveitsi &#8211; ter\u00e4s D2"}]},{"@type":"WebSite","@id":"https:\/\/aaknives.eu\/fi\/#website","url":"https:\/\/aaknives.eu\/fi\/","name":"AAKnives","description":"Handmade knives","publisher":{"@id":"https:\/\/aaknives.eu\/fi\/#organization"},"potentialAction":[{"@type":"SearchAction","target":{"@type":"EntryPoint","urlTemplate":"https:\/\/aaknives.eu\/fi\/?s={search_term_string}"},"query-input":{"@type":"PropertyValueSpecification","valueRequired":true,"valueName":"search_term_string"}}],"inLanguage":"fi"},{"@type":"Organization","@id":"https:\/\/aaknives.eu\/fi\/#organization","name":"AAKnives","url":"https:\/\/aaknives.eu\/fi\/","logo":{"@type":"ImageObject","inLanguage":"fi","@id":"https:\/\/aaknives.eu\/fi\/#\/schema\/logo\/image\/","url":"https:\/\/aaknives.eu\/wp-content\/uploads\/2021\/10\/AAknives_Logo_Green.png","contentUrl":"https:\/\/aaknives.eu\/wp-content\/uploads\/2021\/10\/AAknives_Logo_Green.png","width":1768,"height":1768,"caption":"AAKnives"},"image":{"@id":"https:\/\/aaknives.eu\/fi\/#\/schema\/logo\/image\/"},"sameAs":["https:\/\/www.facebook.com\/aaknives.eu\/","https:\/\/www.instagram.com\/aaknives\/","https:\/\/www.pinterest.com\/aa_knives\/","https:\/\/www.youtube.com\/channel\/UCHOQFjrOkgT6s4FIw9LDKyw\/featured"]}]}},"_links":{"self":[{"href":"https:\/\/aaknives.eu\/fi\/wp-json\/wp\/v2\/product\/63075","targetHints":{"allow":["GET"]}}],"collection":[{"href":"https:\/\/aaknives.eu\/fi\/wp-json\/wp\/v2\/product"}],"about":[{"href":"https:\/\/aaknives.eu\/fi\/wp-json\/wp\/v2\/types\/product"}],"wp:featuredmedia":[{"embeddable":true,"href":"https:\/\/aaknives.eu\/fi\/wp-json\/wp\/v2\/media\/106764"}],"wp:attachment":[{"href":"https:\/\/aaknives.eu\/fi\/wp-json\/wp\/v2\/media?parent=63075"}],"wp:term":[{"taxonomy":"product_brand","embeddable":true,"href":"https:\/\/aaknives.eu\/fi\/wp-json\/wp\/v2\/product_brand?post=63075"},{"taxonomy":"product_cat","embeddable":true,"href":"https:\/\/aaknives.eu\/fi\/wp-json\/wp\/v2\/product_cat?post=63075"},{"taxonomy":"product_tag","embeddable":true,"href":"https:\/\/aaknives.eu\/fi\/wp-json\/wp\/v2\/product_tag?post=63075"}],"curies":[{"name":"wp","href":"https:\/\/api.w.org\/{rel}","templated":true}]}}