{"id":63196,"date":"2021-09-20T20:17:55","date_gmt":"2021-09-20T20:17:55","guid":{"rendered":"https:\/\/aaknives.eu\/product\/veitsi-lahjapakkaus\/"},"modified":"2024-11-22T12:13:43","modified_gmt":"2024-11-22T12:13:43","slug":"veitsi-lahjapakkaus","status":"publish","type":"product","link":"https:\/\/aaknives.eu\/fi\/product\/veitsi-lahjapakkaus\/","title":{"rendered":"Veitsi &#8211; lahjapakkaus!"},"content":{"rendered":"<p>Veitsi &#8211; lahjapakkaus!<br \/>\nMateriaali: puu<br \/>\nPituus (mm): 330 \/ 12,90 tuumaa<br \/>\nLeveys (mm): Tuuma: 93 \/ 3,66 tuumaa<br \/>\nKorkeus (mm): 80 \/ 3,14 tuumaa<\/p>\n<p>Veitsi ei sis\u00e4lly sarjaan!<\/p>\n<p>Veitsi on hieno ja eksklusiivinen lahja, koska se on pysyv\u00e4 ja pysyy ikuisesti. K\u00e4ytt\u00e4j\u00e4 muistaa ja ajattelee sinua joka kerta, kun h\u00e4n tarttuu veitseen!<\/p>\n<p>Muista vain &#8211; jos lahjoitat veitsen, pyyd\u00e4 vastineeksi kolikkoa, se on t\u00e4rke\u00e4\u00e4! Jotta et joutuisi riitoihin jonkun kanssa. N\u00e4in sanoo vanha uskomus!<\/p>\n","protected":false},"excerpt":{"rendered":"<p>Veitsi &#8211; lahjapakkaus! Materiaali: puu Pituus (mm): 330 \/ 12,90 tuumaa Leveys (mm): Tuuma: 93 \/ 3,66 tuumaa Korkeus (mm): 80 \/ 3,14 tuumaa Veitsi ei sis\u00e4lly sarjaan! Veitsi on hieno ja eksklusiivinen lahja, koska se on pysyv\u00e4 ja pysyy ikuisesti. K\u00e4ytt\u00e4j\u00e4 muistaa ja ajattelee sinua joka kerta, kun h\u00e4n tarttuu veitseen! Muista vain &#8211; jos lahjoitat veitsen, pyyd\u00e4 vastineeksi kolikkoa, se on t\u00e4rke\u00e4\u00e4! Jotta et joutuisi riitoihin jonkun kanssa. N\u00e4in sanoo vanha uskomus!<\/p>\n","protected":false},"featured_media":63197,"template":"","meta":{"_themeisle_gutenberg_block_has_review":false},"product_brand":[],"product_cat":[465,456,462,681,477,481,453,459,464,457,470,452],"product_tag":[],"class_list":{"0":"post-63196","1":"product","2":"type-product","3":"status-publish","4":"has-post-thumbnail","6":"product_cat-full-tang-veitset","7":"product_cat-kalastusveitset","8":"product_cat-keittioveitset","9":"product_cat-laatikot","10":"product_cat-lahjakortit","11":"product_cat-latvialaiset-voimaveitset","12":"product_cat-metsastysveitset","13":"product_cat-premium-ja-exclusive-veitset","14":"product_cat-sienten-poimintaveitset","15":"product_cat-taskuveitset","16":"product_cat-terat","17":"product_cat-ulkoveitset","19":"first","20":"instock","21":"shipping-taxable","22":"purchasable","23":"product-type-simple"},"yoast_head":"<!-- This site is optimized with the Yoast SEO plugin v27.5 - https:\/\/yoast.com\/product\/yoast-seo-wordpress\/ -->\n<title>Veitsi - lahjapakkaus! - AAKnives<\/title>\n<meta name=\"robots\" content=\"index, follow, max-snippet:-1, max-image-preview:large, max-video-preview:-1\" \/>\n<link rel=\"canonical\" href=\"https:\/\/aaknives.eu\/fi\/product\/veitsi-lahjapakkaus\/\" \/>\n<meta property=\"og:locale\" content=\"fi_FI\" \/>\n<meta property=\"og:type\" content=\"article\" \/>\n<meta property=\"og:title\" content=\"Veitsi - lahjapakkaus! - AAKnives\" \/>\n<meta property=\"og:description\" content=\"Veitsi &#8211; lahjapakkaus! Materiaali: puu Pituus (mm): 330 \/ 12,90 tuumaa Leveys (mm): Tuuma: 93 \/ 3,66 tuumaa Korkeus (mm): 80 \/ 3,14 tuumaa Veitsi ei sis\u00e4lly sarjaan! Veitsi on hieno ja eksklusiivinen lahja, koska se on pysyv\u00e4 ja pysyy ikuisesti. K\u00e4ytt\u00e4j\u00e4 muistaa ja ajattelee sinua joka kerta, kun h\u00e4n tarttuu veitseen! Muista vain &#8211; jos lahjoitat veitsen, pyyd\u00e4 vastineeksi kolikkoa, se on t\u00e4rke\u00e4\u00e4! Jotta et joutuisi riitoihin jonkun kanssa. N\u00e4in sanoo vanha uskomus!\" \/>\n<meta property=\"og:url\" content=\"https:\/\/aaknives.eu\/fi\/product\/veitsi-lahjapakkaus\/\" \/>\n<meta property=\"og:site_name\" content=\"AAKnives\" \/>\n<meta property=\"article:publisher\" content=\"https:\/\/www.facebook.com\/aaknives.eu\/\" \/>\n<meta property=\"article:modified_time\" content=\"2024-11-22T12:13:43+00:00\" \/>\n<meta property=\"og:image\" content=\"https:\/\/aaknives.eu\/wp-content\/uploads\/2021\/09\/aaknives-hand-forged-dabascus-steel-blade-knife-handmade-custom-made-knife-handcrafted-knives-autinetools-northmen-2-6-9.jpg\" \/>\n\t<meta property=\"og:image:width\" content=\"1020\" \/>\n\t<meta property=\"og:image:height\" content=\"880\" \/>\n\t<meta property=\"og:image:type\" content=\"image\/jpeg\" \/>\n<meta name=\"twitter:card\" content=\"summary_large_image\" \/>\n<script type=\"application\/ld+json\" class=\"yoast-schema-graph\">{\"@context\":\"https:\\\/\\\/schema.org\",\"@graph\":[{\"@type\":\"WebPage\",\"@id\":\"https:\\\/\\\/aaknives.eu\\\/fi\\\/product\\\/veitsi-lahjapakkaus\\\/\",\"url\":\"https:\\\/\\\/aaknives.eu\\\/fi\\\/product\\\/veitsi-lahjapakkaus\\\/\",\"name\":\"Veitsi - lahjapakkaus! - AAKnives\",\"isPartOf\":{\"@id\":\"https:\\\/\\\/aaknives.eu\\\/fi\\\/#website\"},\"primaryImageOfPage\":{\"@id\":\"https:\\\/\\\/aaknives.eu\\\/fi\\\/product\\\/veitsi-lahjapakkaus\\\/#primaryimage\"},\"image\":{\"@id\":\"https:\\\/\\\/aaknives.eu\\\/fi\\\/product\\\/veitsi-lahjapakkaus\\\/#primaryimage\"},\"thumbnailUrl\":\"https:\\\/\\\/aaknives.eu\\\/wp-content\\\/uploads\\\/2021\\\/09\\\/aaknives-hand-forged-dabascus-steel-blade-knife-handmade-custom-made-knife-handcrafted-knives-autinetools-northmen-2-6-9.jpg\",\"datePublished\":\"2021-09-20T20:17:55+00:00\",\"dateModified\":\"2024-11-22T12:13:43+00:00\",\"breadcrumb\":{\"@id\":\"https:\\\/\\\/aaknives.eu\\\/fi\\\/product\\\/veitsi-lahjapakkaus\\\/#breadcrumb\"},\"inLanguage\":\"fi\",\"potentialAction\":[{\"@type\":\"ReadAction\",\"target\":[\"https:\\\/\\\/aaknives.eu\\\/fi\\\/product\\\/veitsi-lahjapakkaus\\\/\"]}]},{\"@type\":\"ImageObject\",\"inLanguage\":\"fi\",\"@id\":\"https:\\\/\\\/aaknives.eu\\\/fi\\\/product\\\/veitsi-lahjapakkaus\\\/#primaryimage\",\"url\":\"https:\\\/\\\/aaknives.eu\\\/wp-content\\\/uploads\\\/2021\\\/09\\\/aaknives-hand-forged-dabascus-steel-blade-knife-handmade-custom-made-knife-handcrafted-knives-autinetools-northmen-2-6-9.jpg\",\"contentUrl\":\"https:\\\/\\\/aaknives.eu\\\/wp-content\\\/uploads\\\/2021\\\/09\\\/aaknives-hand-forged-dabascus-steel-blade-knife-handmade-custom-made-knife-handcrafted-knives-autinetools-northmen-2-6-9.jpg\",\"width\":1020,\"height\":880,\"caption\":\"aaknives hand forged dabascus steel blade knife handmade custom made knife handcrafted knives autinetools northmen 2 6 9\"},{\"@type\":\"BreadcrumbList\",\"@id\":\"https:\\\/\\\/aaknives.eu\\\/fi\\\/product\\\/veitsi-lahjapakkaus\\\/#breadcrumb\",\"itemListElement\":[{\"@type\":\"ListItem\",\"position\":1,\"name\":\"Home\",\"item\":\"https:\\\/\\\/aaknives.eu\\\/fi\\\/\"},{\"@type\":\"ListItem\",\"position\":2,\"name\":\"Kauppa\",\"item\":\"https:\\\/\\\/aaknives.eu\\\/kauppa\\\/\"},{\"@type\":\"ListItem\",\"position\":3,\"name\":\"Veitsi &#8211; lahjapakkaus!\"}]},{\"@type\":\"WebSite\",\"@id\":\"https:\\\/\\\/aaknives.eu\\\/fi\\\/#website\",\"url\":\"https:\\\/\\\/aaknives.eu\\\/fi\\\/\",\"name\":\"AAKnives\",\"description\":\"Handmade knives\",\"publisher\":{\"@id\":\"https:\\\/\\\/aaknives.eu\\\/fi\\\/#organization\"},\"potentialAction\":[{\"@type\":\"SearchAction\",\"target\":{\"@type\":\"EntryPoint\",\"urlTemplate\":\"https:\\\/\\\/aaknives.eu\\\/fi\\\/?s={search_term_string}\"},\"query-input\":{\"@type\":\"PropertyValueSpecification\",\"valueRequired\":true,\"valueName\":\"search_term_string\"}}],\"inLanguage\":\"fi\"},{\"@type\":\"Organization\",\"@id\":\"https:\\\/\\\/aaknives.eu\\\/fi\\\/#organization\",\"name\":\"AAKnives\",\"url\":\"https:\\\/\\\/aaknives.eu\\\/fi\\\/\",\"logo\":{\"@type\":\"ImageObject\",\"inLanguage\":\"fi\",\"@id\":\"https:\\\/\\\/aaknives.eu\\\/fi\\\/#\\\/schema\\\/logo\\\/image\\\/\",\"url\":\"https:\\\/\\\/aaknives.eu\\\/wp-content\\\/uploads\\\/2021\\\/10\\\/AAknives_Logo_Green.png\",\"contentUrl\":\"https:\\\/\\\/aaknives.eu\\\/wp-content\\\/uploads\\\/2021\\\/10\\\/AAknives_Logo_Green.png\",\"width\":1768,\"height\":1768,\"caption\":\"AAKnives\"},\"image\":{\"@id\":\"https:\\\/\\\/aaknives.eu\\\/fi\\\/#\\\/schema\\\/logo\\\/image\\\/\"},\"sameAs\":[\"https:\\\/\\\/www.facebook.com\\\/aaknives.eu\\\/\",\"https:\\\/\\\/www.instagram.com\\\/aaknives\\\/\",\"https:\\\/\\\/www.pinterest.com\\\/aa_knives\\\/\",\"https:\\\/\\\/www.youtube.com\\\/channel\\\/UCHOQFjrOkgT6s4FIw9LDKyw\\\/featured\"]}]}<\/script>\n<!-- \/ Yoast SEO plugin. -->","yoast_head_json":{"title":"Veitsi - lahjapakkaus! - AAKnives","robots":{"index":"index","follow":"follow","max-snippet":"max-snippet:-1","max-image-preview":"max-image-preview:large","max-video-preview":"max-video-preview:-1"},"canonical":"https:\/\/aaknives.eu\/fi\/product\/veitsi-lahjapakkaus\/","og_locale":"fi_FI","og_type":"article","og_title":"Veitsi - lahjapakkaus! - AAKnives","og_description":"Veitsi &#8211; lahjapakkaus! Materiaali: puu Pituus (mm): 330 \/ 12,90 tuumaa Leveys (mm): Tuuma: 93 \/ 3,66 tuumaa Korkeus (mm): 80 \/ 3,14 tuumaa Veitsi ei sis\u00e4lly sarjaan! Veitsi on hieno ja eksklusiivinen lahja, koska se on pysyv\u00e4 ja pysyy ikuisesti. K\u00e4ytt\u00e4j\u00e4 muistaa ja ajattelee sinua joka kerta, kun h\u00e4n tarttuu veitseen! Muista vain &#8211; jos lahjoitat veitsen, pyyd\u00e4 vastineeksi kolikkoa, se on t\u00e4rke\u00e4\u00e4! Jotta et joutuisi riitoihin jonkun kanssa. N\u00e4in sanoo vanha uskomus!","og_url":"https:\/\/aaknives.eu\/fi\/product\/veitsi-lahjapakkaus\/","og_site_name":"AAKnives","article_publisher":"https:\/\/www.facebook.com\/aaknives.eu\/","article_modified_time":"2024-11-22T12:13:43+00:00","og_image":[{"width":1020,"height":880,"url":"https:\/\/aaknives.eu\/wp-content\/uploads\/2021\/09\/aaknives-hand-forged-dabascus-steel-blade-knife-handmade-custom-made-knife-handcrafted-knives-autinetools-northmen-2-6-9.jpg","type":"image\/jpeg"}],"twitter_card":"summary_large_image","schema":{"@context":"https:\/\/schema.org","@graph":[{"@type":"WebPage","@id":"https:\/\/aaknives.eu\/fi\/product\/veitsi-lahjapakkaus\/","url":"https:\/\/aaknives.eu\/fi\/product\/veitsi-lahjapakkaus\/","name":"Veitsi - lahjapakkaus! - AAKnives","isPartOf":{"@id":"https:\/\/aaknives.eu\/fi\/#website"},"primaryImageOfPage":{"@id":"https:\/\/aaknives.eu\/fi\/product\/veitsi-lahjapakkaus\/#primaryimage"},"image":{"@id":"https:\/\/aaknives.eu\/fi\/product\/veitsi-lahjapakkaus\/#primaryimage"},"thumbnailUrl":"https:\/\/aaknives.eu\/wp-content\/uploads\/2021\/09\/aaknives-hand-forged-dabascus-steel-blade-knife-handmade-custom-made-knife-handcrafted-knives-autinetools-northmen-2-6-9.jpg","datePublished":"2021-09-20T20:17:55+00:00","dateModified":"2024-11-22T12:13:43+00:00","breadcrumb":{"@id":"https:\/\/aaknives.eu\/fi\/product\/veitsi-lahjapakkaus\/#breadcrumb"},"inLanguage":"fi","potentialAction":[{"@type":"ReadAction","target":["https:\/\/aaknives.eu\/fi\/product\/veitsi-lahjapakkaus\/"]}]},{"@type":"ImageObject","inLanguage":"fi","@id":"https:\/\/aaknives.eu\/fi\/product\/veitsi-lahjapakkaus\/#primaryimage","url":"https:\/\/aaknives.eu\/wp-content\/uploads\/2021\/09\/aaknives-hand-forged-dabascus-steel-blade-knife-handmade-custom-made-knife-handcrafted-knives-autinetools-northmen-2-6-9.jpg","contentUrl":"https:\/\/aaknives.eu\/wp-content\/uploads\/2021\/09\/aaknives-hand-forged-dabascus-steel-blade-knife-handmade-custom-made-knife-handcrafted-knives-autinetools-northmen-2-6-9.jpg","width":1020,"height":880,"caption":"aaknives hand forged dabascus steel blade knife handmade custom made knife handcrafted knives autinetools northmen 2 6 9"},{"@type":"BreadcrumbList","@id":"https:\/\/aaknives.eu\/fi\/product\/veitsi-lahjapakkaus\/#breadcrumb","itemListElement":[{"@type":"ListItem","position":1,"name":"Home","item":"https:\/\/aaknives.eu\/fi\/"},{"@type":"ListItem","position":2,"name":"Kauppa","item":"https:\/\/aaknives.eu\/kauppa\/"},{"@type":"ListItem","position":3,"name":"Veitsi &#8211; lahjapakkaus!"}]},{"@type":"WebSite","@id":"https:\/\/aaknives.eu\/fi\/#website","url":"https:\/\/aaknives.eu\/fi\/","name":"AAKnives","description":"Handmade knives","publisher":{"@id":"https:\/\/aaknives.eu\/fi\/#organization"},"potentialAction":[{"@type":"SearchAction","target":{"@type":"EntryPoint","urlTemplate":"https:\/\/aaknives.eu\/fi\/?s={search_term_string}"},"query-input":{"@type":"PropertyValueSpecification","valueRequired":true,"valueName":"search_term_string"}}],"inLanguage":"fi"},{"@type":"Organization","@id":"https:\/\/aaknives.eu\/fi\/#organization","name":"AAKnives","url":"https:\/\/aaknives.eu\/fi\/","logo":{"@type":"ImageObject","inLanguage":"fi","@id":"https:\/\/aaknives.eu\/fi\/#\/schema\/logo\/image\/","url":"https:\/\/aaknives.eu\/wp-content\/uploads\/2021\/10\/AAknives_Logo_Green.png","contentUrl":"https:\/\/aaknives.eu\/wp-content\/uploads\/2021\/10\/AAknives_Logo_Green.png","width":1768,"height":1768,"caption":"AAKnives"},"image":{"@id":"https:\/\/aaknives.eu\/fi\/#\/schema\/logo\/image\/"},"sameAs":["https:\/\/www.facebook.com\/aaknives.eu\/","https:\/\/www.instagram.com\/aaknives\/","https:\/\/www.pinterest.com\/aa_knives\/","https:\/\/www.youtube.com\/channel\/UCHOQFjrOkgT6s4FIw9LDKyw\/featured"]}]}},"_links":{"self":[{"href":"https:\/\/aaknives.eu\/fi\/wp-json\/wp\/v2\/product\/63196","targetHints":{"allow":["GET"]}}],"collection":[{"href":"https:\/\/aaknives.eu\/fi\/wp-json\/wp\/v2\/product"}],"about":[{"href":"https:\/\/aaknives.eu\/fi\/wp-json\/wp\/v2\/types\/product"}],"wp:featuredmedia":[{"embeddable":true,"href":"https:\/\/aaknives.eu\/fi\/wp-json\/wp\/v2\/media\/63197"}],"wp:attachment":[{"href":"https:\/\/aaknives.eu\/fi\/wp-json\/wp\/v2\/media?parent=63196"}],"wp:term":[{"taxonomy":"product_brand","embeddable":true,"href":"https:\/\/aaknives.eu\/fi\/wp-json\/wp\/v2\/product_brand?post=63196"},{"taxonomy":"product_cat","embeddable":true,"href":"https:\/\/aaknives.eu\/fi\/wp-json\/wp\/v2\/product_cat?post=63196"},{"taxonomy":"product_tag","embeddable":true,"href":"https:\/\/aaknives.eu\/fi\/wp-json\/wp\/v2\/product_tag?post=63196"}],"curies":[{"name":"wp","href":"https:\/\/api.w.org\/{rel}","templated":true}]}}