{"id":63289,"date":"2021-09-20T20:21:12","date_gmt":"2021-09-20T20:21:12","guid":{"rendered":"https:\/\/aaknives.eu\/product\/suomalainen-puukko-puukko-taottu-damaskusteraksesta-valmistettu-terapuukko\/"},"modified":"2025-02-06T15:13:35","modified_gmt":"2025-02-06T15:13:35","slug":"suomalainen-puukko-puukko-taottu-damaskusteraksesta-valmistettu-terapuukko","status":"publish","type":"product","link":"https:\/\/aaknives.eu\/fi\/product\/suomalainen-puukko-puukko-taottu-damaskusteraksesta-valmistettu-terapuukko\/","title":{"rendered":"Suomalainen veitsi &#8211; Puukko &#8211; taottu Damaskuster\u00e4ksest\u00e4 valmistettu ter\u00e4veitsi"},"content":{"rendered":"<p>Veitsen tekniset tiedot:<br \/>\nTer\u00e4s: k\u00e4sin taottu Damascus-ter\u00e4ksinen veitsi, 650 kerrosta<br \/>\nKovuus: 60-62 HRC<br \/>\nTer\u00e4n pituus (mm): 99 \/ 3,89 tuumaa<br \/>\nTer\u00e4n paksuus (mm): 3 \/ 0,11 tuumaa<br \/>\nTer\u00e4n leveys (mm): 27 \/ 1,06 tuumaa<br \/>\nKahva: Karjalan koivu<br \/>\nKokonaispituus (mm): 224 \/ 8,81 tuumaa<\/p>\n<p>Damaskuster\u00e4ksest\u00e4 valmistettu ter\u00e4, joka on valmistettu paketista eri kovuus- ja viskositeetti\u00e4 olevia ter\u00e4ksi\u00e4, jotka taittuvat levyksi tietyss\u00e4 j\u00e4rjestyksess\u00e4. Seuraavaksi levy\u00e4 taotaan toistuvasti uudelleen, mink\u00e4 ansiosta muodostuu kerroksia ja ainutlaatuinen kuvio.<\/p>\n<p>Vaikea tekninen prosessi tehd\u00e4\u00e4n manuaalisesti. T\u00e4ll\u00e4 tavalla saadulle ter\u00e4kselle on ominaista lis\u00e4\u00e4ntynyt lujuus, korkea kovuus, erinomaiset leikkausominaisuudet ja kauneus.<br \/>\nDamaskoksen ter\u00e4 yli 800-1000 kerrosta.<br \/>\nPakkaus Damaskoster\u00e4ster\u00e4 ShH15 + HVG + U10 A, l\u00e4mp\u00f6ilme 860 \u00b0C<\/p>\n<p>Damascus-ter\u00e4n veitsien edut:<br \/>\nLis\u00e4\u00e4ntynyt voima<br \/>\nKorkea kovuus<br \/>\nErinomaiset leikkausominaisuudet<br \/>\nKaunis muotoilu<br \/>\nPitk\u00e4kestoinen ter\u00e4vyys<\/p>\n<p>Hardness of the blade 60-62 HRC.<br \/>\nCustom knife, handmade knife, hand forged knife, hand forged blade<\/p>\n","protected":false},"excerpt":{"rendered":"<p>Veitsen tekniset tiedot: Ter\u00e4s: k\u00e4sin taottu Damascus-ter\u00e4ksinen veitsi, 650 kerrosta Kovuus: 60-62 HRC Ter\u00e4n pituus (mm): 99 \/ 3,89 tuumaa Ter\u00e4n paksuus (mm): 3 \/ 0,11 tuumaa Ter\u00e4n leveys (mm): 27 \/ 1,06 tuumaa Kahva: Karjalan koivu Kokonaispituus (mm): 224 \/ 8,81 tuumaa Damaskuster\u00e4ksest\u00e4 valmistettu ter\u00e4, joka on valmistettu paketista eri kovuus- ja viskositeetti\u00e4 olevia ter\u00e4ksi\u00e4, jotka taittuvat levyksi tietyss\u00e4 j\u00e4rjestyksess\u00e4. Seuraavaksi levy\u00e4 taotaan toistuvasti uudelleen, mink\u00e4 ansiosta muodostuu kerroksia ja ainutlaatuinen kuvio. Vaikea tekninen prosessi tehd\u00e4\u00e4n manuaalisesti. T\u00e4ll\u00e4 tavalla saadulle ter\u00e4kselle on ominaista lis\u00e4\u00e4ntynyt lujuus, korkea kovuus, erinomaiset leikkausominaisuudet ja kauneus. Damaskoksen ter\u00e4 yli 800-1000 kerrosta. Pakkaus Damaskoster\u00e4ster\u00e4 ShH15&hellip;<\/p>\n","protected":false},"featured_media":95962,"template":"","meta":{"_themeisle_gutenberg_block_has_review":false},"product_brand":[],"product_cat":[456,453,452],"product_tag":[],"class_list":{"0":"post-63289","1":"product","2":"type-product","3":"status-publish","4":"has-post-thumbnail","6":"product_cat-kalastusveitset","7":"product_cat-metsastysveitset","8":"product_cat-ulkoveitset","10":"first","11":"outofstock","12":"shipping-taxable","13":"purchasable","14":"product-type-simple"},"yoast_head":"<!-- This site is optimized with the Yoast SEO plugin v27.5 - https:\/\/yoast.com\/product\/yoast-seo-wordpress\/ -->\n<title>Suomalainen veitsi - Puukko - taottu Damaskuster\u00e4ksest\u00e4 valmistettu ter\u00e4veitsi - AAKnives<\/title>\n<meta name=\"description\" content=\"Damaskuster\u00e4ksest\u00e4 valmistettu ter\u00e4, joka on valmistettu paketista eri kovuus- ja viskositeetti\u00e4 olevia ter\u00e4ksi\u00e4, jotka taittuvat levyksi tietyss\u00e4 j\u00e4rjestyksess\u00e4.\" \/>\n<meta name=\"robots\" content=\"index, follow, max-snippet:-1, max-image-preview:large, max-video-preview:-1\" \/>\n<link rel=\"canonical\" href=\"https:\/\/aaknives.eu\/fi\/product\/suomalainen-puukko-puukko-taottu-damaskusteraksesta-valmistettu-terapuukko\/\" \/>\n<meta property=\"og:locale\" content=\"fi_FI\" \/>\n<meta property=\"og:type\" content=\"article\" \/>\n<meta property=\"og:title\" content=\"Suomalainen veitsi - Puukko - taottu Damaskuster\u00e4ksest\u00e4 valmistettu ter\u00e4veitsi - AAKnives\" \/>\n<meta property=\"og:description\" content=\"Damaskuster\u00e4ksest\u00e4 valmistettu ter\u00e4, joka on valmistettu paketista eri kovuus- ja viskositeetti\u00e4 olevia ter\u00e4ksi\u00e4, jotka taittuvat levyksi tietyss\u00e4 j\u00e4rjestyksess\u00e4.\" \/>\n<meta property=\"og:url\" content=\"https:\/\/aaknives.eu\/fi\/product\/suomalainen-puukko-puukko-taottu-damaskusteraksesta-valmistettu-terapuukko\/\" \/>\n<meta property=\"og:site_name\" content=\"AAKnives\" \/>\n<meta property=\"article:publisher\" content=\"https:\/\/www.facebook.com\/aaknives.eu\/\" \/>\n<meta property=\"article:modified_time\" content=\"2025-02-06T15:13:35+00:00\" \/>\n<meta property=\"og:image\" content=\"https:\/\/aaknives.eu\/wp-content\/uploads\/2021\/09\/aaknives-hand-forged-dabascus-steel-blade-knife-handmade-custom-made-knife-handcrafted-knives-autinetools-northmen-17.2-4.jpg\" \/>\n\t<meta property=\"og:image:width\" content=\"1020\" \/>\n\t<meta property=\"og:image:height\" content=\"880\" \/>\n\t<meta property=\"og:image:type\" content=\"image\/jpeg\" \/>\n<meta name=\"twitter:card\" content=\"summary_large_image\" \/>\n<meta name=\"twitter:label1\" content=\"Arvioitu lukuaika\" \/>\n\t<meta name=\"twitter:data1\" content=\"1 minuutti\" \/>\n<script type=\"application\/ld+json\" class=\"yoast-schema-graph\">{\"@context\":\"https:\\\/\\\/schema.org\",\"@graph\":[{\"@type\":\"WebPage\",\"@id\":\"https:\\\/\\\/aaknives.eu\\\/fi\\\/product\\\/suomalainen-puukko-puukko-taottu-damaskusteraksesta-valmistettu-terapuukko\\\/\",\"url\":\"https:\\\/\\\/aaknives.eu\\\/fi\\\/product\\\/suomalainen-puukko-puukko-taottu-damaskusteraksesta-valmistettu-terapuukko\\\/\",\"name\":\"Suomalainen veitsi - Puukko - taottu Damaskuster\u00e4ksest\u00e4 valmistettu ter\u00e4veitsi - AAKnives\",\"isPartOf\":{\"@id\":\"https:\\\/\\\/aaknives.eu\\\/fi\\\/#website\"},\"primaryImageOfPage\":{\"@id\":\"https:\\\/\\\/aaknives.eu\\\/fi\\\/product\\\/suomalainen-puukko-puukko-taottu-damaskusteraksesta-valmistettu-terapuukko\\\/#primaryimage\"},\"image\":{\"@id\":\"https:\\\/\\\/aaknives.eu\\\/fi\\\/product\\\/suomalainen-puukko-puukko-taottu-damaskusteraksesta-valmistettu-terapuukko\\\/#primaryimage\"},\"thumbnailUrl\":\"https:\\\/\\\/aaknives.eu\\\/wp-content\\\/uploads\\\/2021\\\/09\\\/aaknives-hand-forged-dabascus-steel-blade-knife-handmade-custom-made-knife-handcrafted-knives-autinetools-northmen-17.2-4.jpg\",\"datePublished\":\"2021-09-20T20:21:12+00:00\",\"dateModified\":\"2025-02-06T15:13:35+00:00\",\"description\":\"Damaskuster\u00e4ksest\u00e4 valmistettu ter\u00e4, joka on valmistettu paketista eri kovuus- ja viskositeetti\u00e4 olevia ter\u00e4ksi\u00e4, jotka taittuvat levyksi tietyss\u00e4 j\u00e4rjestyksess\u00e4.\",\"breadcrumb\":{\"@id\":\"https:\\\/\\\/aaknives.eu\\\/fi\\\/product\\\/suomalainen-puukko-puukko-taottu-damaskusteraksesta-valmistettu-terapuukko\\\/#breadcrumb\"},\"inLanguage\":\"fi\",\"potentialAction\":[{\"@type\":\"ReadAction\",\"target\":[\"https:\\\/\\\/aaknives.eu\\\/fi\\\/product\\\/suomalainen-puukko-puukko-taottu-damaskusteraksesta-valmistettu-terapuukko\\\/\"]}]},{\"@type\":\"ImageObject\",\"inLanguage\":\"fi\",\"@id\":\"https:\\\/\\\/aaknives.eu\\\/fi\\\/product\\\/suomalainen-puukko-puukko-taottu-damaskusteraksesta-valmistettu-terapuukko\\\/#primaryimage\",\"url\":\"https:\\\/\\\/aaknives.eu\\\/wp-content\\\/uploads\\\/2021\\\/09\\\/aaknives-hand-forged-dabascus-steel-blade-knife-handmade-custom-made-knife-handcrafted-knives-autinetools-northmen-17.2-4.jpg\",\"contentUrl\":\"https:\\\/\\\/aaknives.eu\\\/wp-content\\\/uploads\\\/2021\\\/09\\\/aaknives-hand-forged-dabascus-steel-blade-knife-handmade-custom-made-knife-handcrafted-knives-autinetools-northmen-17.2-4.jpg\",\"width\":1020,\"height\":880},{\"@type\":\"BreadcrumbList\",\"@id\":\"https:\\\/\\\/aaknives.eu\\\/fi\\\/product\\\/suomalainen-puukko-puukko-taottu-damaskusteraksesta-valmistettu-terapuukko\\\/#breadcrumb\",\"itemListElement\":[{\"@type\":\"ListItem\",\"position\":1,\"name\":\"Home\",\"item\":\"https:\\\/\\\/aaknives.eu\\\/fi\\\/\"},{\"@type\":\"ListItem\",\"position\":2,\"name\":\"Kauppa\",\"item\":\"https:\\\/\\\/aaknives.eu\\\/kauppa\\\/\"},{\"@type\":\"ListItem\",\"position\":3,\"name\":\"Private: Suomalainen veitsi &#8211; Puukko &#8211; taottu Damaskuster\u00e4ksest\u00e4 valmistettu ter\u00e4veitsi\"}]},{\"@type\":\"WebSite\",\"@id\":\"https:\\\/\\\/aaknives.eu\\\/fi\\\/#website\",\"url\":\"https:\\\/\\\/aaknives.eu\\\/fi\\\/\",\"name\":\"AAKnives\",\"description\":\"Handmade knives\",\"publisher\":{\"@id\":\"https:\\\/\\\/aaknives.eu\\\/fi\\\/#organization\"},\"potentialAction\":[{\"@type\":\"SearchAction\",\"target\":{\"@type\":\"EntryPoint\",\"urlTemplate\":\"https:\\\/\\\/aaknives.eu\\\/fi\\\/?s={search_term_string}\"},\"query-input\":{\"@type\":\"PropertyValueSpecification\",\"valueRequired\":true,\"valueName\":\"search_term_string\"}}],\"inLanguage\":\"fi\"},{\"@type\":\"Organization\",\"@id\":\"https:\\\/\\\/aaknives.eu\\\/fi\\\/#organization\",\"name\":\"AAKnives\",\"url\":\"https:\\\/\\\/aaknives.eu\\\/fi\\\/\",\"logo\":{\"@type\":\"ImageObject\",\"inLanguage\":\"fi\",\"@id\":\"https:\\\/\\\/aaknives.eu\\\/fi\\\/#\\\/schema\\\/logo\\\/image\\\/\",\"url\":\"https:\\\/\\\/aaknives.eu\\\/wp-content\\\/uploads\\\/2021\\\/10\\\/AAknives_Logo_Green.png\",\"contentUrl\":\"https:\\\/\\\/aaknives.eu\\\/wp-content\\\/uploads\\\/2021\\\/10\\\/AAknives_Logo_Green.png\",\"width\":1768,\"height\":1768,\"caption\":\"AAKnives\"},\"image\":{\"@id\":\"https:\\\/\\\/aaknives.eu\\\/fi\\\/#\\\/schema\\\/logo\\\/image\\\/\"},\"sameAs\":[\"https:\\\/\\\/www.facebook.com\\\/aaknives.eu\\\/\",\"https:\\\/\\\/www.instagram.com\\\/aaknives\\\/\",\"https:\\\/\\\/www.pinterest.com\\\/aa_knives\\\/\",\"https:\\\/\\\/www.youtube.com\\\/channel\\\/UCHOQFjrOkgT6s4FIw9LDKyw\\\/featured\"]}]}<\/script>\n<!-- \/ Yoast SEO plugin. -->","yoast_head_json":{"title":"Suomalainen veitsi - Puukko - taottu Damaskuster\u00e4ksest\u00e4 valmistettu ter\u00e4veitsi - AAKnives","description":"Damaskuster\u00e4ksest\u00e4 valmistettu ter\u00e4, joka on valmistettu paketista eri kovuus- ja viskositeetti\u00e4 olevia ter\u00e4ksi\u00e4, jotka taittuvat levyksi tietyss\u00e4 j\u00e4rjestyksess\u00e4.","robots":{"index":"index","follow":"follow","max-snippet":"max-snippet:-1","max-image-preview":"max-image-preview:large","max-video-preview":"max-video-preview:-1"},"canonical":"https:\/\/aaknives.eu\/fi\/product\/suomalainen-puukko-puukko-taottu-damaskusteraksesta-valmistettu-terapuukko\/","og_locale":"fi_FI","og_type":"article","og_title":"Suomalainen veitsi - Puukko - taottu Damaskuster\u00e4ksest\u00e4 valmistettu ter\u00e4veitsi - AAKnives","og_description":"Damaskuster\u00e4ksest\u00e4 valmistettu ter\u00e4, joka on valmistettu paketista eri kovuus- ja viskositeetti\u00e4 olevia ter\u00e4ksi\u00e4, jotka taittuvat levyksi tietyss\u00e4 j\u00e4rjestyksess\u00e4.","og_url":"https:\/\/aaknives.eu\/fi\/product\/suomalainen-puukko-puukko-taottu-damaskusteraksesta-valmistettu-terapuukko\/","og_site_name":"AAKnives","article_publisher":"https:\/\/www.facebook.com\/aaknives.eu\/","article_modified_time":"2025-02-06T15:13:35+00:00","og_image":[{"width":1020,"height":880,"url":"https:\/\/aaknives.eu\/wp-content\/uploads\/2021\/09\/aaknives-hand-forged-dabascus-steel-blade-knife-handmade-custom-made-knife-handcrafted-knives-autinetools-northmen-17.2-4.jpg","type":"image\/jpeg"}],"twitter_card":"summary_large_image","twitter_misc":{"Arvioitu lukuaika":"1 minuutti"},"schema":{"@context":"https:\/\/schema.org","@graph":[{"@type":"WebPage","@id":"https:\/\/aaknives.eu\/fi\/product\/suomalainen-puukko-puukko-taottu-damaskusteraksesta-valmistettu-terapuukko\/","url":"https:\/\/aaknives.eu\/fi\/product\/suomalainen-puukko-puukko-taottu-damaskusteraksesta-valmistettu-terapuukko\/","name":"Suomalainen veitsi - Puukko - taottu Damaskuster\u00e4ksest\u00e4 valmistettu ter\u00e4veitsi - AAKnives","isPartOf":{"@id":"https:\/\/aaknives.eu\/fi\/#website"},"primaryImageOfPage":{"@id":"https:\/\/aaknives.eu\/fi\/product\/suomalainen-puukko-puukko-taottu-damaskusteraksesta-valmistettu-terapuukko\/#primaryimage"},"image":{"@id":"https:\/\/aaknives.eu\/fi\/product\/suomalainen-puukko-puukko-taottu-damaskusteraksesta-valmistettu-terapuukko\/#primaryimage"},"thumbnailUrl":"https:\/\/aaknives.eu\/wp-content\/uploads\/2021\/09\/aaknives-hand-forged-dabascus-steel-blade-knife-handmade-custom-made-knife-handcrafted-knives-autinetools-northmen-17.2-4.jpg","datePublished":"2021-09-20T20:21:12+00:00","dateModified":"2025-02-06T15:13:35+00:00","description":"Damaskuster\u00e4ksest\u00e4 valmistettu ter\u00e4, joka on valmistettu paketista eri kovuus- ja viskositeetti\u00e4 olevia ter\u00e4ksi\u00e4, jotka taittuvat levyksi tietyss\u00e4 j\u00e4rjestyksess\u00e4.","breadcrumb":{"@id":"https:\/\/aaknives.eu\/fi\/product\/suomalainen-puukko-puukko-taottu-damaskusteraksesta-valmistettu-terapuukko\/#breadcrumb"},"inLanguage":"fi","potentialAction":[{"@type":"ReadAction","target":["https:\/\/aaknives.eu\/fi\/product\/suomalainen-puukko-puukko-taottu-damaskusteraksesta-valmistettu-terapuukko\/"]}]},{"@type":"ImageObject","inLanguage":"fi","@id":"https:\/\/aaknives.eu\/fi\/product\/suomalainen-puukko-puukko-taottu-damaskusteraksesta-valmistettu-terapuukko\/#primaryimage","url":"https:\/\/aaknives.eu\/wp-content\/uploads\/2021\/09\/aaknives-hand-forged-dabascus-steel-blade-knife-handmade-custom-made-knife-handcrafted-knives-autinetools-northmen-17.2-4.jpg","contentUrl":"https:\/\/aaknives.eu\/wp-content\/uploads\/2021\/09\/aaknives-hand-forged-dabascus-steel-blade-knife-handmade-custom-made-knife-handcrafted-knives-autinetools-northmen-17.2-4.jpg","width":1020,"height":880},{"@type":"BreadcrumbList","@id":"https:\/\/aaknives.eu\/fi\/product\/suomalainen-puukko-puukko-taottu-damaskusteraksesta-valmistettu-terapuukko\/#breadcrumb","itemListElement":[{"@type":"ListItem","position":1,"name":"Home","item":"https:\/\/aaknives.eu\/fi\/"},{"@type":"ListItem","position":2,"name":"Kauppa","item":"https:\/\/aaknives.eu\/kauppa\/"},{"@type":"ListItem","position":3,"name":"Private: Suomalainen veitsi &#8211; Puukko &#8211; taottu Damaskuster\u00e4ksest\u00e4 valmistettu ter\u00e4veitsi"}]},{"@type":"WebSite","@id":"https:\/\/aaknives.eu\/fi\/#website","url":"https:\/\/aaknives.eu\/fi\/","name":"AAKnives","description":"Handmade knives","publisher":{"@id":"https:\/\/aaknives.eu\/fi\/#organization"},"potentialAction":[{"@type":"SearchAction","target":{"@type":"EntryPoint","urlTemplate":"https:\/\/aaknives.eu\/fi\/?s={search_term_string}"},"query-input":{"@type":"PropertyValueSpecification","valueRequired":true,"valueName":"search_term_string"}}],"inLanguage":"fi"},{"@type":"Organization","@id":"https:\/\/aaknives.eu\/fi\/#organization","name":"AAKnives","url":"https:\/\/aaknives.eu\/fi\/","logo":{"@type":"ImageObject","inLanguage":"fi","@id":"https:\/\/aaknives.eu\/fi\/#\/schema\/logo\/image\/","url":"https:\/\/aaknives.eu\/wp-content\/uploads\/2021\/10\/AAknives_Logo_Green.png","contentUrl":"https:\/\/aaknives.eu\/wp-content\/uploads\/2021\/10\/AAknives_Logo_Green.png","width":1768,"height":1768,"caption":"AAKnives"},"image":{"@id":"https:\/\/aaknives.eu\/fi\/#\/schema\/logo\/image\/"},"sameAs":["https:\/\/www.facebook.com\/aaknives.eu\/","https:\/\/www.instagram.com\/aaknives\/","https:\/\/www.pinterest.com\/aa_knives\/","https:\/\/www.youtube.com\/channel\/UCHOQFjrOkgT6s4FIw9LDKyw\/featured"]}]}},"_links":{"self":[{"href":"https:\/\/aaknives.eu\/fi\/wp-json\/wp\/v2\/product\/63289","targetHints":{"allow":["GET"]}}],"collection":[{"href":"https:\/\/aaknives.eu\/fi\/wp-json\/wp\/v2\/product"}],"about":[{"href":"https:\/\/aaknives.eu\/fi\/wp-json\/wp\/v2\/types\/product"}],"wp:featuredmedia":[{"embeddable":true,"href":"https:\/\/aaknives.eu\/fi\/wp-json\/wp\/v2\/media\/95962"}],"wp:attachment":[{"href":"https:\/\/aaknives.eu\/fi\/wp-json\/wp\/v2\/media?parent=63289"}],"wp:term":[{"taxonomy":"product_brand","embeddable":true,"href":"https:\/\/aaknives.eu\/fi\/wp-json\/wp\/v2\/product_brand?post=63289"},{"taxonomy":"product_cat","embeddable":true,"href":"https:\/\/aaknives.eu\/fi\/wp-json\/wp\/v2\/product_cat?post=63289"},{"taxonomy":"product_tag","embeddable":true,"href":"https:\/\/aaknives.eu\/fi\/wp-json\/wp\/v2\/product_tag?post=63289"}],"curies":[{"name":"wp","href":"https:\/\/api.w.org\/{rel}","templated":true}]}}