{"id":63365,"date":"2021-09-20T20:15:03","date_gmt":"2021-09-20T20:15:03","guid":{"rendered":"https:\/\/aaknives.eu\/product\/latvialainen-voimaveitsi-lachplesis-1-taottua-damaskusterasta-800-kerrosta\/"},"modified":"2021-09-20T20:15:03","modified_gmt":"2021-09-20T20:15:03","slug":"latvialainen-voimaveitsi-lachplesis-1-taottua-damaskusterasta-800-kerrosta","status":"publish","type":"product","link":"https:\/\/aaknives.eu\/fi\/product\/latvialainen-voimaveitsi-lachplesis-1-taottua-damaskusterasta-800-kerrosta\/","title":{"rendered":"Latvialainen voimaveitsi &#8221;LACHPLESIS-1&#8221;, taottua Damaskuster\u00e4st\u00e4, 800 kerrosta."},"content":{"rendered":"<p>JUMIS &#8211; KAIVON MERKKI &#8211; USINSH &#8211; MARAN RISTI &#8211; UKKOSEN RISTI &#8211; AUSTRA PUU &#8211; AUSEKLIS &#8211; ADDER<\/p>\n<p>Veitsen tekniset tiedot: &#8221;LACHPLESIS-1&#8221;<br \/>\nTer\u00e4s: taottu Damaskuster\u00e4s, 800 kerrosta.<br \/>\nKovuus: 60-62 HRC<br \/>\nTer\u00e4n pituus (mm): Tuuma: 127 \/ 5 tuumaa<br \/>\nTer\u00e4n paksuus (mm): 3 \/ 0,12 tuumaa<br \/>\nTer\u00e4n leveys (mm): 32 \/ 1,26 tuumaa<br \/>\nKahva: Bubinga-puu<br \/>\nKokonaispituus (mm): 250 \/9,84 tuumaa<\/p>\n","protected":false},"excerpt":{"rendered":"<p>JUMIS &#8211; KAIVON MERKKI &#8211; USINSH &#8211; MARAN RISTI &#8211; UKKOSEN RISTI &#8211; AUSTRA PUU &#8211; AUSEKLIS &#8211; ADDER Veitsen tekniset tiedot: &#8221;LACHPLESIS-1&#8221; Ter\u00e4s: taottu Damaskuster\u00e4s, 800 kerrosta. Kovuus: 60-62 HRC Ter\u00e4n pituus (mm): Tuuma: 127 \/ 5 tuumaa Ter\u00e4n paksuus (mm): 3 \/ 0,12 tuumaa Ter\u00e4n leveys (mm): 32 \/ 1,26 tuumaa Kahva: Bubinga-puu Kokonaispituus (mm): 250 \/9,84 tuumaa<\/p>\n","protected":false},"featured_media":63366,"template":"","meta":{"_themeisle_gutenberg_block_has_review":false},"product_brand":[],"product_cat":[456,481,453,452],"product_tag":[],"class_list":{"0":"post-63365","1":"product","2":"type-product","3":"status-publish","4":"has-post-thumbnail","6":"product_cat-kalastusveitset","7":"product_cat-latvialaiset-voimaveitset","8":"product_cat-metsastysveitset","9":"product_cat-ulkoveitset","11":"first","12":"instock","13":"shipping-taxable","14":"purchasable","15":"product-type-simple"},"yoast_head":"<!-- This site is optimized with the Yoast SEO plugin v27.3 - https:\/\/yoast.com\/product\/yoast-seo-wordpress\/ -->\n<title>Latvialainen voimaveitsi &#039;&#039;LACHPLESIS-1&#039;&#039;, taottua Damaskuster\u00e4st\u00e4, 800 kerrosta. - AAKnives<\/title>\n<meta name=\"robots\" content=\"index, follow, max-snippet:-1, max-image-preview:large, max-video-preview:-1\" \/>\n<link rel=\"canonical\" href=\"https:\/\/aaknives.eu\/fi\/product\/latvialainen-voimaveitsi-lachplesis-1-taottua-damaskusterasta-800-kerrosta\/\" \/>\n<meta property=\"og:locale\" content=\"fi_FI\" \/>\n<meta property=\"og:type\" content=\"article\" \/>\n<meta property=\"og:title\" content=\"Latvialainen voimaveitsi &#039;&#039;LACHPLESIS-1&#039;&#039;, taottua Damaskuster\u00e4st\u00e4, 800 kerrosta. - AAKnives\" \/>\n<meta property=\"og:description\" content=\"JUMIS &#8211; KAIVON MERKKI &#8211; USINSH &#8211; MARAN RISTI &#8211; UKKOSEN RISTI &#8211; AUSTRA PUU &#8211; AUSEKLIS &#8211; ADDER Veitsen tekniset tiedot: &#8221;LACHPLESIS-1&#8221; Ter\u00e4s: taottu Damaskuster\u00e4s, 800 kerrosta. Kovuus: 60-62 HRC Ter\u00e4n pituus (mm): Tuuma: 127 \/ 5 tuumaa Ter\u00e4n paksuus (mm): 3 \/ 0,12 tuumaa Ter\u00e4n leveys (mm): 32 \/ 1,26 tuumaa Kahva: Bubinga-puu Kokonaispituus (mm): 250 \/9,84 tuumaa\" \/>\n<meta property=\"og:url\" content=\"https:\/\/aaknives.eu\/fi\/product\/latvialainen-voimaveitsi-lachplesis-1-taottua-damaskusterasta-800-kerrosta\/\" \/>\n<meta property=\"og:site_name\" content=\"AAKnives\" \/>\n<meta property=\"article:publisher\" content=\"https:\/\/www.facebook.com\/aaknives.eu\/\" \/>\n<meta property=\"og:image\" content=\"https:\/\/aaknives.eu\/wp-content\/uploads\/2021\/09\/aaknives-hand-forged-dabascus-steel-blade-knife-handmade-custom-made-knife-handcrafted-knives-autinetools-northmen-4-5-7.jpg\" \/>\n\t<meta property=\"og:image:width\" content=\"510\" \/>\n\t<meta property=\"og:image:height\" content=\"440\" \/>\n\t<meta property=\"og:image:type\" content=\"image\/jpeg\" \/>\n<meta name=\"twitter:card\" content=\"summary_large_image\" \/>\n<script type=\"application\/ld+json\" class=\"yoast-schema-graph\">{\"@context\":\"https:\\\/\\\/schema.org\",\"@graph\":[{\"@type\":\"WebPage\",\"@id\":\"https:\\\/\\\/aaknives.eu\\\/fi\\\/product\\\/latvialainen-voimaveitsi-lachplesis-1-taottua-damaskusterasta-800-kerrosta\\\/\",\"url\":\"https:\\\/\\\/aaknives.eu\\\/fi\\\/product\\\/latvialainen-voimaveitsi-lachplesis-1-taottua-damaskusterasta-800-kerrosta\\\/\",\"name\":\"Latvialainen voimaveitsi ''LACHPLESIS-1'', taottua Damaskuster\u00e4st\u00e4, 800 kerrosta. - AAKnives\",\"isPartOf\":{\"@id\":\"https:\\\/\\\/aaknives.eu\\\/fi\\\/#website\"},\"primaryImageOfPage\":{\"@id\":\"https:\\\/\\\/aaknives.eu\\\/fi\\\/product\\\/latvialainen-voimaveitsi-lachplesis-1-taottua-damaskusterasta-800-kerrosta\\\/#primaryimage\"},\"image\":{\"@id\":\"https:\\\/\\\/aaknives.eu\\\/fi\\\/product\\\/latvialainen-voimaveitsi-lachplesis-1-taottua-damaskusterasta-800-kerrosta\\\/#primaryimage\"},\"thumbnailUrl\":\"https:\\\/\\\/aaknives.eu\\\/wp-content\\\/uploads\\\/2021\\\/09\\\/aaknives-hand-forged-dabascus-steel-blade-knife-handmade-custom-made-knife-handcrafted-knives-autinetools-northmen-4-5-7.jpg\",\"datePublished\":\"2021-09-20T20:15:03+00:00\",\"breadcrumb\":{\"@id\":\"https:\\\/\\\/aaknives.eu\\\/fi\\\/product\\\/latvialainen-voimaveitsi-lachplesis-1-taottua-damaskusterasta-800-kerrosta\\\/#breadcrumb\"},\"inLanguage\":\"fi\",\"potentialAction\":[{\"@type\":\"ReadAction\",\"target\":[\"https:\\\/\\\/aaknives.eu\\\/fi\\\/product\\\/latvialainen-voimaveitsi-lachplesis-1-taottua-damaskusterasta-800-kerrosta\\\/\"]}]},{\"@type\":\"ImageObject\",\"inLanguage\":\"fi\",\"@id\":\"https:\\\/\\\/aaknives.eu\\\/fi\\\/product\\\/latvialainen-voimaveitsi-lachplesis-1-taottua-damaskusterasta-800-kerrosta\\\/#primaryimage\",\"url\":\"https:\\\/\\\/aaknives.eu\\\/wp-content\\\/uploads\\\/2021\\\/09\\\/aaknives-hand-forged-dabascus-steel-blade-knife-handmade-custom-made-knife-handcrafted-knives-autinetools-northmen-4-5-7.jpg\",\"contentUrl\":\"https:\\\/\\\/aaknives.eu\\\/wp-content\\\/uploads\\\/2021\\\/09\\\/aaknives-hand-forged-dabascus-steel-blade-knife-handmade-custom-made-knife-handcrafted-knives-autinetools-northmen-4-5-7.jpg\",\"width\":510,\"height\":440,\"caption\":\"aaknives hand forged dabascus steel blade knife handmade custom made knife handcrafted knives autinetools northmen 4 5 7\"},{\"@type\":\"BreadcrumbList\",\"@id\":\"https:\\\/\\\/aaknives.eu\\\/fi\\\/product\\\/latvialainen-voimaveitsi-lachplesis-1-taottua-damaskusterasta-800-kerrosta\\\/#breadcrumb\",\"itemListElement\":[{\"@type\":\"ListItem\",\"position\":1,\"name\":\"Home\",\"item\":\"https:\\\/\\\/aaknives.eu\\\/fi\\\/\"},{\"@type\":\"ListItem\",\"position\":2,\"name\":\"Kauppa\",\"item\":\"https:\\\/\\\/aaknives.eu\\\/kauppa\\\/\"},{\"@type\":\"ListItem\",\"position\":3,\"name\":\"Latvialainen voimaveitsi &#8221;LACHPLESIS-1&#8221;, taottua Damaskuster\u00e4st\u00e4, 800 kerrosta.\"}]},{\"@type\":\"WebSite\",\"@id\":\"https:\\\/\\\/aaknives.eu\\\/fi\\\/#website\",\"url\":\"https:\\\/\\\/aaknives.eu\\\/fi\\\/\",\"name\":\"AAKnives\",\"description\":\"Handmade knives\",\"publisher\":{\"@id\":\"https:\\\/\\\/aaknives.eu\\\/fi\\\/#organization\"},\"potentialAction\":[{\"@type\":\"SearchAction\",\"target\":{\"@type\":\"EntryPoint\",\"urlTemplate\":\"https:\\\/\\\/aaknives.eu\\\/fi\\\/?s={search_term_string}\"},\"query-input\":{\"@type\":\"PropertyValueSpecification\",\"valueRequired\":true,\"valueName\":\"search_term_string\"}}],\"inLanguage\":\"fi\"},{\"@type\":\"Organization\",\"@id\":\"https:\\\/\\\/aaknives.eu\\\/fi\\\/#organization\",\"name\":\"AAKnives\",\"url\":\"https:\\\/\\\/aaknives.eu\\\/fi\\\/\",\"logo\":{\"@type\":\"ImageObject\",\"inLanguage\":\"fi\",\"@id\":\"https:\\\/\\\/aaknives.eu\\\/fi\\\/#\\\/schema\\\/logo\\\/image\\\/\",\"url\":\"https:\\\/\\\/aaknives.eu\\\/wp-content\\\/uploads\\\/2021\\\/10\\\/AAknives_Logo_Green.png\",\"contentUrl\":\"https:\\\/\\\/aaknives.eu\\\/wp-content\\\/uploads\\\/2021\\\/10\\\/AAknives_Logo_Green.png\",\"width\":1768,\"height\":1768,\"caption\":\"AAKnives\"},\"image\":{\"@id\":\"https:\\\/\\\/aaknives.eu\\\/fi\\\/#\\\/schema\\\/logo\\\/image\\\/\"},\"sameAs\":[\"https:\\\/\\\/www.facebook.com\\\/aaknives.eu\\\/\",\"https:\\\/\\\/www.instagram.com\\\/aaknives\\\/\",\"https:\\\/\\\/www.pinterest.com\\\/aa_knives\\\/\",\"https:\\\/\\\/www.youtube.com\\\/channel\\\/UCHOQFjrOkgT6s4FIw9LDKyw\\\/featured\"]}]}<\/script>\n<!-- \/ Yoast SEO plugin. -->","yoast_head_json":{"title":"Latvialainen voimaveitsi ''LACHPLESIS-1'', taottua Damaskuster\u00e4st\u00e4, 800 kerrosta. - AAKnives","robots":{"index":"index","follow":"follow","max-snippet":"max-snippet:-1","max-image-preview":"max-image-preview:large","max-video-preview":"max-video-preview:-1"},"canonical":"https:\/\/aaknives.eu\/fi\/product\/latvialainen-voimaveitsi-lachplesis-1-taottua-damaskusterasta-800-kerrosta\/","og_locale":"fi_FI","og_type":"article","og_title":"Latvialainen voimaveitsi ''LACHPLESIS-1'', taottua Damaskuster\u00e4st\u00e4, 800 kerrosta. - AAKnives","og_description":"JUMIS &#8211; KAIVON MERKKI &#8211; USINSH &#8211; MARAN RISTI &#8211; UKKOSEN RISTI &#8211; AUSTRA PUU &#8211; AUSEKLIS &#8211; ADDER Veitsen tekniset tiedot: &#8221;LACHPLESIS-1&#8221; Ter\u00e4s: taottu Damaskuster\u00e4s, 800 kerrosta. Kovuus: 60-62 HRC Ter\u00e4n pituus (mm): Tuuma: 127 \/ 5 tuumaa Ter\u00e4n paksuus (mm): 3 \/ 0,12 tuumaa Ter\u00e4n leveys (mm): 32 \/ 1,26 tuumaa Kahva: Bubinga-puu Kokonaispituus (mm): 250 \/9,84 tuumaa","og_url":"https:\/\/aaknives.eu\/fi\/product\/latvialainen-voimaveitsi-lachplesis-1-taottua-damaskusterasta-800-kerrosta\/","og_site_name":"AAKnives","article_publisher":"https:\/\/www.facebook.com\/aaknives.eu\/","og_image":[{"width":510,"height":440,"url":"https:\/\/aaknives.eu\/wp-content\/uploads\/2021\/09\/aaknives-hand-forged-dabascus-steel-blade-knife-handmade-custom-made-knife-handcrafted-knives-autinetools-northmen-4-5-7.jpg","type":"image\/jpeg"}],"twitter_card":"summary_large_image","schema":{"@context":"https:\/\/schema.org","@graph":[{"@type":"WebPage","@id":"https:\/\/aaknives.eu\/fi\/product\/latvialainen-voimaveitsi-lachplesis-1-taottua-damaskusterasta-800-kerrosta\/","url":"https:\/\/aaknives.eu\/fi\/product\/latvialainen-voimaveitsi-lachplesis-1-taottua-damaskusterasta-800-kerrosta\/","name":"Latvialainen voimaveitsi ''LACHPLESIS-1'', taottua Damaskuster\u00e4st\u00e4, 800 kerrosta. - AAKnives","isPartOf":{"@id":"https:\/\/aaknives.eu\/fi\/#website"},"primaryImageOfPage":{"@id":"https:\/\/aaknives.eu\/fi\/product\/latvialainen-voimaveitsi-lachplesis-1-taottua-damaskusterasta-800-kerrosta\/#primaryimage"},"image":{"@id":"https:\/\/aaknives.eu\/fi\/product\/latvialainen-voimaveitsi-lachplesis-1-taottua-damaskusterasta-800-kerrosta\/#primaryimage"},"thumbnailUrl":"https:\/\/aaknives.eu\/wp-content\/uploads\/2021\/09\/aaknives-hand-forged-dabascus-steel-blade-knife-handmade-custom-made-knife-handcrafted-knives-autinetools-northmen-4-5-7.jpg","datePublished":"2021-09-20T20:15:03+00:00","breadcrumb":{"@id":"https:\/\/aaknives.eu\/fi\/product\/latvialainen-voimaveitsi-lachplesis-1-taottua-damaskusterasta-800-kerrosta\/#breadcrumb"},"inLanguage":"fi","potentialAction":[{"@type":"ReadAction","target":["https:\/\/aaknives.eu\/fi\/product\/latvialainen-voimaveitsi-lachplesis-1-taottua-damaskusterasta-800-kerrosta\/"]}]},{"@type":"ImageObject","inLanguage":"fi","@id":"https:\/\/aaknives.eu\/fi\/product\/latvialainen-voimaveitsi-lachplesis-1-taottua-damaskusterasta-800-kerrosta\/#primaryimage","url":"https:\/\/aaknives.eu\/wp-content\/uploads\/2021\/09\/aaknives-hand-forged-dabascus-steel-blade-knife-handmade-custom-made-knife-handcrafted-knives-autinetools-northmen-4-5-7.jpg","contentUrl":"https:\/\/aaknives.eu\/wp-content\/uploads\/2021\/09\/aaknives-hand-forged-dabascus-steel-blade-knife-handmade-custom-made-knife-handcrafted-knives-autinetools-northmen-4-5-7.jpg","width":510,"height":440,"caption":"aaknives hand forged dabascus steel blade knife handmade custom made knife handcrafted knives autinetools northmen 4 5 7"},{"@type":"BreadcrumbList","@id":"https:\/\/aaknives.eu\/fi\/product\/latvialainen-voimaveitsi-lachplesis-1-taottua-damaskusterasta-800-kerrosta\/#breadcrumb","itemListElement":[{"@type":"ListItem","position":1,"name":"Home","item":"https:\/\/aaknives.eu\/fi\/"},{"@type":"ListItem","position":2,"name":"Kauppa","item":"https:\/\/aaknives.eu\/kauppa\/"},{"@type":"ListItem","position":3,"name":"Latvialainen voimaveitsi &#8221;LACHPLESIS-1&#8221;, taottua Damaskuster\u00e4st\u00e4, 800 kerrosta."}]},{"@type":"WebSite","@id":"https:\/\/aaknives.eu\/fi\/#website","url":"https:\/\/aaknives.eu\/fi\/","name":"AAKnives","description":"Handmade knives","publisher":{"@id":"https:\/\/aaknives.eu\/fi\/#organization"},"potentialAction":[{"@type":"SearchAction","target":{"@type":"EntryPoint","urlTemplate":"https:\/\/aaknives.eu\/fi\/?s={search_term_string}"},"query-input":{"@type":"PropertyValueSpecification","valueRequired":true,"valueName":"search_term_string"}}],"inLanguage":"fi"},{"@type":"Organization","@id":"https:\/\/aaknives.eu\/fi\/#organization","name":"AAKnives","url":"https:\/\/aaknives.eu\/fi\/","logo":{"@type":"ImageObject","inLanguage":"fi","@id":"https:\/\/aaknives.eu\/fi\/#\/schema\/logo\/image\/","url":"https:\/\/aaknives.eu\/wp-content\/uploads\/2021\/10\/AAknives_Logo_Green.png","contentUrl":"https:\/\/aaknives.eu\/wp-content\/uploads\/2021\/10\/AAknives_Logo_Green.png","width":1768,"height":1768,"caption":"AAKnives"},"image":{"@id":"https:\/\/aaknives.eu\/fi\/#\/schema\/logo\/image\/"},"sameAs":["https:\/\/www.facebook.com\/aaknives.eu\/","https:\/\/www.instagram.com\/aaknives\/","https:\/\/www.pinterest.com\/aa_knives\/","https:\/\/www.youtube.com\/channel\/UCHOQFjrOkgT6s4FIw9LDKyw\/featured"]}]}},"_links":{"self":[{"href":"https:\/\/aaknives.eu\/fi\/wp-json\/wp\/v2\/product\/63365","targetHints":{"allow":["GET"]}}],"collection":[{"href":"https:\/\/aaknives.eu\/fi\/wp-json\/wp\/v2\/product"}],"about":[{"href":"https:\/\/aaknives.eu\/fi\/wp-json\/wp\/v2\/types\/product"}],"wp:featuredmedia":[{"embeddable":true,"href":"https:\/\/aaknives.eu\/fi\/wp-json\/wp\/v2\/media\/63366"}],"wp:attachment":[{"href":"https:\/\/aaknives.eu\/fi\/wp-json\/wp\/v2\/media?parent=63365"}],"wp:term":[{"taxonomy":"product_brand","embeddable":true,"href":"https:\/\/aaknives.eu\/fi\/wp-json\/wp\/v2\/product_brand?post=63365"},{"taxonomy":"product_cat","embeddable":true,"href":"https:\/\/aaknives.eu\/fi\/wp-json\/wp\/v2\/product_cat?post=63365"},{"taxonomy":"product_tag","embeddable":true,"href":"https:\/\/aaknives.eu\/fi\/wp-json\/wp\/v2\/product_tag?post=63365"}],"curies":[{"name":"wp","href":"https:\/\/api.w.org\/{rel}","templated":true}]}}