{"id":63533,"date":"2021-09-20T20:14:14","date_gmt":"2021-09-20T20:14:14","guid":{"rendered":"https:\/\/aaknives.eu\/product\/puukko-zeus-tayskadensijaveitsi-taottu-ruostumaton-teras-sandvik-12c27\/"},"modified":"2024-10-02T15:33:59","modified_gmt":"2024-10-02T15:33:59","slug":"puukko-zeus-tayskadensijaveitsi-taottu-ruostumaton-teras-sandvik-12c27","status":"publish","type":"product","link":"https:\/\/aaknives.eu\/fi\/product\/puukko-zeus-tayskadensijaveitsi-taottu-ruostumaton-teras-sandvik-12c27\/","title":{"rendered":"Veitsi &#8220;ZEUS&#8221; &#8211; T\u00e4ysk\u00e4densijaveitsi, taottu ruostumaton ter\u00e4s Sandvik 12c27"},"content":{"rendered":"<p>Veitsen tekniset tiedot: &#8221;ZEUS&#8221;<br \/>\nTer\u00e4s: Sandvik 12c27.<br \/>\nKovuus: 57-58 HRC<br \/>\nTer\u00e4n pituus (mm): Ter\u00e4n pituus: 110 \/ 4,33 tuumaa<br \/>\nTer\u00e4n paksuus (mm): 3 \/ 0,11 tuumaa<br \/>\nTer\u00e4n leveys (mm): 33 \/ 1,29 tuumaa<br \/>\nKahva: karjalan koivu<br \/>\nKokonaispituus (mm): 222 \/ 8,74 tuumaa<\/p>\n<p>&nbsp;<\/p>\n<p>Universal<br \/>\nRuostumaton<br \/>\nHyv\u00e4t leikkausominaisuudet<br \/>\nEi tarvitse paljon hoitoa<br \/>\nAlhainen hinta<\/p>\n<p>Ter\u00e4n kovuus 57-58 HRC.<br \/>\nK\u00e4sintehty<\/p>\n","protected":false},"excerpt":{"rendered":"<p>Veitsen tekniset tiedot: &#8221;ZEUS&#8221; Ter\u00e4s: Sandvik 12c27. Kovuus: 57-58 HRC Ter\u00e4n pituus (mm): Ter\u00e4n pituus: 110 \/ 4,33 tuumaa Ter\u00e4n paksuus (mm): 3 \/ 0,11 tuumaa Ter\u00e4n leveys (mm): 33 \/ 1,29 tuumaa Kahva: karjalan koivu Kokonaispituus (mm): 222 \/ 8,74 tuumaa &nbsp; Universal Ruostumaton Hyv\u00e4t leikkausominaisuudet Ei tarvitse paljon hoitoa Alhainen hinta Ter\u00e4n kovuus 57-58 HRC. K\u00e4sintehty<\/p>\n","protected":false},"featured_media":63534,"template":"","meta":{"_themeisle_gutenberg_block_has_review":false},"product_brand":[],"product_cat":[465,453,452],"product_tag":[],"class_list":{"0":"post-63533","1":"product","2":"type-product","3":"status-publish","4":"has-post-thumbnail","6":"product_cat-full-tang-veitset","7":"product_cat-metsastysveitset","8":"product_cat-ulkoveitset","10":"first","11":"outofstock","12":"shipping-taxable","13":"purchasable","14":"product-type-simple"},"yoast_head":"<!-- This site is optimized with the Yoast SEO plugin v27.5 - https:\/\/yoast.com\/product\/yoast-seo-wordpress\/ -->\n<title>Veitsi &quot;ZEUS&quot; - T\u00e4ysk\u00e4densijaveitsi, taottu ruostumaton ter\u00e4s Sandvik 12c27 - AAKnives<\/title>\n<meta name=\"description\" content=\"Veitsi &quot;ZEUS&quot; - T\u00e4ysk\u00e4densijaveitsi, taottu ruostumaton ter\u00e4s Sandvik 12c27\" \/>\n<meta name=\"robots\" content=\"index, follow, max-snippet:-1, max-image-preview:large, max-video-preview:-1\" \/>\n<link rel=\"canonical\" href=\"https:\/\/aaknives.eu\/fi\/product\/puukko-zeus-tayskadensijaveitsi-taottu-ruostumaton-teras-sandvik-12c27\/\" \/>\n<meta property=\"og:locale\" content=\"fi_FI\" \/>\n<meta property=\"og:type\" content=\"article\" \/>\n<meta property=\"og:title\" content=\"Veitsi &quot;ZEUS&quot; - T\u00e4ysk\u00e4densijaveitsi, taottu ruostumaton ter\u00e4s Sandvik 12c27 - AAKnives\" \/>\n<meta property=\"og:description\" content=\"Veitsi &quot;ZEUS&quot; - T\u00e4ysk\u00e4densijaveitsi, taottu ruostumaton ter\u00e4s Sandvik 12c27\" \/>\n<meta property=\"og:url\" content=\"https:\/\/aaknives.eu\/fi\/product\/puukko-zeus-tayskadensijaveitsi-taottu-ruostumaton-teras-sandvik-12c27\/\" \/>\n<meta property=\"og:site_name\" content=\"AAKnives\" \/>\n<meta property=\"article:publisher\" content=\"https:\/\/www.facebook.com\/aaknives.eu\/\" \/>\n<meta property=\"article:modified_time\" content=\"2024-10-02T15:33:59+00:00\" \/>\n<meta property=\"og:image\" content=\"https:\/\/aaknives.eu\/wp-content\/uploads\/2021\/09\/aaknives-hand-forged-dabascus-steel-blade-knife-handmade-custom-made-knife-handcrafted-knives-autinetools-northmen-27-1-8.jpg\" \/>\n\t<meta property=\"og:image:width\" content=\"800\" \/>\n\t<meta property=\"og:image:height\" content=\"600\" \/>\n\t<meta property=\"og:image:type\" content=\"image\/jpeg\" \/>\n<meta name=\"twitter:card\" content=\"summary_large_image\" \/>\n<script type=\"application\/ld+json\" class=\"yoast-schema-graph\">{\"@context\":\"https:\\\/\\\/schema.org\",\"@graph\":[{\"@type\":\"WebPage\",\"@id\":\"https:\\\/\\\/aaknives.eu\\\/fi\\\/product\\\/puukko-zeus-tayskadensijaveitsi-taottu-ruostumaton-teras-sandvik-12c27\\\/\",\"url\":\"https:\\\/\\\/aaknives.eu\\\/fi\\\/product\\\/puukko-zeus-tayskadensijaveitsi-taottu-ruostumaton-teras-sandvik-12c27\\\/\",\"name\":\"Veitsi \\\"ZEUS\\\" - T\u00e4ysk\u00e4densijaveitsi, taottu ruostumaton ter\u00e4s Sandvik 12c27 - AAKnives\",\"isPartOf\":{\"@id\":\"https:\\\/\\\/aaknives.eu\\\/fi\\\/#website\"},\"primaryImageOfPage\":{\"@id\":\"https:\\\/\\\/aaknives.eu\\\/fi\\\/product\\\/puukko-zeus-tayskadensijaveitsi-taottu-ruostumaton-teras-sandvik-12c27\\\/#primaryimage\"},\"image\":{\"@id\":\"https:\\\/\\\/aaknives.eu\\\/fi\\\/product\\\/puukko-zeus-tayskadensijaveitsi-taottu-ruostumaton-teras-sandvik-12c27\\\/#primaryimage\"},\"thumbnailUrl\":\"https:\\\/\\\/aaknives.eu\\\/wp-content\\\/uploads\\\/2021\\\/09\\\/aaknives-hand-forged-dabascus-steel-blade-knife-handmade-custom-made-knife-handcrafted-knives-autinetools-northmen-27-1-8.jpg\",\"datePublished\":\"2021-09-20T20:14:14+00:00\",\"dateModified\":\"2024-10-02T15:33:59+00:00\",\"description\":\"Veitsi \\\"ZEUS\\\" - T\u00e4ysk\u00e4densijaveitsi, taottu ruostumaton ter\u00e4s Sandvik 12c27\",\"breadcrumb\":{\"@id\":\"https:\\\/\\\/aaknives.eu\\\/fi\\\/product\\\/puukko-zeus-tayskadensijaveitsi-taottu-ruostumaton-teras-sandvik-12c27\\\/#breadcrumb\"},\"inLanguage\":\"fi\",\"potentialAction\":[{\"@type\":\"ReadAction\",\"target\":[\"https:\\\/\\\/aaknives.eu\\\/fi\\\/product\\\/puukko-zeus-tayskadensijaveitsi-taottu-ruostumaton-teras-sandvik-12c27\\\/\"]}]},{\"@type\":\"ImageObject\",\"inLanguage\":\"fi\",\"@id\":\"https:\\\/\\\/aaknives.eu\\\/fi\\\/product\\\/puukko-zeus-tayskadensijaveitsi-taottu-ruostumaton-teras-sandvik-12c27\\\/#primaryimage\",\"url\":\"https:\\\/\\\/aaknives.eu\\\/wp-content\\\/uploads\\\/2021\\\/09\\\/aaknives-hand-forged-dabascus-steel-blade-knife-handmade-custom-made-knife-handcrafted-knives-autinetools-northmen-27-1-8.jpg\",\"contentUrl\":\"https:\\\/\\\/aaknives.eu\\\/wp-content\\\/uploads\\\/2021\\\/09\\\/aaknives-hand-forged-dabascus-steel-blade-knife-handmade-custom-made-knife-handcrafted-knives-autinetools-northmen-27-1-8.jpg\",\"width\":800,\"height\":600,\"caption\":\"aaknives-hand-forged-dabascus-steel-blade-knife-handmade-custom-made-knife-handcrafted-knives-autinetools-northmen-27-1-8\"},{\"@type\":\"BreadcrumbList\",\"@id\":\"https:\\\/\\\/aaknives.eu\\\/fi\\\/product\\\/puukko-zeus-tayskadensijaveitsi-taottu-ruostumaton-teras-sandvik-12c27\\\/#breadcrumb\",\"itemListElement\":[{\"@type\":\"ListItem\",\"position\":1,\"name\":\"Home\",\"item\":\"https:\\\/\\\/aaknives.eu\\\/fi\\\/\"},{\"@type\":\"ListItem\",\"position\":2,\"name\":\"Kauppa\",\"item\":\"https:\\\/\\\/aaknives.eu\\\/kauppa\\\/\"},{\"@type\":\"ListItem\",\"position\":3,\"name\":\"Veitsi &#8220;ZEUS&#8221; &#8211; T\u00e4ysk\u00e4densijaveitsi, taottu ruostumaton ter\u00e4s Sandvik 12c27\"}]},{\"@type\":\"WebSite\",\"@id\":\"https:\\\/\\\/aaknives.eu\\\/fi\\\/#website\",\"url\":\"https:\\\/\\\/aaknives.eu\\\/fi\\\/\",\"name\":\"AAKnives\",\"description\":\"Handmade knives\",\"publisher\":{\"@id\":\"https:\\\/\\\/aaknives.eu\\\/fi\\\/#organization\"},\"potentialAction\":[{\"@type\":\"SearchAction\",\"target\":{\"@type\":\"EntryPoint\",\"urlTemplate\":\"https:\\\/\\\/aaknives.eu\\\/fi\\\/?s={search_term_string}\"},\"query-input\":{\"@type\":\"PropertyValueSpecification\",\"valueRequired\":true,\"valueName\":\"search_term_string\"}}],\"inLanguage\":\"fi\"},{\"@type\":\"Organization\",\"@id\":\"https:\\\/\\\/aaknives.eu\\\/fi\\\/#organization\",\"name\":\"AAKnives\",\"url\":\"https:\\\/\\\/aaknives.eu\\\/fi\\\/\",\"logo\":{\"@type\":\"ImageObject\",\"inLanguage\":\"fi\",\"@id\":\"https:\\\/\\\/aaknives.eu\\\/fi\\\/#\\\/schema\\\/logo\\\/image\\\/\",\"url\":\"https:\\\/\\\/aaknives.eu\\\/wp-content\\\/uploads\\\/2021\\\/10\\\/AAknives_Logo_Green.png\",\"contentUrl\":\"https:\\\/\\\/aaknives.eu\\\/wp-content\\\/uploads\\\/2021\\\/10\\\/AAknives_Logo_Green.png\",\"width\":1768,\"height\":1768,\"caption\":\"AAKnives\"},\"image\":{\"@id\":\"https:\\\/\\\/aaknives.eu\\\/fi\\\/#\\\/schema\\\/logo\\\/image\\\/\"},\"sameAs\":[\"https:\\\/\\\/www.facebook.com\\\/aaknives.eu\\\/\",\"https:\\\/\\\/www.instagram.com\\\/aaknives\\\/\",\"https:\\\/\\\/www.pinterest.com\\\/aa_knives\\\/\",\"https:\\\/\\\/www.youtube.com\\\/channel\\\/UCHOQFjrOkgT6s4FIw9LDKyw\\\/featured\"]}]}<\/script>\n<!-- \/ Yoast SEO plugin. -->","yoast_head_json":{"title":"Veitsi \"ZEUS\" - T\u00e4ysk\u00e4densijaveitsi, taottu ruostumaton ter\u00e4s Sandvik 12c27 - AAKnives","description":"Veitsi \"ZEUS\" - T\u00e4ysk\u00e4densijaveitsi, taottu ruostumaton ter\u00e4s Sandvik 12c27","robots":{"index":"index","follow":"follow","max-snippet":"max-snippet:-1","max-image-preview":"max-image-preview:large","max-video-preview":"max-video-preview:-1"},"canonical":"https:\/\/aaknives.eu\/fi\/product\/puukko-zeus-tayskadensijaveitsi-taottu-ruostumaton-teras-sandvik-12c27\/","og_locale":"fi_FI","og_type":"article","og_title":"Veitsi \"ZEUS\" - T\u00e4ysk\u00e4densijaveitsi, taottu ruostumaton ter\u00e4s Sandvik 12c27 - AAKnives","og_description":"Veitsi \"ZEUS\" - T\u00e4ysk\u00e4densijaveitsi, taottu ruostumaton ter\u00e4s Sandvik 12c27","og_url":"https:\/\/aaknives.eu\/fi\/product\/puukko-zeus-tayskadensijaveitsi-taottu-ruostumaton-teras-sandvik-12c27\/","og_site_name":"AAKnives","article_publisher":"https:\/\/www.facebook.com\/aaknives.eu\/","article_modified_time":"2024-10-02T15:33:59+00:00","og_image":[{"width":800,"height":600,"url":"https:\/\/aaknives.eu\/wp-content\/uploads\/2021\/09\/aaknives-hand-forged-dabascus-steel-blade-knife-handmade-custom-made-knife-handcrafted-knives-autinetools-northmen-27-1-8.jpg","type":"image\/jpeg"}],"twitter_card":"summary_large_image","schema":{"@context":"https:\/\/schema.org","@graph":[{"@type":"WebPage","@id":"https:\/\/aaknives.eu\/fi\/product\/puukko-zeus-tayskadensijaveitsi-taottu-ruostumaton-teras-sandvik-12c27\/","url":"https:\/\/aaknives.eu\/fi\/product\/puukko-zeus-tayskadensijaveitsi-taottu-ruostumaton-teras-sandvik-12c27\/","name":"Veitsi \"ZEUS\" - T\u00e4ysk\u00e4densijaveitsi, taottu ruostumaton ter\u00e4s Sandvik 12c27 - AAKnives","isPartOf":{"@id":"https:\/\/aaknives.eu\/fi\/#website"},"primaryImageOfPage":{"@id":"https:\/\/aaknives.eu\/fi\/product\/puukko-zeus-tayskadensijaveitsi-taottu-ruostumaton-teras-sandvik-12c27\/#primaryimage"},"image":{"@id":"https:\/\/aaknives.eu\/fi\/product\/puukko-zeus-tayskadensijaveitsi-taottu-ruostumaton-teras-sandvik-12c27\/#primaryimage"},"thumbnailUrl":"https:\/\/aaknives.eu\/wp-content\/uploads\/2021\/09\/aaknives-hand-forged-dabascus-steel-blade-knife-handmade-custom-made-knife-handcrafted-knives-autinetools-northmen-27-1-8.jpg","datePublished":"2021-09-20T20:14:14+00:00","dateModified":"2024-10-02T15:33:59+00:00","description":"Veitsi \"ZEUS\" - T\u00e4ysk\u00e4densijaveitsi, taottu ruostumaton ter\u00e4s Sandvik 12c27","breadcrumb":{"@id":"https:\/\/aaknives.eu\/fi\/product\/puukko-zeus-tayskadensijaveitsi-taottu-ruostumaton-teras-sandvik-12c27\/#breadcrumb"},"inLanguage":"fi","potentialAction":[{"@type":"ReadAction","target":["https:\/\/aaknives.eu\/fi\/product\/puukko-zeus-tayskadensijaveitsi-taottu-ruostumaton-teras-sandvik-12c27\/"]}]},{"@type":"ImageObject","inLanguage":"fi","@id":"https:\/\/aaknives.eu\/fi\/product\/puukko-zeus-tayskadensijaveitsi-taottu-ruostumaton-teras-sandvik-12c27\/#primaryimage","url":"https:\/\/aaknives.eu\/wp-content\/uploads\/2021\/09\/aaknives-hand-forged-dabascus-steel-blade-knife-handmade-custom-made-knife-handcrafted-knives-autinetools-northmen-27-1-8.jpg","contentUrl":"https:\/\/aaknives.eu\/wp-content\/uploads\/2021\/09\/aaknives-hand-forged-dabascus-steel-blade-knife-handmade-custom-made-knife-handcrafted-knives-autinetools-northmen-27-1-8.jpg","width":800,"height":600,"caption":"aaknives-hand-forged-dabascus-steel-blade-knife-handmade-custom-made-knife-handcrafted-knives-autinetools-northmen-27-1-8"},{"@type":"BreadcrumbList","@id":"https:\/\/aaknives.eu\/fi\/product\/puukko-zeus-tayskadensijaveitsi-taottu-ruostumaton-teras-sandvik-12c27\/#breadcrumb","itemListElement":[{"@type":"ListItem","position":1,"name":"Home","item":"https:\/\/aaknives.eu\/fi\/"},{"@type":"ListItem","position":2,"name":"Kauppa","item":"https:\/\/aaknives.eu\/kauppa\/"},{"@type":"ListItem","position":3,"name":"Veitsi &#8220;ZEUS&#8221; &#8211; T\u00e4ysk\u00e4densijaveitsi, taottu ruostumaton ter\u00e4s Sandvik 12c27"}]},{"@type":"WebSite","@id":"https:\/\/aaknives.eu\/fi\/#website","url":"https:\/\/aaknives.eu\/fi\/","name":"AAKnives","description":"Handmade knives","publisher":{"@id":"https:\/\/aaknives.eu\/fi\/#organization"},"potentialAction":[{"@type":"SearchAction","target":{"@type":"EntryPoint","urlTemplate":"https:\/\/aaknives.eu\/fi\/?s={search_term_string}"},"query-input":{"@type":"PropertyValueSpecification","valueRequired":true,"valueName":"search_term_string"}}],"inLanguage":"fi"},{"@type":"Organization","@id":"https:\/\/aaknives.eu\/fi\/#organization","name":"AAKnives","url":"https:\/\/aaknives.eu\/fi\/","logo":{"@type":"ImageObject","inLanguage":"fi","@id":"https:\/\/aaknives.eu\/fi\/#\/schema\/logo\/image\/","url":"https:\/\/aaknives.eu\/wp-content\/uploads\/2021\/10\/AAknives_Logo_Green.png","contentUrl":"https:\/\/aaknives.eu\/wp-content\/uploads\/2021\/10\/AAknives_Logo_Green.png","width":1768,"height":1768,"caption":"AAKnives"},"image":{"@id":"https:\/\/aaknives.eu\/fi\/#\/schema\/logo\/image\/"},"sameAs":["https:\/\/www.facebook.com\/aaknives.eu\/","https:\/\/www.instagram.com\/aaknives\/","https:\/\/www.pinterest.com\/aa_knives\/","https:\/\/www.youtube.com\/channel\/UCHOQFjrOkgT6s4FIw9LDKyw\/featured"]}]}},"_links":{"self":[{"href":"https:\/\/aaknives.eu\/fi\/wp-json\/wp\/v2\/product\/63533","targetHints":{"allow":["GET"]}}],"collection":[{"href":"https:\/\/aaknives.eu\/fi\/wp-json\/wp\/v2\/product"}],"about":[{"href":"https:\/\/aaknives.eu\/fi\/wp-json\/wp\/v2\/types\/product"}],"wp:featuredmedia":[{"embeddable":true,"href":"https:\/\/aaknives.eu\/fi\/wp-json\/wp\/v2\/media\/63534"}],"wp:attachment":[{"href":"https:\/\/aaknives.eu\/fi\/wp-json\/wp\/v2\/media?parent=63533"}],"wp:term":[{"taxonomy":"product_brand","embeddable":true,"href":"https:\/\/aaknives.eu\/fi\/wp-json\/wp\/v2\/product_brand?post=63533"},{"taxonomy":"product_cat","embeddable":true,"href":"https:\/\/aaknives.eu\/fi\/wp-json\/wp\/v2\/product_cat?post=63533"},{"taxonomy":"product_tag","embeddable":true,"href":"https:\/\/aaknives.eu\/fi\/wp-json\/wp\/v2\/product_tag?post=63533"}],"curies":[{"name":"wp","href":"https:\/\/api.w.org\/{rel}","templated":true}]}}