{"id":63661,"date":"2021-09-20T19:08:32","date_gmt":"2021-09-20T19:08:32","guid":{"rendered":"https:\/\/aaknives.eu\/product\/big-chef-venkki-teras-uddeholm-elmax-superclean\/"},"modified":"2024-07-02T16:34:40","modified_gmt":"2024-07-02T16:34:40","slug":"big-chef-venkki-teras-uddeholm-elmax-superclean","status":"publish","type":"product","link":"https:\/\/aaknives.eu\/fi\/product\/big-chef-venkki-teras-uddeholm-elmax-superclean\/","title":{"rendered":"BIG CHEF VENKKI &#8211; ter\u00e4s Uddeholm Elmax SuperClean"},"content":{"rendered":"<p>Veitsen tekniset tiedot: BIG CHEF KNIFE<br \/>\nTer\u00e4s: Elmax SuperClean. Ruostumaton pulveriter\u00e4s, kova, ei hauras ja sill\u00e4 on eritt\u00e4in hyv\u00e4t leikkausominaisuudet.<br \/>\nKovuus: 60 HRC<br \/>\nTer\u00e4n pituus (mm): Ter\u00e4n pituus: 180 \/ 7,08 tuumaa<br \/>\nTer\u00e4n paksuus (mm): 2 \/ 0,08 tuumaa<br \/>\nBlade width (mm): 49 \/ 1,92 Inch<br \/>\nKahva: Wenge-puu<br \/>\nKokonaispituus (mm): Tuuma: 305 \/ 12,00 tuumaa<br \/>\nVeitsityyppi: mets\u00e4stys, ulkoilu<br \/>\nPakkaus: veitsi, nahkatuppi<\/p>\n","protected":false},"excerpt":{"rendered":"<p>Veitsen tekniset tiedot: BIG CHEF KNIFE Ter\u00e4s: Elmax SuperClean. Ruostumaton pulveriter\u00e4s, kova, ei hauras ja sill\u00e4 on eritt\u00e4in hyv\u00e4t leikkausominaisuudet. Kovuus: 60 HRC Ter\u00e4n pituus (mm): Ter\u00e4n pituus: 180 \/ 7,08 tuumaa Ter\u00e4n paksuus (mm): 2 \/ 0,08 tuumaa Blade width (mm): 49 \/ 1,92 Inch Kahva: Wenge-puu Kokonaispituus (mm): Tuuma: 305 \/ 12,00 tuumaa Veitsityyppi: mets\u00e4stys, ulkoilu Pakkaus: veitsi, nahkatuppi<\/p>\n","protected":false},"featured_media":92901,"template":"","meta":{"_themeisle_gutenberg_block_has_review":false},"product_brand":[],"product_cat":[462],"product_tag":[],"class_list":{"0":"post-63661","1":"product","2":"type-product","3":"status-publish","4":"has-post-thumbnail","6":"product_cat-keittioveitset","8":"first","9":"instock","10":"shipping-taxable","11":"purchasable","12":"product-type-simple"},"yoast_head":"<!-- This site is optimized with the Yoast SEO plugin v27.3 - https:\/\/yoast.com\/product\/yoast-seo-wordpress\/ -->\n<title>BIG CHEF VENKKI - ter\u00e4s Uddeholm Elmax SuperClean - AAKnives<\/title>\n<meta name=\"robots\" content=\"index, follow, max-snippet:-1, max-image-preview:large, max-video-preview:-1\" \/>\n<link rel=\"canonical\" href=\"https:\/\/aaknives.eu\/fi\/product\/big-chef-venkki-teras-uddeholm-elmax-superclean\/\" \/>\n<meta property=\"og:locale\" content=\"fi_FI\" \/>\n<meta property=\"og:type\" content=\"article\" \/>\n<meta property=\"og:title\" content=\"BIG CHEF VENKKI - ter\u00e4s Uddeholm Elmax SuperClean - AAKnives\" \/>\n<meta property=\"og:description\" content=\"Veitsen tekniset tiedot: BIG CHEF KNIFE Ter\u00e4s: Elmax SuperClean. Ruostumaton pulveriter\u00e4s, kova, ei hauras ja sill\u00e4 on eritt\u00e4in hyv\u00e4t leikkausominaisuudet. Kovuus: 60 HRC Ter\u00e4n pituus (mm): Ter\u00e4n pituus: 180 \/ 7,08 tuumaa Ter\u00e4n paksuus (mm): 2 \/ 0,08 tuumaa Blade width (mm): 49 \/ 1,92 Inch Kahva: Wenge-puu Kokonaispituus (mm): Tuuma: 305 \/ 12,00 tuumaa Veitsityyppi: mets\u00e4stys, ulkoilu Pakkaus: veitsi, nahkatuppi\" \/>\n<meta property=\"og:url\" content=\"https:\/\/aaknives.eu\/fi\/product\/big-chef-venkki-teras-uddeholm-elmax-superclean\/\" \/>\n<meta property=\"og:site_name\" content=\"AAKnives\" \/>\n<meta property=\"article:publisher\" content=\"https:\/\/www.facebook.com\/aaknives.eu\/\" \/>\n<meta property=\"article:modified_time\" content=\"2024-07-02T16:34:40+00:00\" \/>\n<meta property=\"og:image\" content=\"https:\/\/aaknives.eu\/wp-content\/uploads\/2021\/09\/aaknives-hand-forged-steel-blade-knife-handmade-custom-made-knife-handcrafted-knives-autinetools-northmen-62.1.jpg\" \/>\n\t<meta property=\"og:image:width\" content=\"1020\" \/>\n\t<meta property=\"og:image:height\" content=\"880\" \/>\n\t<meta property=\"og:image:type\" content=\"image\/jpeg\" \/>\n<meta name=\"twitter:card\" content=\"summary_large_image\" \/>\n<script type=\"application\/ld+json\" class=\"yoast-schema-graph\">{\"@context\":\"https:\\\/\\\/schema.org\",\"@graph\":[{\"@type\":\"WebPage\",\"@id\":\"https:\\\/\\\/aaknives.eu\\\/fi\\\/product\\\/big-chef-venkki-teras-uddeholm-elmax-superclean\\\/\",\"url\":\"https:\\\/\\\/aaknives.eu\\\/fi\\\/product\\\/big-chef-venkki-teras-uddeholm-elmax-superclean\\\/\",\"name\":\"BIG CHEF VENKKI - ter\u00e4s Uddeholm Elmax SuperClean - AAKnives\",\"isPartOf\":{\"@id\":\"https:\\\/\\\/aaknives.eu\\\/fi\\\/#website\"},\"primaryImageOfPage\":{\"@id\":\"https:\\\/\\\/aaknives.eu\\\/fi\\\/product\\\/big-chef-venkki-teras-uddeholm-elmax-superclean\\\/#primaryimage\"},\"image\":{\"@id\":\"https:\\\/\\\/aaknives.eu\\\/fi\\\/product\\\/big-chef-venkki-teras-uddeholm-elmax-superclean\\\/#primaryimage\"},\"thumbnailUrl\":\"https:\\\/\\\/aaknives.eu\\\/wp-content\\\/uploads\\\/2021\\\/09\\\/aaknives-hand-forged-dabascus-steel-blade-knife-handmade-custom-made-knife-handcrafted-knives-autinetools-northmen-4.1.jpg\",\"datePublished\":\"2021-09-20T19:08:32+00:00\",\"dateModified\":\"2024-07-02T16:34:40+00:00\",\"breadcrumb\":{\"@id\":\"https:\\\/\\\/aaknives.eu\\\/fi\\\/product\\\/big-chef-venkki-teras-uddeholm-elmax-superclean\\\/#breadcrumb\"},\"inLanguage\":\"fi\",\"potentialAction\":[{\"@type\":\"ReadAction\",\"target\":[\"https:\\\/\\\/aaknives.eu\\\/fi\\\/product\\\/big-chef-venkki-teras-uddeholm-elmax-superclean\\\/\"]}]},{\"@type\":\"ImageObject\",\"inLanguage\":\"fi\",\"@id\":\"https:\\\/\\\/aaknives.eu\\\/fi\\\/product\\\/big-chef-venkki-teras-uddeholm-elmax-superclean\\\/#primaryimage\",\"url\":\"https:\\\/\\\/aaknives.eu\\\/wp-content\\\/uploads\\\/2021\\\/09\\\/aaknives-hand-forged-dabascus-steel-blade-knife-handmade-custom-made-knife-handcrafted-knives-autinetools-northmen-4.1.jpg\",\"contentUrl\":\"https:\\\/\\\/aaknives.eu\\\/wp-content\\\/uploads\\\/2021\\\/09\\\/aaknives-hand-forged-dabascus-steel-blade-knife-handmade-custom-made-knife-handcrafted-knives-autinetools-northmen-4.1.jpg\",\"width\":1020,\"height\":880},{\"@type\":\"BreadcrumbList\",\"@id\":\"https:\\\/\\\/aaknives.eu\\\/fi\\\/product\\\/big-chef-venkki-teras-uddeholm-elmax-superclean\\\/#breadcrumb\",\"itemListElement\":[{\"@type\":\"ListItem\",\"position\":1,\"name\":\"Home\",\"item\":\"https:\\\/\\\/aaknives.eu\\\/fi\\\/\"},{\"@type\":\"ListItem\",\"position\":2,\"name\":\"Kauppa\",\"item\":\"https:\\\/\\\/aaknives.eu\\\/kauppa\\\/\"},{\"@type\":\"ListItem\",\"position\":3,\"name\":\"Private: BIG CHEF VENKKI &#8211; ter\u00e4s Uddeholm Elmax SuperClean\"}]},{\"@type\":\"WebSite\",\"@id\":\"https:\\\/\\\/aaknives.eu\\\/fi\\\/#website\",\"url\":\"https:\\\/\\\/aaknives.eu\\\/fi\\\/\",\"name\":\"AAKnives\",\"description\":\"Handmade knives\",\"publisher\":{\"@id\":\"https:\\\/\\\/aaknives.eu\\\/fi\\\/#organization\"},\"potentialAction\":[{\"@type\":\"SearchAction\",\"target\":{\"@type\":\"EntryPoint\",\"urlTemplate\":\"https:\\\/\\\/aaknives.eu\\\/fi\\\/?s={search_term_string}\"},\"query-input\":{\"@type\":\"PropertyValueSpecification\",\"valueRequired\":true,\"valueName\":\"search_term_string\"}}],\"inLanguage\":\"fi\"},{\"@type\":\"Organization\",\"@id\":\"https:\\\/\\\/aaknives.eu\\\/fi\\\/#organization\",\"name\":\"AAKnives\",\"url\":\"https:\\\/\\\/aaknives.eu\\\/fi\\\/\",\"logo\":{\"@type\":\"ImageObject\",\"inLanguage\":\"fi\",\"@id\":\"https:\\\/\\\/aaknives.eu\\\/fi\\\/#\\\/schema\\\/logo\\\/image\\\/\",\"url\":\"https:\\\/\\\/aaknives.eu\\\/wp-content\\\/uploads\\\/2021\\\/10\\\/AAknives_Logo_Green.png\",\"contentUrl\":\"https:\\\/\\\/aaknives.eu\\\/wp-content\\\/uploads\\\/2021\\\/10\\\/AAknives_Logo_Green.png\",\"width\":1768,\"height\":1768,\"caption\":\"AAKnives\"},\"image\":{\"@id\":\"https:\\\/\\\/aaknives.eu\\\/fi\\\/#\\\/schema\\\/logo\\\/image\\\/\"},\"sameAs\":[\"https:\\\/\\\/www.facebook.com\\\/aaknives.eu\\\/\",\"https:\\\/\\\/www.instagram.com\\\/aaknives\\\/\",\"https:\\\/\\\/www.pinterest.com\\\/aa_knives\\\/\",\"https:\\\/\\\/www.youtube.com\\\/channel\\\/UCHOQFjrOkgT6s4FIw9LDKyw\\\/featured\"]}]}<\/script>\n<!-- \/ Yoast SEO plugin. -->","yoast_head_json":{"title":"BIG CHEF VENKKI - ter\u00e4s Uddeholm Elmax SuperClean - AAKnives","robots":{"index":"index","follow":"follow","max-snippet":"max-snippet:-1","max-image-preview":"max-image-preview:large","max-video-preview":"max-video-preview:-1"},"canonical":"https:\/\/aaknives.eu\/fi\/product\/big-chef-venkki-teras-uddeholm-elmax-superclean\/","og_locale":"fi_FI","og_type":"article","og_title":"BIG CHEF VENKKI - ter\u00e4s Uddeholm Elmax SuperClean - AAKnives","og_description":"Veitsen tekniset tiedot: BIG CHEF KNIFE Ter\u00e4s: Elmax SuperClean. Ruostumaton pulveriter\u00e4s, kova, ei hauras ja sill\u00e4 on eritt\u00e4in hyv\u00e4t leikkausominaisuudet. Kovuus: 60 HRC Ter\u00e4n pituus (mm): Ter\u00e4n pituus: 180 \/ 7,08 tuumaa Ter\u00e4n paksuus (mm): 2 \/ 0,08 tuumaa Blade width (mm): 49 \/ 1,92 Inch Kahva: Wenge-puu Kokonaispituus (mm): Tuuma: 305 \/ 12,00 tuumaa Veitsityyppi: mets\u00e4stys, ulkoilu Pakkaus: veitsi, nahkatuppi","og_url":"https:\/\/aaknives.eu\/fi\/product\/big-chef-venkki-teras-uddeholm-elmax-superclean\/","og_site_name":"AAKnives","article_publisher":"https:\/\/www.facebook.com\/aaknives.eu\/","article_modified_time":"2024-07-02T16:34:40+00:00","og_image":[{"width":1020,"height":880,"url":"https:\/\/aaknives.eu\/wp-content\/uploads\/2021\/09\/aaknives-hand-forged-steel-blade-knife-handmade-custom-made-knife-handcrafted-knives-autinetools-northmen-62.1.jpg","type":"image\/jpeg"}],"twitter_card":"summary_large_image","schema":{"@context":"https:\/\/schema.org","@graph":[{"@type":"WebPage","@id":"https:\/\/aaknives.eu\/fi\/product\/big-chef-venkki-teras-uddeholm-elmax-superclean\/","url":"https:\/\/aaknives.eu\/fi\/product\/big-chef-venkki-teras-uddeholm-elmax-superclean\/","name":"BIG CHEF VENKKI - ter\u00e4s Uddeholm Elmax SuperClean - AAKnives","isPartOf":{"@id":"https:\/\/aaknives.eu\/fi\/#website"},"primaryImageOfPage":{"@id":"https:\/\/aaknives.eu\/fi\/product\/big-chef-venkki-teras-uddeholm-elmax-superclean\/#primaryimage"},"image":{"@id":"https:\/\/aaknives.eu\/fi\/product\/big-chef-venkki-teras-uddeholm-elmax-superclean\/#primaryimage"},"thumbnailUrl":"https:\/\/aaknives.eu\/wp-content\/uploads\/2021\/09\/aaknives-hand-forged-dabascus-steel-blade-knife-handmade-custom-made-knife-handcrafted-knives-autinetools-northmen-4.1.jpg","datePublished":"2021-09-20T19:08:32+00:00","dateModified":"2024-07-02T16:34:40+00:00","breadcrumb":{"@id":"https:\/\/aaknives.eu\/fi\/product\/big-chef-venkki-teras-uddeholm-elmax-superclean\/#breadcrumb"},"inLanguage":"fi","potentialAction":[{"@type":"ReadAction","target":["https:\/\/aaknives.eu\/fi\/product\/big-chef-venkki-teras-uddeholm-elmax-superclean\/"]}]},{"@type":"ImageObject","inLanguage":"fi","@id":"https:\/\/aaknives.eu\/fi\/product\/big-chef-venkki-teras-uddeholm-elmax-superclean\/#primaryimage","url":"https:\/\/aaknives.eu\/wp-content\/uploads\/2021\/09\/aaknives-hand-forged-dabascus-steel-blade-knife-handmade-custom-made-knife-handcrafted-knives-autinetools-northmen-4.1.jpg","contentUrl":"https:\/\/aaknives.eu\/wp-content\/uploads\/2021\/09\/aaknives-hand-forged-dabascus-steel-blade-knife-handmade-custom-made-knife-handcrafted-knives-autinetools-northmen-4.1.jpg","width":1020,"height":880},{"@type":"BreadcrumbList","@id":"https:\/\/aaknives.eu\/fi\/product\/big-chef-venkki-teras-uddeholm-elmax-superclean\/#breadcrumb","itemListElement":[{"@type":"ListItem","position":1,"name":"Home","item":"https:\/\/aaknives.eu\/fi\/"},{"@type":"ListItem","position":2,"name":"Kauppa","item":"https:\/\/aaknives.eu\/kauppa\/"},{"@type":"ListItem","position":3,"name":"Private: BIG CHEF VENKKI &#8211; ter\u00e4s Uddeholm Elmax SuperClean"}]},{"@type":"WebSite","@id":"https:\/\/aaknives.eu\/fi\/#website","url":"https:\/\/aaknives.eu\/fi\/","name":"AAKnives","description":"Handmade knives","publisher":{"@id":"https:\/\/aaknives.eu\/fi\/#organization"},"potentialAction":[{"@type":"SearchAction","target":{"@type":"EntryPoint","urlTemplate":"https:\/\/aaknives.eu\/fi\/?s={search_term_string}"},"query-input":{"@type":"PropertyValueSpecification","valueRequired":true,"valueName":"search_term_string"}}],"inLanguage":"fi"},{"@type":"Organization","@id":"https:\/\/aaknives.eu\/fi\/#organization","name":"AAKnives","url":"https:\/\/aaknives.eu\/fi\/","logo":{"@type":"ImageObject","inLanguage":"fi","@id":"https:\/\/aaknives.eu\/fi\/#\/schema\/logo\/image\/","url":"https:\/\/aaknives.eu\/wp-content\/uploads\/2021\/10\/AAknives_Logo_Green.png","contentUrl":"https:\/\/aaknives.eu\/wp-content\/uploads\/2021\/10\/AAknives_Logo_Green.png","width":1768,"height":1768,"caption":"AAKnives"},"image":{"@id":"https:\/\/aaknives.eu\/fi\/#\/schema\/logo\/image\/"},"sameAs":["https:\/\/www.facebook.com\/aaknives.eu\/","https:\/\/www.instagram.com\/aaknives\/","https:\/\/www.pinterest.com\/aa_knives\/","https:\/\/www.youtube.com\/channel\/UCHOQFjrOkgT6s4FIw9LDKyw\/featured"]}]}},"_links":{"self":[{"href":"https:\/\/aaknives.eu\/fi\/wp-json\/wp\/v2\/product\/63661","targetHints":{"allow":["GET"]}}],"collection":[{"href":"https:\/\/aaknives.eu\/fi\/wp-json\/wp\/v2\/product"}],"about":[{"href":"https:\/\/aaknives.eu\/fi\/wp-json\/wp\/v2\/types\/product"}],"wp:featuredmedia":[{"embeddable":true,"href":"https:\/\/aaknives.eu\/fi\/wp-json\/wp\/v2\/media\/92901"}],"wp:attachment":[{"href":"https:\/\/aaknives.eu\/fi\/wp-json\/wp\/v2\/media?parent=63661"}],"wp:term":[{"taxonomy":"product_brand","embeddable":true,"href":"https:\/\/aaknives.eu\/fi\/wp-json\/wp\/v2\/product_brand?post=63661"},{"taxonomy":"product_cat","embeddable":true,"href":"https:\/\/aaknives.eu\/fi\/wp-json\/wp\/v2\/product_cat?post=63661"},{"taxonomy":"product_tag","embeddable":true,"href":"https:\/\/aaknives.eu\/fi\/wp-json\/wp\/v2\/product_tag?post=63661"}],"curies":[{"name":"wp","href":"https:\/\/api.w.org\/{rel}","templated":true}]}}