{"id":64852,"date":"2024-05-23T17:43:26","date_gmt":"2024-05-23T17:43:26","guid":{"rendered":"https:\/\/aaknives.eu\/?post_type=product&#038;p=64852"},"modified":"2024-09-12T13:03:38","modified_gmt":"2024-09-12T13:03:38","slug":"veitsi-mini-knife-4-taottu-ruostumaton-teras-aus-8-kopija","status":"publish","type":"product","link":"https:\/\/aaknives.eu\/fi\/product\/veitsi-mini-knife-4-taottu-ruostumaton-teras-aus-8-kopija\/","title":{"rendered":"Veitsi &#8221;MINI KNIFE -7&#8221; &#8211; taottu ruostumaton ter\u00e4s AUS 8"},"content":{"rendered":"<p>Veitsen tekniset tiedot: &#8221;MINI KNIFE -7&#8221;<br \/>\nTer\u00e4s: taottu ruostumaton ter\u00e4s AUS 8<br \/>\nKovuus: 56-58 HRC<br \/>\nTer\u00e4n pituus (mm): 60 \/ 2,36 tuumaa<br \/>\nTer\u00e4n paksuus (mm): 3 \/ 0,11 tuumaa<br \/>\nTer\u00e4n leveys (mm): 27 \/ 1,06 tuumaa<br \/>\nKahva: Wenge<br \/>\nKokonaispituus (mm): 118 \/ 4,64 tuumaa<\/p>\n","protected":false},"excerpt":{"rendered":"<p>Veitsen tekniset tiedot: &#8221;MINI KNIFE -7&#8221; Ter\u00e4s: taottu ruostumaton ter\u00e4s AUS 8 Kovuus: 56-58 HRC Ter\u00e4n pituus (mm): 60 \/ 2,36 tuumaa Ter\u00e4n paksuus (mm): 3 \/ 0,11 tuumaa Ter\u00e4n leveys (mm): 27 \/ 1,06 tuumaa Kahva: Wenge Kokonaispituus (mm): 118 \/ 4,64 tuumaa<\/p>\n","protected":false},"featured_media":64859,"template":"","meta":{"_themeisle_gutenberg_block_has_review":false},"product_brand":[],"product_cat":[465,464,452],"product_tag":[],"class_list":{"0":"post-64852","1":"product","2":"type-product","3":"status-publish","4":"has-post-thumbnail","6":"product_cat-full-tang-veitset","7":"product_cat-sienten-poimintaveitset","8":"product_cat-ulkoveitset","10":"first","11":"instock","12":"shipping-taxable","13":"purchasable","14":"product-type-simple"},"yoast_head":"<!-- This site is optimized with the Yoast SEO plugin v27.3 - https:\/\/yoast.com\/product\/yoast-seo-wordpress\/ -->\n<title>Veitsi &#039;&#039;MINI KNIFE -7&#039;&#039; - taottu ruostumaton ter\u00e4s AUS 8 - AAKnives<\/title>\n<meta name=\"description\" content=\"Veitsi &#039;&#039;MINI KNIFE -7&#039;&#039; - taottu ruostumaton ter\u00e4s AUS 8\" \/>\n<meta name=\"robots\" content=\"index, follow, max-snippet:-1, max-image-preview:large, max-video-preview:-1\" \/>\n<link rel=\"canonical\" href=\"https:\/\/aaknives.eu\/fi\/product\/veitsi-mini-knife-4-taottu-ruostumaton-teras-aus-8-kopija\/\" \/>\n<meta property=\"og:locale\" content=\"fi_FI\" \/>\n<meta property=\"og:type\" content=\"article\" \/>\n<meta property=\"og:title\" content=\"Veitsi &#039;&#039;MINI KNIFE -7&#039;&#039; - taottu ruostumaton ter\u00e4s AUS 8 - AAKnives\" \/>\n<meta property=\"og:description\" content=\"Veitsi &#039;&#039;MINI KNIFE -7&#039;&#039; - taottu ruostumaton ter\u00e4s AUS 8\" \/>\n<meta property=\"og:url\" content=\"https:\/\/aaknives.eu\/fi\/product\/veitsi-mini-knife-4-taottu-ruostumaton-teras-aus-8-kopija\/\" \/>\n<meta property=\"og:site_name\" content=\"AAKnives\" \/>\n<meta property=\"article:publisher\" content=\"https:\/\/www.facebook.com\/aaknives.eu\/\" \/>\n<meta property=\"article:modified_time\" content=\"2024-09-12T13:03:38+00:00\" \/>\n<meta property=\"og:image\" content=\"https:\/\/aaknives.eu\/wp-content\/uploads\/2024\/05\/aaknives-hand-forged-dabascus-steel-blade-knife-handmade-custom-made-knife-handcrafted-knives-autinetools-northmen-5.2.jpg\" \/>\n\t<meta property=\"og:image:width\" content=\"1020\" \/>\n\t<meta property=\"og:image:height\" content=\"880\" \/>\n\t<meta property=\"og:image:type\" content=\"image\/jpeg\" \/>\n<meta name=\"twitter:card\" content=\"summary_large_image\" \/>\n<script type=\"application\/ld+json\" class=\"yoast-schema-graph\">{\"@context\":\"https:\\\/\\\/schema.org\",\"@graph\":[{\"@type\":\"WebPage\",\"@id\":\"https:\\\/\\\/aaknives.eu\\\/fi\\\/product\\\/veitsi-mini-knife-4-taottu-ruostumaton-teras-aus-8-kopija\\\/\",\"url\":\"https:\\\/\\\/aaknives.eu\\\/fi\\\/product\\\/veitsi-mini-knife-4-taottu-ruostumaton-teras-aus-8-kopija\\\/\",\"name\":\"Veitsi ''MINI KNIFE -7'' - taottu ruostumaton ter\u00e4s AUS 8 - AAKnives\",\"isPartOf\":{\"@id\":\"https:\\\/\\\/aaknives.eu\\\/fi\\\/#website\"},\"primaryImageOfPage\":{\"@id\":\"https:\\\/\\\/aaknives.eu\\\/fi\\\/product\\\/veitsi-mini-knife-4-taottu-ruostumaton-teras-aus-8-kopija\\\/#primaryimage\"},\"image\":{\"@id\":\"https:\\\/\\\/aaknives.eu\\\/fi\\\/product\\\/veitsi-mini-knife-4-taottu-ruostumaton-teras-aus-8-kopija\\\/#primaryimage\"},\"thumbnailUrl\":\"https:\\\/\\\/aaknives.eu\\\/wp-content\\\/uploads\\\/2024\\\/05\\\/aaknives-hand-forged-dabascus-steel-blade-knife-handmade-custom-made-knife-handcrafted-knives-autinetools-northmen-5.2.jpg\",\"datePublished\":\"2024-05-23T17:43:26+00:00\",\"dateModified\":\"2024-09-12T13:03:38+00:00\",\"description\":\"Veitsi ''MINI KNIFE -7'' - taottu ruostumaton ter\u00e4s AUS 8\",\"breadcrumb\":{\"@id\":\"https:\\\/\\\/aaknives.eu\\\/fi\\\/product\\\/veitsi-mini-knife-4-taottu-ruostumaton-teras-aus-8-kopija\\\/#breadcrumb\"},\"inLanguage\":\"fi\",\"potentialAction\":[{\"@type\":\"ReadAction\",\"target\":[\"https:\\\/\\\/aaknives.eu\\\/fi\\\/product\\\/veitsi-mini-knife-4-taottu-ruostumaton-teras-aus-8-kopija\\\/\"]}]},{\"@type\":\"ImageObject\",\"inLanguage\":\"fi\",\"@id\":\"https:\\\/\\\/aaknives.eu\\\/fi\\\/product\\\/veitsi-mini-knife-4-taottu-ruostumaton-teras-aus-8-kopija\\\/#primaryimage\",\"url\":\"https:\\\/\\\/aaknives.eu\\\/wp-content\\\/uploads\\\/2024\\\/05\\\/aaknives-hand-forged-dabascus-steel-blade-knife-handmade-custom-made-knife-handcrafted-knives-autinetools-northmen-5.2.jpg\",\"contentUrl\":\"https:\\\/\\\/aaknives.eu\\\/wp-content\\\/uploads\\\/2024\\\/05\\\/aaknives-hand-forged-dabascus-steel-blade-knife-handmade-custom-made-knife-handcrafted-knives-autinetools-northmen-5.2.jpg\",\"width\":1020,\"height\":880},{\"@type\":\"BreadcrumbList\",\"@id\":\"https:\\\/\\\/aaknives.eu\\\/fi\\\/product\\\/veitsi-mini-knife-4-taottu-ruostumaton-teras-aus-8-kopija\\\/#breadcrumb\",\"itemListElement\":[{\"@type\":\"ListItem\",\"position\":1,\"name\":\"Home\",\"item\":\"https:\\\/\\\/aaknives.eu\\\/fi\\\/\"},{\"@type\":\"ListItem\",\"position\":2,\"name\":\"Kauppa\",\"item\":\"https:\\\/\\\/aaknives.eu\\\/kauppa\\\/\"},{\"@type\":\"ListItem\",\"position\":3,\"name\":\"Veitsi &#8221;MINI KNIFE -7&#8221; &#8211; taottu ruostumaton ter\u00e4s AUS 8\"}]},{\"@type\":\"WebSite\",\"@id\":\"https:\\\/\\\/aaknives.eu\\\/fi\\\/#website\",\"url\":\"https:\\\/\\\/aaknives.eu\\\/fi\\\/\",\"name\":\"AAKnives\",\"description\":\"Handmade knives\",\"publisher\":{\"@id\":\"https:\\\/\\\/aaknives.eu\\\/fi\\\/#organization\"},\"potentialAction\":[{\"@type\":\"SearchAction\",\"target\":{\"@type\":\"EntryPoint\",\"urlTemplate\":\"https:\\\/\\\/aaknives.eu\\\/fi\\\/?s={search_term_string}\"},\"query-input\":{\"@type\":\"PropertyValueSpecification\",\"valueRequired\":true,\"valueName\":\"search_term_string\"}}],\"inLanguage\":\"fi\"},{\"@type\":\"Organization\",\"@id\":\"https:\\\/\\\/aaknives.eu\\\/fi\\\/#organization\",\"name\":\"AAKnives\",\"url\":\"https:\\\/\\\/aaknives.eu\\\/fi\\\/\",\"logo\":{\"@type\":\"ImageObject\",\"inLanguage\":\"fi\",\"@id\":\"https:\\\/\\\/aaknives.eu\\\/fi\\\/#\\\/schema\\\/logo\\\/image\\\/\",\"url\":\"https:\\\/\\\/aaknives.eu\\\/wp-content\\\/uploads\\\/2021\\\/10\\\/AAknives_Logo_Green.png\",\"contentUrl\":\"https:\\\/\\\/aaknives.eu\\\/wp-content\\\/uploads\\\/2021\\\/10\\\/AAknives_Logo_Green.png\",\"width\":1768,\"height\":1768,\"caption\":\"AAKnives\"},\"image\":{\"@id\":\"https:\\\/\\\/aaknives.eu\\\/fi\\\/#\\\/schema\\\/logo\\\/image\\\/\"},\"sameAs\":[\"https:\\\/\\\/www.facebook.com\\\/aaknives.eu\\\/\",\"https:\\\/\\\/www.instagram.com\\\/aaknives\\\/\",\"https:\\\/\\\/www.pinterest.com\\\/aa_knives\\\/\",\"https:\\\/\\\/www.youtube.com\\\/channel\\\/UCHOQFjrOkgT6s4FIw9LDKyw\\\/featured\"]}]}<\/script>\n<!-- \/ Yoast SEO plugin. -->","yoast_head_json":{"title":"Veitsi ''MINI KNIFE -7'' - taottu ruostumaton ter\u00e4s AUS 8 - AAKnives","description":"Veitsi ''MINI KNIFE -7'' - taottu ruostumaton ter\u00e4s AUS 8","robots":{"index":"index","follow":"follow","max-snippet":"max-snippet:-1","max-image-preview":"max-image-preview:large","max-video-preview":"max-video-preview:-1"},"canonical":"https:\/\/aaknives.eu\/fi\/product\/veitsi-mini-knife-4-taottu-ruostumaton-teras-aus-8-kopija\/","og_locale":"fi_FI","og_type":"article","og_title":"Veitsi ''MINI KNIFE -7'' - taottu ruostumaton ter\u00e4s AUS 8 - AAKnives","og_description":"Veitsi ''MINI KNIFE -7'' - taottu ruostumaton ter\u00e4s AUS 8","og_url":"https:\/\/aaknives.eu\/fi\/product\/veitsi-mini-knife-4-taottu-ruostumaton-teras-aus-8-kopija\/","og_site_name":"AAKnives","article_publisher":"https:\/\/www.facebook.com\/aaknives.eu\/","article_modified_time":"2024-09-12T13:03:38+00:00","og_image":[{"width":1020,"height":880,"url":"https:\/\/aaknives.eu\/wp-content\/uploads\/2024\/05\/aaknives-hand-forged-dabascus-steel-blade-knife-handmade-custom-made-knife-handcrafted-knives-autinetools-northmen-5.2.jpg","type":"image\/jpeg"}],"twitter_card":"summary_large_image","schema":{"@context":"https:\/\/schema.org","@graph":[{"@type":"WebPage","@id":"https:\/\/aaknives.eu\/fi\/product\/veitsi-mini-knife-4-taottu-ruostumaton-teras-aus-8-kopija\/","url":"https:\/\/aaknives.eu\/fi\/product\/veitsi-mini-knife-4-taottu-ruostumaton-teras-aus-8-kopija\/","name":"Veitsi ''MINI KNIFE -7'' - taottu ruostumaton ter\u00e4s AUS 8 - AAKnives","isPartOf":{"@id":"https:\/\/aaknives.eu\/fi\/#website"},"primaryImageOfPage":{"@id":"https:\/\/aaknives.eu\/fi\/product\/veitsi-mini-knife-4-taottu-ruostumaton-teras-aus-8-kopija\/#primaryimage"},"image":{"@id":"https:\/\/aaknives.eu\/fi\/product\/veitsi-mini-knife-4-taottu-ruostumaton-teras-aus-8-kopija\/#primaryimage"},"thumbnailUrl":"https:\/\/aaknives.eu\/wp-content\/uploads\/2024\/05\/aaknives-hand-forged-dabascus-steel-blade-knife-handmade-custom-made-knife-handcrafted-knives-autinetools-northmen-5.2.jpg","datePublished":"2024-05-23T17:43:26+00:00","dateModified":"2024-09-12T13:03:38+00:00","description":"Veitsi ''MINI KNIFE -7'' - taottu ruostumaton ter\u00e4s AUS 8","breadcrumb":{"@id":"https:\/\/aaknives.eu\/fi\/product\/veitsi-mini-knife-4-taottu-ruostumaton-teras-aus-8-kopija\/#breadcrumb"},"inLanguage":"fi","potentialAction":[{"@type":"ReadAction","target":["https:\/\/aaknives.eu\/fi\/product\/veitsi-mini-knife-4-taottu-ruostumaton-teras-aus-8-kopija\/"]}]},{"@type":"ImageObject","inLanguage":"fi","@id":"https:\/\/aaknives.eu\/fi\/product\/veitsi-mini-knife-4-taottu-ruostumaton-teras-aus-8-kopija\/#primaryimage","url":"https:\/\/aaknives.eu\/wp-content\/uploads\/2024\/05\/aaknives-hand-forged-dabascus-steel-blade-knife-handmade-custom-made-knife-handcrafted-knives-autinetools-northmen-5.2.jpg","contentUrl":"https:\/\/aaknives.eu\/wp-content\/uploads\/2024\/05\/aaknives-hand-forged-dabascus-steel-blade-knife-handmade-custom-made-knife-handcrafted-knives-autinetools-northmen-5.2.jpg","width":1020,"height":880},{"@type":"BreadcrumbList","@id":"https:\/\/aaknives.eu\/fi\/product\/veitsi-mini-knife-4-taottu-ruostumaton-teras-aus-8-kopija\/#breadcrumb","itemListElement":[{"@type":"ListItem","position":1,"name":"Home","item":"https:\/\/aaknives.eu\/fi\/"},{"@type":"ListItem","position":2,"name":"Kauppa","item":"https:\/\/aaknives.eu\/kauppa\/"},{"@type":"ListItem","position":3,"name":"Veitsi &#8221;MINI KNIFE -7&#8221; &#8211; taottu ruostumaton ter\u00e4s AUS 8"}]},{"@type":"WebSite","@id":"https:\/\/aaknives.eu\/fi\/#website","url":"https:\/\/aaknives.eu\/fi\/","name":"AAKnives","description":"Handmade knives","publisher":{"@id":"https:\/\/aaknives.eu\/fi\/#organization"},"potentialAction":[{"@type":"SearchAction","target":{"@type":"EntryPoint","urlTemplate":"https:\/\/aaknives.eu\/fi\/?s={search_term_string}"},"query-input":{"@type":"PropertyValueSpecification","valueRequired":true,"valueName":"search_term_string"}}],"inLanguage":"fi"},{"@type":"Organization","@id":"https:\/\/aaknives.eu\/fi\/#organization","name":"AAKnives","url":"https:\/\/aaknives.eu\/fi\/","logo":{"@type":"ImageObject","inLanguage":"fi","@id":"https:\/\/aaknives.eu\/fi\/#\/schema\/logo\/image\/","url":"https:\/\/aaknives.eu\/wp-content\/uploads\/2021\/10\/AAknives_Logo_Green.png","contentUrl":"https:\/\/aaknives.eu\/wp-content\/uploads\/2021\/10\/AAknives_Logo_Green.png","width":1768,"height":1768,"caption":"AAKnives"},"image":{"@id":"https:\/\/aaknives.eu\/fi\/#\/schema\/logo\/image\/"},"sameAs":["https:\/\/www.facebook.com\/aaknives.eu\/","https:\/\/www.instagram.com\/aaknives\/","https:\/\/www.pinterest.com\/aa_knives\/","https:\/\/www.youtube.com\/channel\/UCHOQFjrOkgT6s4FIw9LDKyw\/featured"]}]}},"_links":{"self":[{"href":"https:\/\/aaknives.eu\/fi\/wp-json\/wp\/v2\/product\/64852","targetHints":{"allow":["GET"]}}],"collection":[{"href":"https:\/\/aaknives.eu\/fi\/wp-json\/wp\/v2\/product"}],"about":[{"href":"https:\/\/aaknives.eu\/fi\/wp-json\/wp\/v2\/types\/product"}],"wp:featuredmedia":[{"embeddable":true,"href":"https:\/\/aaknives.eu\/fi\/wp-json\/wp\/v2\/media\/64859"}],"wp:attachment":[{"href":"https:\/\/aaknives.eu\/fi\/wp-json\/wp\/v2\/media?parent=64852"}],"wp:term":[{"taxonomy":"product_brand","embeddable":true,"href":"https:\/\/aaknives.eu\/fi\/wp-json\/wp\/v2\/product_brand?post=64852"},{"taxonomy":"product_cat","embeddable":true,"href":"https:\/\/aaknives.eu\/fi\/wp-json\/wp\/v2\/product_cat?post=64852"},{"taxonomy":"product_tag","embeddable":true,"href":"https:\/\/aaknives.eu\/fi\/wp-json\/wp\/v2\/product_tag?post=64852"}],"curies":[{"name":"wp","href":"https:\/\/api.w.org\/{rel}","templated":true}]}}