{"id":65347,"date":"2024-07-03T15:23:38","date_gmt":"2024-07-03T15:23:38","guid":{"rendered":"https:\/\/aaknives.eu\/?post_type=product&#038;p=65347"},"modified":"2025-10-22T17:26:58","modified_gmt":"2025-10-22T17:26:58","slug":"veitsi-hai-kasintaottu-ruotsalainen-uddeholm-elmax-superclean-teras","status":"publish","type":"product","link":"https:\/\/aaknives.eu\/fi\/product\/veitsi-hai-kasintaottu-ruotsalainen-uddeholm-elmax-superclean-teras\/","title":{"rendered":"Veitsi &#8221;SHARK&#8221;, k\u00e4sintaottu ruotsalainen Uddeholm \u201dElmax\u201d SuperClean ter\u00e4s"},"content":{"rendered":"<p>Veitsen tekniset tiedot: SHARK<br \/>\nTer\u00e4s: ruotsalainen Uddeholm \u201dElmax\u201d SuperClean ter\u00e4s<br \/>\nKovuus: 60 HRC<br \/>\nTer\u00e4n pituus (mm): 110 \/ 4,33 tuumaa<br \/>\nTer\u00e4n paksuus (mm): 4 \/ 0,15 tuumaa<br \/>\nTer\u00e4n leveys (mm): 32 \/ 1,25 tuumaa<br \/>\nKahva: stabiloitua karjalankoivua<br \/>\nKokonaispituus (mm): 240 \/ 9,44 tuumaa<\/p>\n<p>Elmax on yksi yleisimmist\u00e4 pulveriter\u00e4ksist\u00e4. Siksi, jotta voidaan karkeasti ymm\u00e4rt\u00e4\u00e4, mihin ihmeisiin &#8220;jauhe&#8221;-veitsi pystyy, riitt\u00e4\u00e4, ett\u00e4 tutkitaan Elmax-ter\u00e4ksen ominaisuuksia. T\u00e4rkein tekij\u00e4, joka vaikuttaa mink\u00e4 tahansa ter\u00e4ksen ominaisuuksiin ja siten my\u00f6s siit\u00e4 valmistetun veitsen ominaisuuksiin, on ligatuuri. Ter\u00e4ksen koostumukseen sis\u00e4ltyv\u00e4t kemialliset alkuaineet antavat sille tietyt ominaisuudet, kuten lujuuden, korroosionkest\u00e4vyyden, iskunkest\u00e4vyyden, ter\u00e4ksen ter\u00e4kest\u00e4vyyden ja niin edelleen. Elmax-ter\u00e4kselle on ominaista seuraava koostumus: T\u00e4m\u00e4n ansiosta ter\u00e4s voidaan luokitella runsashiiliseksi ja sen kovuus ja lujuus kasvavat. 18 % kromia, joka antaa poikkeuksellisen hyv\u00e4n korroosionkest\u00e4vyyden ja lis\u00e4\u00e4 ter\u00e4ksen lujuutta sek\u00e4 sitkeytt\u00e4 ja elastisuutta. 3 % vanadiinia, joka parantaa ter\u00e4ksen rakennetta, tekee siit\u00e4 tihe\u00e4mp\u00e4\u00e4 ja antaa sille kovuutta ja lujuutta. 1 % molybdeeni\u00e4, joka lis\u00e4\u00e4 hieman korroosionkest\u00e4vyytt\u00e4 sek\u00e4 lujuusominaisuuksia, mukaan lukien elastisuus. 0,3 % mangaania, jolla on my\u00f6s my\u00f6nteinen vaikutus ter\u00e4ksen lujuuteen, kulutuskest\u00e4vyyteen ja kovuuteen, mutta ei heikenn\u00e4 sitkeytt\u00e4.<\/p>\n<p>Elmaxin veitset eiv\u00e4t ole alttiita korroosiolle, ja l\u00e4hes kokonaan. T\u00e4st\u00e4 ter\u00e4ksest\u00e4 valmistettu ter\u00e4 kest\u00e4\u00e4 hyvin sivuttaiskuormitusta ja taivutusta. Pulveriter\u00e4ksell\u00e4 on l\u00e4hes t\u00e4ydellinen sis\u00e4inen rakenne. Absoluuttinen puhdistus haitallisista ep\u00e4puhtauksista. Erinomainen ter\u00e4npito ja suhteellisen helppo teroitus hyvill\u00e4 teroituskivill\u00e4. Ter\u00e4s on hyvin kiillotettu ja tasaisesti kiillotettu ilman, ett\u00e4 kuvio n\u00e4kyy. On mahdollista saada aikaan t\u00e4ysin peilipinta.<\/p>\n<p>Yhteenvetona voidaan todeta, ett\u00e4 Elmax-ter\u00e4s on oikeutetusti tunnustettu yhdeksi parhaista veitsiter\u00e4ksist\u00e4 t\u00e4ll\u00e4 hetkell\u00e4. Jos olet pitk\u00e4\u00e4n ajatellut ottaa veitsen t\u00e4st\u00e4 materiaalista, on aika p\u00e4\u00e4tt\u00e4\u00e4. Se palvelee sinua pitk\u00e4\u00e4n ja uskollisesti.<\/p>\n","protected":false},"excerpt":{"rendered":"<p>ELMAX ruostumaton jauhemainen ty\u00f6kaluter\u00e4s on valmistettu Ruotsissa. Valmistaja on UDDEHOLM. Elmax-ter\u00e4sveitset ovat suosittuja kaikkialla maailmassa. Elmax-ter\u00e4s on eritt\u00e4in kulutuskest\u00e4v\u00e4\u00e4 ja korroosionkest\u00e4v\u00e4\u00e4 kromin, vanadiinin ja molybdeenin korkean pitoisuuden ansiosta. Eritt\u00e4in kova leikkuureuna. Kovuus 62 yksikk\u00f6\u00e4 Rockwellin asteikolla. Parempi sitkeys (murtumiskest\u00e4vyys). ELMAX-ter\u00e4ksest\u00e4 valmistettu ter\u00e4 soveltuu hyvin kiillotettavaksi, mink\u00e4 ansiosta pinta muuttuu peilikirkkaaksi.<\/p>\n","protected":false},"featured_media":102626,"template":"","meta":{"_themeisle_gutenberg_block_has_review":false},"product_brand":[],"product_cat":[456,453,452],"product_tag":[],"class_list":{"0":"post-65347","1":"product","2":"type-product","3":"status-publish","4":"has-post-thumbnail","6":"product_cat-kalastusveitset","7":"product_cat-metsastysveitset","8":"product_cat-ulkoveitset","10":"first","11":"instock","12":"shipping-taxable","13":"purchasable","14":"product-type-simple"},"yoast_head":"<!-- This site is optimized with the Yoast SEO plugin v27.3 - https:\/\/yoast.com\/product\/yoast-seo-wordpress\/ -->\n<title>Veitsi &#039;&#039;SHARK&#039;&#039;, k\u00e4sintaottu ruotsalainen Uddeholm \u201dElmax\u201d SuperClean ter\u00e4s - AAKnives<\/title>\n<meta name=\"description\" content=\"Veitsi &#039;&#039;SHARK&#039;&#039;, k\u00e4sintaottu ruotsalainen Uddeholm \u201dElmax\u201d SuperClean ter\u00e4s, mets\u00e4stysveitsi, retkeilyveitsi, k\u00e4sintehty veitsi\" \/>\n<meta name=\"robots\" content=\"index, follow, max-snippet:-1, max-image-preview:large, max-video-preview:-1\" \/>\n<link rel=\"canonical\" href=\"https:\/\/aaknives.eu\/fi\/product\/veitsi-hai-kasintaottu-ruotsalainen-uddeholm-elmax-superclean-teras\/\" \/>\n<meta property=\"og:locale\" content=\"fi_FI\" \/>\n<meta property=\"og:type\" content=\"article\" \/>\n<meta property=\"og:title\" content=\"Veitsi &#039;&#039;SHARK&#039;&#039;, k\u00e4sintaottu ruotsalainen Uddeholm \u201dElmax\u201d SuperClean ter\u00e4s - AAKnives\" \/>\n<meta property=\"og:description\" content=\"Veitsi &#039;&#039;SHARK&#039;&#039;, k\u00e4sintaottu ruotsalainen Uddeholm \u201dElmax\u201d SuperClean ter\u00e4s, mets\u00e4stysveitsi, retkeilyveitsi, k\u00e4sintehty veitsi\" \/>\n<meta property=\"og:url\" content=\"https:\/\/aaknives.eu\/fi\/product\/veitsi-hai-kasintaottu-ruotsalainen-uddeholm-elmax-superclean-teras\/\" \/>\n<meta property=\"og:site_name\" content=\"AAKnives\" \/>\n<meta property=\"article:publisher\" content=\"https:\/\/www.facebook.com\/aaknives.eu\/\" \/>\n<meta property=\"article:modified_time\" content=\"2025-10-22T17:26:58+00:00\" \/>\n<meta property=\"og:image\" content=\"https:\/\/aaknives.eu\/wp-content\/uploads\/2024\/07\/aaknives-hand-forged-damascus-steel-blade-knife-handmade-custom-made-knife-handcrafted-knives-autinetools-northmen-1-67.jpg\" \/>\n\t<meta property=\"og:image:width\" content=\"1020\" \/>\n\t<meta property=\"og:image:height\" content=\"880\" \/>\n\t<meta property=\"og:image:type\" content=\"image\/jpeg\" \/>\n<meta name=\"twitter:card\" content=\"summary_large_image\" \/>\n<meta name=\"twitter:label1\" content=\"Arvioitu lukuaika\" \/>\n\t<meta name=\"twitter:data1\" content=\"1 minuutti\" \/>\n<script type=\"application\/ld+json\" class=\"yoast-schema-graph\">{\"@context\":\"https:\\\/\\\/schema.org\",\"@graph\":[{\"@type\":\"WebPage\",\"@id\":\"https:\\\/\\\/aaknives.eu\\\/fi\\\/product\\\/veitsi-hai-kasintaottu-ruotsalainen-uddeholm-elmax-superclean-teras\\\/\",\"url\":\"https:\\\/\\\/aaknives.eu\\\/fi\\\/product\\\/veitsi-hai-kasintaottu-ruotsalainen-uddeholm-elmax-superclean-teras\\\/\",\"name\":\"Veitsi ''SHARK'', k\u00e4sintaottu ruotsalainen Uddeholm \u201dElmax\u201d SuperClean ter\u00e4s - AAKnives\",\"isPartOf\":{\"@id\":\"https:\\\/\\\/aaknives.eu\\\/fi\\\/#website\"},\"primaryImageOfPage\":{\"@id\":\"https:\\\/\\\/aaknives.eu\\\/fi\\\/product\\\/veitsi-hai-kasintaottu-ruotsalainen-uddeholm-elmax-superclean-teras\\\/#primaryimage\"},\"image\":{\"@id\":\"https:\\\/\\\/aaknives.eu\\\/fi\\\/product\\\/veitsi-hai-kasintaottu-ruotsalainen-uddeholm-elmax-superclean-teras\\\/#primaryimage\"},\"thumbnailUrl\":\"https:\\\/\\\/aaknives.eu\\\/wp-content\\\/uploads\\\/2024\\\/07\\\/aaknives-hand-forged-damascus-steel-blade-knife-handmade-custom-made-knife-handcrafted-knives-autinetools-northmen-1-67.jpg\",\"datePublished\":\"2024-07-03T15:23:38+00:00\",\"dateModified\":\"2025-10-22T17:26:58+00:00\",\"description\":\"Veitsi ''SHARK'', k\u00e4sintaottu ruotsalainen Uddeholm \u201dElmax\u201d SuperClean ter\u00e4s, mets\u00e4stysveitsi, retkeilyveitsi, k\u00e4sintehty veitsi\",\"breadcrumb\":{\"@id\":\"https:\\\/\\\/aaknives.eu\\\/fi\\\/product\\\/veitsi-hai-kasintaottu-ruotsalainen-uddeholm-elmax-superclean-teras\\\/#breadcrumb\"},\"inLanguage\":\"fi\",\"potentialAction\":[{\"@type\":\"ReadAction\",\"target\":[\"https:\\\/\\\/aaknives.eu\\\/fi\\\/product\\\/veitsi-hai-kasintaottu-ruotsalainen-uddeholm-elmax-superclean-teras\\\/\"]}]},{\"@type\":\"ImageObject\",\"inLanguage\":\"fi\",\"@id\":\"https:\\\/\\\/aaknives.eu\\\/fi\\\/product\\\/veitsi-hai-kasintaottu-ruotsalainen-uddeholm-elmax-superclean-teras\\\/#primaryimage\",\"url\":\"https:\\\/\\\/aaknives.eu\\\/wp-content\\\/uploads\\\/2024\\\/07\\\/aaknives-hand-forged-damascus-steel-blade-knife-handmade-custom-made-knife-handcrafted-knives-autinetools-northmen-1-67.jpg\",\"contentUrl\":\"https:\\\/\\\/aaknives.eu\\\/wp-content\\\/uploads\\\/2024\\\/07\\\/aaknives-hand-forged-damascus-steel-blade-knife-handmade-custom-made-knife-handcrafted-knives-autinetools-northmen-1-67.jpg\",\"width\":1020,\"height\":880},{\"@type\":\"BreadcrumbList\",\"@id\":\"https:\\\/\\\/aaknives.eu\\\/fi\\\/product\\\/veitsi-hai-kasintaottu-ruotsalainen-uddeholm-elmax-superclean-teras\\\/#breadcrumb\",\"itemListElement\":[{\"@type\":\"ListItem\",\"position\":1,\"name\":\"Home\",\"item\":\"https:\\\/\\\/aaknives.eu\\\/fi\\\/\"},{\"@type\":\"ListItem\",\"position\":2,\"name\":\"Kauppa\",\"item\":\"https:\\\/\\\/aaknives.eu\\\/kauppa\\\/\"},{\"@type\":\"ListItem\",\"position\":3,\"name\":\"Veitsi &#8221;SHARK&#8221;, k\u00e4sintaottu ruotsalainen Uddeholm \u201dElmax\u201d SuperClean ter\u00e4s\"}]},{\"@type\":\"WebSite\",\"@id\":\"https:\\\/\\\/aaknives.eu\\\/fi\\\/#website\",\"url\":\"https:\\\/\\\/aaknives.eu\\\/fi\\\/\",\"name\":\"AAKnives\",\"description\":\"Handmade knives\",\"publisher\":{\"@id\":\"https:\\\/\\\/aaknives.eu\\\/fi\\\/#organization\"},\"potentialAction\":[{\"@type\":\"SearchAction\",\"target\":{\"@type\":\"EntryPoint\",\"urlTemplate\":\"https:\\\/\\\/aaknives.eu\\\/fi\\\/?s={search_term_string}\"},\"query-input\":{\"@type\":\"PropertyValueSpecification\",\"valueRequired\":true,\"valueName\":\"search_term_string\"}}],\"inLanguage\":\"fi\"},{\"@type\":\"Organization\",\"@id\":\"https:\\\/\\\/aaknives.eu\\\/fi\\\/#organization\",\"name\":\"AAKnives\",\"url\":\"https:\\\/\\\/aaknives.eu\\\/fi\\\/\",\"logo\":{\"@type\":\"ImageObject\",\"inLanguage\":\"fi\",\"@id\":\"https:\\\/\\\/aaknives.eu\\\/fi\\\/#\\\/schema\\\/logo\\\/image\\\/\",\"url\":\"https:\\\/\\\/aaknives.eu\\\/wp-content\\\/uploads\\\/2021\\\/10\\\/AAknives_Logo_Green.png\",\"contentUrl\":\"https:\\\/\\\/aaknives.eu\\\/wp-content\\\/uploads\\\/2021\\\/10\\\/AAknives_Logo_Green.png\",\"width\":1768,\"height\":1768,\"caption\":\"AAKnives\"},\"image\":{\"@id\":\"https:\\\/\\\/aaknives.eu\\\/fi\\\/#\\\/schema\\\/logo\\\/image\\\/\"},\"sameAs\":[\"https:\\\/\\\/www.facebook.com\\\/aaknives.eu\\\/\",\"https:\\\/\\\/www.instagram.com\\\/aaknives\\\/\",\"https:\\\/\\\/www.pinterest.com\\\/aa_knives\\\/\",\"https:\\\/\\\/www.youtube.com\\\/channel\\\/UCHOQFjrOkgT6s4FIw9LDKyw\\\/featured\"]}]}<\/script>\n<!-- \/ Yoast SEO plugin. -->","yoast_head_json":{"title":"Veitsi ''SHARK'', k\u00e4sintaottu ruotsalainen Uddeholm \u201dElmax\u201d SuperClean ter\u00e4s - AAKnives","description":"Veitsi ''SHARK'', k\u00e4sintaottu ruotsalainen Uddeholm \u201dElmax\u201d SuperClean ter\u00e4s, mets\u00e4stysveitsi, retkeilyveitsi, k\u00e4sintehty veitsi","robots":{"index":"index","follow":"follow","max-snippet":"max-snippet:-1","max-image-preview":"max-image-preview:large","max-video-preview":"max-video-preview:-1"},"canonical":"https:\/\/aaknives.eu\/fi\/product\/veitsi-hai-kasintaottu-ruotsalainen-uddeholm-elmax-superclean-teras\/","og_locale":"fi_FI","og_type":"article","og_title":"Veitsi ''SHARK'', k\u00e4sintaottu ruotsalainen Uddeholm \u201dElmax\u201d SuperClean ter\u00e4s - AAKnives","og_description":"Veitsi ''SHARK'', k\u00e4sintaottu ruotsalainen Uddeholm \u201dElmax\u201d SuperClean ter\u00e4s, mets\u00e4stysveitsi, retkeilyveitsi, k\u00e4sintehty veitsi","og_url":"https:\/\/aaknives.eu\/fi\/product\/veitsi-hai-kasintaottu-ruotsalainen-uddeholm-elmax-superclean-teras\/","og_site_name":"AAKnives","article_publisher":"https:\/\/www.facebook.com\/aaknives.eu\/","article_modified_time":"2025-10-22T17:26:58+00:00","og_image":[{"width":1020,"height":880,"url":"https:\/\/aaknives.eu\/wp-content\/uploads\/2024\/07\/aaknives-hand-forged-damascus-steel-blade-knife-handmade-custom-made-knife-handcrafted-knives-autinetools-northmen-1-67.jpg","type":"image\/jpeg"}],"twitter_card":"summary_large_image","twitter_misc":{"Arvioitu lukuaika":"1 minuutti"},"schema":{"@context":"https:\/\/schema.org","@graph":[{"@type":"WebPage","@id":"https:\/\/aaknives.eu\/fi\/product\/veitsi-hai-kasintaottu-ruotsalainen-uddeholm-elmax-superclean-teras\/","url":"https:\/\/aaknives.eu\/fi\/product\/veitsi-hai-kasintaottu-ruotsalainen-uddeholm-elmax-superclean-teras\/","name":"Veitsi ''SHARK'', k\u00e4sintaottu ruotsalainen Uddeholm \u201dElmax\u201d SuperClean ter\u00e4s - AAKnives","isPartOf":{"@id":"https:\/\/aaknives.eu\/fi\/#website"},"primaryImageOfPage":{"@id":"https:\/\/aaknives.eu\/fi\/product\/veitsi-hai-kasintaottu-ruotsalainen-uddeholm-elmax-superclean-teras\/#primaryimage"},"image":{"@id":"https:\/\/aaknives.eu\/fi\/product\/veitsi-hai-kasintaottu-ruotsalainen-uddeholm-elmax-superclean-teras\/#primaryimage"},"thumbnailUrl":"https:\/\/aaknives.eu\/wp-content\/uploads\/2024\/07\/aaknives-hand-forged-damascus-steel-blade-knife-handmade-custom-made-knife-handcrafted-knives-autinetools-northmen-1-67.jpg","datePublished":"2024-07-03T15:23:38+00:00","dateModified":"2025-10-22T17:26:58+00:00","description":"Veitsi ''SHARK'', k\u00e4sintaottu ruotsalainen Uddeholm \u201dElmax\u201d SuperClean ter\u00e4s, mets\u00e4stysveitsi, retkeilyveitsi, k\u00e4sintehty veitsi","breadcrumb":{"@id":"https:\/\/aaknives.eu\/fi\/product\/veitsi-hai-kasintaottu-ruotsalainen-uddeholm-elmax-superclean-teras\/#breadcrumb"},"inLanguage":"fi","potentialAction":[{"@type":"ReadAction","target":["https:\/\/aaknives.eu\/fi\/product\/veitsi-hai-kasintaottu-ruotsalainen-uddeholm-elmax-superclean-teras\/"]}]},{"@type":"ImageObject","inLanguage":"fi","@id":"https:\/\/aaknives.eu\/fi\/product\/veitsi-hai-kasintaottu-ruotsalainen-uddeholm-elmax-superclean-teras\/#primaryimage","url":"https:\/\/aaknives.eu\/wp-content\/uploads\/2024\/07\/aaknives-hand-forged-damascus-steel-blade-knife-handmade-custom-made-knife-handcrafted-knives-autinetools-northmen-1-67.jpg","contentUrl":"https:\/\/aaknives.eu\/wp-content\/uploads\/2024\/07\/aaknives-hand-forged-damascus-steel-blade-knife-handmade-custom-made-knife-handcrafted-knives-autinetools-northmen-1-67.jpg","width":1020,"height":880},{"@type":"BreadcrumbList","@id":"https:\/\/aaknives.eu\/fi\/product\/veitsi-hai-kasintaottu-ruotsalainen-uddeholm-elmax-superclean-teras\/#breadcrumb","itemListElement":[{"@type":"ListItem","position":1,"name":"Home","item":"https:\/\/aaknives.eu\/fi\/"},{"@type":"ListItem","position":2,"name":"Kauppa","item":"https:\/\/aaknives.eu\/kauppa\/"},{"@type":"ListItem","position":3,"name":"Veitsi &#8221;SHARK&#8221;, k\u00e4sintaottu ruotsalainen Uddeholm \u201dElmax\u201d SuperClean ter\u00e4s"}]},{"@type":"WebSite","@id":"https:\/\/aaknives.eu\/fi\/#website","url":"https:\/\/aaknives.eu\/fi\/","name":"AAKnives","description":"Handmade knives","publisher":{"@id":"https:\/\/aaknives.eu\/fi\/#organization"},"potentialAction":[{"@type":"SearchAction","target":{"@type":"EntryPoint","urlTemplate":"https:\/\/aaknives.eu\/fi\/?s={search_term_string}"},"query-input":{"@type":"PropertyValueSpecification","valueRequired":true,"valueName":"search_term_string"}}],"inLanguage":"fi"},{"@type":"Organization","@id":"https:\/\/aaknives.eu\/fi\/#organization","name":"AAKnives","url":"https:\/\/aaknives.eu\/fi\/","logo":{"@type":"ImageObject","inLanguage":"fi","@id":"https:\/\/aaknives.eu\/fi\/#\/schema\/logo\/image\/","url":"https:\/\/aaknives.eu\/wp-content\/uploads\/2021\/10\/AAknives_Logo_Green.png","contentUrl":"https:\/\/aaknives.eu\/wp-content\/uploads\/2021\/10\/AAknives_Logo_Green.png","width":1768,"height":1768,"caption":"AAKnives"},"image":{"@id":"https:\/\/aaknives.eu\/fi\/#\/schema\/logo\/image\/"},"sameAs":["https:\/\/www.facebook.com\/aaknives.eu\/","https:\/\/www.instagram.com\/aaknives\/","https:\/\/www.pinterest.com\/aa_knives\/","https:\/\/www.youtube.com\/channel\/UCHOQFjrOkgT6s4FIw9LDKyw\/featured"]}]}},"_links":{"self":[{"href":"https:\/\/aaknives.eu\/fi\/wp-json\/wp\/v2\/product\/65347","targetHints":{"allow":["GET"]}}],"collection":[{"href":"https:\/\/aaknives.eu\/fi\/wp-json\/wp\/v2\/product"}],"about":[{"href":"https:\/\/aaknives.eu\/fi\/wp-json\/wp\/v2\/types\/product"}],"wp:featuredmedia":[{"embeddable":true,"href":"https:\/\/aaknives.eu\/fi\/wp-json\/wp\/v2\/media\/102626"}],"wp:attachment":[{"href":"https:\/\/aaknives.eu\/fi\/wp-json\/wp\/v2\/media?parent=65347"}],"wp:term":[{"taxonomy":"product_brand","embeddable":true,"href":"https:\/\/aaknives.eu\/fi\/wp-json\/wp\/v2\/product_brand?post=65347"},{"taxonomy":"product_cat","embeddable":true,"href":"https:\/\/aaknives.eu\/fi\/wp-json\/wp\/v2\/product_cat?post=65347"},{"taxonomy":"product_tag","embeddable":true,"href":"https:\/\/aaknives.eu\/fi\/wp-json\/wp\/v2\/product_tag?post=65347"}],"curies":[{"name":"wp","href":"https:\/\/api.w.org\/{rel}","templated":true}]}}