{"id":65375,"date":"2024-07-03T15:31:53","date_gmt":"2024-07-03T15:31:53","guid":{"rendered":"https:\/\/aaknives.eu\/?post_type=product&#038;p=65375"},"modified":"2024-09-26T20:08:21","modified_gmt":"2024-09-26T20:08:21","slug":"knife-falcon-hand-forged-swedish-steel-uddeholm-elmax-superclean-kopija","status":"publish","type":"product","link":"https:\/\/aaknives.eu\/fi\/product\/knife-falcon-hand-forged-swedish-steel-uddeholm-elmax-superclean-kopija\/","title":{"rendered":"Knife &#8221;FALCON&#8221;- hand forged Swedish Steel Uddeholm \u201dElmax\u201d SuperClean"},"content":{"rendered":"<p>Veitsen tekniset tiedot: FALCON<br \/>\nTer\u00e4s: Elmax&#8221; SuperClean ter\u00e4s: ruotsalainen ter\u00e4s Uddeholm &#8220;Elmax&#8221; SuperClean.<br \/>\nKovuus: 60 HRC<br \/>\nTer\u00e4n pituus (mm): 117 \/ 4,60 tuumaa<br \/>\nTer\u00e4n paksuus (mm): 3 \/ 0,11 tuumaa<br \/>\nTer\u00e4n leveys (mm): 30 \/ 1,18 tuumaa<br \/>\nKahva: Karjalan koivu<br \/>\nKokonaispituus (mm): 9,68 tuumaa<\/p>\n<p>Elmax on yksi yleisimmist\u00e4 pulveriter\u00e4ksist\u00e4. Siksi, jotta ymm\u00e4rrett\u00e4isiin, mit\u00e4 ihmeit\u00e4 veitsi &#8220;jauheesta&#8221; pystyy tekem\u00e4\u00e4n, on tarpeen tutkia Elmaxin ter\u00e4ksen ominaisuuksia. T\u00e4rkein tekij\u00e4, joka vaikuttaa mink\u00e4 tahansa ter\u00e4ksen ominaisuuksiin, mik\u00e4 tarkoittaa my\u00f6s siit\u00e4 valmistetun veitsen ligatuuria. Juuri n\u00e4m\u00e4 ter\u00e4ksen koostumuksen kemialliset elementit antavat n\u00e4m\u00e4 ominaisuudet, korroosionkest\u00e4vyyden, iskuviskositeetin, v\u00e4\u00e4nt\u00f6momentin kest\u00e4vyyden ja niin edelleen. Elmaxille on ominaista seuraava koostumus: T\u00e4m\u00e4 mahdollistaa ter\u00e4ksen ulottamisen kasvihiililuokkaan ja lis\u00e4\u00e4 sen kovuutta ja kest\u00e4vyytt\u00e4. 18 % kromia, joka antaa yksinomaisen korroosionkest\u00e4vyyden ja lis\u00e4\u00e4 ter\u00e4ksen kest\u00e4vyytt\u00e4 sek\u00e4 iskujen viskositeettia ja joustavuutta. 3 % vanadiinia, joka parantaa ter\u00e4ksen rakennetta, tekee siit\u00e4 tiiviimm\u00e4n ja antaa sille sitkeytt\u00e4 ja kest\u00e4vyytt\u00e4. 1 % molybdeeni\u00e4, joka ei vaikuta merkitt\u00e4v\u00e4sti korroosionkest\u00e4vyyteen sek\u00e4 kest\u00e4vyysominaisuuksiin, kuten joustavuuteen. 0,3 % mangaania, jolla on my\u00f6s my\u00f6nteinen vaikutus ter\u00e4ksen lujuuteen, kulumiseen ja kovuuteen ilman, ett\u00e4 se heikent\u00e4\u00e4 plastisuutta. Elmax-veitset eiv\u00e4t pyri korroosioon. T\u00e4st\u00e4 ter\u00e4ksest\u00e4 valmistettu ter\u00e4 kest\u00e4\u00e4 hyvin sivuttaiskuormitusta ja taivutuksia. Pulveriter\u00e4ksell\u00e4 on k\u00e4yt\u00e4nn\u00f6llisesti katsoen t\u00e4ydellinen sis\u00e4inen rakenne. Absoluuttinen puhdistus haitallisista ep\u00e4puhtauksista. Silmiinpist\u00e4v\u00e4\u00e4 ter\u00e4vyyden kest\u00e4vyytt\u00e4 ja suhteellista keveytt\u00e4, kun k\u00e4ytet\u00e4\u00e4n oikeita kivi\u00e4. Ter\u00e4s on hyvin hiottu ja jopa kiillotettu ilman vetoa. T\u00e4ydellinen peilipinta voidaan saavuttaa. N\u00e4in ollen voidaan p\u00e4\u00e4tell\u00e4, ett\u00e4 Elmax-ter\u00e4s on yksi t\u00e4m\u00e4n p\u00e4iv\u00e4n parhaista veitsiter\u00e4ksist\u00e4. Jos olet jo pitk\u00e4\u00e4n suunnitellut ottavasi veitsen t\u00e4st\u00e4 materiaalista, nyt on aika tehd\u00e4 se. Se palvelee sinua pitk\u00e4\u00e4n ja oikein.<\/p>\n","protected":false},"excerpt":{"rendered":"<p>ELMAX ruostumaton jauhemainen ty\u00f6kaluter\u00e4s on valmistettu Ruotsissa. Valmistaja on UDDEHOLM. Elmax-ter\u00e4sveitset ovat suosittuja kaikkialla maailmassa. Elmax-ter\u00e4s on eritt\u00e4in kulutuskest\u00e4v\u00e4\u00e4 ja korroosionkest\u00e4v\u00e4\u00e4 kromin, vanadiinin ja molybdeenin korkean pitoisuuden ansiosta. Eritt\u00e4in kova leikkuureuna. Kovuus 62 yksikk\u00f6\u00e4 Rockwellin asteikolla. Parempi sitkeys (murtumiskest\u00e4vyys). ELMAX-ter\u00e4ksest\u00e4 valmistettu ter\u00e4 soveltuu hyvin kiillotettavaksi, mink\u00e4 ansiosta pinta muuttuu peilikirkkaaksi.<\/p>\n","protected":false},"featured_media":65382,"template":"","meta":{"_themeisle_gutenberg_block_has_review":false},"product_brand":[],"product_cat":[456,453,452],"product_tag":[],"class_list":{"0":"post-65375","1":"product","2":"type-product","3":"status-publish","4":"has-post-thumbnail","6":"product_cat-kalastusveitset","7":"product_cat-metsastysveitset","8":"product_cat-ulkoveitset","10":"first","11":"instock","12":"shipping-taxable","13":"purchasable","14":"product-type-simple"},"yoast_head":"<!-- This site is optimized with the Yoast SEO plugin v27.5 - https:\/\/yoast.com\/product\/yoast-seo-wordpress\/ -->\n<title>Knife &#039;&#039;FALCON&#039;&#039;- hand forged Swedish Steel Uddeholm \u201dElmax\u201d SuperClean - AAKnives<\/title>\n<meta name=\"description\" content=\"Knife FALCON- hand forged Swedish Steel Uddeholm \u201dElmax\u201d SuperClean, camping knife, outdoor knife, handmade knife, custom knife\" \/>\n<meta name=\"robots\" content=\"index, follow, max-snippet:-1, max-image-preview:large, max-video-preview:-1\" \/>\n<link rel=\"canonical\" href=\"https:\/\/aaknives.eu\/fi\/product\/knife-falcon-hand-forged-swedish-steel-uddeholm-elmax-superclean-kopija\/\" \/>\n<meta property=\"og:locale\" content=\"fi_FI\" \/>\n<meta property=\"og:type\" content=\"article\" \/>\n<meta property=\"og:title\" content=\"Knife &#039;&#039;FALCON&#039;&#039;- hand forged Swedish Steel Uddeholm \u201dElmax\u201d SuperClean - AAKnives\" \/>\n<meta property=\"og:description\" content=\"Knife FALCON- hand forged Swedish Steel Uddeholm \u201dElmax\u201d SuperClean, camping knife, outdoor knife, handmade knife, custom knife\" \/>\n<meta property=\"og:url\" content=\"https:\/\/aaknives.eu\/fi\/product\/knife-falcon-hand-forged-swedish-steel-uddeholm-elmax-superclean-kopija\/\" \/>\n<meta property=\"og:site_name\" content=\"AAKnives\" \/>\n<meta property=\"article:publisher\" content=\"https:\/\/www.facebook.com\/aaknives.eu\/\" \/>\n<meta property=\"article:modified_time\" content=\"2024-09-26T20:08:21+00:00\" \/>\n<meta property=\"og:image\" content=\"https:\/\/aaknives.eu\/wp-content\/uploads\/2024\/07\/aaknives-hand-forged-dabascus-steel-blade-knife-handmade-custom-made-knife-handcrafted-knives-autinetools-northmen-16.2.jpg\" \/>\n\t<meta property=\"og:image:width\" content=\"1020\" \/>\n\t<meta property=\"og:image:height\" content=\"880\" \/>\n\t<meta property=\"og:image:type\" content=\"image\/jpeg\" \/>\n<meta name=\"twitter:card\" content=\"summary_large_image\" \/>\n<meta name=\"twitter:label1\" content=\"Arvioitu lukuaika\" \/>\n\t<meta name=\"twitter:data1\" content=\"1 minuutti\" \/>\n<script type=\"application\/ld+json\" class=\"yoast-schema-graph\">{\"@context\":\"https:\\\/\\\/schema.org\",\"@graph\":[{\"@type\":\"WebPage\",\"@id\":\"https:\\\/\\\/aaknives.eu\\\/fi\\\/product\\\/knife-falcon-hand-forged-swedish-steel-uddeholm-elmax-superclean-kopija\\\/\",\"url\":\"https:\\\/\\\/aaknives.eu\\\/fi\\\/product\\\/knife-falcon-hand-forged-swedish-steel-uddeholm-elmax-superclean-kopija\\\/\",\"name\":\"Knife ''FALCON''- hand forged Swedish Steel Uddeholm \u201dElmax\u201d SuperClean - AAKnives\",\"isPartOf\":{\"@id\":\"https:\\\/\\\/aaknives.eu\\\/fi\\\/#website\"},\"primaryImageOfPage\":{\"@id\":\"https:\\\/\\\/aaknives.eu\\\/fi\\\/product\\\/knife-falcon-hand-forged-swedish-steel-uddeholm-elmax-superclean-kopija\\\/#primaryimage\"},\"image\":{\"@id\":\"https:\\\/\\\/aaknives.eu\\\/fi\\\/product\\\/knife-falcon-hand-forged-swedish-steel-uddeholm-elmax-superclean-kopija\\\/#primaryimage\"},\"thumbnailUrl\":\"https:\\\/\\\/aaknives.eu\\\/wp-content\\\/uploads\\\/2024\\\/07\\\/aaknives-hand-forged-dabascus-steel-blade-knife-handmade-custom-made-knife-handcrafted-knives-autinetools-northmen-16.2.jpg\",\"datePublished\":\"2024-07-03T15:31:53+00:00\",\"dateModified\":\"2024-09-26T20:08:21+00:00\",\"description\":\"Knife FALCON- hand forged Swedish Steel Uddeholm \u201dElmax\u201d SuperClean, camping knife, outdoor knife, handmade knife, custom knife\",\"breadcrumb\":{\"@id\":\"https:\\\/\\\/aaknives.eu\\\/fi\\\/product\\\/knife-falcon-hand-forged-swedish-steel-uddeholm-elmax-superclean-kopija\\\/#breadcrumb\"},\"inLanguage\":\"fi\",\"potentialAction\":[{\"@type\":\"ReadAction\",\"target\":[\"https:\\\/\\\/aaknives.eu\\\/fi\\\/product\\\/knife-falcon-hand-forged-swedish-steel-uddeholm-elmax-superclean-kopija\\\/\"]}]},{\"@type\":\"ImageObject\",\"inLanguage\":\"fi\",\"@id\":\"https:\\\/\\\/aaknives.eu\\\/fi\\\/product\\\/knife-falcon-hand-forged-swedish-steel-uddeholm-elmax-superclean-kopija\\\/#primaryimage\",\"url\":\"https:\\\/\\\/aaknives.eu\\\/wp-content\\\/uploads\\\/2024\\\/07\\\/aaknives-hand-forged-dabascus-steel-blade-knife-handmade-custom-made-knife-handcrafted-knives-autinetools-northmen-16.2.jpg\",\"contentUrl\":\"https:\\\/\\\/aaknives.eu\\\/wp-content\\\/uploads\\\/2024\\\/07\\\/aaknives-hand-forged-dabascus-steel-blade-knife-handmade-custom-made-knife-handcrafted-knives-autinetools-northmen-16.2.jpg\",\"width\":1020,\"height\":880},{\"@type\":\"BreadcrumbList\",\"@id\":\"https:\\\/\\\/aaknives.eu\\\/fi\\\/product\\\/knife-falcon-hand-forged-swedish-steel-uddeholm-elmax-superclean-kopija\\\/#breadcrumb\",\"itemListElement\":[{\"@type\":\"ListItem\",\"position\":1,\"name\":\"Home\",\"item\":\"https:\\\/\\\/aaknives.eu\\\/fi\\\/\"},{\"@type\":\"ListItem\",\"position\":2,\"name\":\"Kauppa\",\"item\":\"https:\\\/\\\/aaknives.eu\\\/kauppa\\\/\"},{\"@type\":\"ListItem\",\"position\":3,\"name\":\"Knife &#8221;FALCON&#8221;- hand forged Swedish Steel Uddeholm \u201dElmax\u201d SuperClean\"}]},{\"@type\":\"WebSite\",\"@id\":\"https:\\\/\\\/aaknives.eu\\\/fi\\\/#website\",\"url\":\"https:\\\/\\\/aaknives.eu\\\/fi\\\/\",\"name\":\"AAKnives\",\"description\":\"Handmade knives\",\"publisher\":{\"@id\":\"https:\\\/\\\/aaknives.eu\\\/fi\\\/#organization\"},\"potentialAction\":[{\"@type\":\"SearchAction\",\"target\":{\"@type\":\"EntryPoint\",\"urlTemplate\":\"https:\\\/\\\/aaknives.eu\\\/fi\\\/?s={search_term_string}\"},\"query-input\":{\"@type\":\"PropertyValueSpecification\",\"valueRequired\":true,\"valueName\":\"search_term_string\"}}],\"inLanguage\":\"fi\"},{\"@type\":\"Organization\",\"@id\":\"https:\\\/\\\/aaknives.eu\\\/fi\\\/#organization\",\"name\":\"AAKnives\",\"url\":\"https:\\\/\\\/aaknives.eu\\\/fi\\\/\",\"logo\":{\"@type\":\"ImageObject\",\"inLanguage\":\"fi\",\"@id\":\"https:\\\/\\\/aaknives.eu\\\/fi\\\/#\\\/schema\\\/logo\\\/image\\\/\",\"url\":\"https:\\\/\\\/aaknives.eu\\\/wp-content\\\/uploads\\\/2021\\\/10\\\/AAknives_Logo_Green.png\",\"contentUrl\":\"https:\\\/\\\/aaknives.eu\\\/wp-content\\\/uploads\\\/2021\\\/10\\\/AAknives_Logo_Green.png\",\"width\":1768,\"height\":1768,\"caption\":\"AAKnives\"},\"image\":{\"@id\":\"https:\\\/\\\/aaknives.eu\\\/fi\\\/#\\\/schema\\\/logo\\\/image\\\/\"},\"sameAs\":[\"https:\\\/\\\/www.facebook.com\\\/aaknives.eu\\\/\",\"https:\\\/\\\/www.instagram.com\\\/aaknives\\\/\",\"https:\\\/\\\/www.pinterest.com\\\/aa_knives\\\/\",\"https:\\\/\\\/www.youtube.com\\\/channel\\\/UCHOQFjrOkgT6s4FIw9LDKyw\\\/featured\"]}]}<\/script>\n<!-- \/ Yoast SEO plugin. -->","yoast_head_json":{"title":"Knife ''FALCON''- hand forged Swedish Steel Uddeholm \u201dElmax\u201d SuperClean - AAKnives","description":"Knife FALCON- hand forged Swedish Steel Uddeholm \u201dElmax\u201d SuperClean, camping knife, outdoor knife, handmade knife, custom knife","robots":{"index":"index","follow":"follow","max-snippet":"max-snippet:-1","max-image-preview":"max-image-preview:large","max-video-preview":"max-video-preview:-1"},"canonical":"https:\/\/aaknives.eu\/fi\/product\/knife-falcon-hand-forged-swedish-steel-uddeholm-elmax-superclean-kopija\/","og_locale":"fi_FI","og_type":"article","og_title":"Knife ''FALCON''- hand forged Swedish Steel Uddeholm \u201dElmax\u201d SuperClean - AAKnives","og_description":"Knife FALCON- hand forged Swedish Steel Uddeholm \u201dElmax\u201d SuperClean, camping knife, outdoor knife, handmade knife, custom knife","og_url":"https:\/\/aaknives.eu\/fi\/product\/knife-falcon-hand-forged-swedish-steel-uddeholm-elmax-superclean-kopija\/","og_site_name":"AAKnives","article_publisher":"https:\/\/www.facebook.com\/aaknives.eu\/","article_modified_time":"2024-09-26T20:08:21+00:00","og_image":[{"width":1020,"height":880,"url":"https:\/\/aaknives.eu\/wp-content\/uploads\/2024\/07\/aaknives-hand-forged-dabascus-steel-blade-knife-handmade-custom-made-knife-handcrafted-knives-autinetools-northmen-16.2.jpg","type":"image\/jpeg"}],"twitter_card":"summary_large_image","twitter_misc":{"Arvioitu lukuaika":"1 minuutti"},"schema":{"@context":"https:\/\/schema.org","@graph":[{"@type":"WebPage","@id":"https:\/\/aaknives.eu\/fi\/product\/knife-falcon-hand-forged-swedish-steel-uddeholm-elmax-superclean-kopija\/","url":"https:\/\/aaknives.eu\/fi\/product\/knife-falcon-hand-forged-swedish-steel-uddeholm-elmax-superclean-kopija\/","name":"Knife ''FALCON''- hand forged Swedish Steel Uddeholm \u201dElmax\u201d SuperClean - AAKnives","isPartOf":{"@id":"https:\/\/aaknives.eu\/fi\/#website"},"primaryImageOfPage":{"@id":"https:\/\/aaknives.eu\/fi\/product\/knife-falcon-hand-forged-swedish-steel-uddeholm-elmax-superclean-kopija\/#primaryimage"},"image":{"@id":"https:\/\/aaknives.eu\/fi\/product\/knife-falcon-hand-forged-swedish-steel-uddeholm-elmax-superclean-kopija\/#primaryimage"},"thumbnailUrl":"https:\/\/aaknives.eu\/wp-content\/uploads\/2024\/07\/aaknives-hand-forged-dabascus-steel-blade-knife-handmade-custom-made-knife-handcrafted-knives-autinetools-northmen-16.2.jpg","datePublished":"2024-07-03T15:31:53+00:00","dateModified":"2024-09-26T20:08:21+00:00","description":"Knife FALCON- hand forged Swedish Steel Uddeholm \u201dElmax\u201d SuperClean, camping knife, outdoor knife, handmade knife, custom knife","breadcrumb":{"@id":"https:\/\/aaknives.eu\/fi\/product\/knife-falcon-hand-forged-swedish-steel-uddeholm-elmax-superclean-kopija\/#breadcrumb"},"inLanguage":"fi","potentialAction":[{"@type":"ReadAction","target":["https:\/\/aaknives.eu\/fi\/product\/knife-falcon-hand-forged-swedish-steel-uddeholm-elmax-superclean-kopija\/"]}]},{"@type":"ImageObject","inLanguage":"fi","@id":"https:\/\/aaknives.eu\/fi\/product\/knife-falcon-hand-forged-swedish-steel-uddeholm-elmax-superclean-kopija\/#primaryimage","url":"https:\/\/aaknives.eu\/wp-content\/uploads\/2024\/07\/aaknives-hand-forged-dabascus-steel-blade-knife-handmade-custom-made-knife-handcrafted-knives-autinetools-northmen-16.2.jpg","contentUrl":"https:\/\/aaknives.eu\/wp-content\/uploads\/2024\/07\/aaknives-hand-forged-dabascus-steel-blade-knife-handmade-custom-made-knife-handcrafted-knives-autinetools-northmen-16.2.jpg","width":1020,"height":880},{"@type":"BreadcrumbList","@id":"https:\/\/aaknives.eu\/fi\/product\/knife-falcon-hand-forged-swedish-steel-uddeholm-elmax-superclean-kopija\/#breadcrumb","itemListElement":[{"@type":"ListItem","position":1,"name":"Home","item":"https:\/\/aaknives.eu\/fi\/"},{"@type":"ListItem","position":2,"name":"Kauppa","item":"https:\/\/aaknives.eu\/kauppa\/"},{"@type":"ListItem","position":3,"name":"Knife &#8221;FALCON&#8221;- hand forged Swedish Steel Uddeholm \u201dElmax\u201d SuperClean"}]},{"@type":"WebSite","@id":"https:\/\/aaknives.eu\/fi\/#website","url":"https:\/\/aaknives.eu\/fi\/","name":"AAKnives","description":"Handmade knives","publisher":{"@id":"https:\/\/aaknives.eu\/fi\/#organization"},"potentialAction":[{"@type":"SearchAction","target":{"@type":"EntryPoint","urlTemplate":"https:\/\/aaknives.eu\/fi\/?s={search_term_string}"},"query-input":{"@type":"PropertyValueSpecification","valueRequired":true,"valueName":"search_term_string"}}],"inLanguage":"fi"},{"@type":"Organization","@id":"https:\/\/aaknives.eu\/fi\/#organization","name":"AAKnives","url":"https:\/\/aaknives.eu\/fi\/","logo":{"@type":"ImageObject","inLanguage":"fi","@id":"https:\/\/aaknives.eu\/fi\/#\/schema\/logo\/image\/","url":"https:\/\/aaknives.eu\/wp-content\/uploads\/2021\/10\/AAknives_Logo_Green.png","contentUrl":"https:\/\/aaknives.eu\/wp-content\/uploads\/2021\/10\/AAknives_Logo_Green.png","width":1768,"height":1768,"caption":"AAKnives"},"image":{"@id":"https:\/\/aaknives.eu\/fi\/#\/schema\/logo\/image\/"},"sameAs":["https:\/\/www.facebook.com\/aaknives.eu\/","https:\/\/www.instagram.com\/aaknives\/","https:\/\/www.pinterest.com\/aa_knives\/","https:\/\/www.youtube.com\/channel\/UCHOQFjrOkgT6s4FIw9LDKyw\/featured"]}]}},"_links":{"self":[{"href":"https:\/\/aaknives.eu\/fi\/wp-json\/wp\/v2\/product\/65375","targetHints":{"allow":["GET"]}}],"collection":[{"href":"https:\/\/aaknives.eu\/fi\/wp-json\/wp\/v2\/product"}],"about":[{"href":"https:\/\/aaknives.eu\/fi\/wp-json\/wp\/v2\/types\/product"}],"wp:featuredmedia":[{"embeddable":true,"href":"https:\/\/aaknives.eu\/fi\/wp-json\/wp\/v2\/media\/65382"}],"wp:attachment":[{"href":"https:\/\/aaknives.eu\/fi\/wp-json\/wp\/v2\/media?parent=65375"}],"wp:term":[{"taxonomy":"product_brand","embeddable":true,"href":"https:\/\/aaknives.eu\/fi\/wp-json\/wp\/v2\/product_brand?post=65375"},{"taxonomy":"product_cat","embeddable":true,"href":"https:\/\/aaknives.eu\/fi\/wp-json\/wp\/v2\/product_cat?post=65375"},{"taxonomy":"product_tag","embeddable":true,"href":"https:\/\/aaknives.eu\/fi\/wp-json\/wp\/v2\/product_tag?post=65375"}],"curies":[{"name":"wp","href":"https:\/\/api.w.org\/{rel}","templated":true}]}}