{"id":66152,"date":"2024-07-04T17:13:29","date_gmt":"2024-07-04T17:13:29","guid":{"rendered":"https:\/\/aaknives.eu\/?post_type=product&#038;p=66152"},"modified":"2024-09-26T20:07:52","modified_gmt":"2024-09-26T20:07:52","slug":"knife-coyote-steel-bohler-m390-microclean-stabilized-karelian-birch-stabilized-mammoth-tusk-kopija","status":"publish","type":"product","link":"https:\/\/aaknives.eu\/fi\/product\/knife-coyote-steel-bohler-m390-microclean-stabilized-karelian-birch-stabilized-mammoth-tusk-kopija\/","title":{"rendered":"Knife &#8221;COYOTE&#8221;, Steel B\u00d6HLER\u201d M390\u201d MicroClean, Stabilized Karelian birch + Stabilized mammoth tusk"},"content":{"rendered":"<p>Veitsen tekniset tiedot: &#8221;POSEIDON&#8221;<br \/>\nTer\u00e4s: B\u00d6HLER&#8221; M390&#8243; MicroClean: Ter\u00e4s B\u00d6HLER&#8221; M390&#8243; MicroClean<br \/>\nKovuus: 62-63 HRC<br \/>\nTer\u00e4n pituus (mm): 120 \/ 4,72 tuumaa<br \/>\nTer\u00e4n paksuus (mm): 3 \/ 0,11 tuumaa<br \/>\nBlade width (mm): 26 \/ 1,02 Inc<br \/>\nHandle: Stabilized Karelian birch + Stabilized mammoth tusk<br \/>\nKokonaispituus (mm): 244 \/ 9,60 tuumaa<br \/>\nVeitsityyppi: mets\u00e4stys, ulkoilu<br \/>\nPakkaus: veitsi, nahkatuppi<\/p>\n<p>B\u00f6hler M390 on yksi suosituimmista ter\u00e4slajeista t\u00e4ll\u00e4 hetkell\u00e4. Sit\u00e4 kehutaan sen erinomaisesta ter\u00e4vyyden s\u00e4ilytt\u00e4misest\u00e4.<\/p>\n<p>Miksi B\u00f6hler M390 on niin suosittu &#8211; ter\u00e4vyyden s\u00e4ilyminen. M390 on niin kulutuksenkest\u00e4v\u00e4, ett\u00e4 se my\u00f6s s\u00e4ilytt\u00e4\u00e4 reunan muodon kunnolla. N\u00e4in ollen M390-ter\u00e4ksest\u00e4 valmistettu veitsi s\u00e4ilytt\u00e4\u00e4 ter\u00e4vyytens\u00e4 hyvin pitk\u00e4\u00e4n. N\u00e4in sinun ei tarvitse teroittaa veist\u00e4si yht\u00e4 usein. T\u00e4m\u00e4 on hyv\u00e4 asia, sill\u00e4 veitsen teroittaminen vie aikaa, mutta my\u00f6s siksi, ett\u00e4 veitsen teroitus kest\u00e4\u00e4 kauemmin.<\/p>\n<p>Ter\u00e4vyyden s\u00e4ilytt\u00e4misen lis\u00e4ksi M390:ll\u00e4 on muutama muukin hieno ominaisuus. Se voidaan karkaista suhteellisen kovaksi ilman, ett\u00e4 se rikkoutuu nopeasti. T\u00e4m\u00e4 ei kuitenkaan tarkoita, ett\u00e4 M390 olisi kovin kova. Se tarkoittaa, ett\u00e4 M390-ter\u00e4st\u00e4 voidaan teroittaa hieman ohuemmaksi verrattuna muihin ter\u00e4styyppeihin.<\/p>\n<p>M390 on my\u00f6s suhteellisen ruostumatonta. Suuren kromim\u00e4\u00e4r\u00e4n vuoksi ruostetta ei ole mit\u00e4\u00e4n mahdollisuuksia. Etenkin verrattuna muihin koviin ter\u00e4styyppeihin, jotka ovat tunnettuja ter\u00e4vyyden s\u00e4ilymisest\u00e4, mutta joihin voi silti vaikuttaa ruoste.<\/p>\n<p>&nbsp;<\/p>\n","protected":false},"excerpt":{"rendered":"<p>Veitsen tekniset tiedot: &#8221;POSEIDON&#8221; Ter\u00e4s: B\u00d6HLER&#8221; M390&#8243; MicroClean: Ter\u00e4s B\u00d6HLER&#8221; M390&#8243; MicroClean Kovuus: 62-63 HRC Ter\u00e4n pituus (mm): 120 \/ 4,72 tuumaa Ter\u00e4n paksuus (mm): 3 \/ 0,11 tuumaa Blade width (mm): 26 \/ 1,02 Inc Handle: Stabilized Karelian birch + Stabilized mammoth tusk Kokonaispituus (mm): 244 \/ 9,60 tuumaa Veitsityyppi: mets\u00e4stys, ulkoilu Pakkaus: veitsi, nahkatuppi B\u00f6hler M390 on yksi suosituimmista ter\u00e4slajeista t\u00e4ll\u00e4 hetkell\u00e4. Sit\u00e4 kehutaan sen erinomaisesta ter\u00e4vyyden s\u00e4ilytt\u00e4misest\u00e4. Miksi B\u00f6hler M390 on niin suosittu &#8211; ter\u00e4vyyden s\u00e4ilyminen. M390 on niin kulutuksenkest\u00e4v\u00e4, ett\u00e4 se my\u00f6s s\u00e4ilytt\u00e4\u00e4 reunan muodon kunnolla. N\u00e4in ollen M390-ter\u00e4ksest\u00e4 valmistettu veitsi s\u00e4ilytt\u00e4\u00e4 ter\u00e4vyytens\u00e4 hyvin pitk\u00e4\u00e4n. N\u00e4in&hellip;<\/p>\n","protected":false},"featured_media":66166,"template":"","meta":{"_themeisle_gutenberg_block_has_review":false},"product_brand":[],"product_cat":[456,453,452],"product_tag":[],"class_list":{"0":"post-66152","1":"product","2":"type-product","3":"status-publish","4":"has-post-thumbnail","6":"product_cat-kalastusveitset","7":"product_cat-metsastysveitset","8":"product_cat-ulkoveitset","10":"first","11":"instock","12":"shipping-taxable","13":"purchasable","14":"product-type-simple"},"yoast_head":"<!-- This site is optimized with the Yoast SEO plugin v27.3 - https:\/\/yoast.com\/product\/yoast-seo-wordpress\/ -->\n<title>Knife &#039;&#039;COYOTE&quot;, Steel B\u00d6HLER\u201d M390\u201d MicroClean, Stabilized Karelian birch + Stabilized mammoth tusk - AAKnives<\/title>\n<meta name=\"description\" content=\"Knife &#039;&#039;COYOTE&quot;, Steel B\u00d6HLER\u201d M390\u201d MicroClean, Stabilized Karelian birch + Stabilized mammoth tusk\" \/>\n<meta name=\"robots\" content=\"index, follow, max-snippet:-1, max-image-preview:large, max-video-preview:-1\" \/>\n<link rel=\"canonical\" href=\"https:\/\/aaknives.eu\/fi\/product\/knife-coyote-steel-bohler-m390-microclean-stabilized-karelian-birch-stabilized-mammoth-tusk-kopija\/\" \/>\n<meta property=\"og:locale\" content=\"fi_FI\" \/>\n<meta property=\"og:type\" content=\"article\" \/>\n<meta property=\"og:title\" content=\"Knife &#039;&#039;COYOTE&quot;, Steel B\u00d6HLER\u201d M390\u201d MicroClean, Stabilized Karelian birch + Stabilized mammoth tusk - AAKnives\" \/>\n<meta property=\"og:description\" content=\"Knife &#039;&#039;COYOTE&quot;, Steel B\u00d6HLER\u201d M390\u201d MicroClean, Stabilized Karelian birch + Stabilized mammoth tusk\" \/>\n<meta property=\"og:url\" content=\"https:\/\/aaknives.eu\/fi\/product\/knife-coyote-steel-bohler-m390-microclean-stabilized-karelian-birch-stabilized-mammoth-tusk-kopija\/\" \/>\n<meta property=\"og:site_name\" content=\"AAKnives\" \/>\n<meta property=\"article:publisher\" content=\"https:\/\/www.facebook.com\/aaknives.eu\/\" \/>\n<meta property=\"article:modified_time\" content=\"2024-09-26T20:07:52+00:00\" \/>\n<meta property=\"og:image\" content=\"https:\/\/aaknives.eu\/wp-content\/uploads\/2024\/07\/aaknives-hand-forged-dabascus-steel-blade-knife-handmade-custom-made-knife-handcrafted-knives-autinetools-northmen-43.2.jpg\" \/>\n\t<meta property=\"og:image:width\" content=\"1020\" \/>\n\t<meta property=\"og:image:height\" content=\"880\" \/>\n\t<meta property=\"og:image:type\" content=\"image\/jpeg\" \/>\n<meta name=\"twitter:card\" content=\"summary_large_image\" \/>\n<meta name=\"twitter:label1\" content=\"Arvioitu lukuaika\" \/>\n\t<meta name=\"twitter:data1\" content=\"1 minuutti\" \/>\n<script type=\"application\/ld+json\" class=\"yoast-schema-graph\">{\"@context\":\"https:\\\/\\\/schema.org\",\"@graph\":[{\"@type\":\"WebPage\",\"@id\":\"https:\\\/\\\/aaknives.eu\\\/fi\\\/product\\\/knife-coyote-steel-bohler-m390-microclean-stabilized-karelian-birch-stabilized-mammoth-tusk-kopija\\\/\",\"url\":\"https:\\\/\\\/aaknives.eu\\\/fi\\\/product\\\/knife-coyote-steel-bohler-m390-microclean-stabilized-karelian-birch-stabilized-mammoth-tusk-kopija\\\/\",\"name\":\"Knife ''COYOTE\\\", Steel B\u00d6HLER\u201d M390\u201d MicroClean, Stabilized Karelian birch + Stabilized mammoth tusk - AAKnives\",\"isPartOf\":{\"@id\":\"https:\\\/\\\/aaknives.eu\\\/fi\\\/#website\"},\"primaryImageOfPage\":{\"@id\":\"https:\\\/\\\/aaknives.eu\\\/fi\\\/product\\\/knife-coyote-steel-bohler-m390-microclean-stabilized-karelian-birch-stabilized-mammoth-tusk-kopija\\\/#primaryimage\"},\"image\":{\"@id\":\"https:\\\/\\\/aaknives.eu\\\/fi\\\/product\\\/knife-coyote-steel-bohler-m390-microclean-stabilized-karelian-birch-stabilized-mammoth-tusk-kopija\\\/#primaryimage\"},\"thumbnailUrl\":\"https:\\\/\\\/aaknives.eu\\\/wp-content\\\/uploads\\\/2024\\\/07\\\/aaknives-hand-forged-dabascus-steel-blade-knife-handmade-custom-made-knife-handcrafted-knives-autinetools-northmen-43.2.jpg\",\"datePublished\":\"2024-07-04T17:13:29+00:00\",\"dateModified\":\"2024-09-26T20:07:52+00:00\",\"description\":\"Knife ''COYOTE\\\", Steel B\u00d6HLER\u201d M390\u201d MicroClean, Stabilized Karelian birch + Stabilized mammoth tusk\",\"breadcrumb\":{\"@id\":\"https:\\\/\\\/aaknives.eu\\\/fi\\\/product\\\/knife-coyote-steel-bohler-m390-microclean-stabilized-karelian-birch-stabilized-mammoth-tusk-kopija\\\/#breadcrumb\"},\"inLanguage\":\"fi\",\"potentialAction\":[{\"@type\":\"ReadAction\",\"target\":[\"https:\\\/\\\/aaknives.eu\\\/fi\\\/product\\\/knife-coyote-steel-bohler-m390-microclean-stabilized-karelian-birch-stabilized-mammoth-tusk-kopija\\\/\"]}]},{\"@type\":\"ImageObject\",\"inLanguage\":\"fi\",\"@id\":\"https:\\\/\\\/aaknives.eu\\\/fi\\\/product\\\/knife-coyote-steel-bohler-m390-microclean-stabilized-karelian-birch-stabilized-mammoth-tusk-kopija\\\/#primaryimage\",\"url\":\"https:\\\/\\\/aaknives.eu\\\/wp-content\\\/uploads\\\/2024\\\/07\\\/aaknives-hand-forged-dabascus-steel-blade-knife-handmade-custom-made-knife-handcrafted-knives-autinetools-northmen-43.2.jpg\",\"contentUrl\":\"https:\\\/\\\/aaknives.eu\\\/wp-content\\\/uploads\\\/2024\\\/07\\\/aaknives-hand-forged-dabascus-steel-blade-knife-handmade-custom-made-knife-handcrafted-knives-autinetools-northmen-43.2.jpg\",\"width\":1020,\"height\":880},{\"@type\":\"BreadcrumbList\",\"@id\":\"https:\\\/\\\/aaknives.eu\\\/fi\\\/product\\\/knife-coyote-steel-bohler-m390-microclean-stabilized-karelian-birch-stabilized-mammoth-tusk-kopija\\\/#breadcrumb\",\"itemListElement\":[{\"@type\":\"ListItem\",\"position\":1,\"name\":\"Home\",\"item\":\"https:\\\/\\\/aaknives.eu\\\/fi\\\/\"},{\"@type\":\"ListItem\",\"position\":2,\"name\":\"Kauppa\",\"item\":\"https:\\\/\\\/aaknives.eu\\\/kauppa\\\/\"},{\"@type\":\"ListItem\",\"position\":3,\"name\":\"Knife &#8221;COYOTE&#8221;, Steel B\u00d6HLER\u201d M390\u201d MicroClean, Stabilized Karelian birch + Stabilized mammoth tusk\"}]},{\"@type\":\"WebSite\",\"@id\":\"https:\\\/\\\/aaknives.eu\\\/fi\\\/#website\",\"url\":\"https:\\\/\\\/aaknives.eu\\\/fi\\\/\",\"name\":\"AAKnives\",\"description\":\"Handmade knives\",\"publisher\":{\"@id\":\"https:\\\/\\\/aaknives.eu\\\/fi\\\/#organization\"},\"potentialAction\":[{\"@type\":\"SearchAction\",\"target\":{\"@type\":\"EntryPoint\",\"urlTemplate\":\"https:\\\/\\\/aaknives.eu\\\/fi\\\/?s={search_term_string}\"},\"query-input\":{\"@type\":\"PropertyValueSpecification\",\"valueRequired\":true,\"valueName\":\"search_term_string\"}}],\"inLanguage\":\"fi\"},{\"@type\":\"Organization\",\"@id\":\"https:\\\/\\\/aaknives.eu\\\/fi\\\/#organization\",\"name\":\"AAKnives\",\"url\":\"https:\\\/\\\/aaknives.eu\\\/fi\\\/\",\"logo\":{\"@type\":\"ImageObject\",\"inLanguage\":\"fi\",\"@id\":\"https:\\\/\\\/aaknives.eu\\\/fi\\\/#\\\/schema\\\/logo\\\/image\\\/\",\"url\":\"https:\\\/\\\/aaknives.eu\\\/wp-content\\\/uploads\\\/2021\\\/10\\\/AAknives_Logo_Green.png\",\"contentUrl\":\"https:\\\/\\\/aaknives.eu\\\/wp-content\\\/uploads\\\/2021\\\/10\\\/AAknives_Logo_Green.png\",\"width\":1768,\"height\":1768,\"caption\":\"AAKnives\"},\"image\":{\"@id\":\"https:\\\/\\\/aaknives.eu\\\/fi\\\/#\\\/schema\\\/logo\\\/image\\\/\"},\"sameAs\":[\"https:\\\/\\\/www.facebook.com\\\/aaknives.eu\\\/\",\"https:\\\/\\\/www.instagram.com\\\/aaknives\\\/\",\"https:\\\/\\\/www.pinterest.com\\\/aa_knives\\\/\",\"https:\\\/\\\/www.youtube.com\\\/channel\\\/UCHOQFjrOkgT6s4FIw9LDKyw\\\/featured\"]}]}<\/script>\n<!-- \/ Yoast SEO plugin. -->","yoast_head_json":{"title":"Knife ''COYOTE\", Steel B\u00d6HLER\u201d M390\u201d MicroClean, Stabilized Karelian birch + Stabilized mammoth tusk - AAKnives","description":"Knife ''COYOTE\", Steel B\u00d6HLER\u201d M390\u201d MicroClean, Stabilized Karelian birch + Stabilized mammoth tusk","robots":{"index":"index","follow":"follow","max-snippet":"max-snippet:-1","max-image-preview":"max-image-preview:large","max-video-preview":"max-video-preview:-1"},"canonical":"https:\/\/aaknives.eu\/fi\/product\/knife-coyote-steel-bohler-m390-microclean-stabilized-karelian-birch-stabilized-mammoth-tusk-kopija\/","og_locale":"fi_FI","og_type":"article","og_title":"Knife ''COYOTE\", Steel B\u00d6HLER\u201d M390\u201d MicroClean, Stabilized Karelian birch + Stabilized mammoth tusk - AAKnives","og_description":"Knife ''COYOTE\", Steel B\u00d6HLER\u201d M390\u201d MicroClean, Stabilized Karelian birch + Stabilized mammoth tusk","og_url":"https:\/\/aaknives.eu\/fi\/product\/knife-coyote-steel-bohler-m390-microclean-stabilized-karelian-birch-stabilized-mammoth-tusk-kopija\/","og_site_name":"AAKnives","article_publisher":"https:\/\/www.facebook.com\/aaknives.eu\/","article_modified_time":"2024-09-26T20:07:52+00:00","og_image":[{"width":1020,"height":880,"url":"https:\/\/aaknives.eu\/wp-content\/uploads\/2024\/07\/aaknives-hand-forged-dabascus-steel-blade-knife-handmade-custom-made-knife-handcrafted-knives-autinetools-northmen-43.2.jpg","type":"image\/jpeg"}],"twitter_card":"summary_large_image","twitter_misc":{"Arvioitu lukuaika":"1 minuutti"},"schema":{"@context":"https:\/\/schema.org","@graph":[{"@type":"WebPage","@id":"https:\/\/aaknives.eu\/fi\/product\/knife-coyote-steel-bohler-m390-microclean-stabilized-karelian-birch-stabilized-mammoth-tusk-kopija\/","url":"https:\/\/aaknives.eu\/fi\/product\/knife-coyote-steel-bohler-m390-microclean-stabilized-karelian-birch-stabilized-mammoth-tusk-kopija\/","name":"Knife ''COYOTE\", Steel B\u00d6HLER\u201d M390\u201d MicroClean, Stabilized Karelian birch + Stabilized mammoth tusk - AAKnives","isPartOf":{"@id":"https:\/\/aaknives.eu\/fi\/#website"},"primaryImageOfPage":{"@id":"https:\/\/aaknives.eu\/fi\/product\/knife-coyote-steel-bohler-m390-microclean-stabilized-karelian-birch-stabilized-mammoth-tusk-kopija\/#primaryimage"},"image":{"@id":"https:\/\/aaknives.eu\/fi\/product\/knife-coyote-steel-bohler-m390-microclean-stabilized-karelian-birch-stabilized-mammoth-tusk-kopija\/#primaryimage"},"thumbnailUrl":"https:\/\/aaknives.eu\/wp-content\/uploads\/2024\/07\/aaknives-hand-forged-dabascus-steel-blade-knife-handmade-custom-made-knife-handcrafted-knives-autinetools-northmen-43.2.jpg","datePublished":"2024-07-04T17:13:29+00:00","dateModified":"2024-09-26T20:07:52+00:00","description":"Knife ''COYOTE\", Steel B\u00d6HLER\u201d M390\u201d MicroClean, Stabilized Karelian birch + Stabilized mammoth tusk","breadcrumb":{"@id":"https:\/\/aaknives.eu\/fi\/product\/knife-coyote-steel-bohler-m390-microclean-stabilized-karelian-birch-stabilized-mammoth-tusk-kopija\/#breadcrumb"},"inLanguage":"fi","potentialAction":[{"@type":"ReadAction","target":["https:\/\/aaknives.eu\/fi\/product\/knife-coyote-steel-bohler-m390-microclean-stabilized-karelian-birch-stabilized-mammoth-tusk-kopija\/"]}]},{"@type":"ImageObject","inLanguage":"fi","@id":"https:\/\/aaknives.eu\/fi\/product\/knife-coyote-steel-bohler-m390-microclean-stabilized-karelian-birch-stabilized-mammoth-tusk-kopija\/#primaryimage","url":"https:\/\/aaknives.eu\/wp-content\/uploads\/2024\/07\/aaknives-hand-forged-dabascus-steel-blade-knife-handmade-custom-made-knife-handcrafted-knives-autinetools-northmen-43.2.jpg","contentUrl":"https:\/\/aaknives.eu\/wp-content\/uploads\/2024\/07\/aaknives-hand-forged-dabascus-steel-blade-knife-handmade-custom-made-knife-handcrafted-knives-autinetools-northmen-43.2.jpg","width":1020,"height":880},{"@type":"BreadcrumbList","@id":"https:\/\/aaknives.eu\/fi\/product\/knife-coyote-steel-bohler-m390-microclean-stabilized-karelian-birch-stabilized-mammoth-tusk-kopija\/#breadcrumb","itemListElement":[{"@type":"ListItem","position":1,"name":"Home","item":"https:\/\/aaknives.eu\/fi\/"},{"@type":"ListItem","position":2,"name":"Kauppa","item":"https:\/\/aaknives.eu\/kauppa\/"},{"@type":"ListItem","position":3,"name":"Knife &#8221;COYOTE&#8221;, Steel B\u00d6HLER\u201d M390\u201d MicroClean, Stabilized Karelian birch + Stabilized mammoth tusk"}]},{"@type":"WebSite","@id":"https:\/\/aaknives.eu\/fi\/#website","url":"https:\/\/aaknives.eu\/fi\/","name":"AAKnives","description":"Handmade knives","publisher":{"@id":"https:\/\/aaknives.eu\/fi\/#organization"},"potentialAction":[{"@type":"SearchAction","target":{"@type":"EntryPoint","urlTemplate":"https:\/\/aaknives.eu\/fi\/?s={search_term_string}"},"query-input":{"@type":"PropertyValueSpecification","valueRequired":true,"valueName":"search_term_string"}}],"inLanguage":"fi"},{"@type":"Organization","@id":"https:\/\/aaknives.eu\/fi\/#organization","name":"AAKnives","url":"https:\/\/aaknives.eu\/fi\/","logo":{"@type":"ImageObject","inLanguage":"fi","@id":"https:\/\/aaknives.eu\/fi\/#\/schema\/logo\/image\/","url":"https:\/\/aaknives.eu\/wp-content\/uploads\/2021\/10\/AAknives_Logo_Green.png","contentUrl":"https:\/\/aaknives.eu\/wp-content\/uploads\/2021\/10\/AAknives_Logo_Green.png","width":1768,"height":1768,"caption":"AAKnives"},"image":{"@id":"https:\/\/aaknives.eu\/fi\/#\/schema\/logo\/image\/"},"sameAs":["https:\/\/www.facebook.com\/aaknives.eu\/","https:\/\/www.instagram.com\/aaknives\/","https:\/\/www.pinterest.com\/aa_knives\/","https:\/\/www.youtube.com\/channel\/UCHOQFjrOkgT6s4FIw9LDKyw\/featured"]}]}},"_links":{"self":[{"href":"https:\/\/aaknives.eu\/fi\/wp-json\/wp\/v2\/product\/66152","targetHints":{"allow":["GET"]}}],"collection":[{"href":"https:\/\/aaknives.eu\/fi\/wp-json\/wp\/v2\/product"}],"about":[{"href":"https:\/\/aaknives.eu\/fi\/wp-json\/wp\/v2\/types\/product"}],"wp:featuredmedia":[{"embeddable":true,"href":"https:\/\/aaknives.eu\/fi\/wp-json\/wp\/v2\/media\/66166"}],"wp:attachment":[{"href":"https:\/\/aaknives.eu\/fi\/wp-json\/wp\/v2\/media?parent=66152"}],"wp:term":[{"taxonomy":"product_brand","embeddable":true,"href":"https:\/\/aaknives.eu\/fi\/wp-json\/wp\/v2\/product_brand?post=66152"},{"taxonomy":"product_cat","embeddable":true,"href":"https:\/\/aaknives.eu\/fi\/wp-json\/wp\/v2\/product_cat?post=66152"},{"taxonomy":"product_tag","embeddable":true,"href":"https:\/\/aaknives.eu\/fi\/wp-json\/wp\/v2\/product_tag?post=66152"}],"curies":[{"name":"wp","href":"https:\/\/api.w.org\/{rel}","templated":true}]}}