{"id":66194,"date":"2024-07-04T17:22:05","date_gmt":"2024-07-04T17:22:05","guid":{"rendered":"https:\/\/aaknives.eu\/?post_type=product&#038;p=66194"},"modified":"2025-07-02T19:25:05","modified_gmt":"2025-07-02T19:25:05","slug":"puukko-highlander-kasityona-valmistettu-puukko-taottu-bulat-wootz-teratera-puukko-kopija","status":"publish","type":"product","link":"https:\/\/aaknives.eu\/fi\/product\/puukko-highlander-kasityona-valmistettu-puukko-taottu-bulat-wootz-teratera-puukko-kopija\/","title":{"rendered":"Veitsi HIGHLANDER- k\u00e4sity\u00f6n\u00e4 valmistettu veitsi, taottu Bulat-Wootz-ter\u00e4ter\u00e4 veitsi"},"content":{"rendered":"<p>Knivspecifikationer: HIGHLANDER<br \/>\nSt\u00e5l: handsmidet Bulatst\u00e5l<br \/>\nH\u00e5rdhet: 62 HRC<br \/>\nBladl\u00e4ngd (mm): 124 \/ 4,88 tum<br \/>\nBladtjocklek (mm): 3 \/ 0,12 tum<br \/>\nBladbredd (mm): 31 \/ 1,22 tum<br \/>\nSkift: stabiliserad karelsk bj\u00f6rk<br \/>\nTotal l\u00e4ngd (mm): 250 \/ 9,84 tum<\/p>\n<p>Bulat \u2013 Wootz Steel<br \/>\nCast carbon hand forged steel<br \/>\nwith a special blade structure, high hardness, increased durability and elasticity.<br \/>\nEach blade of Bulat steel has a distinctive individual pattern.<br \/>\n\u2018\u2019AA knives\u2019\u2019 produces knives made of alloyed crucible Bulat steel based on metal H12MF and ShH15.<\/p>\n<p>Bulat-ter\u00e4sveitsien edut:<\/p>\n<p>Korkea kovuus<br \/>\nLis\u00e4\u00e4ntynyt kest\u00e4vyys<br \/>\nElastisuus<br \/>\nPitk\u00e4kestoinen ter\u00e4vyys<br \/>\nTer\u00e4n kovuus 62-64 HRC.<br \/>\nK\u00e4sintehty<\/p>\n","protected":false},"excerpt":{"rendered":"<p>Knivspecifikationer: HIGHLANDER St\u00e5l: handsmidet Bulatst\u00e5l H\u00e5rdhet: 62 HRC Bladl\u00e4ngd (mm): 124 \/ 4,88 tum Bladtjocklek (mm): 3 \/ 0,12 tum Bladbredd (mm): 31 \/ 1,22 tum Skift: stabiliserad karelsk bj\u00f6rk Total l\u00e4ngd (mm): 250 \/ 9,84 tum Bulat \u2013 Wootz Steel Cast carbon hand forged steel with a special blade structure, high hardness, increased durability and elasticity. Each blade of Bulat steel has a distinctive individual pattern. \u2018\u2019AA knives\u2019\u2019 produces knives made of alloyed crucible Bulat steel based on metal H12MF and ShH15. Bulat-ter\u00e4sveitsien edut: Korkea kovuus Lis\u00e4\u00e4ntynyt kest\u00e4vyys Elastisuus Pitk\u00e4kestoinen ter\u00e4vyys Ter\u00e4n kovuus 62-64 HRC. K\u00e4sintehty<\/p>\n","protected":false},"featured_media":107646,"template":"","meta":{"_themeisle_gutenberg_block_has_review":false},"product_brand":[],"product_cat":[456,453,452],"product_tag":[],"class_list":{"0":"post-66194","1":"product","2":"type-product","3":"status-publish","4":"has-post-thumbnail","6":"product_cat-kalastusveitset","7":"product_cat-metsastysveitset","8":"product_cat-ulkoveitset","10":"first","11":"instock","12":"shipping-taxable","13":"purchasable","14":"product-type-simple"},"yoast_head":"<!-- This site is optimized with the Yoast SEO plugin v27.3 - https:\/\/yoast.com\/product\/yoast-seo-wordpress\/ -->\n<title>Veitsi HIGHLANDER- k\u00e4sity\u00f6n\u00e4 valmistettu veitsi, taottu Bulat-Wootz-ter\u00e4ter\u00e4 veitsi - AAKnives<\/title>\n<meta name=\"description\" content=\"Veitsi HIGHLANDER- k\u00e4sity\u00f6n\u00e4 valmistettu veitsi, taottu Bulat-Wootz-ter\u00e4ter\u00e4 veitsi\" \/>\n<meta name=\"robots\" content=\"index, follow, max-snippet:-1, max-image-preview:large, max-video-preview:-1\" \/>\n<link rel=\"canonical\" href=\"https:\/\/aaknives.eu\/fi\/product\/puukko-highlander-kasityona-valmistettu-puukko-taottu-bulat-wootz-teratera-puukko-kopija\/\" \/>\n<meta property=\"og:locale\" content=\"fi_FI\" \/>\n<meta property=\"og:type\" content=\"article\" \/>\n<meta property=\"og:title\" content=\"Veitsi HIGHLANDER- k\u00e4sity\u00f6n\u00e4 valmistettu veitsi, taottu Bulat-Wootz-ter\u00e4ter\u00e4 veitsi - AAKnives\" \/>\n<meta property=\"og:description\" content=\"Veitsi HIGHLANDER- k\u00e4sity\u00f6n\u00e4 valmistettu veitsi, taottu Bulat-Wootz-ter\u00e4ter\u00e4 veitsi\" \/>\n<meta property=\"og:url\" content=\"https:\/\/aaknives.eu\/fi\/product\/puukko-highlander-kasityona-valmistettu-puukko-taottu-bulat-wootz-teratera-puukko-kopija\/\" \/>\n<meta property=\"og:site_name\" content=\"AAKnives\" \/>\n<meta property=\"article:publisher\" content=\"https:\/\/www.facebook.com\/aaknives.eu\/\" \/>\n<meta property=\"article:modified_time\" content=\"2025-07-02T19:25:05+00:00\" \/>\n<meta property=\"og:image\" content=\"https:\/\/aaknives.eu\/wp-content\/uploads\/2024\/07\/aaknives-hand-forged-damascus-steel-blade-knife-handmade-custom-made-knife-handcrafted-knives-autinetools-northmen-19.2.jpg\" \/>\n\t<meta property=\"og:image:width\" content=\"1020\" \/>\n\t<meta property=\"og:image:height\" content=\"880\" \/>\n\t<meta property=\"og:image:type\" content=\"image\/jpeg\" \/>\n<meta name=\"twitter:card\" content=\"summary_large_image\" \/>\n<script type=\"application\/ld+json\" class=\"yoast-schema-graph\">{\"@context\":\"https:\\\/\\\/schema.org\",\"@graph\":[{\"@type\":\"WebPage\",\"@id\":\"https:\\\/\\\/aaknives.eu\\\/fi\\\/product\\\/puukko-highlander-kasityona-valmistettu-puukko-taottu-bulat-wootz-teratera-puukko-kopija\\\/\",\"url\":\"https:\\\/\\\/aaknives.eu\\\/fi\\\/product\\\/puukko-highlander-kasityona-valmistettu-puukko-taottu-bulat-wootz-teratera-puukko-kopija\\\/\",\"name\":\"Veitsi HIGHLANDER- k\u00e4sity\u00f6n\u00e4 valmistettu veitsi, taottu Bulat-Wootz-ter\u00e4ter\u00e4 veitsi - AAKnives\",\"isPartOf\":{\"@id\":\"https:\\\/\\\/aaknives.eu\\\/fi\\\/#website\"},\"primaryImageOfPage\":{\"@id\":\"https:\\\/\\\/aaknives.eu\\\/fi\\\/product\\\/puukko-highlander-kasityona-valmistettu-puukko-taottu-bulat-wootz-teratera-puukko-kopija\\\/#primaryimage\"},\"image\":{\"@id\":\"https:\\\/\\\/aaknives.eu\\\/fi\\\/product\\\/puukko-highlander-kasityona-valmistettu-puukko-taottu-bulat-wootz-teratera-puukko-kopija\\\/#primaryimage\"},\"thumbnailUrl\":\"https:\\\/\\\/aaknives.eu\\\/wp-content\\\/uploads\\\/2024\\\/07\\\/aaknives-hand-forged-damascus-steel-blade-knife-handmade-custom-made-knife-handcrafted-knives-autinetools-northmen-1-26.jpg\",\"datePublished\":\"2024-07-04T17:22:05+00:00\",\"dateModified\":\"2025-07-02T19:25:05+00:00\",\"description\":\"Veitsi HIGHLANDER- k\u00e4sity\u00f6n\u00e4 valmistettu veitsi, taottu Bulat-Wootz-ter\u00e4ter\u00e4 veitsi\",\"breadcrumb\":{\"@id\":\"https:\\\/\\\/aaknives.eu\\\/fi\\\/product\\\/puukko-highlander-kasityona-valmistettu-puukko-taottu-bulat-wootz-teratera-puukko-kopija\\\/#breadcrumb\"},\"inLanguage\":\"fi\",\"potentialAction\":[{\"@type\":\"ReadAction\",\"target\":[\"https:\\\/\\\/aaknives.eu\\\/fi\\\/product\\\/puukko-highlander-kasityona-valmistettu-puukko-taottu-bulat-wootz-teratera-puukko-kopija\\\/\"]}]},{\"@type\":\"ImageObject\",\"inLanguage\":\"fi\",\"@id\":\"https:\\\/\\\/aaknives.eu\\\/fi\\\/product\\\/puukko-highlander-kasityona-valmistettu-puukko-taottu-bulat-wootz-teratera-puukko-kopija\\\/#primaryimage\",\"url\":\"https:\\\/\\\/aaknives.eu\\\/wp-content\\\/uploads\\\/2024\\\/07\\\/aaknives-hand-forged-damascus-steel-blade-knife-handmade-custom-made-knife-handcrafted-knives-autinetools-northmen-1-26.jpg\",\"contentUrl\":\"https:\\\/\\\/aaknives.eu\\\/wp-content\\\/uploads\\\/2024\\\/07\\\/aaknives-hand-forged-damascus-steel-blade-knife-handmade-custom-made-knife-handcrafted-knives-autinetools-northmen-1-26.jpg\",\"width\":1020,\"height\":880},{\"@type\":\"BreadcrumbList\",\"@id\":\"https:\\\/\\\/aaknives.eu\\\/fi\\\/product\\\/puukko-highlander-kasityona-valmistettu-puukko-taottu-bulat-wootz-teratera-puukko-kopija\\\/#breadcrumb\",\"itemListElement\":[{\"@type\":\"ListItem\",\"position\":1,\"name\":\"Home\",\"item\":\"https:\\\/\\\/aaknives.eu\\\/fi\\\/\"},{\"@type\":\"ListItem\",\"position\":2,\"name\":\"Kauppa\",\"item\":\"https:\\\/\\\/aaknives.eu\\\/kauppa\\\/\"},{\"@type\":\"ListItem\",\"position\":3,\"name\":\"Private: Veitsi HIGHLANDER- k\u00e4sity\u00f6n\u00e4 valmistettu veitsi, taottu Bulat-Wootz-ter\u00e4ter\u00e4 veitsi\"}]},{\"@type\":\"WebSite\",\"@id\":\"https:\\\/\\\/aaknives.eu\\\/fi\\\/#website\",\"url\":\"https:\\\/\\\/aaknives.eu\\\/fi\\\/\",\"name\":\"AAKnives\",\"description\":\"Handmade knives\",\"publisher\":{\"@id\":\"https:\\\/\\\/aaknives.eu\\\/fi\\\/#organization\"},\"potentialAction\":[{\"@type\":\"SearchAction\",\"target\":{\"@type\":\"EntryPoint\",\"urlTemplate\":\"https:\\\/\\\/aaknives.eu\\\/fi\\\/?s={search_term_string}\"},\"query-input\":{\"@type\":\"PropertyValueSpecification\",\"valueRequired\":true,\"valueName\":\"search_term_string\"}}],\"inLanguage\":\"fi\"},{\"@type\":\"Organization\",\"@id\":\"https:\\\/\\\/aaknives.eu\\\/fi\\\/#organization\",\"name\":\"AAKnives\",\"url\":\"https:\\\/\\\/aaknives.eu\\\/fi\\\/\",\"logo\":{\"@type\":\"ImageObject\",\"inLanguage\":\"fi\",\"@id\":\"https:\\\/\\\/aaknives.eu\\\/fi\\\/#\\\/schema\\\/logo\\\/image\\\/\",\"url\":\"https:\\\/\\\/aaknives.eu\\\/wp-content\\\/uploads\\\/2021\\\/10\\\/AAknives_Logo_Green.png\",\"contentUrl\":\"https:\\\/\\\/aaknives.eu\\\/wp-content\\\/uploads\\\/2021\\\/10\\\/AAknives_Logo_Green.png\",\"width\":1768,\"height\":1768,\"caption\":\"AAKnives\"},\"image\":{\"@id\":\"https:\\\/\\\/aaknives.eu\\\/fi\\\/#\\\/schema\\\/logo\\\/image\\\/\"},\"sameAs\":[\"https:\\\/\\\/www.facebook.com\\\/aaknives.eu\\\/\",\"https:\\\/\\\/www.instagram.com\\\/aaknives\\\/\",\"https:\\\/\\\/www.pinterest.com\\\/aa_knives\\\/\",\"https:\\\/\\\/www.youtube.com\\\/channel\\\/UCHOQFjrOkgT6s4FIw9LDKyw\\\/featured\"]}]}<\/script>\n<!-- \/ Yoast SEO plugin. -->","yoast_head_json":{"title":"Veitsi HIGHLANDER- k\u00e4sity\u00f6n\u00e4 valmistettu veitsi, taottu Bulat-Wootz-ter\u00e4ter\u00e4 veitsi - AAKnives","description":"Veitsi HIGHLANDER- k\u00e4sity\u00f6n\u00e4 valmistettu veitsi, taottu Bulat-Wootz-ter\u00e4ter\u00e4 veitsi","robots":{"index":"index","follow":"follow","max-snippet":"max-snippet:-1","max-image-preview":"max-image-preview:large","max-video-preview":"max-video-preview:-1"},"canonical":"https:\/\/aaknives.eu\/fi\/product\/puukko-highlander-kasityona-valmistettu-puukko-taottu-bulat-wootz-teratera-puukko-kopija\/","og_locale":"fi_FI","og_type":"article","og_title":"Veitsi HIGHLANDER- k\u00e4sity\u00f6n\u00e4 valmistettu veitsi, taottu Bulat-Wootz-ter\u00e4ter\u00e4 veitsi - AAKnives","og_description":"Veitsi HIGHLANDER- k\u00e4sity\u00f6n\u00e4 valmistettu veitsi, taottu Bulat-Wootz-ter\u00e4ter\u00e4 veitsi","og_url":"https:\/\/aaknives.eu\/fi\/product\/puukko-highlander-kasityona-valmistettu-puukko-taottu-bulat-wootz-teratera-puukko-kopija\/","og_site_name":"AAKnives","article_publisher":"https:\/\/www.facebook.com\/aaknives.eu\/","article_modified_time":"2025-07-02T19:25:05+00:00","og_image":[{"width":1020,"height":880,"url":"https:\/\/aaknives.eu\/wp-content\/uploads\/2024\/07\/aaknives-hand-forged-damascus-steel-blade-knife-handmade-custom-made-knife-handcrafted-knives-autinetools-northmen-19.2.jpg","type":"image\/jpeg"}],"twitter_card":"summary_large_image","schema":{"@context":"https:\/\/schema.org","@graph":[{"@type":"WebPage","@id":"https:\/\/aaknives.eu\/fi\/product\/puukko-highlander-kasityona-valmistettu-puukko-taottu-bulat-wootz-teratera-puukko-kopija\/","url":"https:\/\/aaknives.eu\/fi\/product\/puukko-highlander-kasityona-valmistettu-puukko-taottu-bulat-wootz-teratera-puukko-kopija\/","name":"Veitsi HIGHLANDER- k\u00e4sity\u00f6n\u00e4 valmistettu veitsi, taottu Bulat-Wootz-ter\u00e4ter\u00e4 veitsi - AAKnives","isPartOf":{"@id":"https:\/\/aaknives.eu\/fi\/#website"},"primaryImageOfPage":{"@id":"https:\/\/aaknives.eu\/fi\/product\/puukko-highlander-kasityona-valmistettu-puukko-taottu-bulat-wootz-teratera-puukko-kopija\/#primaryimage"},"image":{"@id":"https:\/\/aaknives.eu\/fi\/product\/puukko-highlander-kasityona-valmistettu-puukko-taottu-bulat-wootz-teratera-puukko-kopija\/#primaryimage"},"thumbnailUrl":"https:\/\/aaknives.eu\/wp-content\/uploads\/2024\/07\/aaknives-hand-forged-damascus-steel-blade-knife-handmade-custom-made-knife-handcrafted-knives-autinetools-northmen-1-26.jpg","datePublished":"2024-07-04T17:22:05+00:00","dateModified":"2025-07-02T19:25:05+00:00","description":"Veitsi HIGHLANDER- k\u00e4sity\u00f6n\u00e4 valmistettu veitsi, taottu Bulat-Wootz-ter\u00e4ter\u00e4 veitsi","breadcrumb":{"@id":"https:\/\/aaknives.eu\/fi\/product\/puukko-highlander-kasityona-valmistettu-puukko-taottu-bulat-wootz-teratera-puukko-kopija\/#breadcrumb"},"inLanguage":"fi","potentialAction":[{"@type":"ReadAction","target":["https:\/\/aaknives.eu\/fi\/product\/puukko-highlander-kasityona-valmistettu-puukko-taottu-bulat-wootz-teratera-puukko-kopija\/"]}]},{"@type":"ImageObject","inLanguage":"fi","@id":"https:\/\/aaknives.eu\/fi\/product\/puukko-highlander-kasityona-valmistettu-puukko-taottu-bulat-wootz-teratera-puukko-kopija\/#primaryimage","url":"https:\/\/aaknives.eu\/wp-content\/uploads\/2024\/07\/aaknives-hand-forged-damascus-steel-blade-knife-handmade-custom-made-knife-handcrafted-knives-autinetools-northmen-1-26.jpg","contentUrl":"https:\/\/aaknives.eu\/wp-content\/uploads\/2024\/07\/aaknives-hand-forged-damascus-steel-blade-knife-handmade-custom-made-knife-handcrafted-knives-autinetools-northmen-1-26.jpg","width":1020,"height":880},{"@type":"BreadcrumbList","@id":"https:\/\/aaknives.eu\/fi\/product\/puukko-highlander-kasityona-valmistettu-puukko-taottu-bulat-wootz-teratera-puukko-kopija\/#breadcrumb","itemListElement":[{"@type":"ListItem","position":1,"name":"Home","item":"https:\/\/aaknives.eu\/fi\/"},{"@type":"ListItem","position":2,"name":"Kauppa","item":"https:\/\/aaknives.eu\/kauppa\/"},{"@type":"ListItem","position":3,"name":"Private: Veitsi HIGHLANDER- k\u00e4sity\u00f6n\u00e4 valmistettu veitsi, taottu Bulat-Wootz-ter\u00e4ter\u00e4 veitsi"}]},{"@type":"WebSite","@id":"https:\/\/aaknives.eu\/fi\/#website","url":"https:\/\/aaknives.eu\/fi\/","name":"AAKnives","description":"Handmade knives","publisher":{"@id":"https:\/\/aaknives.eu\/fi\/#organization"},"potentialAction":[{"@type":"SearchAction","target":{"@type":"EntryPoint","urlTemplate":"https:\/\/aaknives.eu\/fi\/?s={search_term_string}"},"query-input":{"@type":"PropertyValueSpecification","valueRequired":true,"valueName":"search_term_string"}}],"inLanguage":"fi"},{"@type":"Organization","@id":"https:\/\/aaknives.eu\/fi\/#organization","name":"AAKnives","url":"https:\/\/aaknives.eu\/fi\/","logo":{"@type":"ImageObject","inLanguage":"fi","@id":"https:\/\/aaknives.eu\/fi\/#\/schema\/logo\/image\/","url":"https:\/\/aaknives.eu\/wp-content\/uploads\/2021\/10\/AAknives_Logo_Green.png","contentUrl":"https:\/\/aaknives.eu\/wp-content\/uploads\/2021\/10\/AAknives_Logo_Green.png","width":1768,"height":1768,"caption":"AAKnives"},"image":{"@id":"https:\/\/aaknives.eu\/fi\/#\/schema\/logo\/image\/"},"sameAs":["https:\/\/www.facebook.com\/aaknives.eu\/","https:\/\/www.instagram.com\/aaknives\/","https:\/\/www.pinterest.com\/aa_knives\/","https:\/\/www.youtube.com\/channel\/UCHOQFjrOkgT6s4FIw9LDKyw\/featured"]}]}},"_links":{"self":[{"href":"https:\/\/aaknives.eu\/fi\/wp-json\/wp\/v2\/product\/66194","targetHints":{"allow":["GET"]}}],"collection":[{"href":"https:\/\/aaknives.eu\/fi\/wp-json\/wp\/v2\/product"}],"about":[{"href":"https:\/\/aaknives.eu\/fi\/wp-json\/wp\/v2\/types\/product"}],"wp:featuredmedia":[{"embeddable":true,"href":"https:\/\/aaknives.eu\/fi\/wp-json\/wp\/v2\/media\/107646"}],"wp:attachment":[{"href":"https:\/\/aaknives.eu\/fi\/wp-json\/wp\/v2\/media?parent=66194"}],"wp:term":[{"taxonomy":"product_brand","embeddable":true,"href":"https:\/\/aaknives.eu\/fi\/wp-json\/wp\/v2\/product_brand?post=66194"},{"taxonomy":"product_cat","embeddable":true,"href":"https:\/\/aaknives.eu\/fi\/wp-json\/wp\/v2\/product_cat?post=66194"},{"taxonomy":"product_tag","embeddable":true,"href":"https:\/\/aaknives.eu\/fi\/wp-json\/wp\/v2\/product_tag?post=66194"}],"curies":[{"name":"wp","href":"https:\/\/api.w.org\/{rel}","templated":true}]}}