{"id":90276,"date":"2024-10-29T02:13:16","date_gmt":"2024-10-29T02:13:16","guid":{"rendered":"https:\/\/aaknives.eu\/?post_type=product&#038;p=90276"},"modified":"2026-03-05T18:48:26","modified_gmt":"2026-03-05T18:48:26","slug":"uusi-tsprof-kadet-pro-teroitussarja","status":"publish","type":"product","link":"https:\/\/aaknives.eu\/fi\/product\/uusi-tsprof-kadet-pro-teroitussarja\/","title":{"rendered":"UUSI TSPROF KADET PRO TEROITUSSARJA"},"content":{"rendered":"<p>TSPROF Kadet \u00ae Pro -veitsenteroitussarja tarkoittaa t\u00e4ydellist\u00e4 veitsenter\u00e4vyytt\u00e4 miss\u00e4 tahansa oletkin. Yleispuristimien avulla voit teroittaa sek\u00e4 kompaktit taittuvat ett\u00e4 kiinte\u00e4t mets\u00e4stysveitset.<\/p>\n<p>TSPROF Kadet Pro -teroittimen py\u00f6riv\u00e4 mekanismi auttaa s\u00e4ilytt\u00e4m\u00e4\u00e4n saman teroituskulman veitsen molemmilla puolilla. K\u00e4\u00e4nt\u00e4misen j\u00e4lkeen vipu kiinnitt\u00e4\u00e4 rungon tiukasti kiinnikkeill\u00e4. Nostokahvaa k\u00e4\u00e4nt\u00e4m\u00e4ll\u00e4 py\u00f6riv\u00e4 yksikk\u00f6 liikkuu tasaisesti virtuaalisen keskipisteen ymp\u00e4ri, jossa veitsen leikkuureuna sijaitsee. Kaareva hammastanko on valmistettu yhdest\u00e4 alumiinikappaleesta, ja se on integroitu hammaspy\u00f6r\u00e4hydrauliikkaan hammaspy\u00f6r\u00e4hydrauliikan avulla. Lukitusvivun avulla voit halutun kulman s\u00e4\u00e4t\u00e4misen j\u00e4lkeen kiinnitt\u00e4\u00e4 py\u00f6riv\u00e4n yksik\u00f6n turvallisesti.<\/p>\n<p>TSPROF Kadet Pro on anodisoitu mustaksi kansainv\u00e4lisen Qualanod-standardin mukaisesti. Anodisointia k\u00e4ytet\u00e4\u00e4n parantamaan korroosionkest\u00e4vyytt\u00e4 ja vahvistamaan alumiinipinnan rakennetta. T\u00e4m\u00e4n pinnoitusmenetelm\u00e4n ansiosta laite s\u00e4ilytt\u00e4\u00e4 t\u00e4ydellisen ulkon\u00e4k\u00f6ns\u00e4 useita vuosia.<\/p>\n<p>TSPROF Kadet Pro -teroittimessa on kaikki, mit\u00e4 tarvitaan korkealaatuiseen teroitukseen: veitsen py\u00f6ritysmekanismi, mahdollisuus asettaa mik\u00e4 tahansa kulma 9\u00b0:n ja 28,5\u00b0:n v\u00e4lilt\u00e4, j\u00e4ykk\u00e4 rakenne ja ehdoton tarkkuus kaikissa yksityiskohdissa.<\/p>\n<p>TSPROF Kadet Pro -runko on yhteensopiva kaikkien TSPROF K03 -teroitusj\u00e4rjestelm\u00e4n kiinnittimien kanssa: fileerausp\u00f6yt\u00e4, yksinkertainen, kaksinkertainen ja pieni yleisp\u00f6yt\u00e4 ty\u00f6kalujen teroitusta varten.<\/p>\n<p>TSPROF Kadet Pro on helppo purkaa ja taittaa kokoon s\u00e4ilytyst\u00e4 tai kuljetusta varten. Laitteen paino on 2100 grammaa, mik\u00e4 tekee teroittimesta liikkuvan ja antaa riitt\u00e4v\u00e4n vakauden teroitettaessa.<\/p>\n","protected":false},"excerpt":{"rendered":"<p>TSPROF Kadet \u00ae Pro -veitsenteroitussarja tarkoittaa t\u00e4ydellist\u00e4 veitsenter\u00e4vyytt\u00e4 miss\u00e4 tahansa oletkin. Yleispuristimien avulla voit teroittaa sek\u00e4 kompaktit taittuvat ett\u00e4 kiinte\u00e4t mets\u00e4stysveitset. TSPROF Kadet Pro -teroittimen py\u00f6riv\u00e4 mekanismi auttaa s\u00e4ilytt\u00e4m\u00e4\u00e4n saman teroituskulman veitsen molemmilla puolilla. K\u00e4\u00e4nt\u00e4misen j\u00e4lkeen vipu kiinnitt\u00e4\u00e4 rungon tiukasti kiinnikkeill\u00e4. Nostokahvaa k\u00e4\u00e4nt\u00e4m\u00e4ll\u00e4 py\u00f6riv\u00e4 yksikk\u00f6 liikkuu tasaisesti virtuaalisen keskipisteen ymp\u00e4ri, jossa veitsen leikkuureuna sijaitsee. Kaareva hammastanko on valmistettu yhdest\u00e4 alumiinikappaleesta, ja se on integroitu hammaspy\u00f6r\u00e4hydrauliikkaan hammaspy\u00f6r\u00e4hydrauliikan avulla. Lukitusvivun avulla voit halutun kulman s\u00e4\u00e4t\u00e4misen j\u00e4lkeen kiinnitt\u00e4\u00e4 py\u00f6riv\u00e4n yksik\u00f6n turvallisesti. TSPROF Kadet Pro on anodisoitu mustaksi kansainv\u00e4lisen Qualanod-standardin mukaisesti. Anodisointia k\u00e4ytet\u00e4\u00e4n parantamaan korroosionkest\u00e4vyytt\u00e4 ja vahvistamaan alumiinipinnan rakennetta. T\u00e4m\u00e4n pinnoitusmenetelm\u00e4n ansiosta laite s\u00e4ilytt\u00e4\u00e4&hellip;<\/p>\n","protected":false},"featured_media":94937,"template":"","meta":{"_themeisle_gutenberg_block_has_review":false},"product_brand":[],"product_cat":[468,467],"product_tag":[],"class_list":{"0":"post-90276","1":"product","2":"type-product","3":"status-publish","4":"has-post-thumbnail","6":"product_cat-myynti","7":"product_cat-veitsen-teroitus-veitsen-teroittimet","9":"first","10":"instock","11":"sale","12":"shipping-taxable","13":"purchasable","14":"product-type-simple"},"yoast_head":"<!-- This site is optimized with the Yoast SEO plugin v27.5 - https:\/\/yoast.com\/product\/yoast-seo-wordpress\/ -->\n<title>UUSI TSPROF KADET PRO TEROITUSSARJA - AAKnives<\/title>\n<meta name=\"description\" content=\"UUSI TSPROF Kadet Pro teroitussarja\" \/>\n<meta name=\"robots\" content=\"index, follow, max-snippet:-1, max-image-preview:large, max-video-preview:-1\" \/>\n<link rel=\"canonical\" href=\"https:\/\/aaknives.eu\/fi\/product\/uusi-tsprof-kadet-pro-teroitussarja\/\" \/>\n<meta property=\"og:locale\" content=\"fi_FI\" \/>\n<meta property=\"og:type\" content=\"article\" \/>\n<meta property=\"og:title\" content=\"UUSI TSPROF KADET PRO TEROITUSSARJA - AAKnives\" \/>\n<meta property=\"og:description\" content=\"UUSI TSPROF Kadet Pro teroitussarja\" \/>\n<meta property=\"og:url\" content=\"https:\/\/aaknives.eu\/fi\/product\/uusi-tsprof-kadet-pro-teroitussarja\/\" \/>\n<meta property=\"og:site_name\" content=\"AAKnives\" \/>\n<meta property=\"article:publisher\" content=\"https:\/\/www.facebook.com\/aaknives.eu\/\" \/>\n<meta property=\"article:modified_time\" content=\"2026-03-05T18:48:26+00:00\" \/>\n<meta property=\"og:image\" content=\"https:\/\/aaknives.eu\/wp-content\/uploads\/2024\/10\/aaknives-hand-forged-dabascus-steel-blade-knife-handmade-custom-made-knife-handcrafted-knives-autinetools-northmen-61.webp\" \/>\n\t<meta property=\"og:image:width\" content=\"1200\" \/>\n\t<meta property=\"og:image:height\" content=\"1200\" \/>\n\t<meta property=\"og:image:type\" content=\"image\/webp\" \/>\n<meta name=\"twitter:card\" content=\"summary_large_image\" \/>\n<meta name=\"twitter:label1\" content=\"Arvioitu lukuaika\" \/>\n\t<meta name=\"twitter:data1\" content=\"1 minuutti\" \/>\n<script type=\"application\/ld+json\" class=\"yoast-schema-graph\">{\"@context\":\"https:\\\/\\\/schema.org\",\"@graph\":[{\"@type\":\"WebPage\",\"@id\":\"https:\\\/\\\/aaknives.eu\\\/fi\\\/product\\\/uusi-tsprof-kadet-pro-teroitussarja\\\/\",\"url\":\"https:\\\/\\\/aaknives.eu\\\/fi\\\/product\\\/uusi-tsprof-kadet-pro-teroitussarja\\\/\",\"name\":\"UUSI TSPROF KADET PRO TEROITUSSARJA - AAKnives\",\"isPartOf\":{\"@id\":\"https:\\\/\\\/aaknives.eu\\\/fi\\\/#website\"},\"primaryImageOfPage\":{\"@id\":\"https:\\\/\\\/aaknives.eu\\\/fi\\\/product\\\/uusi-tsprof-kadet-pro-teroitussarja\\\/#primaryimage\"},\"image\":{\"@id\":\"https:\\\/\\\/aaknives.eu\\\/fi\\\/product\\\/uusi-tsprof-kadet-pro-teroitussarja\\\/#primaryimage\"},\"thumbnailUrl\":\"https:\\\/\\\/aaknives.eu\\\/wp-content\\\/uploads\\\/2024\\\/10\\\/aaknives-hand-forged-dabascus-steel-blade-knife-handmade-custom-made-knife-handcrafted-knives-autinetools-northmen-61.webp\",\"datePublished\":\"2024-10-29T02:13:16+00:00\",\"dateModified\":\"2026-03-05T18:48:26+00:00\",\"description\":\"UUSI TSPROF Kadet Pro teroitussarja\",\"breadcrumb\":{\"@id\":\"https:\\\/\\\/aaknives.eu\\\/fi\\\/product\\\/uusi-tsprof-kadet-pro-teroitussarja\\\/#breadcrumb\"},\"inLanguage\":\"fi\",\"potentialAction\":[{\"@type\":\"ReadAction\",\"target\":[\"https:\\\/\\\/aaknives.eu\\\/fi\\\/product\\\/uusi-tsprof-kadet-pro-teroitussarja\\\/\"]}]},{\"@type\":\"ImageObject\",\"inLanguage\":\"fi\",\"@id\":\"https:\\\/\\\/aaknives.eu\\\/fi\\\/product\\\/uusi-tsprof-kadet-pro-teroitussarja\\\/#primaryimage\",\"url\":\"https:\\\/\\\/aaknives.eu\\\/wp-content\\\/uploads\\\/2024\\\/10\\\/aaknives-hand-forged-dabascus-steel-blade-knife-handmade-custom-made-knife-handcrafted-knives-autinetools-northmen-61.webp\",\"contentUrl\":\"https:\\\/\\\/aaknives.eu\\\/wp-content\\\/uploads\\\/2024\\\/10\\\/aaknives-hand-forged-dabascus-steel-blade-knife-handmade-custom-made-knife-handcrafted-knives-autinetools-northmen-61.webp\",\"width\":1200,\"height\":1200},{\"@type\":\"BreadcrumbList\",\"@id\":\"https:\\\/\\\/aaknives.eu\\\/fi\\\/product\\\/uusi-tsprof-kadet-pro-teroitussarja\\\/#breadcrumb\",\"itemListElement\":[{\"@type\":\"ListItem\",\"position\":1,\"name\":\"Home\",\"item\":\"https:\\\/\\\/aaknives.eu\\\/fi\\\/\"},{\"@type\":\"ListItem\",\"position\":2,\"name\":\"Kauppa\",\"item\":\"https:\\\/\\\/aaknives.eu\\\/kauppa\\\/\"},{\"@type\":\"ListItem\",\"position\":3,\"name\":\"UUSI TSPROF KADET PRO TEROITUSSARJA\"}]},{\"@type\":\"WebSite\",\"@id\":\"https:\\\/\\\/aaknives.eu\\\/fi\\\/#website\",\"url\":\"https:\\\/\\\/aaknives.eu\\\/fi\\\/\",\"name\":\"AAKnives\",\"description\":\"Handmade knives\",\"publisher\":{\"@id\":\"https:\\\/\\\/aaknives.eu\\\/fi\\\/#organization\"},\"potentialAction\":[{\"@type\":\"SearchAction\",\"target\":{\"@type\":\"EntryPoint\",\"urlTemplate\":\"https:\\\/\\\/aaknives.eu\\\/fi\\\/?s={search_term_string}\"},\"query-input\":{\"@type\":\"PropertyValueSpecification\",\"valueRequired\":true,\"valueName\":\"search_term_string\"}}],\"inLanguage\":\"fi\"},{\"@type\":\"Organization\",\"@id\":\"https:\\\/\\\/aaknives.eu\\\/fi\\\/#organization\",\"name\":\"AAKnives\",\"url\":\"https:\\\/\\\/aaknives.eu\\\/fi\\\/\",\"logo\":{\"@type\":\"ImageObject\",\"inLanguage\":\"fi\",\"@id\":\"https:\\\/\\\/aaknives.eu\\\/fi\\\/#\\\/schema\\\/logo\\\/image\\\/\",\"url\":\"https:\\\/\\\/aaknives.eu\\\/wp-content\\\/uploads\\\/2021\\\/10\\\/AAknives_Logo_Green.png\",\"contentUrl\":\"https:\\\/\\\/aaknives.eu\\\/wp-content\\\/uploads\\\/2021\\\/10\\\/AAknives_Logo_Green.png\",\"width\":1768,\"height\":1768,\"caption\":\"AAKnives\"},\"image\":{\"@id\":\"https:\\\/\\\/aaknives.eu\\\/fi\\\/#\\\/schema\\\/logo\\\/image\\\/\"},\"sameAs\":[\"https:\\\/\\\/www.facebook.com\\\/aaknives.eu\\\/\",\"https:\\\/\\\/www.instagram.com\\\/aaknives\\\/\",\"https:\\\/\\\/www.pinterest.com\\\/aa_knives\\\/\",\"https:\\\/\\\/www.youtube.com\\\/channel\\\/UCHOQFjrOkgT6s4FIw9LDKyw\\\/featured\"]}]}<\/script>\n<!-- \/ Yoast SEO plugin. -->","yoast_head_json":{"title":"UUSI TSPROF KADET PRO TEROITUSSARJA - AAKnives","description":"UUSI TSPROF Kadet Pro teroitussarja","robots":{"index":"index","follow":"follow","max-snippet":"max-snippet:-1","max-image-preview":"max-image-preview:large","max-video-preview":"max-video-preview:-1"},"canonical":"https:\/\/aaknives.eu\/fi\/product\/uusi-tsprof-kadet-pro-teroitussarja\/","og_locale":"fi_FI","og_type":"article","og_title":"UUSI TSPROF KADET PRO TEROITUSSARJA - AAKnives","og_description":"UUSI TSPROF Kadet Pro teroitussarja","og_url":"https:\/\/aaknives.eu\/fi\/product\/uusi-tsprof-kadet-pro-teroitussarja\/","og_site_name":"AAKnives","article_publisher":"https:\/\/www.facebook.com\/aaknives.eu\/","article_modified_time":"2026-03-05T18:48:26+00:00","og_image":[{"width":1200,"height":1200,"url":"https:\/\/aaknives.eu\/wp-content\/uploads\/2024\/10\/aaknives-hand-forged-dabascus-steel-blade-knife-handmade-custom-made-knife-handcrafted-knives-autinetools-northmen-61.webp","type":"image\/webp"}],"twitter_card":"summary_large_image","twitter_misc":{"Arvioitu lukuaika":"1 minuutti"},"schema":{"@context":"https:\/\/schema.org","@graph":[{"@type":"WebPage","@id":"https:\/\/aaknives.eu\/fi\/product\/uusi-tsprof-kadet-pro-teroitussarja\/","url":"https:\/\/aaknives.eu\/fi\/product\/uusi-tsprof-kadet-pro-teroitussarja\/","name":"UUSI TSPROF KADET PRO TEROITUSSARJA - AAKnives","isPartOf":{"@id":"https:\/\/aaknives.eu\/fi\/#website"},"primaryImageOfPage":{"@id":"https:\/\/aaknives.eu\/fi\/product\/uusi-tsprof-kadet-pro-teroitussarja\/#primaryimage"},"image":{"@id":"https:\/\/aaknives.eu\/fi\/product\/uusi-tsprof-kadet-pro-teroitussarja\/#primaryimage"},"thumbnailUrl":"https:\/\/aaknives.eu\/wp-content\/uploads\/2024\/10\/aaknives-hand-forged-dabascus-steel-blade-knife-handmade-custom-made-knife-handcrafted-knives-autinetools-northmen-61.webp","datePublished":"2024-10-29T02:13:16+00:00","dateModified":"2026-03-05T18:48:26+00:00","description":"UUSI TSPROF Kadet Pro teroitussarja","breadcrumb":{"@id":"https:\/\/aaknives.eu\/fi\/product\/uusi-tsprof-kadet-pro-teroitussarja\/#breadcrumb"},"inLanguage":"fi","potentialAction":[{"@type":"ReadAction","target":["https:\/\/aaknives.eu\/fi\/product\/uusi-tsprof-kadet-pro-teroitussarja\/"]}]},{"@type":"ImageObject","inLanguage":"fi","@id":"https:\/\/aaknives.eu\/fi\/product\/uusi-tsprof-kadet-pro-teroitussarja\/#primaryimage","url":"https:\/\/aaknives.eu\/wp-content\/uploads\/2024\/10\/aaknives-hand-forged-dabascus-steel-blade-knife-handmade-custom-made-knife-handcrafted-knives-autinetools-northmen-61.webp","contentUrl":"https:\/\/aaknives.eu\/wp-content\/uploads\/2024\/10\/aaknives-hand-forged-dabascus-steel-blade-knife-handmade-custom-made-knife-handcrafted-knives-autinetools-northmen-61.webp","width":1200,"height":1200},{"@type":"BreadcrumbList","@id":"https:\/\/aaknives.eu\/fi\/product\/uusi-tsprof-kadet-pro-teroitussarja\/#breadcrumb","itemListElement":[{"@type":"ListItem","position":1,"name":"Home","item":"https:\/\/aaknives.eu\/fi\/"},{"@type":"ListItem","position":2,"name":"Kauppa","item":"https:\/\/aaknives.eu\/kauppa\/"},{"@type":"ListItem","position":3,"name":"UUSI TSPROF KADET PRO TEROITUSSARJA"}]},{"@type":"WebSite","@id":"https:\/\/aaknives.eu\/fi\/#website","url":"https:\/\/aaknives.eu\/fi\/","name":"AAKnives","description":"Handmade knives","publisher":{"@id":"https:\/\/aaknives.eu\/fi\/#organization"},"potentialAction":[{"@type":"SearchAction","target":{"@type":"EntryPoint","urlTemplate":"https:\/\/aaknives.eu\/fi\/?s={search_term_string}"},"query-input":{"@type":"PropertyValueSpecification","valueRequired":true,"valueName":"search_term_string"}}],"inLanguage":"fi"},{"@type":"Organization","@id":"https:\/\/aaknives.eu\/fi\/#organization","name":"AAKnives","url":"https:\/\/aaknives.eu\/fi\/","logo":{"@type":"ImageObject","inLanguage":"fi","@id":"https:\/\/aaknives.eu\/fi\/#\/schema\/logo\/image\/","url":"https:\/\/aaknives.eu\/wp-content\/uploads\/2021\/10\/AAknives_Logo_Green.png","contentUrl":"https:\/\/aaknives.eu\/wp-content\/uploads\/2021\/10\/AAknives_Logo_Green.png","width":1768,"height":1768,"caption":"AAKnives"},"image":{"@id":"https:\/\/aaknives.eu\/fi\/#\/schema\/logo\/image\/"},"sameAs":["https:\/\/www.facebook.com\/aaknives.eu\/","https:\/\/www.instagram.com\/aaknives\/","https:\/\/www.pinterest.com\/aa_knives\/","https:\/\/www.youtube.com\/channel\/UCHOQFjrOkgT6s4FIw9LDKyw\/featured"]}]}},"_links":{"self":[{"href":"https:\/\/aaknives.eu\/fi\/wp-json\/wp\/v2\/product\/90276","targetHints":{"allow":["GET"]}}],"collection":[{"href":"https:\/\/aaknives.eu\/fi\/wp-json\/wp\/v2\/product"}],"about":[{"href":"https:\/\/aaknives.eu\/fi\/wp-json\/wp\/v2\/types\/product"}],"wp:featuredmedia":[{"embeddable":true,"href":"https:\/\/aaknives.eu\/fi\/wp-json\/wp\/v2\/media\/94937"}],"wp:attachment":[{"href":"https:\/\/aaknives.eu\/fi\/wp-json\/wp\/v2\/media?parent=90276"}],"wp:term":[{"taxonomy":"product_brand","embeddable":true,"href":"https:\/\/aaknives.eu\/fi\/wp-json\/wp\/v2\/product_brand?post=90276"},{"taxonomy":"product_cat","embeddable":true,"href":"https:\/\/aaknives.eu\/fi\/wp-json\/wp\/v2\/product_cat?post=90276"},{"taxonomy":"product_tag","embeddable":true,"href":"https:\/\/aaknives.eu\/fi\/wp-json\/wp\/v2\/product_tag?post=90276"}],"curies":[{"name":"wp","href":"https:\/\/api.w.org\/{rel}","templated":true}]}}