{"id":90280,"date":"2024-10-29T02:13:13","date_gmt":"2024-10-29T02:13:13","guid":{"rendered":"https:\/\/aaknives.eu\/?post_type=product&#038;p=90280"},"modified":"2025-11-26T20:29:25","modified_gmt":"2025-11-26T20:29:25","slug":"veitsi-lynx-claw-taottu-mosaiikki-damascus-terasveitsi","status":"publish","type":"product","link":"https:\/\/aaknives.eu\/fi\/product\/veitsi-lynx-claw-taottu-mosaiikki-damascus-terasveitsi\/","title":{"rendered":"Veitsi \u201cLYNX CLAW\u201d, taottu mosaiikki-Damascus-ter\u00e4sveitsi"},"content":{"rendered":"<p>Veitsen tekniset tiedot: \u201dLYNX CLAW\u201d<br \/>\nTer\u00e4s: k\u00e4sin taottu mosaiikki-Damascus-ter\u00e4s<br \/>\nKovuus: 60-62 HRC<br \/>\nTer\u00e4n pituus (mm): 109 \/ 4,29 tuumaa<br \/>\nTer\u00e4n paksuus (mm): 3 \/ 0,11 tuumaa<br \/>\nTer\u00e4n leveys (mm): 24 \/ 0,94 tuumaa<br \/>\nKahva: amerikkalainen saksanp\u00e4hkin\u00e4 + komposiittimateriaali<br \/>\nKokonaispituus (mm): 230 \/ 9,05 tuumaa<br \/>\nVeitsen tyyppi: mets\u00e4stys, ulkoilu<br \/>\nPakkaus: veitsi, nahkatuppi<\/p>\n<p>N\u00e4m\u00e4 ovat harvinaisia malleja, joissa on ainutlaatuinen, huolellisesti muotoiltu muotoilu. Yksinomaisen muotoilun lis\u00e4ksi t\u00e4llaisilla kalliilla veitsill\u00e4 on korkea laatu, kest\u00e4vyys ja luotettavuus.<br \/>\n&#8211; Niiden valmistuksessa k\u00e4ytet\u00e4\u00e4n kalliita ter\u00e4styyppej\u00e4 &#8211; timantti, jauhe, damasti jne.<br \/>\n&#8211; N\u00e4iden veitsien kahva on valmistettu materiaaleista, joiden hinta on korkea, mutta joiden laatu ei ole huonompi &#8211; luonnonluut, sarvet, harvinaiset puulajit, hiili jne.<\/p>\n<p>Eksklusiiviset veitset eiv\u00e4t eroa toisistaan vain ulkon\u00e4\u00f6lt\u00e4\u00e4n. Manuaalinen valmistus takaa tarkkuuden ja laadun, ja materiaalit valitaan yht\u00e4 kauniisti ja kest\u00e4v\u00e4sti.<br \/>\nAinutlaatuisuus on t\u00e4llaisten veitsien ker\u00e4ilij\u00f6iden t\u00e4rkein etu. Eksklusiiviset veitset ovat t\u00e4ydellinen lis\u00e4 asekokoelmaan. Jos aiot k\u00e4ytt\u00e4\u00e4 eksklusiivista puukkoa tarpeen mukaan, siit\u00e4 tulee paitsi luotettava ty\u00f6kalu my\u00f6s auttaa tekem\u00e4\u00e4n hyv\u00e4n vaikutelman.<\/p>\n","protected":false},"excerpt":{"rendered":"<p>Veitsen tekniset tiedot: \u201dLYNX CLAW\u201d Ter\u00e4s: k\u00e4sin taottu mosaiikki-Damascus-ter\u00e4s Kovuus: 60-62 HRC Ter\u00e4n pituus (mm): 109 \/ 4,29 tuumaa Ter\u00e4n paksuus (mm): 3 \/ 0,11 tuumaa Ter\u00e4n leveys (mm): 24 \/ 0,94 tuumaa Kahva: amerikkalainen saksanp\u00e4hkin\u00e4 + komposiittimateriaali Kokonaispituus (mm): 230 \/ 9,05 tuumaa Veitsen tyyppi: mets\u00e4stys, ulkoilu Pakkaus: veitsi, nahkatuppi N\u00e4m\u00e4 ovat harvinaisia malleja, joissa on ainutlaatuinen, huolellisesti muotoiltu muotoilu. Yksinomaisen muotoilun lis\u00e4ksi t\u00e4llaisilla kalliilla veitsill\u00e4 on korkea laatu, kest\u00e4vyys ja luotettavuus. &#8211; Niiden valmistuksessa k\u00e4ytet\u00e4\u00e4n kalliita ter\u00e4styyppej\u00e4 &#8211; timantti, jauhe, damasti jne. &#8211; N\u00e4iden veitsien kahva on valmistettu materiaaleista, joiden hinta on korkea, mutta joiden laatu ei ole&hellip;<\/p>\n","protected":false},"featured_media":103813,"template":"","meta":{"_themeisle_gutenberg_block_has_review":false},"product_brand":[],"product_cat":[459],"product_tag":[],"class_list":{"0":"post-90280","1":"product","2":"type-product","3":"status-publish","4":"has-post-thumbnail","6":"product_cat-premium-ja-exclusive-veitset","8":"first","9":"instock","10":"shipping-taxable","11":"purchasable","12":"product-type-simple"},"yoast_head":"<!-- This site is optimized with the Yoast SEO plugin v27.5 - https:\/\/yoast.com\/product\/yoast-seo-wordpress\/ -->\n<title>Veitsi \u201cLYNX CLAW\u201d, taottu mosaiikki-Damascus-ter\u00e4sveitsi - AAKnives<\/title>\n<meta name=\"description\" content=\"N\u00e4m\u00e4 ovat harvinaisia \u200b\u200bmalleja, joissa on ainutlaatuinen, huolellisesti valmistettu muotoilu. Ainutlaatuisen muotoilun lis\u00e4ksi t\u00e4llaisilla kalliilla veitsill\u00e4 on korkea laatu ja kest\u00e4vyys.\" \/>\n<meta name=\"robots\" content=\"index, follow, max-snippet:-1, max-image-preview:large, max-video-preview:-1\" \/>\n<link rel=\"canonical\" href=\"https:\/\/aaknives.eu\/fi\/product\/veitsi-lynx-claw-taottu-mosaiikki-damascus-terasveitsi\/\" \/>\n<meta property=\"og:locale\" content=\"fi_FI\" \/>\n<meta property=\"og:type\" content=\"article\" \/>\n<meta property=\"og:title\" content=\"Veitsi \u201cLYNX CLAW\u201d, taottu mosaiikki-Damascus-ter\u00e4sveitsi - AAKnives\" \/>\n<meta property=\"og:description\" content=\"N\u00e4m\u00e4 ovat harvinaisia \u200b\u200bmalleja, joissa on ainutlaatuinen, huolellisesti valmistettu muotoilu. Ainutlaatuisen muotoilun lis\u00e4ksi t\u00e4llaisilla kalliilla veitsill\u00e4 on korkea laatu ja kest\u00e4vyys.\" \/>\n<meta property=\"og:url\" content=\"https:\/\/aaknives.eu\/fi\/product\/veitsi-lynx-claw-taottu-mosaiikki-damascus-terasveitsi\/\" \/>\n<meta property=\"og:site_name\" content=\"AAKnives\" \/>\n<meta property=\"article:publisher\" content=\"https:\/\/www.facebook.com\/aaknives.eu\/\" \/>\n<meta property=\"article:modified_time\" content=\"2025-11-26T20:29:25+00:00\" \/>\n<meta property=\"og:image\" content=\"https:\/\/aaknives.eu\/wp-content\/uploads\/2024\/10\/aaknives-hand-forged-damascus-steel-blade-knife-handmade-custom-made-knife-handcrafted-knives-autinetools-northmen-1-54-3.jpg\" \/>\n\t<meta property=\"og:image:width\" content=\"1020\" \/>\n\t<meta property=\"og:image:height\" content=\"880\" \/>\n\t<meta property=\"og:image:type\" content=\"image\/jpeg\" \/>\n<meta name=\"twitter:card\" content=\"summary_large_image\" \/>\n<meta name=\"twitter:label1\" content=\"Arvioitu lukuaika\" \/>\n\t<meta name=\"twitter:data1\" content=\"1 minuutti\" \/>\n<script type=\"application\/ld+json\" class=\"yoast-schema-graph\">{\"@context\":\"https:\\\/\\\/schema.org\",\"@graph\":[{\"@type\":\"WebPage\",\"@id\":\"https:\\\/\\\/aaknives.eu\\\/fi\\\/product\\\/veitsi-lynx-claw-taottu-mosaiikki-damascus-terasveitsi\\\/\",\"url\":\"https:\\\/\\\/aaknives.eu\\\/fi\\\/product\\\/veitsi-lynx-claw-taottu-mosaiikki-damascus-terasveitsi\\\/\",\"name\":\"Veitsi \u201cLYNX CLAW\u201d, taottu mosaiikki-Damascus-ter\u00e4sveitsi - AAKnives\",\"isPartOf\":{\"@id\":\"https:\\\/\\\/aaknives.eu\\\/fi\\\/#website\"},\"primaryImageOfPage\":{\"@id\":\"https:\\\/\\\/aaknives.eu\\\/fi\\\/product\\\/veitsi-lynx-claw-taottu-mosaiikki-damascus-terasveitsi\\\/#primaryimage\"},\"image\":{\"@id\":\"https:\\\/\\\/aaknives.eu\\\/fi\\\/product\\\/veitsi-lynx-claw-taottu-mosaiikki-damascus-terasveitsi\\\/#primaryimage\"},\"thumbnailUrl\":\"https:\\\/\\\/aaknives.eu\\\/wp-content\\\/uploads\\\/2024\\\/10\\\/aaknives-hand-forged-damascus-steel-blade-knife-handmade-custom-made-knife-handcrafted-knives-autinetools-northmen-1-63-1.jpg\",\"datePublished\":\"2024-10-29T02:13:13+00:00\",\"dateModified\":\"2025-11-26T20:29:25+00:00\",\"description\":\"N\u00e4m\u00e4 ovat harvinaisia \u200b\u200bmalleja, joissa on ainutlaatuinen, huolellisesti valmistettu muotoilu. Ainutlaatuisen muotoilun lis\u00e4ksi t\u00e4llaisilla kalliilla veitsill\u00e4 on korkea laatu ja kest\u00e4vyys.\",\"breadcrumb\":{\"@id\":\"https:\\\/\\\/aaknives.eu\\\/fi\\\/product\\\/veitsi-lynx-claw-taottu-mosaiikki-damascus-terasveitsi\\\/#breadcrumb\"},\"inLanguage\":\"fi\",\"potentialAction\":[{\"@type\":\"ReadAction\",\"target\":[\"https:\\\/\\\/aaknives.eu\\\/fi\\\/product\\\/veitsi-lynx-claw-taottu-mosaiikki-damascus-terasveitsi\\\/\"]}]},{\"@type\":\"ImageObject\",\"inLanguage\":\"fi\",\"@id\":\"https:\\\/\\\/aaknives.eu\\\/fi\\\/product\\\/veitsi-lynx-claw-taottu-mosaiikki-damascus-terasveitsi\\\/#primaryimage\",\"url\":\"https:\\\/\\\/aaknives.eu\\\/wp-content\\\/uploads\\\/2024\\\/10\\\/aaknives-hand-forged-damascus-steel-blade-knife-handmade-custom-made-knife-handcrafted-knives-autinetools-northmen-1-63-1.jpg\",\"contentUrl\":\"https:\\\/\\\/aaknives.eu\\\/wp-content\\\/uploads\\\/2024\\\/10\\\/aaknives-hand-forged-damascus-steel-blade-knife-handmade-custom-made-knife-handcrafted-knives-autinetools-northmen-1-63-1.jpg\",\"width\":1020,\"height\":880},{\"@type\":\"BreadcrumbList\",\"@id\":\"https:\\\/\\\/aaknives.eu\\\/fi\\\/product\\\/veitsi-lynx-claw-taottu-mosaiikki-damascus-terasveitsi\\\/#breadcrumb\",\"itemListElement\":[{\"@type\":\"ListItem\",\"position\":1,\"name\":\"Home\",\"item\":\"https:\\\/\\\/aaknives.eu\\\/fi\\\/\"},{\"@type\":\"ListItem\",\"position\":2,\"name\":\"Kauppa\",\"item\":\"https:\\\/\\\/aaknives.eu\\\/kauppa\\\/\"},{\"@type\":\"ListItem\",\"position\":3,\"name\":\"Veitsi \u201cLYNX CLAW\u201d, taottu mosaiikki-Damascus-ter\u00e4sveitsi\"}]},{\"@type\":\"WebSite\",\"@id\":\"https:\\\/\\\/aaknives.eu\\\/fi\\\/#website\",\"url\":\"https:\\\/\\\/aaknives.eu\\\/fi\\\/\",\"name\":\"AAKnives\",\"description\":\"Handmade knives\",\"publisher\":{\"@id\":\"https:\\\/\\\/aaknives.eu\\\/fi\\\/#organization\"},\"potentialAction\":[{\"@type\":\"SearchAction\",\"target\":{\"@type\":\"EntryPoint\",\"urlTemplate\":\"https:\\\/\\\/aaknives.eu\\\/fi\\\/?s={search_term_string}\"},\"query-input\":{\"@type\":\"PropertyValueSpecification\",\"valueRequired\":true,\"valueName\":\"search_term_string\"}}],\"inLanguage\":\"fi\"},{\"@type\":\"Organization\",\"@id\":\"https:\\\/\\\/aaknives.eu\\\/fi\\\/#organization\",\"name\":\"AAKnives\",\"url\":\"https:\\\/\\\/aaknives.eu\\\/fi\\\/\",\"logo\":{\"@type\":\"ImageObject\",\"inLanguage\":\"fi\",\"@id\":\"https:\\\/\\\/aaknives.eu\\\/fi\\\/#\\\/schema\\\/logo\\\/image\\\/\",\"url\":\"https:\\\/\\\/aaknives.eu\\\/wp-content\\\/uploads\\\/2021\\\/10\\\/AAknives_Logo_Green.png\",\"contentUrl\":\"https:\\\/\\\/aaknives.eu\\\/wp-content\\\/uploads\\\/2021\\\/10\\\/AAknives_Logo_Green.png\",\"width\":1768,\"height\":1768,\"caption\":\"AAKnives\"},\"image\":{\"@id\":\"https:\\\/\\\/aaknives.eu\\\/fi\\\/#\\\/schema\\\/logo\\\/image\\\/\"},\"sameAs\":[\"https:\\\/\\\/www.facebook.com\\\/aaknives.eu\\\/\",\"https:\\\/\\\/www.instagram.com\\\/aaknives\\\/\",\"https:\\\/\\\/www.pinterest.com\\\/aa_knives\\\/\",\"https:\\\/\\\/www.youtube.com\\\/channel\\\/UCHOQFjrOkgT6s4FIw9LDKyw\\\/featured\"]}]}<\/script>\n<!-- \/ Yoast SEO plugin. -->","yoast_head_json":{"title":"Veitsi \u201cLYNX CLAW\u201d, taottu mosaiikki-Damascus-ter\u00e4sveitsi - AAKnives","description":"N\u00e4m\u00e4 ovat harvinaisia \u200b\u200bmalleja, joissa on ainutlaatuinen, huolellisesti valmistettu muotoilu. Ainutlaatuisen muotoilun lis\u00e4ksi t\u00e4llaisilla kalliilla veitsill\u00e4 on korkea laatu ja kest\u00e4vyys.","robots":{"index":"index","follow":"follow","max-snippet":"max-snippet:-1","max-image-preview":"max-image-preview:large","max-video-preview":"max-video-preview:-1"},"canonical":"https:\/\/aaknives.eu\/fi\/product\/veitsi-lynx-claw-taottu-mosaiikki-damascus-terasveitsi\/","og_locale":"fi_FI","og_type":"article","og_title":"Veitsi \u201cLYNX CLAW\u201d, taottu mosaiikki-Damascus-ter\u00e4sveitsi - AAKnives","og_description":"N\u00e4m\u00e4 ovat harvinaisia \u200b\u200bmalleja, joissa on ainutlaatuinen, huolellisesti valmistettu muotoilu. Ainutlaatuisen muotoilun lis\u00e4ksi t\u00e4llaisilla kalliilla veitsill\u00e4 on korkea laatu ja kest\u00e4vyys.","og_url":"https:\/\/aaknives.eu\/fi\/product\/veitsi-lynx-claw-taottu-mosaiikki-damascus-terasveitsi\/","og_site_name":"AAKnives","article_publisher":"https:\/\/www.facebook.com\/aaknives.eu\/","article_modified_time":"2025-11-26T20:29:25+00:00","og_image":[{"width":1020,"height":880,"url":"https:\/\/aaknives.eu\/wp-content\/uploads\/2024\/10\/aaknives-hand-forged-damascus-steel-blade-knife-handmade-custom-made-knife-handcrafted-knives-autinetools-northmen-1-54-3.jpg","type":"image\/jpeg"}],"twitter_card":"summary_large_image","twitter_misc":{"Arvioitu lukuaika":"1 minuutti"},"schema":{"@context":"https:\/\/schema.org","@graph":[{"@type":"WebPage","@id":"https:\/\/aaknives.eu\/fi\/product\/veitsi-lynx-claw-taottu-mosaiikki-damascus-terasveitsi\/","url":"https:\/\/aaknives.eu\/fi\/product\/veitsi-lynx-claw-taottu-mosaiikki-damascus-terasveitsi\/","name":"Veitsi \u201cLYNX CLAW\u201d, taottu mosaiikki-Damascus-ter\u00e4sveitsi - AAKnives","isPartOf":{"@id":"https:\/\/aaknives.eu\/fi\/#website"},"primaryImageOfPage":{"@id":"https:\/\/aaknives.eu\/fi\/product\/veitsi-lynx-claw-taottu-mosaiikki-damascus-terasveitsi\/#primaryimage"},"image":{"@id":"https:\/\/aaknives.eu\/fi\/product\/veitsi-lynx-claw-taottu-mosaiikki-damascus-terasveitsi\/#primaryimage"},"thumbnailUrl":"https:\/\/aaknives.eu\/wp-content\/uploads\/2024\/10\/aaknives-hand-forged-damascus-steel-blade-knife-handmade-custom-made-knife-handcrafted-knives-autinetools-northmen-1-63-1.jpg","datePublished":"2024-10-29T02:13:13+00:00","dateModified":"2025-11-26T20:29:25+00:00","description":"N\u00e4m\u00e4 ovat harvinaisia \u200b\u200bmalleja, joissa on ainutlaatuinen, huolellisesti valmistettu muotoilu. Ainutlaatuisen muotoilun lis\u00e4ksi t\u00e4llaisilla kalliilla veitsill\u00e4 on korkea laatu ja kest\u00e4vyys.","breadcrumb":{"@id":"https:\/\/aaknives.eu\/fi\/product\/veitsi-lynx-claw-taottu-mosaiikki-damascus-terasveitsi\/#breadcrumb"},"inLanguage":"fi","potentialAction":[{"@type":"ReadAction","target":["https:\/\/aaknives.eu\/fi\/product\/veitsi-lynx-claw-taottu-mosaiikki-damascus-terasveitsi\/"]}]},{"@type":"ImageObject","inLanguage":"fi","@id":"https:\/\/aaknives.eu\/fi\/product\/veitsi-lynx-claw-taottu-mosaiikki-damascus-terasveitsi\/#primaryimage","url":"https:\/\/aaknives.eu\/wp-content\/uploads\/2024\/10\/aaknives-hand-forged-damascus-steel-blade-knife-handmade-custom-made-knife-handcrafted-knives-autinetools-northmen-1-63-1.jpg","contentUrl":"https:\/\/aaknives.eu\/wp-content\/uploads\/2024\/10\/aaknives-hand-forged-damascus-steel-blade-knife-handmade-custom-made-knife-handcrafted-knives-autinetools-northmen-1-63-1.jpg","width":1020,"height":880},{"@type":"BreadcrumbList","@id":"https:\/\/aaknives.eu\/fi\/product\/veitsi-lynx-claw-taottu-mosaiikki-damascus-terasveitsi\/#breadcrumb","itemListElement":[{"@type":"ListItem","position":1,"name":"Home","item":"https:\/\/aaknives.eu\/fi\/"},{"@type":"ListItem","position":2,"name":"Kauppa","item":"https:\/\/aaknives.eu\/kauppa\/"},{"@type":"ListItem","position":3,"name":"Veitsi \u201cLYNX CLAW\u201d, taottu mosaiikki-Damascus-ter\u00e4sveitsi"}]},{"@type":"WebSite","@id":"https:\/\/aaknives.eu\/fi\/#website","url":"https:\/\/aaknives.eu\/fi\/","name":"AAKnives","description":"Handmade knives","publisher":{"@id":"https:\/\/aaknives.eu\/fi\/#organization"},"potentialAction":[{"@type":"SearchAction","target":{"@type":"EntryPoint","urlTemplate":"https:\/\/aaknives.eu\/fi\/?s={search_term_string}"},"query-input":{"@type":"PropertyValueSpecification","valueRequired":true,"valueName":"search_term_string"}}],"inLanguage":"fi"},{"@type":"Organization","@id":"https:\/\/aaknives.eu\/fi\/#organization","name":"AAKnives","url":"https:\/\/aaknives.eu\/fi\/","logo":{"@type":"ImageObject","inLanguage":"fi","@id":"https:\/\/aaknives.eu\/fi\/#\/schema\/logo\/image\/","url":"https:\/\/aaknives.eu\/wp-content\/uploads\/2021\/10\/AAknives_Logo_Green.png","contentUrl":"https:\/\/aaknives.eu\/wp-content\/uploads\/2021\/10\/AAknives_Logo_Green.png","width":1768,"height":1768,"caption":"AAKnives"},"image":{"@id":"https:\/\/aaknives.eu\/fi\/#\/schema\/logo\/image\/"},"sameAs":["https:\/\/www.facebook.com\/aaknives.eu\/","https:\/\/www.instagram.com\/aaknives\/","https:\/\/www.pinterest.com\/aa_knives\/","https:\/\/www.youtube.com\/channel\/UCHOQFjrOkgT6s4FIw9LDKyw\/featured"]}]}},"_links":{"self":[{"href":"https:\/\/aaknives.eu\/fi\/wp-json\/wp\/v2\/product\/90280","targetHints":{"allow":["GET"]}}],"collection":[{"href":"https:\/\/aaknives.eu\/fi\/wp-json\/wp\/v2\/product"}],"about":[{"href":"https:\/\/aaknives.eu\/fi\/wp-json\/wp\/v2\/types\/product"}],"wp:featuredmedia":[{"embeddable":true,"href":"https:\/\/aaknives.eu\/fi\/wp-json\/wp\/v2\/media\/103813"}],"wp:attachment":[{"href":"https:\/\/aaknives.eu\/fi\/wp-json\/wp\/v2\/media?parent=90280"}],"wp:term":[{"taxonomy":"product_brand","embeddable":true,"href":"https:\/\/aaknives.eu\/fi\/wp-json\/wp\/v2\/product_brand?post=90280"},{"taxonomy":"product_cat","embeddable":true,"href":"https:\/\/aaknives.eu\/fi\/wp-json\/wp\/v2\/product_cat?post=90280"},{"taxonomy":"product_tag","embeddable":true,"href":"https:\/\/aaknives.eu\/fi\/wp-json\/wp\/v2\/product_tag?post=90280"}],"curies":[{"name":"wp","href":"https:\/\/api.w.org\/{rel}","templated":true}]}}