{"id":90305,"date":"2024-10-29T02:11:40","date_gmt":"2024-10-29T02:11:40","guid":{"rendered":"https:\/\/aaknives.eu\/?post_type=product&#038;p=90305"},"modified":"2024-10-29T02:55:02","modified_gmt":"2024-10-29T02:55:02","slug":"blitz-360-base-tsprof-tarkkuusveitsen-teroitin","status":"publish","type":"product","link":"https:\/\/aaknives.eu\/fi\/product\/blitz-360-base-tsprof-tarkkuusveitsen-teroitin\/","title":{"rendered":"BLITZ 360 Base &#8211; TSPROF-tarkkuusveitsen teroitin"},"content":{"rendered":"<div class=\"product-details__block\">\n<p>BLITZ 360 Base &#8211; TSPROF-tarkkuusveitsen teroitin<\/p>\n<p>Pieni koko. Kompaktein ammattik\u00e4ytt\u00f6\u00f6n tarkoitettu teroitin*<br \/>\nT\u00e4ysin metallista. Valitsemme vain luotettavimmat materiaalit.<br \/>\nFlip-n-Sharp-k\u00e4\u00e4nt\u00f6mekanismi. Teroita veitset mahdollisimman mukavasti.<br \/>\nV. C. Angleset-j\u00e4rjestelm\u00e4. Valitse haluamasi kulma yhdell\u00e4 liikkeell\u00e4.<br \/>\nS\u00e4\u00e4st\u00e4\u00e4 aikaa. Se on koottu muutamassa sekunnissa, ja teroitusprosessi vie hyvin v\u00e4h\u00e4n aikaa.<br \/>\nMik\u00e4 tahansa teroituskulma. Suurin teroituskulma jopa 70\u00b0, teroita kaikki veitset TSPROF Blitz 360 -teroittimella.<br \/>\nKaikki hioma-aineet. Yleispidikkeell\u00e4 voidaan kiinnitt\u00e4\u00e4 mik\u00e4 tahansa hioma-aine 150 mm:iin asti. Aihioilla ja ilman.<\/p>\n<\/div>\n<p><b>TSPROF Blitz 360<\/b> &#8211; ammattik\u00e4ytt\u00f6\u00f6n tarkoitettu versio kompaktista veitsenteroittimesta <b>TSPROF Blitz<\/b> on v\u00e4ltt\u00e4m\u00e4t\u00f6n apuv\u00e4line pienten jokap\u00e4iv\u00e4isten veitsien teroittamiseen. Laitteen kokonaiskoko: 13x12x12cm, ja paino on vain 1,5 kg. Se on helppo ottaa mukaan retkelle luontoon yst\u00e4vien kanssa, ja sit\u00e4 on k\u00e4tev\u00e4 s\u00e4ilytt\u00e4\u00e4 kotona.<\/p>\n<p><b>Blitz 360<\/b> on varustettu <b>Flip-n-Sharp-k\u00e4\u00e4nt\u00f6mekanismilla<\/b>, jonka avulla voit teroittaa veitsen irrottamatta sit\u00e4 kiinnikkeist\u00e4. Kaksi ter\u00e4skiinnikett\u00e4 kiinnitt\u00e4v\u00e4t turvallisesti jopa 200 mm pitk\u00e4t veitset.<\/p>\n<p>Laitteen ainutlaatuinen ominaisuus on <b>V.C. Angleset<\/b> -j\u00e4rjestelm\u00e4. Kulman asettaminen Blitziss\u00e4 tapahtuu veitsen liikkeen ansiosta virtuaalisen keskipisteen suhteen. T\u00e4m\u00e4 lis\u00e4\u00e4 mukavuutta teroitettaessa ja v\u00e4hent\u00e4\u00e4 hioma-aineen vaikutusta teroituss\u00e4rm\u00e4\u00e4n.<\/p>\n<p><b>Blitz 360<\/b> -version erityispiirre on saranayksikk\u00f6, jota rungon koko ei rajoita. 360 asteen saranayksikk\u00f6 antaa sinulle t\u00e4ydellisen vapauden teroittaessasi. Teroituskulmien vaihteluv\u00e4li 360 asteen k\u00e4\u00e4nt\u00f6kulmalla on 70\u00b0 (35\u00b0 per puoli). T\u00e4m\u00e4 laajentaa teroitettujen veitsien valikoimaa merkitt\u00e4v\u00e4sti.<\/p>\n<p>Hiontaohjaussauva asennetaan saranayksikk\u00f6\u00f6n vain 0,02 mm:n v\u00e4lein. Ohjaussauvan hiljainen liike antaa uudenlaista mukavuutta ty\u00f6skentelyyn.<\/p>\n<p><b>TSPROF Blitz 360<\/b> on varustettu alustalla digitaaliselle mittatikulle, jonka avulla voit s\u00e4\u00e4t\u00e4\u00e4 ter\u00e4n teroituskulmaa asteen kymmenesosien tarkkuudella.<\/p>\n<p>Voit tehd\u00e4 veitsest\u00e4si t\u00e4ydellisen k\u00e4ytt\u00e4m\u00e4ll\u00e4 kiillotussarjaa.<\/p>\n<p>Blitz 360 <b>-hiomalaitteen yleisk\u00e4ytt\u00f6isen hiomapidikkeen<\/b> ansiosta voit ty\u00f6skennell\u00e4 kaikilla hiomateriaaleilla, joiden pituus on enint\u00e4\u00e4n 150 mm, jopa ilman aihiota.<\/p>\n<p><b>TSPROF Blitz<\/b> on ammattilaistason teroitus kotonasi. Nyt kompaktissa koossa.<\/p>\n<p><small>*muiden TSPROF-laitteiden joukossa vuodesta 2019 alkaen.<\/small><\/p>\n<p><strong>Blitz 360 Base Kit sis\u00e4lt\u00e4\u00e4:<\/strong><\/p>\n<ul>\n<li>&#8211; Blitz 360 Body<\/li>\n<li>&#8211; Universal hioma-ainepidike<\/li>\n<li>&#8211; Digitaalinen mittatikkujalusta<\/li>\n<li>&#8211; Varaosat: puskurit 5 kpl, ruuvit 2 kpl, kuusiokoloavaimet 1.5, 2mm.<\/li>\n<\/ul>\n<p>&nbsp;<\/p>\n<p>&nbsp;<\/p>\n<p>&nbsp;<\/p>\n<pre><\/pre>\n<p>&nbsp;<\/p>\n","protected":false},"excerpt":{"rendered":"<p>BLITZ 360 Base &#8211; TSPROF-tarkkuusveitsen teroitin Pieni koko. Kompaktein ammattik\u00e4ytt\u00f6\u00f6n tarkoitettu teroitin* T\u00e4ysin metallista. Valitsemme vain luotettavimmat materiaalit. Flip-n-Sharp-k\u00e4\u00e4nt\u00f6mekanismi. Teroita veitset mahdollisimman mukavasti. V. C. Angleset-j\u00e4rjestelm\u00e4. Valitse haluamasi kulma yhdell\u00e4 liikkeell\u00e4. S\u00e4\u00e4st\u00e4\u00e4 aikaa. Se on koottu muutamassa sekunnissa, ja teroitusprosessi vie hyvin v\u00e4h\u00e4n aikaa. Mik\u00e4 tahansa teroituskulma. Suurin teroituskulma jopa 70\u00b0, teroita kaikki veitset TSPROF Blitz 360 -teroittimella. Kaikki hioma-aineet. Yleispidikkeell\u00e4 voidaan kiinnitt\u00e4\u00e4 mik\u00e4 tahansa hioma-aine 150 mm:iin asti. Aihioilla ja ilman. TSPROF Blitz 360 &#8211; ammattik\u00e4ytt\u00f6\u00f6n tarkoitettu versio kompaktista veitsenteroittimesta TSPROF Blitz on v\u00e4ltt\u00e4m\u00e4t\u00f6n apuv\u00e4line pienten jokap\u00e4iv\u00e4isten veitsien teroittamiseen. Laitteen kokonaiskoko: 13x12x12cm, ja paino on vain 1,5 kg. Se&hellip;<\/p>\n","protected":false},"featured_media":94988,"template":"","meta":{"_themeisle_gutenberg_block_has_review":false},"product_brand":[],"product_cat":[468,467],"product_tag":[],"class_list":{"0":"post-90305","1":"product","2":"type-product","3":"status-publish","4":"has-post-thumbnail","6":"product_cat-myynti","7":"product_cat-veitsen-teroitus-veitsen-teroittimet","9":"first","10":"instock","11":"sale","12":"shipping-taxable","13":"purchasable","14":"product-type-simple"},"yoast_head":"<!-- This site is optimized with the Yoast SEO plugin v27.3 - https:\/\/yoast.com\/product\/yoast-seo-wordpress\/ -->\n<title>BLITZ 360 Base - TSPROF-tarkkuusveitsen teroitin - AAKnives<\/title>\n<meta name=\"description\" content=\"BLITZ 360 Base - TSPROF-tarkkuusveitsen teroitin\" \/>\n<meta name=\"robots\" content=\"index, follow, max-snippet:-1, max-image-preview:large, max-video-preview:-1\" \/>\n<link rel=\"canonical\" href=\"https:\/\/aaknives.eu\/fi\/product\/blitz-360-base-tsprof-tarkkuusveitsen-teroitin\/\" \/>\n<meta property=\"og:locale\" content=\"fi_FI\" \/>\n<meta property=\"og:type\" content=\"article\" \/>\n<meta property=\"og:title\" content=\"BLITZ 360 Base - TSPROF-tarkkuusveitsen teroitin - AAKnives\" \/>\n<meta property=\"og:description\" content=\"BLITZ 360 Base - TSPROF-tarkkuusveitsen teroitin\" \/>\n<meta property=\"og:url\" content=\"https:\/\/aaknives.eu\/fi\/product\/blitz-360-base-tsprof-tarkkuusveitsen-teroitin\/\" \/>\n<meta property=\"og:site_name\" content=\"AAKnives\" \/>\n<meta property=\"article:publisher\" content=\"https:\/\/www.facebook.com\/aaknives.eu\/\" \/>\n<meta property=\"article:modified_time\" content=\"2024-10-29T02:55:02+00:00\" \/>\n<meta property=\"og:image\" content=\"https:\/\/aaknives.eu\/wp-content\/uploads\/2024\/10\/aaknives-hand-forged-damascus-steel-blade-knife-handmade-custom-made-knife-handcrafted-knives-autinetools-northmen-n695-4-1.jpg\" \/>\n\t<meta property=\"og:image:width\" content=\"880\" \/>\n\t<meta property=\"og:image:height\" content=\"880\" \/>\n\t<meta property=\"og:image:type\" content=\"image\/jpeg\" \/>\n<meta name=\"twitter:card\" content=\"summary_large_image\" \/>\n<meta name=\"twitter:label1\" content=\"Arvioitu lukuaika\" \/>\n\t<meta name=\"twitter:data1\" content=\"2 minuuttia\" \/>\n<script type=\"application\/ld+json\" class=\"yoast-schema-graph\">{\"@context\":\"https:\\\/\\\/schema.org\",\"@graph\":[{\"@type\":\"WebPage\",\"@id\":\"https:\\\/\\\/aaknives.eu\\\/fi\\\/product\\\/blitz-360-base-tsprof-tarkkuusveitsen-teroitin\\\/\",\"url\":\"https:\\\/\\\/aaknives.eu\\\/fi\\\/product\\\/blitz-360-base-tsprof-tarkkuusveitsen-teroitin\\\/\",\"name\":\"BLITZ 360 Base - TSPROF-tarkkuusveitsen teroitin - AAKnives\",\"isPartOf\":{\"@id\":\"https:\\\/\\\/aaknives.eu\\\/fi\\\/#website\"},\"primaryImageOfPage\":{\"@id\":\"https:\\\/\\\/aaknives.eu\\\/fi\\\/product\\\/blitz-360-base-tsprof-tarkkuusveitsen-teroitin\\\/#primaryimage\"},\"image\":{\"@id\":\"https:\\\/\\\/aaknives.eu\\\/fi\\\/product\\\/blitz-360-base-tsprof-tarkkuusveitsen-teroitin\\\/#primaryimage\"},\"thumbnailUrl\":\"https:\\\/\\\/aaknives.eu\\\/wp-content\\\/uploads\\\/2024\\\/10\\\/aaknives-hand-forged-dabascus-steel-blade-knife-handmade-custom-made-knife-handcrafted-knives-autinetools-northmen-81.webp\",\"datePublished\":\"2024-10-29T02:11:40+00:00\",\"dateModified\":\"2024-10-29T02:55:02+00:00\",\"description\":\"BLITZ 360 Base - TSPROF-tarkkuusveitsen teroitin\",\"breadcrumb\":{\"@id\":\"https:\\\/\\\/aaknives.eu\\\/fi\\\/product\\\/blitz-360-base-tsprof-tarkkuusveitsen-teroitin\\\/#breadcrumb\"},\"inLanguage\":\"fi\",\"potentialAction\":[{\"@type\":\"ReadAction\",\"target\":[\"https:\\\/\\\/aaknives.eu\\\/fi\\\/product\\\/blitz-360-base-tsprof-tarkkuusveitsen-teroitin\\\/\"]}]},{\"@type\":\"ImageObject\",\"inLanguage\":\"fi\",\"@id\":\"https:\\\/\\\/aaknives.eu\\\/fi\\\/product\\\/blitz-360-base-tsprof-tarkkuusveitsen-teroitin\\\/#primaryimage\",\"url\":\"https:\\\/\\\/aaknives.eu\\\/wp-content\\\/uploads\\\/2024\\\/10\\\/aaknives-hand-forged-dabascus-steel-blade-knife-handmade-custom-made-knife-handcrafted-knives-autinetools-northmen-81.webp\",\"contentUrl\":\"https:\\\/\\\/aaknives.eu\\\/wp-content\\\/uploads\\\/2024\\\/10\\\/aaknives-hand-forged-dabascus-steel-blade-knife-handmade-custom-made-knife-handcrafted-knives-autinetools-northmen-81.webp\",\"width\":1200,\"height\":1200},{\"@type\":\"BreadcrumbList\",\"@id\":\"https:\\\/\\\/aaknives.eu\\\/fi\\\/product\\\/blitz-360-base-tsprof-tarkkuusveitsen-teroitin\\\/#breadcrumb\",\"itemListElement\":[{\"@type\":\"ListItem\",\"position\":1,\"name\":\"Home\",\"item\":\"https:\\\/\\\/aaknives.eu\\\/fi\\\/\"},{\"@type\":\"ListItem\",\"position\":2,\"name\":\"Kauppa\",\"item\":\"https:\\\/\\\/aaknives.eu\\\/kauppa\\\/\"},{\"@type\":\"ListItem\",\"position\":3,\"name\":\"BLITZ 360 Base &#8211; TSPROF-tarkkuusveitsen teroitin\"}]},{\"@type\":\"WebSite\",\"@id\":\"https:\\\/\\\/aaknives.eu\\\/fi\\\/#website\",\"url\":\"https:\\\/\\\/aaknives.eu\\\/fi\\\/\",\"name\":\"AAKnives\",\"description\":\"Handmade knives\",\"publisher\":{\"@id\":\"https:\\\/\\\/aaknives.eu\\\/fi\\\/#organization\"},\"potentialAction\":[{\"@type\":\"SearchAction\",\"target\":{\"@type\":\"EntryPoint\",\"urlTemplate\":\"https:\\\/\\\/aaknives.eu\\\/fi\\\/?s={search_term_string}\"},\"query-input\":{\"@type\":\"PropertyValueSpecification\",\"valueRequired\":true,\"valueName\":\"search_term_string\"}}],\"inLanguage\":\"fi\"},{\"@type\":\"Organization\",\"@id\":\"https:\\\/\\\/aaknives.eu\\\/fi\\\/#organization\",\"name\":\"AAKnives\",\"url\":\"https:\\\/\\\/aaknives.eu\\\/fi\\\/\",\"logo\":{\"@type\":\"ImageObject\",\"inLanguage\":\"fi\",\"@id\":\"https:\\\/\\\/aaknives.eu\\\/fi\\\/#\\\/schema\\\/logo\\\/image\\\/\",\"url\":\"https:\\\/\\\/aaknives.eu\\\/wp-content\\\/uploads\\\/2021\\\/10\\\/AAknives_Logo_Green.png\",\"contentUrl\":\"https:\\\/\\\/aaknives.eu\\\/wp-content\\\/uploads\\\/2021\\\/10\\\/AAknives_Logo_Green.png\",\"width\":1768,\"height\":1768,\"caption\":\"AAKnives\"},\"image\":{\"@id\":\"https:\\\/\\\/aaknives.eu\\\/fi\\\/#\\\/schema\\\/logo\\\/image\\\/\"},\"sameAs\":[\"https:\\\/\\\/www.facebook.com\\\/aaknives.eu\\\/\",\"https:\\\/\\\/www.instagram.com\\\/aaknives\\\/\",\"https:\\\/\\\/www.pinterest.com\\\/aa_knives\\\/\",\"https:\\\/\\\/www.youtube.com\\\/channel\\\/UCHOQFjrOkgT6s4FIw9LDKyw\\\/featured\"]}]}<\/script>\n<!-- \/ Yoast SEO plugin. -->","yoast_head_json":{"title":"BLITZ 360 Base - TSPROF-tarkkuusveitsen teroitin - AAKnives","description":"BLITZ 360 Base - TSPROF-tarkkuusveitsen teroitin","robots":{"index":"index","follow":"follow","max-snippet":"max-snippet:-1","max-image-preview":"max-image-preview:large","max-video-preview":"max-video-preview:-1"},"canonical":"https:\/\/aaknives.eu\/fi\/product\/blitz-360-base-tsprof-tarkkuusveitsen-teroitin\/","og_locale":"fi_FI","og_type":"article","og_title":"BLITZ 360 Base - TSPROF-tarkkuusveitsen teroitin - AAKnives","og_description":"BLITZ 360 Base - TSPROF-tarkkuusveitsen teroitin","og_url":"https:\/\/aaknives.eu\/fi\/product\/blitz-360-base-tsprof-tarkkuusveitsen-teroitin\/","og_site_name":"AAKnives","article_publisher":"https:\/\/www.facebook.com\/aaknives.eu\/","article_modified_time":"2024-10-29T02:55:02+00:00","og_image":[{"width":880,"height":880,"url":"https:\/\/aaknives.eu\/wp-content\/uploads\/2024\/10\/aaknives-hand-forged-damascus-steel-blade-knife-handmade-custom-made-knife-handcrafted-knives-autinetools-northmen-n695-4-1.jpg","type":"image\/jpeg"}],"twitter_card":"summary_large_image","twitter_misc":{"Arvioitu lukuaika":"2 minuuttia"},"schema":{"@context":"https:\/\/schema.org","@graph":[{"@type":"WebPage","@id":"https:\/\/aaknives.eu\/fi\/product\/blitz-360-base-tsprof-tarkkuusveitsen-teroitin\/","url":"https:\/\/aaknives.eu\/fi\/product\/blitz-360-base-tsprof-tarkkuusveitsen-teroitin\/","name":"BLITZ 360 Base - TSPROF-tarkkuusveitsen teroitin - AAKnives","isPartOf":{"@id":"https:\/\/aaknives.eu\/fi\/#website"},"primaryImageOfPage":{"@id":"https:\/\/aaknives.eu\/fi\/product\/blitz-360-base-tsprof-tarkkuusveitsen-teroitin\/#primaryimage"},"image":{"@id":"https:\/\/aaknives.eu\/fi\/product\/blitz-360-base-tsprof-tarkkuusveitsen-teroitin\/#primaryimage"},"thumbnailUrl":"https:\/\/aaknives.eu\/wp-content\/uploads\/2024\/10\/aaknives-hand-forged-dabascus-steel-blade-knife-handmade-custom-made-knife-handcrafted-knives-autinetools-northmen-81.webp","datePublished":"2024-10-29T02:11:40+00:00","dateModified":"2024-10-29T02:55:02+00:00","description":"BLITZ 360 Base - TSPROF-tarkkuusveitsen teroitin","breadcrumb":{"@id":"https:\/\/aaknives.eu\/fi\/product\/blitz-360-base-tsprof-tarkkuusveitsen-teroitin\/#breadcrumb"},"inLanguage":"fi","potentialAction":[{"@type":"ReadAction","target":["https:\/\/aaknives.eu\/fi\/product\/blitz-360-base-tsprof-tarkkuusveitsen-teroitin\/"]}]},{"@type":"ImageObject","inLanguage":"fi","@id":"https:\/\/aaknives.eu\/fi\/product\/blitz-360-base-tsprof-tarkkuusveitsen-teroitin\/#primaryimage","url":"https:\/\/aaknives.eu\/wp-content\/uploads\/2024\/10\/aaknives-hand-forged-dabascus-steel-blade-knife-handmade-custom-made-knife-handcrafted-knives-autinetools-northmen-81.webp","contentUrl":"https:\/\/aaknives.eu\/wp-content\/uploads\/2024\/10\/aaknives-hand-forged-dabascus-steel-blade-knife-handmade-custom-made-knife-handcrafted-knives-autinetools-northmen-81.webp","width":1200,"height":1200},{"@type":"BreadcrumbList","@id":"https:\/\/aaknives.eu\/fi\/product\/blitz-360-base-tsprof-tarkkuusveitsen-teroitin\/#breadcrumb","itemListElement":[{"@type":"ListItem","position":1,"name":"Home","item":"https:\/\/aaknives.eu\/fi\/"},{"@type":"ListItem","position":2,"name":"Kauppa","item":"https:\/\/aaknives.eu\/kauppa\/"},{"@type":"ListItem","position":3,"name":"BLITZ 360 Base &#8211; TSPROF-tarkkuusveitsen teroitin"}]},{"@type":"WebSite","@id":"https:\/\/aaknives.eu\/fi\/#website","url":"https:\/\/aaknives.eu\/fi\/","name":"AAKnives","description":"Handmade knives","publisher":{"@id":"https:\/\/aaknives.eu\/fi\/#organization"},"potentialAction":[{"@type":"SearchAction","target":{"@type":"EntryPoint","urlTemplate":"https:\/\/aaknives.eu\/fi\/?s={search_term_string}"},"query-input":{"@type":"PropertyValueSpecification","valueRequired":true,"valueName":"search_term_string"}}],"inLanguage":"fi"},{"@type":"Organization","@id":"https:\/\/aaknives.eu\/fi\/#organization","name":"AAKnives","url":"https:\/\/aaknives.eu\/fi\/","logo":{"@type":"ImageObject","inLanguage":"fi","@id":"https:\/\/aaknives.eu\/fi\/#\/schema\/logo\/image\/","url":"https:\/\/aaknives.eu\/wp-content\/uploads\/2021\/10\/AAknives_Logo_Green.png","contentUrl":"https:\/\/aaknives.eu\/wp-content\/uploads\/2021\/10\/AAknives_Logo_Green.png","width":1768,"height":1768,"caption":"AAKnives"},"image":{"@id":"https:\/\/aaknives.eu\/fi\/#\/schema\/logo\/image\/"},"sameAs":["https:\/\/www.facebook.com\/aaknives.eu\/","https:\/\/www.instagram.com\/aaknives\/","https:\/\/www.pinterest.com\/aa_knives\/","https:\/\/www.youtube.com\/channel\/UCHOQFjrOkgT6s4FIw9LDKyw\/featured"]}]}},"_links":{"self":[{"href":"https:\/\/aaknives.eu\/fi\/wp-json\/wp\/v2\/product\/90305","targetHints":{"allow":["GET"]}}],"collection":[{"href":"https:\/\/aaknives.eu\/fi\/wp-json\/wp\/v2\/product"}],"about":[{"href":"https:\/\/aaknives.eu\/fi\/wp-json\/wp\/v2\/types\/product"}],"wp:featuredmedia":[{"embeddable":true,"href":"https:\/\/aaknives.eu\/fi\/wp-json\/wp\/v2\/media\/94988"}],"wp:attachment":[{"href":"https:\/\/aaknives.eu\/fi\/wp-json\/wp\/v2\/media?parent=90305"}],"wp:term":[{"taxonomy":"product_brand","embeddable":true,"href":"https:\/\/aaknives.eu\/fi\/wp-json\/wp\/v2\/product_brand?post=90305"},{"taxonomy":"product_cat","embeddable":true,"href":"https:\/\/aaknives.eu\/fi\/wp-json\/wp\/v2\/product_cat?post=90305"},{"taxonomy":"product_tag","embeddable":true,"href":"https:\/\/aaknives.eu\/fi\/wp-json\/wp\/v2\/product_tag?post=90305"}],"curies":[{"name":"wp","href":"https:\/\/api.w.org\/{rel}","templated":true}]}}