{"id":90347,"date":"2024-10-29T02:01:47","date_gmt":"2024-10-29T02:01:47","guid":{"rendered":"https:\/\/aaknives.eu\/?post_type=product&#038;p=90347"},"modified":"2026-04-29T16:36:26","modified_gmt":"2026-04-29T16:36:26","slug":"veitsi-mushroom-hunting-sienenpoimintaveitsi-taottua-damascus-terasta","status":"publish","type":"product","link":"https:\/\/aaknives.eu\/fi\/product\/veitsi-mushroom-hunting-sienenpoimintaveitsi-taottua-damascus-terasta\/","title":{"rendered":"Veitsi &#8220;MUSHROOM HUNTING&#8221; sienenpoimintaveitsi taottua Damascus ter\u00e4st\u00e4."},"content":{"rendered":"<p>Veitsen tekniset tiedot: &#8220;SIENESTYS&#8221;<br \/>\nTer\u00e4s: taottua Damascus-ter\u00e4st\u00e4.<br \/>\nKovuus: 60-62 HRC.<br \/>\nTer\u00e4n pituus (mm): 87 \/ 3,42 tuumaa<br \/>\nTer\u00e4n paksuus (mm): 2 \/ 0,07 tuumaa<br \/>\nTer\u00e4n leveys (mm): 20 \/ 0,78 tuumaa<br \/>\nKahva: stabiloitua karjalankoivua<br \/>\nKokonaispituus (mm): 203 \/ 7,99 tuumaa<\/p>\n<p>K\u00e4sin taottu Damaskuster\u00e4ksest\u00e4 valmistettu ter\u00e4, joka on luotu paketista eri kovuutta ja viskositeettia olevia ter\u00e4ksi\u00e4, jotka taittuvat levyksi tietyss\u00e4 j\u00e4rjestyksess\u00e4. Seuraavaksi levy\u00e4 taotaan toistuvasti uudelleen, mink\u00e4 ansiosta muodostuu kerroksia ja ainutlaatuinen kuvio.<br \/>\nVaikea tekninen prosessi tehd\u00e4\u00e4n manuaalisesti. N\u00e4in valmistetulle ter\u00e4kselle on ominaista lis\u00e4\u00e4ntynyt lujuus, suuri kovuus, erinomaiset leikkausominaisuudet ja kauneus.<br \/>\nDamaskoksen ter\u00e4ss\u00e4 on yli 800-1000 kerrosta.<br \/>\nPaketti Damascuster\u00e4ksest\u00e4 valmistettu ter\u00e4 ShH15 + HVG + U10 A, l\u00e4mp\u00f6ilmaisu 860 \u00b0 C.<\/p>\n<p>Damascus-ter\u00e4puukkojen edut:<br \/>\nLis\u00e4\u00e4ntynyt lujuus<br \/>\nKorkea kovuus<br \/>\nErinomaiset leikkausominaisuudet<br \/>\nKaunis muotoilu<br \/>\nPitk\u00e4\u00e4n kest\u00e4v\u00e4 ter\u00e4vyys<\/p>\n<p>Ter\u00e4n kovuus 60-62 HRC.<br \/>\nCustom veitsi, k\u00e4sintehty veitsi, k\u00e4sin taottu veitsi, k\u00e4sin taottu ter\u00e4<\/p>\n","protected":false},"excerpt":{"rendered":"<p>Veitsen tekniset tiedot: &#8220;SIENESTYS&#8221; Ter\u00e4s: taottua Damascus-ter\u00e4st\u00e4. Kovuus: 60-62 HRC. Ter\u00e4n pituus (mm): 87 \/ 3,42 tuumaa Ter\u00e4n paksuus (mm): 2 \/ 0,07 tuumaa Ter\u00e4n leveys (mm): 20 \/ 0,78 tuumaa Kahva: stabiloitua karjalankoivua Kokonaispituus (mm): 203 \/ 7,99 tuumaa K\u00e4sin taottu Damaskuster\u00e4ksest\u00e4 valmistettu ter\u00e4, joka on luotu paketista eri kovuutta ja viskositeettia olevia ter\u00e4ksi\u00e4, jotka taittuvat levyksi tietyss\u00e4 j\u00e4rjestyksess\u00e4. Seuraavaksi levy\u00e4 taotaan toistuvasti uudelleen, mink\u00e4 ansiosta muodostuu kerroksia ja ainutlaatuinen kuvio. Vaikea tekninen prosessi tehd\u00e4\u00e4n manuaalisesti. N\u00e4in valmistetulle ter\u00e4kselle on ominaista lis\u00e4\u00e4ntynyt lujuus, suuri kovuus, erinomaiset leikkausominaisuudet ja kauneus. Damaskoksen ter\u00e4ss\u00e4 on yli 800-1000 kerrosta. Paketti Damascuster\u00e4ksest\u00e4 valmistettu ter\u00e4&hellip;<\/p>\n","protected":false},"featured_media":109459,"template":"","meta":{"_themeisle_gutenberg_block_has_review":false},"product_brand":[],"product_cat":[456,464,452],"product_tag":[],"class_list":{"0":"post-90347","1":"product","2":"type-product","3":"status-publish","4":"has-post-thumbnail","6":"product_cat-kalastusveitset","7":"product_cat-sienten-poimintaveitset","8":"product_cat-ulkoveitset","10":"first","11":"instock","12":"shipping-taxable","13":"purchasable","14":"product-type-simple"},"yoast_head":"<!-- This site is optimized with the Yoast SEO plugin v27.5 - https:\/\/yoast.com\/product\/yoast-seo-wordpress\/ -->\n<title>Veitsi &quot;MUSHROOM HUNTING&quot; sienenpoimintaveitsi taottua Damascus ter\u00e4st\u00e4. - AAKnives<\/title>\n<meta name=\"description\" content=\"K\u00e4sin taottu Damaskoksen ter\u00e4ksest\u00e4 valmistettu ter\u00e4, joka on luotu eri kovuuksisten ja viskositeettisten ter\u00e4sten yhdistelm\u00e4st\u00e4, jotka taittuvat levyksi tietyss\u00e4 j\u00e4rjestyksess\u00e4.\" \/>\n<meta name=\"robots\" content=\"index, follow, max-snippet:-1, max-image-preview:large, max-video-preview:-1\" \/>\n<link rel=\"canonical\" href=\"https:\/\/aaknives.eu\/fi\/product\/veitsi-mushroom-hunting-sienenpoimintaveitsi-taottua-damascus-terasta\/\" \/>\n<meta property=\"og:locale\" content=\"fi_FI\" \/>\n<meta property=\"og:type\" content=\"article\" \/>\n<meta property=\"og:title\" content=\"Veitsi &quot;MUSHROOM HUNTING&quot; sienenpoimintaveitsi taottua Damascus ter\u00e4st\u00e4. - AAKnives\" \/>\n<meta property=\"og:description\" content=\"K\u00e4sin taottu Damaskoksen ter\u00e4ksest\u00e4 valmistettu ter\u00e4, joka on luotu eri kovuuksisten ja viskositeettisten ter\u00e4sten yhdistelm\u00e4st\u00e4, jotka taittuvat levyksi tietyss\u00e4 j\u00e4rjestyksess\u00e4.\" \/>\n<meta property=\"og:url\" content=\"https:\/\/aaknives.eu\/fi\/product\/veitsi-mushroom-hunting-sienenpoimintaveitsi-taottua-damascus-terasta\/\" \/>\n<meta property=\"og:site_name\" content=\"AAKnives\" \/>\n<meta property=\"article:publisher\" content=\"https:\/\/www.facebook.com\/aaknives.eu\/\" \/>\n<meta property=\"article:modified_time\" content=\"2026-04-29T16:36:26+00:00\" \/>\n<meta property=\"og:image\" content=\"https:\/\/aaknives.eu\/wp-content\/uploads\/2024\/10\/aaknives-hand-forged-damascus-steel-blade-knife-handmade-custom-made-knife-handcrafted-knives-autinetools-northmen-89.jpg\" \/>\n\t<meta property=\"og:image:width\" content=\"1020\" \/>\n\t<meta property=\"og:image:height\" content=\"880\" \/>\n\t<meta property=\"og:image:type\" content=\"image\/jpeg\" \/>\n<meta name=\"twitter:card\" content=\"summary_large_image\" \/>\n<meta name=\"twitter:label1\" content=\"Arvioitu lukuaika\" \/>\n\t<meta name=\"twitter:data1\" content=\"1 minuutti\" \/>\n<script type=\"application\/ld+json\" class=\"yoast-schema-graph\">{\"@context\":\"https:\\\/\\\/schema.org\",\"@graph\":[{\"@type\":\"WebPage\",\"@id\":\"https:\\\/\\\/aaknives.eu\\\/fi\\\/product\\\/veitsi-mushroom-hunting-sienenpoimintaveitsi-taottua-damascus-terasta\\\/\",\"url\":\"https:\\\/\\\/aaknives.eu\\\/fi\\\/product\\\/veitsi-mushroom-hunting-sienenpoimintaveitsi-taottua-damascus-terasta\\\/\",\"name\":\"Veitsi \\\"MUSHROOM HUNTING\\\" sienenpoimintaveitsi taottua Damascus ter\u00e4st\u00e4. - AAKnives\",\"isPartOf\":{\"@id\":\"https:\\\/\\\/aaknives.eu\\\/fi\\\/#website\"},\"primaryImageOfPage\":{\"@id\":\"https:\\\/\\\/aaknives.eu\\\/fi\\\/product\\\/veitsi-mushroom-hunting-sienenpoimintaveitsi-taottua-damascus-terasta\\\/#primaryimage\"},\"image\":{\"@id\":\"https:\\\/\\\/aaknives.eu\\\/fi\\\/product\\\/veitsi-mushroom-hunting-sienenpoimintaveitsi-taottua-damascus-terasta\\\/#primaryimage\"},\"thumbnailUrl\":\"https:\\\/\\\/aaknives.eu\\\/wp-content\\\/uploads\\\/2024\\\/10\\\/aaknives-hand-forged-damascus-steel-blade-knife-handmade-custom-made-knife-handcrafted-knives-autinetools-northmen-89.jpg\",\"datePublished\":\"2024-10-29T02:01:47+00:00\",\"dateModified\":\"2026-04-29T16:36:26+00:00\",\"description\":\"K\u00e4sin taottu Damaskoksen ter\u00e4ksest\u00e4 valmistettu ter\u00e4, joka on luotu eri kovuuksisten ja viskositeettisten ter\u00e4sten yhdistelm\u00e4st\u00e4, jotka taittuvat levyksi tietyss\u00e4 j\u00e4rjestyksess\u00e4.\",\"breadcrumb\":{\"@id\":\"https:\\\/\\\/aaknives.eu\\\/fi\\\/product\\\/veitsi-mushroom-hunting-sienenpoimintaveitsi-taottua-damascus-terasta\\\/#breadcrumb\"},\"inLanguage\":\"fi\",\"potentialAction\":[{\"@type\":\"ReadAction\",\"target\":[\"https:\\\/\\\/aaknives.eu\\\/fi\\\/product\\\/veitsi-mushroom-hunting-sienenpoimintaveitsi-taottua-damascus-terasta\\\/\"]}]},{\"@type\":\"ImageObject\",\"inLanguage\":\"fi\",\"@id\":\"https:\\\/\\\/aaknives.eu\\\/fi\\\/product\\\/veitsi-mushroom-hunting-sienenpoimintaveitsi-taottua-damascus-terasta\\\/#primaryimage\",\"url\":\"https:\\\/\\\/aaknives.eu\\\/wp-content\\\/uploads\\\/2024\\\/10\\\/aaknives-hand-forged-damascus-steel-blade-knife-handmade-custom-made-knife-handcrafted-knives-autinetools-northmen-89.jpg\",\"contentUrl\":\"https:\\\/\\\/aaknives.eu\\\/wp-content\\\/uploads\\\/2024\\\/10\\\/aaknives-hand-forged-damascus-steel-blade-knife-handmade-custom-made-knife-handcrafted-knives-autinetools-northmen-89.jpg\",\"width\":1020,\"height\":880},{\"@type\":\"BreadcrumbList\",\"@id\":\"https:\\\/\\\/aaknives.eu\\\/fi\\\/product\\\/veitsi-mushroom-hunting-sienenpoimintaveitsi-taottua-damascus-terasta\\\/#breadcrumb\",\"itemListElement\":[{\"@type\":\"ListItem\",\"position\":1,\"name\":\"Home\",\"item\":\"https:\\\/\\\/aaknives.eu\\\/fi\\\/\"},{\"@type\":\"ListItem\",\"position\":2,\"name\":\"Kauppa\",\"item\":\"https:\\\/\\\/aaknives.eu\\\/kauppa\\\/\"},{\"@type\":\"ListItem\",\"position\":3,\"name\":\"Veitsi &#8220;MUSHROOM HUNTING&#8221; sienenpoimintaveitsi taottua Damascus ter\u00e4st\u00e4.\"}]},{\"@type\":\"WebSite\",\"@id\":\"https:\\\/\\\/aaknives.eu\\\/fi\\\/#website\",\"url\":\"https:\\\/\\\/aaknives.eu\\\/fi\\\/\",\"name\":\"AAKnives\",\"description\":\"Handmade knives\",\"publisher\":{\"@id\":\"https:\\\/\\\/aaknives.eu\\\/fi\\\/#organization\"},\"potentialAction\":[{\"@type\":\"SearchAction\",\"target\":{\"@type\":\"EntryPoint\",\"urlTemplate\":\"https:\\\/\\\/aaknives.eu\\\/fi\\\/?s={search_term_string}\"},\"query-input\":{\"@type\":\"PropertyValueSpecification\",\"valueRequired\":true,\"valueName\":\"search_term_string\"}}],\"inLanguage\":\"fi\"},{\"@type\":\"Organization\",\"@id\":\"https:\\\/\\\/aaknives.eu\\\/fi\\\/#organization\",\"name\":\"AAKnives\",\"url\":\"https:\\\/\\\/aaknives.eu\\\/fi\\\/\",\"logo\":{\"@type\":\"ImageObject\",\"inLanguage\":\"fi\",\"@id\":\"https:\\\/\\\/aaknives.eu\\\/fi\\\/#\\\/schema\\\/logo\\\/image\\\/\",\"url\":\"https:\\\/\\\/aaknives.eu\\\/wp-content\\\/uploads\\\/2021\\\/10\\\/AAknives_Logo_Green.png\",\"contentUrl\":\"https:\\\/\\\/aaknives.eu\\\/wp-content\\\/uploads\\\/2021\\\/10\\\/AAknives_Logo_Green.png\",\"width\":1768,\"height\":1768,\"caption\":\"AAKnives\"},\"image\":{\"@id\":\"https:\\\/\\\/aaknives.eu\\\/fi\\\/#\\\/schema\\\/logo\\\/image\\\/\"},\"sameAs\":[\"https:\\\/\\\/www.facebook.com\\\/aaknives.eu\\\/\",\"https:\\\/\\\/www.instagram.com\\\/aaknives\\\/\",\"https:\\\/\\\/www.pinterest.com\\\/aa_knives\\\/\",\"https:\\\/\\\/www.youtube.com\\\/channel\\\/UCHOQFjrOkgT6s4FIw9LDKyw\\\/featured\"]}]}<\/script>\n<!-- \/ Yoast SEO plugin. -->","yoast_head_json":{"title":"Veitsi \"MUSHROOM HUNTING\" sienenpoimintaveitsi taottua Damascus ter\u00e4st\u00e4. - AAKnives","description":"K\u00e4sin taottu Damaskoksen ter\u00e4ksest\u00e4 valmistettu ter\u00e4, joka on luotu eri kovuuksisten ja viskositeettisten ter\u00e4sten yhdistelm\u00e4st\u00e4, jotka taittuvat levyksi tietyss\u00e4 j\u00e4rjestyksess\u00e4.","robots":{"index":"index","follow":"follow","max-snippet":"max-snippet:-1","max-image-preview":"max-image-preview:large","max-video-preview":"max-video-preview:-1"},"canonical":"https:\/\/aaknives.eu\/fi\/product\/veitsi-mushroom-hunting-sienenpoimintaveitsi-taottua-damascus-terasta\/","og_locale":"fi_FI","og_type":"article","og_title":"Veitsi \"MUSHROOM HUNTING\" sienenpoimintaveitsi taottua Damascus ter\u00e4st\u00e4. - AAKnives","og_description":"K\u00e4sin taottu Damaskoksen ter\u00e4ksest\u00e4 valmistettu ter\u00e4, joka on luotu eri kovuuksisten ja viskositeettisten ter\u00e4sten yhdistelm\u00e4st\u00e4, jotka taittuvat levyksi tietyss\u00e4 j\u00e4rjestyksess\u00e4.","og_url":"https:\/\/aaknives.eu\/fi\/product\/veitsi-mushroom-hunting-sienenpoimintaveitsi-taottua-damascus-terasta\/","og_site_name":"AAKnives","article_publisher":"https:\/\/www.facebook.com\/aaknives.eu\/","article_modified_time":"2026-04-29T16:36:26+00:00","og_image":[{"width":1020,"height":880,"url":"https:\/\/aaknives.eu\/wp-content\/uploads\/2024\/10\/aaknives-hand-forged-damascus-steel-blade-knife-handmade-custom-made-knife-handcrafted-knives-autinetools-northmen-89.jpg","type":"image\/jpeg"}],"twitter_card":"summary_large_image","twitter_misc":{"Arvioitu lukuaika":"1 minuutti"},"schema":{"@context":"https:\/\/schema.org","@graph":[{"@type":"WebPage","@id":"https:\/\/aaknives.eu\/fi\/product\/veitsi-mushroom-hunting-sienenpoimintaveitsi-taottua-damascus-terasta\/","url":"https:\/\/aaknives.eu\/fi\/product\/veitsi-mushroom-hunting-sienenpoimintaveitsi-taottua-damascus-terasta\/","name":"Veitsi \"MUSHROOM HUNTING\" sienenpoimintaveitsi taottua Damascus ter\u00e4st\u00e4. - AAKnives","isPartOf":{"@id":"https:\/\/aaknives.eu\/fi\/#website"},"primaryImageOfPage":{"@id":"https:\/\/aaknives.eu\/fi\/product\/veitsi-mushroom-hunting-sienenpoimintaveitsi-taottua-damascus-terasta\/#primaryimage"},"image":{"@id":"https:\/\/aaknives.eu\/fi\/product\/veitsi-mushroom-hunting-sienenpoimintaveitsi-taottua-damascus-terasta\/#primaryimage"},"thumbnailUrl":"https:\/\/aaknives.eu\/wp-content\/uploads\/2024\/10\/aaknives-hand-forged-damascus-steel-blade-knife-handmade-custom-made-knife-handcrafted-knives-autinetools-northmen-89.jpg","datePublished":"2024-10-29T02:01:47+00:00","dateModified":"2026-04-29T16:36:26+00:00","description":"K\u00e4sin taottu Damaskoksen ter\u00e4ksest\u00e4 valmistettu ter\u00e4, joka on luotu eri kovuuksisten ja viskositeettisten ter\u00e4sten yhdistelm\u00e4st\u00e4, jotka taittuvat levyksi tietyss\u00e4 j\u00e4rjestyksess\u00e4.","breadcrumb":{"@id":"https:\/\/aaknives.eu\/fi\/product\/veitsi-mushroom-hunting-sienenpoimintaveitsi-taottua-damascus-terasta\/#breadcrumb"},"inLanguage":"fi","potentialAction":[{"@type":"ReadAction","target":["https:\/\/aaknives.eu\/fi\/product\/veitsi-mushroom-hunting-sienenpoimintaveitsi-taottua-damascus-terasta\/"]}]},{"@type":"ImageObject","inLanguage":"fi","@id":"https:\/\/aaknives.eu\/fi\/product\/veitsi-mushroom-hunting-sienenpoimintaveitsi-taottua-damascus-terasta\/#primaryimage","url":"https:\/\/aaknives.eu\/wp-content\/uploads\/2024\/10\/aaknives-hand-forged-damascus-steel-blade-knife-handmade-custom-made-knife-handcrafted-knives-autinetools-northmen-89.jpg","contentUrl":"https:\/\/aaknives.eu\/wp-content\/uploads\/2024\/10\/aaknives-hand-forged-damascus-steel-blade-knife-handmade-custom-made-knife-handcrafted-knives-autinetools-northmen-89.jpg","width":1020,"height":880},{"@type":"BreadcrumbList","@id":"https:\/\/aaknives.eu\/fi\/product\/veitsi-mushroom-hunting-sienenpoimintaveitsi-taottua-damascus-terasta\/#breadcrumb","itemListElement":[{"@type":"ListItem","position":1,"name":"Home","item":"https:\/\/aaknives.eu\/fi\/"},{"@type":"ListItem","position":2,"name":"Kauppa","item":"https:\/\/aaknives.eu\/kauppa\/"},{"@type":"ListItem","position":3,"name":"Veitsi &#8220;MUSHROOM HUNTING&#8221; sienenpoimintaveitsi taottua Damascus ter\u00e4st\u00e4."}]},{"@type":"WebSite","@id":"https:\/\/aaknives.eu\/fi\/#website","url":"https:\/\/aaknives.eu\/fi\/","name":"AAKnives","description":"Handmade knives","publisher":{"@id":"https:\/\/aaknives.eu\/fi\/#organization"},"potentialAction":[{"@type":"SearchAction","target":{"@type":"EntryPoint","urlTemplate":"https:\/\/aaknives.eu\/fi\/?s={search_term_string}"},"query-input":{"@type":"PropertyValueSpecification","valueRequired":true,"valueName":"search_term_string"}}],"inLanguage":"fi"},{"@type":"Organization","@id":"https:\/\/aaknives.eu\/fi\/#organization","name":"AAKnives","url":"https:\/\/aaknives.eu\/fi\/","logo":{"@type":"ImageObject","inLanguage":"fi","@id":"https:\/\/aaknives.eu\/fi\/#\/schema\/logo\/image\/","url":"https:\/\/aaknives.eu\/wp-content\/uploads\/2021\/10\/AAknives_Logo_Green.png","contentUrl":"https:\/\/aaknives.eu\/wp-content\/uploads\/2021\/10\/AAknives_Logo_Green.png","width":1768,"height":1768,"caption":"AAKnives"},"image":{"@id":"https:\/\/aaknives.eu\/fi\/#\/schema\/logo\/image\/"},"sameAs":["https:\/\/www.facebook.com\/aaknives.eu\/","https:\/\/www.instagram.com\/aaknives\/","https:\/\/www.pinterest.com\/aa_knives\/","https:\/\/www.youtube.com\/channel\/UCHOQFjrOkgT6s4FIw9LDKyw\/featured"]}]}},"_links":{"self":[{"href":"https:\/\/aaknives.eu\/fi\/wp-json\/wp\/v2\/product\/90347","targetHints":{"allow":["GET"]}}],"collection":[{"href":"https:\/\/aaknives.eu\/fi\/wp-json\/wp\/v2\/product"}],"about":[{"href":"https:\/\/aaknives.eu\/fi\/wp-json\/wp\/v2\/types\/product"}],"wp:featuredmedia":[{"embeddable":true,"href":"https:\/\/aaknives.eu\/fi\/wp-json\/wp\/v2\/media\/109459"}],"wp:attachment":[{"href":"https:\/\/aaknives.eu\/fi\/wp-json\/wp\/v2\/media?parent=90347"}],"wp:term":[{"taxonomy":"product_brand","embeddable":true,"href":"https:\/\/aaknives.eu\/fi\/wp-json\/wp\/v2\/product_brand?post=90347"},{"taxonomy":"product_cat","embeddable":true,"href":"https:\/\/aaknives.eu\/fi\/wp-json\/wp\/v2\/product_cat?post=90347"},{"taxonomy":"product_tag","embeddable":true,"href":"https:\/\/aaknives.eu\/fi\/wp-json\/wp\/v2\/product_tag?post=90347"}],"curies":[{"name":"wp","href":"https:\/\/api.w.org\/{rel}","templated":true}]}}