{"id":90385,"date":"2024-10-29T01:58:49","date_gmt":"2024-10-29T01:58:49","guid":{"rendered":"https:\/\/aaknives.eu\/?post_type=product&#038;p=90385"},"modified":"2025-02-25T17:20:28","modified_gmt":"2025-02-25T17:20:28","slug":"veitsi-stone-age-4-kasin-taottu-damaskusteraksesta-valmistettu-teraveitsi","status":"publish","type":"product","link":"https:\/\/aaknives.eu\/fi\/product\/veitsi-stone-age-4-kasin-taottu-damaskusteraksesta-valmistettu-teraveitsi\/","title":{"rendered":"Puukko &#8221;YAKUT&#8221;, k\u00e4sin taottu Damaskoksen ter\u00e4ksinen veitsi, sopii erinomaisesti mets\u00e4stys-, retkeily- ja ulkoveitsiksi"},"content":{"rendered":"<p>Veitsen tekniset tiedot: YAKUT<br \/>\nTer\u00e4s: K\u00e4sin taottu Damaskoster\u00e4ksinen mets\u00e4stysveitsi, (HVG, U10, ShH15), 800 kerrosta, koristeelliset taontaj\u00e4ljet<br \/>\nKovuus: 60-62 HRC<br \/>\nTer\u00e4n pituus (mm): 145 \/ 5,70 tuumaa<br \/>\nTer\u00e4n paksuus (mm): 3 \/ 0,09 tuumaa<br \/>\nTer\u00e4n leveys (mm): 27 \/ 1,06 tuumaa<br \/>\nKahva: Koivu + Bubinga puu<br \/>\nKokonaispituus (mm): 266 \/ 10,47 tuumaa<\/p>\n<p>K\u00e4sin taottu Damaskuster\u00e4s, joka on luotu paketista eri kovuus- ja viskositeetti\u00e4 olevia ter\u00e4ksi\u00e4, jotka taittuvat levyksi tietyss\u00e4 j\u00e4rjestyksess\u00e4. Seuraavaksi levy taotaan toistuvasti uudelleen, mink\u00e4 ansiosta muodostuu kerroksia ja ainutlaatuinen kuvio.<br \/>\nVaikea tekninen prosessi tehd\u00e4\u00e4n manuaalisesti. T\u00e4ll\u00e4 tavalla saadulle ter\u00e4kselle on ominaista lis\u00e4\u00e4ntynyt lujuus, korkea kovuus, erinomaiset leikkausominaisuudet ja kauneus.<br \/>\nDamaskoster\u00e4s yli 700-1000 kerrosta.<br \/>\nPaketti damastiter\u00e4s ShH15 + HVG + U10A, l\u00e4mp\u00f6ilme 860 \u00b0C<\/p>\n<p>Damaskoksen ter\u00e4ksen veitsien edut:<br \/>\nLis\u00e4\u00e4ntynyt voima<br \/>\nKorkea kovuus<br \/>\nErinomaiset leikkausominaisuudet<br \/>\nKaunis muotoilu<br \/>\nPitk\u00e4kestoinen ter\u00e4vyys<\/p>\n<p>Ter\u00e4n kovuus 60-62 HRC.<br \/>\nK\u00e4sintehty<\/p>\n","protected":false},"excerpt":{"rendered":"<p>Veitsen tekniset tiedot: YAKUT Ter\u00e4s: K\u00e4sin taottu Damaskoster\u00e4ksinen mets\u00e4stysveitsi, (HVG, U10, ShH15), 800 kerrosta, koristeelliset taontaj\u00e4ljet Kovuus: 60-62 HRC Ter\u00e4n pituus (mm): 145 \/ 5,70 tuumaa Ter\u00e4n paksuus (mm): 3 \/ 0,09 tuumaa Ter\u00e4n leveys (mm): 27 \/ 1,06 tuumaa Kahva: Koivu + Bubinga puu Kokonaispituus (mm): 266 \/ 10,47 tuumaa K\u00e4sin taottu Damaskuster\u00e4s, joka on luotu paketista eri kovuus- ja viskositeetti\u00e4 olevia ter\u00e4ksi\u00e4, jotka taittuvat levyksi tietyss\u00e4 j\u00e4rjestyksess\u00e4. Seuraavaksi levy taotaan toistuvasti uudelleen, mink\u00e4 ansiosta muodostuu kerroksia ja ainutlaatuinen kuvio. Vaikea tekninen prosessi tehd\u00e4\u00e4n manuaalisesti. T\u00e4ll\u00e4 tavalla saadulle ter\u00e4kselle on ominaista lis\u00e4\u00e4ntynyt lujuus, korkea kovuus, erinomaiset leikkausominaisuudet ja kauneus.&hellip;<\/p>\n","protected":false},"featured_media":97265,"template":"","meta":{"_themeisle_gutenberg_block_has_review":false},"product_brand":[],"product_cat":[456,453,459,452],"product_tag":[],"class_list":{"0":"post-90385","1":"product","2":"type-product","3":"status-publish","4":"has-post-thumbnail","6":"product_cat-kalastusveitset","7":"product_cat-metsastysveitset","8":"product_cat-premium-ja-exclusive-veitset","9":"product_cat-ulkoveitset","11":"first","12":"instock","13":"shipping-taxable","14":"purchasable","15":"product-type-simple"},"yoast_head":"<!-- This site is optimized with the Yoast SEO plugin v27.5 - https:\/\/yoast.com\/product\/yoast-seo-wordpress\/ -->\n<title>Puukko &#039;&#039;YAKUT&#039;&#039;, k\u00e4sin taottu Damaskoksen ter\u00e4ksinen veitsi, sopii erinomaisesti mets\u00e4stys-, retkeily- ja ulkoveitsiksi - AAKnives<\/title>\n<meta name=\"description\" content=\"Puukko &#039;&#039;YAKUT&#039;&#039;, k\u00e4sin taottu Damaskoksen ter\u00e4ksinen veitsi, sopii erinomaisesti mets\u00e4stys-, retkeily- ja ulkoveitsiksi\" \/>\n<meta name=\"robots\" content=\"index, follow, max-snippet:-1, max-image-preview:large, max-video-preview:-1\" \/>\n<link rel=\"canonical\" href=\"https:\/\/aaknives.eu\/fi\/product\/veitsi-stone-age-4-kasin-taottu-damaskusteraksesta-valmistettu-teraveitsi\/\" \/>\n<meta property=\"og:locale\" content=\"fi_FI\" \/>\n<meta property=\"og:type\" content=\"article\" \/>\n<meta property=\"og:title\" content=\"Puukko &#039;&#039;YAKUT&#039;&#039;, k\u00e4sin taottu Damaskoksen ter\u00e4ksinen veitsi, sopii erinomaisesti mets\u00e4stys-, retkeily- ja ulkoveitsiksi - AAKnives\" \/>\n<meta property=\"og:description\" content=\"Puukko &#039;&#039;YAKUT&#039;&#039;, k\u00e4sin taottu Damaskoksen ter\u00e4ksinen veitsi, sopii erinomaisesti mets\u00e4stys-, retkeily- ja ulkoveitsiksi\" \/>\n<meta property=\"og:url\" content=\"https:\/\/aaknives.eu\/fi\/product\/veitsi-stone-age-4-kasin-taottu-damaskusteraksesta-valmistettu-teraveitsi\/\" \/>\n<meta property=\"og:site_name\" content=\"AAKnives\" \/>\n<meta property=\"article:publisher\" content=\"https:\/\/www.facebook.com\/aaknives.eu\/\" \/>\n<meta property=\"article:modified_time\" content=\"2025-02-25T17:20:28+00:00\" \/>\n<meta property=\"og:image\" content=\"https:\/\/aaknives.eu\/wp-content\/uploads\/2024\/10\/aaknives-hand-forged-damascus-steel-blade-knife-handmade-custom-made-knife-handcrafted-knives-autinetools-northmen-17.2.jpg\" \/>\n\t<meta property=\"og:image:width\" content=\"1020\" \/>\n\t<meta property=\"og:image:height\" content=\"880\" \/>\n\t<meta property=\"og:image:type\" content=\"image\/jpeg\" \/>\n<meta name=\"twitter:card\" content=\"summary_large_image\" \/>\n<meta name=\"twitter:label1\" content=\"Arvioitu lukuaika\" \/>\n\t<meta name=\"twitter:data1\" content=\"1 minuutti\" \/>\n<script type=\"application\/ld+json\" class=\"yoast-schema-graph\">{\"@context\":\"https:\\\/\\\/schema.org\",\"@graph\":[{\"@type\":\"WebPage\",\"@id\":\"https:\\\/\\\/aaknives.eu\\\/fi\\\/product\\\/veitsi-stone-age-4-kasin-taottu-damaskusteraksesta-valmistettu-teraveitsi\\\/\",\"url\":\"https:\\\/\\\/aaknives.eu\\\/fi\\\/product\\\/veitsi-stone-age-4-kasin-taottu-damaskusteraksesta-valmistettu-teraveitsi\\\/\",\"name\":\"Puukko ''YAKUT'', k\u00e4sin taottu Damaskoksen ter\u00e4ksinen veitsi, sopii erinomaisesti mets\u00e4stys-, retkeily- ja ulkoveitsiksi - AAKnives\",\"isPartOf\":{\"@id\":\"https:\\\/\\\/aaknives.eu\\\/fi\\\/#website\"},\"primaryImageOfPage\":{\"@id\":\"https:\\\/\\\/aaknives.eu\\\/fi\\\/product\\\/veitsi-stone-age-4-kasin-taottu-damaskusteraksesta-valmistettu-teraveitsi\\\/#primaryimage\"},\"image\":{\"@id\":\"https:\\\/\\\/aaknives.eu\\\/fi\\\/product\\\/veitsi-stone-age-4-kasin-taottu-damaskusteraksesta-valmistettu-teraveitsi\\\/#primaryimage\"},\"thumbnailUrl\":\"https:\\\/\\\/aaknives.eu\\\/wp-content\\\/uploads\\\/2024\\\/10\\\/aaknives-hand-forged-damascus-steel-blade-knife-handmade-custom-made-knife-handcrafted-knives-autinetools-northmen-17.2.jpg\",\"datePublished\":\"2024-10-29T01:58:49+00:00\",\"dateModified\":\"2025-02-25T17:20:28+00:00\",\"description\":\"Puukko ''YAKUT'', k\u00e4sin taottu Damaskoksen ter\u00e4ksinen veitsi, sopii erinomaisesti mets\u00e4stys-, retkeily- ja ulkoveitsiksi\",\"breadcrumb\":{\"@id\":\"https:\\\/\\\/aaknives.eu\\\/fi\\\/product\\\/veitsi-stone-age-4-kasin-taottu-damaskusteraksesta-valmistettu-teraveitsi\\\/#breadcrumb\"},\"inLanguage\":\"fi\",\"potentialAction\":[{\"@type\":\"ReadAction\",\"target\":[\"https:\\\/\\\/aaknives.eu\\\/fi\\\/product\\\/veitsi-stone-age-4-kasin-taottu-damaskusteraksesta-valmistettu-teraveitsi\\\/\"]}]},{\"@type\":\"ImageObject\",\"inLanguage\":\"fi\",\"@id\":\"https:\\\/\\\/aaknives.eu\\\/fi\\\/product\\\/veitsi-stone-age-4-kasin-taottu-damaskusteraksesta-valmistettu-teraveitsi\\\/#primaryimage\",\"url\":\"https:\\\/\\\/aaknives.eu\\\/wp-content\\\/uploads\\\/2024\\\/10\\\/aaknives-hand-forged-damascus-steel-blade-knife-handmade-custom-made-knife-handcrafted-knives-autinetools-northmen-17.2.jpg\",\"contentUrl\":\"https:\\\/\\\/aaknives.eu\\\/wp-content\\\/uploads\\\/2024\\\/10\\\/aaknives-hand-forged-damascus-steel-blade-knife-handmade-custom-made-knife-handcrafted-knives-autinetools-northmen-17.2.jpg\",\"width\":1020,\"height\":880},{\"@type\":\"BreadcrumbList\",\"@id\":\"https:\\\/\\\/aaknives.eu\\\/fi\\\/product\\\/veitsi-stone-age-4-kasin-taottu-damaskusteraksesta-valmistettu-teraveitsi\\\/#breadcrumb\",\"itemListElement\":[{\"@type\":\"ListItem\",\"position\":1,\"name\":\"Home\",\"item\":\"https:\\\/\\\/aaknives.eu\\\/fi\\\/\"},{\"@type\":\"ListItem\",\"position\":2,\"name\":\"Kauppa\",\"item\":\"https:\\\/\\\/aaknives.eu\\\/kauppa\\\/\"},{\"@type\":\"ListItem\",\"position\":3,\"name\":\"Private: Puukko &#8221;YAKUT&#8221;, k\u00e4sin taottu Damaskoksen ter\u00e4ksinen veitsi, sopii erinomaisesti mets\u00e4stys-, retkeily- ja ulkoveitsiksi\"}]},{\"@type\":\"WebSite\",\"@id\":\"https:\\\/\\\/aaknives.eu\\\/fi\\\/#website\",\"url\":\"https:\\\/\\\/aaknives.eu\\\/fi\\\/\",\"name\":\"AAKnives\",\"description\":\"Handmade knives\",\"publisher\":{\"@id\":\"https:\\\/\\\/aaknives.eu\\\/fi\\\/#organization\"},\"potentialAction\":[{\"@type\":\"SearchAction\",\"target\":{\"@type\":\"EntryPoint\",\"urlTemplate\":\"https:\\\/\\\/aaknives.eu\\\/fi\\\/?s={search_term_string}\"},\"query-input\":{\"@type\":\"PropertyValueSpecification\",\"valueRequired\":true,\"valueName\":\"search_term_string\"}}],\"inLanguage\":\"fi\"},{\"@type\":\"Organization\",\"@id\":\"https:\\\/\\\/aaknives.eu\\\/fi\\\/#organization\",\"name\":\"AAKnives\",\"url\":\"https:\\\/\\\/aaknives.eu\\\/fi\\\/\",\"logo\":{\"@type\":\"ImageObject\",\"inLanguage\":\"fi\",\"@id\":\"https:\\\/\\\/aaknives.eu\\\/fi\\\/#\\\/schema\\\/logo\\\/image\\\/\",\"url\":\"https:\\\/\\\/aaknives.eu\\\/wp-content\\\/uploads\\\/2021\\\/10\\\/AAknives_Logo_Green.png\",\"contentUrl\":\"https:\\\/\\\/aaknives.eu\\\/wp-content\\\/uploads\\\/2021\\\/10\\\/AAknives_Logo_Green.png\",\"width\":1768,\"height\":1768,\"caption\":\"AAKnives\"},\"image\":{\"@id\":\"https:\\\/\\\/aaknives.eu\\\/fi\\\/#\\\/schema\\\/logo\\\/image\\\/\"},\"sameAs\":[\"https:\\\/\\\/www.facebook.com\\\/aaknives.eu\\\/\",\"https:\\\/\\\/www.instagram.com\\\/aaknives\\\/\",\"https:\\\/\\\/www.pinterest.com\\\/aa_knives\\\/\",\"https:\\\/\\\/www.youtube.com\\\/channel\\\/UCHOQFjrOkgT6s4FIw9LDKyw\\\/featured\"]}]}<\/script>\n<!-- \/ Yoast SEO plugin. -->","yoast_head_json":{"title":"Puukko ''YAKUT'', k\u00e4sin taottu Damaskoksen ter\u00e4ksinen veitsi, sopii erinomaisesti mets\u00e4stys-, retkeily- ja ulkoveitsiksi - AAKnives","description":"Puukko ''YAKUT'', k\u00e4sin taottu Damaskoksen ter\u00e4ksinen veitsi, sopii erinomaisesti mets\u00e4stys-, retkeily- ja ulkoveitsiksi","robots":{"index":"index","follow":"follow","max-snippet":"max-snippet:-1","max-image-preview":"max-image-preview:large","max-video-preview":"max-video-preview:-1"},"canonical":"https:\/\/aaknives.eu\/fi\/product\/veitsi-stone-age-4-kasin-taottu-damaskusteraksesta-valmistettu-teraveitsi\/","og_locale":"fi_FI","og_type":"article","og_title":"Puukko ''YAKUT'', k\u00e4sin taottu Damaskoksen ter\u00e4ksinen veitsi, sopii erinomaisesti mets\u00e4stys-, retkeily- ja ulkoveitsiksi - AAKnives","og_description":"Puukko ''YAKUT'', k\u00e4sin taottu Damaskoksen ter\u00e4ksinen veitsi, sopii erinomaisesti mets\u00e4stys-, retkeily- ja ulkoveitsiksi","og_url":"https:\/\/aaknives.eu\/fi\/product\/veitsi-stone-age-4-kasin-taottu-damaskusteraksesta-valmistettu-teraveitsi\/","og_site_name":"AAKnives","article_publisher":"https:\/\/www.facebook.com\/aaknives.eu\/","article_modified_time":"2025-02-25T17:20:28+00:00","og_image":[{"width":1020,"height":880,"url":"https:\/\/aaknives.eu\/wp-content\/uploads\/2024\/10\/aaknives-hand-forged-damascus-steel-blade-knife-handmade-custom-made-knife-handcrafted-knives-autinetools-northmen-17.2.jpg","type":"image\/jpeg"}],"twitter_card":"summary_large_image","twitter_misc":{"Arvioitu lukuaika":"1 minuutti"},"schema":{"@context":"https:\/\/schema.org","@graph":[{"@type":"WebPage","@id":"https:\/\/aaknives.eu\/fi\/product\/veitsi-stone-age-4-kasin-taottu-damaskusteraksesta-valmistettu-teraveitsi\/","url":"https:\/\/aaknives.eu\/fi\/product\/veitsi-stone-age-4-kasin-taottu-damaskusteraksesta-valmistettu-teraveitsi\/","name":"Puukko ''YAKUT'', k\u00e4sin taottu Damaskoksen ter\u00e4ksinen veitsi, sopii erinomaisesti mets\u00e4stys-, retkeily- ja ulkoveitsiksi - AAKnives","isPartOf":{"@id":"https:\/\/aaknives.eu\/fi\/#website"},"primaryImageOfPage":{"@id":"https:\/\/aaknives.eu\/fi\/product\/veitsi-stone-age-4-kasin-taottu-damaskusteraksesta-valmistettu-teraveitsi\/#primaryimage"},"image":{"@id":"https:\/\/aaknives.eu\/fi\/product\/veitsi-stone-age-4-kasin-taottu-damaskusteraksesta-valmistettu-teraveitsi\/#primaryimage"},"thumbnailUrl":"https:\/\/aaknives.eu\/wp-content\/uploads\/2024\/10\/aaknives-hand-forged-damascus-steel-blade-knife-handmade-custom-made-knife-handcrafted-knives-autinetools-northmen-17.2.jpg","datePublished":"2024-10-29T01:58:49+00:00","dateModified":"2025-02-25T17:20:28+00:00","description":"Puukko ''YAKUT'', k\u00e4sin taottu Damaskoksen ter\u00e4ksinen veitsi, sopii erinomaisesti mets\u00e4stys-, retkeily- ja ulkoveitsiksi","breadcrumb":{"@id":"https:\/\/aaknives.eu\/fi\/product\/veitsi-stone-age-4-kasin-taottu-damaskusteraksesta-valmistettu-teraveitsi\/#breadcrumb"},"inLanguage":"fi","potentialAction":[{"@type":"ReadAction","target":["https:\/\/aaknives.eu\/fi\/product\/veitsi-stone-age-4-kasin-taottu-damaskusteraksesta-valmistettu-teraveitsi\/"]}]},{"@type":"ImageObject","inLanguage":"fi","@id":"https:\/\/aaknives.eu\/fi\/product\/veitsi-stone-age-4-kasin-taottu-damaskusteraksesta-valmistettu-teraveitsi\/#primaryimage","url":"https:\/\/aaknives.eu\/wp-content\/uploads\/2024\/10\/aaknives-hand-forged-damascus-steel-blade-knife-handmade-custom-made-knife-handcrafted-knives-autinetools-northmen-17.2.jpg","contentUrl":"https:\/\/aaknives.eu\/wp-content\/uploads\/2024\/10\/aaknives-hand-forged-damascus-steel-blade-knife-handmade-custom-made-knife-handcrafted-knives-autinetools-northmen-17.2.jpg","width":1020,"height":880},{"@type":"BreadcrumbList","@id":"https:\/\/aaknives.eu\/fi\/product\/veitsi-stone-age-4-kasin-taottu-damaskusteraksesta-valmistettu-teraveitsi\/#breadcrumb","itemListElement":[{"@type":"ListItem","position":1,"name":"Home","item":"https:\/\/aaknives.eu\/fi\/"},{"@type":"ListItem","position":2,"name":"Kauppa","item":"https:\/\/aaknives.eu\/kauppa\/"},{"@type":"ListItem","position":3,"name":"Private: Puukko &#8221;YAKUT&#8221;, k\u00e4sin taottu Damaskoksen ter\u00e4ksinen veitsi, sopii erinomaisesti mets\u00e4stys-, retkeily- ja ulkoveitsiksi"}]},{"@type":"WebSite","@id":"https:\/\/aaknives.eu\/fi\/#website","url":"https:\/\/aaknives.eu\/fi\/","name":"AAKnives","description":"Handmade knives","publisher":{"@id":"https:\/\/aaknives.eu\/fi\/#organization"},"potentialAction":[{"@type":"SearchAction","target":{"@type":"EntryPoint","urlTemplate":"https:\/\/aaknives.eu\/fi\/?s={search_term_string}"},"query-input":{"@type":"PropertyValueSpecification","valueRequired":true,"valueName":"search_term_string"}}],"inLanguage":"fi"},{"@type":"Organization","@id":"https:\/\/aaknives.eu\/fi\/#organization","name":"AAKnives","url":"https:\/\/aaknives.eu\/fi\/","logo":{"@type":"ImageObject","inLanguage":"fi","@id":"https:\/\/aaknives.eu\/fi\/#\/schema\/logo\/image\/","url":"https:\/\/aaknives.eu\/wp-content\/uploads\/2021\/10\/AAknives_Logo_Green.png","contentUrl":"https:\/\/aaknives.eu\/wp-content\/uploads\/2021\/10\/AAknives_Logo_Green.png","width":1768,"height":1768,"caption":"AAKnives"},"image":{"@id":"https:\/\/aaknives.eu\/fi\/#\/schema\/logo\/image\/"},"sameAs":["https:\/\/www.facebook.com\/aaknives.eu\/","https:\/\/www.instagram.com\/aaknives\/","https:\/\/www.pinterest.com\/aa_knives\/","https:\/\/www.youtube.com\/channel\/UCHOQFjrOkgT6s4FIw9LDKyw\/featured"]}]}},"_links":{"self":[{"href":"https:\/\/aaknives.eu\/fi\/wp-json\/wp\/v2\/product\/90385","targetHints":{"allow":["GET"]}}],"collection":[{"href":"https:\/\/aaknives.eu\/fi\/wp-json\/wp\/v2\/product"}],"about":[{"href":"https:\/\/aaknives.eu\/fi\/wp-json\/wp\/v2\/types\/product"}],"wp:featuredmedia":[{"embeddable":true,"href":"https:\/\/aaknives.eu\/fi\/wp-json\/wp\/v2\/media\/97265"}],"wp:attachment":[{"href":"https:\/\/aaknives.eu\/fi\/wp-json\/wp\/v2\/media?parent=90385"}],"wp:term":[{"taxonomy":"product_brand","embeddable":true,"href":"https:\/\/aaknives.eu\/fi\/wp-json\/wp\/v2\/product_brand?post=90385"},{"taxonomy":"product_cat","embeddable":true,"href":"https:\/\/aaknives.eu\/fi\/wp-json\/wp\/v2\/product_cat?post=90385"},{"taxonomy":"product_tag","embeddable":true,"href":"https:\/\/aaknives.eu\/fi\/wp-json\/wp\/v2\/product_tag?post=90385"}],"curies":[{"name":"wp","href":"https:\/\/api.w.org\/{rel}","templated":true}]}}