{"id":90397,"date":"2024-10-29T01:57:54","date_gmt":"2024-10-29T01:57:54","guid":{"rendered":"https:\/\/aaknives.eu\/?post_type=product&#038;p=90397"},"modified":"2025-09-29T17:39:41","modified_gmt":"2025-09-29T17:39:41","slug":"cleaver-taottu-korkealaatuinen-hiiliteras-5","status":"publish","type":"product","link":"https:\/\/aaknives.eu\/fi\/product\/cleaver-taottu-korkealaatuinen-hiiliteras-5\/","title":{"rendered":"Muinainen latvialainen ase ja ty\u00f6kalu -&#8220;THREE-EDGED KNIFE&#8221;"},"content":{"rendered":"<p>Veitsen tekniset tiedot: &#8221;KOLMITER\u00c4INEN VEITSI&#8221;<br \/>\nTer\u00e4s: taottu hiiliter\u00e4s U10<br \/>\nKovuus: 58-59 HRC<br \/>\nTer\u00e4n pituus (mm): 275 \/ 10,82 tuumaa<br \/>\nTer\u00e4n paksuus (mm): 5 \/ 0,19 tuumaa<br \/>\nTer\u00e4n leveys (mm): 48 \/ 1,88 tuumaa<br \/>\nKahva: afrikkalainen wenge-puu<br \/>\nKokonaispituus (mm): 400 \/ 15,74 tuumaa<br \/>\nVeitsen tyyppi: mets\u00e4stys, ulkoilu<br \/>\nPakkaus: veitsi, nahkatuppi<\/p>\n<p>Sana &#8216;KOLMETER\u00c4INEN VEITSI&#8217; tarkoittaa asetta, jossa on kolme taistelupintaa<br \/>\nT\u00e4m\u00e4n aseen ominainen muoto johtuu suoraan latgalilaisista. Samaan aikaan &#8220;skramasax&#8221; &#8211; ase, oli my\u00f6s laajalle levinnyt Viron ja Suomen alueella,<br \/>\nItse ter\u00e4n muotoa voidaan kutsua l\u00e4\u00e4ketieteellisesti anatomiseksi, koska se luotiin syv\u00e4ll\u00e4 ymm\u00e4rryksell\u00e4 ter\u00e4n liikkeest\u00e4 ja sen kyvyst\u00e4 tehd\u00e4 syvimm\u00e4t leikkaukset ja luun leikkaukset.<br \/>\nMiekan pituus ansaitsee erityist\u00e4 huomiota &#8211; trejasmens on syv\u00e4sti persoonallinen ase, koska parhaan mahdollisen hy\u00f6dyn saavuttamiseksi taistelussa sen on vastattava heiluttajan kyyn\u00e4rvarren pituutta, jolloin siit\u00e4 tulee &#8220;k\u00e4den jatke&#8221;. Joten &#8211; t\u00e4m\u00e4 on anatomisesti erinomainen ase molemmin puolin.  <\/p>\n<p>T\u00e4m\u00e4ntyyppiset ja -muotoiset l\u00e4hitaistelumiekat ovat olleet pitk\u00e4\u00e4n muinaisten latvialaisten &#8211; latgalilaisten &#8211; omistuksessa, mist\u00e4 on osoituksena arkeologinen materiaali keskimm\u00e4iselt\u00e4 (8. vuosisata) ja my\u00f6h\u00e4israutakauden (1200-luku) historiallisesta Latvian alueesta.<br \/>\nTaistelu &#8220;KOLMETER\u00c4isell\u00e4 veitsell\u00e4&#8221; on taidetta. Taistelutaide, joka perustuu pitk\u00e4aikaisiin havainnointiin luonnossa, syv\u00e4\u00e4n luonnonlakien ymm\u00e4rt\u00e4miseen sek\u00e4 liikkeen tarkkuuteen ja tunteeseen. Taidetta, joka on siirtynyt sukupolvelta toiselle.<br \/>\n&#8216;KOLMETER\u00c4INEN VEITSI&#8217; t\u00e4ytt\u00e4\u00e4 kaikki perinteisen aseen merkit &#8211; siin\u00e4 on k\u00e4yt\u00e4nn\u00f6ss\u00e4 testattu ja vuosisatojen aikana vahvistettu kiinnitysmenetelm\u00e4, erikoissuunniteltu ter\u00e4 ja kansanperinteen ylistys.  <\/p>\n","protected":false},"excerpt":{"rendered":"<p>Veitsen tekniset tiedot: &#8221;KOLMITER\u00c4INEN VEITSI&#8221; Ter\u00e4s: taottu hiiliter\u00e4s U10 Kovuus: 58-59 HRC Ter\u00e4n pituus (mm): 275 \/ 10,82 tuumaa Ter\u00e4n paksuus (mm): 5 \/ 0,19 tuumaa Ter\u00e4n leveys (mm): 48 \/ 1,88 tuumaa Kahva: afrikkalainen wenge-puu Kokonaispituus (mm): 400 \/ 15,74 tuumaa Veitsen tyyppi: mets\u00e4stys, ulkoilu Pakkaus: veitsi, nahkatuppi Sana &#8216;KOLMETER\u00c4INEN VEITSI&#8217; tarkoittaa asetta, jossa on kolme taistelupintaa T\u00e4m\u00e4n aseen ominainen muoto johtuu suoraan latgalilaisista. Samaan aikaan &#8220;skramasax&#8221; &#8211; ase, oli my\u00f6s laajalle levinnyt Viron ja Suomen alueella, Itse ter\u00e4n muotoa voidaan kutsua l\u00e4\u00e4ketieteellisesti anatomiseksi, koska se luotiin syv\u00e4ll\u00e4 ymm\u00e4rryksell\u00e4 ter\u00e4n liikkeest\u00e4 ja sen kyvyst\u00e4 tehd\u00e4 syvimm\u00e4t leikkaukset ja luun&hellip;<\/p>\n","protected":false},"featured_media":101874,"template":"","meta":{"_themeisle_gutenberg_block_has_review":false},"product_brand":[],"product_cat":[454,462],"product_tag":[],"class_list":{"0":"post-90397","1":"product","2":"type-product","3":"status-publish","4":"has-post-thumbnail","6":"product_cat-akselit","7":"product_cat-keittioveitset","9":"first","10":"instock","11":"shipping-taxable","12":"purchasable","13":"product-type-simple"},"yoast_head":"<!-- This site is optimized with the Yoast SEO plugin v27.5 - https:\/\/yoast.com\/product\/yoast-seo-wordpress\/ -->\n<title>Muinainen latvialainen ase ja ty\u00f6kalu -&quot;THREE-EDGED KNIFE&quot; - AAKnives<\/title>\n<meta name=\"description\" content=\"Sana &#039;THREE-EDGED KNIFE&#039;&#039; tarkoittaa asetta, jossa on kolme taistelupintaa. T\u00e4m\u00e4n aseen ominainen muoto johtuu suoraan latgalilaisista.\" \/>\n<meta name=\"robots\" content=\"index, follow, max-snippet:-1, max-image-preview:large, max-video-preview:-1\" \/>\n<link rel=\"canonical\" href=\"https:\/\/aaknives.eu\/fi\/product\/cleaver-taottu-korkealaatuinen-hiiliteras-5\/\" \/>\n<meta property=\"og:locale\" content=\"fi_FI\" \/>\n<meta property=\"og:type\" content=\"article\" \/>\n<meta property=\"og:title\" content=\"Muinainen latvialainen ase ja ty\u00f6kalu -&quot;THREE-EDGED KNIFE&quot; - AAKnives\" \/>\n<meta property=\"og:description\" content=\"Sana &#039;THREE-EDGED KNIFE&#039;&#039; tarkoittaa asetta, jossa on kolme taistelupintaa. T\u00e4m\u00e4n aseen ominainen muoto johtuu suoraan latgalilaisista.\" \/>\n<meta property=\"og:url\" content=\"https:\/\/aaknives.eu\/fi\/product\/cleaver-taottu-korkealaatuinen-hiiliteras-5\/\" \/>\n<meta property=\"og:site_name\" content=\"AAKnives\" \/>\n<meta property=\"article:publisher\" content=\"https:\/\/www.facebook.com\/aaknives.eu\/\" \/>\n<meta property=\"article:modified_time\" content=\"2025-09-29T17:39:41+00:00\" \/>\n<meta property=\"og:image\" content=\"https:\/\/aaknives.eu\/wp-content\/uploads\/2024\/10\/aaknives-hand-forged-damascus-steel-blade-knife-handmade-custom-made-knife-handcrafted-knives-autinetools-northmen-1-25-2.jpg\" \/>\n\t<meta property=\"og:image:width\" content=\"1020\" \/>\n\t<meta property=\"og:image:height\" content=\"880\" \/>\n\t<meta property=\"og:image:type\" content=\"image\/jpeg\" \/>\n<meta name=\"twitter:card\" content=\"summary_large_image\" \/>\n<meta name=\"twitter:label1\" content=\"Arvioitu lukuaika\" \/>\n\t<meta name=\"twitter:data1\" content=\"1 minuutti\" \/>\n<script type=\"application\/ld+json\" class=\"yoast-schema-graph\">{\"@context\":\"https:\\\/\\\/schema.org\",\"@graph\":[{\"@type\":\"WebPage\",\"@id\":\"https:\\\/\\\/aaknives.eu\\\/fi\\\/product\\\/cleaver-taottu-korkealaatuinen-hiiliteras-5\\\/\",\"url\":\"https:\\\/\\\/aaknives.eu\\\/fi\\\/product\\\/cleaver-taottu-korkealaatuinen-hiiliteras-5\\\/\",\"name\":\"Muinainen latvialainen ase ja ty\u00f6kalu -\\\"THREE-EDGED KNIFE\\\" - AAKnives\",\"isPartOf\":{\"@id\":\"https:\\\/\\\/aaknives.eu\\\/fi\\\/#website\"},\"primaryImageOfPage\":{\"@id\":\"https:\\\/\\\/aaknives.eu\\\/fi\\\/product\\\/cleaver-taottu-korkealaatuinen-hiiliteras-5\\\/#primaryimage\"},\"image\":{\"@id\":\"https:\\\/\\\/aaknives.eu\\\/fi\\\/product\\\/cleaver-taottu-korkealaatuinen-hiiliteras-5\\\/#primaryimage\"},\"thumbnailUrl\":\"https:\\\/\\\/aaknives.eu\\\/wp-content\\\/uploads\\\/2024\\\/10\\\/aaknives-hand-forged-damascus-steel-blade-knife-handmade-custom-made-knife-handcrafted-knives-autinetools-northmen-1-25-2.jpg\",\"datePublished\":\"2024-10-29T01:57:54+00:00\",\"dateModified\":\"2025-09-29T17:39:41+00:00\",\"description\":\"Sana 'THREE-EDGED KNIFE'' tarkoittaa asetta, jossa on kolme taistelupintaa. T\u00e4m\u00e4n aseen ominainen muoto johtuu suoraan latgalilaisista.\",\"breadcrumb\":{\"@id\":\"https:\\\/\\\/aaknives.eu\\\/fi\\\/product\\\/cleaver-taottu-korkealaatuinen-hiiliteras-5\\\/#breadcrumb\"},\"inLanguage\":\"fi\",\"potentialAction\":[{\"@type\":\"ReadAction\",\"target\":[\"https:\\\/\\\/aaknives.eu\\\/fi\\\/product\\\/cleaver-taottu-korkealaatuinen-hiiliteras-5\\\/\"]}]},{\"@type\":\"ImageObject\",\"inLanguage\":\"fi\",\"@id\":\"https:\\\/\\\/aaknives.eu\\\/fi\\\/product\\\/cleaver-taottu-korkealaatuinen-hiiliteras-5\\\/#primaryimage\",\"url\":\"https:\\\/\\\/aaknives.eu\\\/wp-content\\\/uploads\\\/2024\\\/10\\\/aaknives-hand-forged-damascus-steel-blade-knife-handmade-custom-made-knife-handcrafted-knives-autinetools-northmen-1-25-2.jpg\",\"contentUrl\":\"https:\\\/\\\/aaknives.eu\\\/wp-content\\\/uploads\\\/2024\\\/10\\\/aaknives-hand-forged-damascus-steel-blade-knife-handmade-custom-made-knife-handcrafted-knives-autinetools-northmen-1-25-2.jpg\",\"width\":1020,\"height\":880},{\"@type\":\"BreadcrumbList\",\"@id\":\"https:\\\/\\\/aaknives.eu\\\/fi\\\/product\\\/cleaver-taottu-korkealaatuinen-hiiliteras-5\\\/#breadcrumb\",\"itemListElement\":[{\"@type\":\"ListItem\",\"position\":1,\"name\":\"Home\",\"item\":\"https:\\\/\\\/aaknives.eu\\\/fi\\\/\"},{\"@type\":\"ListItem\",\"position\":2,\"name\":\"Kauppa\",\"item\":\"https:\\\/\\\/aaknives.eu\\\/kauppa\\\/\"},{\"@type\":\"ListItem\",\"position\":3,\"name\":\"Muinainen latvialainen ase ja ty\u00f6kalu -&#8220;THREE-EDGED KNIFE&#8221;\"}]},{\"@type\":\"WebSite\",\"@id\":\"https:\\\/\\\/aaknives.eu\\\/fi\\\/#website\",\"url\":\"https:\\\/\\\/aaknives.eu\\\/fi\\\/\",\"name\":\"AAKnives\",\"description\":\"Handmade knives\",\"publisher\":{\"@id\":\"https:\\\/\\\/aaknives.eu\\\/fi\\\/#organization\"},\"potentialAction\":[{\"@type\":\"SearchAction\",\"target\":{\"@type\":\"EntryPoint\",\"urlTemplate\":\"https:\\\/\\\/aaknives.eu\\\/fi\\\/?s={search_term_string}\"},\"query-input\":{\"@type\":\"PropertyValueSpecification\",\"valueRequired\":true,\"valueName\":\"search_term_string\"}}],\"inLanguage\":\"fi\"},{\"@type\":\"Organization\",\"@id\":\"https:\\\/\\\/aaknives.eu\\\/fi\\\/#organization\",\"name\":\"AAKnives\",\"url\":\"https:\\\/\\\/aaknives.eu\\\/fi\\\/\",\"logo\":{\"@type\":\"ImageObject\",\"inLanguage\":\"fi\",\"@id\":\"https:\\\/\\\/aaknives.eu\\\/fi\\\/#\\\/schema\\\/logo\\\/image\\\/\",\"url\":\"https:\\\/\\\/aaknives.eu\\\/wp-content\\\/uploads\\\/2021\\\/10\\\/AAknives_Logo_Green.png\",\"contentUrl\":\"https:\\\/\\\/aaknives.eu\\\/wp-content\\\/uploads\\\/2021\\\/10\\\/AAknives_Logo_Green.png\",\"width\":1768,\"height\":1768,\"caption\":\"AAKnives\"},\"image\":{\"@id\":\"https:\\\/\\\/aaknives.eu\\\/fi\\\/#\\\/schema\\\/logo\\\/image\\\/\"},\"sameAs\":[\"https:\\\/\\\/www.facebook.com\\\/aaknives.eu\\\/\",\"https:\\\/\\\/www.instagram.com\\\/aaknives\\\/\",\"https:\\\/\\\/www.pinterest.com\\\/aa_knives\\\/\",\"https:\\\/\\\/www.youtube.com\\\/channel\\\/UCHOQFjrOkgT6s4FIw9LDKyw\\\/featured\"]}]}<\/script>\n<!-- \/ Yoast SEO plugin. -->","yoast_head_json":{"title":"Muinainen latvialainen ase ja ty\u00f6kalu -\"THREE-EDGED KNIFE\" - AAKnives","description":"Sana 'THREE-EDGED KNIFE'' tarkoittaa asetta, jossa on kolme taistelupintaa. T\u00e4m\u00e4n aseen ominainen muoto johtuu suoraan latgalilaisista.","robots":{"index":"index","follow":"follow","max-snippet":"max-snippet:-1","max-image-preview":"max-image-preview:large","max-video-preview":"max-video-preview:-1"},"canonical":"https:\/\/aaknives.eu\/fi\/product\/cleaver-taottu-korkealaatuinen-hiiliteras-5\/","og_locale":"fi_FI","og_type":"article","og_title":"Muinainen latvialainen ase ja ty\u00f6kalu -\"THREE-EDGED KNIFE\" - AAKnives","og_description":"Sana 'THREE-EDGED KNIFE'' tarkoittaa asetta, jossa on kolme taistelupintaa. T\u00e4m\u00e4n aseen ominainen muoto johtuu suoraan latgalilaisista.","og_url":"https:\/\/aaknives.eu\/fi\/product\/cleaver-taottu-korkealaatuinen-hiiliteras-5\/","og_site_name":"AAKnives","article_publisher":"https:\/\/www.facebook.com\/aaknives.eu\/","article_modified_time":"2025-09-29T17:39:41+00:00","og_image":[{"width":1020,"height":880,"url":"https:\/\/aaknives.eu\/wp-content\/uploads\/2024\/10\/aaknives-hand-forged-damascus-steel-blade-knife-handmade-custom-made-knife-handcrafted-knives-autinetools-northmen-1-25-2.jpg","type":"image\/jpeg"}],"twitter_card":"summary_large_image","twitter_misc":{"Arvioitu lukuaika":"1 minuutti"},"schema":{"@context":"https:\/\/schema.org","@graph":[{"@type":"WebPage","@id":"https:\/\/aaknives.eu\/fi\/product\/cleaver-taottu-korkealaatuinen-hiiliteras-5\/","url":"https:\/\/aaknives.eu\/fi\/product\/cleaver-taottu-korkealaatuinen-hiiliteras-5\/","name":"Muinainen latvialainen ase ja ty\u00f6kalu -\"THREE-EDGED KNIFE\" - AAKnives","isPartOf":{"@id":"https:\/\/aaknives.eu\/fi\/#website"},"primaryImageOfPage":{"@id":"https:\/\/aaknives.eu\/fi\/product\/cleaver-taottu-korkealaatuinen-hiiliteras-5\/#primaryimage"},"image":{"@id":"https:\/\/aaknives.eu\/fi\/product\/cleaver-taottu-korkealaatuinen-hiiliteras-5\/#primaryimage"},"thumbnailUrl":"https:\/\/aaknives.eu\/wp-content\/uploads\/2024\/10\/aaknives-hand-forged-damascus-steel-blade-knife-handmade-custom-made-knife-handcrafted-knives-autinetools-northmen-1-25-2.jpg","datePublished":"2024-10-29T01:57:54+00:00","dateModified":"2025-09-29T17:39:41+00:00","description":"Sana 'THREE-EDGED KNIFE'' tarkoittaa asetta, jossa on kolme taistelupintaa. T\u00e4m\u00e4n aseen ominainen muoto johtuu suoraan latgalilaisista.","breadcrumb":{"@id":"https:\/\/aaknives.eu\/fi\/product\/cleaver-taottu-korkealaatuinen-hiiliteras-5\/#breadcrumb"},"inLanguage":"fi","potentialAction":[{"@type":"ReadAction","target":["https:\/\/aaknives.eu\/fi\/product\/cleaver-taottu-korkealaatuinen-hiiliteras-5\/"]}]},{"@type":"ImageObject","inLanguage":"fi","@id":"https:\/\/aaknives.eu\/fi\/product\/cleaver-taottu-korkealaatuinen-hiiliteras-5\/#primaryimage","url":"https:\/\/aaknives.eu\/wp-content\/uploads\/2024\/10\/aaknives-hand-forged-damascus-steel-blade-knife-handmade-custom-made-knife-handcrafted-knives-autinetools-northmen-1-25-2.jpg","contentUrl":"https:\/\/aaknives.eu\/wp-content\/uploads\/2024\/10\/aaknives-hand-forged-damascus-steel-blade-knife-handmade-custom-made-knife-handcrafted-knives-autinetools-northmen-1-25-2.jpg","width":1020,"height":880},{"@type":"BreadcrumbList","@id":"https:\/\/aaknives.eu\/fi\/product\/cleaver-taottu-korkealaatuinen-hiiliteras-5\/#breadcrumb","itemListElement":[{"@type":"ListItem","position":1,"name":"Home","item":"https:\/\/aaknives.eu\/fi\/"},{"@type":"ListItem","position":2,"name":"Kauppa","item":"https:\/\/aaknives.eu\/kauppa\/"},{"@type":"ListItem","position":3,"name":"Muinainen latvialainen ase ja ty\u00f6kalu -&#8220;THREE-EDGED KNIFE&#8221;"}]},{"@type":"WebSite","@id":"https:\/\/aaknives.eu\/fi\/#website","url":"https:\/\/aaknives.eu\/fi\/","name":"AAKnives","description":"Handmade knives","publisher":{"@id":"https:\/\/aaknives.eu\/fi\/#organization"},"potentialAction":[{"@type":"SearchAction","target":{"@type":"EntryPoint","urlTemplate":"https:\/\/aaknives.eu\/fi\/?s={search_term_string}"},"query-input":{"@type":"PropertyValueSpecification","valueRequired":true,"valueName":"search_term_string"}}],"inLanguage":"fi"},{"@type":"Organization","@id":"https:\/\/aaknives.eu\/fi\/#organization","name":"AAKnives","url":"https:\/\/aaknives.eu\/fi\/","logo":{"@type":"ImageObject","inLanguage":"fi","@id":"https:\/\/aaknives.eu\/fi\/#\/schema\/logo\/image\/","url":"https:\/\/aaknives.eu\/wp-content\/uploads\/2021\/10\/AAknives_Logo_Green.png","contentUrl":"https:\/\/aaknives.eu\/wp-content\/uploads\/2021\/10\/AAknives_Logo_Green.png","width":1768,"height":1768,"caption":"AAKnives"},"image":{"@id":"https:\/\/aaknives.eu\/fi\/#\/schema\/logo\/image\/"},"sameAs":["https:\/\/www.facebook.com\/aaknives.eu\/","https:\/\/www.instagram.com\/aaknives\/","https:\/\/www.pinterest.com\/aa_knives\/","https:\/\/www.youtube.com\/channel\/UCHOQFjrOkgT6s4FIw9LDKyw\/featured"]}]}},"_links":{"self":[{"href":"https:\/\/aaknives.eu\/fi\/wp-json\/wp\/v2\/product\/90397","targetHints":{"allow":["GET"]}}],"collection":[{"href":"https:\/\/aaknives.eu\/fi\/wp-json\/wp\/v2\/product"}],"about":[{"href":"https:\/\/aaknives.eu\/fi\/wp-json\/wp\/v2\/types\/product"}],"wp:featuredmedia":[{"embeddable":true,"href":"https:\/\/aaknives.eu\/fi\/wp-json\/wp\/v2\/media\/101874"}],"wp:attachment":[{"href":"https:\/\/aaknives.eu\/fi\/wp-json\/wp\/v2\/media?parent=90397"}],"wp:term":[{"taxonomy":"product_brand","embeddable":true,"href":"https:\/\/aaknives.eu\/fi\/wp-json\/wp\/v2\/product_brand?post=90397"},{"taxonomy":"product_cat","embeddable":true,"href":"https:\/\/aaknives.eu\/fi\/wp-json\/wp\/v2\/product_cat?post=90397"},{"taxonomy":"product_tag","embeddable":true,"href":"https:\/\/aaknives.eu\/fi\/wp-json\/wp\/v2\/product_tag?post=90397"}],"curies":[{"name":"wp","href":"https:\/\/api.w.org\/{rel}","templated":true}]}}