{"id":90403,"date":"2024-10-29T01:57:26","date_gmt":"2024-10-29T01:57:26","guid":{"rendered":"https:\/\/aaknives.eu\/?post_type=product&#038;p=90403"},"modified":"2024-10-29T02:54:00","modified_gmt":"2024-10-29T02:54:00","slug":"veitsi-bear-bohler-uddeholm-k340-veitsiteras","status":"publish","type":"product","link":"https:\/\/aaknives.eu\/fi\/product\/veitsi-bear-bohler-uddeholm-k340-veitsiteras\/","title":{"rendered":"Veitsi &#8221;BEAR&#8221;, Bohler &#8211; Uddeholm K340 veitsiter\u00e4s"},"content":{"rendered":"<p>Veitsen tekniset tiedot: \u201dBEAR\u201d<br \/>\nTer\u00e4s: Bohler-Uddeholm \u2013 Bohler-Uddeholmin kylm\u00e4ty\u00f6st\u00f6ter\u00e4s: Ruotsalainen K340 (Bohler-Uddeholm)<br \/>\nKovuus: 60-61 HRC<br \/>\nTer\u00e4n pituus (mm): 108 \/ 4,25 tuumaa<br \/>\nTer\u00e4n paksuus (mm): Ter\u00e4n paksuus: 3 \/0,12 tuumaa<br \/>\nTer\u00e4n leveys (mm): 30 \/ 1,18 tuumaa<br \/>\nKahva: stabiloitu karjalan koivu<br \/>\nKokonaispituus (mm): 233 \/ 9,17 tuumaa<\/p>\n<div class=\"_1i6a\">\n<div class=\"_4po3 _4poa\">\n<div class=\"_4po5\">\n<div class=\"_4po8\">\n<div class=\"_4po9\">\n<div>\n<div class=\"_4tdt _ua1\">\n<div class=\"_ua2\">\n<div class=\"_4tdv\">\n<div class=\"_5wd4 _1nc7\">\n<div class=\"._1dlq _h8t\">\n<div class=\"_5wd9 direction_ltr clearfix\">\n<div class=\"_1e-x _n4o\">\n<div class=\"_3_bl\">\n<div class=\"_5w1r _3_om _5wdf\">\n<div class=\"_4gx_\">\n<div class=\"_1aa6\">\n<div class=\"\">\n<p>Bohler-Uddeholm K340 -veitsiter\u00e4kset<\/p>\n<p>\u00a0<\/p>\n<p>K340 (Bohler-Uddeholm) \u2013 Bohler-Uddeholmin kylm\u00e4ty\u00f6st\u00f6ter\u00e4s. Sis\u00e4lt\u00e4\u00e4 my\u00f6s Al.<\/p>\n<p>Tuotantotekniikka \u2013 ESR<\/p>\n<p>Maa \u2013 Ruotsi (SE)<\/p>\n<p>Tunnetut peitenimet: Bohler-Uddeholm \u2013 K340 Isodur<\/p>\n<p>B\u00d6HLER K340 ISODUR, 8 % kromiter\u00e4st\u00e4, valmistetaan s\u00e4hk\u00f6kuonan uudelleen sulattamalla (ESR). B\u00d6HLERin kehitt\u00e4m\u00e4 ja testaama sulatustekniikka mahdollistaa eritt\u00e4in v\u00e4h\u00e4isen mikro- ja makroerottelun ja antaa materiaalille puhtauden ja homogeenisuuden, jota tarvitaan erinomaisen suorituskyvyn saavuttamiseksi k\u00e4yt\u00e4nn\u00f6ss\u00e4.<\/p>\n<p>Bohler K340 \u2013 Bohler Uddeholm Group Tool Steel. Analogiseen verrattuna X12MF on puhtaampi ja kest\u00e4v\u00e4mpi. Se on paras valinta mets\u00e4stys- tai ulkoiluveitsiksi.<\/p>\n<p>\u00a0<\/p>\n<p>Kemiallinen koostumus painoprosentteina: 1,10 % C, 0,70 % Si, 0,40 % Mn, 8,20 % Cr, 2,10 % Mo, 0,50 % V, + Al, Nb.<\/p>\n<p>L\u00e4mp\u00f6k\u00e4sittely<\/p>\n<p>Kovettuminen: 1020-1060 C (1870-1940 F). \u00d6ljy, suolakylpy, paineilma, ilma, tyhji\u00f6. Pid\u00e4 kuumennuksen j\u00e4lkeen 15-30 minuuttia.<\/p>\n<p>Karkaisu: Hidas l\u00e4mmitys sulatusl\u00e4mp\u00f6tilaan v\u00e4litt\u00f6m\u00e4sti kovettumisen j\u00e4lkeen. Aika uunissa 1 tunti jokaista 20 mm:n (0,79 tuuman) ty\u00f6kappaleen paksuutta kohti, kuitenkin v\u00e4hint\u00e4\u00e4n 2 tuntia. Ilmaj\u00e4\u00e4hdytys.<\/p>\n<p>\u00a0<\/p>\n<\/div>\n<\/div>\n<\/div>\n<\/div>\n<\/div>\n<p>\u00a0<\/p>\n<\/div>\n<\/div>\n<\/div>\n<div class=\"_40qi\"><\/div>\n<\/div>\n<\/div>\n<\/div>\n<\/div>\n<\/div>\n<div class=\"_4gd0\">\n<div><\/div>\n<\/div>\n<div class=\"_4gd0\">\n<div class=\"_510g\"><\/div>\n<\/div>\n<\/div>\n<\/div>\n<\/div>\n<\/div>\n<\/div>\n<div class=\"fbNubFlyoutFooter\" data-testid=\"composer_root\">\n<div class=\"_1d4_\" role=\"presentation\">\n<div class=\"_552h\">\n<div class=\"\">\n<div tabindex=\"-1\">\n<div class=\"_5rp7 _5rp8\">\n<div class=\"_5rpb\">\n<div class=\"notranslate _5rpu\" role=\"combobox\" contenteditable=\"true\" spellcheck=\"true\" aria-autocomplete=\"list\" aria-controls=\"js_46\" aria-describedby=\"placeholder-fb8dt\" aria-expanded=\"false\">\n<div data-contents=\"true\">\n<div data-block=\"true\" data-editor=\"fb8dt\" data-offset-key=\"9l77l-0-0\"><\/div>\n<\/div>\n<\/div>\n<\/div>\n<\/div>\n<\/div>\n<\/div>\n<\/div>\n<\/div>\n<\/div>\n","protected":false},"excerpt":{"rendered":"<p>Veitsen tekniset tiedot: \u201dBEAR\u201d Ter\u00e4s: Bohler-Uddeholm \u2013 Bohler-Uddeholmin kylm\u00e4ty\u00f6st\u00f6ter\u00e4s: Ruotsalainen K340 (Bohler-Uddeholm) Kovuus: 60-61 HRC Ter\u00e4n pituus (mm): 108 \/ 4,25 tuumaa Ter\u00e4n paksuus (mm): Ter\u00e4n paksuus: 3 \/0,12 tuumaa Ter\u00e4n leveys (mm): 30 \/ 1,18 tuumaa Kahva: stabiloitu karjalan koivu Kokonaispituus (mm): 233 \/ 9,17 tuumaa Bohler-Uddeholm K340 -veitsiter\u00e4kset \u00a0 K340 (Bohler-Uddeholm) \u2013 Bohler-Uddeholmin kylm\u00e4ty\u00f6st\u00f6ter\u00e4s. Sis\u00e4lt\u00e4\u00e4 my\u00f6s Al. Tuotantotekniikka \u2013 ESR Maa \u2013 Ruotsi (SE) Tunnetut peitenimet: Bohler-Uddeholm \u2013 K340 Isodur B\u00d6HLER K340 ISODUR, 8 % kromiter\u00e4st\u00e4, valmistetaan s\u00e4hk\u00f6kuonan uudelleen sulattamalla (ESR). B\u00d6HLERin kehitt\u00e4m\u00e4 ja testaama sulatustekniikka mahdollistaa eritt\u00e4in v\u00e4h\u00e4isen mikro- ja makroerottelun ja antaa materiaalille puhtauden ja homogeenisuuden,&hellip;<\/p>\n","protected":false},"featured_media":86448,"template":"","meta":{"_themeisle_gutenberg_block_has_review":false},"product_brand":[],"product_cat":[456,453,452],"product_tag":[],"class_list":{"0":"post-90403","1":"product","2":"type-product","3":"status-publish","4":"has-post-thumbnail","6":"product_cat-kalastusveitset","7":"product_cat-metsastysveitset","8":"product_cat-ulkoveitset","10":"first","11":"outofstock","12":"shipping-taxable","13":"purchasable","14":"product-type-simple"},"yoast_head":"<!-- This site is optimized with the Yoast SEO plugin v27.5 - https:\/\/yoast.com\/product\/yoast-seo-wordpress\/ -->\n<title>Veitsi &#039;&#039;BEAR&#039;&#039;, Bohler - Uddeholm K340 veitsiter\u00e4s - AAKnives<\/title>\n<meta name=\"description\" content=\"Veitsi &#039;&#039;BEAR&#039;&#039;, Bohler - Uddeholm K340 veitsi ter\u00e4s, aaknives veitsi, mets\u00e4stysveitsi, ulkoiluveitsi, taottu ter\u00e4s veitsi, ruotsalainen ter\u00e4s veitsi\" \/>\n<meta name=\"robots\" content=\"index, follow, max-snippet:-1, max-image-preview:large, max-video-preview:-1\" \/>\n<link rel=\"canonical\" href=\"https:\/\/aaknives.eu\/fi\/product\/veitsi-bear-bohler-uddeholm-k340-veitsiteras\/\" \/>\n<meta property=\"og:locale\" content=\"fi_FI\" \/>\n<meta property=\"og:type\" content=\"article\" \/>\n<meta property=\"og:title\" content=\"Veitsi &#039;&#039;BEAR&#039;&#039;, Bohler - Uddeholm K340 veitsiter\u00e4s - AAKnives\" \/>\n<meta property=\"og:description\" content=\"Veitsi &#039;&#039;BEAR&#039;&#039;, Bohler - Uddeholm K340 veitsi ter\u00e4s, aaknives veitsi, mets\u00e4stysveitsi, ulkoiluveitsi, taottu ter\u00e4s veitsi, ruotsalainen ter\u00e4s veitsi\" \/>\n<meta property=\"og:url\" content=\"https:\/\/aaknives.eu\/fi\/product\/veitsi-bear-bohler-uddeholm-k340-veitsiteras\/\" \/>\n<meta property=\"og:site_name\" content=\"AAKnives\" \/>\n<meta property=\"article:publisher\" content=\"https:\/\/www.facebook.com\/aaknives.eu\/\" \/>\n<meta property=\"article:modified_time\" content=\"2024-10-29T02:54:00+00:00\" \/>\n<meta property=\"og:image\" content=\"https:\/\/aaknives.eu\/wp-content\/uploads\/2024\/10\/aaknives-hand-forged-dabascus-steel-blade-knife-handmade-custom-made-knife-handcrafted-knives-autinetools-northmen-8-1-1-5-3.jpg\" \/>\n\t<meta property=\"og:image:width\" content=\"800\" \/>\n\t<meta property=\"og:image:height\" content=\"600\" \/>\n\t<meta property=\"og:image:type\" content=\"image\/jpeg\" \/>\n<meta name=\"twitter:card\" content=\"summary_large_image\" \/>\n<meta name=\"twitter:label1\" content=\"Arvioitu lukuaika\" \/>\n\t<meta name=\"twitter:data1\" content=\"1 minuutti\" \/>\n<script type=\"application\/ld+json\" class=\"yoast-schema-graph\">{\"@context\":\"https:\\\/\\\/schema.org\",\"@graph\":[{\"@type\":\"WebPage\",\"@id\":\"https:\\\/\\\/aaknives.eu\\\/fi\\\/product\\\/veitsi-bear-bohler-uddeholm-k340-veitsiteras\\\/\",\"url\":\"https:\\\/\\\/aaknives.eu\\\/fi\\\/product\\\/veitsi-bear-bohler-uddeholm-k340-veitsiteras\\\/\",\"name\":\"Veitsi ''BEAR'', Bohler - Uddeholm K340 veitsiter\u00e4s - AAKnives\",\"isPartOf\":{\"@id\":\"https:\\\/\\\/aaknives.eu\\\/fi\\\/#website\"},\"primaryImageOfPage\":{\"@id\":\"https:\\\/\\\/aaknives.eu\\\/fi\\\/product\\\/veitsi-bear-bohler-uddeholm-k340-veitsiteras\\\/#primaryimage\"},\"image\":{\"@id\":\"https:\\\/\\\/aaknives.eu\\\/fi\\\/product\\\/veitsi-bear-bohler-uddeholm-k340-veitsiteras\\\/#primaryimage\"},\"thumbnailUrl\":\"https:\\\/\\\/aaknives.eu\\\/wp-content\\\/uploads\\\/2024\\\/10\\\/aaknives-hand-forged-dabascus-steel-blade-knife-handmade-custom-made-knife-handcrafted-knives-autinetools-northmen-8-1-1-5-3.jpg\",\"datePublished\":\"2024-10-29T01:57:26+00:00\",\"dateModified\":\"2024-10-29T02:54:00+00:00\",\"description\":\"Veitsi ''BEAR'', Bohler - Uddeholm K340 veitsi ter\u00e4s, aaknives veitsi, mets\u00e4stysveitsi, ulkoiluveitsi, taottu ter\u00e4s veitsi, ruotsalainen ter\u00e4s veitsi\",\"breadcrumb\":{\"@id\":\"https:\\\/\\\/aaknives.eu\\\/fi\\\/product\\\/veitsi-bear-bohler-uddeholm-k340-veitsiteras\\\/#breadcrumb\"},\"inLanguage\":\"fi\",\"potentialAction\":[{\"@type\":\"ReadAction\",\"target\":[\"https:\\\/\\\/aaknives.eu\\\/fi\\\/product\\\/veitsi-bear-bohler-uddeholm-k340-veitsiteras\\\/\"]}]},{\"@type\":\"ImageObject\",\"inLanguage\":\"fi\",\"@id\":\"https:\\\/\\\/aaknives.eu\\\/fi\\\/product\\\/veitsi-bear-bohler-uddeholm-k340-veitsiteras\\\/#primaryimage\",\"url\":\"https:\\\/\\\/aaknives.eu\\\/wp-content\\\/uploads\\\/2024\\\/10\\\/aaknives-hand-forged-dabascus-steel-blade-knife-handmade-custom-made-knife-handcrafted-knives-autinetools-northmen-8-1-1-5-3.jpg\",\"contentUrl\":\"https:\\\/\\\/aaknives.eu\\\/wp-content\\\/uploads\\\/2024\\\/10\\\/aaknives-hand-forged-dabascus-steel-blade-knife-handmade-custom-made-knife-handcrafted-knives-autinetools-northmen-8-1-1-5-3.jpg\",\"width\":800,\"height\":600},{\"@type\":\"BreadcrumbList\",\"@id\":\"https:\\\/\\\/aaknives.eu\\\/fi\\\/product\\\/veitsi-bear-bohler-uddeholm-k340-veitsiteras\\\/#breadcrumb\",\"itemListElement\":[{\"@type\":\"ListItem\",\"position\":1,\"name\":\"Home\",\"item\":\"https:\\\/\\\/aaknives.eu\\\/fi\\\/\"},{\"@type\":\"ListItem\",\"position\":2,\"name\":\"Kauppa\",\"item\":\"https:\\\/\\\/aaknives.eu\\\/kauppa\\\/\"},{\"@type\":\"ListItem\",\"position\":3,\"name\":\"Veitsi &#8221;BEAR&#8221;, Bohler &#8211; Uddeholm K340 veitsiter\u00e4s\"}]},{\"@type\":\"WebSite\",\"@id\":\"https:\\\/\\\/aaknives.eu\\\/fi\\\/#website\",\"url\":\"https:\\\/\\\/aaknives.eu\\\/fi\\\/\",\"name\":\"AAKnives\",\"description\":\"Handmade knives\",\"publisher\":{\"@id\":\"https:\\\/\\\/aaknives.eu\\\/fi\\\/#organization\"},\"alternateName\":\"Anri Ananin Knives\",\"potentialAction\":[{\"@type\":\"SearchAction\",\"target\":{\"@type\":\"EntryPoint\",\"urlTemplate\":\"https:\\\/\\\/aaknives.eu\\\/fi\\\/?s={search_term_string}\"},\"query-input\":{\"@type\":\"PropertyValueSpecification\",\"valueRequired\":true,\"valueName\":\"search_term_string\"}}],\"inLanguage\":\"fi\"},{\"@type\":\"Organization\",\"@id\":\"https:\\\/\\\/aaknives.eu\\\/fi\\\/#organization\",\"name\":\"AAKnives\",\"url\":\"https:\\\/\\\/aaknives.eu\\\/fi\\\/\",\"logo\":{\"@type\":\"ImageObject\",\"inLanguage\":\"fi\",\"@id\":\"https:\\\/\\\/aaknives.eu\\\/fi\\\/#\\\/schema\\\/logo\\\/image\\\/\",\"url\":\"https:\\\/\\\/aaknives.eu\\\/wp-content\\\/uploads\\\/2021\\\/10\\\/AAknives_Logo_Green.png\",\"contentUrl\":\"https:\\\/\\\/aaknives.eu\\\/wp-content\\\/uploads\\\/2021\\\/10\\\/AAknives_Logo_Green.png\",\"width\":1768,\"height\":1768,\"caption\":\"AAKnives\"},\"image\":{\"@id\":\"https:\\\/\\\/aaknives.eu\\\/fi\\\/#\\\/schema\\\/logo\\\/image\\\/\"},\"sameAs\":[\"https:\\\/\\\/www.facebook.com\\\/aaknives.eu\\\/\",\"https:\\\/\\\/www.instagram.com\\\/aaknives\\\/\",\"https:\\\/\\\/www.pinterest.com\\\/aa_knives\\\/\",\"https:\\\/\\\/www.youtube.com\\\/@aaknives9518\"]}]}<\/script>\n<!-- \/ Yoast SEO plugin. -->","yoast_head_json":{"title":"Veitsi ''BEAR'', Bohler - Uddeholm K340 veitsiter\u00e4s - AAKnives","description":"Veitsi ''BEAR'', Bohler - Uddeholm K340 veitsi ter\u00e4s, aaknives veitsi, mets\u00e4stysveitsi, ulkoiluveitsi, taottu ter\u00e4s veitsi, ruotsalainen ter\u00e4s veitsi","robots":{"index":"index","follow":"follow","max-snippet":"max-snippet:-1","max-image-preview":"max-image-preview:large","max-video-preview":"max-video-preview:-1"},"canonical":"https:\/\/aaknives.eu\/fi\/product\/veitsi-bear-bohler-uddeholm-k340-veitsiteras\/","og_locale":"fi_FI","og_type":"article","og_title":"Veitsi ''BEAR'', Bohler - Uddeholm K340 veitsiter\u00e4s - AAKnives","og_description":"Veitsi ''BEAR'', Bohler - Uddeholm K340 veitsi ter\u00e4s, aaknives veitsi, mets\u00e4stysveitsi, ulkoiluveitsi, taottu ter\u00e4s veitsi, ruotsalainen ter\u00e4s veitsi","og_url":"https:\/\/aaknives.eu\/fi\/product\/veitsi-bear-bohler-uddeholm-k340-veitsiteras\/","og_site_name":"AAKnives","article_publisher":"https:\/\/www.facebook.com\/aaknives.eu\/","article_modified_time":"2024-10-29T02:54:00+00:00","og_image":[{"width":800,"height":600,"url":"https:\/\/aaknives.eu\/wp-content\/uploads\/2024\/10\/aaknives-hand-forged-dabascus-steel-blade-knife-handmade-custom-made-knife-handcrafted-knives-autinetools-northmen-8-1-1-5-3.jpg","type":"image\/jpeg"}],"twitter_card":"summary_large_image","twitter_misc":{"Arvioitu lukuaika":"1 minuutti"},"schema":{"@context":"https:\/\/schema.org","@graph":[{"@type":"WebPage","@id":"https:\/\/aaknives.eu\/fi\/product\/veitsi-bear-bohler-uddeholm-k340-veitsiteras\/","url":"https:\/\/aaknives.eu\/fi\/product\/veitsi-bear-bohler-uddeholm-k340-veitsiteras\/","name":"Veitsi ''BEAR'', Bohler - Uddeholm K340 veitsiter\u00e4s - AAKnives","isPartOf":{"@id":"https:\/\/aaknives.eu\/fi\/#website"},"primaryImageOfPage":{"@id":"https:\/\/aaknives.eu\/fi\/product\/veitsi-bear-bohler-uddeholm-k340-veitsiteras\/#primaryimage"},"image":{"@id":"https:\/\/aaknives.eu\/fi\/product\/veitsi-bear-bohler-uddeholm-k340-veitsiteras\/#primaryimage"},"thumbnailUrl":"https:\/\/aaknives.eu\/wp-content\/uploads\/2024\/10\/aaknives-hand-forged-dabascus-steel-blade-knife-handmade-custom-made-knife-handcrafted-knives-autinetools-northmen-8-1-1-5-3.jpg","datePublished":"2024-10-29T01:57:26+00:00","dateModified":"2024-10-29T02:54:00+00:00","description":"Veitsi ''BEAR'', Bohler - Uddeholm K340 veitsi ter\u00e4s, aaknives veitsi, mets\u00e4stysveitsi, ulkoiluveitsi, taottu ter\u00e4s veitsi, ruotsalainen ter\u00e4s veitsi","breadcrumb":{"@id":"https:\/\/aaknives.eu\/fi\/product\/veitsi-bear-bohler-uddeholm-k340-veitsiteras\/#breadcrumb"},"inLanguage":"fi","potentialAction":[{"@type":"ReadAction","target":["https:\/\/aaknives.eu\/fi\/product\/veitsi-bear-bohler-uddeholm-k340-veitsiteras\/"]}]},{"@type":"ImageObject","inLanguage":"fi","@id":"https:\/\/aaknives.eu\/fi\/product\/veitsi-bear-bohler-uddeholm-k340-veitsiteras\/#primaryimage","url":"https:\/\/aaknives.eu\/wp-content\/uploads\/2024\/10\/aaknives-hand-forged-dabascus-steel-blade-knife-handmade-custom-made-knife-handcrafted-knives-autinetools-northmen-8-1-1-5-3.jpg","contentUrl":"https:\/\/aaknives.eu\/wp-content\/uploads\/2024\/10\/aaknives-hand-forged-dabascus-steel-blade-knife-handmade-custom-made-knife-handcrafted-knives-autinetools-northmen-8-1-1-5-3.jpg","width":800,"height":600},{"@type":"BreadcrumbList","@id":"https:\/\/aaknives.eu\/fi\/product\/veitsi-bear-bohler-uddeholm-k340-veitsiteras\/#breadcrumb","itemListElement":[{"@type":"ListItem","position":1,"name":"Home","item":"https:\/\/aaknives.eu\/fi\/"},{"@type":"ListItem","position":2,"name":"Kauppa","item":"https:\/\/aaknives.eu\/kauppa\/"},{"@type":"ListItem","position":3,"name":"Veitsi &#8221;BEAR&#8221;, Bohler &#8211; Uddeholm K340 veitsiter\u00e4s"}]},{"@type":"WebSite","@id":"https:\/\/aaknives.eu\/fi\/#website","url":"https:\/\/aaknives.eu\/fi\/","name":"AAKnives","description":"Handmade knives","publisher":{"@id":"https:\/\/aaknives.eu\/fi\/#organization"},"alternateName":"Anri Ananin Knives","potentialAction":[{"@type":"SearchAction","target":{"@type":"EntryPoint","urlTemplate":"https:\/\/aaknives.eu\/fi\/?s={search_term_string}"},"query-input":{"@type":"PropertyValueSpecification","valueRequired":true,"valueName":"search_term_string"}}],"inLanguage":"fi"},{"@type":"Organization","@id":"https:\/\/aaknives.eu\/fi\/#organization","name":"AAKnives","url":"https:\/\/aaknives.eu\/fi\/","logo":{"@type":"ImageObject","inLanguage":"fi","@id":"https:\/\/aaknives.eu\/fi\/#\/schema\/logo\/image\/","url":"https:\/\/aaknives.eu\/wp-content\/uploads\/2021\/10\/AAknives_Logo_Green.png","contentUrl":"https:\/\/aaknives.eu\/wp-content\/uploads\/2021\/10\/AAknives_Logo_Green.png","width":1768,"height":1768,"caption":"AAKnives"},"image":{"@id":"https:\/\/aaknives.eu\/fi\/#\/schema\/logo\/image\/"},"sameAs":["https:\/\/www.facebook.com\/aaknives.eu\/","https:\/\/www.instagram.com\/aaknives\/","https:\/\/www.pinterest.com\/aa_knives\/","https:\/\/www.youtube.com\/@aaknives9518"]}]}},"_links":{"self":[{"href":"https:\/\/aaknives.eu\/fi\/wp-json\/wp\/v2\/product\/90403","targetHints":{"allow":["GET"]}}],"collection":[{"href":"https:\/\/aaknives.eu\/fi\/wp-json\/wp\/v2\/product"}],"about":[{"href":"https:\/\/aaknives.eu\/fi\/wp-json\/wp\/v2\/types\/product"}],"wp:featuredmedia":[{"embeddable":true,"href":"https:\/\/aaknives.eu\/fi\/wp-json\/wp\/v2\/media\/86448"}],"wp:attachment":[{"href":"https:\/\/aaknives.eu\/fi\/wp-json\/wp\/v2\/media?parent=90403"}],"wp:term":[{"taxonomy":"product_brand","embeddable":true,"href":"https:\/\/aaknives.eu\/fi\/wp-json\/wp\/v2\/product_brand?post=90403"},{"taxonomy":"product_cat","embeddable":true,"href":"https:\/\/aaknives.eu\/fi\/wp-json\/wp\/v2\/product_cat?post=90403"},{"taxonomy":"product_tag","embeddable":true,"href":"https:\/\/aaknives.eu\/fi\/wp-json\/wp\/v2\/product_tag?post=90403"}],"curies":[{"name":"wp","href":"https:\/\/api.w.org\/{rel}","templated":true}]}}