{"id":90414,"date":"2024-10-29T01:56:59","date_gmt":"2024-10-29T01:56:59","guid":{"rendered":"https:\/\/aaknives.eu\/?post_type=product&#038;p=90414"},"modified":"2024-10-29T02:53:53","modified_gmt":"2024-10-29T02:53:53","slug":"premium-7-premium-damascus-terainen-veitsi","status":"publish","type":"product","link":"https:\/\/aaknives.eu\/fi\/product\/premium-7-premium-damascus-terainen-veitsi\/","title":{"rendered":"Premium- 7 &#8211; Premium Damascus-ter\u00e4inen veitsi"},"content":{"rendered":"<p>AAknivesin premium-veitsisarja on ainutlaatuinen. Jokainen veitsimalli valmistetaan vain yhdest\u00e4 kappaleesta \u2013 samanlaisia veitsi\u00e4 ei ole useampia. Jokainen Damascus-ter\u00e4s ter\u00e4 on k\u00e4sin taottu, joten jokaisella ter\u00e4ll\u00e4 on oma kaunis piirros ja oma luonne, joka syntyy taontaprosessin aikana. Jokainen kahva on my\u00f6s erilainen \u2013 eriv\u00e4rinen upotus G10-materiaalista, eriv\u00e4rinen puu, eksklusiiviset puulajit, joilla on omat puumallipiirustukset. Saat laadukkaan ja eksklusiivisen premium-linjan veitsen. Kenell\u00e4k\u00e4\u00e4n muulla ei ole samaa veist\u00e4 kuin sinulla. N\u00e4m\u00e4 veitset ovat kauniita ja erinomaisia ty\u00f6v\u00e4lineit\u00e4, joilla on eritt\u00e4in hyv\u00e4t leikkaus- ja kest\u00e4vyysominaisuudet. Se pysyy ter\u00e4v\u00e4n\u00e4 pitk\u00e4\u00e4n, eik\u00e4 sit\u00e4 tarvitse teroittaa kovin usein, se on kest\u00e4v\u00e4 ja selviytyy helposti kaikista teht\u00e4vist\u00e4.<\/p>\n<p>Veitsen tekniset tiedot \u2013 Premium-7<br \/>\nTer\u00e4st\u00e4: (HVG, U10, ShH15), 450 kerrosta.<br \/>\nKovuus: 60-62 HRC<br \/>\nTer\u00e4n pituus (mm): 114 \/ 4,48 tuumaa<br \/>\nTer\u00e4n paksuus (mm): Ter\u00e4n paksuus: 3 \/ 0,11 tuumaa<br \/>\nTer\u00e4n leveys (mm): Ter\u00e4n leveys: 32 \/ 1,25 tuumaa<br \/>\nKahva: Leopardipuu<br \/>\nKokonaispituus (mm): 234 \/ 9,21 tuumaa<\/p>\n<p>\u00a0<\/p>\n<p>Suunnittelu: AA-veitset<br \/>\nTer\u00e4: Veitsi: Erityisesti AA-veitsi\u00e4 varten taottu<br \/>\nKahva: Valmistanut AA knives Latviassa, Euroopassa<br \/>\nTeroitus: AAknives<\/p>\n<p>K\u00e4sin taottu Damaskuster\u00e4ksest\u00e4 valmistettu ter\u00e4, joka on luotu paketista eri kovuutta ja viskositeettia olevia ter\u00e4ksi\u00e4, jotka taittuvat levyksi tietyss\u00e4 j\u00e4rjestyksess\u00e4. Seuraavaksi levy\u00e4 taotaan toistuvasti uudelleen, mink\u00e4 ansiosta muodostuu kerroksia ja ainutlaatuinen kuvio.<br \/>\nVaikea tekninen prosessi tehd\u00e4\u00e4n manuaalisesti. N\u00e4in valmistetulle ter\u00e4kselle on ominaista lis\u00e4\u00e4ntynyt lujuus, suuri kovuus, erinomaiset leikkausominaisuudet ja kauneus.<br \/>\nDamaskon-ter\u00e4 yli 450 kerrosta.<br \/>\nPaketti Damascuster\u00e4ksest\u00e4 valmistettu ter\u00e4 ShH15 + HVG + U10 A, l\u00e4mp\u00f6ilmaisu 860 \u00b0 C.<\/p>\n<p>Damascus-ter\u00e4n veitsien edut:<br \/>\nLis\u00e4\u00e4ntynyt lujuus<br \/>\nKorkea kovuus<br \/>\nErinomaiset leikkausominaisuudet<br \/>\nKaunis muotoilu<br \/>\nPitk\u00e4\u00e4n kest\u00e4v\u00e4 ter\u00e4vyys<\/p>\n<p>Ter\u00e4n kovuus 60-62 HRC.<br \/>\nCustom veitsi, k\u00e4sintehty veitsi, k\u00e4sin taottu veitsi, k\u00e4sin taottu ter\u00e4<\/p>\n","protected":false},"excerpt":{"rendered":"<p>AAknivesin premium-veitsisarja on ainutlaatuinen. Jokainen veitsimalli valmistetaan vain yhdest\u00e4 kappaleesta \u2013 samanlaisia veitsi\u00e4 ei ole useampia. Jokainen Damascus-ter\u00e4s ter\u00e4 on k\u00e4sin taottu, joten jokaisella ter\u00e4ll\u00e4 on oma kaunis piirros ja oma luonne, joka syntyy taontaprosessin aikana. Jokainen kahva on my\u00f6s erilainen \u2013 eriv\u00e4rinen upotus G10-materiaalista, eriv\u00e4rinen puu, eksklusiiviset puulajit, joilla on omat puumallipiirustukset. Saat laadukkaan ja eksklusiivisen premium-linjan veitsen. Kenell\u00e4k\u00e4\u00e4n muulla ei ole samaa veist\u00e4 kuin sinulla. N\u00e4m\u00e4 veitset ovat kauniita ja erinomaisia ty\u00f6v\u00e4lineit\u00e4, joilla on eritt\u00e4in hyv\u00e4t leikkaus- ja kest\u00e4vyysominaisuudet. Se pysyy ter\u00e4v\u00e4n\u00e4 pitk\u00e4\u00e4n, eik\u00e4 sit\u00e4 tarvitse teroittaa kovin usein, se on kest\u00e4v\u00e4 ja selviytyy helposti kaikista teht\u00e4vist\u00e4. Veitsen&hellip;<\/p>\n","protected":false},"featured_media":86134,"template":"","meta":{"_themeisle_gutenberg_block_has_review":false},"product_brand":[],"product_cat":[456,453,459,452],"product_tag":[],"class_list":{"0":"post-90414","1":"product","2":"type-product","3":"status-publish","4":"has-post-thumbnail","6":"product_cat-kalastusveitset","7":"product_cat-metsastysveitset","8":"product_cat-premium-ja-exclusive-veitset","9":"product_cat-ulkoveitset","11":"first","12":"outofstock","13":"shipping-taxable","14":"purchasable","15":"product-type-simple"},"yoast_head":"<!-- This site is optimized with the Yoast SEO plugin v27.5 - https:\/\/yoast.com\/product\/yoast-seo-wordpress\/ -->\n<title>Premium- 7 - Premium Damascus-ter\u00e4inen veitsi - AAKnives<\/title>\n<meta name=\"robots\" content=\"index, follow, max-snippet:-1, max-image-preview:large, max-video-preview:-1\" \/>\n<link rel=\"canonical\" href=\"https:\/\/aaknives.eu\/fi\/product\/premium-7-premium-damascus-terainen-veitsi\/\" \/>\n<meta property=\"og:locale\" content=\"fi_FI\" \/>\n<meta property=\"og:type\" content=\"article\" \/>\n<meta property=\"og:title\" content=\"Premium- 7 - Premium Damascus-ter\u00e4inen veitsi - AAKnives\" \/>\n<meta property=\"og:description\" content=\"AAknivesin premium-veitsisarja on ainutlaatuinen. Jokainen veitsimalli valmistetaan vain yhdest\u00e4 kappaleesta \u2013 samanlaisia veitsi\u00e4 ei ole useampia. Jokainen Damascus-ter\u00e4s ter\u00e4 on k\u00e4sin taottu, joten jokaisella ter\u00e4ll\u00e4 on oma kaunis piirros ja oma luonne, joka syntyy taontaprosessin aikana. Jokainen kahva on my\u00f6s erilainen \u2013 eriv\u00e4rinen upotus G10-materiaalista, eriv\u00e4rinen puu, eksklusiiviset puulajit, joilla on omat puumallipiirustukset. Saat laadukkaan ja eksklusiivisen premium-linjan veitsen. Kenell\u00e4k\u00e4\u00e4n muulla ei ole samaa veist\u00e4 kuin sinulla. N\u00e4m\u00e4 veitset ovat kauniita ja erinomaisia ty\u00f6v\u00e4lineit\u00e4, joilla on eritt\u00e4in hyv\u00e4t leikkaus- ja kest\u00e4vyysominaisuudet. Se pysyy ter\u00e4v\u00e4n\u00e4 pitk\u00e4\u00e4n, eik\u00e4 sit\u00e4 tarvitse teroittaa kovin usein, se on kest\u00e4v\u00e4 ja selviytyy helposti kaikista teht\u00e4vist\u00e4. Veitsen&hellip;\" \/>\n<meta property=\"og:url\" content=\"https:\/\/aaknives.eu\/fi\/product\/premium-7-premium-damascus-terainen-veitsi\/\" \/>\n<meta property=\"og:site_name\" content=\"AAKnives\" \/>\n<meta property=\"article:publisher\" content=\"https:\/\/www.facebook.com\/aaknives.eu\/\" \/>\n<meta property=\"article:modified_time\" content=\"2024-10-29T02:53:53+00:00\" \/>\n<meta property=\"og:image\" content=\"https:\/\/aaknives.eu\/wp-content\/uploads\/2024\/10\/aaknives-hand-forged-dabascus-steel-blade-knife-handmade-custom-made-knife-handcrafted-knives-autinetools-northmen-premium-8-1-1-4.jpg\" \/>\n\t<meta property=\"og:image:width\" content=\"800\" \/>\n\t<meta property=\"og:image:height\" content=\"600\" \/>\n\t<meta property=\"og:image:type\" content=\"image\/jpeg\" \/>\n<meta name=\"twitter:card\" content=\"summary_large_image\" \/>\n<meta name=\"twitter:label1\" content=\"Arvioitu lukuaika\" \/>\n\t<meta name=\"twitter:data1\" content=\"1 minuutti\" \/>\n<script type=\"application\/ld+json\" class=\"yoast-schema-graph\">{\"@context\":\"https:\\\/\\\/schema.org\",\"@graph\":[{\"@type\":\"WebPage\",\"@id\":\"https:\\\/\\\/aaknives.eu\\\/fi\\\/product\\\/premium-7-premium-damascus-terainen-veitsi\\\/\",\"url\":\"https:\\\/\\\/aaknives.eu\\\/fi\\\/product\\\/premium-7-premium-damascus-terainen-veitsi\\\/\",\"name\":\"Premium- 7 - Premium Damascus-ter\u00e4inen veitsi - AAKnives\",\"isPartOf\":{\"@id\":\"https:\\\/\\\/aaknives.eu\\\/fi\\\/#website\"},\"primaryImageOfPage\":{\"@id\":\"https:\\\/\\\/aaknives.eu\\\/fi\\\/product\\\/premium-7-premium-damascus-terainen-veitsi\\\/#primaryimage\"},\"image\":{\"@id\":\"https:\\\/\\\/aaknives.eu\\\/fi\\\/product\\\/premium-7-premium-damascus-terainen-veitsi\\\/#primaryimage\"},\"thumbnailUrl\":\"https:\\\/\\\/aaknives.eu\\\/wp-content\\\/uploads\\\/2024\\\/10\\\/aaknives-hand-forged-dabascus-steel-blade-knife-handmade-custom-made-knife-handcrafted-knives-autinetools-northmen-premium-8-1-1-4.jpg\",\"datePublished\":\"2024-10-29T01:56:59+00:00\",\"dateModified\":\"2024-10-29T02:53:53+00:00\",\"breadcrumb\":{\"@id\":\"https:\\\/\\\/aaknives.eu\\\/fi\\\/product\\\/premium-7-premium-damascus-terainen-veitsi\\\/#breadcrumb\"},\"inLanguage\":\"fi\",\"potentialAction\":[{\"@type\":\"ReadAction\",\"target\":[\"https:\\\/\\\/aaknives.eu\\\/fi\\\/product\\\/premium-7-premium-damascus-terainen-veitsi\\\/\"]}]},{\"@type\":\"ImageObject\",\"inLanguage\":\"fi\",\"@id\":\"https:\\\/\\\/aaknives.eu\\\/fi\\\/product\\\/premium-7-premium-damascus-terainen-veitsi\\\/#primaryimage\",\"url\":\"https:\\\/\\\/aaknives.eu\\\/wp-content\\\/uploads\\\/2024\\\/10\\\/aaknives-hand-forged-dabascus-steel-blade-knife-handmade-custom-made-knife-handcrafted-knives-autinetools-northmen-premium-8-1-1-4.jpg\",\"contentUrl\":\"https:\\\/\\\/aaknives.eu\\\/wp-content\\\/uploads\\\/2024\\\/10\\\/aaknives-hand-forged-dabascus-steel-blade-knife-handmade-custom-made-knife-handcrafted-knives-autinetools-northmen-premium-8-1-1-4.jpg\",\"width\":800,\"height\":600},{\"@type\":\"BreadcrumbList\",\"@id\":\"https:\\\/\\\/aaknives.eu\\\/fi\\\/product\\\/premium-7-premium-damascus-terainen-veitsi\\\/#breadcrumb\",\"itemListElement\":[{\"@type\":\"ListItem\",\"position\":1,\"name\":\"Home\",\"item\":\"https:\\\/\\\/aaknives.eu\\\/fi\\\/\"},{\"@type\":\"ListItem\",\"position\":2,\"name\":\"Kauppa\",\"item\":\"https:\\\/\\\/aaknives.eu\\\/kauppa\\\/\"},{\"@type\":\"ListItem\",\"position\":3,\"name\":\"Premium- 7 &#8211; Premium Damascus-ter\u00e4inen veitsi\"}]},{\"@type\":\"WebSite\",\"@id\":\"https:\\\/\\\/aaknives.eu\\\/fi\\\/#website\",\"url\":\"https:\\\/\\\/aaknives.eu\\\/fi\\\/\",\"name\":\"AAKnives\",\"description\":\"Handmade knives\",\"publisher\":{\"@id\":\"https:\\\/\\\/aaknives.eu\\\/fi\\\/#organization\"},\"potentialAction\":[{\"@type\":\"SearchAction\",\"target\":{\"@type\":\"EntryPoint\",\"urlTemplate\":\"https:\\\/\\\/aaknives.eu\\\/fi\\\/?s={search_term_string}\"},\"query-input\":{\"@type\":\"PropertyValueSpecification\",\"valueRequired\":true,\"valueName\":\"search_term_string\"}}],\"inLanguage\":\"fi\"},{\"@type\":\"Organization\",\"@id\":\"https:\\\/\\\/aaknives.eu\\\/fi\\\/#organization\",\"name\":\"AAKnives\",\"url\":\"https:\\\/\\\/aaknives.eu\\\/fi\\\/\",\"logo\":{\"@type\":\"ImageObject\",\"inLanguage\":\"fi\",\"@id\":\"https:\\\/\\\/aaknives.eu\\\/fi\\\/#\\\/schema\\\/logo\\\/image\\\/\",\"url\":\"https:\\\/\\\/aaknives.eu\\\/wp-content\\\/uploads\\\/2021\\\/10\\\/AAknives_Logo_Green.png\",\"contentUrl\":\"https:\\\/\\\/aaknives.eu\\\/wp-content\\\/uploads\\\/2021\\\/10\\\/AAknives_Logo_Green.png\",\"width\":1768,\"height\":1768,\"caption\":\"AAKnives\"},\"image\":{\"@id\":\"https:\\\/\\\/aaknives.eu\\\/fi\\\/#\\\/schema\\\/logo\\\/image\\\/\"},\"sameAs\":[\"https:\\\/\\\/www.facebook.com\\\/aaknives.eu\\\/\",\"https:\\\/\\\/www.instagram.com\\\/aaknives\\\/\",\"https:\\\/\\\/www.pinterest.com\\\/aa_knives\\\/\",\"https:\\\/\\\/www.youtube.com\\\/channel\\\/UCHOQFjrOkgT6s4FIw9LDKyw\\\/featured\"]}]}<\/script>\n<!-- \/ Yoast SEO plugin. -->","yoast_head_json":{"title":"Premium- 7 - Premium Damascus-ter\u00e4inen veitsi - AAKnives","robots":{"index":"index","follow":"follow","max-snippet":"max-snippet:-1","max-image-preview":"max-image-preview:large","max-video-preview":"max-video-preview:-1"},"canonical":"https:\/\/aaknives.eu\/fi\/product\/premium-7-premium-damascus-terainen-veitsi\/","og_locale":"fi_FI","og_type":"article","og_title":"Premium- 7 - Premium Damascus-ter\u00e4inen veitsi - AAKnives","og_description":"AAknivesin premium-veitsisarja on ainutlaatuinen. Jokainen veitsimalli valmistetaan vain yhdest\u00e4 kappaleesta \u2013 samanlaisia veitsi\u00e4 ei ole useampia. Jokainen Damascus-ter\u00e4s ter\u00e4 on k\u00e4sin taottu, joten jokaisella ter\u00e4ll\u00e4 on oma kaunis piirros ja oma luonne, joka syntyy taontaprosessin aikana. Jokainen kahva on my\u00f6s erilainen \u2013 eriv\u00e4rinen upotus G10-materiaalista, eriv\u00e4rinen puu, eksklusiiviset puulajit, joilla on omat puumallipiirustukset. Saat laadukkaan ja eksklusiivisen premium-linjan veitsen. Kenell\u00e4k\u00e4\u00e4n muulla ei ole samaa veist\u00e4 kuin sinulla. N\u00e4m\u00e4 veitset ovat kauniita ja erinomaisia ty\u00f6v\u00e4lineit\u00e4, joilla on eritt\u00e4in hyv\u00e4t leikkaus- ja kest\u00e4vyysominaisuudet. Se pysyy ter\u00e4v\u00e4n\u00e4 pitk\u00e4\u00e4n, eik\u00e4 sit\u00e4 tarvitse teroittaa kovin usein, se on kest\u00e4v\u00e4 ja selviytyy helposti kaikista teht\u00e4vist\u00e4. Veitsen&hellip;","og_url":"https:\/\/aaknives.eu\/fi\/product\/premium-7-premium-damascus-terainen-veitsi\/","og_site_name":"AAKnives","article_publisher":"https:\/\/www.facebook.com\/aaknives.eu\/","article_modified_time":"2024-10-29T02:53:53+00:00","og_image":[{"width":800,"height":600,"url":"https:\/\/aaknives.eu\/wp-content\/uploads\/2024\/10\/aaknives-hand-forged-dabascus-steel-blade-knife-handmade-custom-made-knife-handcrafted-knives-autinetools-northmen-premium-8-1-1-4.jpg","type":"image\/jpeg"}],"twitter_card":"summary_large_image","twitter_misc":{"Arvioitu lukuaika":"1 minuutti"},"schema":{"@context":"https:\/\/schema.org","@graph":[{"@type":"WebPage","@id":"https:\/\/aaknives.eu\/fi\/product\/premium-7-premium-damascus-terainen-veitsi\/","url":"https:\/\/aaknives.eu\/fi\/product\/premium-7-premium-damascus-terainen-veitsi\/","name":"Premium- 7 - Premium Damascus-ter\u00e4inen veitsi - AAKnives","isPartOf":{"@id":"https:\/\/aaknives.eu\/fi\/#website"},"primaryImageOfPage":{"@id":"https:\/\/aaknives.eu\/fi\/product\/premium-7-premium-damascus-terainen-veitsi\/#primaryimage"},"image":{"@id":"https:\/\/aaknives.eu\/fi\/product\/premium-7-premium-damascus-terainen-veitsi\/#primaryimage"},"thumbnailUrl":"https:\/\/aaknives.eu\/wp-content\/uploads\/2024\/10\/aaknives-hand-forged-dabascus-steel-blade-knife-handmade-custom-made-knife-handcrafted-knives-autinetools-northmen-premium-8-1-1-4.jpg","datePublished":"2024-10-29T01:56:59+00:00","dateModified":"2024-10-29T02:53:53+00:00","breadcrumb":{"@id":"https:\/\/aaknives.eu\/fi\/product\/premium-7-premium-damascus-terainen-veitsi\/#breadcrumb"},"inLanguage":"fi","potentialAction":[{"@type":"ReadAction","target":["https:\/\/aaknives.eu\/fi\/product\/premium-7-premium-damascus-terainen-veitsi\/"]}]},{"@type":"ImageObject","inLanguage":"fi","@id":"https:\/\/aaknives.eu\/fi\/product\/premium-7-premium-damascus-terainen-veitsi\/#primaryimage","url":"https:\/\/aaknives.eu\/wp-content\/uploads\/2024\/10\/aaknives-hand-forged-dabascus-steel-blade-knife-handmade-custom-made-knife-handcrafted-knives-autinetools-northmen-premium-8-1-1-4.jpg","contentUrl":"https:\/\/aaknives.eu\/wp-content\/uploads\/2024\/10\/aaknives-hand-forged-dabascus-steel-blade-knife-handmade-custom-made-knife-handcrafted-knives-autinetools-northmen-premium-8-1-1-4.jpg","width":800,"height":600},{"@type":"BreadcrumbList","@id":"https:\/\/aaknives.eu\/fi\/product\/premium-7-premium-damascus-terainen-veitsi\/#breadcrumb","itemListElement":[{"@type":"ListItem","position":1,"name":"Home","item":"https:\/\/aaknives.eu\/fi\/"},{"@type":"ListItem","position":2,"name":"Kauppa","item":"https:\/\/aaknives.eu\/kauppa\/"},{"@type":"ListItem","position":3,"name":"Premium- 7 &#8211; Premium Damascus-ter\u00e4inen veitsi"}]},{"@type":"WebSite","@id":"https:\/\/aaknives.eu\/fi\/#website","url":"https:\/\/aaknives.eu\/fi\/","name":"AAKnives","description":"Handmade knives","publisher":{"@id":"https:\/\/aaknives.eu\/fi\/#organization"},"potentialAction":[{"@type":"SearchAction","target":{"@type":"EntryPoint","urlTemplate":"https:\/\/aaknives.eu\/fi\/?s={search_term_string}"},"query-input":{"@type":"PropertyValueSpecification","valueRequired":true,"valueName":"search_term_string"}}],"inLanguage":"fi"},{"@type":"Organization","@id":"https:\/\/aaknives.eu\/fi\/#organization","name":"AAKnives","url":"https:\/\/aaknives.eu\/fi\/","logo":{"@type":"ImageObject","inLanguage":"fi","@id":"https:\/\/aaknives.eu\/fi\/#\/schema\/logo\/image\/","url":"https:\/\/aaknives.eu\/wp-content\/uploads\/2021\/10\/AAknives_Logo_Green.png","contentUrl":"https:\/\/aaknives.eu\/wp-content\/uploads\/2021\/10\/AAknives_Logo_Green.png","width":1768,"height":1768,"caption":"AAKnives"},"image":{"@id":"https:\/\/aaknives.eu\/fi\/#\/schema\/logo\/image\/"},"sameAs":["https:\/\/www.facebook.com\/aaknives.eu\/","https:\/\/www.instagram.com\/aaknives\/","https:\/\/www.pinterest.com\/aa_knives\/","https:\/\/www.youtube.com\/channel\/UCHOQFjrOkgT6s4FIw9LDKyw\/featured"]}]}},"_links":{"self":[{"href":"https:\/\/aaknives.eu\/fi\/wp-json\/wp\/v2\/product\/90414","targetHints":{"allow":["GET"]}}],"collection":[{"href":"https:\/\/aaknives.eu\/fi\/wp-json\/wp\/v2\/product"}],"about":[{"href":"https:\/\/aaknives.eu\/fi\/wp-json\/wp\/v2\/types\/product"}],"wp:featuredmedia":[{"embeddable":true,"href":"https:\/\/aaknives.eu\/fi\/wp-json\/wp\/v2\/media\/86134"}],"wp:attachment":[{"href":"https:\/\/aaknives.eu\/fi\/wp-json\/wp\/v2\/media?parent=90414"}],"wp:term":[{"taxonomy":"product_brand","embeddable":true,"href":"https:\/\/aaknives.eu\/fi\/wp-json\/wp\/v2\/product_brand?post=90414"},{"taxonomy":"product_cat","embeddable":true,"href":"https:\/\/aaknives.eu\/fi\/wp-json\/wp\/v2\/product_cat?post=90414"},{"taxonomy":"product_tag","embeddable":true,"href":"https:\/\/aaknives.eu\/fi\/wp-json\/wp\/v2\/product_tag?post=90414"}],"curies":[{"name":"wp","href":"https:\/\/api.w.org\/{rel}","templated":true}]}}