{"id":90420,"date":"2024-10-29T01:56:36","date_gmt":"2024-10-29T01:56:36","guid":{"rendered":"https:\/\/aaknives.eu\/?post_type=product&#038;p=90420"},"modified":"2025-01-09T16:43:33","modified_gmt":"2025-01-09T16:43:33","slug":"veitsi-coyote-bohler-uddeholm-s390-veitsiteras","status":"publish","type":"product","link":"https:\/\/aaknives.eu\/fi\/product\/veitsi-coyote-bohler-uddeholm-s390-veitsiteras\/","title":{"rendered":"Veitsi &#8221;WEREWOLF&#8221;, Bohler-Uddeholm S390 veitsiter\u00e4s"},"content":{"rendered":"<p>Veitsen tekniset tiedot: &#8221;WEREWOLF&#8221;<br \/>\nTer\u00e4s: Bohler-Uddeholm S390 veitsiter\u00e4s<br \/>\nKovuus: 65-68 HRC<br \/>\nTer\u00e4n pituus (mm): 122 \/ 4,80 tuumaa<br \/>\nTer\u00e4n paksuus (mm): 3 \/ 0,11 tuumaa<br \/>\nTer\u00e4n leveys (mm): 35 \/ 1,37 tuumaa<br \/>\nKahva: Afrikkalainen Wenge-puu + nahka<br \/>\nKokonaispituus (mm): 252 \/ 9,92 tuumaa<br \/>\nVeitsen tyyppi: mets\u00e4stys, ulkoilu<br \/>\nPakkaus: veitsi, nahkatuppi<\/p>\n<p>S390 (Bohler-Uddeholm) &#8211; Bohler-Uddeholm PM-ter\u00e4s. Nopeak\u00e4ytt\u00f6inen, punakuumakova ty\u00f6kaluter\u00e4s. Hyv\u00e4 sitkeys ja kulutuskest\u00e4vyys. Vastaa suunnilleen AISI T15 -nopeak\u00e4rkist\u00e4 ty\u00f6kaluter\u00e4st\u00e4. Siirr\u00e4n t\u00e4m\u00e4n metalliseoksen pian omaan ryhm\u00e4\u00e4ns\u00e4, koska S390 Microclean ei ole niin l\u00e4hell\u00e4 AISI T15 -ter\u00e4st\u00e4 eik\u00e4 AISI M3:1Co -ter\u00e4st\u00e4, ett\u00e4 se olisi perusteltua olla samassa ryhm\u00e4ss\u00e4.<\/p>\n<p>Samaan aikaan Sveitsi l\u00e4hetti juuri videon (23.09.19) S390 Microclean -testien tuloksista, joissa ohutter\u00e4inen veitsi, jonka reunan paksuusreunan takana on 0,02 tuumaa, onnistui leikkaamaan ter\u00e4snaulan ja messinkiputken l\u00e4pi ilman reunavaurioita. Testiveitsi oli eritt\u00e4in vaikuttava 68 HRC. Kaiken kaikkiaan julkaistujen tietojen ja testien perusteella voidaan todeta, ett\u00e4 S390 Microclean -ter\u00e4s voi olla eritt\u00e4in suorituskykyinen, ja k\u00e4ytetyn l\u00e4mp\u00f6k\u00e4sittelyprotokollan perusteella oletan, ett\u00e4 se voi toimia eritt\u00e4in hyvin sek\u00e4 korkean suorituskyvyn leikkureissa ett\u00e4 suuremmissa ja raskaammissa veitsiss\u00e4. On my\u00f6s syyt\u00e4 huomata, ett\u00e4 karbidien koko on 3 \u00b5m-5 \u00b5m, mik\u00e4 on melko hieno verrattuna moniin muihin korkeaseosteisiin ter\u00e4ksiin.<\/p>\n","protected":false},"excerpt":{"rendered":"<p>Veitsen tekniset tiedot: &#8221;WEREWOLF&#8221; Ter\u00e4s: Bohler-Uddeholm S390 veitsiter\u00e4s Kovuus: 65-68 HRC Ter\u00e4n pituus (mm): 122 \/ 4,80 tuumaa Ter\u00e4n paksuus (mm): 3 \/ 0,11 tuumaa Ter\u00e4n leveys (mm): 35 \/ 1,37 tuumaa Kahva: Afrikkalainen Wenge-puu + nahka Kokonaispituus (mm): 252 \/ 9,92 tuumaa Veitsen tyyppi: mets\u00e4stys, ulkoilu Pakkaus: veitsi, nahkatuppi S390 (Bohler-Uddeholm) &#8211; Bohler-Uddeholm PM-ter\u00e4s. Nopeak\u00e4ytt\u00f6inen, punakuumakova ty\u00f6kaluter\u00e4s. Hyv\u00e4 sitkeys ja kulutuskest\u00e4vyys. Vastaa suunnilleen AISI T15 -nopeak\u00e4rkist\u00e4 ty\u00f6kaluter\u00e4st\u00e4. Siirr\u00e4n t\u00e4m\u00e4n metalliseoksen pian omaan ryhm\u00e4\u00e4ns\u00e4, koska S390 Microclean ei ole niin l\u00e4hell\u00e4 AISI T15 -ter\u00e4st\u00e4 eik\u00e4 AISI M3:1Co -ter\u00e4st\u00e4, ett\u00e4 se olisi perusteltua olla samassa ryhm\u00e4ss\u00e4. Samaan aikaan Sveitsi l\u00e4hetti juuri&hellip;<\/p>\n","protected":false},"featured_media":94467,"template":"","meta":{"_themeisle_gutenberg_block_has_review":false},"product_brand":[],"product_cat":[456,453,459,452],"product_tag":[],"class_list":{"0":"post-90420","1":"product","2":"type-product","3":"status-publish","4":"has-post-thumbnail","6":"product_cat-kalastusveitset","7":"product_cat-metsastysveitset","8":"product_cat-premium-ja-exclusive-veitset","9":"product_cat-ulkoveitset","11":"first","12":"instock","13":"shipping-taxable","14":"purchasable","15":"product-type-simple"},"yoast_head":"<!-- This site is optimized with the Yoast SEO plugin v27.3 - https:\/\/yoast.com\/product\/yoast-seo-wordpress\/ -->\n<title>Veitsi &#039;&#039;WEREWOLF&#039;&#039;, Bohler-Uddeholm S390 veitsiter\u00e4s - AAKnives<\/title>\n<meta name=\"description\" content=\"Veitsi &#039;&#039;WEREWOLF&#039;&#039;, Bohler-Uddeholm S390 veitsiter\u00e4s\" \/>\n<meta name=\"robots\" content=\"index, follow, max-snippet:-1, max-image-preview:large, max-video-preview:-1\" \/>\n<link rel=\"canonical\" href=\"https:\/\/aaknives.eu\/fi\/product\/veitsi-coyote-bohler-uddeholm-s390-veitsiteras\/\" \/>\n<meta property=\"og:locale\" content=\"fi_FI\" \/>\n<meta property=\"og:type\" content=\"article\" \/>\n<meta property=\"og:title\" content=\"Veitsi &#039;&#039;WEREWOLF&#039;&#039;, Bohler-Uddeholm S390 veitsiter\u00e4s - AAKnives\" \/>\n<meta property=\"og:description\" content=\"Veitsi &#039;&#039;WEREWOLF&#039;&#039;, Bohler-Uddeholm S390 veitsiter\u00e4s\" \/>\n<meta property=\"og:url\" content=\"https:\/\/aaknives.eu\/fi\/product\/veitsi-coyote-bohler-uddeholm-s390-veitsiteras\/\" \/>\n<meta property=\"og:site_name\" content=\"AAKnives\" \/>\n<meta property=\"article:publisher\" content=\"https:\/\/www.facebook.com\/aaknives.eu\/\" \/>\n<meta property=\"article:modified_time\" content=\"2025-01-09T16:43:33+00:00\" \/>\n<meta property=\"og:image\" content=\"https:\/\/aaknives.eu\/wp-content\/uploads\/2024\/10\/aaknives-hand-forged-dabascus-steel-blade-knife-handmade-custom-made-knife-handcrafted-knives-autinetools-northmen-30.2-1.jpg\" \/>\n\t<meta property=\"og:image:width\" content=\"1020\" \/>\n\t<meta property=\"og:image:height\" content=\"880\" \/>\n\t<meta property=\"og:image:type\" content=\"image\/jpeg\" \/>\n<meta name=\"twitter:card\" content=\"summary_large_image\" \/>\n<meta name=\"twitter:label1\" content=\"Arvioitu lukuaika\" \/>\n\t<meta name=\"twitter:data1\" content=\"1 minuutti\" \/>\n<script type=\"application\/ld+json\" class=\"yoast-schema-graph\">{\"@context\":\"https:\\\/\\\/schema.org\",\"@graph\":[{\"@type\":\"WebPage\",\"@id\":\"https:\\\/\\\/aaknives.eu\\\/fi\\\/product\\\/veitsi-coyote-bohler-uddeholm-s390-veitsiteras\\\/\",\"url\":\"https:\\\/\\\/aaknives.eu\\\/fi\\\/product\\\/veitsi-coyote-bohler-uddeholm-s390-veitsiteras\\\/\",\"name\":\"Veitsi ''WEREWOLF'', Bohler-Uddeholm S390 veitsiter\u00e4s - AAKnives\",\"isPartOf\":{\"@id\":\"https:\\\/\\\/aaknives.eu\\\/fi\\\/#website\"},\"primaryImageOfPage\":{\"@id\":\"https:\\\/\\\/aaknives.eu\\\/fi\\\/product\\\/veitsi-coyote-bohler-uddeholm-s390-veitsiteras\\\/#primaryimage\"},\"image\":{\"@id\":\"https:\\\/\\\/aaknives.eu\\\/fi\\\/product\\\/veitsi-coyote-bohler-uddeholm-s390-veitsiteras\\\/#primaryimage\"},\"thumbnailUrl\":\"https:\\\/\\\/aaknives.eu\\\/wp-content\\\/uploads\\\/2024\\\/10\\\/aaknives-hand-forged-dabascus-steel-blade-knife-handmade-custom-made-knife-handcrafted-knives-autinetools-northmen-30.2-1.jpg\",\"datePublished\":\"2024-10-29T01:56:36+00:00\",\"dateModified\":\"2025-01-09T16:43:33+00:00\",\"description\":\"Veitsi ''WEREWOLF'', Bohler-Uddeholm S390 veitsiter\u00e4s\",\"breadcrumb\":{\"@id\":\"https:\\\/\\\/aaknives.eu\\\/fi\\\/product\\\/veitsi-coyote-bohler-uddeholm-s390-veitsiteras\\\/#breadcrumb\"},\"inLanguage\":\"fi\",\"potentialAction\":[{\"@type\":\"ReadAction\",\"target\":[\"https:\\\/\\\/aaknives.eu\\\/fi\\\/product\\\/veitsi-coyote-bohler-uddeholm-s390-veitsiteras\\\/\"]}]},{\"@type\":\"ImageObject\",\"inLanguage\":\"fi\",\"@id\":\"https:\\\/\\\/aaknives.eu\\\/fi\\\/product\\\/veitsi-coyote-bohler-uddeholm-s390-veitsiteras\\\/#primaryimage\",\"url\":\"https:\\\/\\\/aaknives.eu\\\/wp-content\\\/uploads\\\/2024\\\/10\\\/aaknives-hand-forged-dabascus-steel-blade-knife-handmade-custom-made-knife-handcrafted-knives-autinetools-northmen-30.2-1.jpg\",\"contentUrl\":\"https:\\\/\\\/aaknives.eu\\\/wp-content\\\/uploads\\\/2024\\\/10\\\/aaknives-hand-forged-dabascus-steel-blade-knife-handmade-custom-made-knife-handcrafted-knives-autinetools-northmen-30.2-1.jpg\",\"width\":1020,\"height\":880},{\"@type\":\"BreadcrumbList\",\"@id\":\"https:\\\/\\\/aaknives.eu\\\/fi\\\/product\\\/veitsi-coyote-bohler-uddeholm-s390-veitsiteras\\\/#breadcrumb\",\"itemListElement\":[{\"@type\":\"ListItem\",\"position\":1,\"name\":\"Home\",\"item\":\"https:\\\/\\\/aaknives.eu\\\/fi\\\/\"},{\"@type\":\"ListItem\",\"position\":2,\"name\":\"Kauppa\",\"item\":\"https:\\\/\\\/aaknives.eu\\\/kauppa\\\/\"},{\"@type\":\"ListItem\",\"position\":3,\"name\":\"Private: Veitsi &#8221;WEREWOLF&#8221;, Bohler-Uddeholm S390 veitsiter\u00e4s\"}]},{\"@type\":\"WebSite\",\"@id\":\"https:\\\/\\\/aaknives.eu\\\/fi\\\/#website\",\"url\":\"https:\\\/\\\/aaknives.eu\\\/fi\\\/\",\"name\":\"AAKnives\",\"description\":\"Handmade knives\",\"publisher\":{\"@id\":\"https:\\\/\\\/aaknives.eu\\\/fi\\\/#organization\"},\"potentialAction\":[{\"@type\":\"SearchAction\",\"target\":{\"@type\":\"EntryPoint\",\"urlTemplate\":\"https:\\\/\\\/aaknives.eu\\\/fi\\\/?s={search_term_string}\"},\"query-input\":{\"@type\":\"PropertyValueSpecification\",\"valueRequired\":true,\"valueName\":\"search_term_string\"}}],\"inLanguage\":\"fi\"},{\"@type\":\"Organization\",\"@id\":\"https:\\\/\\\/aaknives.eu\\\/fi\\\/#organization\",\"name\":\"AAKnives\",\"url\":\"https:\\\/\\\/aaknives.eu\\\/fi\\\/\",\"logo\":{\"@type\":\"ImageObject\",\"inLanguage\":\"fi\",\"@id\":\"https:\\\/\\\/aaknives.eu\\\/fi\\\/#\\\/schema\\\/logo\\\/image\\\/\",\"url\":\"https:\\\/\\\/aaknives.eu\\\/wp-content\\\/uploads\\\/2021\\\/10\\\/AAknives_Logo_Green.png\",\"contentUrl\":\"https:\\\/\\\/aaknives.eu\\\/wp-content\\\/uploads\\\/2021\\\/10\\\/AAknives_Logo_Green.png\",\"width\":1768,\"height\":1768,\"caption\":\"AAKnives\"},\"image\":{\"@id\":\"https:\\\/\\\/aaknives.eu\\\/fi\\\/#\\\/schema\\\/logo\\\/image\\\/\"},\"sameAs\":[\"https:\\\/\\\/www.facebook.com\\\/aaknives.eu\\\/\",\"https:\\\/\\\/www.instagram.com\\\/aaknives\\\/\",\"https:\\\/\\\/www.pinterest.com\\\/aa_knives\\\/\",\"https:\\\/\\\/www.youtube.com\\\/channel\\\/UCHOQFjrOkgT6s4FIw9LDKyw\\\/featured\"]}]}<\/script>\n<!-- \/ Yoast SEO plugin. -->","yoast_head_json":{"title":"Veitsi ''WEREWOLF'', Bohler-Uddeholm S390 veitsiter\u00e4s - AAKnives","description":"Veitsi ''WEREWOLF'', Bohler-Uddeholm S390 veitsiter\u00e4s","robots":{"index":"index","follow":"follow","max-snippet":"max-snippet:-1","max-image-preview":"max-image-preview:large","max-video-preview":"max-video-preview:-1"},"canonical":"https:\/\/aaknives.eu\/fi\/product\/veitsi-coyote-bohler-uddeholm-s390-veitsiteras\/","og_locale":"fi_FI","og_type":"article","og_title":"Veitsi ''WEREWOLF'', Bohler-Uddeholm S390 veitsiter\u00e4s - AAKnives","og_description":"Veitsi ''WEREWOLF'', Bohler-Uddeholm S390 veitsiter\u00e4s","og_url":"https:\/\/aaknives.eu\/fi\/product\/veitsi-coyote-bohler-uddeholm-s390-veitsiteras\/","og_site_name":"AAKnives","article_publisher":"https:\/\/www.facebook.com\/aaknives.eu\/","article_modified_time":"2025-01-09T16:43:33+00:00","og_image":[{"width":1020,"height":880,"url":"https:\/\/aaknives.eu\/wp-content\/uploads\/2024\/10\/aaknives-hand-forged-dabascus-steel-blade-knife-handmade-custom-made-knife-handcrafted-knives-autinetools-northmen-30.2-1.jpg","type":"image\/jpeg"}],"twitter_card":"summary_large_image","twitter_misc":{"Arvioitu lukuaika":"1 minuutti"},"schema":{"@context":"https:\/\/schema.org","@graph":[{"@type":"WebPage","@id":"https:\/\/aaknives.eu\/fi\/product\/veitsi-coyote-bohler-uddeholm-s390-veitsiteras\/","url":"https:\/\/aaknives.eu\/fi\/product\/veitsi-coyote-bohler-uddeholm-s390-veitsiteras\/","name":"Veitsi ''WEREWOLF'', Bohler-Uddeholm S390 veitsiter\u00e4s - AAKnives","isPartOf":{"@id":"https:\/\/aaknives.eu\/fi\/#website"},"primaryImageOfPage":{"@id":"https:\/\/aaknives.eu\/fi\/product\/veitsi-coyote-bohler-uddeholm-s390-veitsiteras\/#primaryimage"},"image":{"@id":"https:\/\/aaknives.eu\/fi\/product\/veitsi-coyote-bohler-uddeholm-s390-veitsiteras\/#primaryimage"},"thumbnailUrl":"https:\/\/aaknives.eu\/wp-content\/uploads\/2024\/10\/aaknives-hand-forged-dabascus-steel-blade-knife-handmade-custom-made-knife-handcrafted-knives-autinetools-northmen-30.2-1.jpg","datePublished":"2024-10-29T01:56:36+00:00","dateModified":"2025-01-09T16:43:33+00:00","description":"Veitsi ''WEREWOLF'', Bohler-Uddeholm S390 veitsiter\u00e4s","breadcrumb":{"@id":"https:\/\/aaknives.eu\/fi\/product\/veitsi-coyote-bohler-uddeholm-s390-veitsiteras\/#breadcrumb"},"inLanguage":"fi","potentialAction":[{"@type":"ReadAction","target":["https:\/\/aaknives.eu\/fi\/product\/veitsi-coyote-bohler-uddeholm-s390-veitsiteras\/"]}]},{"@type":"ImageObject","inLanguage":"fi","@id":"https:\/\/aaknives.eu\/fi\/product\/veitsi-coyote-bohler-uddeholm-s390-veitsiteras\/#primaryimage","url":"https:\/\/aaknives.eu\/wp-content\/uploads\/2024\/10\/aaknives-hand-forged-dabascus-steel-blade-knife-handmade-custom-made-knife-handcrafted-knives-autinetools-northmen-30.2-1.jpg","contentUrl":"https:\/\/aaknives.eu\/wp-content\/uploads\/2024\/10\/aaknives-hand-forged-dabascus-steel-blade-knife-handmade-custom-made-knife-handcrafted-knives-autinetools-northmen-30.2-1.jpg","width":1020,"height":880},{"@type":"BreadcrumbList","@id":"https:\/\/aaknives.eu\/fi\/product\/veitsi-coyote-bohler-uddeholm-s390-veitsiteras\/#breadcrumb","itemListElement":[{"@type":"ListItem","position":1,"name":"Home","item":"https:\/\/aaknives.eu\/fi\/"},{"@type":"ListItem","position":2,"name":"Kauppa","item":"https:\/\/aaknives.eu\/kauppa\/"},{"@type":"ListItem","position":3,"name":"Private: Veitsi &#8221;WEREWOLF&#8221;, Bohler-Uddeholm S390 veitsiter\u00e4s"}]},{"@type":"WebSite","@id":"https:\/\/aaknives.eu\/fi\/#website","url":"https:\/\/aaknives.eu\/fi\/","name":"AAKnives","description":"Handmade knives","publisher":{"@id":"https:\/\/aaknives.eu\/fi\/#organization"},"potentialAction":[{"@type":"SearchAction","target":{"@type":"EntryPoint","urlTemplate":"https:\/\/aaknives.eu\/fi\/?s={search_term_string}"},"query-input":{"@type":"PropertyValueSpecification","valueRequired":true,"valueName":"search_term_string"}}],"inLanguage":"fi"},{"@type":"Organization","@id":"https:\/\/aaknives.eu\/fi\/#organization","name":"AAKnives","url":"https:\/\/aaknives.eu\/fi\/","logo":{"@type":"ImageObject","inLanguage":"fi","@id":"https:\/\/aaknives.eu\/fi\/#\/schema\/logo\/image\/","url":"https:\/\/aaknives.eu\/wp-content\/uploads\/2021\/10\/AAknives_Logo_Green.png","contentUrl":"https:\/\/aaknives.eu\/wp-content\/uploads\/2021\/10\/AAknives_Logo_Green.png","width":1768,"height":1768,"caption":"AAKnives"},"image":{"@id":"https:\/\/aaknives.eu\/fi\/#\/schema\/logo\/image\/"},"sameAs":["https:\/\/www.facebook.com\/aaknives.eu\/","https:\/\/www.instagram.com\/aaknives\/","https:\/\/www.pinterest.com\/aa_knives\/","https:\/\/www.youtube.com\/channel\/UCHOQFjrOkgT6s4FIw9LDKyw\/featured"]}]}},"_links":{"self":[{"href":"https:\/\/aaknives.eu\/fi\/wp-json\/wp\/v2\/product\/90420","targetHints":{"allow":["GET"]}}],"collection":[{"href":"https:\/\/aaknives.eu\/fi\/wp-json\/wp\/v2\/product"}],"about":[{"href":"https:\/\/aaknives.eu\/fi\/wp-json\/wp\/v2\/types\/product"}],"wp:featuredmedia":[{"embeddable":true,"href":"https:\/\/aaknives.eu\/fi\/wp-json\/wp\/v2\/media\/94467"}],"wp:attachment":[{"href":"https:\/\/aaknives.eu\/fi\/wp-json\/wp\/v2\/media?parent=90420"}],"wp:term":[{"taxonomy":"product_brand","embeddable":true,"href":"https:\/\/aaknives.eu\/fi\/wp-json\/wp\/v2\/product_brand?post=90420"},{"taxonomy":"product_cat","embeddable":true,"href":"https:\/\/aaknives.eu\/fi\/wp-json\/wp\/v2\/product_cat?post=90420"},{"taxonomy":"product_tag","embeddable":true,"href":"https:\/\/aaknives.eu\/fi\/wp-json\/wp\/v2\/product_tag?post=90420"}],"curies":[{"name":"wp","href":"https:\/\/api.w.org\/{rel}","templated":true}]}}